{"id":11465,"date":"2025-04-08T12:20:42","date_gmt":"2025-04-08T10:20:42","guid":{"rendered":"https:\/\/pool-house.shop\/product\/akku-poolreiniger-voltera-35\/"},"modified":"2025-04-08T12:20:42","modified_gmt":"2025-04-08T10:20:42","slug":"akku-poolreiniger-voltera-35","status":"publish","type":"product","link":"https:\/\/pool-house.shop\/de\/product\/akku-poolreiniger-voltera-35\/","title":{"rendered":"Akku-Poolreiniger VOLTERA 35"},"content":{"rendered":"<p>Kabellose SPA- und Poolreiniger Kokido VOLTERA<\/p>\n<p> Ein schneller und leistungsstarker Akku-Poolreiniger von Kokido zur Reinigung von Boden und Seitenw\u00e4nden. Die elektrischen Poolreiniger VOLTERA\u2122 arbeiten unter Wasser mit starker Saugkraft, die Sand, Bl\u00e4tter, feinen Schmutz und Kies schnell und effizient vom Poolboden entfernt. Der abnehmbare, drehbare Kopf mit Kugelrollen gleitet leicht \u00fcber jede Pooloberfl\u00e4che, einschlie\u00dflich Treppen. Abnehmbare Borsten sind am Kopf angebracht, um Schmutz effektiv zu entfernen.<br \/>\n Schmutz wird durch Seitenkan\u00e4le angesaugt, wo die Saugleistung f\u00fcr maximale Effizienz konzentriert wird. Die Transparenz erm\u00f6glicht die \u00dcberwachung der Schmutzansammlung w\u00e4hrend des Reinigungsvorgangs.<br \/>\n Sein wiederaufladbarer Akku versorgt die Vakuumpumpe mit Strom, die ohne Schl\u00e4uche oder Stromkabel saugt. Schmutz sammelt sich in einem stabilen Filterkorb, der leicht entleert werden kann. Ein kleines Ventil erm\u00f6glicht es, dass das gefilterte Wasser nach dem Herausnehmen aus dem Wasser leicht aus dem Reiniger abflie\u00dft.<br \/>\n Die kabellosen Handstaubsauger Kokido VOLTERA mit verschiedenen Leistungsstufen werden f\u00fcr Whirlpools, Hydromassagen, SPAs, Jacuzzis und aufblasbare Massagebecken empfohlen.<br \/>\n Er kann als Handger\u00e4t verwendet oder an einer Standard-Teleskopstange (nicht im Lieferumfang enthalten) befestigt werden. Er ist einfach zu installieren und erfordert kein Werkzeug, sodass Poolbesitzer ihren Pool schnell und effizient mit minimalem Aufwand reinigen k\u00f6nnen. <\/p>\n<p> Eigenschaften:<br \/>\n &#8211; Saugt Schmutz und filtert das Poolwasser.<br \/>\n &#8211; Wiederaufladbarer Lithium-Ionen-Akku<br \/>\n &#8211; Einfaches Ein- \/ Ausschalten<br \/>\n &#8211; Empfohlene Poolgr\u00f6\u00dfen: F\u00fcr kleine Aufstell- und Einbaubecken<\/p>\n<p> Spezifikationen:<br \/>\n &#8211; Betriebszeit: 30 Minuten<br \/>\n &#8211; Ladezeit: 4 &#8211; 6 Stunden<br \/>\n &#8211; Zus\u00e4tzliche Filter: 250 Mikron und 106 Mikron<br \/>\n &#8211; Leistung: 250 W<br \/>\n &#8211; Tankvolumen: 0,9 Liter<br \/>\n &#8211; Akkutyp: Li-Ion 2000mAh, 7,4 V<\/p>\n<p> Lieferumfang:<br \/>\n &#8211; 1 x Poolreiniger<br \/>\n &#8211; 1 x Akkuladeger\u00e4t<br \/>\n &#8211; 1 x Standardfilter<br \/>\n &#8211; 1x Feinfilter<br \/>\n &#8211; 1 x Teleskopstange<br \/>\n &#8211; 1 x Griff<br \/>\n &#8211; 1 x drehbarer Kopf mit Rollen<br \/>\n &#8211; 3 x aufsteckbare B\u00fcrste<\/p>\n","protected":false},"excerpt":{"rendered":"<p>Kabellose SPA- und Poolreiniger Kokido VOLTERA<\/p>\n<p> Ein schneller und leistungsstarker Akku-Poolreiniger von Kokido zur Reinigung von Boden und Seitenw\u00e4nden. Die elektrischen Poolreiniger VOLTERA\u2122 arbeiten unter Wasser mit starker Saugkraft, die Sand, Bl\u00e4tter, feinen Schmutz und Kies schnell und effizient vom Poolboden entfernt. Der abnehmbare, drehbare Kopf mit Kugelrollen gleitet leicht \u00fcber jede Pooloberfl\u00e4che, einschlie\u00dflich Treppen. Abnehmbare Borsten sind am Kopf angebracht, um Schmutz effektiv zu entfernen.<br \/>\n Schmutz wird durch Seitenkan\u00e4le angesaugt, wo die Saugleistung f\u00fcr maximale Effizienz konzentriert wird. Die Transparenz erm\u00f6glicht die \u00dcberwachung der Schmutzansammlung w\u00e4hrend des Reinigungsvorgangs.<br \/>\n Sein wiederaufladbarer Akku versorgt die Vakuumpumpe mit Strom, die ohne Schl\u00e4uche oder Stromkabel saugt. Schmutz sammelt sich in einem stabilen Filterkorb, der leicht entleert werden kann. Ein kleines Ventil erm\u00f6glicht es, dass das gefilterte Wasser nach dem Herausnehmen aus dem Wasser leicht aus dem Reiniger abflie\u00dft.<br \/>\n Die kabellosen Handstaubsauger Kokido VOLTERA mit verschiedenen Leistungsstufen werden f\u00fcr Whirlpools, Hydromassagen, SPAs, Jacuzzis und aufblasbare Massagebecken empfohlen.<br \/>\n Er kann als Handger\u00e4t verwendet oder an einer Standard-Teleskopstange (nicht im Lieferumfang enthalten) befestigt werden. Er ist einfach zu installieren und erfordert kein Werkzeug, sodass Poolbesitzer ihren Pool schnell und effizient mit minimalem Aufwand reinigen k\u00f6nnen. <\/p>\n<p> Eigenschaften:<br \/>\n &#8211; Saugt Schmutz und filtert das Poolwasser.<br \/>\n &#8211; Wiederaufladbarer Lithium-Ionen-Akku<br \/>\n &#8211; Einfaches Ein- \/ Ausschalten<br \/>\n &#8211; Empfohlene Poolgr\u00f6\u00dfen: F\u00fcr kleine Aufstell- und Einbaubecken<\/p>\n<p> Spezifikationen:<br \/>\n &#8211; Betriebszeit: 30 Minuten<br \/>\n &#8211; Ladezeit: 4 &#8211; 6 Stunden<br \/>\n &#8211; Zus\u00e4tzliche Filter: 250 Mikron und 106 Mikron<br \/>\n &#8211; Leistung: 250 W<br \/>\n &#8211; Tankvolumen: 0,9 Liter<br \/>\n &#8211; Akkutyp: Li-Ion 2000mAh, 7,4 V<\/p>\n<p> Lieferumfang:<br \/>\n &#8211; 1 x Poolreiniger<br \/>\n &#8211; 1 x Akkuladeger\u00e4t<br \/>\n &#8211; 1 x Standardfilter<br \/>\n &#8211; 1x Feinfilter<br \/>\n &#8211; 1 x Teleskopstange<br \/>\n &#8211; 1 x Griff<br \/>\n &#8211; 1 x drehbarer Kopf mit Rollen<br \/>\n &#8211; 3 x aufsteckbare B\u00fcrste<\/p>\n","protected":false},"featured_media":4134,"template":"","meta":[],"product_brand":[],"product_cat":[312],"product_tag":[],"class_list":{"0":"post-11465","1":"product","2":"type-product","3":"status-publish","4":"has-post-thumbnail","6":"product_cat-poolreiniger","7":"thunk-woo-product-list","8":"open-woo-hover-none","9":"open-single-product-tab-horizontal","10":"open-shadow-","11":"open-shadow-hover-","13":"first","14":"instock","15":"taxable","16":"shipping-taxable","17":"purchasable","18":"product-type-simple"},"yoast_head":"<!-- This site is optimized with the Yoast SEO plugin v26.9 - https:\/\/yoast.com\/product\/yoast-seo-wordpress\/ -->\n<title>Akku-Poolreiniger VOLTERA 35 - Pool-House<\/title>\n<meta name=\"robots\" content=\"index, follow, max-snippet:-1, max-image-preview:large, max-video-preview:-1\" \/>\n<link rel=\"canonical\" href=\"https:\/\/pool-house.shop\/de\/product\/akku-poolreiniger-voltera-35\/\" \/>\n<meta property=\"og:locale\" content=\"de_DE\" \/>\n<meta property=\"og:type\" content=\"article\" \/>\n<meta property=\"og:title\" content=\"Akku-Poolreiniger VOLTERA 35 - Pool-House\" \/>\n<meta property=\"og:description\" content=\"Kabellose SPA- und Poolreiniger Kokido VOLTERA  Ein schneller und leistungsstarker Akku-Poolreiniger von Kokido zur Reinigung von Boden und Seitenw\u00e4nden. Die elektrischen Poolreiniger VOLTERA\u2122 arbeiten unter Wasser mit starker Saugkraft, die Sand, Bl\u00e4tter, feinen Schmutz und Kies schnell und effizient vom Poolboden entfernt. Der abnehmbare, drehbare Kopf mit Kugelrollen gleitet leicht \u00fcber jede Pooloberfl\u00e4che, einschlie\u00dflich Treppen. Abnehmbare Borsten sind am Kopf angebracht, um Schmutz effektiv zu entfernen.   Schmutz wird durch Seitenkan\u00e4le angesaugt, wo die Saugleistung f\u00fcr maximale Effizienz konzentriert wird. Die Transparenz erm\u00f6glicht die \u00dcberwachung der Schmutzansammlung w\u00e4hrend des Reinigungsvorgangs.  Sein wiederaufladbarer Akku versorgt die Vakuumpumpe mit Strom, die ohne Schl\u00e4uche oder Stromkabel saugt. Schmutz sammelt sich in einem stabilen Filterkorb, der leicht entleert werden kann. Ein kleines Ventil erm\u00f6glicht es, dass das gefilterte Wasser nach dem Herausnehmen aus dem Wasser leicht aus dem Reiniger abflie\u00dft.  Die kabellosen Handstaubsauger Kokido VOLTERA mit verschiedenen Leistungsstufen werden f\u00fcr Whirlpools, Hydromassagen, SPAs, Jacuzzis und aufblasbare Massagebecken empfohlen. Er kann als Handger\u00e4t verwendet oder an einer Standard-Teleskopstange (nicht im Lieferumfang enthalten) befestigt werden. Er ist einfach zu installieren und erfordert kein Werkzeug, sodass Poolbesitzer ihren Pool schnell und effizient mit minimalem Aufwand reinigen k\u00f6nnen.   Eigenschaften: - Saugt Schmutz und filtert das Poolwasser. - Wiederaufladbarer Lithium-Ionen-Akku - Einfaches Ein- \/ Ausschalten - Empfohlene Poolgr\u00f6\u00dfen: F\u00fcr kleine Aufstell- und Einbaubecken  Spezifikationen: - Betriebszeit: 30 Minuten - Ladezeit: 4 - 6 Stunden - Zus\u00e4tzliche Filter: 250 Mikron und 106 Mikron - Leistung: 250 W - Tankvolumen: 0,9 Liter - Akkutyp: Li-Ion 2000mAh, 7,4 V  Lieferumfang: - 1 x Poolreiniger - 1 x Akkuladeger\u00e4t - 1 x Standardfilter - 1x Feinfilter - 1 x Teleskopstange - 1 x Griff - 1 x drehbarer Kopf mit Rollen - 3 x aufsteckbare B\u00fcrste\" \/>\n<meta property=\"og:url\" content=\"https:\/\/pool-house.shop\/de\/product\/akku-poolreiniger-voltera-35\/\" \/>\n<meta property=\"og:site_name\" content=\"Pool-House\" \/>\n<meta property=\"article:publisher\" content=\"https:\/\/www.facebook.com\/termodomsk\/\" \/>\n<meta property=\"og:image\" content=\"https:\/\/pool-house.shop\/wp-content\/uploads\/2025\/04\/142010.png\" \/>\n\t<meta property=\"og:image:width\" content=\"1200\" \/>\n\t<meta property=\"og:image:height\" content=\"2000\" \/>\n\t<meta property=\"og:image:type\" content=\"image\/png\" \/>\n<meta name=\"twitter:card\" content=\"summary_large_image\" \/>\n<meta name=\"twitter:label1\" content=\"Gesch\u00e4tzte Lesezeit\" \/>\n\t<meta name=\"twitter:data1\" content=\"1\u00a0Minute\" \/>\n<script type=\"application\/ld+json\" class=\"yoast-schema-graph\">{\"@context\":\"https:\/\/schema.org\",\"@graph\":[{\"@type\":\"WebPage\",\"@id\":\"https:\/\/pool-house.shop\/de\/product\/akku-poolreiniger-voltera-35\/\",\"url\":\"https:\/\/pool-house.shop\/de\/product\/akku-poolreiniger-voltera-35\/\",\"name\":\"Akku-Poolreiniger VOLTERA 35 - Pool-House\",\"isPartOf\":{\"@id\":\"https:\/\/pool-house.shop\/de\/#website\"},\"primaryImageOfPage\":{\"@id\":\"https:\/\/pool-house.shop\/de\/product\/akku-poolreiniger-voltera-35\/#primaryimage\"},\"image\":{\"@id\":\"https:\/\/pool-house.shop\/de\/product\/akku-poolreiniger-voltera-35\/#primaryimage\"},\"thumbnailUrl\":\"https:\/\/pool-house.shop\/wp-content\/uploads\/2025\/04\/142010.png\",\"datePublished\":\"2025-04-08T10:20:42+00:00\",\"breadcrumb\":{\"@id\":\"https:\/\/pool-house.shop\/de\/product\/akku-poolreiniger-voltera-35\/#breadcrumb\"},\"inLanguage\":\"de\",\"potentialAction\":[{\"@type\":\"ReadAction\",\"target\":[\"https:\/\/pool-house.shop\/de\/product\/akku-poolreiniger-voltera-35\/\"]}]},{\"@type\":\"ImageObject\",\"inLanguage\":\"de\",\"@id\":\"https:\/\/pool-house.shop\/de\/product\/akku-poolreiniger-voltera-35\/#primaryimage\",\"url\":\"https:\/\/pool-house.shop\/wp-content\/uploads\/2025\/04\/142010.png\",\"contentUrl\":\"https:\/\/pool-house.shop\/wp-content\/uploads\/2025\/04\/142010.png\",\"width\":1200,\"height\":2000},{\"@type\":\"BreadcrumbList\",\"@id\":\"https:\/\/pool-house.shop\/de\/product\/akku-poolreiniger-voltera-35\/#breadcrumb\",\"itemListElement\":[{\"@type\":\"ListItem\",\"position\":1,\"name\":\"Domovsk\u00e1 str\u00e1nka\",\"item\":\"https:\/\/pool-house.shop\/de\/\"},{\"@type\":\"ListItem\",\"position\":2,\"name\":\"Shop\",\"item\":\"https:\/\/pool-house.shop\/de\/shop\/\"},{\"@type\":\"ListItem\",\"position\":3,\"name\":\"Akku-Poolreiniger VOLTERA 35\"}]},{\"@type\":\"WebSite\",\"@id\":\"https:\/\/pool-house.shop\/de\/#website\",\"url\":\"https:\/\/pool-house.shop\/de\/\",\"name\":\"Pool-House\",\"description\":\"\",\"publisher\":{\"@id\":\"https:\/\/pool-house.shop\/de\/#organization\"},\"potentialAction\":[{\"@type\":\"SearchAction\",\"target\":{\"@type\":\"EntryPoint\",\"urlTemplate\":\"https:\/\/pool-house.shop\/de\/?s={search_term_string}\"},\"query-input\":{\"@type\":\"PropertyValueSpecification\",\"valueRequired\":true,\"valueName\":\"search_term_string\"}}],\"inLanguage\":\"de\"},{\"@type\":\"Organization\",\"@id\":\"https:\/\/pool-house.shop\/de\/#organization\",\"name\":\"Pool-House\",\"url\":\"https:\/\/pool-house.shop\/de\/\",\"logo\":{\"@type\":\"ImageObject\",\"inLanguage\":\"de\",\"@id\":\"https:\/\/pool-house.shop\/de\/#\/schema\/logo\/image\/\",\"url\":\"https:\/\/pool-house.shop\/wp-content\/uploads\/2025\/10\/logo-2-stvorec-mobil-modre.png\",\"contentUrl\":\"https:\/\/pool-house.shop\/wp-content\/uploads\/2025\/10\/logo-2-stvorec-mobil-modre.png\",\"width\":273,\"height\":189,\"caption\":\"Pool-House\"},\"image\":{\"@id\":\"https:\/\/pool-house.shop\/de\/#\/schema\/logo\/image\/\"},\"sameAs\":[\"https:\/\/www.facebook.com\/termodomsk\/\"]}]}<\/script>\n<!-- \/ Yoast SEO plugin. -->","yoast_head_json":{"title":"Akku-Poolreiniger VOLTERA 35 - Pool-House","robots":{"index":"index","follow":"follow","max-snippet":"max-snippet:-1","max-image-preview":"max-image-preview:large","max-video-preview":"max-video-preview:-1"},"canonical":"https:\/\/pool-house.shop\/de\/product\/akku-poolreiniger-voltera-35\/","og_locale":"de_DE","og_type":"article","og_title":"Akku-Poolreiniger VOLTERA 35 - Pool-House","og_description":"Kabellose SPA- und Poolreiniger Kokido VOLTERA  Ein schneller und leistungsstarker Akku-Poolreiniger von Kokido zur Reinigung von Boden und Seitenw\u00e4nden. Die elektrischen Poolreiniger VOLTERA\u2122 arbeiten unter Wasser mit starker Saugkraft, die Sand, Bl\u00e4tter, feinen Schmutz und Kies schnell und effizient vom Poolboden entfernt. Der abnehmbare, drehbare Kopf mit Kugelrollen gleitet leicht \u00fcber jede Pooloberfl\u00e4che, einschlie\u00dflich Treppen. Abnehmbare Borsten sind am Kopf angebracht, um Schmutz effektiv zu entfernen.   Schmutz wird durch Seitenkan\u00e4le angesaugt, wo die Saugleistung f\u00fcr maximale Effizienz konzentriert wird. Die Transparenz erm\u00f6glicht die \u00dcberwachung der Schmutzansammlung w\u00e4hrend des Reinigungsvorgangs.  Sein wiederaufladbarer Akku versorgt die Vakuumpumpe mit Strom, die ohne Schl\u00e4uche oder Stromkabel saugt. Schmutz sammelt sich in einem stabilen Filterkorb, der leicht entleert werden kann. Ein kleines Ventil erm\u00f6glicht es, dass das gefilterte Wasser nach dem Herausnehmen aus dem Wasser leicht aus dem Reiniger abflie\u00dft.  Die kabellosen Handstaubsauger Kokido VOLTERA mit verschiedenen Leistungsstufen werden f\u00fcr Whirlpools, Hydromassagen, SPAs, Jacuzzis und aufblasbare Massagebecken empfohlen. Er kann als Handger\u00e4t verwendet oder an einer Standard-Teleskopstange (nicht im Lieferumfang enthalten) befestigt werden. Er ist einfach zu installieren und erfordert kein Werkzeug, sodass Poolbesitzer ihren Pool schnell und effizient mit minimalem Aufwand reinigen k\u00f6nnen.   Eigenschaften: - Saugt Schmutz und filtert das Poolwasser. - Wiederaufladbarer Lithium-Ionen-Akku - Einfaches Ein- \/ Ausschalten - Empfohlene Poolgr\u00f6\u00dfen: F\u00fcr kleine Aufstell- und Einbaubecken  Spezifikationen: - Betriebszeit: 30 Minuten - Ladezeit: 4 - 6 Stunden - Zus\u00e4tzliche Filter: 250 Mikron und 106 Mikron - Leistung: 250 W - Tankvolumen: 0,9 Liter - Akkutyp: Li-Ion 2000mAh, 7,4 V  Lieferumfang: - 1 x Poolreiniger - 1 x Akkuladeger\u00e4t - 1 x Standardfilter - 1x Feinfilter - 1 x Teleskopstange - 1 x Griff - 1 x drehbarer Kopf mit Rollen - 3 x aufsteckbare B\u00fcrste","og_url":"https:\/\/pool-house.shop\/de\/product\/akku-poolreiniger-voltera-35\/","og_site_name":"Pool-House","article_publisher":"https:\/\/www.facebook.com\/termodomsk\/","og_image":[{"width":1200,"height":2000,"url":"https:\/\/pool-house.shop\/wp-content\/uploads\/2025\/04\/142010.png","type":"image\/png"}],"twitter_card":"summary_large_image","twitter_misc":{"Gesch\u00e4tzte Lesezeit":"1\u00a0Minute"},"schema":{"@context":"https:\/\/schema.org","@graph":[{"@type":"WebPage","@id":"https:\/\/pool-house.shop\/de\/product\/akku-poolreiniger-voltera-35\/","url":"https:\/\/pool-house.shop\/de\/product\/akku-poolreiniger-voltera-35\/","name":"Akku-Poolreiniger VOLTERA 35 - Pool-House","isPartOf":{"@id":"https:\/\/pool-house.shop\/de\/#website"},"primaryImageOfPage":{"@id":"https:\/\/pool-house.shop\/de\/product\/akku-poolreiniger-voltera-35\/#primaryimage"},"image":{"@id":"https:\/\/pool-house.shop\/de\/product\/akku-poolreiniger-voltera-35\/#primaryimage"},"thumbnailUrl":"https:\/\/pool-house.shop\/wp-content\/uploads\/2025\/04\/142010.png","datePublished":"2025-04-08T10:20:42+00:00","breadcrumb":{"@id":"https:\/\/pool-house.shop\/de\/product\/akku-poolreiniger-voltera-35\/#breadcrumb"},"inLanguage":"de","potentialAction":[{"@type":"ReadAction","target":["https:\/\/pool-house.shop\/de\/product\/akku-poolreiniger-voltera-35\/"]}]},{"@type":"ImageObject","inLanguage":"de","@id":"https:\/\/pool-house.shop\/de\/product\/akku-poolreiniger-voltera-35\/#primaryimage","url":"https:\/\/pool-house.shop\/wp-content\/uploads\/2025\/04\/142010.png","contentUrl":"https:\/\/pool-house.shop\/wp-content\/uploads\/2025\/04\/142010.png","width":1200,"height":2000},{"@type":"BreadcrumbList","@id":"https:\/\/pool-house.shop\/de\/product\/akku-poolreiniger-voltera-35\/#breadcrumb","itemListElement":[{"@type":"ListItem","position":1,"name":"Domovsk\u00e1 str\u00e1nka","item":"https:\/\/pool-house.shop\/de\/"},{"@type":"ListItem","position":2,"name":"Shop","item":"https:\/\/pool-house.shop\/de\/shop\/"},{"@type":"ListItem","position":3,"name":"Akku-Poolreiniger VOLTERA 35"}]},{"@type":"WebSite","@id":"https:\/\/pool-house.shop\/de\/#website","url":"https:\/\/pool-house.shop\/de\/","name":"Pool-House","description":"","publisher":{"@id":"https:\/\/pool-house.shop\/de\/#organization"},"potentialAction":[{"@type":"SearchAction","target":{"@type":"EntryPoint","urlTemplate":"https:\/\/pool-house.shop\/de\/?s={search_term_string}"},"query-input":{"@type":"PropertyValueSpecification","valueRequired":true,"valueName":"search_term_string"}}],"inLanguage":"de"},{"@type":"Organization","@id":"https:\/\/pool-house.shop\/de\/#organization","name":"Pool-House","url":"https:\/\/pool-house.shop\/de\/","logo":{"@type":"ImageObject","inLanguage":"de","@id":"https:\/\/pool-house.shop\/de\/#\/schema\/logo\/image\/","url":"https:\/\/pool-house.shop\/wp-content\/uploads\/2025\/10\/logo-2-stvorec-mobil-modre.png","contentUrl":"https:\/\/pool-house.shop\/wp-content\/uploads\/2025\/10\/logo-2-stvorec-mobil-modre.png","width":273,"height":189,"caption":"Pool-House"},"image":{"@id":"https:\/\/pool-house.shop\/de\/#\/schema\/logo\/image\/"},"sameAs":["https:\/\/www.facebook.com\/termodomsk\/"]}]}},"_links":{"self":[{"href":"https:\/\/pool-house.shop\/de\/wp-json\/wp\/v2\/product\/11465","targetHints":{"allow":["GET"]}}],"collection":[{"href":"https:\/\/pool-house.shop\/de\/wp-json\/wp\/v2\/product"}],"about":[{"href":"https:\/\/pool-house.shop\/de\/wp-json\/wp\/v2\/types\/product"}],"wp:featuredmedia":[{"embeddable":true,"href":"https:\/\/pool-house.shop\/de\/wp-json\/wp\/v2\/media\/4134"}],"wp:attachment":[{"href":"https:\/\/pool-house.shop\/de\/wp-json\/wp\/v2\/media?parent=11465"}],"wp:term":[{"taxonomy":"product_brand","embeddable":true,"href":"https:\/\/pool-house.shop\/de\/wp-json\/wp\/v2\/product_brand?post=11465"},{"taxonomy":"product_cat","embeddable":true,"href":"https:\/\/pool-house.shop\/de\/wp-json\/wp\/v2\/product_cat?post=11465"},{"taxonomy":"product_tag","embeddable":true,"href":"https:\/\/pool-house.shop\/de\/wp-json\/wp\/v2\/product_tag?post=11465"}],"curies":[{"name":"wp","href":"https:\/\/api.w.org\/{rel}","templated":true}]}}