{"id":11502,"date":"2025-04-08T12:28:50","date_gmt":"2025-04-08T10:28:50","guid":{"rendered":"https:\/\/pool-house.shop\/product\/granit-beckenrandstein-silber-100-x-33-x-3-cm\/"},"modified":"2025-04-08T12:28:50","modified_gmt":"2025-04-08T10:28:50","slug":"granit-beckenrandstein-silber-100-x-33-x-3-cm","status":"publish","type":"product","link":"https:\/\/pool-house.shop\/de\/product\/granit-beckenrandstein-silber-100-x-33-x-3-cm\/","title":{"rendered":"Granit-Beckenrandstein Silber 100 x 33 x 3 cm"},"content":{"rendered":"<p>Granit-Beckenrandstein<\/p>\n<p> Granit-Beckenrandstein mit nat\u00fcrlicher Optik, auf der Innenseite (zum Pool hin) abgerundet. Er besitzt eine geflammte Oberfl\u00e4che, die auch im nassen Zustand rutschfest ist. Im Gegensatz zu Kunststeinen ist sein Design einheitlich, nicht gekr\u00fcmmt und nicht gewellt.<br \/>\n Der nat\u00fcrliche Effekt verleiht ihm echte Exklusivit\u00e4t; seine Farbe ist nicht homogen, und minerale Einschl\u00fcsse k\u00f6nnen sein Aussehen pr\u00e4gen.<\/p>\n<p> Frost- und witterungsbest\u00e4ndig.<br \/>\n Granit ist ein nat\u00fcrliches, kompaktes und unvermischtes Material. Kunststeine bestehen aus Kalkstein, Zement und Wasser. Kunststeine sind por\u00f6s und enthalten Wasser. Regenwasser kann in die Poren eindringen, was das Gefrieren des Steins beg\u00fcnstigt.<br \/>\n Saurer Regen l\u00f6st Kunststein auf \u2013 Granit hingegen ist witterungsbest\u00e4ndig.<\/p>\n<p> Erh\u00e4ltlich in drei Farben (Silbergrau, Anthrazit, Beige) und zwei Gr\u00f6\u00dfen.   <\/p>\n","protected":false},"excerpt":{"rendered":"<p>Granit-Beckenrandstein<\/p>\n<p> Granit-Beckenrandstein mit nat\u00fcrlicher Optik, auf der Innenseite (zum Pool hin) abgerundet. Er besitzt eine geflammte Oberfl\u00e4che, die auch im nassen Zustand rutschfest ist. Im Gegensatz zu Kunststeinen ist sein Design einheitlich, nicht gekr\u00fcmmt und nicht gewellt.<br \/>\n Der nat\u00fcrliche Effekt verleiht ihm echte Exklusivit\u00e4t; seine Farbe ist nicht homogen, und minerale Einschl\u00fcsse k\u00f6nnen sein Aussehen pr\u00e4gen.<\/p>\n<p> Frost- und witterungsbest\u00e4ndig.<br \/>\n Granit ist ein nat\u00fcrliches, kompaktes und unvermischtes Material. Kunststeine bestehen aus Kalkstein, Zement und Wasser. Kunststeine sind por\u00f6s und enthalten Wasser. Regenwasser kann in die Poren eindringen, was das Gefrieren des Steins beg\u00fcnstigt.<br \/>\n Saurer Regen l\u00f6st Kunststein auf \u2013 Granit hingegen ist witterungsbest\u00e4ndig.<\/p>\n<p> Erh\u00e4ltlich in drei Farben (Silbergrau, Anthrazit, Beige) und zwei Gr\u00f6\u00dfen.   <\/p>\n","protected":false},"featured_media":4565,"template":"","meta":[],"product_brand":[],"product_cat":[210],"product_tag":[316],"class_list":{"0":"post-11502","1":"product","2":"type-product","3":"status-publish","4":"has-post-thumbnail","6":"product_cat-poolfolien-und-zubehor","7":"product_tag-beckenrandsteine","8":"thunk-woo-product-list","9":"open-woo-hover-none","10":"open-single-product-tab-horizontal","11":"open-shadow-","12":"open-shadow-hover-","14":"first","15":"instock","16":"taxable","17":"shipping-taxable","18":"purchasable","19":"product-type-simple"},"yoast_head":"<!-- This site is optimized with the Yoast SEO plugin v26.9 - https:\/\/yoast.com\/product\/yoast-seo-wordpress\/ -->\n<title>Granit-Beckenrandstein Silber 100 x 33 x 3 cm - Pool-House<\/title>\n<meta name=\"robots\" content=\"index, follow, max-snippet:-1, max-image-preview:large, max-video-preview:-1\" \/>\n<link rel=\"canonical\" href=\"https:\/\/pool-house.shop\/de\/product\/granit-beckenrandstein-silber-100-x-33-x-3-cm\/\" \/>\n<meta property=\"og:locale\" content=\"de_DE\" \/>\n<meta property=\"og:type\" content=\"article\" \/>\n<meta property=\"og:title\" content=\"Granit-Beckenrandstein Silber 100 x 33 x 3 cm - Pool-House\" \/>\n<meta property=\"og:description\" content=\"Granit-Beckenrandstein  Granit-Beckenrandstein mit nat\u00fcrlicher Optik, auf der Innenseite (zum Pool hin) abgerundet. Er besitzt eine geflammte Oberfl\u00e4che, die auch im nassen Zustand rutschfest ist. Im Gegensatz zu Kunststeinen ist sein Design einheitlich, nicht gekr\u00fcmmt und nicht gewellt.   Der nat\u00fcrliche Effekt verleiht ihm echte Exklusivit\u00e4t; seine Farbe ist nicht homogen, und minerale Einschl\u00fcsse k\u00f6nnen sein Aussehen pr\u00e4gen.  Frost- und witterungsbest\u00e4ndig. Granit ist ein nat\u00fcrliches, kompaktes und unvermischtes Material. Kunststeine bestehen aus Kalkstein, Zement und Wasser. Kunststeine sind por\u00f6s und enthalten Wasser. Regenwasser kann in die Poren eindringen, was das Gefrieren des Steins beg\u00fcnstigt. Saurer Regen l\u00f6st Kunststein auf \u2013 Granit hingegen ist witterungsbest\u00e4ndig.  Erh\u00e4ltlich in drei Farben (Silbergrau, Anthrazit, Beige) und zwei Gr\u00f6\u00dfen.\" \/>\n<meta property=\"og:url\" content=\"https:\/\/pool-house.shop\/de\/product\/granit-beckenrandstein-silber-100-x-33-x-3-cm\/\" \/>\n<meta property=\"og:site_name\" content=\"Pool-House\" \/>\n<meta property=\"article:publisher\" content=\"https:\/\/www.facebook.com\/termodomsk\/\" \/>\n<meta property=\"og:image\" content=\"https:\/\/pool-house.shop\/wp-content\/uploads\/2025\/04\/167001.png\" \/>\n\t<meta property=\"og:image:width\" content=\"1200\" \/>\n\t<meta property=\"og:image:height\" content=\"1200\" \/>\n\t<meta property=\"og:image:type\" content=\"image\/png\" \/>\n<meta name=\"twitter:card\" content=\"summary_large_image\" \/>\n<meta name=\"twitter:label1\" content=\"Gesch\u00e4tzte Lesezeit\" \/>\n\t<meta name=\"twitter:data1\" content=\"1\u00a0Minute\" \/>\n<script type=\"application\/ld+json\" class=\"yoast-schema-graph\">{\"@context\":\"https:\/\/schema.org\",\"@graph\":[{\"@type\":\"WebPage\",\"@id\":\"https:\/\/pool-house.shop\/de\/product\/granit-beckenrandstein-silber-100-x-33-x-3-cm\/\",\"url\":\"https:\/\/pool-house.shop\/de\/product\/granit-beckenrandstein-silber-100-x-33-x-3-cm\/\",\"name\":\"Granit-Beckenrandstein Silber 100 x 33 x 3 cm - Pool-House\",\"isPartOf\":{\"@id\":\"https:\/\/pool-house.shop\/de\/#website\"},\"primaryImageOfPage\":{\"@id\":\"https:\/\/pool-house.shop\/de\/product\/granit-beckenrandstein-silber-100-x-33-x-3-cm\/#primaryimage\"},\"image\":{\"@id\":\"https:\/\/pool-house.shop\/de\/product\/granit-beckenrandstein-silber-100-x-33-x-3-cm\/#primaryimage\"},\"thumbnailUrl\":\"https:\/\/pool-house.shop\/wp-content\/uploads\/2025\/04\/167001.png\",\"datePublished\":\"2025-04-08T10:28:50+00:00\",\"breadcrumb\":{\"@id\":\"https:\/\/pool-house.shop\/de\/product\/granit-beckenrandstein-silber-100-x-33-x-3-cm\/#breadcrumb\"},\"inLanguage\":\"de\",\"potentialAction\":[{\"@type\":\"ReadAction\",\"target\":[\"https:\/\/pool-house.shop\/de\/product\/granit-beckenrandstein-silber-100-x-33-x-3-cm\/\"]}]},{\"@type\":\"ImageObject\",\"inLanguage\":\"de\",\"@id\":\"https:\/\/pool-house.shop\/de\/product\/granit-beckenrandstein-silber-100-x-33-x-3-cm\/#primaryimage\",\"url\":\"https:\/\/pool-house.shop\/wp-content\/uploads\/2025\/04\/167001.png\",\"contentUrl\":\"https:\/\/pool-house.shop\/wp-content\/uploads\/2025\/04\/167001.png\",\"width\":1200,\"height\":1200},{\"@type\":\"BreadcrumbList\",\"@id\":\"https:\/\/pool-house.shop\/de\/product\/granit-beckenrandstein-silber-100-x-33-x-3-cm\/#breadcrumb\",\"itemListElement\":[{\"@type\":\"ListItem\",\"position\":1,\"name\":\"Domovsk\u00e1 str\u00e1nka\",\"item\":\"https:\/\/pool-house.shop\/de\/\"},{\"@type\":\"ListItem\",\"position\":2,\"name\":\"Shop\",\"item\":\"https:\/\/pool-house.shop\/de\/shop\/\"},{\"@type\":\"ListItem\",\"position\":3,\"name\":\"Granit-Beckenrandstein Silber 100 x 33 x 3 cm\"}]},{\"@type\":\"WebSite\",\"@id\":\"https:\/\/pool-house.shop\/de\/#website\",\"url\":\"https:\/\/pool-house.shop\/de\/\",\"name\":\"Pool-House\",\"description\":\"\",\"publisher\":{\"@id\":\"https:\/\/pool-house.shop\/de\/#organization\"},\"potentialAction\":[{\"@type\":\"SearchAction\",\"target\":{\"@type\":\"EntryPoint\",\"urlTemplate\":\"https:\/\/pool-house.shop\/de\/?s={search_term_string}\"},\"query-input\":{\"@type\":\"PropertyValueSpecification\",\"valueRequired\":true,\"valueName\":\"search_term_string\"}}],\"inLanguage\":\"de\"},{\"@type\":\"Organization\",\"@id\":\"https:\/\/pool-house.shop\/de\/#organization\",\"name\":\"Pool-House\",\"url\":\"https:\/\/pool-house.shop\/de\/\",\"logo\":{\"@type\":\"ImageObject\",\"inLanguage\":\"de\",\"@id\":\"https:\/\/pool-house.shop\/de\/#\/schema\/logo\/image\/\",\"url\":\"https:\/\/pool-house.shop\/wp-content\/uploads\/2025\/10\/logo-2-stvorec-mobil-modre.png\",\"contentUrl\":\"https:\/\/pool-house.shop\/wp-content\/uploads\/2025\/10\/logo-2-stvorec-mobil-modre.png\",\"width\":273,\"height\":189,\"caption\":\"Pool-House\"},\"image\":{\"@id\":\"https:\/\/pool-house.shop\/de\/#\/schema\/logo\/image\/\"},\"sameAs\":[\"https:\/\/www.facebook.com\/termodomsk\/\"]}]}<\/script>\n<!-- \/ Yoast SEO plugin. -->","yoast_head_json":{"title":"Granit-Beckenrandstein Silber 100 x 33 x 3 cm - Pool-House","robots":{"index":"index","follow":"follow","max-snippet":"max-snippet:-1","max-image-preview":"max-image-preview:large","max-video-preview":"max-video-preview:-1"},"canonical":"https:\/\/pool-house.shop\/de\/product\/granit-beckenrandstein-silber-100-x-33-x-3-cm\/","og_locale":"de_DE","og_type":"article","og_title":"Granit-Beckenrandstein Silber 100 x 33 x 3 cm - Pool-House","og_description":"Granit-Beckenrandstein  Granit-Beckenrandstein mit nat\u00fcrlicher Optik, auf der Innenseite (zum Pool hin) abgerundet. Er besitzt eine geflammte Oberfl\u00e4che, die auch im nassen Zustand rutschfest ist. Im Gegensatz zu Kunststeinen ist sein Design einheitlich, nicht gekr\u00fcmmt und nicht gewellt.   Der nat\u00fcrliche Effekt verleiht ihm echte Exklusivit\u00e4t; seine Farbe ist nicht homogen, und minerale Einschl\u00fcsse k\u00f6nnen sein Aussehen pr\u00e4gen.  Frost- und witterungsbest\u00e4ndig. Granit ist ein nat\u00fcrliches, kompaktes und unvermischtes Material. Kunststeine bestehen aus Kalkstein, Zement und Wasser. Kunststeine sind por\u00f6s und enthalten Wasser. Regenwasser kann in die Poren eindringen, was das Gefrieren des Steins beg\u00fcnstigt. Saurer Regen l\u00f6st Kunststein auf \u2013 Granit hingegen ist witterungsbest\u00e4ndig.  Erh\u00e4ltlich in drei Farben (Silbergrau, Anthrazit, Beige) und zwei Gr\u00f6\u00dfen.","og_url":"https:\/\/pool-house.shop\/de\/product\/granit-beckenrandstein-silber-100-x-33-x-3-cm\/","og_site_name":"Pool-House","article_publisher":"https:\/\/www.facebook.com\/termodomsk\/","og_image":[{"width":1200,"height":1200,"url":"https:\/\/pool-house.shop\/wp-content\/uploads\/2025\/04\/167001.png","type":"image\/png"}],"twitter_card":"summary_large_image","twitter_misc":{"Gesch\u00e4tzte Lesezeit":"1\u00a0Minute"},"schema":{"@context":"https:\/\/schema.org","@graph":[{"@type":"WebPage","@id":"https:\/\/pool-house.shop\/de\/product\/granit-beckenrandstein-silber-100-x-33-x-3-cm\/","url":"https:\/\/pool-house.shop\/de\/product\/granit-beckenrandstein-silber-100-x-33-x-3-cm\/","name":"Granit-Beckenrandstein Silber 100 x 33 x 3 cm - Pool-House","isPartOf":{"@id":"https:\/\/pool-house.shop\/de\/#website"},"primaryImageOfPage":{"@id":"https:\/\/pool-house.shop\/de\/product\/granit-beckenrandstein-silber-100-x-33-x-3-cm\/#primaryimage"},"image":{"@id":"https:\/\/pool-house.shop\/de\/product\/granit-beckenrandstein-silber-100-x-33-x-3-cm\/#primaryimage"},"thumbnailUrl":"https:\/\/pool-house.shop\/wp-content\/uploads\/2025\/04\/167001.png","datePublished":"2025-04-08T10:28:50+00:00","breadcrumb":{"@id":"https:\/\/pool-house.shop\/de\/product\/granit-beckenrandstein-silber-100-x-33-x-3-cm\/#breadcrumb"},"inLanguage":"de","potentialAction":[{"@type":"ReadAction","target":["https:\/\/pool-house.shop\/de\/product\/granit-beckenrandstein-silber-100-x-33-x-3-cm\/"]}]},{"@type":"ImageObject","inLanguage":"de","@id":"https:\/\/pool-house.shop\/de\/product\/granit-beckenrandstein-silber-100-x-33-x-3-cm\/#primaryimage","url":"https:\/\/pool-house.shop\/wp-content\/uploads\/2025\/04\/167001.png","contentUrl":"https:\/\/pool-house.shop\/wp-content\/uploads\/2025\/04\/167001.png","width":1200,"height":1200},{"@type":"BreadcrumbList","@id":"https:\/\/pool-house.shop\/de\/product\/granit-beckenrandstein-silber-100-x-33-x-3-cm\/#breadcrumb","itemListElement":[{"@type":"ListItem","position":1,"name":"Domovsk\u00e1 str\u00e1nka","item":"https:\/\/pool-house.shop\/de\/"},{"@type":"ListItem","position":2,"name":"Shop","item":"https:\/\/pool-house.shop\/de\/shop\/"},{"@type":"ListItem","position":3,"name":"Granit-Beckenrandstein Silber 100 x 33 x 3 cm"}]},{"@type":"WebSite","@id":"https:\/\/pool-house.shop\/de\/#website","url":"https:\/\/pool-house.shop\/de\/","name":"Pool-House","description":"","publisher":{"@id":"https:\/\/pool-house.shop\/de\/#organization"},"potentialAction":[{"@type":"SearchAction","target":{"@type":"EntryPoint","urlTemplate":"https:\/\/pool-house.shop\/de\/?s={search_term_string}"},"query-input":{"@type":"PropertyValueSpecification","valueRequired":true,"valueName":"search_term_string"}}],"inLanguage":"de"},{"@type":"Organization","@id":"https:\/\/pool-house.shop\/de\/#organization","name":"Pool-House","url":"https:\/\/pool-house.shop\/de\/","logo":{"@type":"ImageObject","inLanguage":"de","@id":"https:\/\/pool-house.shop\/de\/#\/schema\/logo\/image\/","url":"https:\/\/pool-house.shop\/wp-content\/uploads\/2025\/10\/logo-2-stvorec-mobil-modre.png","contentUrl":"https:\/\/pool-house.shop\/wp-content\/uploads\/2025\/10\/logo-2-stvorec-mobil-modre.png","width":273,"height":189,"caption":"Pool-House"},"image":{"@id":"https:\/\/pool-house.shop\/de\/#\/schema\/logo\/image\/"},"sameAs":["https:\/\/www.facebook.com\/termodomsk\/"]}]}},"_links":{"self":[{"href":"https:\/\/pool-house.shop\/de\/wp-json\/wp\/v2\/product\/11502","targetHints":{"allow":["GET"]}}],"collection":[{"href":"https:\/\/pool-house.shop\/de\/wp-json\/wp\/v2\/product"}],"about":[{"href":"https:\/\/pool-house.shop\/de\/wp-json\/wp\/v2\/types\/product"}],"wp:featuredmedia":[{"embeddable":true,"href":"https:\/\/pool-house.shop\/de\/wp-json\/wp\/v2\/media\/4565"}],"wp:attachment":[{"href":"https:\/\/pool-house.shop\/de\/wp-json\/wp\/v2\/media?parent=11502"}],"wp:term":[{"taxonomy":"product_brand","embeddable":true,"href":"https:\/\/pool-house.shop\/de\/wp-json\/wp\/v2\/product_brand?post=11502"},{"taxonomy":"product_cat","embeddable":true,"href":"https:\/\/pool-house.shop\/de\/wp-json\/wp\/v2\/product_cat?post=11502"},{"taxonomy":"product_tag","embeddable":true,"href":"https:\/\/pool-house.shop\/de\/wp-json\/wp\/v2\/product_tag?post=11502"}],"curies":[{"name":"wp","href":"https:\/\/api.w.org\/{rel}","templated":true}]}}