{"id":11728,"date":"2026-02-05T14:04:22","date_gmt":"2026-02-05T13:04:22","guid":{"rendered":"https:\/\/pool-house.shop\/?post_type=product&#038;p=11728"},"modified":"2026-02-05T14:36:16","modified_gmt":"2026-02-05T13:36:16","slug":"aurelia-plus6-x-3","status":"publish","type":"product","link":"https:\/\/pool-house.shop\/de\/product\/aurelia-plus6-x-3\/","title":{"rendered":"AURELIA Plus 6 x 3"},"content":{"rendered":"<p>Moderner, minimalistischer Stil, erh\u00f6hte, eckige Pool\u00fcberdachung mit Schiebet\u00fcr. Nur mit massiver, klarer Polycarbonatverglasung erh\u00e4ltlich. Ausf\u00fchrung mit einseitiger Laufschiene m\u00f6glich (bis 5 m Breite).<\/p>\n<p><strong>Massive Polycarbonatverglasung<\/strong><\/p>\n<p>Dieser \u00dcberdachungstyp ist ausschlie\u00dflich mit massiver, klarer Polycarbonatverglasung erh\u00e4ltlich. Dies ergibt sich aus der Form des Produkts, da Mehrsteg-Polycarbonat zu steif f\u00fcr das Biegen und Formen der Kanten ist.<br \/>\nDie massive, kristallklare Verglasung erm\u00f6glicht eine hervorragende Transparenz zum Poolbereich und verleiht der \u00dcberdachung ein schlichtes, modernes Erscheinungsbild.<\/p>\n<p><strong>Spezifikation<\/strong><\/p>\n<p><strong>Eigenschaften<\/strong><\/p>\n<ul>\n<li>Moderne, erh\u00f6hte, eckige Pool\u00fcberdachung mit Schiebet\u00fcr<\/li>\n<li>4 mm massive, klare Polycarbonatverglasung<\/li>\n<li>Patentierte Profile mit abgerundeten Kanten und Ecken zur Erh\u00f6hung der Sicherheit<\/li>\n<li>H\u00f6he der \u00dcberdachung: 0,6 \u2013 1,0 m (abh\u00e4ngig von der Breite)<\/li>\n<\/ul>\n<p><strong>Sicherheit<\/strong><\/p>\n<ul>\n<li>Kontinuierliches Sturmschutzsystem<\/li>\n<li>Abschlie\u00dfbare Schiebet\u00fcr an der Seite oder Dreht\u00fcr im gr\u00f6\u00dften Segment<\/li>\n<li>Sicherer, im Profil integrierter Verriegelungsmechanismus, einfach zu bedienen<\/li>\n<li>Begehbare, abgerundete, extra flache (13 mm) eloxierte Laufschiene<\/li>\n<\/ul>\n<p><strong>Konstruktion<\/strong><\/p>\n<ul>\n<li>Rostfreie Chromstahlschrauben \u2013 verdeckt, von au\u00dfen nicht sichtbar<\/li>\n<li>Sehr stabile Kunststoffrollen mit doppeltem, rostfreiem Kugellager, gesch\u00fctzt gegen Staub und Wasser<\/li>\n<\/ul>\n<p><strong>Optionale Ausstattung<\/strong><\/p>\n<ul>\n<li>Einseitige Laufschiene<\/li>\n<li>Mehrere Schiebe- oder Dreht\u00fcren<\/li>\n<li>Front- oder Stirnwand mit erh\u00f6htem Abschluss<\/li>\n<li>Hohe, verglaste Frontwand<\/li>\n<li>Kindersicherung f\u00fcr Segmentverriegelung<\/li>\n<li>Individuelle Segmentaufteilung<\/li>\n<li>Erh\u00f6hung der Bogenh\u00f6he<\/li>\n<li>Aluminiumkonstruktion in individuellen RAL-Farben<\/li>\n<li>Motorischer Antrieb f\u00fcr das Verschieben<\/li>\n<\/ul>\n<p>Es sind verschiedene \u00dcberdachungsgr\u00f6\u00dfen verf\u00fcgbar. Bei Interesse senden Sie bitte eine Anfrage an:<br \/>\n<strong><a href=\"mailto:sales@pool-house.shop?subject=Anfrage Poolabdeckungen\">sales@pool-house.shop<\/a><\/strong><\/p>\n","protected":false},"excerpt":{"rendered":"<p>Modernes, erh\u00f6htes und minimalistisches Pool\u00fcberdachungssystem mit eckigem Design und Schiebet\u00fcr. Es verf\u00fcgt \u00fcber eine massive, klare Polycarbonatverglasung mit einer St\u00e4rke von 4 mm, die eine hohe Transparenz und ein elegantes Erscheinungsbild gew\u00e4hrleistet. Die Konstruktion verwendet Sicherheitsprofile mit abgerundeten Kanten, verdeckte Verbindungselemente aus Edelstahl sowie ein robustes Schienensystem. Individuelle Anpassungen der Abmessungen, Farben und Zubeh\u00f6rteile sind nach Kundenwunsch m\u00f6glich.<\/p>\n","protected":false},"featured_media":11736,"template":"","meta":[],"product_brand":[],"product_cat":[313,386],"product_tag":[],"class_list":{"0":"post-11728","1":"product","2":"type-product","3":"status-publish","4":"has-post-thumbnail","6":"product_cat-pooluberdachung","7":"product_cat-pooldach","8":"thunk-woo-product-list","9":"open-woo-hover-none","10":"open-single-product-tab-horizontal","11":"open-shadow-","12":"open-shadow-hover-","14":"first","15":"onbackorder","16":"taxable","17":"shipping-taxable","18":"purchasable","19":"product-type-simple"},"yoast_head":"<!-- This site is optimized with the Yoast SEO plugin v26.9 - https:\/\/yoast.com\/product\/yoast-seo-wordpress\/ -->\n<title>AURELIA Plus 6 x 3 - Pool-House<\/title>\n<meta name=\"robots\" content=\"index, follow, max-snippet:-1, max-image-preview:large, max-video-preview:-1\" \/>\n<link rel=\"canonical\" href=\"https:\/\/pool-house.shop\/de\/product\/aurelia-plus6-x-3\/\" \/>\n<meta property=\"og:locale\" content=\"de_DE\" \/>\n<meta property=\"og:type\" content=\"article\" \/>\n<meta property=\"og:title\" content=\"AURELIA Plus 6 x 3 - Pool-House\" \/>\n<meta property=\"og:description\" content=\"Modernes, erh\u00f6htes und minimalistisches Pool\u00fcberdachungssystem mit eckigem Design und Schiebet\u00fcr. Es verf\u00fcgt \u00fcber eine massive, klare Polycarbonatverglasung mit einer St\u00e4rke von 4 mm, die eine hohe Transparenz und ein elegantes Erscheinungsbild gew\u00e4hrleistet. Die Konstruktion verwendet Sicherheitsprofile mit abgerundeten Kanten, verdeckte Verbindungselemente aus Edelstahl sowie ein robustes Schienensystem. Individuelle Anpassungen der Abmessungen, Farben und Zubeh\u00f6rteile sind nach Kundenwunsch m\u00f6glich.\" \/>\n<meta property=\"og:url\" content=\"https:\/\/pool-house.shop\/de\/product\/aurelia-plus6-x-3\/\" \/>\n<meta property=\"og:site_name\" content=\"Pool-House\" \/>\n<meta property=\"article:publisher\" content=\"https:\/\/www.facebook.com\/termodomsk\/\" \/>\n<meta property=\"article:modified_time\" content=\"2026-02-05T13:36:16+00:00\" \/>\n<meta property=\"og:image\" content=\"https:\/\/pool-house.shop\/wp-content\/uploads\/2026\/02\/nevada-plus-medencefedes-06.jpg\" \/>\n\t<meta property=\"og:image:width\" content=\"1920\" \/>\n\t<meta property=\"og:image:height\" content=\"1440\" \/>\n\t<meta property=\"og:image:type\" content=\"image\/jpeg\" \/>\n<meta name=\"twitter:card\" content=\"summary_large_image\" \/>\n<meta name=\"twitter:label1\" content=\"Gesch\u00e4tzte Lesezeit\" \/>\n\t<meta name=\"twitter:data1\" content=\"2\u00a0Minuten\" \/>\n<script type=\"application\/ld+json\" class=\"yoast-schema-graph\">{\"@context\":\"https:\/\/schema.org\",\"@graph\":[{\"@type\":\"WebPage\",\"@id\":\"https:\/\/pool-house.shop\/de\/product\/aurelia-plus6-x-3\/\",\"url\":\"https:\/\/pool-house.shop\/de\/product\/aurelia-plus6-x-3\/\",\"name\":\"AURELIA Plus 6 x 3 - Pool-House\",\"isPartOf\":{\"@id\":\"https:\/\/pool-house.shop\/de\/#website\"},\"primaryImageOfPage\":{\"@id\":\"https:\/\/pool-house.shop\/de\/product\/aurelia-plus6-x-3\/#primaryimage\"},\"image\":{\"@id\":\"https:\/\/pool-house.shop\/de\/product\/aurelia-plus6-x-3\/#primaryimage\"},\"thumbnailUrl\":\"https:\/\/pool-house.shop\/wp-content\/uploads\/2026\/02\/nevada-plus-medencefedes-06.jpg\",\"datePublished\":\"2026-02-05T13:04:22+00:00\",\"dateModified\":\"2026-02-05T13:36:16+00:00\",\"breadcrumb\":{\"@id\":\"https:\/\/pool-house.shop\/de\/product\/aurelia-plus6-x-3\/#breadcrumb\"},\"inLanguage\":\"de\",\"potentialAction\":[{\"@type\":\"ReadAction\",\"target\":[\"https:\/\/pool-house.shop\/de\/product\/aurelia-plus6-x-3\/\"]}]},{\"@type\":\"ImageObject\",\"inLanguage\":\"de\",\"@id\":\"https:\/\/pool-house.shop\/de\/product\/aurelia-plus6-x-3\/#primaryimage\",\"url\":\"https:\/\/pool-house.shop\/wp-content\/uploads\/2026\/02\/nevada-plus-medencefedes-06.jpg\",\"contentUrl\":\"https:\/\/pool-house.shop\/wp-content\/uploads\/2026\/02\/nevada-plus-medencefedes-06.jpg\",\"width\":1920,\"height\":1440},{\"@type\":\"BreadcrumbList\",\"@id\":\"https:\/\/pool-house.shop\/de\/product\/aurelia-plus6-x-3\/#breadcrumb\",\"itemListElement\":[{\"@type\":\"ListItem\",\"position\":1,\"name\":\"Domovsk\u00e1 str\u00e1nka\",\"item\":\"https:\/\/pool-house.shop\/de\/\"},{\"@type\":\"ListItem\",\"position\":2,\"name\":\"Shop\",\"item\":\"https:\/\/pool-house.shop\/de\/shop\/\"},{\"@type\":\"ListItem\",\"position\":3,\"name\":\"AURELIA Plus 6 x 3\"}]},{\"@type\":\"WebSite\",\"@id\":\"https:\/\/pool-house.shop\/de\/#website\",\"url\":\"https:\/\/pool-house.shop\/de\/\",\"name\":\"Pool-House\",\"description\":\"\",\"publisher\":{\"@id\":\"https:\/\/pool-house.shop\/de\/#organization\"},\"potentialAction\":[{\"@type\":\"SearchAction\",\"target\":{\"@type\":\"EntryPoint\",\"urlTemplate\":\"https:\/\/pool-house.shop\/de\/?s={search_term_string}\"},\"query-input\":{\"@type\":\"PropertyValueSpecification\",\"valueRequired\":true,\"valueName\":\"search_term_string\"}}],\"inLanguage\":\"de\"},{\"@type\":\"Organization\",\"@id\":\"https:\/\/pool-house.shop\/de\/#organization\",\"name\":\"Pool-House\",\"url\":\"https:\/\/pool-house.shop\/de\/\",\"logo\":{\"@type\":\"ImageObject\",\"inLanguage\":\"de\",\"@id\":\"https:\/\/pool-house.shop\/de\/#\/schema\/logo\/image\/\",\"url\":\"https:\/\/pool-house.shop\/wp-content\/uploads\/2025\/10\/logo-2-stvorec-mobil-modre.png\",\"contentUrl\":\"https:\/\/pool-house.shop\/wp-content\/uploads\/2025\/10\/logo-2-stvorec-mobil-modre.png\",\"width\":273,\"height\":189,\"caption\":\"Pool-House\"},\"image\":{\"@id\":\"https:\/\/pool-house.shop\/de\/#\/schema\/logo\/image\/\"},\"sameAs\":[\"https:\/\/www.facebook.com\/termodomsk\/\"]}]}<\/script>\n<!-- \/ Yoast SEO plugin. -->","yoast_head_json":{"title":"AURELIA Plus 6 x 3 - Pool-House","robots":{"index":"index","follow":"follow","max-snippet":"max-snippet:-1","max-image-preview":"max-image-preview:large","max-video-preview":"max-video-preview:-1"},"canonical":"https:\/\/pool-house.shop\/de\/product\/aurelia-plus6-x-3\/","og_locale":"de_DE","og_type":"article","og_title":"AURELIA Plus 6 x 3 - Pool-House","og_description":"Modernes, erh\u00f6htes und minimalistisches Pool\u00fcberdachungssystem mit eckigem Design und Schiebet\u00fcr. Es verf\u00fcgt \u00fcber eine massive, klare Polycarbonatverglasung mit einer St\u00e4rke von 4 mm, die eine hohe Transparenz und ein elegantes Erscheinungsbild gew\u00e4hrleistet. Die Konstruktion verwendet Sicherheitsprofile mit abgerundeten Kanten, verdeckte Verbindungselemente aus Edelstahl sowie ein robustes Schienensystem. Individuelle Anpassungen der Abmessungen, Farben und Zubeh\u00f6rteile sind nach Kundenwunsch m\u00f6glich.","og_url":"https:\/\/pool-house.shop\/de\/product\/aurelia-plus6-x-3\/","og_site_name":"Pool-House","article_publisher":"https:\/\/www.facebook.com\/termodomsk\/","article_modified_time":"2026-02-05T13:36:16+00:00","og_image":[{"width":1920,"height":1440,"url":"https:\/\/pool-house.shop\/wp-content\/uploads\/2026\/02\/nevada-plus-medencefedes-06.jpg","type":"image\/jpeg"}],"twitter_card":"summary_large_image","twitter_misc":{"Gesch\u00e4tzte Lesezeit":"2\u00a0Minuten"},"schema":{"@context":"https:\/\/schema.org","@graph":[{"@type":"WebPage","@id":"https:\/\/pool-house.shop\/de\/product\/aurelia-plus6-x-3\/","url":"https:\/\/pool-house.shop\/de\/product\/aurelia-plus6-x-3\/","name":"AURELIA Plus 6 x 3 - Pool-House","isPartOf":{"@id":"https:\/\/pool-house.shop\/de\/#website"},"primaryImageOfPage":{"@id":"https:\/\/pool-house.shop\/de\/product\/aurelia-plus6-x-3\/#primaryimage"},"image":{"@id":"https:\/\/pool-house.shop\/de\/product\/aurelia-plus6-x-3\/#primaryimage"},"thumbnailUrl":"https:\/\/pool-house.shop\/wp-content\/uploads\/2026\/02\/nevada-plus-medencefedes-06.jpg","datePublished":"2026-02-05T13:04:22+00:00","dateModified":"2026-02-05T13:36:16+00:00","breadcrumb":{"@id":"https:\/\/pool-house.shop\/de\/product\/aurelia-plus6-x-3\/#breadcrumb"},"inLanguage":"de","potentialAction":[{"@type":"ReadAction","target":["https:\/\/pool-house.shop\/de\/product\/aurelia-plus6-x-3\/"]}]},{"@type":"ImageObject","inLanguage":"de","@id":"https:\/\/pool-house.shop\/de\/product\/aurelia-plus6-x-3\/#primaryimage","url":"https:\/\/pool-house.shop\/wp-content\/uploads\/2026\/02\/nevada-plus-medencefedes-06.jpg","contentUrl":"https:\/\/pool-house.shop\/wp-content\/uploads\/2026\/02\/nevada-plus-medencefedes-06.jpg","width":1920,"height":1440},{"@type":"BreadcrumbList","@id":"https:\/\/pool-house.shop\/de\/product\/aurelia-plus6-x-3\/#breadcrumb","itemListElement":[{"@type":"ListItem","position":1,"name":"Domovsk\u00e1 str\u00e1nka","item":"https:\/\/pool-house.shop\/de\/"},{"@type":"ListItem","position":2,"name":"Shop","item":"https:\/\/pool-house.shop\/de\/shop\/"},{"@type":"ListItem","position":3,"name":"AURELIA Plus 6 x 3"}]},{"@type":"WebSite","@id":"https:\/\/pool-house.shop\/de\/#website","url":"https:\/\/pool-house.shop\/de\/","name":"Pool-House","description":"","publisher":{"@id":"https:\/\/pool-house.shop\/de\/#organization"},"potentialAction":[{"@type":"SearchAction","target":{"@type":"EntryPoint","urlTemplate":"https:\/\/pool-house.shop\/de\/?s={search_term_string}"},"query-input":{"@type":"PropertyValueSpecification","valueRequired":true,"valueName":"search_term_string"}}],"inLanguage":"de"},{"@type":"Organization","@id":"https:\/\/pool-house.shop\/de\/#organization","name":"Pool-House","url":"https:\/\/pool-house.shop\/de\/","logo":{"@type":"ImageObject","inLanguage":"de","@id":"https:\/\/pool-house.shop\/de\/#\/schema\/logo\/image\/","url":"https:\/\/pool-house.shop\/wp-content\/uploads\/2025\/10\/logo-2-stvorec-mobil-modre.png","contentUrl":"https:\/\/pool-house.shop\/wp-content\/uploads\/2025\/10\/logo-2-stvorec-mobil-modre.png","width":273,"height":189,"caption":"Pool-House"},"image":{"@id":"https:\/\/pool-house.shop\/de\/#\/schema\/logo\/image\/"},"sameAs":["https:\/\/www.facebook.com\/termodomsk\/"]}]}},"_links":{"self":[{"href":"https:\/\/pool-house.shop\/de\/wp-json\/wp\/v2\/product\/11728","targetHints":{"allow":["GET"]}}],"collection":[{"href":"https:\/\/pool-house.shop\/de\/wp-json\/wp\/v2\/product"}],"about":[{"href":"https:\/\/pool-house.shop\/de\/wp-json\/wp\/v2\/types\/product"}],"wp:featuredmedia":[{"embeddable":true,"href":"https:\/\/pool-house.shop\/de\/wp-json\/wp\/v2\/media\/11736"}],"wp:attachment":[{"href":"https:\/\/pool-house.shop\/de\/wp-json\/wp\/v2\/media?parent=11728"}],"wp:term":[{"taxonomy":"product_brand","embeddable":true,"href":"https:\/\/pool-house.shop\/de\/wp-json\/wp\/v2\/product_brand?post=11728"},{"taxonomy":"product_cat","embeddable":true,"href":"https:\/\/pool-house.shop\/de\/wp-json\/wp\/v2\/product_cat?post=11728"},{"taxonomy":"product_tag","embeddable":true,"href":"https:\/\/pool-house.shop\/de\/wp-json\/wp\/v2\/product_tag?post=11728"}],"curies":[{"name":"wp","href":"https:\/\/api.w.org\/{rel}","templated":true}]}}