{"id":11752,"date":"2026-02-05T19:35:53","date_gmt":"2026-02-05T18:35:53","guid":{"rendered":"https:\/\/pool-house.shop\/?post_type=product&#038;p=11752"},"modified":"2026-02-05T19:52:29","modified_gmt":"2026-02-05T18:52:29","slug":"valoria-7-x-3","status":"publish","type":"product","link":"https:\/\/pool-house.shop\/de\/product\/valoria-7-x-3\/","title":{"rendered":"VALORIA 7 x 3"},"content":{"rendered":"<p data-start=\"1565\" data-end=\"1690\"><strong data-start=\"1565\" data-end=\"1690\">Gebogener Stil, extra flache Pool\u00fcberdachung ohne Schiebet\u00fcr. Nur mit massiver, klarer Polycarbonatverglasung erh\u00e4ltlich.<\/strong><\/p>\n<h4 data-start=\"1692\" data-end=\"1727\">Massive Polycarbonatverglasung<\/h4>\n<p data-start=\"1728\" data-end=\"1945\">Dieser \u00dcberdachungstyp ist ausschlie\u00dflich mit massiver, klarer Polycarbonatverglasung erh\u00e4ltlich. Dies ergibt sich aus der Form des Produkts, da Mehrsteg-Polycarbonat zu steif f\u00fcr das Biegen und Formen der Kanten ist.<\/p>\n<p data-start=\"1947\" data-end=\"2114\">Die massive, kristallklare Verglasung erm\u00f6glicht eine hervorragende Transparenz zum Poolbereich und verleiht der \u00dcberdachung ein schlichtes, modernes Erscheinungsbild.<\/p>\n<h4 data-start=\"2116\" data-end=\"2134\">Spezifikation<\/h4>\n<p data-start=\"2136\" data-end=\"2153\"><strong data-start=\"2136\" data-end=\"2153\">Eigenschaften<\/strong><\/p>\n<ul data-start=\"2154\" data-end=\"2409\">\n<li data-start=\"2154\" data-end=\"2214\">\n<p data-start=\"2156\" data-end=\"2214\">Moderne, extra flache, gebogene Pool\u00fcberdachung ohne T\u00fcr<\/p>\n<\/li>\n<li data-start=\"2215\" data-end=\"2261\">\n<p data-start=\"2217\" data-end=\"2261\">4 mm massive, klare Polycarbonatverglasung<\/p>\n<\/li>\n<li data-start=\"2262\" data-end=\"2347\">\n<p data-start=\"2264\" data-end=\"2347\">Patentierte Profile mit abgerundeten Kanten und Ecken zur Erh\u00f6hung der Sicherheit<\/p>\n<\/li>\n<li data-start=\"2348\" data-end=\"2409\">\n<p data-start=\"2350\" data-end=\"2409\">H\u00f6he der \u00dcberdachung: 0,5 \u2013 0,8 m (abh\u00e4ngig von der Breite)<\/p>\n<\/li>\n<\/ul>\n<p data-start=\"2411\" data-end=\"2425\"><strong data-start=\"2411\" data-end=\"2425\">Sicherheit<\/strong><\/p>\n<ul data-start=\"2426\" data-end=\"2618\">\n<li data-start=\"2426\" data-end=\"2464\">\n<p data-start=\"2428\" data-end=\"2464\">Kontinuierliches Sturmschutzsystem<\/p>\n<\/li>\n<li data-start=\"2465\" data-end=\"2547\">\n<p data-start=\"2467\" data-end=\"2547\">Sicherer, im Profil integrierter Verriegelungsmechanismus, einfach zu bedienen<\/p>\n<\/li>\n<li data-start=\"2548\" data-end=\"2618\">\n<p data-start=\"2550\" data-end=\"2618\">Begehbare, abgerundete, extra flache (15 mm) eloxierte Laufschiene<\/p>\n<\/li>\n<\/ul>\n<p data-start=\"2620\" data-end=\"2636\"><strong data-start=\"2620\" data-end=\"2636\">Konstruktion<\/strong><\/p>\n<ul data-start=\"2637\" data-end=\"2812\">\n<li data-start=\"2637\" data-end=\"2707\">\n<p data-start=\"2639\" data-end=\"2707\">Rostfreie Chromstahlschrauben \u2013 verdeckt, von au\u00dfen nicht sichtbar<\/p>\n<\/li>\n<li data-start=\"2708\" data-end=\"2812\">\n<p data-start=\"2710\" data-end=\"2812\">Sehr stabile Kunststoffrollen mit doppeltem, rostfreiem Kugellager, gesch\u00fctzt gegen Staub und Wasser<\/p>\n<\/li>\n<\/ul>\n<p data-start=\"2814\" data-end=\"2839\"><strong data-start=\"2814\" data-end=\"2839\">Optionale Ausstattung<\/strong><\/p>\n<ul data-start=\"2840\" data-end=\"3120\" data-is-last-node=\"\" data-is-only-node=\"\">\n<li data-start=\"2840\" data-end=\"2888\">\n<p data-start=\"2842\" data-end=\"2888\">Front- oder Stirnwand mit erh\u00f6htem Abschluss<\/p>\n<\/li>\n<li data-start=\"2889\" data-end=\"2918\">\n<p data-start=\"2891\" data-end=\"2918\">Hohe, verglaste Frontwand<\/p>\n<\/li>\n<li data-start=\"2919\" data-end=\"2962\">\n<p data-start=\"2921\" data-end=\"2962\">Kindersicherung f\u00fcr Segmentverriegelung<\/p>\n<\/li>\n<li data-start=\"2963\" data-end=\"2997\">\n<p data-start=\"2965\" data-end=\"2997\">Individuelle Segmentaufteilung<\/p>\n<\/li>\n<li data-start=\"2998\" data-end=\"3024\">\n<p data-start=\"3000\" data-end=\"3024\">Erh\u00f6hung der Bogenh\u00f6he<\/p>\n<\/li>\n<li data-start=\"3025\" data-end=\"3078\">\n<p data-start=\"3027\" data-end=\"3078\">Aluminiumkonstruktion in individuellen RAL-Farben<\/p>\n<\/li>\n<li data-start=\"3079\" data-end=\"3120\" data-is-last-node=\"\">\n<p data-start=\"3081\" data-end=\"3120\" data-is-last-node=\"\">Motorischer Antrieb f\u00fcr das Verschieben<\/p>\n<\/li>\n<\/ul>\n","protected":false},"excerpt":{"rendered":"<p data-start=\"452\" data-end=\"734\">Moderne, gebogene und extra flache Pool\u00fcberdachung ohne T\u00fcr mit massiver, klarer Polycarbonatverglasung (4 mm). Die \u00dcberdachung bietet hohe Transparenz, elegantes Design, sichere abgerundete Profile und ein robustes, leicht zu bedienendes Schienensystem.<\/p>\n<p data-start=\"736\" data-end=\"916\" data-is-last-node=\"\" data-is-only-node=\"\">Anfrage f\u00fcr andere Abmessungen, Farben und Zubeh\u00f6r senden Sie bitte an:<br data-start=\"807\" data-end=\"810\" \/><strong data-start=\"810\" data-end=\"916\" data-is-last-node=\"\"><a class=\"decorated-link cursor-pointer\" href=\"mailto:sales@pool-house.shop?subject=Anfrage%20Pool%C3%BCberdachung%20VALORIA\" rel=\"noopener\" data-start=\"812\" data-end=\"914\">sales@pool-house.shop<\/a><\/strong><\/p>\n","protected":false},"featured_media":11759,"template":"","meta":[],"product_brand":[],"product_cat":[313,386],"product_tag":[],"class_list":{"0":"post-11752","1":"product","2":"type-product","3":"status-publish","4":"has-post-thumbnail","6":"product_cat-pooluberdachung","7":"product_cat-pooldach","8":"thunk-woo-product-list","9":"open-woo-hover-none","10":"open-single-product-tab-horizontal","11":"open-shadow-","12":"open-shadow-hover-","14":"first","15":"onbackorder","16":"taxable","17":"shipping-taxable","18":"purchasable","19":"product-type-simple"},"yoast_head":"<!-- This site is optimized with the Yoast SEO plugin v26.9 - https:\/\/yoast.com\/product\/yoast-seo-wordpress\/ -->\n<title>VALORIA 7 x 3 - Pool-House<\/title>\n<meta name=\"robots\" content=\"index, follow, max-snippet:-1, max-image-preview:large, max-video-preview:-1\" \/>\n<link rel=\"canonical\" href=\"https:\/\/pool-house.shop\/de\/product\/valoria-7-x-3\/\" \/>\n<meta property=\"og:locale\" content=\"de_DE\" \/>\n<meta property=\"og:type\" content=\"article\" \/>\n<meta property=\"og:title\" content=\"VALORIA 7 x 3 - Pool-House\" \/>\n<meta property=\"og:description\" content=\"Moderne, gebogene und extra flache Pool\u00fcberdachung ohne T\u00fcr mit massiver, klarer Polycarbonatverglasung (4 mm). Die \u00dcberdachung bietet hohe Transparenz, elegantes Design, sichere abgerundete Profile und ein robustes, leicht zu bedienendes Schienensystem. Anfrage f\u00fcr andere Abmessungen, Farben und Zubeh\u00f6r senden Sie bitte an:sales@pool-house.shop\" \/>\n<meta property=\"og:url\" content=\"https:\/\/pool-house.shop\/de\/product\/valoria-7-x-3\/\" \/>\n<meta property=\"og:site_name\" content=\"Pool-House\" \/>\n<meta property=\"article:publisher\" content=\"https:\/\/www.facebook.com\/termodomsk\/\" \/>\n<meta property=\"article:modified_time\" content=\"2026-02-05T18:52:29+00:00\" \/>\n<meta property=\"og:image\" content=\"https:\/\/pool-house.shop\/wp-content\/uploads\/2026\/02\/montana-medencefedes-03.jpg\" \/>\n\t<meta property=\"og:image:width\" content=\"1920\" \/>\n\t<meta property=\"og:image:height\" content=\"1001\" \/>\n\t<meta property=\"og:image:type\" content=\"image\/jpeg\" \/>\n<meta name=\"twitter:card\" content=\"summary_large_image\" \/>\n<meta name=\"twitter:label1\" content=\"Gesch\u00e4tzte Lesezeit\" \/>\n\t<meta name=\"twitter:data1\" content=\"2\u00a0Minuten\" \/>\n<script type=\"application\/ld+json\" class=\"yoast-schema-graph\">{\"@context\":\"https:\/\/schema.org\",\"@graph\":[{\"@type\":\"WebPage\",\"@id\":\"https:\/\/pool-house.shop\/de\/product\/valoria-7-x-3\/\",\"url\":\"https:\/\/pool-house.shop\/de\/product\/valoria-7-x-3\/\",\"name\":\"VALORIA 7 x 3 - Pool-House\",\"isPartOf\":{\"@id\":\"https:\/\/pool-house.shop\/de\/#website\"},\"primaryImageOfPage\":{\"@id\":\"https:\/\/pool-house.shop\/de\/product\/valoria-7-x-3\/#primaryimage\"},\"image\":{\"@id\":\"https:\/\/pool-house.shop\/de\/product\/valoria-7-x-3\/#primaryimage\"},\"thumbnailUrl\":\"https:\/\/pool-house.shop\/wp-content\/uploads\/2026\/02\/montana-medencefedes-03.jpg\",\"datePublished\":\"2026-02-05T18:35:53+00:00\",\"dateModified\":\"2026-02-05T18:52:29+00:00\",\"breadcrumb\":{\"@id\":\"https:\/\/pool-house.shop\/de\/product\/valoria-7-x-3\/#breadcrumb\"},\"inLanguage\":\"de\",\"potentialAction\":[{\"@type\":\"ReadAction\",\"target\":[\"https:\/\/pool-house.shop\/de\/product\/valoria-7-x-3\/\"]}]},{\"@type\":\"ImageObject\",\"inLanguage\":\"de\",\"@id\":\"https:\/\/pool-house.shop\/de\/product\/valoria-7-x-3\/#primaryimage\",\"url\":\"https:\/\/pool-house.shop\/wp-content\/uploads\/2026\/02\/montana-medencefedes-03.jpg\",\"contentUrl\":\"https:\/\/pool-house.shop\/wp-content\/uploads\/2026\/02\/montana-medencefedes-03.jpg\",\"width\":1920,\"height\":1001},{\"@type\":\"BreadcrumbList\",\"@id\":\"https:\/\/pool-house.shop\/de\/product\/valoria-7-x-3\/#breadcrumb\",\"itemListElement\":[{\"@type\":\"ListItem\",\"position\":1,\"name\":\"Domovsk\u00e1 str\u00e1nka\",\"item\":\"https:\/\/pool-house.shop\/de\/\"},{\"@type\":\"ListItem\",\"position\":2,\"name\":\"Shop\",\"item\":\"https:\/\/pool-house.shop\/de\/shop\/\"},{\"@type\":\"ListItem\",\"position\":3,\"name\":\"VALORIA 7 x 3\"}]},{\"@type\":\"WebSite\",\"@id\":\"https:\/\/pool-house.shop\/de\/#website\",\"url\":\"https:\/\/pool-house.shop\/de\/\",\"name\":\"Pool-House\",\"description\":\"\",\"publisher\":{\"@id\":\"https:\/\/pool-house.shop\/de\/#organization\"},\"potentialAction\":[{\"@type\":\"SearchAction\",\"target\":{\"@type\":\"EntryPoint\",\"urlTemplate\":\"https:\/\/pool-house.shop\/de\/?s={search_term_string}\"},\"query-input\":{\"@type\":\"PropertyValueSpecification\",\"valueRequired\":true,\"valueName\":\"search_term_string\"}}],\"inLanguage\":\"de\"},{\"@type\":\"Organization\",\"@id\":\"https:\/\/pool-house.shop\/de\/#organization\",\"name\":\"Pool-House\",\"url\":\"https:\/\/pool-house.shop\/de\/\",\"logo\":{\"@type\":\"ImageObject\",\"inLanguage\":\"de\",\"@id\":\"https:\/\/pool-house.shop\/de\/#\/schema\/logo\/image\/\",\"url\":\"https:\/\/pool-house.shop\/wp-content\/uploads\/2025\/10\/logo-2-stvorec-mobil-modre.png\",\"contentUrl\":\"https:\/\/pool-house.shop\/wp-content\/uploads\/2025\/10\/logo-2-stvorec-mobil-modre.png\",\"width\":273,\"height\":189,\"caption\":\"Pool-House\"},\"image\":{\"@id\":\"https:\/\/pool-house.shop\/de\/#\/schema\/logo\/image\/\"},\"sameAs\":[\"https:\/\/www.facebook.com\/termodomsk\/\"]}]}<\/script>\n<!-- \/ Yoast SEO plugin. -->","yoast_head_json":{"title":"VALORIA 7 x 3 - Pool-House","robots":{"index":"index","follow":"follow","max-snippet":"max-snippet:-1","max-image-preview":"max-image-preview:large","max-video-preview":"max-video-preview:-1"},"canonical":"https:\/\/pool-house.shop\/de\/product\/valoria-7-x-3\/","og_locale":"de_DE","og_type":"article","og_title":"VALORIA 7 x 3 - Pool-House","og_description":"Moderne, gebogene und extra flache Pool\u00fcberdachung ohne T\u00fcr mit massiver, klarer Polycarbonatverglasung (4 mm). Die \u00dcberdachung bietet hohe Transparenz, elegantes Design, sichere abgerundete Profile und ein robustes, leicht zu bedienendes Schienensystem. Anfrage f\u00fcr andere Abmessungen, Farben und Zubeh\u00f6r senden Sie bitte an:sales@pool-house.shop","og_url":"https:\/\/pool-house.shop\/de\/product\/valoria-7-x-3\/","og_site_name":"Pool-House","article_publisher":"https:\/\/www.facebook.com\/termodomsk\/","article_modified_time":"2026-02-05T18:52:29+00:00","og_image":[{"width":1920,"height":1001,"url":"https:\/\/pool-house.shop\/wp-content\/uploads\/2026\/02\/montana-medencefedes-03.jpg","type":"image\/jpeg"}],"twitter_card":"summary_large_image","twitter_misc":{"Gesch\u00e4tzte Lesezeit":"2\u00a0Minuten"},"schema":{"@context":"https:\/\/schema.org","@graph":[{"@type":"WebPage","@id":"https:\/\/pool-house.shop\/de\/product\/valoria-7-x-3\/","url":"https:\/\/pool-house.shop\/de\/product\/valoria-7-x-3\/","name":"VALORIA 7 x 3 - Pool-House","isPartOf":{"@id":"https:\/\/pool-house.shop\/de\/#website"},"primaryImageOfPage":{"@id":"https:\/\/pool-house.shop\/de\/product\/valoria-7-x-3\/#primaryimage"},"image":{"@id":"https:\/\/pool-house.shop\/de\/product\/valoria-7-x-3\/#primaryimage"},"thumbnailUrl":"https:\/\/pool-house.shop\/wp-content\/uploads\/2026\/02\/montana-medencefedes-03.jpg","datePublished":"2026-02-05T18:35:53+00:00","dateModified":"2026-02-05T18:52:29+00:00","breadcrumb":{"@id":"https:\/\/pool-house.shop\/de\/product\/valoria-7-x-3\/#breadcrumb"},"inLanguage":"de","potentialAction":[{"@type":"ReadAction","target":["https:\/\/pool-house.shop\/de\/product\/valoria-7-x-3\/"]}]},{"@type":"ImageObject","inLanguage":"de","@id":"https:\/\/pool-house.shop\/de\/product\/valoria-7-x-3\/#primaryimage","url":"https:\/\/pool-house.shop\/wp-content\/uploads\/2026\/02\/montana-medencefedes-03.jpg","contentUrl":"https:\/\/pool-house.shop\/wp-content\/uploads\/2026\/02\/montana-medencefedes-03.jpg","width":1920,"height":1001},{"@type":"BreadcrumbList","@id":"https:\/\/pool-house.shop\/de\/product\/valoria-7-x-3\/#breadcrumb","itemListElement":[{"@type":"ListItem","position":1,"name":"Domovsk\u00e1 str\u00e1nka","item":"https:\/\/pool-house.shop\/de\/"},{"@type":"ListItem","position":2,"name":"Shop","item":"https:\/\/pool-house.shop\/de\/shop\/"},{"@type":"ListItem","position":3,"name":"VALORIA 7 x 3"}]},{"@type":"WebSite","@id":"https:\/\/pool-house.shop\/de\/#website","url":"https:\/\/pool-house.shop\/de\/","name":"Pool-House","description":"","publisher":{"@id":"https:\/\/pool-house.shop\/de\/#organization"},"potentialAction":[{"@type":"SearchAction","target":{"@type":"EntryPoint","urlTemplate":"https:\/\/pool-house.shop\/de\/?s={search_term_string}"},"query-input":{"@type":"PropertyValueSpecification","valueRequired":true,"valueName":"search_term_string"}}],"inLanguage":"de"},{"@type":"Organization","@id":"https:\/\/pool-house.shop\/de\/#organization","name":"Pool-House","url":"https:\/\/pool-house.shop\/de\/","logo":{"@type":"ImageObject","inLanguage":"de","@id":"https:\/\/pool-house.shop\/de\/#\/schema\/logo\/image\/","url":"https:\/\/pool-house.shop\/wp-content\/uploads\/2025\/10\/logo-2-stvorec-mobil-modre.png","contentUrl":"https:\/\/pool-house.shop\/wp-content\/uploads\/2025\/10\/logo-2-stvorec-mobil-modre.png","width":273,"height":189,"caption":"Pool-House"},"image":{"@id":"https:\/\/pool-house.shop\/de\/#\/schema\/logo\/image\/"},"sameAs":["https:\/\/www.facebook.com\/termodomsk\/"]}]}},"_links":{"self":[{"href":"https:\/\/pool-house.shop\/de\/wp-json\/wp\/v2\/product\/11752","targetHints":{"allow":["GET"]}}],"collection":[{"href":"https:\/\/pool-house.shop\/de\/wp-json\/wp\/v2\/product"}],"about":[{"href":"https:\/\/pool-house.shop\/de\/wp-json\/wp\/v2\/types\/product"}],"wp:featuredmedia":[{"embeddable":true,"href":"https:\/\/pool-house.shop\/de\/wp-json\/wp\/v2\/media\/11759"}],"wp:attachment":[{"href":"https:\/\/pool-house.shop\/de\/wp-json\/wp\/v2\/media?parent=11752"}],"wp:term":[{"taxonomy":"product_brand","embeddable":true,"href":"https:\/\/pool-house.shop\/de\/wp-json\/wp\/v2\/product_brand?post=11752"},{"taxonomy":"product_cat","embeddable":true,"href":"https:\/\/pool-house.shop\/de\/wp-json\/wp\/v2\/product_cat?post=11752"},{"taxonomy":"product_tag","embeddable":true,"href":"https:\/\/pool-house.shop\/de\/wp-json\/wp\/v2\/product_tag?post=11752"}],"curies":[{"name":"wp","href":"https:\/\/api.w.org\/{rel}","templated":true}]}}