{"id":11781,"date":"2026-02-05T20:06:33","date_gmt":"2026-02-05T19:06:33","guid":{"rendered":"https:\/\/pool-house.shop\/?post_type=product&#038;p=11781"},"modified":"2026-02-05T20:35:14","modified_gmt":"2026-02-05T19:35:14","slug":"serenia-8-x-4","status":"publish","type":"product","link":"https:\/\/pool-house.shop\/de\/product\/serenia-8-x-4\/","title":{"rendered":"SERENIA 8 x 4"},"content":{"rendered":"<p data-start=\"1981\" data-end=\"2123\"><strong data-start=\"1981\" data-end=\"2123\">Klassische Pool\u00fcberdachung im Rundbogenstil mit Schiebet\u00fcr. Ausf\u00fchrung mit Mehrsteg- oder massiver, klarer Polycarbonatverglasung m\u00f6glich.<\/strong><\/p>\n<h4 data-start=\"2125\" data-end=\"2157\">W\u00e4hlen Sie Ihre Verglasung!<\/h4>\n<p data-start=\"2158\" data-end=\"2466\">Unsere Produkte sind mit zwei Arten von Polycarbonatverglasung erh\u00e4ltlich. Vor dem Kauf sollten Sie \u00fcberlegen, welche Anforderungen, Pr\u00e4ferenzen und Eigenschaften f\u00fcr Sie wichtig sind. Der grundlegende Unterschied zwischen den beiden Varianten liegt im Preis, im Design und in den funktionalen Eigenschaften.<\/p>\n<p data-start=\"2468\" data-end=\"2672\"><strong data-start=\"2468\" data-end=\"2502\">Massive Polycarbonatverglasung<\/strong><br data-start=\"2502\" data-end=\"2505\" \/>Die massive, kristallklare Verglasung erm\u00f6glicht eine hervorragende Transparenz zum Poolbereich und verleiht der \u00dcberdachung ein schlichtes, modernes Erscheinungsbild.<\/p>\n<p data-start=\"2674\" data-end=\"2866\"><strong data-start=\"2674\" data-end=\"2709\">Mehrsteg-Polycarbonatverglasung<\/strong><br data-start=\"2709\" data-end=\"2712\" \/>Die wirtschaftlichere Verglasungsl\u00f6sung, die neugierige Blicke in den Poolbereich verhindert und gleichzeitig hervorragende W\u00e4rmed\u00e4mmeigenschaften bietet.<\/p>\n<h4 data-start=\"2868\" data-end=\"2886\">Spezifikation<\/h4>\n<p data-start=\"2888\" data-end=\"2905\"><strong data-start=\"2888\" data-end=\"2905\">Eigenschaften<\/strong><\/p>\n<ul data-start=\"2906\" data-end=\"3153\">\n<li data-start=\"2906\" data-end=\"3003\">\n<p data-start=\"2908\" data-end=\"3003\">Klassische Pool\u00fcberdachung im Rundbogenstil mit massiver oder Mehrsteg-Polycarbonatverglasung<\/p>\n<\/li>\n<li data-start=\"3004\" data-end=\"3089\">\n<p data-start=\"3006\" data-end=\"3089\">Patentierte Profile mit abgerundeten Kanten und Ecken zur Erh\u00f6hung der Sicherheit<\/p>\n<\/li>\n<li data-start=\"3090\" data-end=\"3153\">\n<p data-start=\"3092\" data-end=\"3153\">H\u00f6he der \u00dcberdachung: 1,10 \u2013 2,15 m (abh\u00e4ngig von der Breite)<\/p>\n<\/li>\n<\/ul>\n<p data-start=\"3155\" data-end=\"3169\"><strong data-start=\"3155\" data-end=\"3169\">Sicherheit<\/strong><\/p>\n<ul data-start=\"3170\" data-end=\"3436\">\n<li data-start=\"3170\" data-end=\"3208\">\n<p data-start=\"3172\" data-end=\"3208\">Kontinuierliches Sturmschutzsystem<\/p>\n<\/li>\n<li data-start=\"3209\" data-end=\"3282\">\n<p data-start=\"3211\" data-end=\"3282\">Abschlie\u00dfbare Schiebet\u00fcr an der Seite oder Dreht\u00fcr im gr\u00f6\u00dften Segment<\/p>\n<\/li>\n<li data-start=\"3283\" data-end=\"3365\">\n<p data-start=\"3285\" data-end=\"3365\">Sicherer, im Profil integrierter Verriegelungsmechanismus, einfach zu bedienen<\/p>\n<\/li>\n<li data-start=\"3366\" data-end=\"3436\">\n<p data-start=\"3368\" data-end=\"3436\">Begehbare, abgerundete, extra flache (15 mm) eloxierte Laufschiene<\/p>\n<\/li>\n<\/ul>\n<p data-start=\"3438\" data-end=\"3454\"><strong data-start=\"3438\" data-end=\"3454\">Konstruktion<\/strong><\/p>\n<ul data-start=\"3455\" data-end=\"3630\">\n<li data-start=\"3455\" data-end=\"3525\">\n<p data-start=\"3457\" data-end=\"3525\">Rostfreie Chromstahlschrauben \u2013 verdeckt, von au\u00dfen nicht sichtbar<\/p>\n<\/li>\n<li data-start=\"3526\" data-end=\"3630\">\n<p data-start=\"3528\" data-end=\"3630\">Sehr stabile Kunststoffrollen mit doppeltem, rostfreiem Kugellager, gesch\u00fctzt gegen Staub und Wasser<\/p>\n<\/li>\n<\/ul>\n<p data-start=\"3632\" data-end=\"3657\"><strong data-start=\"3632\" data-end=\"3657\">Optionale Ausstattung<\/strong><\/p>\n<ul data-start=\"3658\" data-end=\"3988\">\n<li data-start=\"3658\" data-end=\"3693\">\n<p data-start=\"3660\" data-end=\"3693\">Mehrere Schiebe- oder Dreht\u00fcren<\/p>\n<\/li>\n<li data-start=\"3694\" data-end=\"3742\">\n<p data-start=\"3696\" data-end=\"3742\">Front- oder Stirnwand mit erh\u00f6htem Abschluss<\/p>\n<\/li>\n<li data-start=\"3743\" data-end=\"3784\">\n<p data-start=\"3745\" data-end=\"3784\">Hohe, verglaste Front- oder Stirnwand<\/p>\n<\/li>\n<li data-start=\"3785\" data-end=\"3828\">\n<p data-start=\"3787\" data-end=\"3828\">Kindersicherung f\u00fcr Segmentverriegelung<\/p>\n<\/li>\n<li data-start=\"3829\" data-end=\"3863\">\n<p data-start=\"3831\" data-end=\"3863\">Individuelle Segmentaufteilung<\/p>\n<\/li>\n<li data-start=\"3864\" data-end=\"3890\">\n<p data-start=\"3866\" data-end=\"3890\">Erh\u00f6hung der Bogenh\u00f6he<\/p>\n<\/li>\n<li data-start=\"3891\" data-end=\"3944\">\n<p data-start=\"3893\" data-end=\"3944\">Aluminiumkonstruktion in individuellen RAL-Farben<\/p>\n<\/li>\n<li data-start=\"3945\" data-end=\"3988\">\n<p data-start=\"3947\" data-end=\"3988\">Motorischer Antrieb f\u00fcr das Verschieben<\/p>\n<\/li>\n<\/ul>\n","protected":false},"excerpt":{"rendered":"<div class=\"flex flex-col text-sm pb-25\">\n<article class=\"text-token-text-primary w-full focus:outline-none [--shadow-height:45px] has-data-writing-block:pointer-events-none has-data-writing-block:-mt-(--shadow-height) has-data-writing-block:pt-(--shadow-height) [&amp;:has([data-writing-block])&gt;*]:pointer-events-auto scroll-mt-[calc(var(--header-height)+min(200px,max(70px,20svh)))]\" dir=\"auto\" tabindex=\"-1\" data-turn-id=\"request-69848a50-0be8-8386-aded-bbaff6321982-4\" data-testid=\"conversation-turn-28\" data-scroll-anchor=\"true\" data-turn=\"assistant\">\n<div class=\"text-base my-auto mx-auto pb-10 [--thread-content-margin:--spacing(4)] @w-sm\/main:[--thread-content-margin:--spacing(6)] @w-lg\/main:[--thread-content-margin:--spacing(16)] px-(--thread-content-margin)\">\n<div class=\"[--thread-content-max-width:40rem] @w-lg\/main:[--thread-content-max-width:48rem] mx-auto max-w-(--thread-content-max-width) flex-1 group\/turn-messages focus-visible:outline-hidden relative flex w-full min-w-0 flex-col agent-turn\" tabindex=\"-1\">\n<div class=\"flex max-w-full flex-col grow\">\n<div class=\"min-h-8 text-message relative flex w-full flex-col items-end gap-2 text-start break-words whitespace-normal [.text-message+&amp;]:mt-1\" dir=\"auto\" data-message-author-role=\"assistant\" data-message-id=\"13a40a03-3cdb-445f-9e94-5f46cef5b6dd\" data-message-model-slug=\"gpt-5-2\">\n<div class=\"flex w-full flex-col gap-1 empty:hidden first:pt-[1px]\">\n<div class=\"markdown prose dark:prose-invert w-full wrap-break-word light markdown-new-styling\"><\/div>\n<\/div>\n<\/div>\n<\/div>\n<div class=\"z-0 flex min-h-[46px] justify-start\">\n<p data-start=\"4487\" data-end=\"4735\">Klassische Pool\u00fcberdachung im Rundbogenstil mit Schiebet\u00fcr, erh\u00e4ltlich mit massiver oder Mehrsteg-Polycarbonatverglasung. Bietet hohe Stabilit\u00e4t, sichere abgerundete Profile, ein hochwertiges Schienensystem und individuelle Anpassungsm\u00f6glichkeiten.<\/p>\n<p data-start=\"4737\" data-end=\"4949\" data-is-last-node=\"\" data-is-only-node=\"\">Anfrage f\u00fcr andere Abmessungen, Farben und Zubeh\u00f6r senden Sie bitte an:<br data-start=\"4808\" data-end=\"4811\" \/><strong data-start=\"4811\" data-end=\"4949\" data-is-last-node=\"\"><a class=\"decorated-link cursor-pointer\" href=\"mailto:sales@pool-house.shop?subject=SERENIA%20Anfrage%20f%C3%BCr%20andere%20Abmessungen,%20Farben%20und%20Zubeh%C3%B6r\" rel=\"noopener\" data-start=\"4813\" data-end=\"4947\">sales@pool-house.shop<\/a><\/strong><\/p>\n<\/div>\n<div class=\"mt-3 w-full empty:hidden\">\n<div class=\"text-center\"><\/div>\n<\/div>\n<\/div>\n<\/div>\n<\/article>\n<\/div>\n<div class=\"pointer-events-none h-px w-px absolute bottom-0\" aria-hidden=\"true\" data-edge=\"true\"><\/div>\n","protected":false},"featured_media":11787,"template":"","meta":[],"product_brand":[],"product_cat":[313,386],"product_tag":[],"class_list":{"0":"post-11781","1":"product","2":"type-product","3":"status-publish","4":"has-post-thumbnail","6":"product_cat-pooluberdachung","7":"product_cat-pooldach","8":"thunk-woo-product-list","9":"open-woo-hover-none","10":"open-single-product-tab-horizontal","11":"open-shadow-","12":"open-shadow-hover-","14":"first","15":"onbackorder","16":"taxable","17":"shipping-taxable","18":"purchasable","19":"product-type-simple"},"yoast_head":"<!-- This site is optimized with the Yoast SEO plugin v26.9 - https:\/\/yoast.com\/product\/yoast-seo-wordpress\/ -->\n<title>SERENIA 8 x 4 - Pool-House<\/title>\n<meta name=\"robots\" content=\"index, follow, max-snippet:-1, max-image-preview:large, max-video-preview:-1\" \/>\n<link rel=\"canonical\" href=\"https:\/\/pool-house.shop\/de\/product\/serenia-8-x-4\/\" \/>\n<meta property=\"og:locale\" content=\"de_DE\" \/>\n<meta property=\"og:type\" content=\"article\" \/>\n<meta property=\"og:title\" content=\"SERENIA 8 x 4 - Pool-House\" \/>\n<meta property=\"og:description\" content=\"Klassische Pool\u00fcberdachung im Rundbogenstil mit Schiebet\u00fcr, erh\u00e4ltlich mit massiver oder Mehrsteg-Polycarbonatverglasung. Bietet hohe Stabilit\u00e4t, sichere abgerundete Profile, ein hochwertiges Schienensystem und individuelle Anpassungsm\u00f6glichkeiten. Anfrage f\u00fcr andere Abmessungen, Farben und Zubeh\u00f6r senden Sie bitte an:sales@pool-house.shop\" \/>\n<meta property=\"og:url\" content=\"https:\/\/pool-house.shop\/de\/product\/serenia-8-x-4\/\" \/>\n<meta property=\"og:site_name\" content=\"Pool-House\" \/>\n<meta property=\"article:publisher\" content=\"https:\/\/www.facebook.com\/termodomsk\/\" \/>\n<meta property=\"article:modified_time\" content=\"2026-02-05T19:35:14+00:00\" \/>\n<meta property=\"og:image\" content=\"https:\/\/pool-house.shop\/wp-content\/uploads\/2026\/02\/kalifornia-medencefedes-04.jpg\" \/>\n\t<meta property=\"og:image:width\" content=\"1920\" \/>\n\t<meta property=\"og:image:height\" content=\"1440\" \/>\n\t<meta property=\"og:image:type\" content=\"image\/jpeg\" \/>\n<meta name=\"twitter:card\" content=\"summary_large_image\" \/>\n<meta name=\"twitter:label1\" content=\"Gesch\u00e4tzte Lesezeit\" \/>\n\t<meta name=\"twitter:data1\" content=\"2\u00a0Minuten\" \/>\n<script type=\"application\/ld+json\" class=\"yoast-schema-graph\">{\"@context\":\"https:\/\/schema.org\",\"@graph\":[{\"@type\":\"WebPage\",\"@id\":\"https:\/\/pool-house.shop\/de\/product\/serenia-8-x-4\/\",\"url\":\"https:\/\/pool-house.shop\/de\/product\/serenia-8-x-4\/\",\"name\":\"SERENIA 8 x 4 - Pool-House\",\"isPartOf\":{\"@id\":\"https:\/\/pool-house.shop\/de\/#website\"},\"primaryImageOfPage\":{\"@id\":\"https:\/\/pool-house.shop\/de\/product\/serenia-8-x-4\/#primaryimage\"},\"image\":{\"@id\":\"https:\/\/pool-house.shop\/de\/product\/serenia-8-x-4\/#primaryimage\"},\"thumbnailUrl\":\"https:\/\/pool-house.shop\/wp-content\/uploads\/2026\/02\/kalifornia-medencefedes-04.jpg\",\"datePublished\":\"2026-02-05T19:06:33+00:00\",\"dateModified\":\"2026-02-05T19:35:14+00:00\",\"breadcrumb\":{\"@id\":\"https:\/\/pool-house.shop\/de\/product\/serenia-8-x-4\/#breadcrumb\"},\"inLanguage\":\"de\",\"potentialAction\":[{\"@type\":\"ReadAction\",\"target\":[\"https:\/\/pool-house.shop\/de\/product\/serenia-8-x-4\/\"]}]},{\"@type\":\"ImageObject\",\"inLanguage\":\"de\",\"@id\":\"https:\/\/pool-house.shop\/de\/product\/serenia-8-x-4\/#primaryimage\",\"url\":\"https:\/\/pool-house.shop\/wp-content\/uploads\/2026\/02\/kalifornia-medencefedes-04.jpg\",\"contentUrl\":\"https:\/\/pool-house.shop\/wp-content\/uploads\/2026\/02\/kalifornia-medencefedes-04.jpg\",\"width\":1920,\"height\":1440},{\"@type\":\"BreadcrumbList\",\"@id\":\"https:\/\/pool-house.shop\/de\/product\/serenia-8-x-4\/#breadcrumb\",\"itemListElement\":[{\"@type\":\"ListItem\",\"position\":1,\"name\":\"Domovsk\u00e1 str\u00e1nka\",\"item\":\"https:\/\/pool-house.shop\/de\/\"},{\"@type\":\"ListItem\",\"position\":2,\"name\":\"Shop\",\"item\":\"https:\/\/pool-house.shop\/de\/shop\/\"},{\"@type\":\"ListItem\",\"position\":3,\"name\":\"SERENIA 8 x 4\"}]},{\"@type\":\"WebSite\",\"@id\":\"https:\/\/pool-house.shop\/de\/#website\",\"url\":\"https:\/\/pool-house.shop\/de\/\",\"name\":\"Pool-House\",\"description\":\"\",\"publisher\":{\"@id\":\"https:\/\/pool-house.shop\/de\/#organization\"},\"potentialAction\":[{\"@type\":\"SearchAction\",\"target\":{\"@type\":\"EntryPoint\",\"urlTemplate\":\"https:\/\/pool-house.shop\/de\/?s={search_term_string}\"},\"query-input\":{\"@type\":\"PropertyValueSpecification\",\"valueRequired\":true,\"valueName\":\"search_term_string\"}}],\"inLanguage\":\"de\"},{\"@type\":\"Organization\",\"@id\":\"https:\/\/pool-house.shop\/de\/#organization\",\"name\":\"Pool-House\",\"url\":\"https:\/\/pool-house.shop\/de\/\",\"logo\":{\"@type\":\"ImageObject\",\"inLanguage\":\"de\",\"@id\":\"https:\/\/pool-house.shop\/de\/#\/schema\/logo\/image\/\",\"url\":\"https:\/\/pool-house.shop\/wp-content\/uploads\/2025\/10\/logo-2-stvorec-mobil-modre.png\",\"contentUrl\":\"https:\/\/pool-house.shop\/wp-content\/uploads\/2025\/10\/logo-2-stvorec-mobil-modre.png\",\"width\":273,\"height\":189,\"caption\":\"Pool-House\"},\"image\":{\"@id\":\"https:\/\/pool-house.shop\/de\/#\/schema\/logo\/image\/\"},\"sameAs\":[\"https:\/\/www.facebook.com\/termodomsk\/\"]}]}<\/script>\n<!-- \/ Yoast SEO plugin. -->","yoast_head_json":{"title":"SERENIA 8 x 4 - Pool-House","robots":{"index":"index","follow":"follow","max-snippet":"max-snippet:-1","max-image-preview":"max-image-preview:large","max-video-preview":"max-video-preview:-1"},"canonical":"https:\/\/pool-house.shop\/de\/product\/serenia-8-x-4\/","og_locale":"de_DE","og_type":"article","og_title":"SERENIA 8 x 4 - Pool-House","og_description":"Klassische Pool\u00fcberdachung im Rundbogenstil mit Schiebet\u00fcr, erh\u00e4ltlich mit massiver oder Mehrsteg-Polycarbonatverglasung. Bietet hohe Stabilit\u00e4t, sichere abgerundete Profile, ein hochwertiges Schienensystem und individuelle Anpassungsm\u00f6glichkeiten. Anfrage f\u00fcr andere Abmessungen, Farben und Zubeh\u00f6r senden Sie bitte an:sales@pool-house.shop","og_url":"https:\/\/pool-house.shop\/de\/product\/serenia-8-x-4\/","og_site_name":"Pool-House","article_publisher":"https:\/\/www.facebook.com\/termodomsk\/","article_modified_time":"2026-02-05T19:35:14+00:00","og_image":[{"width":1920,"height":1440,"url":"https:\/\/pool-house.shop\/wp-content\/uploads\/2026\/02\/kalifornia-medencefedes-04.jpg","type":"image\/jpeg"}],"twitter_card":"summary_large_image","twitter_misc":{"Gesch\u00e4tzte Lesezeit":"2\u00a0Minuten"},"schema":{"@context":"https:\/\/schema.org","@graph":[{"@type":"WebPage","@id":"https:\/\/pool-house.shop\/de\/product\/serenia-8-x-4\/","url":"https:\/\/pool-house.shop\/de\/product\/serenia-8-x-4\/","name":"SERENIA 8 x 4 - Pool-House","isPartOf":{"@id":"https:\/\/pool-house.shop\/de\/#website"},"primaryImageOfPage":{"@id":"https:\/\/pool-house.shop\/de\/product\/serenia-8-x-4\/#primaryimage"},"image":{"@id":"https:\/\/pool-house.shop\/de\/product\/serenia-8-x-4\/#primaryimage"},"thumbnailUrl":"https:\/\/pool-house.shop\/wp-content\/uploads\/2026\/02\/kalifornia-medencefedes-04.jpg","datePublished":"2026-02-05T19:06:33+00:00","dateModified":"2026-02-05T19:35:14+00:00","breadcrumb":{"@id":"https:\/\/pool-house.shop\/de\/product\/serenia-8-x-4\/#breadcrumb"},"inLanguage":"de","potentialAction":[{"@type":"ReadAction","target":["https:\/\/pool-house.shop\/de\/product\/serenia-8-x-4\/"]}]},{"@type":"ImageObject","inLanguage":"de","@id":"https:\/\/pool-house.shop\/de\/product\/serenia-8-x-4\/#primaryimage","url":"https:\/\/pool-house.shop\/wp-content\/uploads\/2026\/02\/kalifornia-medencefedes-04.jpg","contentUrl":"https:\/\/pool-house.shop\/wp-content\/uploads\/2026\/02\/kalifornia-medencefedes-04.jpg","width":1920,"height":1440},{"@type":"BreadcrumbList","@id":"https:\/\/pool-house.shop\/de\/product\/serenia-8-x-4\/#breadcrumb","itemListElement":[{"@type":"ListItem","position":1,"name":"Domovsk\u00e1 str\u00e1nka","item":"https:\/\/pool-house.shop\/de\/"},{"@type":"ListItem","position":2,"name":"Shop","item":"https:\/\/pool-house.shop\/de\/shop\/"},{"@type":"ListItem","position":3,"name":"SERENIA 8 x 4"}]},{"@type":"WebSite","@id":"https:\/\/pool-house.shop\/de\/#website","url":"https:\/\/pool-house.shop\/de\/","name":"Pool-House","description":"","publisher":{"@id":"https:\/\/pool-house.shop\/de\/#organization"},"potentialAction":[{"@type":"SearchAction","target":{"@type":"EntryPoint","urlTemplate":"https:\/\/pool-house.shop\/de\/?s={search_term_string}"},"query-input":{"@type":"PropertyValueSpecification","valueRequired":true,"valueName":"search_term_string"}}],"inLanguage":"de"},{"@type":"Organization","@id":"https:\/\/pool-house.shop\/de\/#organization","name":"Pool-House","url":"https:\/\/pool-house.shop\/de\/","logo":{"@type":"ImageObject","inLanguage":"de","@id":"https:\/\/pool-house.shop\/de\/#\/schema\/logo\/image\/","url":"https:\/\/pool-house.shop\/wp-content\/uploads\/2025\/10\/logo-2-stvorec-mobil-modre.png","contentUrl":"https:\/\/pool-house.shop\/wp-content\/uploads\/2025\/10\/logo-2-stvorec-mobil-modre.png","width":273,"height":189,"caption":"Pool-House"},"image":{"@id":"https:\/\/pool-house.shop\/de\/#\/schema\/logo\/image\/"},"sameAs":["https:\/\/www.facebook.com\/termodomsk\/"]}]}},"_links":{"self":[{"href":"https:\/\/pool-house.shop\/de\/wp-json\/wp\/v2\/product\/11781","targetHints":{"allow":["GET"]}}],"collection":[{"href":"https:\/\/pool-house.shop\/de\/wp-json\/wp\/v2\/product"}],"about":[{"href":"https:\/\/pool-house.shop\/de\/wp-json\/wp\/v2\/types\/product"}],"wp:featuredmedia":[{"embeddable":true,"href":"https:\/\/pool-house.shop\/de\/wp-json\/wp\/v2\/media\/11787"}],"wp:attachment":[{"href":"https:\/\/pool-house.shop\/de\/wp-json\/wp\/v2\/media?parent=11781"}],"wp:term":[{"taxonomy":"product_brand","embeddable":true,"href":"https:\/\/pool-house.shop\/de\/wp-json\/wp\/v2\/product_brand?post=11781"},{"taxonomy":"product_cat","embeddable":true,"href":"https:\/\/pool-house.shop\/de\/wp-json\/wp\/v2\/product_cat?post=11781"},{"taxonomy":"product_tag","embeddable":true,"href":"https:\/\/pool-house.shop\/de\/wp-json\/wp\/v2\/product_tag?post=11781"}],"curies":[{"name":"wp","href":"https:\/\/api.w.org\/{rel}","templated":true}]}}