{"id":11795,"date":"2026-02-05T20:36:14","date_gmt":"2026-02-05T19:36:14","guid":{"rendered":"https:\/\/pool-house.shop\/?post_type=product&#038;p=11795"},"modified":"2026-02-05T21:01:27","modified_gmt":"2026-02-05T20:01:27","slug":"arcadia-small-9-x-4","status":"publish","type":"product","link":"https:\/\/pool-house.shop\/de\/product\/arcadia-small-9-x-4\/","title":{"rendered":"ARCADIA Small 9 x 4"},"content":{"rendered":"<p data-start=\"2059\" data-end=\"2204\"><strong data-start=\"2059\" data-end=\"2204\">Mittelhohe Pool\u00fcberdachung im Korbbogen-Design mit Schiebet\u00fcr. Ausf\u00fchrung mit Mehrsteg- oder massiver, klarer Polycarbonatverglasung m\u00f6glich.<\/strong><\/p>\n<h3 data-start=\"2206\" data-end=\"2236\">W\u00e4hlen Sie Ihre Verglasung<\/h3>\n<p data-start=\"2237\" data-end=\"2512\">Unsere Produkte sind mit zwei Arten von Polycarbonatverglasung erh\u00e4ltlich. Vor dem Kauf sollten Sie Ihre Anforderungen, Pr\u00e4ferenzen und wichtigen Eigenschaften ber\u00fccksichtigen. Der Hauptunterschied zwischen den Varianten liegt im Preis, im individuellen Bedarf und im Design.<\/p>\n<p data-start=\"2514\" data-end=\"2714\"><strong data-start=\"2514\" data-end=\"2548\">Massive Polycarbonatverglasung<\/strong><br data-start=\"2548\" data-end=\"2551\" \/>Die massive, kristallklare Verglasung erm\u00f6glicht eine hervorragende Sicht in den Poolbereich und verleiht der \u00dcberdachung ein modernes, elegantes Erscheinungsbild.<\/p>\n<p data-start=\"2716\" data-end=\"2889\"><strong data-start=\"2716\" data-end=\"2751\">Mehrsteg-Polycarbonatverglasung<\/strong><br data-start=\"2751\" data-end=\"2754\" \/>Die wirtschaftlichste Verglasungsl\u00f6sung, die neugierige Blicke verhindert und gleichzeitig hervorragende W\u00e4rmed\u00e4mmeigenschaften bietet.<\/p>\n<h3 data-start=\"2891\" data-end=\"2908\">Spezifikation<\/h3>\n<p data-start=\"2910\" data-end=\"2927\"><strong data-start=\"2910\" data-end=\"2927\">Eigenschaften<\/strong><\/p>\n<ul data-start=\"2928\" data-end=\"3177\">\n<li data-start=\"2928\" data-end=\"2978\">\n<p data-start=\"2930\" data-end=\"2978\">Mittelhohe Pool\u00fcberdachung im Korbbogen-Design<\/p>\n<\/li>\n<li data-start=\"2979\" data-end=\"3027\">\n<p data-start=\"2981\" data-end=\"3027\">Massive oder Mehrsteg-Polycarbonatverglasung<\/p>\n<\/li>\n<li data-start=\"3028\" data-end=\"3113\">\n<p data-start=\"3030\" data-end=\"3113\">Patentierte Profile mit abgerundeten Kanten und Ecken zur Erh\u00f6hung der Sicherheit<\/p>\n<\/li>\n<li data-start=\"3114\" data-end=\"3177\">\n<p data-start=\"3116\" data-end=\"3177\">H\u00f6he der \u00dcberdachung: 1,50 \u2013 1,65 m (abh\u00e4ngig von der Breite)<\/p>\n<\/li>\n<\/ul>\n<p data-start=\"3179\" data-end=\"3193\"><strong data-start=\"3179\" data-end=\"3193\">Sicherheit<\/strong><\/p>\n<ul data-start=\"3194\" data-end=\"3439\">\n<li data-start=\"3194\" data-end=\"3232\">\n<p data-start=\"3196\" data-end=\"3232\">Kontinuierliches Sturmschutzsystem<\/p>\n<\/li>\n<li data-start=\"3233\" data-end=\"3306\">\n<p data-start=\"3235\" data-end=\"3306\">Abschlie\u00dfbare Schiebet\u00fcr an der Seite oder Dreht\u00fcr im gr\u00f6\u00dften Segment<\/p>\n<\/li>\n<li data-start=\"3307\" data-end=\"3368\">\n<p data-start=\"3309\" data-end=\"3368\">Sicherer, im Profil integrierter Verriegelungsmechanismus<\/p>\n<\/li>\n<li data-start=\"3369\" data-end=\"3439\">\n<p data-start=\"3371\" data-end=\"3439\">Begehbare, abgerundete, extra flache (15 mm) eloxierte Laufschiene<\/p>\n<\/li>\n<\/ul>\n<p data-start=\"3441\" data-end=\"3457\"><strong data-start=\"3441\" data-end=\"3457\">Konstruktion<\/strong><\/p>\n<ul data-start=\"3458\" data-end=\"3623\">\n<li data-start=\"3458\" data-end=\"3528\">\n<p data-start=\"3460\" data-end=\"3528\">Rostfreie Chromstahlschrauben \u2013 verdeckt, von au\u00dfen nicht sichtbar<\/p>\n<\/li>\n<li data-start=\"3529\" data-end=\"3623\">\n<p data-start=\"3531\" data-end=\"3623\">Stabile Kunststoffrollen mit doppeltem, rostfreiem Kugellager, staub- und wasser\u00adgesch\u00fctzt<\/p>\n<\/li>\n<\/ul>\n<p data-start=\"3625\" data-end=\"3650\"><strong data-start=\"3625\" data-end=\"3650\">Optionale Ausstattung<\/strong><\/p>\n<ul data-start=\"3651\" data-end=\"3981\">\n<li data-start=\"3651\" data-end=\"3686\">\n<p data-start=\"3653\" data-end=\"3686\">Mehrere Schiebe- oder Dreht\u00fcren<\/p>\n<\/li>\n<li data-start=\"3687\" data-end=\"3735\">\n<p data-start=\"3689\" data-end=\"3735\">Front- oder Stirnwand mit erh\u00f6htem Abschluss<\/p>\n<\/li>\n<li data-start=\"3736\" data-end=\"3777\">\n<p data-start=\"3738\" data-end=\"3777\">Hohe, verglaste Front- oder Stirnwand<\/p>\n<\/li>\n<li data-start=\"3778\" data-end=\"3821\">\n<p data-start=\"3780\" data-end=\"3821\">Kindersicherung f\u00fcr Segmentverriegelung<\/p>\n<\/li>\n<li data-start=\"3822\" data-end=\"3856\">\n<p data-start=\"3824\" data-end=\"3856\">Individuelle Segmentaufteilung<\/p>\n<\/li>\n<li data-start=\"3857\" data-end=\"3883\">\n<p data-start=\"3859\" data-end=\"3883\">Erh\u00f6hung der Bogenh\u00f6he<\/p>\n<\/li>\n<li data-start=\"3884\" data-end=\"3937\">\n<p data-start=\"3886\" data-end=\"3937\">Aluminiumkonstruktion in individuellen RAL-Farben<\/p>\n<\/li>\n<li data-start=\"3938\" data-end=\"3981\">\n<p data-start=\"3940\" data-end=\"3981\">Motorischer Antrieb f\u00fcr das Verschieben<\/p>\n<\/li>\n<\/ul>\n","protected":false},"excerpt":{"rendered":"<div class=\"flex flex-col text-sm pb-25\">\n<article class=\"text-token-text-primary w-full focus:outline-none [--shadow-height:45px] has-data-writing-block:pointer-events-none has-data-writing-block:-mt-(--shadow-height) has-data-writing-block:pt-(--shadow-height) [&amp;:has([data-writing-block])&gt;*]:pointer-events-auto scroll-mt-[calc(var(--header-height)+min(200px,max(70px,20svh)))]\" dir=\"auto\" tabindex=\"-1\" data-turn-id=\"request-69848a50-0be8-8386-aded-bbaff6321982-4\" data-testid=\"conversation-turn-28\" data-scroll-anchor=\"true\" data-turn=\"assistant\">\n<div class=\"text-base my-auto mx-auto pb-10 [--thread-content-margin:--spacing(4)] @w-sm\/main:[--thread-content-margin:--spacing(6)] @w-lg\/main:[--thread-content-margin:--spacing(16)] px-(--thread-content-margin)\">\n<div class=\"[--thread-content-max-width:40rem] @w-lg\/main:[--thread-content-max-width:48rem] mx-auto max-w-(--thread-content-max-width) flex-1 group\/turn-messages focus-visible:outline-hidden relative flex w-full min-w-0 flex-col agent-turn\" tabindex=\"-1\">\n<div class=\"flex max-w-full flex-col grow\">\n<div class=\"min-h-8 text-message relative flex w-full flex-col items-end gap-2 text-start break-words whitespace-normal [.text-message+&amp;]:mt-1\" dir=\"auto\" data-message-author-role=\"assistant\" data-message-id=\"13a40a03-3cdb-445f-9e94-5f46cef5b6dd\" data-message-model-slug=\"gpt-5-2\">\n<div class=\"flex w-full flex-col gap-1 empty:hidden first:pt-[1px]\">\n<div class=\"markdown prose dark:prose-invert w-full wrap-break-word light markdown-new-styling\">\n<p data-start=\"4463\" data-end=\"4665\">Mittelhohe Pool\u00fcberdachung im Korbbogen-Design mit Schiebet\u00fcr, erh\u00e4ltlich mit massiver oder Mehrsteg-Polycarbonatverglasung. Bietet hohe Stabilit\u00e4t, sichere Profile und flexible Anpassungsm\u00f6glichkeiten.<\/p>\n<p data-start=\"4667\" data-end=\"4879\" data-is-last-node=\"\" data-is-only-node=\"\">Anfrage f\u00fcr andere Abmessungen, Farben und Zubeh\u00f6r senden Sie bitte an:<br data-start=\"4738\" data-end=\"4741\" \/><strong data-start=\"4741\" data-end=\"4879\" data-is-last-node=\"\"><a class=\"decorated-link cursor-pointer\" href=\"mailto:sales@pool-house.shop?subject=ARCADIA small%20Anfrage%20f%C3%BCr%20andere%20Abmessungen,%20Farben%20und%20Zubeh%C3%B6r\" rel=\"noopener\" data-start=\"4743\" data-end=\"4877\">sales@pool-house.shop<\/a><\/strong><\/p>\n<\/div>\n<\/div>\n<\/div>\n<\/div>\n<\/div>\n<\/div>\n<\/article>\n<\/div>\n","protected":false},"featured_media":11817,"template":"","meta":[],"product_brand":[],"product_cat":[313,386],"product_tag":[],"class_list":{"0":"post-11795","1":"product","2":"type-product","3":"status-publish","4":"has-post-thumbnail","6":"product_cat-pooluberdachung","7":"product_cat-pooldach","8":"thunk-woo-product-list","9":"open-woo-hover-none","10":"open-single-product-tab-horizontal","11":"open-shadow-","12":"open-shadow-hover-","14":"first","15":"onbackorder","16":"taxable","17":"shipping-taxable","18":"purchasable","19":"product-type-simple"},"yoast_head":"<!-- This site is optimized with the Yoast SEO plugin v26.9 - https:\/\/yoast.com\/product\/yoast-seo-wordpress\/ -->\n<title>ARCADIA Small 9 x 4 - Pool-House<\/title>\n<meta name=\"robots\" content=\"index, follow, max-snippet:-1, max-image-preview:large, max-video-preview:-1\" \/>\n<link rel=\"canonical\" href=\"https:\/\/pool-house.shop\/de\/product\/arcadia-small-9-x-4\/\" \/>\n<meta property=\"og:locale\" content=\"de_DE\" \/>\n<meta property=\"og:type\" content=\"article\" \/>\n<meta property=\"og:title\" content=\"ARCADIA Small 9 x 4 - Pool-House\" \/>\n<meta property=\"og:description\" content=\"Mittelhohe Pool\u00fcberdachung im Korbbogen-Design mit Schiebet\u00fcr, erh\u00e4ltlich mit massiver oder Mehrsteg-Polycarbonatverglasung. Bietet hohe Stabilit\u00e4t, sichere Profile und flexible Anpassungsm\u00f6glichkeiten. Anfrage f\u00fcr andere Abmessungen, Farben und Zubeh\u00f6r senden Sie bitte an:sales@pool-house.shop\" \/>\n<meta property=\"og:url\" content=\"https:\/\/pool-house.shop\/de\/product\/arcadia-small-9-x-4\/\" \/>\n<meta property=\"og:site_name\" content=\"Pool-House\" \/>\n<meta property=\"article:publisher\" content=\"https:\/\/www.facebook.com\/termodomsk\/\" \/>\n<meta property=\"article:modified_time\" content=\"2026-02-05T20:01:27+00:00\" \/>\n<meta property=\"og:image\" content=\"https:\/\/pool-house.shop\/wp-content\/uploads\/2026\/02\/florida-small-medencefedes-05.jpg\" \/>\n\t<meta property=\"og:image:width\" content=\"1558\" \/>\n\t<meta property=\"og:image:height\" content=\"701\" \/>\n\t<meta property=\"og:image:type\" content=\"image\/jpeg\" \/>\n<meta name=\"twitter:card\" content=\"summary_large_image\" \/>\n<meta name=\"twitter:label1\" content=\"Gesch\u00e4tzte Lesezeit\" \/>\n\t<meta name=\"twitter:data1\" content=\"2\u00a0Minuten\" \/>\n<script type=\"application\/ld+json\" class=\"yoast-schema-graph\">{\"@context\":\"https:\/\/schema.org\",\"@graph\":[{\"@type\":\"WebPage\",\"@id\":\"https:\/\/pool-house.shop\/de\/product\/arcadia-small-9-x-4\/\",\"url\":\"https:\/\/pool-house.shop\/de\/product\/arcadia-small-9-x-4\/\",\"name\":\"ARCADIA Small 9 x 4 - Pool-House\",\"isPartOf\":{\"@id\":\"https:\/\/pool-house.shop\/de\/#website\"},\"primaryImageOfPage\":{\"@id\":\"https:\/\/pool-house.shop\/de\/product\/arcadia-small-9-x-4\/#primaryimage\"},\"image\":{\"@id\":\"https:\/\/pool-house.shop\/de\/product\/arcadia-small-9-x-4\/#primaryimage\"},\"thumbnailUrl\":\"https:\/\/pool-house.shop\/wp-content\/uploads\/2026\/02\/florida-small-medencefedes-05.jpg\",\"datePublished\":\"2026-02-05T19:36:14+00:00\",\"dateModified\":\"2026-02-05T20:01:27+00:00\",\"breadcrumb\":{\"@id\":\"https:\/\/pool-house.shop\/de\/product\/arcadia-small-9-x-4\/#breadcrumb\"},\"inLanguage\":\"de\",\"potentialAction\":[{\"@type\":\"ReadAction\",\"target\":[\"https:\/\/pool-house.shop\/de\/product\/arcadia-small-9-x-4\/\"]}]},{\"@type\":\"ImageObject\",\"inLanguage\":\"de\",\"@id\":\"https:\/\/pool-house.shop\/de\/product\/arcadia-small-9-x-4\/#primaryimage\",\"url\":\"https:\/\/pool-house.shop\/wp-content\/uploads\/2026\/02\/florida-small-medencefedes-05.jpg\",\"contentUrl\":\"https:\/\/pool-house.shop\/wp-content\/uploads\/2026\/02\/florida-small-medencefedes-05.jpg\",\"width\":1558,\"height\":701},{\"@type\":\"BreadcrumbList\",\"@id\":\"https:\/\/pool-house.shop\/de\/product\/arcadia-small-9-x-4\/#breadcrumb\",\"itemListElement\":[{\"@type\":\"ListItem\",\"position\":1,\"name\":\"Domovsk\u00e1 str\u00e1nka\",\"item\":\"https:\/\/pool-house.shop\/de\/\"},{\"@type\":\"ListItem\",\"position\":2,\"name\":\"Shop\",\"item\":\"https:\/\/pool-house.shop\/de\/shop\/\"},{\"@type\":\"ListItem\",\"position\":3,\"name\":\"ARCADIA Small 9 x 4\"}]},{\"@type\":\"WebSite\",\"@id\":\"https:\/\/pool-house.shop\/de\/#website\",\"url\":\"https:\/\/pool-house.shop\/de\/\",\"name\":\"Pool-House\",\"description\":\"\",\"publisher\":{\"@id\":\"https:\/\/pool-house.shop\/de\/#organization\"},\"potentialAction\":[{\"@type\":\"SearchAction\",\"target\":{\"@type\":\"EntryPoint\",\"urlTemplate\":\"https:\/\/pool-house.shop\/de\/?s={search_term_string}\"},\"query-input\":{\"@type\":\"PropertyValueSpecification\",\"valueRequired\":true,\"valueName\":\"search_term_string\"}}],\"inLanguage\":\"de\"},{\"@type\":\"Organization\",\"@id\":\"https:\/\/pool-house.shop\/de\/#organization\",\"name\":\"Pool-House\",\"url\":\"https:\/\/pool-house.shop\/de\/\",\"logo\":{\"@type\":\"ImageObject\",\"inLanguage\":\"de\",\"@id\":\"https:\/\/pool-house.shop\/de\/#\/schema\/logo\/image\/\",\"url\":\"https:\/\/pool-house.shop\/wp-content\/uploads\/2025\/10\/logo-2-stvorec-mobil-modre.png\",\"contentUrl\":\"https:\/\/pool-house.shop\/wp-content\/uploads\/2025\/10\/logo-2-stvorec-mobil-modre.png\",\"width\":273,\"height\":189,\"caption\":\"Pool-House\"},\"image\":{\"@id\":\"https:\/\/pool-house.shop\/de\/#\/schema\/logo\/image\/\"},\"sameAs\":[\"https:\/\/www.facebook.com\/termodomsk\/\"]}]}<\/script>\n<!-- \/ Yoast SEO plugin. -->","yoast_head_json":{"title":"ARCADIA Small 9 x 4 - Pool-House","robots":{"index":"index","follow":"follow","max-snippet":"max-snippet:-1","max-image-preview":"max-image-preview:large","max-video-preview":"max-video-preview:-1"},"canonical":"https:\/\/pool-house.shop\/de\/product\/arcadia-small-9-x-4\/","og_locale":"de_DE","og_type":"article","og_title":"ARCADIA Small 9 x 4 - Pool-House","og_description":"Mittelhohe Pool\u00fcberdachung im Korbbogen-Design mit Schiebet\u00fcr, erh\u00e4ltlich mit massiver oder Mehrsteg-Polycarbonatverglasung. Bietet hohe Stabilit\u00e4t, sichere Profile und flexible Anpassungsm\u00f6glichkeiten. Anfrage f\u00fcr andere Abmessungen, Farben und Zubeh\u00f6r senden Sie bitte an:sales@pool-house.shop","og_url":"https:\/\/pool-house.shop\/de\/product\/arcadia-small-9-x-4\/","og_site_name":"Pool-House","article_publisher":"https:\/\/www.facebook.com\/termodomsk\/","article_modified_time":"2026-02-05T20:01:27+00:00","og_image":[{"width":1558,"height":701,"url":"https:\/\/pool-house.shop\/wp-content\/uploads\/2026\/02\/florida-small-medencefedes-05.jpg","type":"image\/jpeg"}],"twitter_card":"summary_large_image","twitter_misc":{"Gesch\u00e4tzte Lesezeit":"2\u00a0Minuten"},"schema":{"@context":"https:\/\/schema.org","@graph":[{"@type":"WebPage","@id":"https:\/\/pool-house.shop\/de\/product\/arcadia-small-9-x-4\/","url":"https:\/\/pool-house.shop\/de\/product\/arcadia-small-9-x-4\/","name":"ARCADIA Small 9 x 4 - Pool-House","isPartOf":{"@id":"https:\/\/pool-house.shop\/de\/#website"},"primaryImageOfPage":{"@id":"https:\/\/pool-house.shop\/de\/product\/arcadia-small-9-x-4\/#primaryimage"},"image":{"@id":"https:\/\/pool-house.shop\/de\/product\/arcadia-small-9-x-4\/#primaryimage"},"thumbnailUrl":"https:\/\/pool-house.shop\/wp-content\/uploads\/2026\/02\/florida-small-medencefedes-05.jpg","datePublished":"2026-02-05T19:36:14+00:00","dateModified":"2026-02-05T20:01:27+00:00","breadcrumb":{"@id":"https:\/\/pool-house.shop\/de\/product\/arcadia-small-9-x-4\/#breadcrumb"},"inLanguage":"de","potentialAction":[{"@type":"ReadAction","target":["https:\/\/pool-house.shop\/de\/product\/arcadia-small-9-x-4\/"]}]},{"@type":"ImageObject","inLanguage":"de","@id":"https:\/\/pool-house.shop\/de\/product\/arcadia-small-9-x-4\/#primaryimage","url":"https:\/\/pool-house.shop\/wp-content\/uploads\/2026\/02\/florida-small-medencefedes-05.jpg","contentUrl":"https:\/\/pool-house.shop\/wp-content\/uploads\/2026\/02\/florida-small-medencefedes-05.jpg","width":1558,"height":701},{"@type":"BreadcrumbList","@id":"https:\/\/pool-house.shop\/de\/product\/arcadia-small-9-x-4\/#breadcrumb","itemListElement":[{"@type":"ListItem","position":1,"name":"Domovsk\u00e1 str\u00e1nka","item":"https:\/\/pool-house.shop\/de\/"},{"@type":"ListItem","position":2,"name":"Shop","item":"https:\/\/pool-house.shop\/de\/shop\/"},{"@type":"ListItem","position":3,"name":"ARCADIA Small 9 x 4"}]},{"@type":"WebSite","@id":"https:\/\/pool-house.shop\/de\/#website","url":"https:\/\/pool-house.shop\/de\/","name":"Pool-House","description":"","publisher":{"@id":"https:\/\/pool-house.shop\/de\/#organization"},"potentialAction":[{"@type":"SearchAction","target":{"@type":"EntryPoint","urlTemplate":"https:\/\/pool-house.shop\/de\/?s={search_term_string}"},"query-input":{"@type":"PropertyValueSpecification","valueRequired":true,"valueName":"search_term_string"}}],"inLanguage":"de"},{"@type":"Organization","@id":"https:\/\/pool-house.shop\/de\/#organization","name":"Pool-House","url":"https:\/\/pool-house.shop\/de\/","logo":{"@type":"ImageObject","inLanguage":"de","@id":"https:\/\/pool-house.shop\/de\/#\/schema\/logo\/image\/","url":"https:\/\/pool-house.shop\/wp-content\/uploads\/2025\/10\/logo-2-stvorec-mobil-modre.png","contentUrl":"https:\/\/pool-house.shop\/wp-content\/uploads\/2025\/10\/logo-2-stvorec-mobil-modre.png","width":273,"height":189,"caption":"Pool-House"},"image":{"@id":"https:\/\/pool-house.shop\/de\/#\/schema\/logo\/image\/"},"sameAs":["https:\/\/www.facebook.com\/termodomsk\/"]}]}},"_links":{"self":[{"href":"https:\/\/pool-house.shop\/de\/wp-json\/wp\/v2\/product\/11795","targetHints":{"allow":["GET"]}}],"collection":[{"href":"https:\/\/pool-house.shop\/de\/wp-json\/wp\/v2\/product"}],"about":[{"href":"https:\/\/pool-house.shop\/de\/wp-json\/wp\/v2\/types\/product"}],"wp:featuredmedia":[{"embeddable":true,"href":"https:\/\/pool-house.shop\/de\/wp-json\/wp\/v2\/media\/11817"}],"wp:attachment":[{"href":"https:\/\/pool-house.shop\/de\/wp-json\/wp\/v2\/media?parent=11795"}],"wp:term":[{"taxonomy":"product_brand","embeddable":true,"href":"https:\/\/pool-house.shop\/de\/wp-json\/wp\/v2\/product_brand?post=11795"},{"taxonomy":"product_cat","embeddable":true,"href":"https:\/\/pool-house.shop\/de\/wp-json\/wp\/v2\/product_cat?post=11795"},{"taxonomy":"product_tag","embeddable":true,"href":"https:\/\/pool-house.shop\/de\/wp-json\/wp\/v2\/product_tag?post=11795"}],"curies":[{"name":"wp","href":"https:\/\/api.w.org\/{rel}","templated":true}]}}