{"id":11810,"date":"2026-02-05T20:54:15","date_gmt":"2026-02-05T19:54:15","guid":{"rendered":"https:\/\/pool-house.shop\/?post_type=product&#038;p=11810"},"modified":"2026-02-05T21:07:44","modified_gmt":"2026-02-05T20:07:44","slug":"arcadia-10-x-4","status":"publish","type":"product","link":"https:\/\/pool-house.shop\/de\/product\/arcadia-10-x-4\/","title":{"rendered":"ARCADIA 10 x 4"},"content":{"rendered":"<p data-start=\"1996\" data-end=\"2135\"><strong data-start=\"1996\" data-end=\"2135\">Hohe Pool\u00fcberdachung im Korbbogen-Design mit Schiebet\u00fcr. Ausf\u00fchrung mit Mehrsteg- oder massiver, klarer Polycarbonatverglasung m\u00f6glich.<\/strong><\/p>\n<h3 data-start=\"2137\" data-end=\"2167\">W\u00e4hlen Sie Ihre Verglasung<\/h3>\n<p data-start=\"2168\" data-end=\"2405\">Unsere Produkte sind mit zwei Arten von Polycarbonatverglasung erh\u00e4ltlich. Vor dem Kauf sollten Sie Ihre Anforderungen und Pr\u00e4ferenzen ber\u00fccksichtigen. Der Hauptunterschied liegt im Preis, im Design und in den funktionalen Eigenschaften.<\/p>\n<p data-start=\"2407\" data-end=\"2596\"><strong data-start=\"2407\" data-end=\"2441\">Massive Polycarbonatverglasung<\/strong><br data-start=\"2441\" data-end=\"2444\" \/>Die massive, kristallklare Verglasung erm\u00f6glicht eine hervorragende Sicht in den Poolbereich und verleiht der \u00dcberdachung ein modernes Erscheinungsbild.<\/p>\n<p data-start=\"2598\" data-end=\"2756\"><strong data-start=\"2598\" data-end=\"2633\">Mehrsteg-Polycarbonatverglasung<\/strong><br data-start=\"2633\" data-end=\"2636\" \/>Die wirtschaftlichste L\u00f6sung, die neugierige Blicke verhindert und gleichzeitig sehr gute W\u00e4rmed\u00e4mmeigenschaften bietet.<\/p>\n<h3 data-start=\"2758\" data-end=\"2775\">Spezifikation<\/h3>\n<p data-start=\"2777\" data-end=\"2794\"><strong data-start=\"2777\" data-end=\"2794\">Eigenschaften<\/strong><\/p>\n<ul data-start=\"2795\" data-end=\"3038\">\n<li data-start=\"2795\" data-end=\"2839\">\n<p data-start=\"2797\" data-end=\"2839\">Hohe Pool\u00fcberdachung im Korbbogen-Design<\/p>\n<\/li>\n<li data-start=\"2840\" data-end=\"2888\">\n<p data-start=\"2842\" data-end=\"2888\">Massive oder Mehrsteg-Polycarbonatverglasung<\/p>\n<\/li>\n<li data-start=\"2889\" data-end=\"2974\">\n<p data-start=\"2891\" data-end=\"2974\">Patentierte Profile mit abgerundeten Kanten und Ecken zur Erh\u00f6hung der Sicherheit<\/p>\n<\/li>\n<li data-start=\"2975\" data-end=\"3038\">\n<p data-start=\"2977\" data-end=\"3038\">H\u00f6he der \u00dcberdachung: 2,10 \u2013 2,45 m (abh\u00e4ngig von der Breite)<\/p>\n<\/li>\n<\/ul>\n<p data-start=\"3040\" data-end=\"3054\"><strong data-start=\"3040\" data-end=\"3054\">Sicherheit<\/strong><\/p>\n<ul data-start=\"3055\" data-end=\"3300\">\n<li data-start=\"3055\" data-end=\"3093\">\n<p data-start=\"3057\" data-end=\"3093\">Kontinuierliches Sturmschutzsystem<\/p>\n<\/li>\n<li data-start=\"3094\" data-end=\"3167\">\n<p data-start=\"3096\" data-end=\"3167\">Abschlie\u00dfbare Schiebet\u00fcr an der Seite oder Dreht\u00fcr im gr\u00f6\u00dften Segment<\/p>\n<\/li>\n<li data-start=\"3168\" data-end=\"3229\">\n<p data-start=\"3170\" data-end=\"3229\">Sicherer, im Profil integrierter Verriegelungsmechanismus<\/p>\n<\/li>\n<li data-start=\"3230\" data-end=\"3300\">\n<p data-start=\"3232\" data-end=\"3300\">Begehbare, abgerundete, extra flache (15 mm) eloxierte Laufschiene<\/p>\n<\/li>\n<\/ul>\n<p data-start=\"3302\" data-end=\"3318\"><strong data-start=\"3302\" data-end=\"3318\">Konstruktion<\/strong><\/p>\n<ul data-start=\"3319\" data-end=\"3483\">\n<li data-start=\"3319\" data-end=\"3389\">\n<p data-start=\"3321\" data-end=\"3389\">Rostfreie Chromstahlschrauben \u2013 verdeckt, von au\u00dfen nicht sichtbar<\/p>\n<\/li>\n<li data-start=\"3390\" data-end=\"3483\">\n<p data-start=\"3392\" data-end=\"3483\">Stabile Kunststoffrollen mit doppeltem, rostfreiem Kugellager, staub- und wassergesch\u00fctzt<\/p>\n<\/li>\n<\/ul>\n<p data-start=\"3485\" data-end=\"3510\"><strong data-start=\"3485\" data-end=\"3510\">Optionale Ausstattung<\/strong><\/p>\n<ul data-start=\"3511\" data-end=\"3841\">\n<li data-start=\"3511\" data-end=\"3546\">\n<p data-start=\"3513\" data-end=\"3546\">Mehrere Schiebe- oder Dreht\u00fcren<\/p>\n<\/li>\n<li data-start=\"3547\" data-end=\"3595\">\n<p data-start=\"3549\" data-end=\"3595\">Front- oder Stirnwand mit erh\u00f6htem Abschluss<\/p>\n<\/li>\n<li data-start=\"3596\" data-end=\"3637\">\n<p data-start=\"3598\" data-end=\"3637\">Hohe, verglaste Front- oder Stirnwand<\/p>\n<\/li>\n<li data-start=\"3638\" data-end=\"3681\">\n<p data-start=\"3640\" data-end=\"3681\">Kindersicherung f\u00fcr Segmentverriegelung<\/p>\n<\/li>\n<li data-start=\"3682\" data-end=\"3716\">\n<p data-start=\"3684\" data-end=\"3716\">Individuelle Segmentaufteilung<\/p>\n<\/li>\n<li data-start=\"3717\" data-end=\"3743\">\n<p data-start=\"3719\" data-end=\"3743\">Erh\u00f6hung der Bogenh\u00f6he<\/p>\n<\/li>\n<li data-start=\"3744\" data-end=\"3797\">\n<p data-start=\"3746\" data-end=\"3797\">Aluminiumkonstruktion in individuellen RAL-Farben<\/p>\n<\/li>\n<li data-start=\"3798\" data-end=\"3841\">\n<p data-start=\"3800\" data-end=\"3841\">Motorischer Antrieb f\u00fcr das Verschieben<\/p>\n<\/li>\n<\/ul>\n","protected":false},"excerpt":{"rendered":"<p data-start=\"4300\" data-end=\"4491\">Hohe Pool\u00fcberdachung im Korbbogen-Design mit Schiebet\u00fcr, erh\u00e4ltlich mit massiver oder Mehrsteg-Polycarbonatverglasung. Ideal f\u00fcr komfortable Nutzung des Poolbereichs und ganzj\u00e4hrigen Betrieb.<\/p>\n<p data-start=\"4493\" data-end=\"4705\" data-is-last-node=\"\" data-is-only-node=\"\">Anfrage f\u00fcr andere Abmessungen, Farben und Zubeh\u00f6r senden Sie bitte an:<br data-start=\"4564\" data-end=\"4567\" \/><strong data-start=\"4567\" data-end=\"4705\" data-is-last-node=\"\"><a class=\"decorated-link cursor-pointer\" href=\"mailto:sales@pool-house.shop?subject=ARCADIA%20Anfrage%20f%C3%BCr%20andere%20Abmessungen,%20Farben%20und%20Zubeh%C3%B6r\" rel=\"noopener\" data-start=\"4569\" data-end=\"4703\">sales@pool-house.shop<\/a><\/strong><\/p>\n","protected":false},"featured_media":11803,"template":"","meta":[],"product_brand":[],"product_cat":[313,386],"product_tag":[],"class_list":{"0":"post-11810","1":"product","2":"type-product","3":"status-publish","4":"has-post-thumbnail","6":"product_cat-pooluberdachung","7":"product_cat-pooldach","8":"thunk-woo-product-list","9":"open-woo-hover-none","10":"open-single-product-tab-horizontal","11":"open-shadow-","12":"open-shadow-hover-","14":"first","15":"onbackorder","16":"taxable","17":"shipping-taxable","18":"purchasable","19":"product-type-simple"},"yoast_head":"<!-- This site is optimized with the Yoast SEO plugin v26.9 - https:\/\/yoast.com\/product\/yoast-seo-wordpress\/ -->\n<title>ARCADIA 10 x 4 - Pool-House<\/title>\n<meta name=\"robots\" content=\"index, follow, max-snippet:-1, max-image-preview:large, max-video-preview:-1\" \/>\n<link rel=\"canonical\" href=\"https:\/\/pool-house.shop\/de\/product\/arcadia-10-x-4\/\" \/>\n<meta property=\"og:locale\" content=\"de_DE\" \/>\n<meta property=\"og:type\" content=\"article\" \/>\n<meta property=\"og:title\" content=\"ARCADIA 10 x 4 - Pool-House\" \/>\n<meta property=\"og:description\" content=\"Hohe Pool\u00fcberdachung im Korbbogen-Design mit Schiebet\u00fcr, erh\u00e4ltlich mit massiver oder Mehrsteg-Polycarbonatverglasung. Ideal f\u00fcr komfortable Nutzung des Poolbereichs und ganzj\u00e4hrigen Betrieb. Anfrage f\u00fcr andere Abmessungen, Farben und Zubeh\u00f6r senden Sie bitte an:sales@pool-house.shop\" \/>\n<meta property=\"og:url\" content=\"https:\/\/pool-house.shop\/de\/product\/arcadia-10-x-4\/\" \/>\n<meta property=\"og:site_name\" content=\"Pool-House\" \/>\n<meta property=\"article:publisher\" content=\"https:\/\/www.facebook.com\/termodomsk\/\" \/>\n<meta property=\"article:modified_time\" content=\"2026-02-05T20:07:44+00:00\" \/>\n<meta property=\"og:image\" content=\"https:\/\/pool-house.shop\/wp-content\/uploads\/2026\/02\/florida-medencefedes-05.jpg\" \/>\n\t<meta property=\"og:image:width\" content=\"1253\" \/>\n\t<meta property=\"og:image:height\" content=\"590\" \/>\n\t<meta property=\"og:image:type\" content=\"image\/jpeg\" \/>\n<meta name=\"twitter:card\" content=\"summary_large_image\" \/>\n<meta name=\"twitter:label1\" content=\"Gesch\u00e4tzte Lesezeit\" \/>\n\t<meta name=\"twitter:data1\" content=\"2\u00a0Minuten\" \/>\n<script type=\"application\/ld+json\" class=\"yoast-schema-graph\">{\"@context\":\"https:\/\/schema.org\",\"@graph\":[{\"@type\":\"WebPage\",\"@id\":\"https:\/\/pool-house.shop\/de\/product\/arcadia-10-x-4\/\",\"url\":\"https:\/\/pool-house.shop\/de\/product\/arcadia-10-x-4\/\",\"name\":\"ARCADIA 10 x 4 - Pool-House\",\"isPartOf\":{\"@id\":\"https:\/\/pool-house.shop\/de\/#website\"},\"primaryImageOfPage\":{\"@id\":\"https:\/\/pool-house.shop\/de\/product\/arcadia-10-x-4\/#primaryimage\"},\"image\":{\"@id\":\"https:\/\/pool-house.shop\/de\/product\/arcadia-10-x-4\/#primaryimage\"},\"thumbnailUrl\":\"https:\/\/pool-house.shop\/wp-content\/uploads\/2026\/02\/florida-medencefedes-05.jpg\",\"datePublished\":\"2026-02-05T19:54:15+00:00\",\"dateModified\":\"2026-02-05T20:07:44+00:00\",\"breadcrumb\":{\"@id\":\"https:\/\/pool-house.shop\/de\/product\/arcadia-10-x-4\/#breadcrumb\"},\"inLanguage\":\"de\",\"potentialAction\":[{\"@type\":\"ReadAction\",\"target\":[\"https:\/\/pool-house.shop\/de\/product\/arcadia-10-x-4\/\"]}]},{\"@type\":\"ImageObject\",\"inLanguage\":\"de\",\"@id\":\"https:\/\/pool-house.shop\/de\/product\/arcadia-10-x-4\/#primaryimage\",\"url\":\"https:\/\/pool-house.shop\/wp-content\/uploads\/2026\/02\/florida-medencefedes-05.jpg\",\"contentUrl\":\"https:\/\/pool-house.shop\/wp-content\/uploads\/2026\/02\/florida-medencefedes-05.jpg\",\"width\":1253,\"height\":590},{\"@type\":\"BreadcrumbList\",\"@id\":\"https:\/\/pool-house.shop\/de\/product\/arcadia-10-x-4\/#breadcrumb\",\"itemListElement\":[{\"@type\":\"ListItem\",\"position\":1,\"name\":\"Domovsk\u00e1 str\u00e1nka\",\"item\":\"https:\/\/pool-house.shop\/de\/\"},{\"@type\":\"ListItem\",\"position\":2,\"name\":\"Shop\",\"item\":\"https:\/\/pool-house.shop\/de\/shop\/\"},{\"@type\":\"ListItem\",\"position\":3,\"name\":\"ARCADIA 10 x 4\"}]},{\"@type\":\"WebSite\",\"@id\":\"https:\/\/pool-house.shop\/de\/#website\",\"url\":\"https:\/\/pool-house.shop\/de\/\",\"name\":\"Pool-House\",\"description\":\"\",\"publisher\":{\"@id\":\"https:\/\/pool-house.shop\/de\/#organization\"},\"potentialAction\":[{\"@type\":\"SearchAction\",\"target\":{\"@type\":\"EntryPoint\",\"urlTemplate\":\"https:\/\/pool-house.shop\/de\/?s={search_term_string}\"},\"query-input\":{\"@type\":\"PropertyValueSpecification\",\"valueRequired\":true,\"valueName\":\"search_term_string\"}}],\"inLanguage\":\"de\"},{\"@type\":\"Organization\",\"@id\":\"https:\/\/pool-house.shop\/de\/#organization\",\"name\":\"Pool-House\",\"url\":\"https:\/\/pool-house.shop\/de\/\",\"logo\":{\"@type\":\"ImageObject\",\"inLanguage\":\"de\",\"@id\":\"https:\/\/pool-house.shop\/de\/#\/schema\/logo\/image\/\",\"url\":\"https:\/\/pool-house.shop\/wp-content\/uploads\/2025\/10\/logo-2-stvorec-mobil-modre.png\",\"contentUrl\":\"https:\/\/pool-house.shop\/wp-content\/uploads\/2025\/10\/logo-2-stvorec-mobil-modre.png\",\"width\":273,\"height\":189,\"caption\":\"Pool-House\"},\"image\":{\"@id\":\"https:\/\/pool-house.shop\/de\/#\/schema\/logo\/image\/\"},\"sameAs\":[\"https:\/\/www.facebook.com\/termodomsk\/\"]}]}<\/script>\n<!-- \/ Yoast SEO plugin. -->","yoast_head_json":{"title":"ARCADIA 10 x 4 - Pool-House","robots":{"index":"index","follow":"follow","max-snippet":"max-snippet:-1","max-image-preview":"max-image-preview:large","max-video-preview":"max-video-preview:-1"},"canonical":"https:\/\/pool-house.shop\/de\/product\/arcadia-10-x-4\/","og_locale":"de_DE","og_type":"article","og_title":"ARCADIA 10 x 4 - Pool-House","og_description":"Hohe Pool\u00fcberdachung im Korbbogen-Design mit Schiebet\u00fcr, erh\u00e4ltlich mit massiver oder Mehrsteg-Polycarbonatverglasung. Ideal f\u00fcr komfortable Nutzung des Poolbereichs und ganzj\u00e4hrigen Betrieb. Anfrage f\u00fcr andere Abmessungen, Farben und Zubeh\u00f6r senden Sie bitte an:sales@pool-house.shop","og_url":"https:\/\/pool-house.shop\/de\/product\/arcadia-10-x-4\/","og_site_name":"Pool-House","article_publisher":"https:\/\/www.facebook.com\/termodomsk\/","article_modified_time":"2026-02-05T20:07:44+00:00","og_image":[{"width":1253,"height":590,"url":"https:\/\/pool-house.shop\/wp-content\/uploads\/2026\/02\/florida-medencefedes-05.jpg","type":"image\/jpeg"}],"twitter_card":"summary_large_image","twitter_misc":{"Gesch\u00e4tzte Lesezeit":"2\u00a0Minuten"},"schema":{"@context":"https:\/\/schema.org","@graph":[{"@type":"WebPage","@id":"https:\/\/pool-house.shop\/de\/product\/arcadia-10-x-4\/","url":"https:\/\/pool-house.shop\/de\/product\/arcadia-10-x-4\/","name":"ARCADIA 10 x 4 - Pool-House","isPartOf":{"@id":"https:\/\/pool-house.shop\/de\/#website"},"primaryImageOfPage":{"@id":"https:\/\/pool-house.shop\/de\/product\/arcadia-10-x-4\/#primaryimage"},"image":{"@id":"https:\/\/pool-house.shop\/de\/product\/arcadia-10-x-4\/#primaryimage"},"thumbnailUrl":"https:\/\/pool-house.shop\/wp-content\/uploads\/2026\/02\/florida-medencefedes-05.jpg","datePublished":"2026-02-05T19:54:15+00:00","dateModified":"2026-02-05T20:07:44+00:00","breadcrumb":{"@id":"https:\/\/pool-house.shop\/de\/product\/arcadia-10-x-4\/#breadcrumb"},"inLanguage":"de","potentialAction":[{"@type":"ReadAction","target":["https:\/\/pool-house.shop\/de\/product\/arcadia-10-x-4\/"]}]},{"@type":"ImageObject","inLanguage":"de","@id":"https:\/\/pool-house.shop\/de\/product\/arcadia-10-x-4\/#primaryimage","url":"https:\/\/pool-house.shop\/wp-content\/uploads\/2026\/02\/florida-medencefedes-05.jpg","contentUrl":"https:\/\/pool-house.shop\/wp-content\/uploads\/2026\/02\/florida-medencefedes-05.jpg","width":1253,"height":590},{"@type":"BreadcrumbList","@id":"https:\/\/pool-house.shop\/de\/product\/arcadia-10-x-4\/#breadcrumb","itemListElement":[{"@type":"ListItem","position":1,"name":"Domovsk\u00e1 str\u00e1nka","item":"https:\/\/pool-house.shop\/de\/"},{"@type":"ListItem","position":2,"name":"Shop","item":"https:\/\/pool-house.shop\/de\/shop\/"},{"@type":"ListItem","position":3,"name":"ARCADIA 10 x 4"}]},{"@type":"WebSite","@id":"https:\/\/pool-house.shop\/de\/#website","url":"https:\/\/pool-house.shop\/de\/","name":"Pool-House","description":"","publisher":{"@id":"https:\/\/pool-house.shop\/de\/#organization"},"potentialAction":[{"@type":"SearchAction","target":{"@type":"EntryPoint","urlTemplate":"https:\/\/pool-house.shop\/de\/?s={search_term_string}"},"query-input":{"@type":"PropertyValueSpecification","valueRequired":true,"valueName":"search_term_string"}}],"inLanguage":"de"},{"@type":"Organization","@id":"https:\/\/pool-house.shop\/de\/#organization","name":"Pool-House","url":"https:\/\/pool-house.shop\/de\/","logo":{"@type":"ImageObject","inLanguage":"de","@id":"https:\/\/pool-house.shop\/de\/#\/schema\/logo\/image\/","url":"https:\/\/pool-house.shop\/wp-content\/uploads\/2025\/10\/logo-2-stvorec-mobil-modre.png","contentUrl":"https:\/\/pool-house.shop\/wp-content\/uploads\/2025\/10\/logo-2-stvorec-mobil-modre.png","width":273,"height":189,"caption":"Pool-House"},"image":{"@id":"https:\/\/pool-house.shop\/de\/#\/schema\/logo\/image\/"},"sameAs":["https:\/\/www.facebook.com\/termodomsk\/"]}]}},"_links":{"self":[{"href":"https:\/\/pool-house.shop\/de\/wp-json\/wp\/v2\/product\/11810","targetHints":{"allow":["GET"]}}],"collection":[{"href":"https:\/\/pool-house.shop\/de\/wp-json\/wp\/v2\/product"}],"about":[{"href":"https:\/\/pool-house.shop\/de\/wp-json\/wp\/v2\/types\/product"}],"wp:featuredmedia":[{"embeddable":true,"href":"https:\/\/pool-house.shop\/de\/wp-json\/wp\/v2\/media\/11803"}],"wp:attachment":[{"href":"https:\/\/pool-house.shop\/de\/wp-json\/wp\/v2\/media?parent=11810"}],"wp:term":[{"taxonomy":"product_brand","embeddable":true,"href":"https:\/\/pool-house.shop\/de\/wp-json\/wp\/v2\/product_brand?post=11810"},{"taxonomy":"product_cat","embeddable":true,"href":"https:\/\/pool-house.shop\/de\/wp-json\/wp\/v2\/product_cat?post=11810"},{"taxonomy":"product_tag","embeddable":true,"href":"https:\/\/pool-house.shop\/de\/wp-json\/wp\/v2\/product_tag?post=11810"}],"curies":[{"name":"wp","href":"https:\/\/api.w.org\/{rel}","templated":true}]}}