{"id":11843,"date":"2026-02-05T21:20:57","date_gmt":"2026-02-05T20:20:57","guid":{"rendered":"https:\/\/pool-house.shop\/?post_type=product&#038;p=11843"},"modified":"2026-02-05T21:29:53","modified_gmt":"2026-02-05T20:29:53","slug":"altara-8-x-4-kopia","status":"publish","type":"product","link":"https:\/\/pool-house.shop\/de\/product\/altara-8-x-4-kopia\/","title":{"rendered":"LUNARA 10 x 5"},"content":{"rendered":"<p data-start=\"2113\" data-end=\"2316\"><strong data-start=\"2113\" data-end=\"2316\">Asymmetrische, moderne Pool\u00fcberdachung mit einseitiger Erh\u00f6hung. Schiebe- oder Dreht\u00fcren seitlich oder an der Frontwand m\u00f6glich. Ausf\u00fchrung mit Mehrsteg- oder massiver, klarer Polycarbonatverglasung.<\/strong><\/p>\n<h3 data-start=\"2318\" data-end=\"2348\">W\u00e4hlen Sie Ihre Verglasung<\/h3>\n<p data-start=\"2349\" data-end=\"2585\">Unsere Produkte sind mit zwei Arten von Polycarbonatverglasung erh\u00e4ltlich. Vor dem Kauf sollten Sie Ihre Anforderungen, Pr\u00e4ferenzen und wichtigen Eigenschaften ber\u00fccksichtigen. Der Hauptunterschied liegt im Preis, im Design und im Stil.<\/p>\n<p data-start=\"2587\" data-end=\"2776\"><strong data-start=\"2587\" data-end=\"2621\">Massive Polycarbonatverglasung<\/strong><br data-start=\"2621\" data-end=\"2624\" \/>Die massive, kristallklare Verglasung erm\u00f6glicht eine hervorragende Sicht in den Poolbereich und verleiht der \u00dcberdachung ein modernes Erscheinungsbild.<\/p>\n<p data-start=\"2778\" data-end=\"2936\"><strong data-start=\"2778\" data-end=\"2813\">Mehrsteg-Polycarbonatverglasung<\/strong><br data-start=\"2813\" data-end=\"2816\" \/>Die wirtschaftlichste L\u00f6sung, die neugierige Blicke verhindert und gleichzeitig sehr gute W\u00e4rmed\u00e4mmeigenschaften bietet.<\/p>\n<h3 data-start=\"2938\" data-end=\"2955\">Spezifikation<\/h3>\n<p data-start=\"2957\" data-end=\"2974\"><strong data-start=\"2957\" data-end=\"2974\">Eigenschaften<\/strong><\/p>\n<ul data-start=\"2975\" data-end=\"3232\">\n<li data-start=\"2975\" data-end=\"3033\">\n<p data-start=\"2977\" data-end=\"3033\">Asymmetrische Pool\u00fcberdachung mit einseitiger Erh\u00f6hung<\/p>\n<\/li>\n<li data-start=\"3034\" data-end=\"3082\">\n<p data-start=\"3036\" data-end=\"3082\">Massive oder Mehrsteg-Polycarbonatverglasung<\/p>\n<\/li>\n<li data-start=\"3083\" data-end=\"3168\">\n<p data-start=\"3085\" data-end=\"3168\">Patentierte Profile mit abgerundeten Kanten und Ecken zur Erh\u00f6hung der Sicherheit<\/p>\n<\/li>\n<li data-start=\"3169\" data-end=\"3232\">\n<p data-start=\"3171\" data-end=\"3232\">H\u00f6he der \u00dcberdachung: 2,10 \u2013 2,45 m (abh\u00e4ngig von der Breite)<\/p>\n<\/li>\n<\/ul>\n<p data-start=\"3234\" data-end=\"3248\"><strong data-start=\"3234\" data-end=\"3248\">Sicherheit<\/strong><\/p>\n<ul data-start=\"3249\" data-end=\"3494\">\n<li data-start=\"3249\" data-end=\"3287\">\n<p data-start=\"3251\" data-end=\"3287\">Kontinuierliches Sturmschutzsystem<\/p>\n<\/li>\n<li data-start=\"3288\" data-end=\"3361\">\n<p data-start=\"3290\" data-end=\"3361\">Abschlie\u00dfbare Schiebet\u00fcr an der Seite oder Dreht\u00fcr im gr\u00f6\u00dften Segment<\/p>\n<\/li>\n<li data-start=\"3362\" data-end=\"3423\">\n<p data-start=\"3364\" data-end=\"3423\">Sicherer, im Profil integrierter Verriegelungsmechanismus<\/p>\n<\/li>\n<li data-start=\"3424\" data-end=\"3494\">\n<p data-start=\"3426\" data-end=\"3494\">Begehbare, abgerundete, extra flache (15 mm) eloxierte Laufschiene<\/p>\n<\/li>\n<\/ul>\n<p data-start=\"3496\" data-end=\"3512\"><strong data-start=\"3496\" data-end=\"3512\">Konstruktion<\/strong><\/p>\n<ul data-start=\"3513\" data-end=\"3677\">\n<li data-start=\"3513\" data-end=\"3583\">\n<p data-start=\"3515\" data-end=\"3583\">Rostfreie Chromstahlschrauben \u2013 verdeckt, von au\u00dfen nicht sichtbar<\/p>\n<\/li>\n<li data-start=\"3584\" data-end=\"3677\">\n<p data-start=\"3586\" data-end=\"3677\">Stabile Kunststoffrollen mit doppeltem, rostfreiem Kugellager, staub- und wassergesch\u00fctzt<\/p>\n<\/li>\n<\/ul>\n<p data-start=\"3679\" data-end=\"3704\"><strong data-start=\"3679\" data-end=\"3704\">Optionale Ausstattung<\/strong><\/p>\n<ul data-start=\"3705\" data-end=\"4035\">\n<li data-start=\"3705\" data-end=\"3740\">\n<p data-start=\"3707\" data-end=\"3740\">Mehrere Schiebe- oder Dreht\u00fcren<\/p>\n<\/li>\n<li data-start=\"3741\" data-end=\"3789\">\n<p data-start=\"3743\" data-end=\"3789\">Front- oder Stirnwand mit erh\u00f6htem Abschluss<\/p>\n<\/li>\n<li data-start=\"3790\" data-end=\"3831\">\n<p data-start=\"3792\" data-end=\"3831\">Hohe, verglaste Front- oder Stirnwand<\/p>\n<\/li>\n<li data-start=\"3832\" data-end=\"3875\">\n<p data-start=\"3834\" data-end=\"3875\">Kindersicherung f\u00fcr Segmentverriegelung<\/p>\n<\/li>\n<li data-start=\"3876\" data-end=\"3910\">\n<p data-start=\"3878\" data-end=\"3910\">Individuelle Segmentaufteilung<\/p>\n<\/li>\n<li data-start=\"3911\" data-end=\"3937\">\n<p data-start=\"3913\" data-end=\"3937\">Erh\u00f6hung der Bogenh\u00f6he<\/p>\n<\/li>\n<li data-start=\"3938\" data-end=\"3991\">\n<p data-start=\"3940\" data-end=\"3991\">Aluminiumkonstruktion in individuellen RAL-Farben<\/p>\n<\/li>\n<li data-start=\"3992\" data-end=\"4035\">\n<p data-start=\"3994\" data-end=\"4035\">Motorischer Antrieb f\u00fcr das Verschieben<\/p>\n<\/li>\n<\/ul>\n","protected":false},"excerpt":{"rendered":"<p data-start=\"474\" data-end=\"744\">Moderne asymmetrische Pool\u00fcberdachung mit einseitiger Erh\u00f6hung, wahlweise mit Schiebe- oder Dreht\u00fcr. Erh\u00e4ltlich mit massiver oder Mehrsteg-Polycarbonatverglasung, bietet sie hohen Komfort, sichere Profile und flexible Anpassungsm\u00f6glichkeiten.<\/p>\n<p data-start=\"746\" data-end=\"957\" data-is-last-node=\"\" data-is-only-node=\"\">Anfrage f\u00fcr andere Abmessungen, Farben und Zubeh\u00f6r senden Sie bitte an:<br data-start=\"817\" data-end=\"820\" \/><strong data-start=\"820\" data-end=\"957\" data-is-last-node=\"\"><a class=\"decorated-link cursor-pointer\" href=\"mailto:sales@pool-house.shop?subject=LUNARA%20Anfrage%20f%C3%BCr%20andere%20Abmessungen,%20Farben%20und%20Zubeh%C3%B6r\" rel=\"noopener\" data-start=\"822\" data-end=\"955\">sales@pool-house.shop<\/a><\/strong><\/p>\n","protected":false},"featured_media":11852,"template":"","meta":[],"product_brand":[],"product_cat":[313,386],"product_tag":[],"class_list":{"0":"post-11843","1":"product","2":"type-product","3":"status-publish","4":"has-post-thumbnail","6":"product_cat-pooluberdachung","7":"product_cat-pooldach","8":"thunk-woo-product-list","9":"open-woo-hover-none","10":"open-single-product-tab-horizontal","11":"open-shadow-","12":"open-shadow-hover-","14":"first","15":"onbackorder","16":"taxable","17":"shipping-taxable","18":"purchasable","19":"product-type-simple"},"yoast_head":"<!-- This site is optimized with the Yoast SEO plugin v26.9 - https:\/\/yoast.com\/product\/yoast-seo-wordpress\/ -->\n<title>LUNARA 10 x 5 - Pool-House<\/title>\n<meta name=\"robots\" content=\"index, follow, max-snippet:-1, max-image-preview:large, max-video-preview:-1\" \/>\n<link rel=\"canonical\" href=\"https:\/\/pool-house.shop\/de\/product\/altara-8-x-4-kopia\/\" \/>\n<meta property=\"og:locale\" content=\"de_DE\" \/>\n<meta property=\"og:type\" content=\"article\" \/>\n<meta property=\"og:title\" content=\"LUNARA 10 x 5 - Pool-House\" \/>\n<meta property=\"og:description\" content=\"Moderne asymmetrische Pool\u00fcberdachung mit einseitiger Erh\u00f6hung, wahlweise mit Schiebe- oder Dreht\u00fcr. Erh\u00e4ltlich mit massiver oder Mehrsteg-Polycarbonatverglasung, bietet sie hohen Komfort, sichere Profile und flexible Anpassungsm\u00f6glichkeiten. Anfrage f\u00fcr andere Abmessungen, Farben und Zubeh\u00f6r senden Sie bitte an:sales@pool-house.shop\" \/>\n<meta property=\"og:url\" content=\"https:\/\/pool-house.shop\/de\/product\/altara-8-x-4-kopia\/\" \/>\n<meta property=\"og:site_name\" content=\"Pool-House\" \/>\n<meta property=\"article:publisher\" content=\"https:\/\/www.facebook.com\/termodomsk\/\" \/>\n<meta property=\"article:modified_time\" content=\"2026-02-05T20:29:53+00:00\" \/>\n<meta property=\"og:image\" content=\"https:\/\/pool-house.shop\/wp-content\/uploads\/2026\/02\/rio-medencefedes-04.jpg\" \/>\n\t<meta property=\"og:image:width\" content=\"1920\" \/>\n\t<meta property=\"og:image:height\" content=\"1234\" \/>\n\t<meta property=\"og:image:type\" content=\"image\/jpeg\" \/>\n<meta name=\"twitter:card\" content=\"summary_large_image\" \/>\n<meta name=\"twitter:label1\" content=\"Gesch\u00e4tzte Lesezeit\" \/>\n\t<meta name=\"twitter:data1\" content=\"2\u00a0Minuten\" \/>\n<script type=\"application\/ld+json\" class=\"yoast-schema-graph\">{\"@context\":\"https:\/\/schema.org\",\"@graph\":[{\"@type\":\"WebPage\",\"@id\":\"https:\/\/pool-house.shop\/de\/product\/altara-8-x-4-kopia\/\",\"url\":\"https:\/\/pool-house.shop\/de\/product\/altara-8-x-4-kopia\/\",\"name\":\"LUNARA 10 x 5 - Pool-House\",\"isPartOf\":{\"@id\":\"https:\/\/pool-house.shop\/de\/#website\"},\"primaryImageOfPage\":{\"@id\":\"https:\/\/pool-house.shop\/de\/product\/altara-8-x-4-kopia\/#primaryimage\"},\"image\":{\"@id\":\"https:\/\/pool-house.shop\/de\/product\/altara-8-x-4-kopia\/#primaryimage\"},\"thumbnailUrl\":\"https:\/\/pool-house.shop\/wp-content\/uploads\/2026\/02\/rio-medencefedes-04.jpg\",\"datePublished\":\"2026-02-05T20:20:57+00:00\",\"dateModified\":\"2026-02-05T20:29:53+00:00\",\"breadcrumb\":{\"@id\":\"https:\/\/pool-house.shop\/de\/product\/altara-8-x-4-kopia\/#breadcrumb\"},\"inLanguage\":\"de\",\"potentialAction\":[{\"@type\":\"ReadAction\",\"target\":[\"https:\/\/pool-house.shop\/de\/product\/altara-8-x-4-kopia\/\"]}]},{\"@type\":\"ImageObject\",\"inLanguage\":\"de\",\"@id\":\"https:\/\/pool-house.shop\/de\/product\/altara-8-x-4-kopia\/#primaryimage\",\"url\":\"https:\/\/pool-house.shop\/wp-content\/uploads\/2026\/02\/rio-medencefedes-04.jpg\",\"contentUrl\":\"https:\/\/pool-house.shop\/wp-content\/uploads\/2026\/02\/rio-medencefedes-04.jpg\",\"width\":1920,\"height\":1234},{\"@type\":\"BreadcrumbList\",\"@id\":\"https:\/\/pool-house.shop\/de\/product\/altara-8-x-4-kopia\/#breadcrumb\",\"itemListElement\":[{\"@type\":\"ListItem\",\"position\":1,\"name\":\"Domovsk\u00e1 str\u00e1nka\",\"item\":\"https:\/\/pool-house.shop\/de\/\"},{\"@type\":\"ListItem\",\"position\":2,\"name\":\"Shop\",\"item\":\"https:\/\/pool-house.shop\/de\/shop\/\"},{\"@type\":\"ListItem\",\"position\":3,\"name\":\"LUNARA 10 x 5\"}]},{\"@type\":\"WebSite\",\"@id\":\"https:\/\/pool-house.shop\/de\/#website\",\"url\":\"https:\/\/pool-house.shop\/de\/\",\"name\":\"Pool-House\",\"description\":\"\",\"publisher\":{\"@id\":\"https:\/\/pool-house.shop\/de\/#organization\"},\"potentialAction\":[{\"@type\":\"SearchAction\",\"target\":{\"@type\":\"EntryPoint\",\"urlTemplate\":\"https:\/\/pool-house.shop\/de\/?s={search_term_string}\"},\"query-input\":{\"@type\":\"PropertyValueSpecification\",\"valueRequired\":true,\"valueName\":\"search_term_string\"}}],\"inLanguage\":\"de\"},{\"@type\":\"Organization\",\"@id\":\"https:\/\/pool-house.shop\/de\/#organization\",\"name\":\"Pool-House\",\"url\":\"https:\/\/pool-house.shop\/de\/\",\"logo\":{\"@type\":\"ImageObject\",\"inLanguage\":\"de\",\"@id\":\"https:\/\/pool-house.shop\/de\/#\/schema\/logo\/image\/\",\"url\":\"https:\/\/pool-house.shop\/wp-content\/uploads\/2025\/10\/logo-2-stvorec-mobil-modre.png\",\"contentUrl\":\"https:\/\/pool-house.shop\/wp-content\/uploads\/2025\/10\/logo-2-stvorec-mobil-modre.png\",\"width\":273,\"height\":189,\"caption\":\"Pool-House\"},\"image\":{\"@id\":\"https:\/\/pool-house.shop\/de\/#\/schema\/logo\/image\/\"},\"sameAs\":[\"https:\/\/www.facebook.com\/termodomsk\/\"]}]}<\/script>\n<!-- \/ Yoast SEO plugin. -->","yoast_head_json":{"title":"LUNARA 10 x 5 - Pool-House","robots":{"index":"index","follow":"follow","max-snippet":"max-snippet:-1","max-image-preview":"max-image-preview:large","max-video-preview":"max-video-preview:-1"},"canonical":"https:\/\/pool-house.shop\/de\/product\/altara-8-x-4-kopia\/","og_locale":"de_DE","og_type":"article","og_title":"LUNARA 10 x 5 - Pool-House","og_description":"Moderne asymmetrische Pool\u00fcberdachung mit einseitiger Erh\u00f6hung, wahlweise mit Schiebe- oder Dreht\u00fcr. Erh\u00e4ltlich mit massiver oder Mehrsteg-Polycarbonatverglasung, bietet sie hohen Komfort, sichere Profile und flexible Anpassungsm\u00f6glichkeiten. Anfrage f\u00fcr andere Abmessungen, Farben und Zubeh\u00f6r senden Sie bitte an:sales@pool-house.shop","og_url":"https:\/\/pool-house.shop\/de\/product\/altara-8-x-4-kopia\/","og_site_name":"Pool-House","article_publisher":"https:\/\/www.facebook.com\/termodomsk\/","article_modified_time":"2026-02-05T20:29:53+00:00","og_image":[{"width":1920,"height":1234,"url":"https:\/\/pool-house.shop\/wp-content\/uploads\/2026\/02\/rio-medencefedes-04.jpg","type":"image\/jpeg"}],"twitter_card":"summary_large_image","twitter_misc":{"Gesch\u00e4tzte Lesezeit":"2\u00a0Minuten"},"schema":{"@context":"https:\/\/schema.org","@graph":[{"@type":"WebPage","@id":"https:\/\/pool-house.shop\/de\/product\/altara-8-x-4-kopia\/","url":"https:\/\/pool-house.shop\/de\/product\/altara-8-x-4-kopia\/","name":"LUNARA 10 x 5 - Pool-House","isPartOf":{"@id":"https:\/\/pool-house.shop\/de\/#website"},"primaryImageOfPage":{"@id":"https:\/\/pool-house.shop\/de\/product\/altara-8-x-4-kopia\/#primaryimage"},"image":{"@id":"https:\/\/pool-house.shop\/de\/product\/altara-8-x-4-kopia\/#primaryimage"},"thumbnailUrl":"https:\/\/pool-house.shop\/wp-content\/uploads\/2026\/02\/rio-medencefedes-04.jpg","datePublished":"2026-02-05T20:20:57+00:00","dateModified":"2026-02-05T20:29:53+00:00","breadcrumb":{"@id":"https:\/\/pool-house.shop\/de\/product\/altara-8-x-4-kopia\/#breadcrumb"},"inLanguage":"de","potentialAction":[{"@type":"ReadAction","target":["https:\/\/pool-house.shop\/de\/product\/altara-8-x-4-kopia\/"]}]},{"@type":"ImageObject","inLanguage":"de","@id":"https:\/\/pool-house.shop\/de\/product\/altara-8-x-4-kopia\/#primaryimage","url":"https:\/\/pool-house.shop\/wp-content\/uploads\/2026\/02\/rio-medencefedes-04.jpg","contentUrl":"https:\/\/pool-house.shop\/wp-content\/uploads\/2026\/02\/rio-medencefedes-04.jpg","width":1920,"height":1234},{"@type":"BreadcrumbList","@id":"https:\/\/pool-house.shop\/de\/product\/altara-8-x-4-kopia\/#breadcrumb","itemListElement":[{"@type":"ListItem","position":1,"name":"Domovsk\u00e1 str\u00e1nka","item":"https:\/\/pool-house.shop\/de\/"},{"@type":"ListItem","position":2,"name":"Shop","item":"https:\/\/pool-house.shop\/de\/shop\/"},{"@type":"ListItem","position":3,"name":"LUNARA 10 x 5"}]},{"@type":"WebSite","@id":"https:\/\/pool-house.shop\/de\/#website","url":"https:\/\/pool-house.shop\/de\/","name":"Pool-House","description":"","publisher":{"@id":"https:\/\/pool-house.shop\/de\/#organization"},"potentialAction":[{"@type":"SearchAction","target":{"@type":"EntryPoint","urlTemplate":"https:\/\/pool-house.shop\/de\/?s={search_term_string}"},"query-input":{"@type":"PropertyValueSpecification","valueRequired":true,"valueName":"search_term_string"}}],"inLanguage":"de"},{"@type":"Organization","@id":"https:\/\/pool-house.shop\/de\/#organization","name":"Pool-House","url":"https:\/\/pool-house.shop\/de\/","logo":{"@type":"ImageObject","inLanguage":"de","@id":"https:\/\/pool-house.shop\/de\/#\/schema\/logo\/image\/","url":"https:\/\/pool-house.shop\/wp-content\/uploads\/2025\/10\/logo-2-stvorec-mobil-modre.png","contentUrl":"https:\/\/pool-house.shop\/wp-content\/uploads\/2025\/10\/logo-2-stvorec-mobil-modre.png","width":273,"height":189,"caption":"Pool-House"},"image":{"@id":"https:\/\/pool-house.shop\/de\/#\/schema\/logo\/image\/"},"sameAs":["https:\/\/www.facebook.com\/termodomsk\/"]}]}},"_links":{"self":[{"href":"https:\/\/pool-house.shop\/de\/wp-json\/wp\/v2\/product\/11843","targetHints":{"allow":["GET"]}}],"collection":[{"href":"https:\/\/pool-house.shop\/de\/wp-json\/wp\/v2\/product"}],"about":[{"href":"https:\/\/pool-house.shop\/de\/wp-json\/wp\/v2\/types\/product"}],"wp:featuredmedia":[{"embeddable":true,"href":"https:\/\/pool-house.shop\/de\/wp-json\/wp\/v2\/media\/11852"}],"wp:attachment":[{"href":"https:\/\/pool-house.shop\/de\/wp-json\/wp\/v2\/media?parent=11843"}],"wp:term":[{"taxonomy":"product_brand","embeddable":true,"href":"https:\/\/pool-house.shop\/de\/wp-json\/wp\/v2\/product_brand?post=11843"},{"taxonomy":"product_cat","embeddable":true,"href":"https:\/\/pool-house.shop\/de\/wp-json\/wp\/v2\/product_cat?post=11843"},{"taxonomy":"product_tag","embeddable":true,"href":"https:\/\/pool-house.shop\/de\/wp-json\/wp\/v2\/product_tag?post=11843"}],"curies":[{"name":"wp","href":"https:\/\/api.w.org\/{rel}","templated":true}]}}