{"id":11859,"date":"2026-02-05T21:35:37","date_gmt":"2026-02-05T20:35:37","guid":{"rendered":"https:\/\/pool-house.shop\/?post_type=product&#038;p=11859"},"modified":"2026-02-05T21:43:46","modified_gmt":"2026-02-05T20:43:46","slug":"silvana-7-x-3-5","status":"publish","type":"product","link":"https:\/\/pool-house.shop\/de\/product\/silvana-7-x-3-5\/","title":{"rendered":"SILVANA 7 x 3,5"},"content":{"rendered":"<p data-start=\"2218\" data-end=\"2508\"><strong data-start=\"2218\" data-end=\"2508\">Hohe, gebogene, asymmetrische Pool\u00fcberdachung mit Laufschiene auf der h\u00f6heren Seite, die an ein Geb\u00e4ude oder eine tragende Konstruktion angebunden ist. Schiebe- oder Dreht\u00fcren seitlich oder an der Frontwand m\u00f6glich. Ausf\u00fchrung mit Mehrsteg- oder massiver, klarer Polycarbonatverglasung.<\/strong><\/p>\n<h3 data-start=\"2510\" data-end=\"2540\">W\u00e4hlen Sie Ihre Verglasung<\/h3>\n<p data-start=\"2541\" data-end=\"2777\">Unsere Produkte sind mit zwei Arten von Polycarbonatverglasung erh\u00e4ltlich. Vor dem Kauf sollten Sie Ihre Anforderungen, Pr\u00e4ferenzen und wichtigen Eigenschaften ber\u00fccksichtigen. Der Hauptunterschied liegt im Preis, im Design und im Stil.<\/p>\n<p data-start=\"2779\" data-end=\"2979\"><strong data-start=\"2779\" data-end=\"2813\">Massive Polycarbonatverglasung<\/strong><br data-start=\"2813\" data-end=\"2816\" \/>Die massive, kristallklare Verglasung erm\u00f6glicht eine hervorragende Sicht in den Poolbereich und verleiht der \u00dcberdachung ein modernes, elegantes Erscheinungsbild.<\/p>\n<p data-start=\"2981\" data-end=\"3139\"><strong data-start=\"2981\" data-end=\"3016\">Mehrsteg-Polycarbonatverglasung<\/strong><br data-start=\"3016\" data-end=\"3019\" \/>Die wirtschaftlichste L\u00f6sung, die neugierige Blicke verhindert und gleichzeitig sehr gute W\u00e4rmed\u00e4mmeigenschaften bietet.<\/p>\n<h3 data-start=\"3141\" data-end=\"3158\">Spezifikation<\/h3>\n<p data-start=\"3160\" data-end=\"3177\"><strong data-start=\"3160\" data-end=\"3177\">Eigenschaften<\/strong><\/p>\n<ul data-start=\"3178\" data-end=\"3451\">\n<li data-start=\"3178\" data-end=\"3252\">\n<p data-start=\"3180\" data-end=\"3252\">Gebogene, asymmetrische Pool\u00fcberdachung, einseitig an der Wand gef\u00fchrt<\/p>\n<\/li>\n<li data-start=\"3253\" data-end=\"3301\">\n<p data-start=\"3255\" data-end=\"3301\">Massive oder Mehrsteg-Polycarbonatverglasung<\/p>\n<\/li>\n<li data-start=\"3302\" data-end=\"3387\">\n<p data-start=\"3304\" data-end=\"3387\">Patentierte Profile mit abgerundeten Kanten und Ecken zur Erh\u00f6hung der Sicherheit<\/p>\n<\/li>\n<li data-start=\"3388\" data-end=\"3451\">\n<p data-start=\"3390\" data-end=\"3451\">H\u00f6he der \u00dcberdachung: 2,10 \u2013 2,60 m (abh\u00e4ngig von der Breite)<\/p>\n<\/li>\n<\/ul>\n<p data-start=\"3453\" data-end=\"3467\"><strong data-start=\"3453\" data-end=\"3467\">Sicherheit<\/strong><\/p>\n<ul data-start=\"3468\" data-end=\"3713\">\n<li data-start=\"3468\" data-end=\"3506\">\n<p data-start=\"3470\" data-end=\"3506\">Kontinuierliches Sturmschutzsystem<\/p>\n<\/li>\n<li data-start=\"3507\" data-end=\"3580\">\n<p data-start=\"3509\" data-end=\"3580\">Abschlie\u00dfbare Schiebet\u00fcr an der Seite oder Dreht\u00fcr im gr\u00f6\u00dften Segment<\/p>\n<\/li>\n<li data-start=\"3581\" data-end=\"3642\">\n<p data-start=\"3583\" data-end=\"3642\">Sicherer, im Profil integrierter Verriegelungsmechanismus<\/p>\n<\/li>\n<li data-start=\"3643\" data-end=\"3713\">\n<p data-start=\"3645\" data-end=\"3713\">Begehbare, abgerundete, extra flache (15 mm) eloxierte Laufschiene<\/p>\n<\/li>\n<\/ul>\n<p data-start=\"3715\" data-end=\"3731\"><strong data-start=\"3715\" data-end=\"3731\">Konstruktion<\/strong><\/p>\n<ul data-start=\"3732\" data-end=\"3896\">\n<li data-start=\"3732\" data-end=\"3802\">\n<p data-start=\"3734\" data-end=\"3802\">Rostfreie Chromstahlschrauben \u2013 verdeckt, von au\u00dfen nicht sichtbar<\/p>\n<\/li>\n<li data-start=\"3803\" data-end=\"3896\">\n<p data-start=\"3805\" data-end=\"3896\">Stabile Kunststoffrollen mit doppeltem, rostfreiem Kugellager, staub- und wassergesch\u00fctzt<\/p>\n<\/li>\n<\/ul>\n<p data-start=\"3898\" data-end=\"3923\"><strong data-start=\"3898\" data-end=\"3923\">Optionale Ausstattung<\/strong><\/p>\n<ul data-start=\"3924\" data-end=\"4254\">\n<li data-start=\"3924\" data-end=\"3959\">\n<p data-start=\"3926\" data-end=\"3959\">Mehrere Schiebe- oder Dreht\u00fcren<\/p>\n<\/li>\n<li data-start=\"3960\" data-end=\"4008\">\n<p data-start=\"3962\" data-end=\"4008\">Front- oder Stirnwand mit erh\u00f6htem Abschluss<\/p>\n<\/li>\n<li data-start=\"4009\" data-end=\"4050\">\n<p data-start=\"4011\" data-end=\"4050\">Hohe, verglaste Front- oder Stirnwand<\/p>\n<\/li>\n<li data-start=\"4051\" data-end=\"4094\">\n<p data-start=\"4053\" data-end=\"4094\">Kindersicherung f\u00fcr Segmentverriegelung<\/p>\n<\/li>\n<li data-start=\"4095\" data-end=\"4129\">\n<p data-start=\"4097\" data-end=\"4129\">Individuelle Segmentaufteilung<\/p>\n<\/li>\n<li data-start=\"4130\" data-end=\"4156\">\n<p data-start=\"4132\" data-end=\"4156\">Erh\u00f6hung der Bogenh\u00f6he<\/p>\n<\/li>\n<li data-start=\"4157\" data-end=\"4210\">\n<p data-start=\"4159\" data-end=\"4210\">Aluminiumkonstruktion in individuellen RAL-Farben<\/p>\n<\/li>\n<li data-start=\"4211\" data-end=\"4254\">\n<p data-start=\"4213\" data-end=\"4254\">Motorischer Antrieb f\u00fcr das Verschieben<\/p>\n<\/li>\n<\/ul>\n","protected":false},"excerpt":{"rendered":"<p data-start=\"4715\" data-end=\"4928\">Hohe, gebogene und asymmetrische Pool\u00fcberdachung, einseitig an der Wand gef\u00fchrt und ideal f\u00fcr die Montage am Geb\u00e4ude. Erh\u00e4ltlich mit massiver oder Mehrsteg-Polycarbonatverglasung sowie mit Schiebe- oder Dreht\u00fcren.<\/p>\n<p data-start=\"4930\" data-end=\"5142\" data-is-last-node=\"\" data-is-only-node=\"\">Anfrage f\u00fcr andere Abmessungen, Farben und Zubeh\u00f6r senden Sie bitte an:<br data-start=\"5001\" data-end=\"5004\" \/><strong data-start=\"5004\" data-end=\"5142\" data-is-last-node=\"\"><a class=\"decorated-link cursor-pointer\" href=\"mailto:sales@pool-house.shop?subject=SILVANA%20Anfrage%20f%C3%BCr%20andere%20Abmessungen,%20Farben%20und%20Zubeh%C3%B6r\" rel=\"noopener\" data-start=\"5006\" data-end=\"5140\">sales@pool-house.shop<\/a><\/strong><\/p>\n","protected":false},"featured_media":11865,"template":"","meta":[],"product_brand":[],"product_cat":[313,386],"product_tag":[],"class_list":{"0":"post-11859","1":"product","2":"type-product","3":"status-publish","4":"has-post-thumbnail","6":"product_cat-pooluberdachung","7":"product_cat-pooldach","8":"thunk-woo-product-list","9":"open-woo-hover-none","10":"open-single-product-tab-horizontal","11":"open-shadow-","12":"open-shadow-hover-","14":"first","15":"onbackorder","16":"taxable","17":"shipping-taxable","18":"purchasable","19":"product-type-simple"},"yoast_head":"<!-- This site is optimized with the Yoast SEO plugin v26.9 - https:\/\/yoast.com\/product\/yoast-seo-wordpress\/ -->\n<title>SILVANA 7 x 3,5 - Pool-House<\/title>\n<meta name=\"robots\" content=\"index, follow, max-snippet:-1, max-image-preview:large, max-video-preview:-1\" \/>\n<link rel=\"canonical\" href=\"https:\/\/pool-house.shop\/de\/product\/silvana-7-x-3-5\/\" \/>\n<meta property=\"og:locale\" content=\"de_DE\" \/>\n<meta property=\"og:type\" content=\"article\" \/>\n<meta property=\"og:title\" content=\"SILVANA 7 x 3,5 - Pool-House\" \/>\n<meta property=\"og:description\" content=\"Hohe, gebogene und asymmetrische Pool\u00fcberdachung, einseitig an der Wand gef\u00fchrt und ideal f\u00fcr die Montage am Geb\u00e4ude. Erh\u00e4ltlich mit massiver oder Mehrsteg-Polycarbonatverglasung sowie mit Schiebe- oder Dreht\u00fcren. Anfrage f\u00fcr andere Abmessungen, Farben und Zubeh\u00f6r senden Sie bitte an:sales@pool-house.shop\" \/>\n<meta property=\"og:url\" content=\"https:\/\/pool-house.shop\/de\/product\/silvana-7-x-3-5\/\" \/>\n<meta property=\"og:site_name\" content=\"Pool-House\" \/>\n<meta property=\"article:publisher\" content=\"https:\/\/www.facebook.com\/termodomsk\/\" \/>\n<meta property=\"article:modified_time\" content=\"2026-02-05T20:43:46+00:00\" \/>\n<meta property=\"og:image\" content=\"https:\/\/pool-house.shop\/wp-content\/uploads\/2026\/02\/texas-medencefedes-02.jpg\" \/>\n\t<meta property=\"og:image:width\" content=\"1032\" \/>\n\t<meta property=\"og:image:height\" content=\"690\" \/>\n\t<meta property=\"og:image:type\" content=\"image\/jpeg\" \/>\n<meta name=\"twitter:card\" content=\"summary_large_image\" \/>\n<meta name=\"twitter:label1\" content=\"Gesch\u00e4tzte Lesezeit\" \/>\n\t<meta name=\"twitter:data1\" content=\"2\u00a0Minuten\" \/>\n<script type=\"application\/ld+json\" class=\"yoast-schema-graph\">{\"@context\":\"https:\/\/schema.org\",\"@graph\":[{\"@type\":\"WebPage\",\"@id\":\"https:\/\/pool-house.shop\/de\/product\/silvana-7-x-3-5\/\",\"url\":\"https:\/\/pool-house.shop\/de\/product\/silvana-7-x-3-5\/\",\"name\":\"SILVANA 7 x 3,5 - Pool-House\",\"isPartOf\":{\"@id\":\"https:\/\/pool-house.shop\/de\/#website\"},\"primaryImageOfPage\":{\"@id\":\"https:\/\/pool-house.shop\/de\/product\/silvana-7-x-3-5\/#primaryimage\"},\"image\":{\"@id\":\"https:\/\/pool-house.shop\/de\/product\/silvana-7-x-3-5\/#primaryimage\"},\"thumbnailUrl\":\"https:\/\/pool-house.shop\/wp-content\/uploads\/2026\/02\/texas-medencefedes-02.jpg\",\"datePublished\":\"2026-02-05T20:35:37+00:00\",\"dateModified\":\"2026-02-05T20:43:46+00:00\",\"breadcrumb\":{\"@id\":\"https:\/\/pool-house.shop\/de\/product\/silvana-7-x-3-5\/#breadcrumb\"},\"inLanguage\":\"de\",\"potentialAction\":[{\"@type\":\"ReadAction\",\"target\":[\"https:\/\/pool-house.shop\/de\/product\/silvana-7-x-3-5\/\"]}]},{\"@type\":\"ImageObject\",\"inLanguage\":\"de\",\"@id\":\"https:\/\/pool-house.shop\/de\/product\/silvana-7-x-3-5\/#primaryimage\",\"url\":\"https:\/\/pool-house.shop\/wp-content\/uploads\/2026\/02\/texas-medencefedes-02.jpg\",\"contentUrl\":\"https:\/\/pool-house.shop\/wp-content\/uploads\/2026\/02\/texas-medencefedes-02.jpg\",\"width\":1032,\"height\":690},{\"@type\":\"BreadcrumbList\",\"@id\":\"https:\/\/pool-house.shop\/de\/product\/silvana-7-x-3-5\/#breadcrumb\",\"itemListElement\":[{\"@type\":\"ListItem\",\"position\":1,\"name\":\"Domovsk\u00e1 str\u00e1nka\",\"item\":\"https:\/\/pool-house.shop\/de\/\"},{\"@type\":\"ListItem\",\"position\":2,\"name\":\"Shop\",\"item\":\"https:\/\/pool-house.shop\/de\/shop\/\"},{\"@type\":\"ListItem\",\"position\":3,\"name\":\"SILVANA 7 x 3,5\"}]},{\"@type\":\"WebSite\",\"@id\":\"https:\/\/pool-house.shop\/de\/#website\",\"url\":\"https:\/\/pool-house.shop\/de\/\",\"name\":\"Pool-House\",\"description\":\"\",\"publisher\":{\"@id\":\"https:\/\/pool-house.shop\/de\/#organization\"},\"potentialAction\":[{\"@type\":\"SearchAction\",\"target\":{\"@type\":\"EntryPoint\",\"urlTemplate\":\"https:\/\/pool-house.shop\/de\/?s={search_term_string}\"},\"query-input\":{\"@type\":\"PropertyValueSpecification\",\"valueRequired\":true,\"valueName\":\"search_term_string\"}}],\"inLanguage\":\"de\"},{\"@type\":\"Organization\",\"@id\":\"https:\/\/pool-house.shop\/de\/#organization\",\"name\":\"Pool-House\",\"url\":\"https:\/\/pool-house.shop\/de\/\",\"logo\":{\"@type\":\"ImageObject\",\"inLanguage\":\"de\",\"@id\":\"https:\/\/pool-house.shop\/de\/#\/schema\/logo\/image\/\",\"url\":\"https:\/\/pool-house.shop\/wp-content\/uploads\/2025\/10\/logo-2-stvorec-mobil-modre.png\",\"contentUrl\":\"https:\/\/pool-house.shop\/wp-content\/uploads\/2025\/10\/logo-2-stvorec-mobil-modre.png\",\"width\":273,\"height\":189,\"caption\":\"Pool-House\"},\"image\":{\"@id\":\"https:\/\/pool-house.shop\/de\/#\/schema\/logo\/image\/\"},\"sameAs\":[\"https:\/\/www.facebook.com\/termodomsk\/\"]}]}<\/script>\n<!-- \/ Yoast SEO plugin. -->","yoast_head_json":{"title":"SILVANA 7 x 3,5 - Pool-House","robots":{"index":"index","follow":"follow","max-snippet":"max-snippet:-1","max-image-preview":"max-image-preview:large","max-video-preview":"max-video-preview:-1"},"canonical":"https:\/\/pool-house.shop\/de\/product\/silvana-7-x-3-5\/","og_locale":"de_DE","og_type":"article","og_title":"SILVANA 7 x 3,5 - Pool-House","og_description":"Hohe, gebogene und asymmetrische Pool\u00fcberdachung, einseitig an der Wand gef\u00fchrt und ideal f\u00fcr die Montage am Geb\u00e4ude. Erh\u00e4ltlich mit massiver oder Mehrsteg-Polycarbonatverglasung sowie mit Schiebe- oder Dreht\u00fcren. Anfrage f\u00fcr andere Abmessungen, Farben und Zubeh\u00f6r senden Sie bitte an:sales@pool-house.shop","og_url":"https:\/\/pool-house.shop\/de\/product\/silvana-7-x-3-5\/","og_site_name":"Pool-House","article_publisher":"https:\/\/www.facebook.com\/termodomsk\/","article_modified_time":"2026-02-05T20:43:46+00:00","og_image":[{"width":1032,"height":690,"url":"https:\/\/pool-house.shop\/wp-content\/uploads\/2026\/02\/texas-medencefedes-02.jpg","type":"image\/jpeg"}],"twitter_card":"summary_large_image","twitter_misc":{"Gesch\u00e4tzte Lesezeit":"2\u00a0Minuten"},"schema":{"@context":"https:\/\/schema.org","@graph":[{"@type":"WebPage","@id":"https:\/\/pool-house.shop\/de\/product\/silvana-7-x-3-5\/","url":"https:\/\/pool-house.shop\/de\/product\/silvana-7-x-3-5\/","name":"SILVANA 7 x 3,5 - Pool-House","isPartOf":{"@id":"https:\/\/pool-house.shop\/de\/#website"},"primaryImageOfPage":{"@id":"https:\/\/pool-house.shop\/de\/product\/silvana-7-x-3-5\/#primaryimage"},"image":{"@id":"https:\/\/pool-house.shop\/de\/product\/silvana-7-x-3-5\/#primaryimage"},"thumbnailUrl":"https:\/\/pool-house.shop\/wp-content\/uploads\/2026\/02\/texas-medencefedes-02.jpg","datePublished":"2026-02-05T20:35:37+00:00","dateModified":"2026-02-05T20:43:46+00:00","breadcrumb":{"@id":"https:\/\/pool-house.shop\/de\/product\/silvana-7-x-3-5\/#breadcrumb"},"inLanguage":"de","potentialAction":[{"@type":"ReadAction","target":["https:\/\/pool-house.shop\/de\/product\/silvana-7-x-3-5\/"]}]},{"@type":"ImageObject","inLanguage":"de","@id":"https:\/\/pool-house.shop\/de\/product\/silvana-7-x-3-5\/#primaryimage","url":"https:\/\/pool-house.shop\/wp-content\/uploads\/2026\/02\/texas-medencefedes-02.jpg","contentUrl":"https:\/\/pool-house.shop\/wp-content\/uploads\/2026\/02\/texas-medencefedes-02.jpg","width":1032,"height":690},{"@type":"BreadcrumbList","@id":"https:\/\/pool-house.shop\/de\/product\/silvana-7-x-3-5\/#breadcrumb","itemListElement":[{"@type":"ListItem","position":1,"name":"Domovsk\u00e1 str\u00e1nka","item":"https:\/\/pool-house.shop\/de\/"},{"@type":"ListItem","position":2,"name":"Shop","item":"https:\/\/pool-house.shop\/de\/shop\/"},{"@type":"ListItem","position":3,"name":"SILVANA 7 x 3,5"}]},{"@type":"WebSite","@id":"https:\/\/pool-house.shop\/de\/#website","url":"https:\/\/pool-house.shop\/de\/","name":"Pool-House","description":"","publisher":{"@id":"https:\/\/pool-house.shop\/de\/#organization"},"potentialAction":[{"@type":"SearchAction","target":{"@type":"EntryPoint","urlTemplate":"https:\/\/pool-house.shop\/de\/?s={search_term_string}"},"query-input":{"@type":"PropertyValueSpecification","valueRequired":true,"valueName":"search_term_string"}}],"inLanguage":"de"},{"@type":"Organization","@id":"https:\/\/pool-house.shop\/de\/#organization","name":"Pool-House","url":"https:\/\/pool-house.shop\/de\/","logo":{"@type":"ImageObject","inLanguage":"de","@id":"https:\/\/pool-house.shop\/de\/#\/schema\/logo\/image\/","url":"https:\/\/pool-house.shop\/wp-content\/uploads\/2025\/10\/logo-2-stvorec-mobil-modre.png","contentUrl":"https:\/\/pool-house.shop\/wp-content\/uploads\/2025\/10\/logo-2-stvorec-mobil-modre.png","width":273,"height":189,"caption":"Pool-House"},"image":{"@id":"https:\/\/pool-house.shop\/de\/#\/schema\/logo\/image\/"},"sameAs":["https:\/\/www.facebook.com\/termodomsk\/"]}]}},"_links":{"self":[{"href":"https:\/\/pool-house.shop\/de\/wp-json\/wp\/v2\/product\/11859","targetHints":{"allow":["GET"]}}],"collection":[{"href":"https:\/\/pool-house.shop\/de\/wp-json\/wp\/v2\/product"}],"about":[{"href":"https:\/\/pool-house.shop\/de\/wp-json\/wp\/v2\/types\/product"}],"wp:featuredmedia":[{"embeddable":true,"href":"https:\/\/pool-house.shop\/de\/wp-json\/wp\/v2\/media\/11865"}],"wp:attachment":[{"href":"https:\/\/pool-house.shop\/de\/wp-json\/wp\/v2\/media?parent=11859"}],"wp:term":[{"taxonomy":"product_brand","embeddable":true,"href":"https:\/\/pool-house.shop\/de\/wp-json\/wp\/v2\/product_brand?post=11859"},{"taxonomy":"product_cat","embeddable":true,"href":"https:\/\/pool-house.shop\/de\/wp-json\/wp\/v2\/product_cat?post=11859"},{"taxonomy":"product_tag","embeddable":true,"href":"https:\/\/pool-house.shop\/de\/wp-json\/wp\/v2\/product_tag?post=11859"}],"curies":[{"name":"wp","href":"https:\/\/api.w.org\/{rel}","templated":true}]}}