{"id":12023,"date":"2026-02-13T13:08:50","date_gmt":"2026-02-13T12:08:50","guid":{"rendered":"https:\/\/pool-house.shop\/?post_type=product&#038;p=12023"},"modified":"2026-03-03T12:32:04","modified_gmt":"2026-03-03T11:32:04","slug":"astralpool-skimmer-17-5-l-mit-breitmaul-fuer-folienbecken","status":"publish","type":"product","link":"https:\/\/pool-house.shop\/de\/product\/astralpool-skimmer-17-5-l-mit-breitmaul-fuer-folienbecken\/","title":{"rendered":"AstralPool Skimmer 15 l mit breitem Skimmermaul \u2013 f\u00fcr Folienbecken"},"content":{"rendered":"<p data-start=\"109\" data-end=\"156\"><strong data-start=\"109\" data-end=\"156\">ABS-Skimmer ASTRALPOOL f\u00fcr Schwimmbecken mit UV-Schutz<\/strong><\/p>\n<p data-start=\"158\" data-end=\"363\">Alle Komponenten dieser Skimmer-Serie sind UV-best\u00e4ndig und aus hochwertigem ABS gefertigt. Der Skimmer ist mit einer integrierten Wehrklappe (Wehrklappe) und einem Durchflussregler-Stopfen ausgestattet.<\/p>\n<p data-start=\"365\" data-end=\"378\">Anschl\u00fcsse:<\/p>\n<ul data-start=\"379\" data-end=\"492\">\n<li data-start=\"379\" data-end=\"415\">\n<p data-start=\"381\" data-end=\"415\">Sauganschluss: 1 \u00bd\u201d Innengewinde<\/p>\n<\/li>\n<li data-start=\"416\" data-end=\"461\">\n<p data-start=\"418\" data-end=\"461\">Anschluss an Hauptablauf: 2\u201d Innengewinde<\/p>\n<\/li>\n<li data-start=\"462\" data-end=\"492\">\n<p data-start=\"464\" data-end=\"492\">\u00dcberlaufanschluss: \u00d8 32 mm<\/p>\n<\/li>\n<\/ul>\n<p data-start=\"494\" data-end=\"678\">Die runde Abdeckung verf\u00fcgt \u00fcber ein Federclip-Befestigungssystem. Dank des verl\u00e4ngerten Halses ist sie h\u00f6henverstellbar und drehbar, sodass sie b\u00fcndig mit dem Beckenrand abschlie\u00dft.<\/p>\n<p data-start=\"680\" data-end=\"783\">Der Laubfangkorb ist mittels Bajonettverschluss sicher befestigt. Empfohlene Durchflussmenge: 5 m\u00b3\/h.<\/p>\n<p data-start=\"785\" data-end=\"834\">Empfehlung: 1 Skimmer pro 25 m\u00b2 Wasseroberfl\u00e4che.<\/p>\n","protected":false},"excerpt":{"rendered":"<div class=\"flex flex-col text-sm pb-25\">\n<article class=\"text-token-text-primary w-full focus:outline-none [--shadow-height:45px] has-data-writing-block:pointer-events-none has-data-writing-block:-mt-(--shadow-height) has-data-writing-block:pt-(--shadow-height) [&amp;:has([data-writing-block])&gt;*]:pointer-events-auto scroll-mt-[calc(var(--header-height)+min(200px,max(70px,20svh)))]\" dir=\"auto\" tabindex=\"-1\" data-turn-id=\"request-WEB:e449d0e2-d458-40e9-8874-22d7a521d798-8\" data-testid=\"conversation-turn-18\" data-scroll-anchor=\"true\" data-turn=\"assistant\">\n<div class=\"text-base my-auto mx-auto pb-10 [--thread-content-margin:--spacing(4)] @w-sm\/main:[--thread-content-margin:--spacing(6)] @w-lg\/main:[--thread-content-margin:--spacing(16)] px-(--thread-content-margin)\">\n<div class=\"[--thread-content-max-width:40rem] @w-lg\/main:[--thread-content-max-width:48rem] mx-auto max-w-(--thread-content-max-width) flex-1 group\/turn-messages focus-visible:outline-hidden relative flex w-full min-w-0 flex-col agent-turn\" tabindex=\"-1\">\n<div class=\"flex max-w-full flex-col grow\">\n<div class=\"min-h-8 text-message relative flex w-full flex-col items-end gap-2 text-start break-words whitespace-normal [.text-message+&amp;]:mt-1\" dir=\"auto\" data-message-author-role=\"assistant\" data-message-id=\"06e97217-aa51-496d-9c73-fa06ef02b2f3\" data-message-model-slug=\"gpt-5-2\">\n<div class=\"flex w-full flex-col gap-1 empty:hidden first:pt-[1px]\">\n<div class=\"markdown prose dark:prose-invert w-full wrap-break-word light markdown-new-styling\">\n<p data-start=\"867\" data-end=\"1031\" data-is-last-node=\"\" data-is-only-node=\"\">UV-best\u00e4ndiger ABS-Skimmer ASTRALPOOL mit h\u00f6henverstellbarer Abdeckung, integrierter Wehrklappe und Laubfangkorb. Empfohlene Leistung 5 m\u00b3\/h, 1 Skimmer pro 25 m\u00b2 Wasserfl\u00e4che.<\/p>\n<\/div>\n<\/div>\n<\/div>\n<\/div>\n<div class=\"z-0 flex min-h-[46px] justify-start\"><\/div>\n<div class=\"mt-3 w-full empty:hidden\">\n<div class=\"text-center\"><\/div>\n<\/div>\n<\/div>\n<\/div>\n<\/article>\n<\/div>\n<div class=\"pointer-events-none h-px w-px absolute bottom-0\" aria-hidden=\"true\" data-edge=\"true\"><\/div>\n","protected":false},"featured_media":12026,"template":"","meta":[],"product_brand":[],"product_cat":[356,239],"product_tag":[],"class_list":{"0":"post-12023","1":"product","2":"type-product","3":"status-publish","4":"has-post-thumbnail","6":"product_cat-poolbau","7":"product_cat-skimmer","8":"thunk-woo-product-list","9":"open-woo-hover-none","10":"open-single-product-tab-horizontal","11":"open-shadow-","12":"open-shadow-hover-","14":"first","15":"instock","16":"sale","17":"taxable","18":"shipping-taxable","19":"purchasable","20":"product-type-simple"},"yoast_head":"<!-- This site is optimized with the Yoast SEO plugin v26.9 - https:\/\/yoast.com\/product\/yoast-seo-wordpress\/ -->\n<title>AstralPool Skimmer 15 l mit breitem Skimmermaul \u2013 f\u00fcr Folienbecken - Pool-House<\/title>\n<meta name=\"robots\" content=\"index, follow, max-snippet:-1, max-image-preview:large, max-video-preview:-1\" \/>\n<link rel=\"canonical\" href=\"https:\/\/pool-house.shop\/de\/product\/astralpool-skimmer-17-5-l-mit-breitmaul-fuer-folienbecken\/\" \/>\n<meta property=\"og:locale\" content=\"de_DE\" \/>\n<meta property=\"og:type\" content=\"article\" \/>\n<meta property=\"og:title\" content=\"AstralPool Skimmer 15 l mit breitem Skimmermaul \u2013 f\u00fcr Folienbecken - Pool-House\" \/>\n<meta property=\"og:description\" content=\"UV-best\u00e4ndiger ABS-Skimmer ASTRALPOOL mit h\u00f6henverstellbarer Abdeckung, integrierter Wehrklappe und Laubfangkorb. Empfohlene Leistung 5 m\u00b3\/h, 1 Skimmer pro 25 m\u00b2 Wasserfl\u00e4che.\" \/>\n<meta property=\"og:url\" content=\"https:\/\/pool-house.shop\/de\/product\/astralpool-skimmer-17-5-l-mit-breitmaul-fuer-folienbecken\/\" \/>\n<meta property=\"og:site_name\" content=\"Pool-House\" \/>\n<meta property=\"article:publisher\" content=\"https:\/\/www.facebook.com\/termodomsk\/\" \/>\n<meta property=\"article:modified_time\" content=\"2026-03-03T11:32:04+00:00\" \/>\n<meta property=\"og:image\" content=\"https:\/\/pool-house.shop\/wp-content\/uploads\/2026\/02\/Astral-white-pre-folie.jpg\" \/>\n\t<meta property=\"og:image:width\" content=\"1063\" \/>\n\t<meta property=\"og:image:height\" content=\"807\" \/>\n\t<meta property=\"og:image:type\" content=\"image\/jpeg\" \/>\n<meta name=\"twitter:card\" content=\"summary_large_image\" \/>\n<meta name=\"twitter:label1\" content=\"Gesch\u00e4tzte Lesezeit\" \/>\n\t<meta name=\"twitter:data1\" content=\"1\u00a0Minute\" \/>\n<script type=\"application\/ld+json\" class=\"yoast-schema-graph\">{\"@context\":\"https:\/\/schema.org\",\"@graph\":[{\"@type\":\"WebPage\",\"@id\":\"https:\/\/pool-house.shop\/de\/product\/astralpool-skimmer-17-5-l-mit-breitmaul-fuer-folienbecken\/\",\"url\":\"https:\/\/pool-house.shop\/de\/product\/astralpool-skimmer-17-5-l-mit-breitmaul-fuer-folienbecken\/\",\"name\":\"AstralPool Skimmer 15 l mit breitem Skimmermaul \u2013 f\u00fcr Folienbecken - Pool-House\",\"isPartOf\":{\"@id\":\"https:\/\/pool-house.shop\/de\/#website\"},\"primaryImageOfPage\":{\"@id\":\"https:\/\/pool-house.shop\/de\/product\/astralpool-skimmer-17-5-l-mit-breitmaul-fuer-folienbecken\/#primaryimage\"},\"image\":{\"@id\":\"https:\/\/pool-house.shop\/de\/product\/astralpool-skimmer-17-5-l-mit-breitmaul-fuer-folienbecken\/#primaryimage\"},\"thumbnailUrl\":\"https:\/\/pool-house.shop\/wp-content\/uploads\/2026\/02\/Astral-white-pre-folie.jpg\",\"datePublished\":\"2026-02-13T12:08:50+00:00\",\"dateModified\":\"2026-03-03T11:32:04+00:00\",\"breadcrumb\":{\"@id\":\"https:\/\/pool-house.shop\/de\/product\/astralpool-skimmer-17-5-l-mit-breitmaul-fuer-folienbecken\/#breadcrumb\"},\"inLanguage\":\"de\",\"potentialAction\":[{\"@type\":\"ReadAction\",\"target\":[\"https:\/\/pool-house.shop\/de\/product\/astralpool-skimmer-17-5-l-mit-breitmaul-fuer-folienbecken\/\"]}]},{\"@type\":\"ImageObject\",\"inLanguage\":\"de\",\"@id\":\"https:\/\/pool-house.shop\/de\/product\/astralpool-skimmer-17-5-l-mit-breitmaul-fuer-folienbecken\/#primaryimage\",\"url\":\"https:\/\/pool-house.shop\/wp-content\/uploads\/2026\/02\/Astral-white-pre-folie.jpg\",\"contentUrl\":\"https:\/\/pool-house.shop\/wp-content\/uploads\/2026\/02\/Astral-white-pre-folie.jpg\",\"width\":1063,\"height\":807},{\"@type\":\"BreadcrumbList\",\"@id\":\"https:\/\/pool-house.shop\/de\/product\/astralpool-skimmer-17-5-l-mit-breitmaul-fuer-folienbecken\/#breadcrumb\",\"itemListElement\":[{\"@type\":\"ListItem\",\"position\":1,\"name\":\"Domovsk\u00e1 str\u00e1nka\",\"item\":\"https:\/\/pool-house.shop\/de\/\"},{\"@type\":\"ListItem\",\"position\":2,\"name\":\"Shop\",\"item\":\"https:\/\/pool-house.shop\/de\/shop\/\"},{\"@type\":\"ListItem\",\"position\":3,\"name\":\"AstralPool Skimmer 15 l mit breitem Skimmermaul \u2013 f\u00fcr Folienbecken\"}]},{\"@type\":\"WebSite\",\"@id\":\"https:\/\/pool-house.shop\/de\/#website\",\"url\":\"https:\/\/pool-house.shop\/de\/\",\"name\":\"Pool-House\",\"description\":\"\",\"publisher\":{\"@id\":\"https:\/\/pool-house.shop\/de\/#organization\"},\"potentialAction\":[{\"@type\":\"SearchAction\",\"target\":{\"@type\":\"EntryPoint\",\"urlTemplate\":\"https:\/\/pool-house.shop\/de\/?s={search_term_string}\"},\"query-input\":{\"@type\":\"PropertyValueSpecification\",\"valueRequired\":true,\"valueName\":\"search_term_string\"}}],\"inLanguage\":\"de\"},{\"@type\":\"Organization\",\"@id\":\"https:\/\/pool-house.shop\/de\/#organization\",\"name\":\"Pool-House\",\"url\":\"https:\/\/pool-house.shop\/de\/\",\"logo\":{\"@type\":\"ImageObject\",\"inLanguage\":\"de\",\"@id\":\"https:\/\/pool-house.shop\/de\/#\/schema\/logo\/image\/\",\"url\":\"https:\/\/pool-house.shop\/wp-content\/uploads\/2025\/10\/logo-2-stvorec-mobil-modre.png\",\"contentUrl\":\"https:\/\/pool-house.shop\/wp-content\/uploads\/2025\/10\/logo-2-stvorec-mobil-modre.png\",\"width\":273,\"height\":189,\"caption\":\"Pool-House\"},\"image\":{\"@id\":\"https:\/\/pool-house.shop\/de\/#\/schema\/logo\/image\/\"},\"sameAs\":[\"https:\/\/www.facebook.com\/termodomsk\/\"]}]}<\/script>\n<!-- \/ Yoast SEO plugin. -->","yoast_head_json":{"title":"AstralPool Skimmer 15 l mit breitem Skimmermaul \u2013 f\u00fcr Folienbecken - Pool-House","robots":{"index":"index","follow":"follow","max-snippet":"max-snippet:-1","max-image-preview":"max-image-preview:large","max-video-preview":"max-video-preview:-1"},"canonical":"https:\/\/pool-house.shop\/de\/product\/astralpool-skimmer-17-5-l-mit-breitmaul-fuer-folienbecken\/","og_locale":"de_DE","og_type":"article","og_title":"AstralPool Skimmer 15 l mit breitem Skimmermaul \u2013 f\u00fcr Folienbecken - Pool-House","og_description":"UV-best\u00e4ndiger ABS-Skimmer ASTRALPOOL mit h\u00f6henverstellbarer Abdeckung, integrierter Wehrklappe und Laubfangkorb. Empfohlene Leistung 5 m\u00b3\/h, 1 Skimmer pro 25 m\u00b2 Wasserfl\u00e4che.","og_url":"https:\/\/pool-house.shop\/de\/product\/astralpool-skimmer-17-5-l-mit-breitmaul-fuer-folienbecken\/","og_site_name":"Pool-House","article_publisher":"https:\/\/www.facebook.com\/termodomsk\/","article_modified_time":"2026-03-03T11:32:04+00:00","og_image":[{"width":1063,"height":807,"url":"https:\/\/pool-house.shop\/wp-content\/uploads\/2026\/02\/Astral-white-pre-folie.jpg","type":"image\/jpeg"}],"twitter_card":"summary_large_image","twitter_misc":{"Gesch\u00e4tzte Lesezeit":"1\u00a0Minute"},"schema":{"@context":"https:\/\/schema.org","@graph":[{"@type":"WebPage","@id":"https:\/\/pool-house.shop\/de\/product\/astralpool-skimmer-17-5-l-mit-breitmaul-fuer-folienbecken\/","url":"https:\/\/pool-house.shop\/de\/product\/astralpool-skimmer-17-5-l-mit-breitmaul-fuer-folienbecken\/","name":"AstralPool Skimmer 15 l mit breitem Skimmermaul \u2013 f\u00fcr Folienbecken - Pool-House","isPartOf":{"@id":"https:\/\/pool-house.shop\/de\/#website"},"primaryImageOfPage":{"@id":"https:\/\/pool-house.shop\/de\/product\/astralpool-skimmer-17-5-l-mit-breitmaul-fuer-folienbecken\/#primaryimage"},"image":{"@id":"https:\/\/pool-house.shop\/de\/product\/astralpool-skimmer-17-5-l-mit-breitmaul-fuer-folienbecken\/#primaryimage"},"thumbnailUrl":"https:\/\/pool-house.shop\/wp-content\/uploads\/2026\/02\/Astral-white-pre-folie.jpg","datePublished":"2026-02-13T12:08:50+00:00","dateModified":"2026-03-03T11:32:04+00:00","breadcrumb":{"@id":"https:\/\/pool-house.shop\/de\/product\/astralpool-skimmer-17-5-l-mit-breitmaul-fuer-folienbecken\/#breadcrumb"},"inLanguage":"de","potentialAction":[{"@type":"ReadAction","target":["https:\/\/pool-house.shop\/de\/product\/astralpool-skimmer-17-5-l-mit-breitmaul-fuer-folienbecken\/"]}]},{"@type":"ImageObject","inLanguage":"de","@id":"https:\/\/pool-house.shop\/de\/product\/astralpool-skimmer-17-5-l-mit-breitmaul-fuer-folienbecken\/#primaryimage","url":"https:\/\/pool-house.shop\/wp-content\/uploads\/2026\/02\/Astral-white-pre-folie.jpg","contentUrl":"https:\/\/pool-house.shop\/wp-content\/uploads\/2026\/02\/Astral-white-pre-folie.jpg","width":1063,"height":807},{"@type":"BreadcrumbList","@id":"https:\/\/pool-house.shop\/de\/product\/astralpool-skimmer-17-5-l-mit-breitmaul-fuer-folienbecken\/#breadcrumb","itemListElement":[{"@type":"ListItem","position":1,"name":"Domovsk\u00e1 str\u00e1nka","item":"https:\/\/pool-house.shop\/de\/"},{"@type":"ListItem","position":2,"name":"Shop","item":"https:\/\/pool-house.shop\/de\/shop\/"},{"@type":"ListItem","position":3,"name":"AstralPool Skimmer 15 l mit breitem Skimmermaul \u2013 f\u00fcr Folienbecken"}]},{"@type":"WebSite","@id":"https:\/\/pool-house.shop\/de\/#website","url":"https:\/\/pool-house.shop\/de\/","name":"Pool-House","description":"","publisher":{"@id":"https:\/\/pool-house.shop\/de\/#organization"},"potentialAction":[{"@type":"SearchAction","target":{"@type":"EntryPoint","urlTemplate":"https:\/\/pool-house.shop\/de\/?s={search_term_string}"},"query-input":{"@type":"PropertyValueSpecification","valueRequired":true,"valueName":"search_term_string"}}],"inLanguage":"de"},{"@type":"Organization","@id":"https:\/\/pool-house.shop\/de\/#organization","name":"Pool-House","url":"https:\/\/pool-house.shop\/de\/","logo":{"@type":"ImageObject","inLanguage":"de","@id":"https:\/\/pool-house.shop\/de\/#\/schema\/logo\/image\/","url":"https:\/\/pool-house.shop\/wp-content\/uploads\/2025\/10\/logo-2-stvorec-mobil-modre.png","contentUrl":"https:\/\/pool-house.shop\/wp-content\/uploads\/2025\/10\/logo-2-stvorec-mobil-modre.png","width":273,"height":189,"caption":"Pool-House"},"image":{"@id":"https:\/\/pool-house.shop\/de\/#\/schema\/logo\/image\/"},"sameAs":["https:\/\/www.facebook.com\/termodomsk\/"]}]}},"_links":{"self":[{"href":"https:\/\/pool-house.shop\/de\/wp-json\/wp\/v2\/product\/12023","targetHints":{"allow":["GET"]}}],"collection":[{"href":"https:\/\/pool-house.shop\/de\/wp-json\/wp\/v2\/product"}],"about":[{"href":"https:\/\/pool-house.shop\/de\/wp-json\/wp\/v2\/types\/product"}],"wp:featuredmedia":[{"embeddable":true,"href":"https:\/\/pool-house.shop\/de\/wp-json\/wp\/v2\/media\/12026"}],"wp:attachment":[{"href":"https:\/\/pool-house.shop\/de\/wp-json\/wp\/v2\/media?parent=12023"}],"wp:term":[{"taxonomy":"product_brand","embeddable":true,"href":"https:\/\/pool-house.shop\/de\/wp-json\/wp\/v2\/product_brand?post=12023"},{"taxonomy":"product_cat","embeddable":true,"href":"https:\/\/pool-house.shop\/de\/wp-json\/wp\/v2\/product_cat?post=12023"},{"taxonomy":"product_tag","embeddable":true,"href":"https:\/\/pool-house.shop\/de\/wp-json\/wp\/v2\/product_tag?post=12023"}],"curies":[{"name":"wp","href":"https:\/\/api.w.org\/{rel}","templated":true}]}}