{"id":12358,"date":"2026-03-03T14:49:41","date_gmt":"2026-03-03T13:49:41","guid":{"rendered":"https:\/\/pool-house.shop\/?post_type=product&#038;p=12358"},"modified":"2026-03-03T14:58:04","modified_gmt":"2026-03-03T13:58:04","slug":"astralpool-skimmer-17-5-l-slim-hellgrau","status":"publish","type":"product","link":"https:\/\/pool-house.shop\/de\/product\/astralpool-skimmer-17-5-l-slim-hellgrau\/","title":{"rendered":"Astralpool Skimmer 17,5 l SLIM, hellgrau"},"content":{"rendered":"<p data-start=\"0\" data-end=\"20\"><strong data-start=\"0\" data-end=\"20\">Technische Daten<\/strong><\/p>\n<p data-start=\"22\" data-end=\"124\">Die Ansaug\u00f6ffnung hat die Ma\u00dfe <strong data-start=\"53\" data-end=\"68\">495 \u00d7 80 mm<\/strong>.<br data-start=\"69\" data-end=\"72\" \/>Die empfohlene Durchflussmenge betr\u00e4gt <strong data-start=\"111\" data-end=\"123\">7,5 m\u00b3\/h<\/strong>.<\/p>\n<p data-start=\"126\" data-end=\"192\">Empfohlene Installation: <strong data-start=\"151\" data-end=\"191\">1 Skimmer pro 25 m\u00b2 Wasseroberfl\u00e4che<\/strong>.<\/p>\n<h3 data-start=\"199\" data-end=\"224\">Technische Ausf\u00fchrung<\/h3>\n<p data-start=\"226\" data-end=\"257\">Der Skimmer wird geliefert mit:<\/p>\n<ul data-start=\"259\" data-end=\"388\">\n<li data-start=\"259\" data-end=\"291\">\n<p data-start=\"261\" data-end=\"291\">Regulierklappe (Wehrklappe),<\/p>\n<\/li>\n<li data-start=\"292\" data-end=\"338\">\n<p data-start=\"294\" data-end=\"338\">Durchflussregler (Flow-Regulator-Stopfen),<\/p>\n<\/li>\n<li data-start=\"339\" data-end=\"369\">\n<p data-start=\"341\" data-end=\"369\">h\u00f6henverstellbarem Deckel,<\/p>\n<\/li>\n<li data-start=\"370\" data-end=\"388\">\n<p data-start=\"372\" data-end=\"388\">Schmutzfangkorb.<\/p>\n<\/li>\n<\/ul>\n<h3 data-start=\"395\" data-end=\"409\">Anschl\u00fcsse<\/h3>\n<ul data-start=\"411\" data-end=\"503\" data-is-last-node=\"\" data-is-only-node=\"\">\n<li data-start=\"411\" data-end=\"462\">\n<p data-start=\"413\" data-end=\"462\">unterer Anschluss: <strong data-start=\"432\" data-end=\"459\">Innengewinde 1\u00bd&#8220; und 2&#8243;<\/strong>,<\/p>\n<\/li>\n<li data-start=\"463\" data-end=\"503\" data-is-last-node=\"\">\n<p data-start=\"465\" data-end=\"503\" data-is-last-node=\"\">Wasser\u00fcberlauf: Anschluss <strong data-start=\"491\" data-end=\"502\">\u00d8 32 mm<\/strong>.<\/p>\n<\/li>\n<\/ul>\n","protected":false},"excerpt":{"rendered":"<p data-start=\"0\" data-end=\"61\"><strong data-start=\"0\" data-end=\"61\">Skimmer 17,5 l \u2013 f\u00fcr private und \u00f6ffentliche Schwimmb\u00e4der<\/strong><\/p>\n<p data-start=\"63\" data-end=\"361\" data-is-last-node=\"\" data-is-only-node=\"\">Der Skimmer mit einem Volumen von <strong data-start=\"97\" data-end=\"107\">17,5 l<\/strong> eignet sich f\u00fcr den Einsatz in privaten sowie \u00f6ffentlichen Schwimmb\u00e4dern.<br data-start=\"181\" data-end=\"184\" \/>Das Geh\u00e4use besteht aus hochwertigem <strong data-start=\"221\" data-end=\"253\">ABS-Kunststoff mit UV-Schutz<\/strong>, was eine lange Lebensdauer sowie Best\u00e4ndigkeit gegen\u00fcber Chemikalien und Sonneneinstrahlung gew\u00e4hrleistet.<\/p>\n<p data-start=\"369\" data-end=\"438\">\n","protected":false},"featured_media":12365,"template":"","meta":[],"product_brand":[],"product_cat":[239],"product_tag":[],"class_list":{"0":"post-12358","1":"product","2":"type-product","3":"status-publish","4":"has-post-thumbnail","6":"product_cat-skimmer","7":"thunk-woo-product-list","8":"open-woo-hover-none","9":"open-single-product-tab-horizontal","10":"open-shadow-","11":"open-shadow-hover-","13":"first","14":"instock","15":"sale","16":"taxable","17":"shipping-taxable","18":"purchasable","19":"product-type-simple"},"yoast_head":"<!-- This site is optimized with the Yoast SEO plugin v26.9 - https:\/\/yoast.com\/product\/yoast-seo-wordpress\/ -->\n<title>Astralpool Skimmer 17,5 l SLIM, hellgrau - Pool-House<\/title>\n<meta name=\"robots\" content=\"index, follow, max-snippet:-1, max-image-preview:large, max-video-preview:-1\" \/>\n<link rel=\"canonical\" href=\"https:\/\/pool-house.shop\/de\/product\/astralpool-skimmer-17-5-l-slim-hellgrau\/\" \/>\n<meta property=\"og:locale\" content=\"de_DE\" \/>\n<meta property=\"og:type\" content=\"article\" \/>\n<meta property=\"og:title\" content=\"Astralpool Skimmer 17,5 l SLIM, hellgrau - Pool-House\" \/>\n<meta property=\"og:description\" content=\"Skimmer 17,5 l \u2013 f\u00fcr private und \u00f6ffentliche Schwimmb\u00e4der Der Skimmer mit einem Volumen von 17,5 l eignet sich f\u00fcr den Einsatz in privaten sowie \u00f6ffentlichen Schwimmb\u00e4dern.Das Geh\u00e4use besteht aus hochwertigem ABS-Kunststoff mit UV-Schutz, was eine lange Lebensdauer sowie Best\u00e4ndigkeit gegen\u00fcber Chemikalien und Sonneneinstrahlung gew\u00e4hrleistet.\" \/>\n<meta property=\"og:url\" content=\"https:\/\/pool-house.shop\/de\/product\/astralpool-skimmer-17-5-l-slim-hellgrau\/\" \/>\n<meta property=\"og:site_name\" content=\"Pool-House\" \/>\n<meta property=\"article:publisher\" content=\"https:\/\/www.facebook.com\/termodomsk\/\" \/>\n<meta property=\"article:modified_time\" content=\"2026-03-03T13:58:04+00:00\" \/>\n<meta property=\"og:image\" content=\"https:\/\/pool-house.shop\/wp-content\/uploads\/2026\/03\/astralpool-skimmer-slim-so-stvorcovym-vekom-farba-svetlo-sedy-ral7004.jpg\" \/>\n\t<meta property=\"og:image:width\" content=\"280\" \/>\n\t<meta property=\"og:image:height\" content=\"280\" \/>\n\t<meta property=\"og:image:type\" content=\"image\/jpeg\" \/>\n<meta name=\"twitter:card\" content=\"summary_large_image\" \/>\n<meta name=\"twitter:label1\" content=\"Gesch\u00e4tzte Lesezeit\" \/>\n\t<meta name=\"twitter:data1\" content=\"1\u00a0Minute\" \/>\n<script type=\"application\/ld+json\" class=\"yoast-schema-graph\">{\"@context\":\"https:\/\/schema.org\",\"@graph\":[{\"@type\":\"WebPage\",\"@id\":\"https:\/\/pool-house.shop\/de\/product\/astralpool-skimmer-17-5-l-slim-hellgrau\/\",\"url\":\"https:\/\/pool-house.shop\/de\/product\/astralpool-skimmer-17-5-l-slim-hellgrau\/\",\"name\":\"Astralpool Skimmer 17,5 l SLIM, hellgrau - Pool-House\",\"isPartOf\":{\"@id\":\"https:\/\/pool-house.shop\/de\/#website\"},\"primaryImageOfPage\":{\"@id\":\"https:\/\/pool-house.shop\/de\/product\/astralpool-skimmer-17-5-l-slim-hellgrau\/#primaryimage\"},\"image\":{\"@id\":\"https:\/\/pool-house.shop\/de\/product\/astralpool-skimmer-17-5-l-slim-hellgrau\/#primaryimage\"},\"thumbnailUrl\":\"https:\/\/pool-house.shop\/wp-content\/uploads\/2026\/03\/astralpool-skimmer-slim-so-stvorcovym-vekom-farba-svetlo-sedy-ral7004.jpg\",\"datePublished\":\"2026-03-03T13:49:41+00:00\",\"dateModified\":\"2026-03-03T13:58:04+00:00\",\"breadcrumb\":{\"@id\":\"https:\/\/pool-house.shop\/de\/product\/astralpool-skimmer-17-5-l-slim-hellgrau\/#breadcrumb\"},\"inLanguage\":\"de\",\"potentialAction\":[{\"@type\":\"ReadAction\",\"target\":[\"https:\/\/pool-house.shop\/de\/product\/astralpool-skimmer-17-5-l-slim-hellgrau\/\"]}]},{\"@type\":\"ImageObject\",\"inLanguage\":\"de\",\"@id\":\"https:\/\/pool-house.shop\/de\/product\/astralpool-skimmer-17-5-l-slim-hellgrau\/#primaryimage\",\"url\":\"https:\/\/pool-house.shop\/wp-content\/uploads\/2026\/03\/astralpool-skimmer-slim-so-stvorcovym-vekom-farba-svetlo-sedy-ral7004.jpg\",\"contentUrl\":\"https:\/\/pool-house.shop\/wp-content\/uploads\/2026\/03\/astralpool-skimmer-slim-so-stvorcovym-vekom-farba-svetlo-sedy-ral7004.jpg\",\"width\":280,\"height\":280},{\"@type\":\"BreadcrumbList\",\"@id\":\"https:\/\/pool-house.shop\/de\/product\/astralpool-skimmer-17-5-l-slim-hellgrau\/#breadcrumb\",\"itemListElement\":[{\"@type\":\"ListItem\",\"position\":1,\"name\":\"Domovsk\u00e1 str\u00e1nka\",\"item\":\"https:\/\/pool-house.shop\/de\/\"},{\"@type\":\"ListItem\",\"position\":2,\"name\":\"Shop\",\"item\":\"https:\/\/pool-house.shop\/de\/shop\/\"},{\"@type\":\"ListItem\",\"position\":3,\"name\":\"Astralpool Skimmer 17,5 l SLIM, hellgrau\"}]},{\"@type\":\"WebSite\",\"@id\":\"https:\/\/pool-house.shop\/de\/#website\",\"url\":\"https:\/\/pool-house.shop\/de\/\",\"name\":\"Pool-House\",\"description\":\"\",\"publisher\":{\"@id\":\"https:\/\/pool-house.shop\/de\/#organization\"},\"potentialAction\":[{\"@type\":\"SearchAction\",\"target\":{\"@type\":\"EntryPoint\",\"urlTemplate\":\"https:\/\/pool-house.shop\/de\/?s={search_term_string}\"},\"query-input\":{\"@type\":\"PropertyValueSpecification\",\"valueRequired\":true,\"valueName\":\"search_term_string\"}}],\"inLanguage\":\"de\"},{\"@type\":\"Organization\",\"@id\":\"https:\/\/pool-house.shop\/de\/#organization\",\"name\":\"Pool-House\",\"url\":\"https:\/\/pool-house.shop\/de\/\",\"logo\":{\"@type\":\"ImageObject\",\"inLanguage\":\"de\",\"@id\":\"https:\/\/pool-house.shop\/de\/#\/schema\/logo\/image\/\",\"url\":\"https:\/\/pool-house.shop\/wp-content\/uploads\/2025\/10\/logo-2-stvorec-mobil-modre.png\",\"contentUrl\":\"https:\/\/pool-house.shop\/wp-content\/uploads\/2025\/10\/logo-2-stvorec-mobil-modre.png\",\"width\":273,\"height\":189,\"caption\":\"Pool-House\"},\"image\":{\"@id\":\"https:\/\/pool-house.shop\/de\/#\/schema\/logo\/image\/\"},\"sameAs\":[\"https:\/\/www.facebook.com\/termodomsk\/\"]}]}<\/script>\n<!-- \/ Yoast SEO plugin. -->","yoast_head_json":{"title":"Astralpool Skimmer 17,5 l SLIM, hellgrau - Pool-House","robots":{"index":"index","follow":"follow","max-snippet":"max-snippet:-1","max-image-preview":"max-image-preview:large","max-video-preview":"max-video-preview:-1"},"canonical":"https:\/\/pool-house.shop\/de\/product\/astralpool-skimmer-17-5-l-slim-hellgrau\/","og_locale":"de_DE","og_type":"article","og_title":"Astralpool Skimmer 17,5 l SLIM, hellgrau - Pool-House","og_description":"Skimmer 17,5 l \u2013 f\u00fcr private und \u00f6ffentliche Schwimmb\u00e4der Der Skimmer mit einem Volumen von 17,5 l eignet sich f\u00fcr den Einsatz in privaten sowie \u00f6ffentlichen Schwimmb\u00e4dern.Das Geh\u00e4use besteht aus hochwertigem ABS-Kunststoff mit UV-Schutz, was eine lange Lebensdauer sowie Best\u00e4ndigkeit gegen\u00fcber Chemikalien und Sonneneinstrahlung gew\u00e4hrleistet.","og_url":"https:\/\/pool-house.shop\/de\/product\/astralpool-skimmer-17-5-l-slim-hellgrau\/","og_site_name":"Pool-House","article_publisher":"https:\/\/www.facebook.com\/termodomsk\/","article_modified_time":"2026-03-03T13:58:04+00:00","og_image":[{"width":280,"height":280,"url":"https:\/\/pool-house.shop\/wp-content\/uploads\/2026\/03\/astralpool-skimmer-slim-so-stvorcovym-vekom-farba-svetlo-sedy-ral7004.jpg","type":"image\/jpeg"}],"twitter_card":"summary_large_image","twitter_misc":{"Gesch\u00e4tzte Lesezeit":"1\u00a0Minute"},"schema":{"@context":"https:\/\/schema.org","@graph":[{"@type":"WebPage","@id":"https:\/\/pool-house.shop\/de\/product\/astralpool-skimmer-17-5-l-slim-hellgrau\/","url":"https:\/\/pool-house.shop\/de\/product\/astralpool-skimmer-17-5-l-slim-hellgrau\/","name":"Astralpool Skimmer 17,5 l SLIM, hellgrau - Pool-House","isPartOf":{"@id":"https:\/\/pool-house.shop\/de\/#website"},"primaryImageOfPage":{"@id":"https:\/\/pool-house.shop\/de\/product\/astralpool-skimmer-17-5-l-slim-hellgrau\/#primaryimage"},"image":{"@id":"https:\/\/pool-house.shop\/de\/product\/astralpool-skimmer-17-5-l-slim-hellgrau\/#primaryimage"},"thumbnailUrl":"https:\/\/pool-house.shop\/wp-content\/uploads\/2026\/03\/astralpool-skimmer-slim-so-stvorcovym-vekom-farba-svetlo-sedy-ral7004.jpg","datePublished":"2026-03-03T13:49:41+00:00","dateModified":"2026-03-03T13:58:04+00:00","breadcrumb":{"@id":"https:\/\/pool-house.shop\/de\/product\/astralpool-skimmer-17-5-l-slim-hellgrau\/#breadcrumb"},"inLanguage":"de","potentialAction":[{"@type":"ReadAction","target":["https:\/\/pool-house.shop\/de\/product\/astralpool-skimmer-17-5-l-slim-hellgrau\/"]}]},{"@type":"ImageObject","inLanguage":"de","@id":"https:\/\/pool-house.shop\/de\/product\/astralpool-skimmer-17-5-l-slim-hellgrau\/#primaryimage","url":"https:\/\/pool-house.shop\/wp-content\/uploads\/2026\/03\/astralpool-skimmer-slim-so-stvorcovym-vekom-farba-svetlo-sedy-ral7004.jpg","contentUrl":"https:\/\/pool-house.shop\/wp-content\/uploads\/2026\/03\/astralpool-skimmer-slim-so-stvorcovym-vekom-farba-svetlo-sedy-ral7004.jpg","width":280,"height":280},{"@type":"BreadcrumbList","@id":"https:\/\/pool-house.shop\/de\/product\/astralpool-skimmer-17-5-l-slim-hellgrau\/#breadcrumb","itemListElement":[{"@type":"ListItem","position":1,"name":"Domovsk\u00e1 str\u00e1nka","item":"https:\/\/pool-house.shop\/de\/"},{"@type":"ListItem","position":2,"name":"Shop","item":"https:\/\/pool-house.shop\/de\/shop\/"},{"@type":"ListItem","position":3,"name":"Astralpool Skimmer 17,5 l SLIM, hellgrau"}]},{"@type":"WebSite","@id":"https:\/\/pool-house.shop\/de\/#website","url":"https:\/\/pool-house.shop\/de\/","name":"Pool-House","description":"","publisher":{"@id":"https:\/\/pool-house.shop\/de\/#organization"},"potentialAction":[{"@type":"SearchAction","target":{"@type":"EntryPoint","urlTemplate":"https:\/\/pool-house.shop\/de\/?s={search_term_string}"},"query-input":{"@type":"PropertyValueSpecification","valueRequired":true,"valueName":"search_term_string"}}],"inLanguage":"de"},{"@type":"Organization","@id":"https:\/\/pool-house.shop\/de\/#organization","name":"Pool-House","url":"https:\/\/pool-house.shop\/de\/","logo":{"@type":"ImageObject","inLanguage":"de","@id":"https:\/\/pool-house.shop\/de\/#\/schema\/logo\/image\/","url":"https:\/\/pool-house.shop\/wp-content\/uploads\/2025\/10\/logo-2-stvorec-mobil-modre.png","contentUrl":"https:\/\/pool-house.shop\/wp-content\/uploads\/2025\/10\/logo-2-stvorec-mobil-modre.png","width":273,"height":189,"caption":"Pool-House"},"image":{"@id":"https:\/\/pool-house.shop\/de\/#\/schema\/logo\/image\/"},"sameAs":["https:\/\/www.facebook.com\/termodomsk\/"]}]}},"_links":{"self":[{"href":"https:\/\/pool-house.shop\/de\/wp-json\/wp\/v2\/product\/12358","targetHints":{"allow":["GET"]}}],"collection":[{"href":"https:\/\/pool-house.shop\/de\/wp-json\/wp\/v2\/product"}],"about":[{"href":"https:\/\/pool-house.shop\/de\/wp-json\/wp\/v2\/types\/product"}],"wp:featuredmedia":[{"embeddable":true,"href":"https:\/\/pool-house.shop\/de\/wp-json\/wp\/v2\/media\/12365"}],"wp:attachment":[{"href":"https:\/\/pool-house.shop\/de\/wp-json\/wp\/v2\/media?parent=12358"}],"wp:term":[{"taxonomy":"product_brand","embeddable":true,"href":"https:\/\/pool-house.shop\/de\/wp-json\/wp\/v2\/product_brand?post=12358"},{"taxonomy":"product_cat","embeddable":true,"href":"https:\/\/pool-house.shop\/de\/wp-json\/wp\/v2\/product_cat?post=12358"},{"taxonomy":"product_tag","embeddable":true,"href":"https:\/\/pool-house.shop\/de\/wp-json\/wp\/v2\/product_tag?post=12358"}],"curies":[{"name":"wp","href":"https:\/\/api.w.org\/{rel}","templated":true}]}}