{"id":12663,"date":"2026-03-08T13:17:10","date_gmt":"2026-03-08T12:17:10","guid":{"rendered":"https:\/\/pool-house.shop\/?post_type=product&#038;p=12663"},"modified":"2026-03-08T13:28:38","modified_gmt":"2026-03-08T12:28:38","slug":"astralpool-multiflow-einlaufduese-fuer-folienpools-anthrazit","status":"publish","type":"product","link":"https:\/\/pool-house.shop\/de\/product\/astralpool-multiflow-einlaufduese-fuer-folienpools-anthrazit\/","title":{"rendered":"ASTRALPOOL Multiflow Einlaufd\u00fcse f\u00fcr Folienpools, anthrazit"},"content":{"rendered":"<p data-start=\"0\" data-end=\"299\">Der <strong data-start=\"4\" data-end=\"19\">D\u00fcsenk\u00f6rper<\/strong> besteht aus <strong data-start=\"32\" data-end=\"62\">UV-stabilem ABS-Kunststoff<\/strong>, der best\u00e4ndig gegen Poolchemie und Sonneneinstrahlung ist. Die <strong data-start=\"127\" data-end=\"160\">Str\u00f6mungsrichtung des Wassers<\/strong> l\u00e4sst sich einfach \u00fcber eine <strong data-start=\"190\" data-end=\"216\">verstellbare Kugeld\u00fcse<\/strong> regulieren, wodurch die Wasserzirkulation im Pool optimal eingestellt werden kann.<\/p>\n<h3 data-section-id=\"mfhkug\" data-start=\"301\" data-end=\"314\">Anschluss<\/h3>\n<ul data-start=\"315\" data-end=\"407\">\n<li data-section-id=\"1fl0xdh\" data-start=\"315\" data-end=\"358\">\n<p data-start=\"317\" data-end=\"358\">hinterer Anschluss: <strong data-start=\"337\" data-end=\"356\">Au\u00dfengewinde 2\u2033<\/strong><\/p>\n<\/li>\n<li data-section-id=\"1twc2p0\" data-start=\"359\" data-end=\"407\">\n<p data-start=\"361\" data-end=\"407\">alternativer Anschluss: <strong data-start=\"385\" data-end=\"407\">Klebemuffe \u00d8 50 mm<\/strong><\/p>\n<\/li>\n<\/ul>\n<h3 data-section-id=\"1menyq7\" data-start=\"409\" data-end=\"433\">Technische Parameter<\/h3>\n<ul data-start=\"434\" data-end=\"666\">\n<li data-section-id=\"xm0rn8\" data-start=\"434\" data-end=\"482\">\n<p data-start=\"436\" data-end=\"482\"><strong data-start=\"436\" data-end=\"446\">Farbe:<\/strong> Elfenbein \/ sandfarben (RAL 1015)<\/p>\n<\/li>\n<li data-section-id=\"1mdpxh7\" data-start=\"483\" data-end=\"515\">\n<p data-start=\"485\" data-end=\"515\"><strong data-start=\"485\" data-end=\"498\">Material:<\/strong> ABS-Kunststoff<\/p>\n<\/li>\n<li data-section-id=\"o6ry1f\" data-start=\"516\" data-end=\"548\">\n<p data-start=\"518\" data-end=\"548\"><strong data-start=\"518\" data-end=\"532\">Au\u00dfenma\u00dfe:<\/strong> \u00d8 119 \u00d7 76 mm<\/p>\n<\/li>\n<li data-section-id=\"1hxavyh\" data-start=\"549\" data-end=\"588\">\n<p data-start=\"551\" data-end=\"588\"><strong data-start=\"551\" data-end=\"571\">Max. Durchfluss:<\/strong> bis <strong data-start=\"576\" data-end=\"586\">7 m\u00b3\/h<\/strong><\/p>\n<\/li>\n<li data-section-id=\"t9b1pj\" data-start=\"589\" data-end=\"636\">\n<p data-start=\"591\" data-end=\"636\"><strong data-start=\"591\" data-end=\"624\">Durchmesser der Kugel\u00f6ffnung:<\/strong> <strong data-start=\"625\" data-end=\"634\">14 mm<\/strong><\/p>\n<\/li>\n<li data-section-id=\"aqz22n\" data-start=\"637\" data-end=\"666\">\n<p data-start=\"639\" data-end=\"666\"><strong data-start=\"639\" data-end=\"651\">Gewicht:<\/strong> ca. <strong data-start=\"656\" data-end=\"666\">0,2 kg<\/strong><\/p>\n<\/li>\n<\/ul>\n<h3 data-section-id=\"gfac5d\" data-start=\"668\" data-end=\"684\">Lieferumfang<\/h3>\n<ul data-start=\"685\" data-end=\"914\" data-is-last-node=\"\" data-is-only-node=\"\">\n<li data-section-id=\"1mg0tzf\" data-start=\"685\" data-end=\"728\">\n<p data-start=\"687\" data-end=\"728\">D\u00fcsenk\u00f6rper mit verstellbarer Kugeld\u00fcse<\/p>\n<\/li>\n<li data-section-id=\"f2mvj2\" data-start=\"729\" data-end=\"757\">\n<p data-start=\"731\" data-end=\"757\">Flansch f\u00fcr Folienbecken<\/p>\n<\/li>\n<li data-section-id=\"16xtux\" data-start=\"758\" data-end=\"791\">\n<p data-start=\"760\" data-end=\"791\">Dichtungssatz f\u00fcr Folienpools<\/p>\n<\/li>\n<li data-section-id=\"18my3ob\" data-start=\"792\" data-end=\"823\">\n<p data-start=\"794\" data-end=\"823\">dekorative Flanschabdeckung<\/p>\n<\/li>\n<li data-section-id=\"pkxrd0\" data-start=\"824\" data-end=\"844\">\n<p data-start=\"826\" data-end=\"844\">Montageschrauben<\/p>\n<\/li>\n<li data-section-id=\"osqoav\" data-start=\"845\" data-end=\"914\" data-is-last-node=\"\">\n<p data-start=\"847\" data-end=\"914\" data-is-last-node=\"\">gro\u00dfe Kontermutter mit Dichtung f\u00fcr Kunststoff- oder Stahlwandpools<\/p>\n<\/li>\n<\/ul>\n","protected":false},"excerpt":{"rendered":"<p>Die <strong data-start=\"4\" data-end=\"40\">Astralpool Multiflow Einlaufd\u00fcse<\/strong> dient zur R\u00fcckf\u00fchrung des aufbereiteten Wassers zur\u00fcck in den Pool und sorgt f\u00fcr eine gleichm\u00e4\u00dfige Wasserzirkulation. Sie wird haupts\u00e4chlich in <strong data-start=\"185\" data-end=\"200\">Folienpools<\/strong> verwendet, ist bei fachgerechter Montage jedoch auch f\u00fcr <strong data-start=\"258\" data-end=\"302\">Betonpools mit Beschichtung oder Fliesen<\/strong> geeignet.<\/p>\n","protected":false},"featured_media":12671,"template":"","meta":[],"product_brand":[],"product_cat":[356,244],"product_tag":[],"class_list":{"0":"post-12663","1":"product","2":"type-product","3":"status-publish","4":"has-post-thumbnail","6":"product_cat-poolbau","7":"product_cat-dusen","8":"thunk-woo-product-list","9":"open-woo-hover-none","10":"open-single-product-tab-horizontal","11":"open-shadow-","12":"open-shadow-hover-","14":"first","15":"instock","16":"taxable","17":"shipping-taxable","18":"purchasable","19":"product-type-simple"},"yoast_head":"<!-- This site is optimized with the Yoast SEO plugin v26.9 - https:\/\/yoast.com\/product\/yoast-seo-wordpress\/ -->\n<title>ASTRALPOOL Multiflow Einlaufd\u00fcse f\u00fcr Folienpools, anthrazit - Pool-House<\/title>\n<meta name=\"robots\" content=\"index, follow, max-snippet:-1, max-image-preview:large, max-video-preview:-1\" \/>\n<link rel=\"canonical\" href=\"https:\/\/pool-house.shop\/de\/product\/astralpool-multiflow-einlaufduese-fuer-folienpools-anthrazit\/\" \/>\n<meta property=\"og:locale\" content=\"de_DE\" \/>\n<meta property=\"og:type\" content=\"article\" \/>\n<meta property=\"og:title\" content=\"ASTRALPOOL Multiflow Einlaufd\u00fcse f\u00fcr Folienpools, anthrazit - Pool-House\" \/>\n<meta property=\"og:description\" content=\"Die Astralpool Multiflow Einlaufd\u00fcse dient zur R\u00fcckf\u00fchrung des aufbereiteten Wassers zur\u00fcck in den Pool und sorgt f\u00fcr eine gleichm\u00e4\u00dfige Wasserzirkulation. Sie wird haupts\u00e4chlich in Folienpools verwendet, ist bei fachgerechter Montage jedoch auch f\u00fcr Betonpools mit Beschichtung oder Fliesen geeignet.\" \/>\n<meta property=\"og:url\" content=\"https:\/\/pool-house.shop\/de\/product\/astralpool-multiflow-einlaufduese-fuer-folienpools-anthrazit\/\" \/>\n<meta property=\"og:site_name\" content=\"Pool-House\" \/>\n<meta property=\"article:publisher\" content=\"https:\/\/www.facebook.com\/termodomsk\/\" \/>\n<meta property=\"article:modified_time\" content=\"2026-03-08T12:28:38+00:00\" \/>\n<meta property=\"og:image\" content=\"https:\/\/pool-house.shop\/wp-content\/uploads\/2026\/03\/126.jpg\" \/>\n\t<meta property=\"og:image:width\" content=\"992\" \/>\n\t<meta property=\"og:image:height\" content=\"665\" \/>\n\t<meta property=\"og:image:type\" content=\"image\/jpeg\" \/>\n<meta name=\"twitter:card\" content=\"summary_large_image\" \/>\n<meta name=\"twitter:label1\" content=\"Gesch\u00e4tzte Lesezeit\" \/>\n\t<meta name=\"twitter:data1\" content=\"1\u00a0Minute\" \/>\n<script type=\"application\/ld+json\" class=\"yoast-schema-graph\">{\"@context\":\"https:\/\/schema.org\",\"@graph\":[{\"@type\":\"WebPage\",\"@id\":\"https:\/\/pool-house.shop\/de\/product\/astralpool-multiflow-einlaufduese-fuer-folienpools-anthrazit\/\",\"url\":\"https:\/\/pool-house.shop\/de\/product\/astralpool-multiflow-einlaufduese-fuer-folienpools-anthrazit\/\",\"name\":\"ASTRALPOOL Multiflow Einlaufd\u00fcse f\u00fcr Folienpools, anthrazit - Pool-House\",\"isPartOf\":{\"@id\":\"https:\/\/pool-house.shop\/de\/#website\"},\"primaryImageOfPage\":{\"@id\":\"https:\/\/pool-house.shop\/de\/product\/astralpool-multiflow-einlaufduese-fuer-folienpools-anthrazit\/#primaryimage\"},\"image\":{\"@id\":\"https:\/\/pool-house.shop\/de\/product\/astralpool-multiflow-einlaufduese-fuer-folienpools-anthrazit\/#primaryimage\"},\"thumbnailUrl\":\"https:\/\/pool-house.shop\/wp-content\/uploads\/2026\/03\/126.jpg\",\"datePublished\":\"2026-03-08T12:17:10+00:00\",\"dateModified\":\"2026-03-08T12:28:38+00:00\",\"breadcrumb\":{\"@id\":\"https:\/\/pool-house.shop\/de\/product\/astralpool-multiflow-einlaufduese-fuer-folienpools-anthrazit\/#breadcrumb\"},\"inLanguage\":\"de\",\"potentialAction\":[{\"@type\":\"ReadAction\",\"target\":[\"https:\/\/pool-house.shop\/de\/product\/astralpool-multiflow-einlaufduese-fuer-folienpools-anthrazit\/\"]}]},{\"@type\":\"ImageObject\",\"inLanguage\":\"de\",\"@id\":\"https:\/\/pool-house.shop\/de\/product\/astralpool-multiflow-einlaufduese-fuer-folienpools-anthrazit\/#primaryimage\",\"url\":\"https:\/\/pool-house.shop\/wp-content\/uploads\/2026\/03\/126.jpg\",\"contentUrl\":\"https:\/\/pool-house.shop\/wp-content\/uploads\/2026\/03\/126.jpg\",\"width\":992,\"height\":665},{\"@type\":\"BreadcrumbList\",\"@id\":\"https:\/\/pool-house.shop\/de\/product\/astralpool-multiflow-einlaufduese-fuer-folienpools-anthrazit\/#breadcrumb\",\"itemListElement\":[{\"@type\":\"ListItem\",\"position\":1,\"name\":\"Domovsk\u00e1 str\u00e1nka\",\"item\":\"https:\/\/pool-house.shop\/de\/\"},{\"@type\":\"ListItem\",\"position\":2,\"name\":\"Shop\",\"item\":\"https:\/\/pool-house.shop\/de\/shop\/\"},{\"@type\":\"ListItem\",\"position\":3,\"name\":\"ASTRALPOOL Multiflow Einlaufd\u00fcse f\u00fcr Folienpools, anthrazit\"}]},{\"@type\":\"WebSite\",\"@id\":\"https:\/\/pool-house.shop\/de\/#website\",\"url\":\"https:\/\/pool-house.shop\/de\/\",\"name\":\"Pool-House\",\"description\":\"\",\"publisher\":{\"@id\":\"https:\/\/pool-house.shop\/de\/#organization\"},\"potentialAction\":[{\"@type\":\"SearchAction\",\"target\":{\"@type\":\"EntryPoint\",\"urlTemplate\":\"https:\/\/pool-house.shop\/de\/?s={search_term_string}\"},\"query-input\":{\"@type\":\"PropertyValueSpecification\",\"valueRequired\":true,\"valueName\":\"search_term_string\"}}],\"inLanguage\":\"de\"},{\"@type\":\"Organization\",\"@id\":\"https:\/\/pool-house.shop\/de\/#organization\",\"name\":\"Pool-House\",\"url\":\"https:\/\/pool-house.shop\/de\/\",\"logo\":{\"@type\":\"ImageObject\",\"inLanguage\":\"de\",\"@id\":\"https:\/\/pool-house.shop\/de\/#\/schema\/logo\/image\/\",\"url\":\"https:\/\/pool-house.shop\/wp-content\/uploads\/2025\/10\/logo-2-stvorec-mobil-modre.png\",\"contentUrl\":\"https:\/\/pool-house.shop\/wp-content\/uploads\/2025\/10\/logo-2-stvorec-mobil-modre.png\",\"width\":273,\"height\":189,\"caption\":\"Pool-House\"},\"image\":{\"@id\":\"https:\/\/pool-house.shop\/de\/#\/schema\/logo\/image\/\"},\"sameAs\":[\"https:\/\/www.facebook.com\/termodomsk\/\"]}]}<\/script>\n<!-- \/ Yoast SEO plugin. -->","yoast_head_json":{"title":"ASTRALPOOL Multiflow Einlaufd\u00fcse f\u00fcr Folienpools, anthrazit - Pool-House","robots":{"index":"index","follow":"follow","max-snippet":"max-snippet:-1","max-image-preview":"max-image-preview:large","max-video-preview":"max-video-preview:-1"},"canonical":"https:\/\/pool-house.shop\/de\/product\/astralpool-multiflow-einlaufduese-fuer-folienpools-anthrazit\/","og_locale":"de_DE","og_type":"article","og_title":"ASTRALPOOL Multiflow Einlaufd\u00fcse f\u00fcr Folienpools, anthrazit - Pool-House","og_description":"Die Astralpool Multiflow Einlaufd\u00fcse dient zur R\u00fcckf\u00fchrung des aufbereiteten Wassers zur\u00fcck in den Pool und sorgt f\u00fcr eine gleichm\u00e4\u00dfige Wasserzirkulation. Sie wird haupts\u00e4chlich in Folienpools verwendet, ist bei fachgerechter Montage jedoch auch f\u00fcr Betonpools mit Beschichtung oder Fliesen geeignet.","og_url":"https:\/\/pool-house.shop\/de\/product\/astralpool-multiflow-einlaufduese-fuer-folienpools-anthrazit\/","og_site_name":"Pool-House","article_publisher":"https:\/\/www.facebook.com\/termodomsk\/","article_modified_time":"2026-03-08T12:28:38+00:00","og_image":[{"width":992,"height":665,"url":"https:\/\/pool-house.shop\/wp-content\/uploads\/2026\/03\/126.jpg","type":"image\/jpeg"}],"twitter_card":"summary_large_image","twitter_misc":{"Gesch\u00e4tzte Lesezeit":"1\u00a0Minute"},"schema":{"@context":"https:\/\/schema.org","@graph":[{"@type":"WebPage","@id":"https:\/\/pool-house.shop\/de\/product\/astralpool-multiflow-einlaufduese-fuer-folienpools-anthrazit\/","url":"https:\/\/pool-house.shop\/de\/product\/astralpool-multiflow-einlaufduese-fuer-folienpools-anthrazit\/","name":"ASTRALPOOL Multiflow Einlaufd\u00fcse f\u00fcr Folienpools, anthrazit - Pool-House","isPartOf":{"@id":"https:\/\/pool-house.shop\/de\/#website"},"primaryImageOfPage":{"@id":"https:\/\/pool-house.shop\/de\/product\/astralpool-multiflow-einlaufduese-fuer-folienpools-anthrazit\/#primaryimage"},"image":{"@id":"https:\/\/pool-house.shop\/de\/product\/astralpool-multiflow-einlaufduese-fuer-folienpools-anthrazit\/#primaryimage"},"thumbnailUrl":"https:\/\/pool-house.shop\/wp-content\/uploads\/2026\/03\/126.jpg","datePublished":"2026-03-08T12:17:10+00:00","dateModified":"2026-03-08T12:28:38+00:00","breadcrumb":{"@id":"https:\/\/pool-house.shop\/de\/product\/astralpool-multiflow-einlaufduese-fuer-folienpools-anthrazit\/#breadcrumb"},"inLanguage":"de","potentialAction":[{"@type":"ReadAction","target":["https:\/\/pool-house.shop\/de\/product\/astralpool-multiflow-einlaufduese-fuer-folienpools-anthrazit\/"]}]},{"@type":"ImageObject","inLanguage":"de","@id":"https:\/\/pool-house.shop\/de\/product\/astralpool-multiflow-einlaufduese-fuer-folienpools-anthrazit\/#primaryimage","url":"https:\/\/pool-house.shop\/wp-content\/uploads\/2026\/03\/126.jpg","contentUrl":"https:\/\/pool-house.shop\/wp-content\/uploads\/2026\/03\/126.jpg","width":992,"height":665},{"@type":"BreadcrumbList","@id":"https:\/\/pool-house.shop\/de\/product\/astralpool-multiflow-einlaufduese-fuer-folienpools-anthrazit\/#breadcrumb","itemListElement":[{"@type":"ListItem","position":1,"name":"Domovsk\u00e1 str\u00e1nka","item":"https:\/\/pool-house.shop\/de\/"},{"@type":"ListItem","position":2,"name":"Shop","item":"https:\/\/pool-house.shop\/de\/shop\/"},{"@type":"ListItem","position":3,"name":"ASTRALPOOL Multiflow Einlaufd\u00fcse f\u00fcr Folienpools, anthrazit"}]},{"@type":"WebSite","@id":"https:\/\/pool-house.shop\/de\/#website","url":"https:\/\/pool-house.shop\/de\/","name":"Pool-House","description":"","publisher":{"@id":"https:\/\/pool-house.shop\/de\/#organization"},"potentialAction":[{"@type":"SearchAction","target":{"@type":"EntryPoint","urlTemplate":"https:\/\/pool-house.shop\/de\/?s={search_term_string}"},"query-input":{"@type":"PropertyValueSpecification","valueRequired":true,"valueName":"search_term_string"}}],"inLanguage":"de"},{"@type":"Organization","@id":"https:\/\/pool-house.shop\/de\/#organization","name":"Pool-House","url":"https:\/\/pool-house.shop\/de\/","logo":{"@type":"ImageObject","inLanguage":"de","@id":"https:\/\/pool-house.shop\/de\/#\/schema\/logo\/image\/","url":"https:\/\/pool-house.shop\/wp-content\/uploads\/2025\/10\/logo-2-stvorec-mobil-modre.png","contentUrl":"https:\/\/pool-house.shop\/wp-content\/uploads\/2025\/10\/logo-2-stvorec-mobil-modre.png","width":273,"height":189,"caption":"Pool-House"},"image":{"@id":"https:\/\/pool-house.shop\/de\/#\/schema\/logo\/image\/"},"sameAs":["https:\/\/www.facebook.com\/termodomsk\/"]}]}},"_links":{"self":[{"href":"https:\/\/pool-house.shop\/de\/wp-json\/wp\/v2\/product\/12663","targetHints":{"allow":["GET"]}}],"collection":[{"href":"https:\/\/pool-house.shop\/de\/wp-json\/wp\/v2\/product"}],"about":[{"href":"https:\/\/pool-house.shop\/de\/wp-json\/wp\/v2\/types\/product"}],"wp:featuredmedia":[{"embeddable":true,"href":"https:\/\/pool-house.shop\/de\/wp-json\/wp\/v2\/media\/12671"}],"wp:attachment":[{"href":"https:\/\/pool-house.shop\/de\/wp-json\/wp\/v2\/media?parent=12663"}],"wp:term":[{"taxonomy":"product_brand","embeddable":true,"href":"https:\/\/pool-house.shop\/de\/wp-json\/wp\/v2\/product_brand?post=12663"},{"taxonomy":"product_cat","embeddable":true,"href":"https:\/\/pool-house.shop\/de\/wp-json\/wp\/v2\/product_cat?post=12663"},{"taxonomy":"product_tag","embeddable":true,"href":"https:\/\/pool-house.shop\/de\/wp-json\/wp\/v2\/product_tag?post=12663"}],"curies":[{"name":"wp","href":"https:\/\/api.w.org\/{rel}","templated":true}]}}