{"id":12693,"date":"2026-03-08T14:12:42","date_gmt":"2026-03-08T13:12:42","guid":{"rendered":"https:\/\/pool-house.shop\/?post_type=product&#038;p=12693"},"modified":"2026-03-08T16:59:11","modified_gmt":"2026-03-08T15:59:11","slug":"preklad-do-nemciny-astralpool-regulierbare-bodeneinlaufduese-fuer-folien-und-fertigbecken-grau-seo-url-slug-astralpool-regulierbare-bodeneinlaufduese-fuer-folien-und-fertigbecken","status":"publish","type":"product","link":"https:\/\/pool-house.shop\/de\/product\/preklad-do-nemciny-astralpool-regulierbare-bodeneinlaufduese-fuer-folien-und-fertigbecken-grau-seo-url-slug-astralpool-regulierbare-bodeneinlaufduese-fuer-folien-und-fertigbecken\/","title":{"rendered":"AstralPool regulierbare Bodeneinlaufd\u00fcse f\u00fcr Folien- und Fertigbecken, grau"},"content":{"rendered":"<p data-start=\"0\" data-end=\"79\">Sie besteht aus <strong data-start=\"16\" data-end=\"34\">ABS-Kunststoff<\/strong>, der <strong data-start=\"40\" data-end=\"72\">best\u00e4ndig gegen UV-Strahlung<\/strong> ist.<\/p>\n<p data-start=\"81\" data-end=\"161\">Im Lieferumfang sind <strong data-start=\"102\" data-end=\"150\">Dichtungen, ein Flansch und Montageschrauben<\/strong> enthalten.<\/p>\n<h3 data-section-id=\"1menyq7\" data-start=\"163\" data-end=\"187\">Technische Parameter<\/h3>\n<ul data-start=\"188\" data-end=\"240\">\n<li data-section-id=\"1ls0ktg\" data-start=\"188\" data-end=\"207\">\n<p data-start=\"190\" data-end=\"207\"><strong data-start=\"190\" data-end=\"200\">Farbe:<\/strong> grau<\/p>\n<\/li>\n<li data-section-id=\"1boi8gl\" data-start=\"208\" data-end=\"240\">\n<p data-start=\"210\" data-end=\"240\"><strong data-start=\"210\" data-end=\"224\">Au\u00dfenma\u00dfe:<\/strong> \u00d8 149 \u00d7 75 mm<\/p>\n<\/li>\n<\/ul>\n<p data-start=\"242\" data-end=\"258\"><strong data-start=\"242\" data-end=\"256\">Anschluss:<\/strong><\/p>\n<ul data-start=\"259\" data-end=\"435\" data-is-only-node=\"\" data-is-last-node=\"\">\n<li data-section-id=\"10z3e7u\" data-start=\"259\" data-end=\"282\">\n<p data-start=\"261\" data-end=\"282\">Au\u00dfengewinde <strong data-start=\"274\" data-end=\"280\">2\u2033<\/strong><\/p>\n<\/li>\n<li data-section-id=\"1ye4tyo\" data-start=\"283\" data-end=\"329\">\n<p data-start=\"285\" data-end=\"329\">Innenanschluss <strong data-start=\"300\" data-end=\"327\">\u00d8 50 mm (zum Verkleben)<\/strong><\/p>\n<\/li>\n<li data-section-id=\"erov11\" data-start=\"331\" data-end=\"368\">\n<p data-start=\"333\" data-end=\"368\"><strong data-start=\"333\" data-end=\"358\">Maximaler Durchfluss:<\/strong> 12 m\u00b3\/h<\/p>\n<\/li>\n<li data-section-id=\"rb2nrc\" data-start=\"369\" data-end=\"408\">\n<p data-start=\"371\" data-end=\"408\"><strong data-start=\"371\" data-end=\"384\">Material:<\/strong> wei\u00dfer ABS-Kunststoff<\/p>\n<\/li>\n<li data-section-id=\"sje9jg\" data-start=\"409\" data-end=\"435\" data-is-last-node=\"\">\n<p data-start=\"411\" data-end=\"435\" data-is-last-node=\"\"><strong data-start=\"411\" data-end=\"423\">Gewicht:<\/strong> ca. 0,45 kg<\/p>\n<\/li>\n<\/ul>\n","protected":false},"excerpt":{"rendered":"<p><strong data-start=\"0\" data-end=\"50\" data-is-only-node=\"\">Regulierbare Bodeneinlaufd\u00fcse f\u00fcr Folienpools.<\/strong><br data-start=\"50\" data-end=\"53\" \/>Die regulierbare Bodeneinlaufd\u00fcse erm\u00f6glicht eine einfache Einstellung der durchstr\u00f6menden Wassermenge mittels <strong data-start=\"164\" data-end=\"187\">KO-Einstellschraube<\/strong>.<\/p>\n","protected":false},"featured_media":12695,"template":"","meta":[],"product_brand":[],"product_cat":[356,244],"product_tag":[],"class_list":{"0":"post-12693","1":"product","2":"type-product","3":"status-publish","4":"has-post-thumbnail","6":"product_cat-poolbau","7":"product_cat-dusen","8":"thunk-woo-product-list","9":"open-woo-hover-none","10":"open-single-product-tab-horizontal","11":"open-shadow-","12":"open-shadow-hover-","14":"first","15":"instock","16":"taxable","17":"shipping-taxable","18":"purchasable","19":"product-type-simple"},"yoast_head":"<!-- This site is optimized with the Yoast SEO plugin v26.9 - https:\/\/yoast.com\/product\/yoast-seo-wordpress\/ -->\n<title>AstralPool regulierbare Bodeneinlaufd\u00fcse f\u00fcr Folien- und Fertigbecken, grau - Pool-House<\/title>\n<meta name=\"robots\" content=\"index, follow, max-snippet:-1, max-image-preview:large, max-video-preview:-1\" \/>\n<link rel=\"canonical\" href=\"https:\/\/pool-house.shop\/de\/product\/preklad-do-nemciny-astralpool-regulierbare-bodeneinlaufduese-fuer-folien-und-fertigbecken-grau-seo-url-slug-astralpool-regulierbare-bodeneinlaufduese-fuer-folien-und-fertigbecken\/\" \/>\n<meta property=\"og:locale\" content=\"de_DE\" \/>\n<meta property=\"og:type\" content=\"article\" \/>\n<meta property=\"og:title\" content=\"AstralPool regulierbare Bodeneinlaufd\u00fcse f\u00fcr Folien- und Fertigbecken, grau - Pool-House\" \/>\n<meta property=\"og:description\" content=\"Regulierbare Bodeneinlaufd\u00fcse f\u00fcr Folienpools.Die regulierbare Bodeneinlaufd\u00fcse erm\u00f6glicht eine einfache Einstellung der durchstr\u00f6menden Wassermenge mittels KO-Einstellschraube.\" \/>\n<meta property=\"og:url\" content=\"https:\/\/pool-house.shop\/de\/product\/preklad-do-nemciny-astralpool-regulierbare-bodeneinlaufduese-fuer-folien-und-fertigbecken-grau-seo-url-slug-astralpool-regulierbare-bodeneinlaufduese-fuer-folien-und-fertigbecken\/\" \/>\n<meta property=\"og:site_name\" content=\"Pool-House\" \/>\n<meta property=\"article:publisher\" content=\"https:\/\/www.facebook.com\/termodomsk\/\" \/>\n<meta property=\"article:modified_time\" content=\"2026-03-08T15:59:11+00:00\" \/>\n<meta property=\"og:image\" content=\"https:\/\/pool-house.shop\/wp-content\/uploads\/2026\/03\/00340cl129_gris_claro-42471-1.jpg\" \/>\n\t<meta property=\"og:image:width\" content=\"300\" \/>\n\t<meta property=\"og:image:height\" content=\"300\" \/>\n\t<meta property=\"og:image:type\" content=\"image\/jpeg\" \/>\n<meta name=\"twitter:card\" content=\"summary_large_image\" \/>\n<meta name=\"twitter:label1\" content=\"Gesch\u00e4tzte Lesezeit\" \/>\n\t<meta name=\"twitter:data1\" content=\"1\u00a0Minute\" \/>\n<script type=\"application\/ld+json\" class=\"yoast-schema-graph\">{\"@context\":\"https:\/\/schema.org\",\"@graph\":[{\"@type\":\"WebPage\",\"@id\":\"https:\/\/pool-house.shop\/de\/product\/preklad-do-nemciny-astralpool-regulierbare-bodeneinlaufduese-fuer-folien-und-fertigbecken-grau-seo-url-slug-astralpool-regulierbare-bodeneinlaufduese-fuer-folien-und-fertigbecken\/\",\"url\":\"https:\/\/pool-house.shop\/de\/product\/preklad-do-nemciny-astralpool-regulierbare-bodeneinlaufduese-fuer-folien-und-fertigbecken-grau-seo-url-slug-astralpool-regulierbare-bodeneinlaufduese-fuer-folien-und-fertigbecken\/\",\"name\":\"AstralPool regulierbare Bodeneinlaufd\u00fcse f\u00fcr Folien- und Fertigbecken, grau - Pool-House\",\"isPartOf\":{\"@id\":\"https:\/\/pool-house.shop\/de\/#website\"},\"primaryImageOfPage\":{\"@id\":\"https:\/\/pool-house.shop\/de\/product\/preklad-do-nemciny-astralpool-regulierbare-bodeneinlaufduese-fuer-folien-und-fertigbecken-grau-seo-url-slug-astralpool-regulierbare-bodeneinlaufduese-fuer-folien-und-fertigbecken\/#primaryimage\"},\"image\":{\"@id\":\"https:\/\/pool-house.shop\/de\/product\/preklad-do-nemciny-astralpool-regulierbare-bodeneinlaufduese-fuer-folien-und-fertigbecken-grau-seo-url-slug-astralpool-regulierbare-bodeneinlaufduese-fuer-folien-und-fertigbecken\/#primaryimage\"},\"thumbnailUrl\":\"https:\/\/pool-house.shop\/wp-content\/uploads\/2026\/03\/00340cl129_gris_claro-42471-1.jpg\",\"datePublished\":\"2026-03-08T13:12:42+00:00\",\"dateModified\":\"2026-03-08T15:59:11+00:00\",\"breadcrumb\":{\"@id\":\"https:\/\/pool-house.shop\/de\/product\/preklad-do-nemciny-astralpool-regulierbare-bodeneinlaufduese-fuer-folien-und-fertigbecken-grau-seo-url-slug-astralpool-regulierbare-bodeneinlaufduese-fuer-folien-und-fertigbecken\/#breadcrumb\"},\"inLanguage\":\"de\",\"potentialAction\":[{\"@type\":\"ReadAction\",\"target\":[\"https:\/\/pool-house.shop\/de\/product\/preklad-do-nemciny-astralpool-regulierbare-bodeneinlaufduese-fuer-folien-und-fertigbecken-grau-seo-url-slug-astralpool-regulierbare-bodeneinlaufduese-fuer-folien-und-fertigbecken\/\"]}]},{\"@type\":\"ImageObject\",\"inLanguage\":\"de\",\"@id\":\"https:\/\/pool-house.shop\/de\/product\/preklad-do-nemciny-astralpool-regulierbare-bodeneinlaufduese-fuer-folien-und-fertigbecken-grau-seo-url-slug-astralpool-regulierbare-bodeneinlaufduese-fuer-folien-und-fertigbecken\/#primaryimage\",\"url\":\"https:\/\/pool-house.shop\/wp-content\/uploads\/2026\/03\/00340cl129_gris_claro-42471-1.jpg\",\"contentUrl\":\"https:\/\/pool-house.shop\/wp-content\/uploads\/2026\/03\/00340cl129_gris_claro-42471-1.jpg\",\"width\":300,\"height\":300},{\"@type\":\"BreadcrumbList\",\"@id\":\"https:\/\/pool-house.shop\/de\/product\/preklad-do-nemciny-astralpool-regulierbare-bodeneinlaufduese-fuer-folien-und-fertigbecken-grau-seo-url-slug-astralpool-regulierbare-bodeneinlaufduese-fuer-folien-und-fertigbecken\/#breadcrumb\",\"itemListElement\":[{\"@type\":\"ListItem\",\"position\":1,\"name\":\"Domovsk\u00e1 str\u00e1nka\",\"item\":\"https:\/\/pool-house.shop\/de\/\"},{\"@type\":\"ListItem\",\"position\":2,\"name\":\"Shop\",\"item\":\"https:\/\/pool-house.shop\/de\/shop\/\"},{\"@type\":\"ListItem\",\"position\":3,\"name\":\"AstralPool regulierbare Bodeneinlaufd\u00fcse f\u00fcr Folien- und Fertigbecken, grau\"}]},{\"@type\":\"WebSite\",\"@id\":\"https:\/\/pool-house.shop\/de\/#website\",\"url\":\"https:\/\/pool-house.shop\/de\/\",\"name\":\"Pool-House\",\"description\":\"\",\"publisher\":{\"@id\":\"https:\/\/pool-house.shop\/de\/#organization\"},\"potentialAction\":[{\"@type\":\"SearchAction\",\"target\":{\"@type\":\"EntryPoint\",\"urlTemplate\":\"https:\/\/pool-house.shop\/de\/?s={search_term_string}\"},\"query-input\":{\"@type\":\"PropertyValueSpecification\",\"valueRequired\":true,\"valueName\":\"search_term_string\"}}],\"inLanguage\":\"de\"},{\"@type\":\"Organization\",\"@id\":\"https:\/\/pool-house.shop\/de\/#organization\",\"name\":\"Pool-House\",\"url\":\"https:\/\/pool-house.shop\/de\/\",\"logo\":{\"@type\":\"ImageObject\",\"inLanguage\":\"de\",\"@id\":\"https:\/\/pool-house.shop\/de\/#\/schema\/logo\/image\/\",\"url\":\"https:\/\/pool-house.shop\/wp-content\/uploads\/2025\/10\/logo-2-stvorec-mobil-modre.png\",\"contentUrl\":\"https:\/\/pool-house.shop\/wp-content\/uploads\/2025\/10\/logo-2-stvorec-mobil-modre.png\",\"width\":273,\"height\":189,\"caption\":\"Pool-House\"},\"image\":{\"@id\":\"https:\/\/pool-house.shop\/de\/#\/schema\/logo\/image\/\"},\"sameAs\":[\"https:\/\/www.facebook.com\/termodomsk\/\"]}]}<\/script>\n<!-- \/ Yoast SEO plugin. -->","yoast_head_json":{"title":"AstralPool regulierbare Bodeneinlaufd\u00fcse f\u00fcr Folien- und Fertigbecken, grau - Pool-House","robots":{"index":"index","follow":"follow","max-snippet":"max-snippet:-1","max-image-preview":"max-image-preview:large","max-video-preview":"max-video-preview:-1"},"canonical":"https:\/\/pool-house.shop\/de\/product\/preklad-do-nemciny-astralpool-regulierbare-bodeneinlaufduese-fuer-folien-und-fertigbecken-grau-seo-url-slug-astralpool-regulierbare-bodeneinlaufduese-fuer-folien-und-fertigbecken\/","og_locale":"de_DE","og_type":"article","og_title":"AstralPool regulierbare Bodeneinlaufd\u00fcse f\u00fcr Folien- und Fertigbecken, grau - Pool-House","og_description":"Regulierbare Bodeneinlaufd\u00fcse f\u00fcr Folienpools.Die regulierbare Bodeneinlaufd\u00fcse erm\u00f6glicht eine einfache Einstellung der durchstr\u00f6menden Wassermenge mittels KO-Einstellschraube.","og_url":"https:\/\/pool-house.shop\/de\/product\/preklad-do-nemciny-astralpool-regulierbare-bodeneinlaufduese-fuer-folien-und-fertigbecken-grau-seo-url-slug-astralpool-regulierbare-bodeneinlaufduese-fuer-folien-und-fertigbecken\/","og_site_name":"Pool-House","article_publisher":"https:\/\/www.facebook.com\/termodomsk\/","article_modified_time":"2026-03-08T15:59:11+00:00","og_image":[{"width":300,"height":300,"url":"https:\/\/pool-house.shop\/wp-content\/uploads\/2026\/03\/00340cl129_gris_claro-42471-1.jpg","type":"image\/jpeg"}],"twitter_card":"summary_large_image","twitter_misc":{"Gesch\u00e4tzte Lesezeit":"1\u00a0Minute"},"schema":{"@context":"https:\/\/schema.org","@graph":[{"@type":"WebPage","@id":"https:\/\/pool-house.shop\/de\/product\/preklad-do-nemciny-astralpool-regulierbare-bodeneinlaufduese-fuer-folien-und-fertigbecken-grau-seo-url-slug-astralpool-regulierbare-bodeneinlaufduese-fuer-folien-und-fertigbecken\/","url":"https:\/\/pool-house.shop\/de\/product\/preklad-do-nemciny-astralpool-regulierbare-bodeneinlaufduese-fuer-folien-und-fertigbecken-grau-seo-url-slug-astralpool-regulierbare-bodeneinlaufduese-fuer-folien-und-fertigbecken\/","name":"AstralPool regulierbare Bodeneinlaufd\u00fcse f\u00fcr Folien- und Fertigbecken, grau - Pool-House","isPartOf":{"@id":"https:\/\/pool-house.shop\/de\/#website"},"primaryImageOfPage":{"@id":"https:\/\/pool-house.shop\/de\/product\/preklad-do-nemciny-astralpool-regulierbare-bodeneinlaufduese-fuer-folien-und-fertigbecken-grau-seo-url-slug-astralpool-regulierbare-bodeneinlaufduese-fuer-folien-und-fertigbecken\/#primaryimage"},"image":{"@id":"https:\/\/pool-house.shop\/de\/product\/preklad-do-nemciny-astralpool-regulierbare-bodeneinlaufduese-fuer-folien-und-fertigbecken-grau-seo-url-slug-astralpool-regulierbare-bodeneinlaufduese-fuer-folien-und-fertigbecken\/#primaryimage"},"thumbnailUrl":"https:\/\/pool-house.shop\/wp-content\/uploads\/2026\/03\/00340cl129_gris_claro-42471-1.jpg","datePublished":"2026-03-08T13:12:42+00:00","dateModified":"2026-03-08T15:59:11+00:00","breadcrumb":{"@id":"https:\/\/pool-house.shop\/de\/product\/preklad-do-nemciny-astralpool-regulierbare-bodeneinlaufduese-fuer-folien-und-fertigbecken-grau-seo-url-slug-astralpool-regulierbare-bodeneinlaufduese-fuer-folien-und-fertigbecken\/#breadcrumb"},"inLanguage":"de","potentialAction":[{"@type":"ReadAction","target":["https:\/\/pool-house.shop\/de\/product\/preklad-do-nemciny-astralpool-regulierbare-bodeneinlaufduese-fuer-folien-und-fertigbecken-grau-seo-url-slug-astralpool-regulierbare-bodeneinlaufduese-fuer-folien-und-fertigbecken\/"]}]},{"@type":"ImageObject","inLanguage":"de","@id":"https:\/\/pool-house.shop\/de\/product\/preklad-do-nemciny-astralpool-regulierbare-bodeneinlaufduese-fuer-folien-und-fertigbecken-grau-seo-url-slug-astralpool-regulierbare-bodeneinlaufduese-fuer-folien-und-fertigbecken\/#primaryimage","url":"https:\/\/pool-house.shop\/wp-content\/uploads\/2026\/03\/00340cl129_gris_claro-42471-1.jpg","contentUrl":"https:\/\/pool-house.shop\/wp-content\/uploads\/2026\/03\/00340cl129_gris_claro-42471-1.jpg","width":300,"height":300},{"@type":"BreadcrumbList","@id":"https:\/\/pool-house.shop\/de\/product\/preklad-do-nemciny-astralpool-regulierbare-bodeneinlaufduese-fuer-folien-und-fertigbecken-grau-seo-url-slug-astralpool-regulierbare-bodeneinlaufduese-fuer-folien-und-fertigbecken\/#breadcrumb","itemListElement":[{"@type":"ListItem","position":1,"name":"Domovsk\u00e1 str\u00e1nka","item":"https:\/\/pool-house.shop\/de\/"},{"@type":"ListItem","position":2,"name":"Shop","item":"https:\/\/pool-house.shop\/de\/shop\/"},{"@type":"ListItem","position":3,"name":"AstralPool regulierbare Bodeneinlaufd\u00fcse f\u00fcr Folien- und Fertigbecken, grau"}]},{"@type":"WebSite","@id":"https:\/\/pool-house.shop\/de\/#website","url":"https:\/\/pool-house.shop\/de\/","name":"Pool-House","description":"","publisher":{"@id":"https:\/\/pool-house.shop\/de\/#organization"},"potentialAction":[{"@type":"SearchAction","target":{"@type":"EntryPoint","urlTemplate":"https:\/\/pool-house.shop\/de\/?s={search_term_string}"},"query-input":{"@type":"PropertyValueSpecification","valueRequired":true,"valueName":"search_term_string"}}],"inLanguage":"de"},{"@type":"Organization","@id":"https:\/\/pool-house.shop\/de\/#organization","name":"Pool-House","url":"https:\/\/pool-house.shop\/de\/","logo":{"@type":"ImageObject","inLanguage":"de","@id":"https:\/\/pool-house.shop\/de\/#\/schema\/logo\/image\/","url":"https:\/\/pool-house.shop\/wp-content\/uploads\/2025\/10\/logo-2-stvorec-mobil-modre.png","contentUrl":"https:\/\/pool-house.shop\/wp-content\/uploads\/2025\/10\/logo-2-stvorec-mobil-modre.png","width":273,"height":189,"caption":"Pool-House"},"image":{"@id":"https:\/\/pool-house.shop\/de\/#\/schema\/logo\/image\/"},"sameAs":["https:\/\/www.facebook.com\/termodomsk\/"]}]}},"_links":{"self":[{"href":"https:\/\/pool-house.shop\/de\/wp-json\/wp\/v2\/product\/12693","targetHints":{"allow":["GET"]}}],"collection":[{"href":"https:\/\/pool-house.shop\/de\/wp-json\/wp\/v2\/product"}],"about":[{"href":"https:\/\/pool-house.shop\/de\/wp-json\/wp\/v2\/types\/product"}],"wp:featuredmedia":[{"embeddable":true,"href":"https:\/\/pool-house.shop\/de\/wp-json\/wp\/v2\/media\/12695"}],"wp:attachment":[{"href":"https:\/\/pool-house.shop\/de\/wp-json\/wp\/v2\/media?parent=12693"}],"wp:term":[{"taxonomy":"product_brand","embeddable":true,"href":"https:\/\/pool-house.shop\/de\/wp-json\/wp\/v2\/product_brand?post=12693"},{"taxonomy":"product_cat","embeddable":true,"href":"https:\/\/pool-house.shop\/de\/wp-json\/wp\/v2\/product_cat?post=12693"},{"taxonomy":"product_tag","embeddable":true,"href":"https:\/\/pool-house.shop\/de\/wp-json\/wp\/v2\/product_tag?post=12693"}],"curies":[{"name":"wp","href":"https:\/\/api.w.org\/{rel}","templated":true}]}}