{"id":6122,"date":"2025-09-30T11:44:31","date_gmt":"2025-09-30T09:44:31","guid":{"rendered":"https:\/\/pool-house.shop\/product\/gegenstromanlage-mr-jet-160-m%c2%b3-h-kabel-10-m-230-v\/"},"modified":"2025-09-30T11:44:31","modified_gmt":"2025-09-30T09:44:31","slug":"gegenstromanlage-mr-jet-160-m%c2%b3-h-kabel-10-m-230-v","status":"publish","type":"product","link":"https:\/\/pool-house.shop\/de\/product\/gegenstromanlage-mr-jet-160-m%c2%b3-h-kabel-10-m-230-v\/","title":{"rendered":"Gegenstromanlage Mr. Jet 160 m\u00b3\/h, Kabel 10 m, 230 V"},"content":{"rendered":"<p data-start=\"33\" data-end=\"248\">Eine superleistungsstarke Pool-Gegenstromanlage verwandelt selbst Ihren Pool in einen Ozean. Sie k\u00f6nnen sie nicht nur \u00fcber das Bedienfeld, sondern auch \u00fcber eine Fernbedienung steuern. <\/p>\n<ul data-start=\"250\" data-end=\"492\">\n<li data-start=\"250\" data-end=\"292\">\n<p data-start=\"252\" data-end=\"292\">Die ideale L\u00f6sung f\u00fcr bestehende Pools<\/p>\n<\/li>\n<li data-start=\"293\" data-end=\"336\">\n<p data-start=\"295\" data-end=\"336\">Leistung bis zu 160 m\u00b3\/h f\u00fcr anspruchsvolle Schwimmer<\/p>\n<\/li>\n<li data-start=\"337\" data-end=\"388\">\n<p data-start=\"339\" data-end=\"388\">Kann den Effekt echter Meereswellen nachahmen<\/p>\n<\/li>\n<li data-start=\"389\" data-end=\"464\">\n<p data-start=\"391\" data-end=\"464\">Dank 5 Leistungsmodi k\u00f6nnen Sie die Strahlst\u00e4rke an Ihre Bed\u00fcrfnisse anpassen<\/p>\n<\/li>\n<li data-start=\"465\" data-end=\"492\">\n<p data-start=\"467\" data-end=\"492\">Sichere 12-V-Stromversorgung<\/p>\n<\/li>\n<\/ul>\n<p data-start=\"494\" data-end=\"547\"><strong data-start=\"494\" data-end=\"545\">Ideal f\u00fcr Pools mit Abmessungen von 5 \u00d7 3 m und mehr<\/strong><\/p>\n<p data-start=\"549\" data-end=\"766\">Vergessen Sie komplizierte Bauarbeiten. Mit der leistungsstarken Gegenstromanlage Mr. Jet erwartet Sie nichts dergleichen. Befestigen Sie einfach die Gegenstromanlage und das Bedienfeld, schlie\u00dfen Sie alles an, und schon nach wenigen Augenblicken k\u00f6nnen Sie den Spa\u00df in den Wellen genie\u00dfen!  <\/p>\n<p data-start=\"768\" data-end=\"794\"><strong data-start=\"768\" data-end=\"792\">Garantiezeit: 3 Jahre<\/strong><\/p>\n","protected":false},"excerpt":{"rendered":"<p>Eine superleistungsstarke Pool-Gegenstromanlage verwandelt selbst Ihren Pool in einen Ozean. Sie k\u00f6nnen sie nicht nur \u00fcber das Bedienfeld, sondern auch \u00fcber eine Fernbedienung steuern. Die ideale L\u00f6sung f\u00fcr bestehende Pools Leistung bis zu 160 m\u00b3\/h f\u00fcr anspruchsvolle Schwimmer Kann den Effekt echter Meereswellen nachahmen Dank 5 Leistungsmodi k\u00f6nnen Sie die Strahlst\u00e4rke an Ihre Bed\u00fcrfnisse anpassen &hellip;<\/p>\n<p class=\"read-more\"> <a class=\" thunk-readmore button \" href=\"https:\/\/pool-house.shop\/de\/product\/gegenstromanlage-mr-jet-160-m%c2%b3-h-kabel-10-m-230-v\/\"> <span class=\"screen-reader-text\">Gegenstromanlage Mr. Jet 160 m\u00b3\/h, Kabel 10 m, 230 V<\/span>Weiterlesen<\/a><\/p>\n","protected":false},"featured_media":6109,"template":"","meta":[],"product_brand":[],"product_cat":[374,241,15],"product_tag":[],"class_list":{"0":"post-6122","1":"product","2":"type-product","3":"status-publish","4":"has-post-thumbnail","6":"product_cat-wasserattraktionen","7":"product_cat-gegenstromanlagen","8":"product_cat-mr_pool_house","9":"thunk-woo-product-list","10":"open-woo-hover-none","11":"open-single-product-tab-horizontal","12":"open-shadow-","13":"open-shadow-hover-","15":"first","16":"instock","17":"taxable","18":"shipping-taxable","19":"purchasable","20":"product-type-simple"},"yoast_head":"<!-- This site is optimized with the Yoast SEO plugin v26.9 - https:\/\/yoast.com\/product\/yoast-seo-wordpress\/ -->\n<title>Gegenstromanlage Mr. Jet 160 m\u00b3\/h, Kabel 10 m, 230 V - Pool-House<\/title>\n<meta name=\"robots\" content=\"index, follow, max-snippet:-1, max-image-preview:large, max-video-preview:-1\" \/>\n<link rel=\"canonical\" href=\"https:\/\/pool-house.shop\/de\/product\/gegenstromanlage-mr-jet-160-m%c2%b3-h-kabel-10-m-230-v\/\" \/>\n<meta property=\"og:locale\" content=\"de_DE\" \/>\n<meta property=\"og:type\" content=\"article\" \/>\n<meta property=\"og:title\" content=\"Gegenstromanlage Mr. Jet 160 m\u00b3\/h, Kabel 10 m, 230 V - Pool-House\" \/>\n<meta property=\"og:description\" content=\"Eine superleistungsstarke Pool-Gegenstromanlage verwandelt selbst Ihren Pool in einen Ozean. Sie k\u00f6nnen sie nicht nur \u00fcber das Bedienfeld, sondern auch \u00fcber eine Fernbedienung steuern. Die ideale L\u00f6sung f\u00fcr bestehende Pools Leistung bis zu 160 m\u00b3\/h f\u00fcr anspruchsvolle Schwimmer Kann den Effekt echter Meereswellen nachahmen Dank 5 Leistungsmodi k\u00f6nnen Sie die Strahlst\u00e4rke an Ihre Bed\u00fcrfnisse anpassen &hellip; Gegenstromanlage Mr. Jet 160 m\u00b3\/h, Kabel 10 m, 230 VWeiterlesen\" \/>\n<meta property=\"og:url\" content=\"https:\/\/pool-house.shop\/de\/product\/gegenstromanlage-mr-jet-160-m%c2%b3-h-kabel-10-m-230-v\/\" \/>\n<meta property=\"og:site_name\" content=\"Pool-House\" \/>\n<meta property=\"article:publisher\" content=\"https:\/\/www.facebook.com\/termodomsk\/\" \/>\n<meta property=\"og:image\" content=\"https:\/\/pool-house.shop\/wp-content\/uploads\/2025\/09\/Mr.Jet-1-scaled.png\" \/>\n\t<meta property=\"og:image:width\" content=\"2560\" \/>\n\t<meta property=\"og:image:height\" content=\"1808\" \/>\n\t<meta property=\"og:image:type\" content=\"image\/png\" \/>\n<meta name=\"twitter:card\" content=\"summary_large_image\" \/>\n<meta name=\"twitter:label1\" content=\"Gesch\u00e4tzte Lesezeit\" \/>\n\t<meta name=\"twitter:data1\" content=\"1\u00a0Minute\" \/>\n<script type=\"application\/ld+json\" class=\"yoast-schema-graph\">{\"@context\":\"https:\/\/schema.org\",\"@graph\":[{\"@type\":\"WebPage\",\"@id\":\"https:\/\/pool-house.shop\/de\/product\/gegenstromanlage-mr-jet-160-m%c2%b3-h-kabel-10-m-230-v\/\",\"url\":\"https:\/\/pool-house.shop\/de\/product\/gegenstromanlage-mr-jet-160-m%c2%b3-h-kabel-10-m-230-v\/\",\"name\":\"Gegenstromanlage Mr. Jet 160 m\u00b3\/h, Kabel 10 m, 230 V - Pool-House\",\"isPartOf\":{\"@id\":\"https:\/\/pool-house.shop\/de\/#website\"},\"primaryImageOfPage\":{\"@id\":\"https:\/\/pool-house.shop\/de\/product\/gegenstromanlage-mr-jet-160-m%c2%b3-h-kabel-10-m-230-v\/#primaryimage\"},\"image\":{\"@id\":\"https:\/\/pool-house.shop\/de\/product\/gegenstromanlage-mr-jet-160-m%c2%b3-h-kabel-10-m-230-v\/#primaryimage\"},\"thumbnailUrl\":\"https:\/\/pool-house.shop\/wp-content\/uploads\/2025\/09\/Mr.Jet-1-scaled.png\",\"datePublished\":\"2025-09-30T09:44:31+00:00\",\"breadcrumb\":{\"@id\":\"https:\/\/pool-house.shop\/de\/product\/gegenstromanlage-mr-jet-160-m%c2%b3-h-kabel-10-m-230-v\/#breadcrumb\"},\"inLanguage\":\"de\",\"potentialAction\":[{\"@type\":\"ReadAction\",\"target\":[\"https:\/\/pool-house.shop\/de\/product\/gegenstromanlage-mr-jet-160-m%c2%b3-h-kabel-10-m-230-v\/\"]}]},{\"@type\":\"ImageObject\",\"inLanguage\":\"de\",\"@id\":\"https:\/\/pool-house.shop\/de\/product\/gegenstromanlage-mr-jet-160-m%c2%b3-h-kabel-10-m-230-v\/#primaryimage\",\"url\":\"https:\/\/pool-house.shop\/wp-content\/uploads\/2025\/09\/Mr.Jet-1-scaled.png\",\"contentUrl\":\"https:\/\/pool-house.shop\/wp-content\/uploads\/2025\/09\/Mr.Jet-1-scaled.png\",\"width\":2560,\"height\":1808},{\"@type\":\"BreadcrumbList\",\"@id\":\"https:\/\/pool-house.shop\/de\/product\/gegenstromanlage-mr-jet-160-m%c2%b3-h-kabel-10-m-230-v\/#breadcrumb\",\"itemListElement\":[{\"@type\":\"ListItem\",\"position\":1,\"name\":\"Domovsk\u00e1 str\u00e1nka\",\"item\":\"https:\/\/pool-house.shop\/de\/\"},{\"@type\":\"ListItem\",\"position\":2,\"name\":\"Shop\",\"item\":\"https:\/\/pool-house.shop\/de\/shop\/\"},{\"@type\":\"ListItem\",\"position\":3,\"name\":\"Gegenstromanlage Mr. Jet 160 m\u00b3\/h, Kabel 10 m, 230 V\"}]},{\"@type\":\"WebSite\",\"@id\":\"https:\/\/pool-house.shop\/de\/#website\",\"url\":\"https:\/\/pool-house.shop\/de\/\",\"name\":\"Pool-House\",\"description\":\"\",\"publisher\":{\"@id\":\"https:\/\/pool-house.shop\/de\/#organization\"},\"potentialAction\":[{\"@type\":\"SearchAction\",\"target\":{\"@type\":\"EntryPoint\",\"urlTemplate\":\"https:\/\/pool-house.shop\/de\/?s={search_term_string}\"},\"query-input\":{\"@type\":\"PropertyValueSpecification\",\"valueRequired\":true,\"valueName\":\"search_term_string\"}}],\"inLanguage\":\"de\"},{\"@type\":\"Organization\",\"@id\":\"https:\/\/pool-house.shop\/de\/#organization\",\"name\":\"Pool-House\",\"url\":\"https:\/\/pool-house.shop\/de\/\",\"logo\":{\"@type\":\"ImageObject\",\"inLanguage\":\"de\",\"@id\":\"https:\/\/pool-house.shop\/de\/#\/schema\/logo\/image\/\",\"url\":\"https:\/\/pool-house.shop\/wp-content\/uploads\/2025\/10\/logo-2-stvorec-mobil-modre.png\",\"contentUrl\":\"https:\/\/pool-house.shop\/wp-content\/uploads\/2025\/10\/logo-2-stvorec-mobil-modre.png\",\"width\":273,\"height\":189,\"caption\":\"Pool-House\"},\"image\":{\"@id\":\"https:\/\/pool-house.shop\/de\/#\/schema\/logo\/image\/\"},\"sameAs\":[\"https:\/\/www.facebook.com\/termodomsk\/\"]}]}<\/script>\n<!-- \/ Yoast SEO plugin. -->","yoast_head_json":{"title":"Gegenstromanlage Mr. Jet 160 m\u00b3\/h, Kabel 10 m, 230 V - Pool-House","robots":{"index":"index","follow":"follow","max-snippet":"max-snippet:-1","max-image-preview":"max-image-preview:large","max-video-preview":"max-video-preview:-1"},"canonical":"https:\/\/pool-house.shop\/de\/product\/gegenstromanlage-mr-jet-160-m%c2%b3-h-kabel-10-m-230-v\/","og_locale":"de_DE","og_type":"article","og_title":"Gegenstromanlage Mr. Jet 160 m\u00b3\/h, Kabel 10 m, 230 V - Pool-House","og_description":"Eine superleistungsstarke Pool-Gegenstromanlage verwandelt selbst Ihren Pool in einen Ozean. Sie k\u00f6nnen sie nicht nur \u00fcber das Bedienfeld, sondern auch \u00fcber eine Fernbedienung steuern. Die ideale L\u00f6sung f\u00fcr bestehende Pools Leistung bis zu 160 m\u00b3\/h f\u00fcr anspruchsvolle Schwimmer Kann den Effekt echter Meereswellen nachahmen Dank 5 Leistungsmodi k\u00f6nnen Sie die Strahlst\u00e4rke an Ihre Bed\u00fcrfnisse anpassen &hellip; Gegenstromanlage Mr. Jet 160 m\u00b3\/h, Kabel 10 m, 230 VWeiterlesen","og_url":"https:\/\/pool-house.shop\/de\/product\/gegenstromanlage-mr-jet-160-m%c2%b3-h-kabel-10-m-230-v\/","og_site_name":"Pool-House","article_publisher":"https:\/\/www.facebook.com\/termodomsk\/","og_image":[{"width":2560,"height":1808,"url":"https:\/\/pool-house.shop\/wp-content\/uploads\/2025\/09\/Mr.Jet-1-scaled.png","type":"image\/png"}],"twitter_card":"summary_large_image","twitter_misc":{"Gesch\u00e4tzte Lesezeit":"1\u00a0Minute"},"schema":{"@context":"https:\/\/schema.org","@graph":[{"@type":"WebPage","@id":"https:\/\/pool-house.shop\/de\/product\/gegenstromanlage-mr-jet-160-m%c2%b3-h-kabel-10-m-230-v\/","url":"https:\/\/pool-house.shop\/de\/product\/gegenstromanlage-mr-jet-160-m%c2%b3-h-kabel-10-m-230-v\/","name":"Gegenstromanlage Mr. Jet 160 m\u00b3\/h, Kabel 10 m, 230 V - Pool-House","isPartOf":{"@id":"https:\/\/pool-house.shop\/de\/#website"},"primaryImageOfPage":{"@id":"https:\/\/pool-house.shop\/de\/product\/gegenstromanlage-mr-jet-160-m%c2%b3-h-kabel-10-m-230-v\/#primaryimage"},"image":{"@id":"https:\/\/pool-house.shop\/de\/product\/gegenstromanlage-mr-jet-160-m%c2%b3-h-kabel-10-m-230-v\/#primaryimage"},"thumbnailUrl":"https:\/\/pool-house.shop\/wp-content\/uploads\/2025\/09\/Mr.Jet-1-scaled.png","datePublished":"2025-09-30T09:44:31+00:00","breadcrumb":{"@id":"https:\/\/pool-house.shop\/de\/product\/gegenstromanlage-mr-jet-160-m%c2%b3-h-kabel-10-m-230-v\/#breadcrumb"},"inLanguage":"de","potentialAction":[{"@type":"ReadAction","target":["https:\/\/pool-house.shop\/de\/product\/gegenstromanlage-mr-jet-160-m%c2%b3-h-kabel-10-m-230-v\/"]}]},{"@type":"ImageObject","inLanguage":"de","@id":"https:\/\/pool-house.shop\/de\/product\/gegenstromanlage-mr-jet-160-m%c2%b3-h-kabel-10-m-230-v\/#primaryimage","url":"https:\/\/pool-house.shop\/wp-content\/uploads\/2025\/09\/Mr.Jet-1-scaled.png","contentUrl":"https:\/\/pool-house.shop\/wp-content\/uploads\/2025\/09\/Mr.Jet-1-scaled.png","width":2560,"height":1808},{"@type":"BreadcrumbList","@id":"https:\/\/pool-house.shop\/de\/product\/gegenstromanlage-mr-jet-160-m%c2%b3-h-kabel-10-m-230-v\/#breadcrumb","itemListElement":[{"@type":"ListItem","position":1,"name":"Domovsk\u00e1 str\u00e1nka","item":"https:\/\/pool-house.shop\/de\/"},{"@type":"ListItem","position":2,"name":"Shop","item":"https:\/\/pool-house.shop\/de\/shop\/"},{"@type":"ListItem","position":3,"name":"Gegenstromanlage Mr. Jet 160 m\u00b3\/h, Kabel 10 m, 230 V"}]},{"@type":"WebSite","@id":"https:\/\/pool-house.shop\/de\/#website","url":"https:\/\/pool-house.shop\/de\/","name":"Pool-House","description":"","publisher":{"@id":"https:\/\/pool-house.shop\/de\/#organization"},"potentialAction":[{"@type":"SearchAction","target":{"@type":"EntryPoint","urlTemplate":"https:\/\/pool-house.shop\/de\/?s={search_term_string}"},"query-input":{"@type":"PropertyValueSpecification","valueRequired":true,"valueName":"search_term_string"}}],"inLanguage":"de"},{"@type":"Organization","@id":"https:\/\/pool-house.shop\/de\/#organization","name":"Pool-House","url":"https:\/\/pool-house.shop\/de\/","logo":{"@type":"ImageObject","inLanguage":"de","@id":"https:\/\/pool-house.shop\/de\/#\/schema\/logo\/image\/","url":"https:\/\/pool-house.shop\/wp-content\/uploads\/2025\/10\/logo-2-stvorec-mobil-modre.png","contentUrl":"https:\/\/pool-house.shop\/wp-content\/uploads\/2025\/10\/logo-2-stvorec-mobil-modre.png","width":273,"height":189,"caption":"Pool-House"},"image":{"@id":"https:\/\/pool-house.shop\/de\/#\/schema\/logo\/image\/"},"sameAs":["https:\/\/www.facebook.com\/termodomsk\/"]}]}},"_links":{"self":[{"href":"https:\/\/pool-house.shop\/de\/wp-json\/wp\/v2\/product\/6122","targetHints":{"allow":["GET"]}}],"collection":[{"href":"https:\/\/pool-house.shop\/de\/wp-json\/wp\/v2\/product"}],"about":[{"href":"https:\/\/pool-house.shop\/de\/wp-json\/wp\/v2\/types\/product"}],"wp:featuredmedia":[{"embeddable":true,"href":"https:\/\/pool-house.shop\/de\/wp-json\/wp\/v2\/media\/6109"}],"wp:attachment":[{"href":"https:\/\/pool-house.shop\/de\/wp-json\/wp\/v2\/media?parent=6122"}],"wp:term":[{"taxonomy":"product_brand","embeddable":true,"href":"https:\/\/pool-house.shop\/de\/wp-json\/wp\/v2\/product_brand?post=6122"},{"taxonomy":"product_cat","embeddable":true,"href":"https:\/\/pool-house.shop\/de\/wp-json\/wp\/v2\/product_cat?post=6122"},{"taxonomy":"product_tag","embeddable":true,"href":"https:\/\/pool-house.shop\/de\/wp-json\/wp\/v2\/product_tag?post=6122"}],"curies":[{"name":"wp","href":"https:\/\/api.w.org\/{rel}","templated":true}]}}