{"id":6139,"date":"2025-09-30T11:10:11","date_gmt":"2025-09-30T09:10:11","guid":{"rendered":"https:\/\/pool-house.shop\/product\/waermepumpe-mr-silence-30-118-kw-25-45-m%c2%b3\/"},"modified":"2025-11-25T10:13:51","modified_gmt":"2025-11-25T09:13:51","slug":"waermepumpe-mr-silence-30-118-kw-25-45-m%c2%b3","status":"publish","type":"product","link":"https:\/\/pool-house.shop\/de\/product\/waermepumpe-mr-silence-30-118-kw-25-45-m%c2%b3\/","title":{"rendered":"W\u00e4rmepumpe Mr. Silence 30 11,8 kW (25-45 m\u00b3)"},"content":{"rendered":"<p data-start=\"33\" data-end=\"255\">Heizen Sie das Poolwasser so leise, dass Sie es nicht einmal h\u00f6ren werden. Die W\u00e4rmepumpe Mr. Silence 30 ist dank ihres extrem leisen Betriebs sogar im Guinness-Buch der Rekorde eingetragen! <\/p>\n<ul data-start=\"257\" data-end=\"562\">\n<li data-start=\"257\" data-end=\"312\">\n<p data-start=\"259\" data-end=\"312\">COP bis zu 1:22 \u2013 aus 1 kW Eingangsleistung erzeugt sie bis zu 22 kW Ausgangsleistung<\/p>\n<\/li>\n<li data-start=\"313\" data-end=\"350\">\n<p data-start=\"315\" data-end=\"350\">Rekordverd\u00e4chtig leiser Betrieb \u2013 nur 36,4 dB<\/p>\n<\/li>\n<li data-start=\"351\" data-end=\"405\">\n<p data-start=\"353\" data-end=\"405\">Im Vergleich zu einer klassischen Pumpe spart sie bis zu 73 % der Kosten<\/p>\n<\/li>\n<li data-start=\"406\" data-end=\"459\">\n<p data-start=\"408\" data-end=\"459\">Umweltfreundliche L\u00f6sung \u2013 verwendet das umweltfreundliche K\u00e4ltemittel R32<\/p>\n<\/li>\n<li data-start=\"460\" data-end=\"511\">\n<p data-start=\"462\" data-end=\"511\">3 Modi \u2013 Heizen, K\u00fchlen und Automatikmodus<\/p>\n<\/li>\n<li data-start=\"512\" data-end=\"562\">\n<p data-start=\"514\" data-end=\"562\">Eine stabile Wassertemperatur verl\u00e4ngert die Badesaison<\/p>\n<\/li>\n<\/ul>\n<p data-start=\"564\" data-end=\"755\"><strong data-start=\"564\" data-end=\"600\">Qualit\u00e4t und Service ohne Kompromisse<\/strong><br data-start=\"600\" data-end=\"603\">F\u00fcr die W\u00e4rmepumpe Mr. Silence 30 gilt eine 7-j\u00e4hrige Garantie.<br data-start=\"665\" data-end=\"668\">Der Inverterkompressor und der Titanw\u00e4rmetauscher sind durch eine erweiterte Garantie von bis zu 15 Jahren abgedeckt.<\/p>\n","protected":false},"excerpt":{"rendered":"<p>Heizen Sie das Poolwasser so leise, dass Sie es nicht einmal h\u00f6ren werden. Die W\u00e4rmepumpe Mr. Silence 30 ist dank ihres extrem leisen Betriebs sogar im Guinness-Buch der Rekorde eingetragen! COP bis zu 1:22 \u2013 aus 1 kW Eingangsleistung erzeugt sie bis zu 22 kW Ausgangsleistung Rekordverd\u00e4chtig leiser Betrieb \u2013 nur 36,4 dB Im Vergleich &hellip;<\/p>\n<p class=\"read-more\"> <a class=\" thunk-readmore button \" href=\"https:\/\/pool-house.shop\/de\/product\/waermepumpe-mr-silence-30-118-kw-25-45-m%c2%b3\/\"> <span class=\"screen-reader-text\">W\u00e4rmepumpe Mr. Silence 30 11,8 kW (25-45 m\u00b3)<\/span>Weiterlesen<\/a><\/p>\n","protected":false},"featured_media":6131,"template":"","meta":[],"product_brand":[],"product_cat":[139],"product_tag":[],"class_list":{"0":"post-6139","1":"product","2":"type-product","3":"status-publish","4":"has-post-thumbnail","6":"product_cat-bazenove-folie-a-prislusenstvo","7":"thunk-woo-product-list","8":"open-woo-hover-none","9":"open-single-product-tab-horizontal","10":"open-shadow-","11":"open-shadow-hover-","13":"first","14":"instock","15":"taxable","16":"shipping-taxable","17":"purchasable","18":"product-type-simple"},"yoast_head":"<!-- This site is optimized with the Yoast SEO plugin v26.9 - https:\/\/yoast.com\/product\/yoast-seo-wordpress\/ -->\n<title>W\u00e4rmepumpe Mr. Silence 30 11,8 kW (25-45 m\u00b3) - Pool-House<\/title>\n<meta name=\"robots\" content=\"index, follow, max-snippet:-1, max-image-preview:large, max-video-preview:-1\" \/>\n<link rel=\"canonical\" href=\"https:\/\/pool-house.shop\/de\/product\/waermepumpe-mr-silence-30-118-kw-25-45-m%c2%b3\/\" \/>\n<meta property=\"og:locale\" content=\"de_DE\" \/>\n<meta property=\"og:type\" content=\"article\" \/>\n<meta property=\"og:title\" content=\"W\u00e4rmepumpe Mr. Silence 30 11,8 kW (25-45 m\u00b3) - Pool-House\" \/>\n<meta property=\"og:description\" content=\"Heizen Sie das Poolwasser so leise, dass Sie es nicht einmal h\u00f6ren werden. Die W\u00e4rmepumpe Mr. Silence 30 ist dank ihres extrem leisen Betriebs sogar im Guinness-Buch der Rekorde eingetragen! COP bis zu 1:22 \u2013 aus 1 kW Eingangsleistung erzeugt sie bis zu 22 kW Ausgangsleistung Rekordverd\u00e4chtig leiser Betrieb \u2013 nur 36,4 dB Im Vergleich &hellip; W\u00e4rmepumpe Mr. Silence 30 11,8 kW (25-45 m\u00b3)Weiterlesen\" \/>\n<meta property=\"og:url\" content=\"https:\/\/pool-house.shop\/de\/product\/waermepumpe-mr-silence-30-118-kw-25-45-m%c2%b3\/\" \/>\n<meta property=\"og:site_name\" content=\"Pool-House\" \/>\n<meta property=\"article:publisher\" content=\"https:\/\/www.facebook.com\/termodomsk\/\" \/>\n<meta property=\"article:modified_time\" content=\"2025-11-25T09:13:51+00:00\" \/>\n<meta property=\"og:image\" content=\"https:\/\/pool-house.shop\/wp-content\/uploads\/2025\/09\/Mr.Silence-30-9.png\" \/>\n\t<meta property=\"og:image:width\" content=\"1271\" \/>\n\t<meta property=\"og:image:height\" content=\"819\" \/>\n\t<meta property=\"og:image:type\" content=\"image\/png\" \/>\n<meta name=\"twitter:card\" content=\"summary_large_image\" \/>\n<meta name=\"twitter:label1\" content=\"Gesch\u00e4tzte Lesezeit\" \/>\n\t<meta name=\"twitter:data1\" content=\"1\u00a0Minute\" \/>\n<script type=\"application\/ld+json\" class=\"yoast-schema-graph\">{\"@context\":\"https:\/\/schema.org\",\"@graph\":[{\"@type\":\"WebPage\",\"@id\":\"https:\/\/pool-house.shop\/de\/product\/waermepumpe-mr-silence-30-118-kw-25-45-m%c2%b3\/\",\"url\":\"https:\/\/pool-house.shop\/de\/product\/waermepumpe-mr-silence-30-118-kw-25-45-m%c2%b3\/\",\"name\":\"W\u00e4rmepumpe Mr. Silence 30 11,8 kW (25-45 m\u00b3) - Pool-House\",\"isPartOf\":{\"@id\":\"https:\/\/pool-house.shop\/de\/#website\"},\"primaryImageOfPage\":{\"@id\":\"https:\/\/pool-house.shop\/de\/product\/waermepumpe-mr-silence-30-118-kw-25-45-m%c2%b3\/#primaryimage\"},\"image\":{\"@id\":\"https:\/\/pool-house.shop\/de\/product\/waermepumpe-mr-silence-30-118-kw-25-45-m%c2%b3\/#primaryimage\"},\"thumbnailUrl\":\"https:\/\/pool-house.shop\/wp-content\/uploads\/2025\/09\/Mr.Silence-30-9.png\",\"datePublished\":\"2025-09-30T09:10:11+00:00\",\"dateModified\":\"2025-11-25T09:13:51+00:00\",\"breadcrumb\":{\"@id\":\"https:\/\/pool-house.shop\/de\/product\/waermepumpe-mr-silence-30-118-kw-25-45-m%c2%b3\/#breadcrumb\"},\"inLanguage\":\"de\",\"potentialAction\":[{\"@type\":\"ReadAction\",\"target\":[\"https:\/\/pool-house.shop\/de\/product\/waermepumpe-mr-silence-30-118-kw-25-45-m%c2%b3\/\"]}]},{\"@type\":\"ImageObject\",\"inLanguage\":\"de\",\"@id\":\"https:\/\/pool-house.shop\/de\/product\/waermepumpe-mr-silence-30-118-kw-25-45-m%c2%b3\/#primaryimage\",\"url\":\"https:\/\/pool-house.shop\/wp-content\/uploads\/2025\/09\/Mr.Silence-30-9.png\",\"contentUrl\":\"https:\/\/pool-house.shop\/wp-content\/uploads\/2025\/09\/Mr.Silence-30-9.png\",\"width\":1271,\"height\":819},{\"@type\":\"BreadcrumbList\",\"@id\":\"https:\/\/pool-house.shop\/de\/product\/waermepumpe-mr-silence-30-118-kw-25-45-m%c2%b3\/#breadcrumb\",\"itemListElement\":[{\"@type\":\"ListItem\",\"position\":1,\"name\":\"Domovsk\u00e1 str\u00e1nka\",\"item\":\"https:\/\/pool-house.shop\/de\/\"},{\"@type\":\"ListItem\",\"position\":2,\"name\":\"Shop\",\"item\":\"https:\/\/pool-house.shop\/de\/shop\/\"},{\"@type\":\"ListItem\",\"position\":3,\"name\":\"W\u00e4rmepumpe Mr. Silence 30 11,8 kW (25-45 m\u00b3)\"}]},{\"@type\":\"WebSite\",\"@id\":\"https:\/\/pool-house.shop\/de\/#website\",\"url\":\"https:\/\/pool-house.shop\/de\/\",\"name\":\"Pool-House\",\"description\":\"\",\"publisher\":{\"@id\":\"https:\/\/pool-house.shop\/de\/#organization\"},\"potentialAction\":[{\"@type\":\"SearchAction\",\"target\":{\"@type\":\"EntryPoint\",\"urlTemplate\":\"https:\/\/pool-house.shop\/de\/?s={search_term_string}\"},\"query-input\":{\"@type\":\"PropertyValueSpecification\",\"valueRequired\":true,\"valueName\":\"search_term_string\"}}],\"inLanguage\":\"de\"},{\"@type\":\"Organization\",\"@id\":\"https:\/\/pool-house.shop\/de\/#organization\",\"name\":\"Pool-House\",\"url\":\"https:\/\/pool-house.shop\/de\/\",\"logo\":{\"@type\":\"ImageObject\",\"inLanguage\":\"de\",\"@id\":\"https:\/\/pool-house.shop\/de\/#\/schema\/logo\/image\/\",\"url\":\"https:\/\/pool-house.shop\/wp-content\/uploads\/2025\/10\/logo-2-stvorec-mobil-modre.png\",\"contentUrl\":\"https:\/\/pool-house.shop\/wp-content\/uploads\/2025\/10\/logo-2-stvorec-mobil-modre.png\",\"width\":273,\"height\":189,\"caption\":\"Pool-House\"},\"image\":{\"@id\":\"https:\/\/pool-house.shop\/de\/#\/schema\/logo\/image\/\"},\"sameAs\":[\"https:\/\/www.facebook.com\/termodomsk\/\"]}]}<\/script>\n<!-- \/ Yoast SEO plugin. -->","yoast_head_json":{"title":"W\u00e4rmepumpe Mr. Silence 30 11,8 kW (25-45 m\u00b3) - Pool-House","robots":{"index":"index","follow":"follow","max-snippet":"max-snippet:-1","max-image-preview":"max-image-preview:large","max-video-preview":"max-video-preview:-1"},"canonical":"https:\/\/pool-house.shop\/de\/product\/waermepumpe-mr-silence-30-118-kw-25-45-m%c2%b3\/","og_locale":"de_DE","og_type":"article","og_title":"W\u00e4rmepumpe Mr. Silence 30 11,8 kW (25-45 m\u00b3) - Pool-House","og_description":"Heizen Sie das Poolwasser so leise, dass Sie es nicht einmal h\u00f6ren werden. Die W\u00e4rmepumpe Mr. Silence 30 ist dank ihres extrem leisen Betriebs sogar im Guinness-Buch der Rekorde eingetragen! COP bis zu 1:22 \u2013 aus 1 kW Eingangsleistung erzeugt sie bis zu 22 kW Ausgangsleistung Rekordverd\u00e4chtig leiser Betrieb \u2013 nur 36,4 dB Im Vergleich &hellip; W\u00e4rmepumpe Mr. Silence 30 11,8 kW (25-45 m\u00b3)Weiterlesen","og_url":"https:\/\/pool-house.shop\/de\/product\/waermepumpe-mr-silence-30-118-kw-25-45-m%c2%b3\/","og_site_name":"Pool-House","article_publisher":"https:\/\/www.facebook.com\/termodomsk\/","article_modified_time":"2025-11-25T09:13:51+00:00","og_image":[{"width":1271,"height":819,"url":"https:\/\/pool-house.shop\/wp-content\/uploads\/2025\/09\/Mr.Silence-30-9.png","type":"image\/png"}],"twitter_card":"summary_large_image","twitter_misc":{"Gesch\u00e4tzte Lesezeit":"1\u00a0Minute"},"schema":{"@context":"https:\/\/schema.org","@graph":[{"@type":"WebPage","@id":"https:\/\/pool-house.shop\/de\/product\/waermepumpe-mr-silence-30-118-kw-25-45-m%c2%b3\/","url":"https:\/\/pool-house.shop\/de\/product\/waermepumpe-mr-silence-30-118-kw-25-45-m%c2%b3\/","name":"W\u00e4rmepumpe Mr. Silence 30 11,8 kW (25-45 m\u00b3) - Pool-House","isPartOf":{"@id":"https:\/\/pool-house.shop\/de\/#website"},"primaryImageOfPage":{"@id":"https:\/\/pool-house.shop\/de\/product\/waermepumpe-mr-silence-30-118-kw-25-45-m%c2%b3\/#primaryimage"},"image":{"@id":"https:\/\/pool-house.shop\/de\/product\/waermepumpe-mr-silence-30-118-kw-25-45-m%c2%b3\/#primaryimage"},"thumbnailUrl":"https:\/\/pool-house.shop\/wp-content\/uploads\/2025\/09\/Mr.Silence-30-9.png","datePublished":"2025-09-30T09:10:11+00:00","dateModified":"2025-11-25T09:13:51+00:00","breadcrumb":{"@id":"https:\/\/pool-house.shop\/de\/product\/waermepumpe-mr-silence-30-118-kw-25-45-m%c2%b3\/#breadcrumb"},"inLanguage":"de","potentialAction":[{"@type":"ReadAction","target":["https:\/\/pool-house.shop\/de\/product\/waermepumpe-mr-silence-30-118-kw-25-45-m%c2%b3\/"]}]},{"@type":"ImageObject","inLanguage":"de","@id":"https:\/\/pool-house.shop\/de\/product\/waermepumpe-mr-silence-30-118-kw-25-45-m%c2%b3\/#primaryimage","url":"https:\/\/pool-house.shop\/wp-content\/uploads\/2025\/09\/Mr.Silence-30-9.png","contentUrl":"https:\/\/pool-house.shop\/wp-content\/uploads\/2025\/09\/Mr.Silence-30-9.png","width":1271,"height":819},{"@type":"BreadcrumbList","@id":"https:\/\/pool-house.shop\/de\/product\/waermepumpe-mr-silence-30-118-kw-25-45-m%c2%b3\/#breadcrumb","itemListElement":[{"@type":"ListItem","position":1,"name":"Domovsk\u00e1 str\u00e1nka","item":"https:\/\/pool-house.shop\/de\/"},{"@type":"ListItem","position":2,"name":"Shop","item":"https:\/\/pool-house.shop\/de\/shop\/"},{"@type":"ListItem","position":3,"name":"W\u00e4rmepumpe Mr. Silence 30 11,8 kW (25-45 m\u00b3)"}]},{"@type":"WebSite","@id":"https:\/\/pool-house.shop\/de\/#website","url":"https:\/\/pool-house.shop\/de\/","name":"Pool-House","description":"","publisher":{"@id":"https:\/\/pool-house.shop\/de\/#organization"},"potentialAction":[{"@type":"SearchAction","target":{"@type":"EntryPoint","urlTemplate":"https:\/\/pool-house.shop\/de\/?s={search_term_string}"},"query-input":{"@type":"PropertyValueSpecification","valueRequired":true,"valueName":"search_term_string"}}],"inLanguage":"de"},{"@type":"Organization","@id":"https:\/\/pool-house.shop\/de\/#organization","name":"Pool-House","url":"https:\/\/pool-house.shop\/de\/","logo":{"@type":"ImageObject","inLanguage":"de","@id":"https:\/\/pool-house.shop\/de\/#\/schema\/logo\/image\/","url":"https:\/\/pool-house.shop\/wp-content\/uploads\/2025\/10\/logo-2-stvorec-mobil-modre.png","contentUrl":"https:\/\/pool-house.shop\/wp-content\/uploads\/2025\/10\/logo-2-stvorec-mobil-modre.png","width":273,"height":189,"caption":"Pool-House"},"image":{"@id":"https:\/\/pool-house.shop\/de\/#\/schema\/logo\/image\/"},"sameAs":["https:\/\/www.facebook.com\/termodomsk\/"]}]}},"_links":{"self":[{"href":"https:\/\/pool-house.shop\/de\/wp-json\/wp\/v2\/product\/6139","targetHints":{"allow":["GET"]}}],"collection":[{"href":"https:\/\/pool-house.shop\/de\/wp-json\/wp\/v2\/product"}],"about":[{"href":"https:\/\/pool-house.shop\/de\/wp-json\/wp\/v2\/types\/product"}],"wp:featuredmedia":[{"embeddable":true,"href":"https:\/\/pool-house.shop\/de\/wp-json\/wp\/v2\/media\/6131"}],"wp:attachment":[{"href":"https:\/\/pool-house.shop\/de\/wp-json\/wp\/v2\/media?parent=6139"}],"wp:term":[{"taxonomy":"product_brand","embeddable":true,"href":"https:\/\/pool-house.shop\/de\/wp-json\/wp\/v2\/product_brand?post=6139"},{"taxonomy":"product_cat","embeddable":true,"href":"https:\/\/pool-house.shop\/de\/wp-json\/wp\/v2\/product_cat?post=6139"},{"taxonomy":"product_tag","embeddable":true,"href":"https:\/\/pool-house.shop\/de\/wp-json\/wp\/v2\/product_tag?post=6139"}],"curies":[{"name":"wp","href":"https:\/\/api.w.org\/{rel}","templated":true}]}}