{"id":6148,"date":"2025-09-30T10:58:13","date_gmt":"2025-09-30T08:58:13","guid":{"rendered":"https:\/\/pool-house.shop\/product\/waermepumpe-mr-silence-pro-17kw-35-65m3\/"},"modified":"2025-11-25T10:13:54","modified_gmt":"2025-11-25T09:13:54","slug":"waermepumpe-mr-silence-pro-17kw-35-65m3","status":"publish","type":"product","link":"https:\/\/pool-house.shop\/de\/product\/waermepumpe-mr-silence-pro-17kw-35-65m3\/","title":{"rendered":"W\u00e4rmepumpe Mr. Silence PRO 17kW (35-65m3)"},"content":{"rendered":"<p data-start=\"37\" data-end=\"283\"><br data-start=\"89\" data-end=\"92\">Profitieren Sie von der Kombination aus leisem Betrieb, hoher Effizienz und au\u00dfergew\u00f6hnlicher Sparsamkeit. Genau das bietet die W\u00e4rmepumpe Mr. Silence PRO. Sie arbeitet nahezu ger\u00e4uschlos und spart gleichzeitig elektrische Energie.  <\/p>\n<ul data-start=\"285\" data-end=\"571\">\n<li data-start=\"285\" data-end=\"340\">\n<p data-start=\"287\" data-end=\"340\">COP bis zu 1:16 \u2013 aus 1 kW Eingangsleistung erzeugt sie bis zu 16 kW Leistung<\/p>\n<\/li>\n<li data-start=\"341\" data-end=\"375\">\n<p data-start=\"343\" data-end=\"375\">Sehr leiser Betrieb \u2013 nur 38,4 dB<\/p>\n<\/li>\n<li data-start=\"376\" data-end=\"430\">\n<p data-start=\"378\" data-end=\"430\">Im Vergleich zu einer klassischen Pumpe spart sie bis zu 69 % der Kosten<\/p>\n<\/li>\n<li data-start=\"431\" data-end=\"484\">\n<p data-start=\"433\" data-end=\"484\">Umweltfreundliche L\u00f6sung \u2013 verwendet das umweltfreundliche K\u00e4ltemittel R32<\/p>\n<\/li>\n<li data-start=\"485\" data-end=\"525\">\n<p data-start=\"487\" data-end=\"525\">Steuerung \u00fcber eine mobile App<\/p>\n<\/li>\n<li data-start=\"526\" data-end=\"571\">\n<p data-start=\"528\" data-end=\"571\">Betrieb bei Temperaturen von \u221215 \u00b0C bis +40 \u00b0C<\/p>\n<\/li>\n<\/ul>\n<p data-start=\"573\" data-end=\"765\"><strong data-start=\"573\" data-end=\"609\">Qualit\u00e4t und Service ohne Kompromisse<\/strong><br data-start=\"609\" data-end=\"612\">F\u00fcr die W\u00e4rmepumpe Mr. Silence PRO gilt eine 5-j\u00e4hrige Garantie.<br data-start=\"675\" data-end=\"678\">Der Inverter-Kompressor und der Titan-W\u00e4rmetauscher sind durch eine erweiterte Garantie von bis zu 12 Jahren abgedeckt.<\/p>\n","protected":false},"excerpt":{"rendered":"<p>Profitieren Sie von der Kombination aus leisem Betrieb, hoher Effizienz und au\u00dfergew\u00f6hnlicher Sparsamkeit. Genau das bietet die W\u00e4rmepumpe Mr. Silence PRO. Sie arbeitet nahezu ger\u00e4uschlos und spart gleichzeitig elektrische Energie. COP bis zu 1:16 \u2013 aus 1 kW Eingangsleistung erzeugt sie bis zu 16 kW Leistung Sehr leiser Betrieb \u2013 nur 38,4 dB Im Vergleich &hellip;<\/p>\n<p class=\"read-more\"> <a class=\" thunk-readmore button \" href=\"https:\/\/pool-house.shop\/de\/product\/waermepumpe-mr-silence-pro-17kw-35-65m3\/\"> <span class=\"screen-reader-text\">W\u00e4rmepumpe Mr. Silence PRO 17kW (35-65m3)<\/span>Weiterlesen<\/a><\/p>\n","protected":false},"featured_media":6141,"template":"","meta":[],"product_brand":[],"product_cat":[15],"product_tag":[],"class_list":{"0":"post-6148","1":"product","2":"type-product","3":"status-publish","4":"has-post-thumbnail","6":"product_cat-mr_pool_house","7":"thunk-woo-product-list","8":"open-woo-hover-none","9":"open-single-product-tab-horizontal","10":"open-shadow-","11":"open-shadow-hover-","13":"first","14":"instock","15":"taxable","16":"shipping-taxable","17":"purchasable","18":"product-type-simple"},"yoast_head":"<!-- This site is optimized with the Yoast SEO plugin v26.9 - https:\/\/yoast.com\/product\/yoast-seo-wordpress\/ -->\n<title>W\u00e4rmepumpe Mr. Silence PRO 17kW (35-65m3) - Pool-House<\/title>\n<meta name=\"robots\" content=\"index, follow, max-snippet:-1, max-image-preview:large, max-video-preview:-1\" \/>\n<link rel=\"canonical\" href=\"https:\/\/pool-house.shop\/de\/product\/waermepumpe-mr-silence-pro-17kw-35-65m3\/\" \/>\n<meta property=\"og:locale\" content=\"de_DE\" \/>\n<meta property=\"og:type\" content=\"article\" \/>\n<meta property=\"og:title\" content=\"W\u00e4rmepumpe Mr. Silence PRO 17kW (35-65m3) - Pool-House\" \/>\n<meta property=\"og:description\" content=\"Profitieren Sie von der Kombination aus leisem Betrieb, hoher Effizienz und au\u00dfergew\u00f6hnlicher Sparsamkeit. Genau das bietet die W\u00e4rmepumpe Mr. Silence PRO. Sie arbeitet nahezu ger\u00e4uschlos und spart gleichzeitig elektrische Energie. COP bis zu 1:16 \u2013 aus 1 kW Eingangsleistung erzeugt sie bis zu 16 kW Leistung Sehr leiser Betrieb \u2013 nur 38,4 dB Im Vergleich &hellip; W\u00e4rmepumpe Mr. Silence PRO 17kW (35-65m3)Weiterlesen\" \/>\n<meta property=\"og:url\" content=\"https:\/\/pool-house.shop\/de\/product\/waermepumpe-mr-silence-pro-17kw-35-65m3\/\" \/>\n<meta property=\"og:site_name\" content=\"Pool-House\" \/>\n<meta property=\"article:publisher\" content=\"https:\/\/www.facebook.com\/termodomsk\/\" \/>\n<meta property=\"article:modified_time\" content=\"2025-11-25T09:13:54+00:00\" \/>\n<meta property=\"og:image\" content=\"https:\/\/pool-house.shop\/wp-content\/uploads\/2025\/09\/Mr.Silence-Pro-8-scaled.jpg\" \/>\n\t<meta property=\"og:image:width\" content=\"2560\" \/>\n\t<meta property=\"og:image:height\" content=\"1552\" \/>\n\t<meta property=\"og:image:type\" content=\"image\/jpeg\" \/>\n<meta name=\"twitter:card\" content=\"summary_large_image\" \/>\n<meta name=\"twitter:label1\" content=\"Gesch\u00e4tzte Lesezeit\" \/>\n\t<meta name=\"twitter:data1\" content=\"1\u00a0Minute\" \/>\n<script type=\"application\/ld+json\" class=\"yoast-schema-graph\">{\"@context\":\"https:\/\/schema.org\",\"@graph\":[{\"@type\":\"WebPage\",\"@id\":\"https:\/\/pool-house.shop\/de\/product\/waermepumpe-mr-silence-pro-17kw-35-65m3\/\",\"url\":\"https:\/\/pool-house.shop\/de\/product\/waermepumpe-mr-silence-pro-17kw-35-65m3\/\",\"name\":\"W\u00e4rmepumpe Mr. Silence PRO 17kW (35-65m3) - Pool-House\",\"isPartOf\":{\"@id\":\"https:\/\/pool-house.shop\/de\/#website\"},\"primaryImageOfPage\":{\"@id\":\"https:\/\/pool-house.shop\/de\/product\/waermepumpe-mr-silence-pro-17kw-35-65m3\/#primaryimage\"},\"image\":{\"@id\":\"https:\/\/pool-house.shop\/de\/product\/waermepumpe-mr-silence-pro-17kw-35-65m3\/#primaryimage\"},\"thumbnailUrl\":\"https:\/\/pool-house.shop\/wp-content\/uploads\/2025\/09\/Mr.Silence-Pro-8-scaled.jpg\",\"datePublished\":\"2025-09-30T08:58:13+00:00\",\"dateModified\":\"2025-11-25T09:13:54+00:00\",\"breadcrumb\":{\"@id\":\"https:\/\/pool-house.shop\/de\/product\/waermepumpe-mr-silence-pro-17kw-35-65m3\/#breadcrumb\"},\"inLanguage\":\"de\",\"potentialAction\":[{\"@type\":\"ReadAction\",\"target\":[\"https:\/\/pool-house.shop\/de\/product\/waermepumpe-mr-silence-pro-17kw-35-65m3\/\"]}]},{\"@type\":\"ImageObject\",\"inLanguage\":\"de\",\"@id\":\"https:\/\/pool-house.shop\/de\/product\/waermepumpe-mr-silence-pro-17kw-35-65m3\/#primaryimage\",\"url\":\"https:\/\/pool-house.shop\/wp-content\/uploads\/2025\/09\/Mr.Silence-Pro-8-scaled.jpg\",\"contentUrl\":\"https:\/\/pool-house.shop\/wp-content\/uploads\/2025\/09\/Mr.Silence-Pro-8-scaled.jpg\",\"width\":2560,\"height\":1552},{\"@type\":\"BreadcrumbList\",\"@id\":\"https:\/\/pool-house.shop\/de\/product\/waermepumpe-mr-silence-pro-17kw-35-65m3\/#breadcrumb\",\"itemListElement\":[{\"@type\":\"ListItem\",\"position\":1,\"name\":\"Domovsk\u00e1 str\u00e1nka\",\"item\":\"https:\/\/pool-house.shop\/de\/\"},{\"@type\":\"ListItem\",\"position\":2,\"name\":\"Shop\",\"item\":\"https:\/\/pool-house.shop\/de\/shop\/\"},{\"@type\":\"ListItem\",\"position\":3,\"name\":\"W\u00e4rmepumpe Mr. Silence PRO 17kW (35-65m3)\"}]},{\"@type\":\"WebSite\",\"@id\":\"https:\/\/pool-house.shop\/de\/#website\",\"url\":\"https:\/\/pool-house.shop\/de\/\",\"name\":\"Pool-House\",\"description\":\"\",\"publisher\":{\"@id\":\"https:\/\/pool-house.shop\/de\/#organization\"},\"potentialAction\":[{\"@type\":\"SearchAction\",\"target\":{\"@type\":\"EntryPoint\",\"urlTemplate\":\"https:\/\/pool-house.shop\/de\/?s={search_term_string}\"},\"query-input\":{\"@type\":\"PropertyValueSpecification\",\"valueRequired\":true,\"valueName\":\"search_term_string\"}}],\"inLanguage\":\"de\"},{\"@type\":\"Organization\",\"@id\":\"https:\/\/pool-house.shop\/de\/#organization\",\"name\":\"Pool-House\",\"url\":\"https:\/\/pool-house.shop\/de\/\",\"logo\":{\"@type\":\"ImageObject\",\"inLanguage\":\"de\",\"@id\":\"https:\/\/pool-house.shop\/de\/#\/schema\/logo\/image\/\",\"url\":\"https:\/\/pool-house.shop\/wp-content\/uploads\/2025\/10\/logo-2-stvorec-mobil-modre.png\",\"contentUrl\":\"https:\/\/pool-house.shop\/wp-content\/uploads\/2025\/10\/logo-2-stvorec-mobil-modre.png\",\"width\":273,\"height\":189,\"caption\":\"Pool-House\"},\"image\":{\"@id\":\"https:\/\/pool-house.shop\/de\/#\/schema\/logo\/image\/\"},\"sameAs\":[\"https:\/\/www.facebook.com\/termodomsk\/\"]}]}<\/script>\n<!-- \/ Yoast SEO plugin. -->","yoast_head_json":{"title":"W\u00e4rmepumpe Mr. Silence PRO 17kW (35-65m3) - Pool-House","robots":{"index":"index","follow":"follow","max-snippet":"max-snippet:-1","max-image-preview":"max-image-preview:large","max-video-preview":"max-video-preview:-1"},"canonical":"https:\/\/pool-house.shop\/de\/product\/waermepumpe-mr-silence-pro-17kw-35-65m3\/","og_locale":"de_DE","og_type":"article","og_title":"W\u00e4rmepumpe Mr. Silence PRO 17kW (35-65m3) - Pool-House","og_description":"Profitieren Sie von der Kombination aus leisem Betrieb, hoher Effizienz und au\u00dfergew\u00f6hnlicher Sparsamkeit. Genau das bietet die W\u00e4rmepumpe Mr. Silence PRO. Sie arbeitet nahezu ger\u00e4uschlos und spart gleichzeitig elektrische Energie. COP bis zu 1:16 \u2013 aus 1 kW Eingangsleistung erzeugt sie bis zu 16 kW Leistung Sehr leiser Betrieb \u2013 nur 38,4 dB Im Vergleich &hellip; W\u00e4rmepumpe Mr. Silence PRO 17kW (35-65m3)Weiterlesen","og_url":"https:\/\/pool-house.shop\/de\/product\/waermepumpe-mr-silence-pro-17kw-35-65m3\/","og_site_name":"Pool-House","article_publisher":"https:\/\/www.facebook.com\/termodomsk\/","article_modified_time":"2025-11-25T09:13:54+00:00","og_image":[{"width":2560,"height":1552,"url":"https:\/\/pool-house.shop\/wp-content\/uploads\/2025\/09\/Mr.Silence-Pro-8-scaled.jpg","type":"image\/jpeg"}],"twitter_card":"summary_large_image","twitter_misc":{"Gesch\u00e4tzte Lesezeit":"1\u00a0Minute"},"schema":{"@context":"https:\/\/schema.org","@graph":[{"@type":"WebPage","@id":"https:\/\/pool-house.shop\/de\/product\/waermepumpe-mr-silence-pro-17kw-35-65m3\/","url":"https:\/\/pool-house.shop\/de\/product\/waermepumpe-mr-silence-pro-17kw-35-65m3\/","name":"W\u00e4rmepumpe Mr. Silence PRO 17kW (35-65m3) - Pool-House","isPartOf":{"@id":"https:\/\/pool-house.shop\/de\/#website"},"primaryImageOfPage":{"@id":"https:\/\/pool-house.shop\/de\/product\/waermepumpe-mr-silence-pro-17kw-35-65m3\/#primaryimage"},"image":{"@id":"https:\/\/pool-house.shop\/de\/product\/waermepumpe-mr-silence-pro-17kw-35-65m3\/#primaryimage"},"thumbnailUrl":"https:\/\/pool-house.shop\/wp-content\/uploads\/2025\/09\/Mr.Silence-Pro-8-scaled.jpg","datePublished":"2025-09-30T08:58:13+00:00","dateModified":"2025-11-25T09:13:54+00:00","breadcrumb":{"@id":"https:\/\/pool-house.shop\/de\/product\/waermepumpe-mr-silence-pro-17kw-35-65m3\/#breadcrumb"},"inLanguage":"de","potentialAction":[{"@type":"ReadAction","target":["https:\/\/pool-house.shop\/de\/product\/waermepumpe-mr-silence-pro-17kw-35-65m3\/"]}]},{"@type":"ImageObject","inLanguage":"de","@id":"https:\/\/pool-house.shop\/de\/product\/waermepumpe-mr-silence-pro-17kw-35-65m3\/#primaryimage","url":"https:\/\/pool-house.shop\/wp-content\/uploads\/2025\/09\/Mr.Silence-Pro-8-scaled.jpg","contentUrl":"https:\/\/pool-house.shop\/wp-content\/uploads\/2025\/09\/Mr.Silence-Pro-8-scaled.jpg","width":2560,"height":1552},{"@type":"BreadcrumbList","@id":"https:\/\/pool-house.shop\/de\/product\/waermepumpe-mr-silence-pro-17kw-35-65m3\/#breadcrumb","itemListElement":[{"@type":"ListItem","position":1,"name":"Domovsk\u00e1 str\u00e1nka","item":"https:\/\/pool-house.shop\/de\/"},{"@type":"ListItem","position":2,"name":"Shop","item":"https:\/\/pool-house.shop\/de\/shop\/"},{"@type":"ListItem","position":3,"name":"W\u00e4rmepumpe Mr. Silence PRO 17kW (35-65m3)"}]},{"@type":"WebSite","@id":"https:\/\/pool-house.shop\/de\/#website","url":"https:\/\/pool-house.shop\/de\/","name":"Pool-House","description":"","publisher":{"@id":"https:\/\/pool-house.shop\/de\/#organization"},"potentialAction":[{"@type":"SearchAction","target":{"@type":"EntryPoint","urlTemplate":"https:\/\/pool-house.shop\/de\/?s={search_term_string}"},"query-input":{"@type":"PropertyValueSpecification","valueRequired":true,"valueName":"search_term_string"}}],"inLanguage":"de"},{"@type":"Organization","@id":"https:\/\/pool-house.shop\/de\/#organization","name":"Pool-House","url":"https:\/\/pool-house.shop\/de\/","logo":{"@type":"ImageObject","inLanguage":"de","@id":"https:\/\/pool-house.shop\/de\/#\/schema\/logo\/image\/","url":"https:\/\/pool-house.shop\/wp-content\/uploads\/2025\/10\/logo-2-stvorec-mobil-modre.png","contentUrl":"https:\/\/pool-house.shop\/wp-content\/uploads\/2025\/10\/logo-2-stvorec-mobil-modre.png","width":273,"height":189,"caption":"Pool-House"},"image":{"@id":"https:\/\/pool-house.shop\/de\/#\/schema\/logo\/image\/"},"sameAs":["https:\/\/www.facebook.com\/termodomsk\/"]}]}},"_links":{"self":[{"href":"https:\/\/pool-house.shop\/de\/wp-json\/wp\/v2\/product\/6148","targetHints":{"allow":["GET"]}}],"collection":[{"href":"https:\/\/pool-house.shop\/de\/wp-json\/wp\/v2\/product"}],"about":[{"href":"https:\/\/pool-house.shop\/de\/wp-json\/wp\/v2\/types\/product"}],"wp:featuredmedia":[{"embeddable":true,"href":"https:\/\/pool-house.shop\/de\/wp-json\/wp\/v2\/media\/6141"}],"wp:attachment":[{"href":"https:\/\/pool-house.shop\/de\/wp-json\/wp\/v2\/media?parent=6148"}],"wp:term":[{"taxonomy":"product_brand","embeddable":true,"href":"https:\/\/pool-house.shop\/de\/wp-json\/wp\/v2\/product_brand?post=6148"},{"taxonomy":"product_cat","embeddable":true,"href":"https:\/\/pool-house.shop\/de\/wp-json\/wp\/v2\/product_cat?post=6148"},{"taxonomy":"product_tag","embeddable":true,"href":"https:\/\/pool-house.shop\/de\/wp-json\/wp\/v2\/product_tag?post=6148"}],"curies":[{"name":"wp","href":"https:\/\/api.w.org\/{rel}","templated":true}]}}