{"id":6167,"date":"2025-09-30T10:06:05","date_gmt":"2025-09-30T08:06:05","guid":{"rendered":"https:\/\/pool-house.shop\/product\/mr-master-pumpe-11-kw-25-m%c2%b3-h\/"},"modified":"2025-09-30T10:06:05","modified_gmt":"2025-09-30T08:06:05","slug":"mr-master-pumpe-11-kw-25-m%c2%b3-h","status":"publish","type":"product","link":"https:\/\/pool-house.shop\/de\/product\/mr-master-pumpe-11-kw-25-m%c2%b3-h\/","title":{"rendered":"Mr. Master Pumpe 1,1 kW 25 m\u00b3\/h"},"content":{"rendered":"<p data-start=\"33\" data-end=\"168\">Vodou chladen\u00e9 filtra\u010dn\u00e9 \u010derpadlo Mr. Master je revolu\u010dn\u00e9 v\u010faka viacer\u00fdm nov\u00fdm technol\u00f3gi\u00e1m.<\/p>\n<ul data-start=\"170\" data-end=\"753\">\n<li data-start=\"170\" data-end=\"224\">\n<p data-start=\"172\" data-end=\"224\">20x geringerer Verbrauch dank Inverter-Technologie<\/p>\n<\/li>\n<li data-start=\"225\" data-end=\"345\">\n<p data-start=\"227\" data-end=\"345\">40x leiser als herk\u00f6mmliche Pumpen \u2013 nur 30 dBA (ein Prototyp dieser Pumpe wurde ins Guinness-Buch der Rekorde eingetragen)<\/p>\n<\/li>\n<li data-start=\"346\" data-end=\"392\">\n<p data-start=\"348\" data-end=\"392\">Touchscreen f\u00fcr einfache Einstellung<\/p>\n<\/li>\n<li data-start=\"393\" data-end=\"410\">\n<p data-start=\"395\" data-end=\"410\">Zeitschaltuhr<\/p>\n<\/li>\n<li data-start=\"411\" data-end=\"470\">\n<p data-start=\"413\" data-end=\"470\">\u00c4nderung der Motorgeschwindigkeit und M\u00f6glichkeit zur Einstellung unterschiedlicher Durchflussmengen<\/p>\n<\/li>\n<li data-start=\"471\" data-end=\"529\">\n<p data-start=\"473\" data-end=\"529\">Wi-Fi-Verbindung und Steuerung \u00fcber die App<\/p>\n<\/li>\n<li data-start=\"530\" data-end=\"639\">\n<p data-start=\"532\" data-end=\"639\">M\u00f6glichkeit der externen Steuerung durch Smart Home (RS485, Digitaleingang, Analogeingang, Relaisausgang)<\/p>\n<\/li>\n<li data-start=\"640\" data-end=\"671\">\n<p data-start=\"642\" data-end=\"671\">Trockenlaufschutz<\/p>\n<\/li>\n<li data-start=\"672\" data-end=\"714\">\n<p data-start=\"674\" data-end=\"714\">Geeignet f\u00fcr Salzwasserpools (max. 5 kg\/m\u00b3)<\/p>\n<\/li>\n<li data-start=\"715\" data-end=\"753\">\n<p data-start=\"717\" data-end=\"753\">Sanftanlauf zum Schutz des Systems<\/p>\n<\/li>\n<\/ul>\n<p data-start=\"755\" data-end=\"797\">\n<p data-start=\"799\" data-end=\"861\"><strong data-start=\"799\" data-end=\"835\">Qualit\u00e4t und Service ohne Kompromisse<\/strong><br data-start=\"835\" data-end=\"838\">Garantiezeit: 5 Jahre<\/p>\n<hr data-start=\"863\" data-end=\"866\">\n<p data-start=\"868\" data-end=\"1002\" data-is-last-node=\"\" data-is-only-node=\"\">\n","protected":false},"excerpt":{"rendered":"<p>Vodou chladen\u00e9 filtra\u010dn\u00e9 \u010derpadlo Mr. Master je revolu\u010dn\u00e9 v\u010faka viacer\u00fdm nov\u00fdm technol\u00f3gi\u00e1m. 20x geringerer Verbrauch dank Inverter-Technologie 40x leiser als herk\u00f6mmliche Pumpen \u2013 nur 30 dBA (ein Prototyp dieser Pumpe wurde ins Guinness-Buch der Rekorde eingetragen) Touchscreen f\u00fcr einfache Einstellung Zeitschaltuhr \u00c4nderung der Motorgeschwindigkeit und M\u00f6glichkeit zur Einstellung unterschiedlicher Durchflussmengen Wi-Fi-Verbindung und Steuerung \u00fcber die &hellip;<\/p>\n<p class=\"read-more\"> <a class=\" thunk-readmore button \" href=\"https:\/\/pool-house.shop\/de\/product\/mr-master-pumpe-11-kw-25-m%c2%b3-h\/\"> <span class=\"screen-reader-text\">Mr. Master Pumpe 1,1 kW 25 m\u00b3\/h<\/span>Weiterlesen<\/a><\/p>\n","protected":false},"featured_media":6163,"template":"","meta":[],"product_brand":[],"product_cat":[402,265,15],"product_tag":[],"class_list":{"0":"post-6167","1":"product","2":"type-product","3":"status-publish","4":"has-post-thumbnail","6":"product_cat-aquark-pumpen","7":"product_cat-filterpumpen","8":"product_cat-mr_pool_house","9":"thunk-woo-product-list","10":"open-woo-hover-none","11":"open-single-product-tab-horizontal","12":"open-shadow-","13":"open-shadow-hover-","15":"first","16":"instock","17":"taxable","18":"shipping-taxable","19":"product-type-simple"},"yoast_head":"<!-- This site is optimized with the Yoast SEO plugin v26.9 - https:\/\/yoast.com\/product\/yoast-seo-wordpress\/ -->\n<title>Mr. Master Pumpe 1,1 kW 25 m\u00b3\/h - Pool-House<\/title>\n<meta name=\"robots\" content=\"index, follow, max-snippet:-1, max-image-preview:large, max-video-preview:-1\" \/>\n<link rel=\"canonical\" href=\"https:\/\/pool-house.shop\/de\/product\/mr-master-pumpe-11-kw-25-m%c2%b3-h\/\" \/>\n<meta property=\"og:locale\" content=\"de_DE\" \/>\n<meta property=\"og:type\" content=\"article\" \/>\n<meta property=\"og:title\" content=\"Mr. Master Pumpe 1,1 kW 25 m\u00b3\/h - Pool-House\" \/>\n<meta property=\"og:description\" content=\"Vodou chladen\u00e9 filtra\u010dn\u00e9 \u010derpadlo Mr. Master je revolu\u010dn\u00e9 v\u010faka viacer\u00fdm nov\u00fdm technol\u00f3gi\u00e1m. 20x geringerer Verbrauch dank Inverter-Technologie 40x leiser als herk\u00f6mmliche Pumpen \u2013 nur 30 dBA (ein Prototyp dieser Pumpe wurde ins Guinness-Buch der Rekorde eingetragen) Touchscreen f\u00fcr einfache Einstellung Zeitschaltuhr \u00c4nderung der Motorgeschwindigkeit und M\u00f6glichkeit zur Einstellung unterschiedlicher Durchflussmengen Wi-Fi-Verbindung und Steuerung \u00fcber die &hellip; Mr. Master Pumpe 1,1 kW 25 m\u00b3\/hWeiterlesen\" \/>\n<meta property=\"og:url\" content=\"https:\/\/pool-house.shop\/de\/product\/mr-master-pumpe-11-kw-25-m%c2%b3-h\/\" \/>\n<meta property=\"og:site_name\" content=\"Pool-House\" \/>\n<meta property=\"article:publisher\" content=\"https:\/\/www.facebook.com\/termodomsk\/\" \/>\n<meta property=\"og:image\" content=\"https:\/\/pool-house.shop\/wp-content\/uploads\/2025\/09\/Mr.Master-9.png\" \/>\n\t<meta property=\"og:image:width\" content=\"800\" \/>\n\t<meta property=\"og:image:height\" content=\"640\" \/>\n\t<meta property=\"og:image:type\" content=\"image\/png\" \/>\n<meta name=\"twitter:card\" content=\"summary_large_image\" \/>\n<script type=\"application\/ld+json\" class=\"yoast-schema-graph\">{\"@context\":\"https:\/\/schema.org\",\"@graph\":[{\"@type\":\"WebPage\",\"@id\":\"https:\/\/pool-house.shop\/de\/product\/mr-master-pumpe-11-kw-25-m%c2%b3-h\/\",\"url\":\"https:\/\/pool-house.shop\/de\/product\/mr-master-pumpe-11-kw-25-m%c2%b3-h\/\",\"name\":\"Mr. Master Pumpe 1,1 kW 25 m\u00b3\/h - Pool-House\",\"isPartOf\":{\"@id\":\"https:\/\/pool-house.shop\/de\/#website\"},\"primaryImageOfPage\":{\"@id\":\"https:\/\/pool-house.shop\/de\/product\/mr-master-pumpe-11-kw-25-m%c2%b3-h\/#primaryimage\"},\"image\":{\"@id\":\"https:\/\/pool-house.shop\/de\/product\/mr-master-pumpe-11-kw-25-m%c2%b3-h\/#primaryimage\"},\"thumbnailUrl\":\"https:\/\/pool-house.shop\/wp-content\/uploads\/2025\/09\/Mr.Master-9.png\",\"datePublished\":\"2025-09-30T08:06:05+00:00\",\"breadcrumb\":{\"@id\":\"https:\/\/pool-house.shop\/de\/product\/mr-master-pumpe-11-kw-25-m%c2%b3-h\/#breadcrumb\"},\"inLanguage\":\"de\",\"potentialAction\":[{\"@type\":\"ReadAction\",\"target\":[\"https:\/\/pool-house.shop\/de\/product\/mr-master-pumpe-11-kw-25-m%c2%b3-h\/\"]}]},{\"@type\":\"ImageObject\",\"inLanguage\":\"de\",\"@id\":\"https:\/\/pool-house.shop\/de\/product\/mr-master-pumpe-11-kw-25-m%c2%b3-h\/#primaryimage\",\"url\":\"https:\/\/pool-house.shop\/wp-content\/uploads\/2025\/09\/Mr.Master-9.png\",\"contentUrl\":\"https:\/\/pool-house.shop\/wp-content\/uploads\/2025\/09\/Mr.Master-9.png\",\"width\":800,\"height\":640},{\"@type\":\"BreadcrumbList\",\"@id\":\"https:\/\/pool-house.shop\/de\/product\/mr-master-pumpe-11-kw-25-m%c2%b3-h\/#breadcrumb\",\"itemListElement\":[{\"@type\":\"ListItem\",\"position\":1,\"name\":\"Domovsk\u00e1 str\u00e1nka\",\"item\":\"https:\/\/pool-house.shop\/de\/\"},{\"@type\":\"ListItem\",\"position\":2,\"name\":\"Shop\",\"item\":\"https:\/\/pool-house.shop\/de\/shop\/\"},{\"@type\":\"ListItem\",\"position\":3,\"name\":\"Mr. Master Pumpe 1,1 kW 25 m\u00b3\/h\"}]},{\"@type\":\"WebSite\",\"@id\":\"https:\/\/pool-house.shop\/de\/#website\",\"url\":\"https:\/\/pool-house.shop\/de\/\",\"name\":\"Pool-House\",\"description\":\"\",\"publisher\":{\"@id\":\"https:\/\/pool-house.shop\/de\/#organization\"},\"potentialAction\":[{\"@type\":\"SearchAction\",\"target\":{\"@type\":\"EntryPoint\",\"urlTemplate\":\"https:\/\/pool-house.shop\/de\/?s={search_term_string}\"},\"query-input\":{\"@type\":\"PropertyValueSpecification\",\"valueRequired\":true,\"valueName\":\"search_term_string\"}}],\"inLanguage\":\"de\"},{\"@type\":\"Organization\",\"@id\":\"https:\/\/pool-house.shop\/de\/#organization\",\"name\":\"Pool-House\",\"url\":\"https:\/\/pool-house.shop\/de\/\",\"logo\":{\"@type\":\"ImageObject\",\"inLanguage\":\"de\",\"@id\":\"https:\/\/pool-house.shop\/de\/#\/schema\/logo\/image\/\",\"url\":\"https:\/\/pool-house.shop\/wp-content\/uploads\/2025\/10\/logo-2-stvorec-mobil-modre.png\",\"contentUrl\":\"https:\/\/pool-house.shop\/wp-content\/uploads\/2025\/10\/logo-2-stvorec-mobil-modre.png\",\"width\":273,\"height\":189,\"caption\":\"Pool-House\"},\"image\":{\"@id\":\"https:\/\/pool-house.shop\/de\/#\/schema\/logo\/image\/\"},\"sameAs\":[\"https:\/\/www.facebook.com\/termodomsk\/\"]}]}<\/script>\n<!-- \/ Yoast SEO plugin. -->","yoast_head_json":{"title":"Mr. Master Pumpe 1,1 kW 25 m\u00b3\/h - Pool-House","robots":{"index":"index","follow":"follow","max-snippet":"max-snippet:-1","max-image-preview":"max-image-preview:large","max-video-preview":"max-video-preview:-1"},"canonical":"https:\/\/pool-house.shop\/de\/product\/mr-master-pumpe-11-kw-25-m%c2%b3-h\/","og_locale":"de_DE","og_type":"article","og_title":"Mr. Master Pumpe 1,1 kW 25 m\u00b3\/h - Pool-House","og_description":"Vodou chladen\u00e9 filtra\u010dn\u00e9 \u010derpadlo Mr. Master je revolu\u010dn\u00e9 v\u010faka viacer\u00fdm nov\u00fdm technol\u00f3gi\u00e1m. 20x geringerer Verbrauch dank Inverter-Technologie 40x leiser als herk\u00f6mmliche Pumpen \u2013 nur 30 dBA (ein Prototyp dieser Pumpe wurde ins Guinness-Buch der Rekorde eingetragen) Touchscreen f\u00fcr einfache Einstellung Zeitschaltuhr \u00c4nderung der Motorgeschwindigkeit und M\u00f6glichkeit zur Einstellung unterschiedlicher Durchflussmengen Wi-Fi-Verbindung und Steuerung \u00fcber die &hellip; Mr. Master Pumpe 1,1 kW 25 m\u00b3\/hWeiterlesen","og_url":"https:\/\/pool-house.shop\/de\/product\/mr-master-pumpe-11-kw-25-m%c2%b3-h\/","og_site_name":"Pool-House","article_publisher":"https:\/\/www.facebook.com\/termodomsk\/","og_image":[{"width":800,"height":640,"url":"https:\/\/pool-house.shop\/wp-content\/uploads\/2025\/09\/Mr.Master-9.png","type":"image\/png"}],"twitter_card":"summary_large_image","schema":{"@context":"https:\/\/schema.org","@graph":[{"@type":"WebPage","@id":"https:\/\/pool-house.shop\/de\/product\/mr-master-pumpe-11-kw-25-m%c2%b3-h\/","url":"https:\/\/pool-house.shop\/de\/product\/mr-master-pumpe-11-kw-25-m%c2%b3-h\/","name":"Mr. Master Pumpe 1,1 kW 25 m\u00b3\/h - Pool-House","isPartOf":{"@id":"https:\/\/pool-house.shop\/de\/#website"},"primaryImageOfPage":{"@id":"https:\/\/pool-house.shop\/de\/product\/mr-master-pumpe-11-kw-25-m%c2%b3-h\/#primaryimage"},"image":{"@id":"https:\/\/pool-house.shop\/de\/product\/mr-master-pumpe-11-kw-25-m%c2%b3-h\/#primaryimage"},"thumbnailUrl":"https:\/\/pool-house.shop\/wp-content\/uploads\/2025\/09\/Mr.Master-9.png","datePublished":"2025-09-30T08:06:05+00:00","breadcrumb":{"@id":"https:\/\/pool-house.shop\/de\/product\/mr-master-pumpe-11-kw-25-m%c2%b3-h\/#breadcrumb"},"inLanguage":"de","potentialAction":[{"@type":"ReadAction","target":["https:\/\/pool-house.shop\/de\/product\/mr-master-pumpe-11-kw-25-m%c2%b3-h\/"]}]},{"@type":"ImageObject","inLanguage":"de","@id":"https:\/\/pool-house.shop\/de\/product\/mr-master-pumpe-11-kw-25-m%c2%b3-h\/#primaryimage","url":"https:\/\/pool-house.shop\/wp-content\/uploads\/2025\/09\/Mr.Master-9.png","contentUrl":"https:\/\/pool-house.shop\/wp-content\/uploads\/2025\/09\/Mr.Master-9.png","width":800,"height":640},{"@type":"BreadcrumbList","@id":"https:\/\/pool-house.shop\/de\/product\/mr-master-pumpe-11-kw-25-m%c2%b3-h\/#breadcrumb","itemListElement":[{"@type":"ListItem","position":1,"name":"Domovsk\u00e1 str\u00e1nka","item":"https:\/\/pool-house.shop\/de\/"},{"@type":"ListItem","position":2,"name":"Shop","item":"https:\/\/pool-house.shop\/de\/shop\/"},{"@type":"ListItem","position":3,"name":"Mr. Master Pumpe 1,1 kW 25 m\u00b3\/h"}]},{"@type":"WebSite","@id":"https:\/\/pool-house.shop\/de\/#website","url":"https:\/\/pool-house.shop\/de\/","name":"Pool-House","description":"","publisher":{"@id":"https:\/\/pool-house.shop\/de\/#organization"},"potentialAction":[{"@type":"SearchAction","target":{"@type":"EntryPoint","urlTemplate":"https:\/\/pool-house.shop\/de\/?s={search_term_string}"},"query-input":{"@type":"PropertyValueSpecification","valueRequired":true,"valueName":"search_term_string"}}],"inLanguage":"de"},{"@type":"Organization","@id":"https:\/\/pool-house.shop\/de\/#organization","name":"Pool-House","url":"https:\/\/pool-house.shop\/de\/","logo":{"@type":"ImageObject","inLanguage":"de","@id":"https:\/\/pool-house.shop\/de\/#\/schema\/logo\/image\/","url":"https:\/\/pool-house.shop\/wp-content\/uploads\/2025\/10\/logo-2-stvorec-mobil-modre.png","contentUrl":"https:\/\/pool-house.shop\/wp-content\/uploads\/2025\/10\/logo-2-stvorec-mobil-modre.png","width":273,"height":189,"caption":"Pool-House"},"image":{"@id":"https:\/\/pool-house.shop\/de\/#\/schema\/logo\/image\/"},"sameAs":["https:\/\/www.facebook.com\/termodomsk\/"]}]}},"_links":{"self":[{"href":"https:\/\/pool-house.shop\/de\/wp-json\/wp\/v2\/product\/6167","targetHints":{"allow":["GET"]}}],"collection":[{"href":"https:\/\/pool-house.shop\/de\/wp-json\/wp\/v2\/product"}],"about":[{"href":"https:\/\/pool-house.shop\/de\/wp-json\/wp\/v2\/types\/product"}],"wp:featuredmedia":[{"embeddable":true,"href":"https:\/\/pool-house.shop\/de\/wp-json\/wp\/v2\/media\/6163"}],"wp:attachment":[{"href":"https:\/\/pool-house.shop\/de\/wp-json\/wp\/v2\/media?parent=6167"}],"wp:term":[{"taxonomy":"product_brand","embeddable":true,"href":"https:\/\/pool-house.shop\/de\/wp-json\/wp\/v2\/product_brand?post=6167"},{"taxonomy":"product_cat","embeddable":true,"href":"https:\/\/pool-house.shop\/de\/wp-json\/wp\/v2\/product_cat?post=6167"},{"taxonomy":"product_tag","embeddable":true,"href":"https:\/\/pool-house.shop\/de\/wp-json\/wp\/v2\/product_tag?post=6167"}],"curies":[{"name":"wp","href":"https:\/\/api.w.org\/{rel}","templated":true}]}}