{"id":6177,"date":"2025-09-30T09:59:37","date_gmt":"2025-09-30T07:59:37","guid":{"rendered":"https:\/\/pool-house.shop\/product\/pumpe-inverpro-ip25-mit-wi-fi-modul-02-105-kw-8-26-m%c2%b3-h\/"},"modified":"2025-11-25T10:17:13","modified_gmt":"2025-11-25T09:17:13","slug":"pumpe-inverpro-ip25-mit-wi-fi-modul-02-105-kw-8-26-m%c2%b3-h","status":"publish","type":"product","link":"https:\/\/pool-house.shop\/de\/product\/pumpe-inverpro-ip25-mit-wi-fi-modul-02-105-kw-8-26-m%c2%b3-h\/","title":{"rendered":"Pumpe INVERPro IP25 mit Wi-Fi-Modul, 0,2\u20131,05 kW 8\u201326 m\u00b3\/h"},"content":{"rendered":"<p data-start=\"33\" data-end=\"313\">Die Schwimmbadpumpe <strong data-start=\"119\" data-end=\"131\">InverPRO<\/strong> ist bis zu dreimal leiser als herk\u00f6mmliche Pumpen. Es ist die leiseste Pumpe in der Schwimmbadbranche \u2013 Ger\u00e4uschpegel in 1 Meter Entfernung: <strong data-start=\"267\" data-end=\"277\">36 dBA<\/strong>, zertifiziert von <strong data-start=\"293\" data-end=\"310\">T\u00dcV Rheinland<\/strong>.<\/p>\n<p data-start=\"315\" data-end=\"563\">Die InverPro-Pumpe zeichnet sich durch ihren automatischen intelligenten Betrieb <strong data-start=\"378\" data-end=\"394\">InverSilence<\/strong> aus. Sie wird von einem Inverter gesteuert, was ihr erm\u00f6glicht, den Druck im System zu erkennen und ihre Betriebskapazit\u00e4t so anzupassen, dass stets ein stabiler Betriebsdurchfluss gew\u00e4hrleistet ist.<\/p>\n<h3 data-start=\"565\" data-end=\"596\">Maximal leiser Betrieb<\/h3>\n<p data-start=\"597\" data-end=\"966\">Der integrierte intelligente Inverter erm\u00f6glicht nicht nur den Betrieb des Ger\u00e4ts im Bereich von <strong data-start=\"677\" data-end=\"693\">30 % \u2013 100 %<\/strong> f\u00fcr verschiedene Aufgaben, wie R\u00fccksp\u00fclung oder normale Filtration, sondern auch eine pr\u00e4zise Steuerung des Motors und des Inverterantriebs f\u00fcr einen optimal leisen Lauf.<br data-start=\"831\" data-end=\"834\">Dadurch wird der Ger\u00e4uschpegel von hohen <strong data-start=\"881\" data-end=\"894\">60\u201370 dBA<\/strong> auf ein historisch niedriges Niveau reduziert, bis zu <strong data-start=\"926\" data-end=\"963\">30-mal leiser als klassische Pumpen<\/strong>.<\/p>\n<h3 data-start=\"968\" data-end=\"1006\">Qualit\u00e4t und Service ohne Kompromisse<\/h3>\n<ul data-start=\"1007\" data-end=\"1068\">\n<li data-start=\"1007\" data-end=\"1036\">\n<p data-start=\"1009\" data-end=\"1036\">Garantiezeit: <strong data-start=\"1023\" data-end=\"1034\">5 Jahre<\/strong><\/p>\n<\/li>\n<li data-start=\"1037\" data-end=\"1068\">\n<p data-start=\"1039\" data-end=\"1068\">Energieeinsparung: bis zu <strong data-start=\"1058\" data-end=\"1066\">80 %<\/strong><\/p>\n<\/li>\n<\/ul>\n<p data-start=\"1070\" data-end=\"1382\">Die Kombination aus voller Inverter-Technologie, einem speziellen Hydrauliksystem und einem effizienten <strong data-start=\"1169\" data-end=\"1177\">PMSM<\/strong>-System in <strong data-start=\"1192\" data-end=\"1200\">TEFC<\/strong>-Bauweise gew\u00e4hrleistet einen intelligenten Betrieb der Pumpe. Dank der variablen Einstellung der Filtergeschwindigkeiten kann eine maximale Filtrationseffizienz sowie eine Energieersparnis von bis zu 80 % erreicht werden.<\/p>\n<p data-start=\"1384\" data-end=\"1474\">Die Pumpe kann die ganze Saison \u00fcber genutzt werden \u2013 wodurch j\u00e4hrlich bis zu <strong data-start=\"1459\" data-end=\"1471\">8278 kWh<\/strong> eingespart werden k\u00f6nnen.<\/p>\n<hr data-start=\"1476\" data-end=\"1479\">\n<p data-start=\"2125\" data-end=\"2353\" data-is-last-node=\"\" data-is-only-node=\"\">\n","protected":false},"excerpt":{"rendered":"<h3 data-start=\"2087\" data-end=\"2124\">Intelligente Touch-Steuerung<\/h3>\n<p data-start=\"2125\" data-end=\"2353\" data-is-last-node=\"\" data-is-only-node=\"\">Die InverPRO-Pumpe ist mit einer modernen, voll ber\u00fchrungsempfindlichen Steuerung mit voreingestelltem <strong data-start=\"2207\" data-end=\"2223\">Automatik-<\/strong> oder <strong data-start=\"2230\" data-end=\"2248\">Manuellem Modus<\/strong> ausgestattet. Sie verf\u00fcgt au\u00dferdem \u00fcber eine <strong data-start=\"2274\" data-end=\"2283\">Wi-Fi<\/strong>-Verbindung und kann \u00fcber eine mobile App ferngesteuert werden.<\/p>\n","protected":false},"featured_media":6169,"template":"","meta":[],"product_brand":[],"product_cat":[402,353,265,15],"product_tag":[],"class_list":{"0":"post-6177","1":"product","2":"type-product","3":"status-publish","4":"has-post-thumbnail","6":"product_cat-aquark-pumpen","7":"product_cat-filteranlagen","8":"product_cat-filterpumpen","9":"product_cat-mr_pool_house","10":"thunk-woo-product-list","11":"open-woo-hover-none","12":"open-single-product-tab-horizontal","13":"open-shadow-","14":"open-shadow-hover-","16":"first","17":"instock","18":"taxable","19":"shipping-taxable","20":"purchasable","21":"product-type-simple"},"yoast_head":"<!-- This site is optimized with the Yoast SEO plugin v26.9 - https:\/\/yoast.com\/product\/yoast-seo-wordpress\/ -->\n<title>Pumpe INVERPro IP25 mit Wi-Fi-Modul, 0,2\u20131,05 kW 8\u201326 m\u00b3\/h - Pool-House<\/title>\n<meta name=\"robots\" content=\"index, follow, max-snippet:-1, max-image-preview:large, max-video-preview:-1\" \/>\n<link rel=\"canonical\" href=\"https:\/\/pool-house.shop\/de\/product\/pumpe-inverpro-ip25-mit-wi-fi-modul-02-105-kw-8-26-m%c2%b3-h\/\" \/>\n<meta property=\"og:locale\" content=\"de_DE\" \/>\n<meta property=\"og:type\" content=\"article\" \/>\n<meta property=\"og:title\" content=\"Pumpe INVERPro IP25 mit Wi-Fi-Modul, 0,2\u20131,05 kW 8\u201326 m\u00b3\/h - Pool-House\" \/>\n<meta property=\"og:description\" content=\"Intelligente Touch-Steuerung Die InverPRO-Pumpe ist mit einer modernen, voll ber\u00fchrungsempfindlichen Steuerung mit voreingestelltem Automatik- oder Manuellem Modus ausgestattet. Sie verf\u00fcgt au\u00dferdem \u00fcber eine Wi-Fi-Verbindung und kann \u00fcber eine mobile App ferngesteuert werden.\" \/>\n<meta property=\"og:url\" content=\"https:\/\/pool-house.shop\/de\/product\/pumpe-inverpro-ip25-mit-wi-fi-modul-02-105-kw-8-26-m%c2%b3-h\/\" \/>\n<meta property=\"og:site_name\" content=\"Pool-House\" \/>\n<meta property=\"article:publisher\" content=\"https:\/\/www.facebook.com\/termodomsk\/\" \/>\n<meta property=\"article:modified_time\" content=\"2025-11-25T09:17:13+00:00\" \/>\n<meta property=\"og:image\" content=\"https:\/\/pool-house.shop\/wp-content\/uploads\/2025\/09\/InverPro-6.jpg\" \/>\n\t<meta property=\"og:image:width\" content=\"800\" \/>\n\t<meta property=\"og:image:height\" content=\"800\" \/>\n\t<meta property=\"og:image:type\" content=\"image\/jpeg\" \/>\n<meta name=\"twitter:card\" content=\"summary_large_image\" \/>\n<meta name=\"twitter:label1\" content=\"Gesch\u00e4tzte Lesezeit\" \/>\n\t<meta name=\"twitter:data1\" content=\"1\u00a0Minute\" \/>\n<script type=\"application\/ld+json\" class=\"yoast-schema-graph\">{\"@context\":\"https:\/\/schema.org\",\"@graph\":[{\"@type\":\"WebPage\",\"@id\":\"https:\/\/pool-house.shop\/de\/product\/pumpe-inverpro-ip25-mit-wi-fi-modul-02-105-kw-8-26-m%c2%b3-h\/\",\"url\":\"https:\/\/pool-house.shop\/de\/product\/pumpe-inverpro-ip25-mit-wi-fi-modul-02-105-kw-8-26-m%c2%b3-h\/\",\"name\":\"Pumpe INVERPro IP25 mit Wi-Fi-Modul, 0,2\u20131,05 kW 8\u201326 m\u00b3\/h - Pool-House\",\"isPartOf\":{\"@id\":\"https:\/\/pool-house.shop\/de\/#website\"},\"primaryImageOfPage\":{\"@id\":\"https:\/\/pool-house.shop\/de\/product\/pumpe-inverpro-ip25-mit-wi-fi-modul-02-105-kw-8-26-m%c2%b3-h\/#primaryimage\"},\"image\":{\"@id\":\"https:\/\/pool-house.shop\/de\/product\/pumpe-inverpro-ip25-mit-wi-fi-modul-02-105-kw-8-26-m%c2%b3-h\/#primaryimage\"},\"thumbnailUrl\":\"https:\/\/pool-house.shop\/wp-content\/uploads\/2025\/09\/InverPro-6.jpg\",\"datePublished\":\"2025-09-30T07:59:37+00:00\",\"dateModified\":\"2025-11-25T09:17:13+00:00\",\"breadcrumb\":{\"@id\":\"https:\/\/pool-house.shop\/de\/product\/pumpe-inverpro-ip25-mit-wi-fi-modul-02-105-kw-8-26-m%c2%b3-h\/#breadcrumb\"},\"inLanguage\":\"de\",\"potentialAction\":[{\"@type\":\"ReadAction\",\"target\":[\"https:\/\/pool-house.shop\/de\/product\/pumpe-inverpro-ip25-mit-wi-fi-modul-02-105-kw-8-26-m%c2%b3-h\/\"]}]},{\"@type\":\"ImageObject\",\"inLanguage\":\"de\",\"@id\":\"https:\/\/pool-house.shop\/de\/product\/pumpe-inverpro-ip25-mit-wi-fi-modul-02-105-kw-8-26-m%c2%b3-h\/#primaryimage\",\"url\":\"https:\/\/pool-house.shop\/wp-content\/uploads\/2025\/09\/InverPro-6.jpg\",\"contentUrl\":\"https:\/\/pool-house.shop\/wp-content\/uploads\/2025\/09\/InverPro-6.jpg\",\"width\":800,\"height\":800},{\"@type\":\"BreadcrumbList\",\"@id\":\"https:\/\/pool-house.shop\/de\/product\/pumpe-inverpro-ip25-mit-wi-fi-modul-02-105-kw-8-26-m%c2%b3-h\/#breadcrumb\",\"itemListElement\":[{\"@type\":\"ListItem\",\"position\":1,\"name\":\"Domovsk\u00e1 str\u00e1nka\",\"item\":\"https:\/\/pool-house.shop\/de\/\"},{\"@type\":\"ListItem\",\"position\":2,\"name\":\"Shop\",\"item\":\"https:\/\/pool-house.shop\/de\/shop\/\"},{\"@type\":\"ListItem\",\"position\":3,\"name\":\"Pumpe INVERPro IP25 mit Wi-Fi-Modul, 0,2\u20131,05 kW 8\u201326 m\u00b3\/h\"}]},{\"@type\":\"WebSite\",\"@id\":\"https:\/\/pool-house.shop\/de\/#website\",\"url\":\"https:\/\/pool-house.shop\/de\/\",\"name\":\"Pool-House\",\"description\":\"\",\"publisher\":{\"@id\":\"https:\/\/pool-house.shop\/de\/#organization\"},\"potentialAction\":[{\"@type\":\"SearchAction\",\"target\":{\"@type\":\"EntryPoint\",\"urlTemplate\":\"https:\/\/pool-house.shop\/de\/?s={search_term_string}\"},\"query-input\":{\"@type\":\"PropertyValueSpecification\",\"valueRequired\":true,\"valueName\":\"search_term_string\"}}],\"inLanguage\":\"de\"},{\"@type\":\"Organization\",\"@id\":\"https:\/\/pool-house.shop\/de\/#organization\",\"name\":\"Pool-House\",\"url\":\"https:\/\/pool-house.shop\/de\/\",\"logo\":{\"@type\":\"ImageObject\",\"inLanguage\":\"de\",\"@id\":\"https:\/\/pool-house.shop\/de\/#\/schema\/logo\/image\/\",\"url\":\"https:\/\/pool-house.shop\/wp-content\/uploads\/2025\/10\/logo-2-stvorec-mobil-modre.png\",\"contentUrl\":\"https:\/\/pool-house.shop\/wp-content\/uploads\/2025\/10\/logo-2-stvorec-mobil-modre.png\",\"width\":273,\"height\":189,\"caption\":\"Pool-House\"},\"image\":{\"@id\":\"https:\/\/pool-house.shop\/de\/#\/schema\/logo\/image\/\"},\"sameAs\":[\"https:\/\/www.facebook.com\/termodomsk\/\"]}]}<\/script>\n<!-- \/ Yoast SEO plugin. -->","yoast_head_json":{"title":"Pumpe INVERPro IP25 mit Wi-Fi-Modul, 0,2\u20131,05 kW 8\u201326 m\u00b3\/h - Pool-House","robots":{"index":"index","follow":"follow","max-snippet":"max-snippet:-1","max-image-preview":"max-image-preview:large","max-video-preview":"max-video-preview:-1"},"canonical":"https:\/\/pool-house.shop\/de\/product\/pumpe-inverpro-ip25-mit-wi-fi-modul-02-105-kw-8-26-m%c2%b3-h\/","og_locale":"de_DE","og_type":"article","og_title":"Pumpe INVERPro IP25 mit Wi-Fi-Modul, 0,2\u20131,05 kW 8\u201326 m\u00b3\/h - Pool-House","og_description":"Intelligente Touch-Steuerung Die InverPRO-Pumpe ist mit einer modernen, voll ber\u00fchrungsempfindlichen Steuerung mit voreingestelltem Automatik- oder Manuellem Modus ausgestattet. Sie verf\u00fcgt au\u00dferdem \u00fcber eine Wi-Fi-Verbindung und kann \u00fcber eine mobile App ferngesteuert werden.","og_url":"https:\/\/pool-house.shop\/de\/product\/pumpe-inverpro-ip25-mit-wi-fi-modul-02-105-kw-8-26-m%c2%b3-h\/","og_site_name":"Pool-House","article_publisher":"https:\/\/www.facebook.com\/termodomsk\/","article_modified_time":"2025-11-25T09:17:13+00:00","og_image":[{"width":800,"height":800,"url":"https:\/\/pool-house.shop\/wp-content\/uploads\/2025\/09\/InverPro-6.jpg","type":"image\/jpeg"}],"twitter_card":"summary_large_image","twitter_misc":{"Gesch\u00e4tzte Lesezeit":"1\u00a0Minute"},"schema":{"@context":"https:\/\/schema.org","@graph":[{"@type":"WebPage","@id":"https:\/\/pool-house.shop\/de\/product\/pumpe-inverpro-ip25-mit-wi-fi-modul-02-105-kw-8-26-m%c2%b3-h\/","url":"https:\/\/pool-house.shop\/de\/product\/pumpe-inverpro-ip25-mit-wi-fi-modul-02-105-kw-8-26-m%c2%b3-h\/","name":"Pumpe INVERPro IP25 mit Wi-Fi-Modul, 0,2\u20131,05 kW 8\u201326 m\u00b3\/h - Pool-House","isPartOf":{"@id":"https:\/\/pool-house.shop\/de\/#website"},"primaryImageOfPage":{"@id":"https:\/\/pool-house.shop\/de\/product\/pumpe-inverpro-ip25-mit-wi-fi-modul-02-105-kw-8-26-m%c2%b3-h\/#primaryimage"},"image":{"@id":"https:\/\/pool-house.shop\/de\/product\/pumpe-inverpro-ip25-mit-wi-fi-modul-02-105-kw-8-26-m%c2%b3-h\/#primaryimage"},"thumbnailUrl":"https:\/\/pool-house.shop\/wp-content\/uploads\/2025\/09\/InverPro-6.jpg","datePublished":"2025-09-30T07:59:37+00:00","dateModified":"2025-11-25T09:17:13+00:00","breadcrumb":{"@id":"https:\/\/pool-house.shop\/de\/product\/pumpe-inverpro-ip25-mit-wi-fi-modul-02-105-kw-8-26-m%c2%b3-h\/#breadcrumb"},"inLanguage":"de","potentialAction":[{"@type":"ReadAction","target":["https:\/\/pool-house.shop\/de\/product\/pumpe-inverpro-ip25-mit-wi-fi-modul-02-105-kw-8-26-m%c2%b3-h\/"]}]},{"@type":"ImageObject","inLanguage":"de","@id":"https:\/\/pool-house.shop\/de\/product\/pumpe-inverpro-ip25-mit-wi-fi-modul-02-105-kw-8-26-m%c2%b3-h\/#primaryimage","url":"https:\/\/pool-house.shop\/wp-content\/uploads\/2025\/09\/InverPro-6.jpg","contentUrl":"https:\/\/pool-house.shop\/wp-content\/uploads\/2025\/09\/InverPro-6.jpg","width":800,"height":800},{"@type":"BreadcrumbList","@id":"https:\/\/pool-house.shop\/de\/product\/pumpe-inverpro-ip25-mit-wi-fi-modul-02-105-kw-8-26-m%c2%b3-h\/#breadcrumb","itemListElement":[{"@type":"ListItem","position":1,"name":"Domovsk\u00e1 str\u00e1nka","item":"https:\/\/pool-house.shop\/de\/"},{"@type":"ListItem","position":2,"name":"Shop","item":"https:\/\/pool-house.shop\/de\/shop\/"},{"@type":"ListItem","position":3,"name":"Pumpe INVERPro IP25 mit Wi-Fi-Modul, 0,2\u20131,05 kW 8\u201326 m\u00b3\/h"}]},{"@type":"WebSite","@id":"https:\/\/pool-house.shop\/de\/#website","url":"https:\/\/pool-house.shop\/de\/","name":"Pool-House","description":"","publisher":{"@id":"https:\/\/pool-house.shop\/de\/#organization"},"potentialAction":[{"@type":"SearchAction","target":{"@type":"EntryPoint","urlTemplate":"https:\/\/pool-house.shop\/de\/?s={search_term_string}"},"query-input":{"@type":"PropertyValueSpecification","valueRequired":true,"valueName":"search_term_string"}}],"inLanguage":"de"},{"@type":"Organization","@id":"https:\/\/pool-house.shop\/de\/#organization","name":"Pool-House","url":"https:\/\/pool-house.shop\/de\/","logo":{"@type":"ImageObject","inLanguage":"de","@id":"https:\/\/pool-house.shop\/de\/#\/schema\/logo\/image\/","url":"https:\/\/pool-house.shop\/wp-content\/uploads\/2025\/10\/logo-2-stvorec-mobil-modre.png","contentUrl":"https:\/\/pool-house.shop\/wp-content\/uploads\/2025\/10\/logo-2-stvorec-mobil-modre.png","width":273,"height":189,"caption":"Pool-House"},"image":{"@id":"https:\/\/pool-house.shop\/de\/#\/schema\/logo\/image\/"},"sameAs":["https:\/\/www.facebook.com\/termodomsk\/"]}]}},"_links":{"self":[{"href":"https:\/\/pool-house.shop\/de\/wp-json\/wp\/v2\/product\/6177","targetHints":{"allow":["GET"]}}],"collection":[{"href":"https:\/\/pool-house.shop\/de\/wp-json\/wp\/v2\/product"}],"about":[{"href":"https:\/\/pool-house.shop\/de\/wp-json\/wp\/v2\/types\/product"}],"wp:featuredmedia":[{"embeddable":true,"href":"https:\/\/pool-house.shop\/de\/wp-json\/wp\/v2\/media\/6169"}],"wp:attachment":[{"href":"https:\/\/pool-house.shop\/de\/wp-json\/wp\/v2\/media?parent=6177"}],"wp:term":[{"taxonomy":"product_brand","embeddable":true,"href":"https:\/\/pool-house.shop\/de\/wp-json\/wp\/v2\/product_brand?post=6177"},{"taxonomy":"product_cat","embeddable":true,"href":"https:\/\/pool-house.shop\/de\/wp-json\/wp\/v2\/product_cat?post=6177"},{"taxonomy":"product_tag","embeddable":true,"href":"https:\/\/pool-house.shop\/de\/wp-json\/wp\/v2\/product_tag?post=6177"}],"curies":[{"name":"wp","href":"https:\/\/api.w.org\/{rel}","templated":true}]}}