{"id":6189,"date":"2025-03-03T15:16:34","date_gmt":"2025-03-03T14:16:34","guid":{"rendered":"https:\/\/pool-house.shop\/product\/design-bodenablaufabdeckung-anthrazit\/"},"modified":"2025-03-03T15:16:34","modified_gmt":"2025-03-03T14:16:34","slug":"design-bodenablaufabdeckung-anthrazit","status":"publish","type":"product","link":"https:\/\/pool-house.shop\/de\/product\/design-bodenablaufabdeckung-anthrazit\/","title":{"rendered":"Design-Bodenablaufabdeckung, anthrazit"},"content":{"rendered":"<p>Acis Design Bodenablaufabdeckung \u2013 anthrazit<\/p>\n<p> Eine einfach zu installierende, universelle Acis Bodenablaufabdeckung in Anthrazit. Es handelt sich um ausgezeichnete franz\u00f6sische Qualit\u00e4t.<br \/>\n Das Bodenablaufgitter ist in mehreren Farben und auch in Edelstahlausf\u00fchrung erh\u00e4ltlich. <\/p>\n<p> Acis Design Bodenablauf: 011450 <\/p>\n<p> Weitere Farben:<br \/>\n &#8211; Grau und<br \/>\n &#8211; Sandfarben.<\/p>\n<p> Bodenabl\u00e4ufe<br \/>\n Eine Kunststoff- oder Edelstahlarmatur, die am Beckenboden installiert wird. Ihre Hauptfunktion ist das Ablassen des Poolwassers. W\u00e4hrend der Filtration und Zirkulation kann sie auch zum Absaugen verwendet werden.<\/p>\n<p> ABS-Kunststoff<br \/>\n ABS (Acrylnitril-Butadien-Styrol) ist ein Thermoplast mit guter Schlagfestigkeit, hoher H\u00e4rte und Festigkeit, guter thermischer und chemischer Best\u00e4ndigkeit sowie guter Ger\u00e4usch- und Vibrationsd\u00e4mpfung. Seine Einzigartigkeit liegt in der Kombination verschiedener Materialien. Acrylnitril erh\u00f6ht die thermische und chemische Best\u00e4ndigkeit, Butadien erh\u00f6ht die Haltbarkeit und Festigkeit, und Styrol verbessert die Verarbeitbarkeit, senkt die Kosten und sorgt f\u00fcr eine gl\u00e4nzende Oberfl\u00e4che.     <\/p>\n","protected":false},"excerpt":{"rendered":"<p>Acis Design Bodenablaufabdeckung \u2013 anthrazit Eine einfach zu installierende, universelle Acis Bodenablaufabdeckung in Anthrazit. Es handelt sich um ausgezeichnete franz\u00f6sische Qualit\u00e4t. Das Bodenablaufgitter ist in mehreren Farben und auch in Edelstahlausf\u00fchrung erh\u00e4ltlich. Acis Design Bodenablauf: 011450 Weitere Farben: &#8211; Grau und &#8211; Sandfarben. Bodenabl\u00e4ufe Eine Kunststoff- oder Edelstahlarmatur, die am Beckenboden installiert wird. Ihre Hauptfunktion &hellip;<\/p>\n<p class=\"read-more\"> <a class=\" thunk-readmore button \" href=\"https:\/\/pool-house.shop\/de\/product\/design-bodenablaufabdeckung-anthrazit\/\"> <span class=\"screen-reader-text\">Design-Bodenablaufabdeckung, anthrazit<\/span>Weiterlesen<\/a><\/p>\n","protected":false},"featured_media":881,"template":"","meta":[],"product_brand":[],"product_cat":[238],"product_tag":[],"class_list":{"0":"post-6189","1":"product","2":"type-product","3":"status-publish","4":"has-post-thumbnail","6":"product_cat-bodenablaufe","7":"thunk-woo-product-list","8":"open-woo-hover-none","9":"open-single-product-tab-horizontal","10":"open-shadow-","11":"open-shadow-hover-","13":"first","14":"instock","15":"taxable","16":"shipping-taxable","17":"purchasable","18":"product-type-simple"},"yoast_head":"<!-- This site is optimized with the Yoast SEO plugin v26.9 - https:\/\/yoast.com\/product\/yoast-seo-wordpress\/ -->\n<title>Design-Bodenablaufabdeckung, anthrazit - Pool-House<\/title>\n<meta name=\"robots\" content=\"index, follow, max-snippet:-1, max-image-preview:large, max-video-preview:-1\" \/>\n<link rel=\"canonical\" href=\"https:\/\/pool-house.shop\/de\/product\/design-bodenablaufabdeckung-anthrazit\/\" \/>\n<meta property=\"og:locale\" content=\"de_DE\" \/>\n<meta property=\"og:type\" content=\"article\" \/>\n<meta property=\"og:title\" content=\"Design-Bodenablaufabdeckung, anthrazit - Pool-House\" \/>\n<meta property=\"og:description\" content=\"Acis Design Bodenablaufabdeckung \u2013 anthrazit Eine einfach zu installierende, universelle Acis Bodenablaufabdeckung in Anthrazit. Es handelt sich um ausgezeichnete franz\u00f6sische Qualit\u00e4t. Das Bodenablaufgitter ist in mehreren Farben und auch in Edelstahlausf\u00fchrung erh\u00e4ltlich. Acis Design Bodenablauf: 011450 Weitere Farben: &#8211; Grau und &#8211; Sandfarben. Bodenabl\u00e4ufe Eine Kunststoff- oder Edelstahlarmatur, die am Beckenboden installiert wird. Ihre Hauptfunktion &hellip; Design-Bodenablaufabdeckung, anthrazitWeiterlesen\" \/>\n<meta property=\"og:url\" content=\"https:\/\/pool-house.shop\/de\/product\/design-bodenablaufabdeckung-anthrazit\/\" \/>\n<meta property=\"og:site_name\" content=\"Pool-House\" \/>\n<meta property=\"article:publisher\" content=\"https:\/\/www.facebook.com\/termodomsk\/\" \/>\n<meta property=\"og:image\" content=\"https:\/\/pool-house.shop\/wp-content\/uploads\/termekkepek\/01\/011451.png\" \/>\n\t<meta property=\"og:image:width\" content=\"291\" \/>\n\t<meta property=\"og:image:height\" content=\"159\" \/>\n\t<meta property=\"og:image:type\" content=\"image\/png\" \/>\n<meta name=\"twitter:card\" content=\"summary_large_image\" \/>\n<meta name=\"twitter:label1\" content=\"Gesch\u00e4tzte Lesezeit\" \/>\n\t<meta name=\"twitter:data1\" content=\"1\u00a0Minute\" \/>\n<script type=\"application\/ld+json\" class=\"yoast-schema-graph\">{\"@context\":\"https:\/\/schema.org\",\"@graph\":[{\"@type\":\"WebPage\",\"@id\":\"https:\/\/pool-house.shop\/de\/product\/design-bodenablaufabdeckung-anthrazit\/\",\"url\":\"https:\/\/pool-house.shop\/de\/product\/design-bodenablaufabdeckung-anthrazit\/\",\"name\":\"Design-Bodenablaufabdeckung, anthrazit - Pool-House\",\"isPartOf\":{\"@id\":\"https:\/\/pool-house.shop\/de\/#website\"},\"primaryImageOfPage\":{\"@id\":\"https:\/\/pool-house.shop\/de\/product\/design-bodenablaufabdeckung-anthrazit\/#primaryimage\"},\"image\":{\"@id\":\"https:\/\/pool-house.shop\/de\/product\/design-bodenablaufabdeckung-anthrazit\/#primaryimage\"},\"thumbnailUrl\":\"https:\/\/pool-house.shop\/wp-content\/uploads\/termekkepek\/01\/011451.png\",\"datePublished\":\"2025-03-03T14:16:34+00:00\",\"breadcrumb\":{\"@id\":\"https:\/\/pool-house.shop\/de\/product\/design-bodenablaufabdeckung-anthrazit\/#breadcrumb\"},\"inLanguage\":\"de\",\"potentialAction\":[{\"@type\":\"ReadAction\",\"target\":[\"https:\/\/pool-house.shop\/de\/product\/design-bodenablaufabdeckung-anthrazit\/\"]}]},{\"@type\":\"ImageObject\",\"inLanguage\":\"de\",\"@id\":\"https:\/\/pool-house.shop\/de\/product\/design-bodenablaufabdeckung-anthrazit\/#primaryimage\",\"url\":\"https:\/\/pool-house.shop\/wp-content\/uploads\/termekkepek\/01\/011451.png\",\"contentUrl\":\"https:\/\/pool-house.shop\/wp-content\/uploads\/termekkepek\/01\/011451.png\",\"width\":291,\"height\":159},{\"@type\":\"BreadcrumbList\",\"@id\":\"https:\/\/pool-house.shop\/de\/product\/design-bodenablaufabdeckung-anthrazit\/#breadcrumb\",\"itemListElement\":[{\"@type\":\"ListItem\",\"position\":1,\"name\":\"Domovsk\u00e1 str\u00e1nka\",\"item\":\"https:\/\/pool-house.shop\/de\/\"},{\"@type\":\"ListItem\",\"position\":2,\"name\":\"Shop\",\"item\":\"https:\/\/pool-house.shop\/de\/shop\/\"},{\"@type\":\"ListItem\",\"position\":3,\"name\":\"Design-Bodenablaufabdeckung, anthrazit\"}]},{\"@type\":\"WebSite\",\"@id\":\"https:\/\/pool-house.shop\/de\/#website\",\"url\":\"https:\/\/pool-house.shop\/de\/\",\"name\":\"Pool-House\",\"description\":\"\",\"publisher\":{\"@id\":\"https:\/\/pool-house.shop\/de\/#organization\"},\"potentialAction\":[{\"@type\":\"SearchAction\",\"target\":{\"@type\":\"EntryPoint\",\"urlTemplate\":\"https:\/\/pool-house.shop\/de\/?s={search_term_string}\"},\"query-input\":{\"@type\":\"PropertyValueSpecification\",\"valueRequired\":true,\"valueName\":\"search_term_string\"}}],\"inLanguage\":\"de\"},{\"@type\":\"Organization\",\"@id\":\"https:\/\/pool-house.shop\/de\/#organization\",\"name\":\"Pool-House\",\"url\":\"https:\/\/pool-house.shop\/de\/\",\"logo\":{\"@type\":\"ImageObject\",\"inLanguage\":\"de\",\"@id\":\"https:\/\/pool-house.shop\/de\/#\/schema\/logo\/image\/\",\"url\":\"https:\/\/pool-house.shop\/wp-content\/uploads\/2025\/10\/logo-2-stvorec-mobil-modre.png\",\"contentUrl\":\"https:\/\/pool-house.shop\/wp-content\/uploads\/2025\/10\/logo-2-stvorec-mobil-modre.png\",\"width\":273,\"height\":189,\"caption\":\"Pool-House\"},\"image\":{\"@id\":\"https:\/\/pool-house.shop\/de\/#\/schema\/logo\/image\/\"},\"sameAs\":[\"https:\/\/www.facebook.com\/termodomsk\/\"]}]}<\/script>\n<!-- \/ Yoast SEO plugin. -->","yoast_head_json":{"title":"Design-Bodenablaufabdeckung, anthrazit - Pool-House","robots":{"index":"index","follow":"follow","max-snippet":"max-snippet:-1","max-image-preview":"max-image-preview:large","max-video-preview":"max-video-preview:-1"},"canonical":"https:\/\/pool-house.shop\/de\/product\/design-bodenablaufabdeckung-anthrazit\/","og_locale":"de_DE","og_type":"article","og_title":"Design-Bodenablaufabdeckung, anthrazit - Pool-House","og_description":"Acis Design Bodenablaufabdeckung \u2013 anthrazit Eine einfach zu installierende, universelle Acis Bodenablaufabdeckung in Anthrazit. Es handelt sich um ausgezeichnete franz\u00f6sische Qualit\u00e4t. Das Bodenablaufgitter ist in mehreren Farben und auch in Edelstahlausf\u00fchrung erh\u00e4ltlich. Acis Design Bodenablauf: 011450 Weitere Farben: &#8211; Grau und &#8211; Sandfarben. Bodenabl\u00e4ufe Eine Kunststoff- oder Edelstahlarmatur, die am Beckenboden installiert wird. Ihre Hauptfunktion &hellip; Design-Bodenablaufabdeckung, anthrazitWeiterlesen","og_url":"https:\/\/pool-house.shop\/de\/product\/design-bodenablaufabdeckung-anthrazit\/","og_site_name":"Pool-House","article_publisher":"https:\/\/www.facebook.com\/termodomsk\/","og_image":[{"width":291,"height":159,"url":"https:\/\/pool-house.shop\/wp-content\/uploads\/termekkepek\/01\/011451.png","type":"image\/png"}],"twitter_card":"summary_large_image","twitter_misc":{"Gesch\u00e4tzte Lesezeit":"1\u00a0Minute"},"schema":{"@context":"https:\/\/schema.org","@graph":[{"@type":"WebPage","@id":"https:\/\/pool-house.shop\/de\/product\/design-bodenablaufabdeckung-anthrazit\/","url":"https:\/\/pool-house.shop\/de\/product\/design-bodenablaufabdeckung-anthrazit\/","name":"Design-Bodenablaufabdeckung, anthrazit - Pool-House","isPartOf":{"@id":"https:\/\/pool-house.shop\/de\/#website"},"primaryImageOfPage":{"@id":"https:\/\/pool-house.shop\/de\/product\/design-bodenablaufabdeckung-anthrazit\/#primaryimage"},"image":{"@id":"https:\/\/pool-house.shop\/de\/product\/design-bodenablaufabdeckung-anthrazit\/#primaryimage"},"thumbnailUrl":"https:\/\/pool-house.shop\/wp-content\/uploads\/termekkepek\/01\/011451.png","datePublished":"2025-03-03T14:16:34+00:00","breadcrumb":{"@id":"https:\/\/pool-house.shop\/de\/product\/design-bodenablaufabdeckung-anthrazit\/#breadcrumb"},"inLanguage":"de","potentialAction":[{"@type":"ReadAction","target":["https:\/\/pool-house.shop\/de\/product\/design-bodenablaufabdeckung-anthrazit\/"]}]},{"@type":"ImageObject","inLanguage":"de","@id":"https:\/\/pool-house.shop\/de\/product\/design-bodenablaufabdeckung-anthrazit\/#primaryimage","url":"https:\/\/pool-house.shop\/wp-content\/uploads\/termekkepek\/01\/011451.png","contentUrl":"https:\/\/pool-house.shop\/wp-content\/uploads\/termekkepek\/01\/011451.png","width":291,"height":159},{"@type":"BreadcrumbList","@id":"https:\/\/pool-house.shop\/de\/product\/design-bodenablaufabdeckung-anthrazit\/#breadcrumb","itemListElement":[{"@type":"ListItem","position":1,"name":"Domovsk\u00e1 str\u00e1nka","item":"https:\/\/pool-house.shop\/de\/"},{"@type":"ListItem","position":2,"name":"Shop","item":"https:\/\/pool-house.shop\/de\/shop\/"},{"@type":"ListItem","position":3,"name":"Design-Bodenablaufabdeckung, anthrazit"}]},{"@type":"WebSite","@id":"https:\/\/pool-house.shop\/de\/#website","url":"https:\/\/pool-house.shop\/de\/","name":"Pool-House","description":"","publisher":{"@id":"https:\/\/pool-house.shop\/de\/#organization"},"potentialAction":[{"@type":"SearchAction","target":{"@type":"EntryPoint","urlTemplate":"https:\/\/pool-house.shop\/de\/?s={search_term_string}"},"query-input":{"@type":"PropertyValueSpecification","valueRequired":true,"valueName":"search_term_string"}}],"inLanguage":"de"},{"@type":"Organization","@id":"https:\/\/pool-house.shop\/de\/#organization","name":"Pool-House","url":"https:\/\/pool-house.shop\/de\/","logo":{"@type":"ImageObject","inLanguage":"de","@id":"https:\/\/pool-house.shop\/de\/#\/schema\/logo\/image\/","url":"https:\/\/pool-house.shop\/wp-content\/uploads\/2025\/10\/logo-2-stvorec-mobil-modre.png","contentUrl":"https:\/\/pool-house.shop\/wp-content\/uploads\/2025\/10\/logo-2-stvorec-mobil-modre.png","width":273,"height":189,"caption":"Pool-House"},"image":{"@id":"https:\/\/pool-house.shop\/de\/#\/schema\/logo\/image\/"},"sameAs":["https:\/\/www.facebook.com\/termodomsk\/"]}]}},"_links":{"self":[{"href":"https:\/\/pool-house.shop\/de\/wp-json\/wp\/v2\/product\/6189","targetHints":{"allow":["GET"]}}],"collection":[{"href":"https:\/\/pool-house.shop\/de\/wp-json\/wp\/v2\/product"}],"about":[{"href":"https:\/\/pool-house.shop\/de\/wp-json\/wp\/v2\/types\/product"}],"wp:featuredmedia":[{"embeddable":true,"href":"https:\/\/pool-house.shop\/de\/wp-json\/wp\/v2\/media\/881"}],"wp:attachment":[{"href":"https:\/\/pool-house.shop\/de\/wp-json\/wp\/v2\/media?parent=6189"}],"wp:term":[{"taxonomy":"product_brand","embeddable":true,"href":"https:\/\/pool-house.shop\/de\/wp-json\/wp\/v2\/product_brand?post=6189"},{"taxonomy":"product_cat","embeddable":true,"href":"https:\/\/pool-house.shop\/de\/wp-json\/wp\/v2\/product_cat?post=6189"},{"taxonomy":"product_tag","embeddable":true,"href":"https:\/\/pool-house.shop\/de\/wp-json\/wp\/v2\/product_tag?post=6189"}],"curies":[{"name":"wp","href":"https:\/\/api.w.org\/{rel}","templated":true}]}}