{"id":6193,"date":"2025-03-03T15:16:34","date_gmt":"2025-03-03T14:16:34","guid":{"rendered":"https:\/\/pool-house.shop\/product\/bodenablauf-design-2-universell-weiss\/"},"modified":"2025-03-03T15:16:34","modified_gmt":"2025-03-03T14:16:34","slug":"bodenablauf-design-2-universell-weiss","status":"publish","type":"product","link":"https:\/\/pool-house.shop\/de\/product\/bodenablauf-design-2-universell-weiss\/","title":{"rendered":"Bodenablauf Design 2&#8243; universell, wei\u00df"},"content":{"rendered":"<p>Bodenablauf Acis Design<\/p>\n<p> Einfach zu installierender, universeller Bodenablauf in Wei\u00df. Der Volumenstrom betr\u00e4gt 11,75 m\u00b3\/h bei einer Geschwindigkeit von 0,5 m\/s.<br \/>\n Das Gitter des Bodenablaufs ist in mehreren Farben und auch in Edelstahlausf\u00fchrung erh\u00e4ltlich. Es handelt sich um hohe franz\u00f6sische Qualit\u00e4t.<x id=\"gid_0\"><\/x> <x id=\"gid_1\"><\/x> Technische Daten: <x id=\"gid_2\"><\/x> Ma\u00dfe: 194 x 194 mm <x id=\"gid_3\"><\/x> Anschluss: 1&#8243; 1\/2, 2&#8243;<x id=\"gid_4\"><\/x> <x id=\"gid_5\"><\/x> Gitterfarben:<x id=\"gid_6\"><\/x> &#8211; Wei\u00df,<x id=\"gid_7\"><\/x> &#8211; Anthrazit,<x id=\"gid_8\"><\/x> &#8211; Grau und <x id=\"gid_9\"><\/x> &#8211; Sandfarben.<x id=\"gid_10\"><\/x> <x id=\"gid_11\"><\/x> Bodenabl\u00e4ufe<x id=\"gid_12\"><\/x> Kunststoff- oder Edelstahlarmatur, die am Beckenboden installiert wird. Ihre Hauptfunktion ist das Ablassen des Poolwassers.   W\u00e4hrend der Filtration und Zirkulation kann er auch zum Absaugen verwendet werden.<\/p>\n<p> ABS-Kunststoff<br \/>\n ABS (Acrylnitril-Butadien-Styrol) ist ein Thermoplast mit guter Schlagfestigkeit, hoher H\u00e4rte und Festigkeit, guter thermischer und chemischer Best\u00e4ndigkeit sowie guter Ger\u00e4usch- und Vibrationsd\u00e4mpfung. Seine Besonderheit liegt in der Kombination verschiedener Materialien. Acrylnitril erh\u00f6ht die thermische und chemische Best\u00e4ndigkeit, Butadien erh\u00f6ht die Haltbarkeit und Festigkeit, und Styrol verbessert die Verarbeitbarkeit, reduziert Kosten und sorgt f\u00fcr eine gl\u00e4nzende Oberfl\u00e4che.  <\/p>\n","protected":false},"excerpt":{"rendered":"<p>Bodenablauf Acis Design Einfach zu installierender, universeller Bodenablauf in Wei\u00df. Der Volumenstrom betr\u00e4gt 11,75 m\u00b3\/h bei einer Geschwindigkeit von 0,5 m\/s. Das Gitter des Bodenablaufs ist in mehreren Farben und auch in Edelstahlausf\u00fchrung erh\u00e4ltlich. Es handelt sich um hohe franz\u00f6sische Qualit\u00e4t. Technische Daten: Ma\u00dfe: 194 x 194 mm Anschluss: 1&#8243; 1\/2, 2&#8243; Gitterfarben: &#8211; Wei\u00df, &hellip;<\/p>\n<p class=\"read-more\"> <a class=\" thunk-readmore button \" href=\"https:\/\/pool-house.shop\/de\/product\/bodenablauf-design-2-universell-weiss\/\"> <span class=\"screen-reader-text\">Bodenablauf Design 2&#8243; universell, wei\u00df<\/span>Weiterlesen<\/a><\/p>\n","protected":false},"featured_media":880,"template":"","meta":[],"product_brand":[],"product_cat":[238],"product_tag":[],"class_list":{"0":"post-6193","1":"product","2":"type-product","3":"status-publish","4":"has-post-thumbnail","6":"product_cat-bodenablaufe","7":"thunk-woo-product-list","8":"open-woo-hover-none","9":"open-single-product-tab-horizontal","10":"open-shadow-","11":"open-shadow-hover-","13":"first","14":"instock","15":"taxable","16":"shipping-taxable","17":"purchasable","18":"product-type-simple"},"yoast_head":"<!-- This site is optimized with the Yoast SEO plugin v26.9 - https:\/\/yoast.com\/product\/yoast-seo-wordpress\/ -->\n<title>Bodenablauf Design 2&quot; universell, wei\u00df - Pool-House<\/title>\n<meta name=\"robots\" content=\"index, follow, max-snippet:-1, max-image-preview:large, max-video-preview:-1\" \/>\n<link rel=\"canonical\" href=\"https:\/\/pool-house.shop\/de\/product\/bodenablauf-design-2-universell-weiss\/\" \/>\n<meta property=\"og:locale\" content=\"de_DE\" \/>\n<meta property=\"og:type\" content=\"article\" \/>\n<meta property=\"og:title\" content=\"Bodenablauf Design 2&quot; universell, wei\u00df - Pool-House\" \/>\n<meta property=\"og:description\" content=\"Bodenablauf Acis Design Einfach zu installierender, universeller Bodenablauf in Wei\u00df. Der Volumenstrom betr\u00e4gt 11,75 m\u00b3\/h bei einer Geschwindigkeit von 0,5 m\/s. Das Gitter des Bodenablaufs ist in mehreren Farben und auch in Edelstahlausf\u00fchrung erh\u00e4ltlich. Es handelt sich um hohe franz\u00f6sische Qualit\u00e4t. Technische Daten: Ma\u00dfe: 194 x 194 mm Anschluss: 1&#8243; 1\/2, 2&#8243; Gitterfarben: &#8211; Wei\u00df, &hellip; Bodenablauf Design 2&#8243; universell, wei\u00dfWeiterlesen\" \/>\n<meta property=\"og:url\" content=\"https:\/\/pool-house.shop\/de\/product\/bodenablauf-design-2-universell-weiss\/\" \/>\n<meta property=\"og:site_name\" content=\"Pool-House\" \/>\n<meta property=\"article:publisher\" content=\"https:\/\/www.facebook.com\/termodomsk\/\" \/>\n<meta property=\"og:image\" content=\"https:\/\/pool-house.shop\/wp-content\/uploads\/termekkepek\/01\/011450.png\" \/>\n\t<meta property=\"og:image:width\" content=\"1000\" \/>\n\t<meta property=\"og:image:height\" content=\"1000\" \/>\n\t<meta property=\"og:image:type\" content=\"image\/png\" \/>\n<meta name=\"twitter:card\" content=\"summary_large_image\" \/>\n<meta name=\"twitter:label1\" content=\"Gesch\u00e4tzte Lesezeit\" \/>\n\t<meta name=\"twitter:data1\" content=\"1\u00a0Minute\" \/>\n<script type=\"application\/ld+json\" class=\"yoast-schema-graph\">{\"@context\":\"https:\/\/schema.org\",\"@graph\":[{\"@type\":\"WebPage\",\"@id\":\"https:\/\/pool-house.shop\/de\/product\/bodenablauf-design-2-universell-weiss\/\",\"url\":\"https:\/\/pool-house.shop\/de\/product\/bodenablauf-design-2-universell-weiss\/\",\"name\":\"Bodenablauf Design 2\\\" universell, wei\u00df - Pool-House\",\"isPartOf\":{\"@id\":\"https:\/\/pool-house.shop\/de\/#website\"},\"primaryImageOfPage\":{\"@id\":\"https:\/\/pool-house.shop\/de\/product\/bodenablauf-design-2-universell-weiss\/#primaryimage\"},\"image\":{\"@id\":\"https:\/\/pool-house.shop\/de\/product\/bodenablauf-design-2-universell-weiss\/#primaryimage\"},\"thumbnailUrl\":\"https:\/\/pool-house.shop\/wp-content\/uploads\/termekkepek\/01\/011450.png\",\"datePublished\":\"2025-03-03T14:16:34+00:00\",\"breadcrumb\":{\"@id\":\"https:\/\/pool-house.shop\/de\/product\/bodenablauf-design-2-universell-weiss\/#breadcrumb\"},\"inLanguage\":\"de\",\"potentialAction\":[{\"@type\":\"ReadAction\",\"target\":[\"https:\/\/pool-house.shop\/de\/product\/bodenablauf-design-2-universell-weiss\/\"]}]},{\"@type\":\"ImageObject\",\"inLanguage\":\"de\",\"@id\":\"https:\/\/pool-house.shop\/de\/product\/bodenablauf-design-2-universell-weiss\/#primaryimage\",\"url\":\"https:\/\/pool-house.shop\/wp-content\/uploads\/termekkepek\/01\/011450.png\",\"contentUrl\":\"https:\/\/pool-house.shop\/wp-content\/uploads\/termekkepek\/01\/011450.png\",\"width\":1000,\"height\":1000},{\"@type\":\"BreadcrumbList\",\"@id\":\"https:\/\/pool-house.shop\/de\/product\/bodenablauf-design-2-universell-weiss\/#breadcrumb\",\"itemListElement\":[{\"@type\":\"ListItem\",\"position\":1,\"name\":\"Domovsk\u00e1 str\u00e1nka\",\"item\":\"https:\/\/pool-house.shop\/de\/\"},{\"@type\":\"ListItem\",\"position\":2,\"name\":\"Shop\",\"item\":\"https:\/\/pool-house.shop\/de\/shop\/\"},{\"@type\":\"ListItem\",\"position\":3,\"name\":\"Bodenablauf Design 2&#8243; universell, wei\u00df\"}]},{\"@type\":\"WebSite\",\"@id\":\"https:\/\/pool-house.shop\/de\/#website\",\"url\":\"https:\/\/pool-house.shop\/de\/\",\"name\":\"Pool-House\",\"description\":\"\",\"publisher\":{\"@id\":\"https:\/\/pool-house.shop\/de\/#organization\"},\"potentialAction\":[{\"@type\":\"SearchAction\",\"target\":{\"@type\":\"EntryPoint\",\"urlTemplate\":\"https:\/\/pool-house.shop\/de\/?s={search_term_string}\"},\"query-input\":{\"@type\":\"PropertyValueSpecification\",\"valueRequired\":true,\"valueName\":\"search_term_string\"}}],\"inLanguage\":\"de\"},{\"@type\":\"Organization\",\"@id\":\"https:\/\/pool-house.shop\/de\/#organization\",\"name\":\"Pool-House\",\"url\":\"https:\/\/pool-house.shop\/de\/\",\"logo\":{\"@type\":\"ImageObject\",\"inLanguage\":\"de\",\"@id\":\"https:\/\/pool-house.shop\/de\/#\/schema\/logo\/image\/\",\"url\":\"https:\/\/pool-house.shop\/wp-content\/uploads\/2025\/10\/logo-2-stvorec-mobil-modre.png\",\"contentUrl\":\"https:\/\/pool-house.shop\/wp-content\/uploads\/2025\/10\/logo-2-stvorec-mobil-modre.png\",\"width\":273,\"height\":189,\"caption\":\"Pool-House\"},\"image\":{\"@id\":\"https:\/\/pool-house.shop\/de\/#\/schema\/logo\/image\/\"},\"sameAs\":[\"https:\/\/www.facebook.com\/termodomsk\/\"]}]}<\/script>\n<!-- \/ Yoast SEO plugin. -->","yoast_head_json":{"title":"Bodenablauf Design 2\" universell, wei\u00df - Pool-House","robots":{"index":"index","follow":"follow","max-snippet":"max-snippet:-1","max-image-preview":"max-image-preview:large","max-video-preview":"max-video-preview:-1"},"canonical":"https:\/\/pool-house.shop\/de\/product\/bodenablauf-design-2-universell-weiss\/","og_locale":"de_DE","og_type":"article","og_title":"Bodenablauf Design 2\" universell, wei\u00df - Pool-House","og_description":"Bodenablauf Acis Design Einfach zu installierender, universeller Bodenablauf in Wei\u00df. Der Volumenstrom betr\u00e4gt 11,75 m\u00b3\/h bei einer Geschwindigkeit von 0,5 m\/s. Das Gitter des Bodenablaufs ist in mehreren Farben und auch in Edelstahlausf\u00fchrung erh\u00e4ltlich. Es handelt sich um hohe franz\u00f6sische Qualit\u00e4t. Technische Daten: Ma\u00dfe: 194 x 194 mm Anschluss: 1&#8243; 1\/2, 2&#8243; Gitterfarben: &#8211; Wei\u00df, &hellip; Bodenablauf Design 2&#8243; universell, wei\u00dfWeiterlesen","og_url":"https:\/\/pool-house.shop\/de\/product\/bodenablauf-design-2-universell-weiss\/","og_site_name":"Pool-House","article_publisher":"https:\/\/www.facebook.com\/termodomsk\/","og_image":[{"width":1000,"height":1000,"url":"https:\/\/pool-house.shop\/wp-content\/uploads\/termekkepek\/01\/011450.png","type":"image\/png"}],"twitter_card":"summary_large_image","twitter_misc":{"Gesch\u00e4tzte Lesezeit":"1\u00a0Minute"},"schema":{"@context":"https:\/\/schema.org","@graph":[{"@type":"WebPage","@id":"https:\/\/pool-house.shop\/de\/product\/bodenablauf-design-2-universell-weiss\/","url":"https:\/\/pool-house.shop\/de\/product\/bodenablauf-design-2-universell-weiss\/","name":"Bodenablauf Design 2\" universell, wei\u00df - Pool-House","isPartOf":{"@id":"https:\/\/pool-house.shop\/de\/#website"},"primaryImageOfPage":{"@id":"https:\/\/pool-house.shop\/de\/product\/bodenablauf-design-2-universell-weiss\/#primaryimage"},"image":{"@id":"https:\/\/pool-house.shop\/de\/product\/bodenablauf-design-2-universell-weiss\/#primaryimage"},"thumbnailUrl":"https:\/\/pool-house.shop\/wp-content\/uploads\/termekkepek\/01\/011450.png","datePublished":"2025-03-03T14:16:34+00:00","breadcrumb":{"@id":"https:\/\/pool-house.shop\/de\/product\/bodenablauf-design-2-universell-weiss\/#breadcrumb"},"inLanguage":"de","potentialAction":[{"@type":"ReadAction","target":["https:\/\/pool-house.shop\/de\/product\/bodenablauf-design-2-universell-weiss\/"]}]},{"@type":"ImageObject","inLanguage":"de","@id":"https:\/\/pool-house.shop\/de\/product\/bodenablauf-design-2-universell-weiss\/#primaryimage","url":"https:\/\/pool-house.shop\/wp-content\/uploads\/termekkepek\/01\/011450.png","contentUrl":"https:\/\/pool-house.shop\/wp-content\/uploads\/termekkepek\/01\/011450.png","width":1000,"height":1000},{"@type":"BreadcrumbList","@id":"https:\/\/pool-house.shop\/de\/product\/bodenablauf-design-2-universell-weiss\/#breadcrumb","itemListElement":[{"@type":"ListItem","position":1,"name":"Domovsk\u00e1 str\u00e1nka","item":"https:\/\/pool-house.shop\/de\/"},{"@type":"ListItem","position":2,"name":"Shop","item":"https:\/\/pool-house.shop\/de\/shop\/"},{"@type":"ListItem","position":3,"name":"Bodenablauf Design 2&#8243; universell, wei\u00df"}]},{"@type":"WebSite","@id":"https:\/\/pool-house.shop\/de\/#website","url":"https:\/\/pool-house.shop\/de\/","name":"Pool-House","description":"","publisher":{"@id":"https:\/\/pool-house.shop\/de\/#organization"},"potentialAction":[{"@type":"SearchAction","target":{"@type":"EntryPoint","urlTemplate":"https:\/\/pool-house.shop\/de\/?s={search_term_string}"},"query-input":{"@type":"PropertyValueSpecification","valueRequired":true,"valueName":"search_term_string"}}],"inLanguage":"de"},{"@type":"Organization","@id":"https:\/\/pool-house.shop\/de\/#organization","name":"Pool-House","url":"https:\/\/pool-house.shop\/de\/","logo":{"@type":"ImageObject","inLanguage":"de","@id":"https:\/\/pool-house.shop\/de\/#\/schema\/logo\/image\/","url":"https:\/\/pool-house.shop\/wp-content\/uploads\/2025\/10\/logo-2-stvorec-mobil-modre.png","contentUrl":"https:\/\/pool-house.shop\/wp-content\/uploads\/2025\/10\/logo-2-stvorec-mobil-modre.png","width":273,"height":189,"caption":"Pool-House"},"image":{"@id":"https:\/\/pool-house.shop\/de\/#\/schema\/logo\/image\/"},"sameAs":["https:\/\/www.facebook.com\/termodomsk\/"]}]}},"_links":{"self":[{"href":"https:\/\/pool-house.shop\/de\/wp-json\/wp\/v2\/product\/6193","targetHints":{"allow":["GET"]}}],"collection":[{"href":"https:\/\/pool-house.shop\/de\/wp-json\/wp\/v2\/product"}],"about":[{"href":"https:\/\/pool-house.shop\/de\/wp-json\/wp\/v2\/types\/product"}],"wp:featuredmedia":[{"embeddable":true,"href":"https:\/\/pool-house.shop\/de\/wp-json\/wp\/v2\/media\/880"}],"wp:attachment":[{"href":"https:\/\/pool-house.shop\/de\/wp-json\/wp\/v2\/media?parent=6193"}],"wp:term":[{"taxonomy":"product_brand","embeddable":true,"href":"https:\/\/pool-house.shop\/de\/wp-json\/wp\/v2\/product_brand?post=6193"},{"taxonomy":"product_cat","embeddable":true,"href":"https:\/\/pool-house.shop\/de\/wp-json\/wp\/v2\/product_cat?post=6193"},{"taxonomy":"product_tag","embeddable":true,"href":"https:\/\/pool-house.shop\/de\/wp-json\/wp\/v2\/product_tag?post=6193"}],"curies":[{"name":"wp","href":"https:\/\/api.w.org\/{rel}","templated":true}]}}