{"id":6204,"date":"2025-03-03T15:16:34","date_gmt":"2025-03-03T14:16:34","guid":{"rendered":"https:\/\/pool-house.shop\/product\/bodenablauf-fuer-folienbecken-anthrazit-o-200-mm-2-zoll\/"},"modified":"2025-03-03T15:16:34","modified_gmt":"2025-03-03T14:16:34","slug":"bodenablauf-fuer-folienbecken-anthrazit-o-200-mm-2-zoll","status":"publish","type":"product","link":"https:\/\/pool-house.shop\/de\/product\/bodenablauf-fuer-folienbecken-anthrazit-o-200-mm-2-zoll\/","title":{"rendered":"Bodenablauf f\u00fcr Folienbecken Anthrazit \u00d8 200 mm 2 Zoll"},"content":{"rendered":"<p>Bodenablauf f\u00fcr Folienbecken<\/p>\n<p> Runder Bodenablauf in Anthrazit f\u00fcr Folienbecken. Er ist aus ABS-Kunststoff gefertigt und verf\u00fcgt \u00fcber eine Dichtung und Edelstahlschrauben.<br \/>\n Das Schutzgitter ist mit Edelstahlschrauben befestigt.<\/p>\n<p> Er ist in 3 weiteren Farben erh\u00e4ltlich:<br \/>\n &#8211; Wei\u00df,<br \/>\n &#8211; Sand und<br \/>\n &#8211; Grau.<\/p>\n<p> Technische Daten:<br \/>\n &#8211; Durchmesser: \u00d8 200 mm,<br \/>\n &#8211; Anschluss: 6\/4&#8243;, 2&#8243; AG,<br \/>\n &#8211; Deckel: 200 mm,<br \/>\n &#8211; max.  15 m\u00b3\/h.<\/p>\n<p> Bodenabl\u00e4ufe<br \/>\n Eine Kunststoff- oder Edelstahlarmatur, die am Boden des Pools installiert wird. Ihre Hauptfunktion ist das Ablassen des Poolwassers. W\u00e4hrend der Filtration und Zirkulation kann sie auch zum Absaugen verwendet werden.<\/p>\n<p> ABS-Kunststoff<br \/>\n ABS (Acrylnitril-Butadien-Styrol) ist ein Thermoplast mit guter Schlagfestigkeit, hoher H\u00e4rte und Festigkeit, guter thermischer und chemischer Best\u00e4ndigkeit sowie guter Ger\u00e4usch- und Vibrationsd\u00e4mpfung. Seine Besonderheit liegt in der Kombination verschiedener Materialien. Acrylnitril erh\u00f6ht die thermische und chemische Best\u00e4ndigkeit, Butadien erh\u00f6ht die Haltbarkeit und Festigkeit, und Styrol verbessert die Verarbeitbarkeit, reduziert Kosten und sorgt f\u00fcr eine gl\u00e4nzende Oberfl\u00e4che.    <\/p>\n","protected":false},"excerpt":{"rendered":"<p>Bodenablauf f\u00fcr Folienbecken Runder Bodenablauf in Anthrazit f\u00fcr Folienbecken. Er ist aus ABS-Kunststoff gefertigt und verf\u00fcgt \u00fcber eine Dichtung und Edelstahlschrauben. Das Schutzgitter ist mit Edelstahlschrauben befestigt. Er ist in 3 weiteren Farben erh\u00e4ltlich: &#8211; Wei\u00df, &#8211; Sand und &#8211; Grau. Technische Daten: &#8211; Durchmesser: \u00d8 200 mm, &#8211; Anschluss: 6\/4&#8243;, 2&#8243; AG, &#8211; Deckel: &hellip;<\/p>\n<p class=\"read-more\"> <a class=\" thunk-readmore button \" href=\"https:\/\/pool-house.shop\/de\/product\/bodenablauf-fuer-folienbecken-anthrazit-o-200-mm-2-zoll\/\"> <span class=\"screen-reader-text\">Bodenablauf f\u00fcr Folienbecken Anthrazit \u00d8 200 mm 2 Zoll<\/span>Weiterlesen<\/a><\/p>\n","protected":false},"featured_media":877,"template":"","meta":[],"product_brand":[],"product_cat":[238],"product_tag":[],"class_list":{"0":"post-6204","1":"product","2":"type-product","3":"status-publish","4":"has-post-thumbnail","6":"product_cat-bodenablaufe","7":"thunk-woo-product-list","8":"open-woo-hover-none","9":"open-single-product-tab-horizontal","10":"open-shadow-","11":"open-shadow-hover-","13":"first","14":"instock","15":"sale","16":"taxable","17":"shipping-taxable","18":"purchasable","19":"product-type-simple"},"yoast_head":"<!-- This site is optimized with the Yoast SEO plugin v26.9 - https:\/\/yoast.com\/product\/yoast-seo-wordpress\/ -->\n<title>Bodenablauf f\u00fcr Folienbecken Anthrazit \u00d8 200 mm 2 Zoll - Pool-House<\/title>\n<meta name=\"robots\" content=\"index, follow, max-snippet:-1, max-image-preview:large, max-video-preview:-1\" \/>\n<link rel=\"canonical\" href=\"https:\/\/pool-house.shop\/de\/product\/bodenablauf-fuer-folienbecken-anthrazit-o-200-mm-2-zoll\/\" \/>\n<meta property=\"og:locale\" content=\"de_DE\" \/>\n<meta property=\"og:type\" content=\"article\" \/>\n<meta property=\"og:title\" content=\"Bodenablauf f\u00fcr Folienbecken Anthrazit \u00d8 200 mm 2 Zoll - Pool-House\" \/>\n<meta property=\"og:description\" content=\"Bodenablauf f\u00fcr Folienbecken Runder Bodenablauf in Anthrazit f\u00fcr Folienbecken. Er ist aus ABS-Kunststoff gefertigt und verf\u00fcgt \u00fcber eine Dichtung und Edelstahlschrauben. Das Schutzgitter ist mit Edelstahlschrauben befestigt. Er ist in 3 weiteren Farben erh\u00e4ltlich: &#8211; Wei\u00df, &#8211; Sand und &#8211; Grau. Technische Daten: &#8211; Durchmesser: \u00d8 200 mm, &#8211; Anschluss: 6\/4&#8243;, 2&#8243; AG, &#8211; Deckel: &hellip; Bodenablauf f\u00fcr Folienbecken Anthrazit \u00d8 200 mm 2 ZollWeiterlesen\" \/>\n<meta property=\"og:url\" content=\"https:\/\/pool-house.shop\/de\/product\/bodenablauf-fuer-folienbecken-anthrazit-o-200-mm-2-zoll\/\" \/>\n<meta property=\"og:site_name\" content=\"Pool-House\" \/>\n<meta property=\"article:publisher\" content=\"https:\/\/www.facebook.com\/termodomsk\/\" \/>\n<meta property=\"og:image\" content=\"https:\/\/pool-house.shop\/wp-content\/uploads\/termekkepek\/01\/011441.png\" \/>\n\t<meta property=\"og:image:width\" content=\"1200\" \/>\n\t<meta property=\"og:image:height\" content=\"1200\" \/>\n\t<meta property=\"og:image:type\" content=\"image\/png\" \/>\n<meta name=\"twitter:card\" content=\"summary_large_image\" \/>\n<meta name=\"twitter:label1\" content=\"Gesch\u00e4tzte Lesezeit\" \/>\n\t<meta name=\"twitter:data1\" content=\"1\u00a0Minute\" \/>\n<script type=\"application\/ld+json\" class=\"yoast-schema-graph\">{\"@context\":\"https:\/\/schema.org\",\"@graph\":[{\"@type\":\"WebPage\",\"@id\":\"https:\/\/pool-house.shop\/de\/product\/bodenablauf-fuer-folienbecken-anthrazit-o-200-mm-2-zoll\/\",\"url\":\"https:\/\/pool-house.shop\/de\/product\/bodenablauf-fuer-folienbecken-anthrazit-o-200-mm-2-zoll\/\",\"name\":\"Bodenablauf f\u00fcr Folienbecken Anthrazit \u00d8 200 mm 2 Zoll - Pool-House\",\"isPartOf\":{\"@id\":\"https:\/\/pool-house.shop\/de\/#website\"},\"primaryImageOfPage\":{\"@id\":\"https:\/\/pool-house.shop\/de\/product\/bodenablauf-fuer-folienbecken-anthrazit-o-200-mm-2-zoll\/#primaryimage\"},\"image\":{\"@id\":\"https:\/\/pool-house.shop\/de\/product\/bodenablauf-fuer-folienbecken-anthrazit-o-200-mm-2-zoll\/#primaryimage\"},\"thumbnailUrl\":\"https:\/\/pool-house.shop\/wp-content\/uploads\/termekkepek\/01\/011441.png\",\"datePublished\":\"2025-03-03T14:16:34+00:00\",\"breadcrumb\":{\"@id\":\"https:\/\/pool-house.shop\/de\/product\/bodenablauf-fuer-folienbecken-anthrazit-o-200-mm-2-zoll\/#breadcrumb\"},\"inLanguage\":\"de\",\"potentialAction\":[{\"@type\":\"ReadAction\",\"target\":[\"https:\/\/pool-house.shop\/de\/product\/bodenablauf-fuer-folienbecken-anthrazit-o-200-mm-2-zoll\/\"]}]},{\"@type\":\"ImageObject\",\"inLanguage\":\"de\",\"@id\":\"https:\/\/pool-house.shop\/de\/product\/bodenablauf-fuer-folienbecken-anthrazit-o-200-mm-2-zoll\/#primaryimage\",\"url\":\"https:\/\/pool-house.shop\/wp-content\/uploads\/termekkepek\/01\/011441.png\",\"contentUrl\":\"https:\/\/pool-house.shop\/wp-content\/uploads\/termekkepek\/01\/011441.png\",\"width\":1200,\"height\":1200},{\"@type\":\"BreadcrumbList\",\"@id\":\"https:\/\/pool-house.shop\/de\/product\/bodenablauf-fuer-folienbecken-anthrazit-o-200-mm-2-zoll\/#breadcrumb\",\"itemListElement\":[{\"@type\":\"ListItem\",\"position\":1,\"name\":\"Domovsk\u00e1 str\u00e1nka\",\"item\":\"https:\/\/pool-house.shop\/de\/\"},{\"@type\":\"ListItem\",\"position\":2,\"name\":\"Shop\",\"item\":\"https:\/\/pool-house.shop\/de\/shop\/\"},{\"@type\":\"ListItem\",\"position\":3,\"name\":\"Bodenablauf f\u00fcr Folienbecken Anthrazit \u00d8 200 mm 2 Zoll\"}]},{\"@type\":\"WebSite\",\"@id\":\"https:\/\/pool-house.shop\/de\/#website\",\"url\":\"https:\/\/pool-house.shop\/de\/\",\"name\":\"Pool-House\",\"description\":\"\",\"publisher\":{\"@id\":\"https:\/\/pool-house.shop\/de\/#organization\"},\"potentialAction\":[{\"@type\":\"SearchAction\",\"target\":{\"@type\":\"EntryPoint\",\"urlTemplate\":\"https:\/\/pool-house.shop\/de\/?s={search_term_string}\"},\"query-input\":{\"@type\":\"PropertyValueSpecification\",\"valueRequired\":true,\"valueName\":\"search_term_string\"}}],\"inLanguage\":\"de\"},{\"@type\":\"Organization\",\"@id\":\"https:\/\/pool-house.shop\/de\/#organization\",\"name\":\"Pool-House\",\"url\":\"https:\/\/pool-house.shop\/de\/\",\"logo\":{\"@type\":\"ImageObject\",\"inLanguage\":\"de\",\"@id\":\"https:\/\/pool-house.shop\/de\/#\/schema\/logo\/image\/\",\"url\":\"https:\/\/pool-house.shop\/wp-content\/uploads\/2025\/10\/logo-2-stvorec-mobil-modre.png\",\"contentUrl\":\"https:\/\/pool-house.shop\/wp-content\/uploads\/2025\/10\/logo-2-stvorec-mobil-modre.png\",\"width\":273,\"height\":189,\"caption\":\"Pool-House\"},\"image\":{\"@id\":\"https:\/\/pool-house.shop\/de\/#\/schema\/logo\/image\/\"},\"sameAs\":[\"https:\/\/www.facebook.com\/termodomsk\/\"]}]}<\/script>\n<!-- \/ Yoast SEO plugin. -->","yoast_head_json":{"title":"Bodenablauf f\u00fcr Folienbecken Anthrazit \u00d8 200 mm 2 Zoll - Pool-House","robots":{"index":"index","follow":"follow","max-snippet":"max-snippet:-1","max-image-preview":"max-image-preview:large","max-video-preview":"max-video-preview:-1"},"canonical":"https:\/\/pool-house.shop\/de\/product\/bodenablauf-fuer-folienbecken-anthrazit-o-200-mm-2-zoll\/","og_locale":"de_DE","og_type":"article","og_title":"Bodenablauf f\u00fcr Folienbecken Anthrazit \u00d8 200 mm 2 Zoll - Pool-House","og_description":"Bodenablauf f\u00fcr Folienbecken Runder Bodenablauf in Anthrazit f\u00fcr Folienbecken. Er ist aus ABS-Kunststoff gefertigt und verf\u00fcgt \u00fcber eine Dichtung und Edelstahlschrauben. Das Schutzgitter ist mit Edelstahlschrauben befestigt. Er ist in 3 weiteren Farben erh\u00e4ltlich: &#8211; Wei\u00df, &#8211; Sand und &#8211; Grau. Technische Daten: &#8211; Durchmesser: \u00d8 200 mm, &#8211; Anschluss: 6\/4&#8243;, 2&#8243; AG, &#8211; Deckel: &hellip; Bodenablauf f\u00fcr Folienbecken Anthrazit \u00d8 200 mm 2 ZollWeiterlesen","og_url":"https:\/\/pool-house.shop\/de\/product\/bodenablauf-fuer-folienbecken-anthrazit-o-200-mm-2-zoll\/","og_site_name":"Pool-House","article_publisher":"https:\/\/www.facebook.com\/termodomsk\/","og_image":[{"width":1200,"height":1200,"url":"https:\/\/pool-house.shop\/wp-content\/uploads\/termekkepek\/01\/011441.png","type":"image\/png"}],"twitter_card":"summary_large_image","twitter_misc":{"Gesch\u00e4tzte Lesezeit":"1\u00a0Minute"},"schema":{"@context":"https:\/\/schema.org","@graph":[{"@type":"WebPage","@id":"https:\/\/pool-house.shop\/de\/product\/bodenablauf-fuer-folienbecken-anthrazit-o-200-mm-2-zoll\/","url":"https:\/\/pool-house.shop\/de\/product\/bodenablauf-fuer-folienbecken-anthrazit-o-200-mm-2-zoll\/","name":"Bodenablauf f\u00fcr Folienbecken Anthrazit \u00d8 200 mm 2 Zoll - Pool-House","isPartOf":{"@id":"https:\/\/pool-house.shop\/de\/#website"},"primaryImageOfPage":{"@id":"https:\/\/pool-house.shop\/de\/product\/bodenablauf-fuer-folienbecken-anthrazit-o-200-mm-2-zoll\/#primaryimage"},"image":{"@id":"https:\/\/pool-house.shop\/de\/product\/bodenablauf-fuer-folienbecken-anthrazit-o-200-mm-2-zoll\/#primaryimage"},"thumbnailUrl":"https:\/\/pool-house.shop\/wp-content\/uploads\/termekkepek\/01\/011441.png","datePublished":"2025-03-03T14:16:34+00:00","breadcrumb":{"@id":"https:\/\/pool-house.shop\/de\/product\/bodenablauf-fuer-folienbecken-anthrazit-o-200-mm-2-zoll\/#breadcrumb"},"inLanguage":"de","potentialAction":[{"@type":"ReadAction","target":["https:\/\/pool-house.shop\/de\/product\/bodenablauf-fuer-folienbecken-anthrazit-o-200-mm-2-zoll\/"]}]},{"@type":"ImageObject","inLanguage":"de","@id":"https:\/\/pool-house.shop\/de\/product\/bodenablauf-fuer-folienbecken-anthrazit-o-200-mm-2-zoll\/#primaryimage","url":"https:\/\/pool-house.shop\/wp-content\/uploads\/termekkepek\/01\/011441.png","contentUrl":"https:\/\/pool-house.shop\/wp-content\/uploads\/termekkepek\/01\/011441.png","width":1200,"height":1200},{"@type":"BreadcrumbList","@id":"https:\/\/pool-house.shop\/de\/product\/bodenablauf-fuer-folienbecken-anthrazit-o-200-mm-2-zoll\/#breadcrumb","itemListElement":[{"@type":"ListItem","position":1,"name":"Domovsk\u00e1 str\u00e1nka","item":"https:\/\/pool-house.shop\/de\/"},{"@type":"ListItem","position":2,"name":"Shop","item":"https:\/\/pool-house.shop\/de\/shop\/"},{"@type":"ListItem","position":3,"name":"Bodenablauf f\u00fcr Folienbecken Anthrazit \u00d8 200 mm 2 Zoll"}]},{"@type":"WebSite","@id":"https:\/\/pool-house.shop\/de\/#website","url":"https:\/\/pool-house.shop\/de\/","name":"Pool-House","description":"","publisher":{"@id":"https:\/\/pool-house.shop\/de\/#organization"},"potentialAction":[{"@type":"SearchAction","target":{"@type":"EntryPoint","urlTemplate":"https:\/\/pool-house.shop\/de\/?s={search_term_string}"},"query-input":{"@type":"PropertyValueSpecification","valueRequired":true,"valueName":"search_term_string"}}],"inLanguage":"de"},{"@type":"Organization","@id":"https:\/\/pool-house.shop\/de\/#organization","name":"Pool-House","url":"https:\/\/pool-house.shop\/de\/","logo":{"@type":"ImageObject","inLanguage":"de","@id":"https:\/\/pool-house.shop\/de\/#\/schema\/logo\/image\/","url":"https:\/\/pool-house.shop\/wp-content\/uploads\/2025\/10\/logo-2-stvorec-mobil-modre.png","contentUrl":"https:\/\/pool-house.shop\/wp-content\/uploads\/2025\/10\/logo-2-stvorec-mobil-modre.png","width":273,"height":189,"caption":"Pool-House"},"image":{"@id":"https:\/\/pool-house.shop\/de\/#\/schema\/logo\/image\/"},"sameAs":["https:\/\/www.facebook.com\/termodomsk\/"]}]}},"_links":{"self":[{"href":"https:\/\/pool-house.shop\/de\/wp-json\/wp\/v2\/product\/6204","targetHints":{"allow":["GET"]}}],"collection":[{"href":"https:\/\/pool-house.shop\/de\/wp-json\/wp\/v2\/product"}],"about":[{"href":"https:\/\/pool-house.shop\/de\/wp-json\/wp\/v2\/types\/product"}],"wp:featuredmedia":[{"embeddable":true,"href":"https:\/\/pool-house.shop\/de\/wp-json\/wp\/v2\/media\/877"}],"wp:attachment":[{"href":"https:\/\/pool-house.shop\/de\/wp-json\/wp\/v2\/media?parent=6204"}],"wp:term":[{"taxonomy":"product_brand","embeddable":true,"href":"https:\/\/pool-house.shop\/de\/wp-json\/wp\/v2\/product_brand?post=6204"},{"taxonomy":"product_cat","embeddable":true,"href":"https:\/\/pool-house.shop\/de\/wp-json\/wp\/v2\/product_cat?post=6204"},{"taxonomy":"product_tag","embeddable":true,"href":"https:\/\/pool-house.shop\/de\/wp-json\/wp\/v2\/product_tag?post=6204"}],"curies":[{"name":"wp","href":"https:\/\/api.w.org\/{rel}","templated":true}]}}