{"id":6224,"date":"2025-03-03T15:16:32","date_gmt":"2025-03-03T14:16:32","guid":{"rendered":"https:\/\/pool-house.shop\/product\/edelstahlrost-011310-fuer-aquamax-bodenablauf\/"},"modified":"2025-03-03T15:16:32","modified_gmt":"2025-03-03T14:16:32","slug":"edelstahlrost-011310-fuer-aquamax-bodenablauf","status":"publish","type":"product","link":"https:\/\/pool-house.shop\/de\/product\/edelstahlrost-011310-fuer-aquamax-bodenablauf\/","title":{"rendered":"Edelstahlrost 011310 f\u00fcr Aquamax Bodenablauf"},"content":{"rendered":"<p>Edelstahlrost f\u00fcr Bodenablauf<\/p>\n<p> Zubeh\u00f6r f\u00fcr Aquamax Bodenablauf. Der Rost ist rund geformt und aus Edelstahl gefertigt.<\/p>\n<p> Bodenabl\u00e4ufe<br \/>\n Eine Kunststoff- oder Edelstahlamatur, die am Boden des Pools installiert wird. Ihre Hauptfunktion ist das Ablassen des Poolwassers. W\u00e4hrend der Filtration und Zirkulation kann sie auch zum Absaugen verwendet werden.<x id=\"gid_5\"><\/x> <x id=\"gid_6\"><\/x> Edelstahl <x id=\"gid_7\"><\/x> Edelstahl (auch als Inox-Stahl bekannt) ist eine Stahllegierung mit h\u00f6herem Chromgehalt, die widerstandsf\u00e4higer gegen Korrosion und Verf\u00e4rbung ist. Trotz seines Namens ist er jedoch anf\u00e4llig f\u00fcr Rost, insbesondere unter Bedingungen mit geringem Sauerstoffgehalt, hohem Salzgehalt oder in unbel\u00fcfteten R\u00e4umen. Chromoxid bildet eine passive Schicht, die Rost verhindert oder verlangsamt und dessen Eindringen in die inneren Stahlschichten verhindert.    <\/p>\n","protected":false},"excerpt":{"rendered":"<p>Edelstahlrost f\u00fcr Bodenablauf Zubeh\u00f6r f\u00fcr Aquamax Bodenablauf. Der Rost ist rund geformt und aus Edelstahl gefertigt. Bodenabl\u00e4ufe Eine Kunststoff- oder Edelstahlamatur, die am Boden des Pools installiert wird. Ihre Hauptfunktion ist das Ablassen des Poolwassers. W\u00e4hrend der Filtration und Zirkulation kann sie auch zum Absaugen verwendet werden. Edelstahl Edelstahl (auch als Inox-Stahl bekannt) ist eine &hellip;<\/p>\n<p class=\"read-more\"> <a class=\" thunk-readmore button \" href=\"https:\/\/pool-house.shop\/de\/product\/edelstahlrost-011310-fuer-aquamax-bodenablauf\/\"> <span class=\"screen-reader-text\">Edelstahlrost 011310 f\u00fcr Aquamax Bodenablauf<\/span>Weiterlesen<\/a><\/p>\n","protected":false},"featured_media":855,"template":"","meta":[],"product_brand":[],"product_cat":[238],"product_tag":[],"class_list":{"0":"post-6224","1":"product","2":"type-product","3":"status-publish","4":"has-post-thumbnail","6":"product_cat-bodenablaufe","7":"thunk-woo-product-list","8":"open-woo-hover-none","9":"open-single-product-tab-horizontal","10":"open-shadow-","11":"open-shadow-hover-","13":"first","14":"instock","15":"taxable","16":"shipping-taxable","17":"purchasable","18":"product-type-simple"},"yoast_head":"<!-- This site is optimized with the Yoast SEO plugin v26.9 - https:\/\/yoast.com\/product\/yoast-seo-wordpress\/ -->\n<title>Edelstahlrost 011310 f\u00fcr Aquamax Bodenablauf - Pool-House<\/title>\n<meta name=\"robots\" content=\"index, follow, max-snippet:-1, max-image-preview:large, max-video-preview:-1\" \/>\n<link rel=\"canonical\" href=\"https:\/\/pool-house.shop\/de\/product\/edelstahlrost-011310-fuer-aquamax-bodenablauf\/\" \/>\n<meta property=\"og:locale\" content=\"de_DE\" \/>\n<meta property=\"og:type\" content=\"article\" \/>\n<meta property=\"og:title\" content=\"Edelstahlrost 011310 f\u00fcr Aquamax Bodenablauf - Pool-House\" \/>\n<meta property=\"og:description\" content=\"Edelstahlrost f\u00fcr Bodenablauf Zubeh\u00f6r f\u00fcr Aquamax Bodenablauf. Der Rost ist rund geformt und aus Edelstahl gefertigt. Bodenabl\u00e4ufe Eine Kunststoff- oder Edelstahlamatur, die am Boden des Pools installiert wird. Ihre Hauptfunktion ist das Ablassen des Poolwassers. W\u00e4hrend der Filtration und Zirkulation kann sie auch zum Absaugen verwendet werden. Edelstahl Edelstahl (auch als Inox-Stahl bekannt) ist eine &hellip; Edelstahlrost 011310 f\u00fcr Aquamax BodenablaufWeiterlesen\" \/>\n<meta property=\"og:url\" content=\"https:\/\/pool-house.shop\/de\/product\/edelstahlrost-011310-fuer-aquamax-bodenablauf\/\" \/>\n<meta property=\"og:site_name\" content=\"Pool-House\" \/>\n<meta property=\"article:publisher\" content=\"https:\/\/www.facebook.com\/termodomsk\/\" \/>\n<meta property=\"og:image\" content=\"https:\/\/pool-house.shop\/wp-content\/uploads\/termekkepek\/01\/011312.png\" \/>\n\t<meta property=\"og:image:width\" content=\"1596\" \/>\n\t<meta property=\"og:image:height\" content=\"1338\" \/>\n\t<meta property=\"og:image:type\" content=\"image\/png\" \/>\n<meta name=\"twitter:card\" content=\"summary_large_image\" \/>\n<meta name=\"twitter:label1\" content=\"Gesch\u00e4tzte Lesezeit\" \/>\n\t<meta name=\"twitter:data1\" content=\"1\u00a0Minute\" \/>\n<script type=\"application\/ld+json\" class=\"yoast-schema-graph\">{\"@context\":\"https:\/\/schema.org\",\"@graph\":[{\"@type\":\"WebPage\",\"@id\":\"https:\/\/pool-house.shop\/de\/product\/edelstahlrost-011310-fuer-aquamax-bodenablauf\/\",\"url\":\"https:\/\/pool-house.shop\/de\/product\/edelstahlrost-011310-fuer-aquamax-bodenablauf\/\",\"name\":\"Edelstahlrost 011310 f\u00fcr Aquamax Bodenablauf - Pool-House\",\"isPartOf\":{\"@id\":\"https:\/\/pool-house.shop\/de\/#website\"},\"primaryImageOfPage\":{\"@id\":\"https:\/\/pool-house.shop\/de\/product\/edelstahlrost-011310-fuer-aquamax-bodenablauf\/#primaryimage\"},\"image\":{\"@id\":\"https:\/\/pool-house.shop\/de\/product\/edelstahlrost-011310-fuer-aquamax-bodenablauf\/#primaryimage\"},\"thumbnailUrl\":\"https:\/\/pool-house.shop\/wp-content\/uploads\/termekkepek\/01\/011312.png\",\"datePublished\":\"2025-03-03T14:16:32+00:00\",\"breadcrumb\":{\"@id\":\"https:\/\/pool-house.shop\/de\/product\/edelstahlrost-011310-fuer-aquamax-bodenablauf\/#breadcrumb\"},\"inLanguage\":\"de\",\"potentialAction\":[{\"@type\":\"ReadAction\",\"target\":[\"https:\/\/pool-house.shop\/de\/product\/edelstahlrost-011310-fuer-aquamax-bodenablauf\/\"]}]},{\"@type\":\"ImageObject\",\"inLanguage\":\"de\",\"@id\":\"https:\/\/pool-house.shop\/de\/product\/edelstahlrost-011310-fuer-aquamax-bodenablauf\/#primaryimage\",\"url\":\"https:\/\/pool-house.shop\/wp-content\/uploads\/termekkepek\/01\/011312.png\",\"contentUrl\":\"https:\/\/pool-house.shop\/wp-content\/uploads\/termekkepek\/01\/011312.png\",\"width\":1596,\"height\":1338},{\"@type\":\"BreadcrumbList\",\"@id\":\"https:\/\/pool-house.shop\/de\/product\/edelstahlrost-011310-fuer-aquamax-bodenablauf\/#breadcrumb\",\"itemListElement\":[{\"@type\":\"ListItem\",\"position\":1,\"name\":\"Domovsk\u00e1 str\u00e1nka\",\"item\":\"https:\/\/pool-house.shop\/de\/\"},{\"@type\":\"ListItem\",\"position\":2,\"name\":\"Shop\",\"item\":\"https:\/\/pool-house.shop\/de\/shop\/\"},{\"@type\":\"ListItem\",\"position\":3,\"name\":\"Edelstahlrost 011310 f\u00fcr Aquamax Bodenablauf\"}]},{\"@type\":\"WebSite\",\"@id\":\"https:\/\/pool-house.shop\/de\/#website\",\"url\":\"https:\/\/pool-house.shop\/de\/\",\"name\":\"Pool-House\",\"description\":\"\",\"publisher\":{\"@id\":\"https:\/\/pool-house.shop\/de\/#organization\"},\"potentialAction\":[{\"@type\":\"SearchAction\",\"target\":{\"@type\":\"EntryPoint\",\"urlTemplate\":\"https:\/\/pool-house.shop\/de\/?s={search_term_string}\"},\"query-input\":{\"@type\":\"PropertyValueSpecification\",\"valueRequired\":true,\"valueName\":\"search_term_string\"}}],\"inLanguage\":\"de\"},{\"@type\":\"Organization\",\"@id\":\"https:\/\/pool-house.shop\/de\/#organization\",\"name\":\"Pool-House\",\"url\":\"https:\/\/pool-house.shop\/de\/\",\"logo\":{\"@type\":\"ImageObject\",\"inLanguage\":\"de\",\"@id\":\"https:\/\/pool-house.shop\/de\/#\/schema\/logo\/image\/\",\"url\":\"https:\/\/pool-house.shop\/wp-content\/uploads\/2025\/10\/logo-2-stvorec-mobil-modre.png\",\"contentUrl\":\"https:\/\/pool-house.shop\/wp-content\/uploads\/2025\/10\/logo-2-stvorec-mobil-modre.png\",\"width\":273,\"height\":189,\"caption\":\"Pool-House\"},\"image\":{\"@id\":\"https:\/\/pool-house.shop\/de\/#\/schema\/logo\/image\/\"},\"sameAs\":[\"https:\/\/www.facebook.com\/termodomsk\/\"]}]}<\/script>\n<!-- \/ Yoast SEO plugin. -->","yoast_head_json":{"title":"Edelstahlrost 011310 f\u00fcr Aquamax Bodenablauf - Pool-House","robots":{"index":"index","follow":"follow","max-snippet":"max-snippet:-1","max-image-preview":"max-image-preview:large","max-video-preview":"max-video-preview:-1"},"canonical":"https:\/\/pool-house.shop\/de\/product\/edelstahlrost-011310-fuer-aquamax-bodenablauf\/","og_locale":"de_DE","og_type":"article","og_title":"Edelstahlrost 011310 f\u00fcr Aquamax Bodenablauf - Pool-House","og_description":"Edelstahlrost f\u00fcr Bodenablauf Zubeh\u00f6r f\u00fcr Aquamax Bodenablauf. Der Rost ist rund geformt und aus Edelstahl gefertigt. Bodenabl\u00e4ufe Eine Kunststoff- oder Edelstahlamatur, die am Boden des Pools installiert wird. Ihre Hauptfunktion ist das Ablassen des Poolwassers. W\u00e4hrend der Filtration und Zirkulation kann sie auch zum Absaugen verwendet werden. Edelstahl Edelstahl (auch als Inox-Stahl bekannt) ist eine &hellip; Edelstahlrost 011310 f\u00fcr Aquamax BodenablaufWeiterlesen","og_url":"https:\/\/pool-house.shop\/de\/product\/edelstahlrost-011310-fuer-aquamax-bodenablauf\/","og_site_name":"Pool-House","article_publisher":"https:\/\/www.facebook.com\/termodomsk\/","og_image":[{"width":1596,"height":1338,"url":"https:\/\/pool-house.shop\/wp-content\/uploads\/termekkepek\/01\/011312.png","type":"image\/png"}],"twitter_card":"summary_large_image","twitter_misc":{"Gesch\u00e4tzte Lesezeit":"1\u00a0Minute"},"schema":{"@context":"https:\/\/schema.org","@graph":[{"@type":"WebPage","@id":"https:\/\/pool-house.shop\/de\/product\/edelstahlrost-011310-fuer-aquamax-bodenablauf\/","url":"https:\/\/pool-house.shop\/de\/product\/edelstahlrost-011310-fuer-aquamax-bodenablauf\/","name":"Edelstahlrost 011310 f\u00fcr Aquamax Bodenablauf - Pool-House","isPartOf":{"@id":"https:\/\/pool-house.shop\/de\/#website"},"primaryImageOfPage":{"@id":"https:\/\/pool-house.shop\/de\/product\/edelstahlrost-011310-fuer-aquamax-bodenablauf\/#primaryimage"},"image":{"@id":"https:\/\/pool-house.shop\/de\/product\/edelstahlrost-011310-fuer-aquamax-bodenablauf\/#primaryimage"},"thumbnailUrl":"https:\/\/pool-house.shop\/wp-content\/uploads\/termekkepek\/01\/011312.png","datePublished":"2025-03-03T14:16:32+00:00","breadcrumb":{"@id":"https:\/\/pool-house.shop\/de\/product\/edelstahlrost-011310-fuer-aquamax-bodenablauf\/#breadcrumb"},"inLanguage":"de","potentialAction":[{"@type":"ReadAction","target":["https:\/\/pool-house.shop\/de\/product\/edelstahlrost-011310-fuer-aquamax-bodenablauf\/"]}]},{"@type":"ImageObject","inLanguage":"de","@id":"https:\/\/pool-house.shop\/de\/product\/edelstahlrost-011310-fuer-aquamax-bodenablauf\/#primaryimage","url":"https:\/\/pool-house.shop\/wp-content\/uploads\/termekkepek\/01\/011312.png","contentUrl":"https:\/\/pool-house.shop\/wp-content\/uploads\/termekkepek\/01\/011312.png","width":1596,"height":1338},{"@type":"BreadcrumbList","@id":"https:\/\/pool-house.shop\/de\/product\/edelstahlrost-011310-fuer-aquamax-bodenablauf\/#breadcrumb","itemListElement":[{"@type":"ListItem","position":1,"name":"Domovsk\u00e1 str\u00e1nka","item":"https:\/\/pool-house.shop\/de\/"},{"@type":"ListItem","position":2,"name":"Shop","item":"https:\/\/pool-house.shop\/de\/shop\/"},{"@type":"ListItem","position":3,"name":"Edelstahlrost 011310 f\u00fcr Aquamax Bodenablauf"}]},{"@type":"WebSite","@id":"https:\/\/pool-house.shop\/de\/#website","url":"https:\/\/pool-house.shop\/de\/","name":"Pool-House","description":"","publisher":{"@id":"https:\/\/pool-house.shop\/de\/#organization"},"potentialAction":[{"@type":"SearchAction","target":{"@type":"EntryPoint","urlTemplate":"https:\/\/pool-house.shop\/de\/?s={search_term_string}"},"query-input":{"@type":"PropertyValueSpecification","valueRequired":true,"valueName":"search_term_string"}}],"inLanguage":"de"},{"@type":"Organization","@id":"https:\/\/pool-house.shop\/de\/#organization","name":"Pool-House","url":"https:\/\/pool-house.shop\/de\/","logo":{"@type":"ImageObject","inLanguage":"de","@id":"https:\/\/pool-house.shop\/de\/#\/schema\/logo\/image\/","url":"https:\/\/pool-house.shop\/wp-content\/uploads\/2025\/10\/logo-2-stvorec-mobil-modre.png","contentUrl":"https:\/\/pool-house.shop\/wp-content\/uploads\/2025\/10\/logo-2-stvorec-mobil-modre.png","width":273,"height":189,"caption":"Pool-House"},"image":{"@id":"https:\/\/pool-house.shop\/de\/#\/schema\/logo\/image\/"},"sameAs":["https:\/\/www.facebook.com\/termodomsk\/"]}]}},"_links":{"self":[{"href":"https:\/\/pool-house.shop\/de\/wp-json\/wp\/v2\/product\/6224","targetHints":{"allow":["GET"]}}],"collection":[{"href":"https:\/\/pool-house.shop\/de\/wp-json\/wp\/v2\/product"}],"about":[{"href":"https:\/\/pool-house.shop\/de\/wp-json\/wp\/v2\/types\/product"}],"wp:featuredmedia":[{"embeddable":true,"href":"https:\/\/pool-house.shop\/de\/wp-json\/wp\/v2\/media\/855"}],"wp:attachment":[{"href":"https:\/\/pool-house.shop\/de\/wp-json\/wp\/v2\/media?parent=6224"}],"wp:term":[{"taxonomy":"product_brand","embeddable":true,"href":"https:\/\/pool-house.shop\/de\/wp-json\/wp\/v2\/product_brand?post=6224"},{"taxonomy":"product_cat","embeddable":true,"href":"https:\/\/pool-house.shop\/de\/wp-json\/wp\/v2\/product_cat?post=6224"},{"taxonomy":"product_tag","embeddable":true,"href":"https:\/\/pool-house.shop\/de\/wp-json\/wp\/v2\/product_tag?post=6224"}],"curies":[{"name":"wp","href":"https:\/\/api.w.org\/{rel}","templated":true}]}}