{"id":6228,"date":"2025-03-03T15:16:32","date_gmt":"2025-03-03T14:16:32","guid":{"rendered":"https:\/\/pool-house.shop\/product\/bodenablauf-aquamax-315-x-315-mm-fuer-betonbecken\/"},"modified":"2025-03-03T15:16:32","modified_gmt":"2025-03-03T14:16:32","slug":"bodenablauf-aquamax-315-x-315-mm-fuer-betonbecken","status":"publish","type":"product","link":"https:\/\/pool-house.shop\/de\/product\/bodenablauf-aquamax-315-x-315-mm-fuer-betonbecken\/","title":{"rendered":"Bodenablauf Aquamax 315 x 315 mm f\u00fcr Betonbecken"},"content":{"rendered":"<p>Bodenablauf Aquamax<\/p>\n<p> Hochwertiger quadratischer Bodenablauf f\u00fcr Betonbecken, hergestellt aus ABS-Kunststoff. Dieses Element wird am Beckenboden installiert und dient zum Ablassen des Poolwassers.<br \/>\n Bodenablauf f\u00fcr Betonbecken, Abmessung 315 x 315 mm, Anschluss: D63\/75. Das Schutzgitter ist mit Edelstahlschrauben befestigt. Er verf\u00fcgt \u00fcber eine \u00d6ffnung mit geeignetem Durchmesser zum Anschluss eines hydrostatischen Ventils.<\/p>\n<p> Bodenabl\u00e4ufe<br \/>\n Kunststoff- oder Edelstahlarmatur, die am Beckenboden installiert wird. Ihre Hauptfunktion ist das Ablassen des Poolwassers. W\u00e4hrend der Filtration und Zirkulation kann sie auch zum Absaugen verwendet werden.<\/p>\n<p> ABS-Kunststoff<br \/>\n ABS (Acrylnitril-Butadien-Styrol) ist ein Thermoplast mit guter Schlagfestigkeit, hoher H\u00e4rte und Festigkeit, guter thermischer und chemischer Best\u00e4ndigkeit sowie guter Ger\u00e4usch- und Vibrationsd\u00e4mpfung. Seine Einzigartigkeit liegt in der Kombination verschiedener Materialien. Acrylnitril erh\u00f6ht die thermische und chemische Best\u00e4ndigkeit, Butadien erh\u00f6ht die Haltbarkeit und Festigkeit, und Styrol verbessert die Verarbeitbarkeit, senkt die Kosten und sorgt f\u00fcr eine gl\u00e4nzende Oberfl\u00e4che.      <\/p>\n","protected":false},"excerpt":{"rendered":"<p>Bodenablauf Aquamax Hochwertiger quadratischer Bodenablauf f\u00fcr Betonbecken, hergestellt aus ABS-Kunststoff. Dieses Element wird am Beckenboden installiert und dient zum Ablassen des Poolwassers. Bodenablauf f\u00fcr Betonbecken, Abmessung 315 x 315 mm, Anschluss: D63\/75. Das Schutzgitter ist mit Edelstahlschrauben befestigt. Er verf\u00fcgt \u00fcber eine \u00d6ffnung mit geeignetem Durchmesser zum Anschluss eines hydrostatischen Ventils. Bodenabl\u00e4ufe Kunststoff- oder Edelstahlarmatur, &hellip;<\/p>\n<p class=\"read-more\"> <a class=\" thunk-readmore button \" href=\"https:\/\/pool-house.shop\/de\/product\/bodenablauf-aquamax-315-x-315-mm-fuer-betonbecken\/\"> <span class=\"screen-reader-text\">Bodenablauf Aquamax 315 x 315 mm f\u00fcr Betonbecken<\/span>Weiterlesen<\/a><\/p>\n","protected":false},"featured_media":854,"template":"","meta":[],"product_brand":[],"product_cat":[238],"product_tag":[],"class_list":{"0":"post-6228","1":"product","2":"type-product","3":"status-publish","4":"has-post-thumbnail","6":"product_cat-bodenablaufe","7":"thunk-woo-product-list","8":"open-woo-hover-none","9":"open-single-product-tab-horizontal","10":"open-shadow-","11":"open-shadow-hover-","13":"first","14":"instock","15":"taxable","16":"shipping-taxable","17":"purchasable","18":"product-type-simple"},"yoast_head":"<!-- This site is optimized with the Yoast SEO plugin v26.9 - https:\/\/yoast.com\/product\/yoast-seo-wordpress\/ -->\n<title>Bodenablauf Aquamax 315 x 315 mm f\u00fcr Betonbecken - Pool-House<\/title>\n<meta name=\"robots\" content=\"index, follow, max-snippet:-1, max-image-preview:large, max-video-preview:-1\" \/>\n<link rel=\"canonical\" href=\"https:\/\/pool-house.shop\/de\/product\/bodenablauf-aquamax-315-x-315-mm-fuer-betonbecken\/\" \/>\n<meta property=\"og:locale\" content=\"de_DE\" \/>\n<meta property=\"og:type\" content=\"article\" \/>\n<meta property=\"og:title\" content=\"Bodenablauf Aquamax 315 x 315 mm f\u00fcr Betonbecken - Pool-House\" \/>\n<meta property=\"og:description\" content=\"Bodenablauf Aquamax Hochwertiger quadratischer Bodenablauf f\u00fcr Betonbecken, hergestellt aus ABS-Kunststoff. Dieses Element wird am Beckenboden installiert und dient zum Ablassen des Poolwassers. Bodenablauf f\u00fcr Betonbecken, Abmessung 315 x 315 mm, Anschluss: D63\/75. Das Schutzgitter ist mit Edelstahlschrauben befestigt. Er verf\u00fcgt \u00fcber eine \u00d6ffnung mit geeignetem Durchmesser zum Anschluss eines hydrostatischen Ventils. Bodenabl\u00e4ufe Kunststoff- oder Edelstahlarmatur, &hellip; Bodenablauf Aquamax 315 x 315 mm f\u00fcr BetonbeckenWeiterlesen\" \/>\n<meta property=\"og:url\" content=\"https:\/\/pool-house.shop\/de\/product\/bodenablauf-aquamax-315-x-315-mm-fuer-betonbecken\/\" \/>\n<meta property=\"og:site_name\" content=\"Pool-House\" \/>\n<meta property=\"article:publisher\" content=\"https:\/\/www.facebook.com\/termodomsk\/\" \/>\n<meta property=\"og:image\" content=\"https:\/\/pool-house.shop\/wp-content\/uploads\/termekkepek\/01\/011311.png\" \/>\n\t<meta property=\"og:image:width\" content=\"1600\" \/>\n\t<meta property=\"og:image:height\" content=\"1600\" \/>\n\t<meta property=\"og:image:type\" content=\"image\/png\" \/>\n<meta name=\"twitter:card\" content=\"summary_large_image\" \/>\n<meta name=\"twitter:label1\" content=\"Gesch\u00e4tzte Lesezeit\" \/>\n\t<meta name=\"twitter:data1\" content=\"1\u00a0Minute\" \/>\n<script type=\"application\/ld+json\" class=\"yoast-schema-graph\">{\"@context\":\"https:\/\/schema.org\",\"@graph\":[{\"@type\":\"WebPage\",\"@id\":\"https:\/\/pool-house.shop\/de\/product\/bodenablauf-aquamax-315-x-315-mm-fuer-betonbecken\/\",\"url\":\"https:\/\/pool-house.shop\/de\/product\/bodenablauf-aquamax-315-x-315-mm-fuer-betonbecken\/\",\"name\":\"Bodenablauf Aquamax 315 x 315 mm f\u00fcr Betonbecken - Pool-House\",\"isPartOf\":{\"@id\":\"https:\/\/pool-house.shop\/de\/#website\"},\"primaryImageOfPage\":{\"@id\":\"https:\/\/pool-house.shop\/de\/product\/bodenablauf-aquamax-315-x-315-mm-fuer-betonbecken\/#primaryimage\"},\"image\":{\"@id\":\"https:\/\/pool-house.shop\/de\/product\/bodenablauf-aquamax-315-x-315-mm-fuer-betonbecken\/#primaryimage\"},\"thumbnailUrl\":\"https:\/\/pool-house.shop\/wp-content\/uploads\/termekkepek\/01\/011311.png\",\"datePublished\":\"2025-03-03T14:16:32+00:00\",\"breadcrumb\":{\"@id\":\"https:\/\/pool-house.shop\/de\/product\/bodenablauf-aquamax-315-x-315-mm-fuer-betonbecken\/#breadcrumb\"},\"inLanguage\":\"de\",\"potentialAction\":[{\"@type\":\"ReadAction\",\"target\":[\"https:\/\/pool-house.shop\/de\/product\/bodenablauf-aquamax-315-x-315-mm-fuer-betonbecken\/\"]}]},{\"@type\":\"ImageObject\",\"inLanguage\":\"de\",\"@id\":\"https:\/\/pool-house.shop\/de\/product\/bodenablauf-aquamax-315-x-315-mm-fuer-betonbecken\/#primaryimage\",\"url\":\"https:\/\/pool-house.shop\/wp-content\/uploads\/termekkepek\/01\/011311.png\",\"contentUrl\":\"https:\/\/pool-house.shop\/wp-content\/uploads\/termekkepek\/01\/011311.png\",\"width\":1600,\"height\":1600},{\"@type\":\"BreadcrumbList\",\"@id\":\"https:\/\/pool-house.shop\/de\/product\/bodenablauf-aquamax-315-x-315-mm-fuer-betonbecken\/#breadcrumb\",\"itemListElement\":[{\"@type\":\"ListItem\",\"position\":1,\"name\":\"Domovsk\u00e1 str\u00e1nka\",\"item\":\"https:\/\/pool-house.shop\/de\/\"},{\"@type\":\"ListItem\",\"position\":2,\"name\":\"Shop\",\"item\":\"https:\/\/pool-house.shop\/de\/shop\/\"},{\"@type\":\"ListItem\",\"position\":3,\"name\":\"Bodenablauf Aquamax 315 x 315 mm f\u00fcr Betonbecken\"}]},{\"@type\":\"WebSite\",\"@id\":\"https:\/\/pool-house.shop\/de\/#website\",\"url\":\"https:\/\/pool-house.shop\/de\/\",\"name\":\"Pool-House\",\"description\":\"\",\"publisher\":{\"@id\":\"https:\/\/pool-house.shop\/de\/#organization\"},\"potentialAction\":[{\"@type\":\"SearchAction\",\"target\":{\"@type\":\"EntryPoint\",\"urlTemplate\":\"https:\/\/pool-house.shop\/de\/?s={search_term_string}\"},\"query-input\":{\"@type\":\"PropertyValueSpecification\",\"valueRequired\":true,\"valueName\":\"search_term_string\"}}],\"inLanguage\":\"de\"},{\"@type\":\"Organization\",\"@id\":\"https:\/\/pool-house.shop\/de\/#organization\",\"name\":\"Pool-House\",\"url\":\"https:\/\/pool-house.shop\/de\/\",\"logo\":{\"@type\":\"ImageObject\",\"inLanguage\":\"de\",\"@id\":\"https:\/\/pool-house.shop\/de\/#\/schema\/logo\/image\/\",\"url\":\"https:\/\/pool-house.shop\/wp-content\/uploads\/2025\/10\/logo-2-stvorec-mobil-modre.png\",\"contentUrl\":\"https:\/\/pool-house.shop\/wp-content\/uploads\/2025\/10\/logo-2-stvorec-mobil-modre.png\",\"width\":273,\"height\":189,\"caption\":\"Pool-House\"},\"image\":{\"@id\":\"https:\/\/pool-house.shop\/de\/#\/schema\/logo\/image\/\"},\"sameAs\":[\"https:\/\/www.facebook.com\/termodomsk\/\"]}]}<\/script>\n<!-- \/ Yoast SEO plugin. -->","yoast_head_json":{"title":"Bodenablauf Aquamax 315 x 315 mm f\u00fcr Betonbecken - Pool-House","robots":{"index":"index","follow":"follow","max-snippet":"max-snippet:-1","max-image-preview":"max-image-preview:large","max-video-preview":"max-video-preview:-1"},"canonical":"https:\/\/pool-house.shop\/de\/product\/bodenablauf-aquamax-315-x-315-mm-fuer-betonbecken\/","og_locale":"de_DE","og_type":"article","og_title":"Bodenablauf Aquamax 315 x 315 mm f\u00fcr Betonbecken - Pool-House","og_description":"Bodenablauf Aquamax Hochwertiger quadratischer Bodenablauf f\u00fcr Betonbecken, hergestellt aus ABS-Kunststoff. Dieses Element wird am Beckenboden installiert und dient zum Ablassen des Poolwassers. Bodenablauf f\u00fcr Betonbecken, Abmessung 315 x 315 mm, Anschluss: D63\/75. Das Schutzgitter ist mit Edelstahlschrauben befestigt. Er verf\u00fcgt \u00fcber eine \u00d6ffnung mit geeignetem Durchmesser zum Anschluss eines hydrostatischen Ventils. Bodenabl\u00e4ufe Kunststoff- oder Edelstahlarmatur, &hellip; Bodenablauf Aquamax 315 x 315 mm f\u00fcr BetonbeckenWeiterlesen","og_url":"https:\/\/pool-house.shop\/de\/product\/bodenablauf-aquamax-315-x-315-mm-fuer-betonbecken\/","og_site_name":"Pool-House","article_publisher":"https:\/\/www.facebook.com\/termodomsk\/","og_image":[{"width":1600,"height":1600,"url":"https:\/\/pool-house.shop\/wp-content\/uploads\/termekkepek\/01\/011311.png","type":"image\/png"}],"twitter_card":"summary_large_image","twitter_misc":{"Gesch\u00e4tzte Lesezeit":"1\u00a0Minute"},"schema":{"@context":"https:\/\/schema.org","@graph":[{"@type":"WebPage","@id":"https:\/\/pool-house.shop\/de\/product\/bodenablauf-aquamax-315-x-315-mm-fuer-betonbecken\/","url":"https:\/\/pool-house.shop\/de\/product\/bodenablauf-aquamax-315-x-315-mm-fuer-betonbecken\/","name":"Bodenablauf Aquamax 315 x 315 mm f\u00fcr Betonbecken - Pool-House","isPartOf":{"@id":"https:\/\/pool-house.shop\/de\/#website"},"primaryImageOfPage":{"@id":"https:\/\/pool-house.shop\/de\/product\/bodenablauf-aquamax-315-x-315-mm-fuer-betonbecken\/#primaryimage"},"image":{"@id":"https:\/\/pool-house.shop\/de\/product\/bodenablauf-aquamax-315-x-315-mm-fuer-betonbecken\/#primaryimage"},"thumbnailUrl":"https:\/\/pool-house.shop\/wp-content\/uploads\/termekkepek\/01\/011311.png","datePublished":"2025-03-03T14:16:32+00:00","breadcrumb":{"@id":"https:\/\/pool-house.shop\/de\/product\/bodenablauf-aquamax-315-x-315-mm-fuer-betonbecken\/#breadcrumb"},"inLanguage":"de","potentialAction":[{"@type":"ReadAction","target":["https:\/\/pool-house.shop\/de\/product\/bodenablauf-aquamax-315-x-315-mm-fuer-betonbecken\/"]}]},{"@type":"ImageObject","inLanguage":"de","@id":"https:\/\/pool-house.shop\/de\/product\/bodenablauf-aquamax-315-x-315-mm-fuer-betonbecken\/#primaryimage","url":"https:\/\/pool-house.shop\/wp-content\/uploads\/termekkepek\/01\/011311.png","contentUrl":"https:\/\/pool-house.shop\/wp-content\/uploads\/termekkepek\/01\/011311.png","width":1600,"height":1600},{"@type":"BreadcrumbList","@id":"https:\/\/pool-house.shop\/de\/product\/bodenablauf-aquamax-315-x-315-mm-fuer-betonbecken\/#breadcrumb","itemListElement":[{"@type":"ListItem","position":1,"name":"Domovsk\u00e1 str\u00e1nka","item":"https:\/\/pool-house.shop\/de\/"},{"@type":"ListItem","position":2,"name":"Shop","item":"https:\/\/pool-house.shop\/de\/shop\/"},{"@type":"ListItem","position":3,"name":"Bodenablauf Aquamax 315 x 315 mm f\u00fcr Betonbecken"}]},{"@type":"WebSite","@id":"https:\/\/pool-house.shop\/de\/#website","url":"https:\/\/pool-house.shop\/de\/","name":"Pool-House","description":"","publisher":{"@id":"https:\/\/pool-house.shop\/de\/#organization"},"potentialAction":[{"@type":"SearchAction","target":{"@type":"EntryPoint","urlTemplate":"https:\/\/pool-house.shop\/de\/?s={search_term_string}"},"query-input":{"@type":"PropertyValueSpecification","valueRequired":true,"valueName":"search_term_string"}}],"inLanguage":"de"},{"@type":"Organization","@id":"https:\/\/pool-house.shop\/de\/#organization","name":"Pool-House","url":"https:\/\/pool-house.shop\/de\/","logo":{"@type":"ImageObject","inLanguage":"de","@id":"https:\/\/pool-house.shop\/de\/#\/schema\/logo\/image\/","url":"https:\/\/pool-house.shop\/wp-content\/uploads\/2025\/10\/logo-2-stvorec-mobil-modre.png","contentUrl":"https:\/\/pool-house.shop\/wp-content\/uploads\/2025\/10\/logo-2-stvorec-mobil-modre.png","width":273,"height":189,"caption":"Pool-House"},"image":{"@id":"https:\/\/pool-house.shop\/de\/#\/schema\/logo\/image\/"},"sameAs":["https:\/\/www.facebook.com\/termodomsk\/"]}]}},"_links":{"self":[{"href":"https:\/\/pool-house.shop\/de\/wp-json\/wp\/v2\/product\/6228","targetHints":{"allow":["GET"]}}],"collection":[{"href":"https:\/\/pool-house.shop\/de\/wp-json\/wp\/v2\/product"}],"about":[{"href":"https:\/\/pool-house.shop\/de\/wp-json\/wp\/v2\/types\/product"}],"wp:featuredmedia":[{"embeddable":true,"href":"https:\/\/pool-house.shop\/de\/wp-json\/wp\/v2\/media\/854"}],"wp:attachment":[{"href":"https:\/\/pool-house.shop\/de\/wp-json\/wp\/v2\/media?parent=6228"}],"wp:term":[{"taxonomy":"product_brand","embeddable":true,"href":"https:\/\/pool-house.shop\/de\/wp-json\/wp\/v2\/product_brand?post=6228"},{"taxonomy":"product_cat","embeddable":true,"href":"https:\/\/pool-house.shop\/de\/wp-json\/wp\/v2\/product_cat?post=6228"},{"taxonomy":"product_tag","embeddable":true,"href":"https:\/\/pool-house.shop\/de\/wp-json\/wp\/v2\/product_tag?post=6228"}],"curies":[{"name":"wp","href":"https:\/\/api.w.org\/{rel}","templated":true}]}}