{"id":6241,"date":"2025-03-03T15:16:31","date_gmt":"2025-03-03T14:16:31","guid":{"rendered":"https:\/\/pool-house.shop\/product\/skimmer-wide-xxl-fuer-folienbecken-sandfarben\/"},"modified":"2026-03-08T17:15:28","modified_gmt":"2026-03-08T16:15:28","slug":"skimmer-wide-xxl-fuer-folienbecken-sandfarben","status":"publish","type":"product","link":"https:\/\/pool-house.shop\/de\/product\/skimmer-wide-xxl-fuer-folienbecken-sandfarben\/","title":{"rendered":"Skimmer WIDE XXL f\u00fcr Folienbecken, grau"},"content":{"rendered":"<p>Skimmer WIDE XXL<\/p>\n<p>Ein sandfarbener Skimmer mit breiter \u00d6ffnung, der eine hohe Wasserlinie f\u00fcr Folienbecken gew\u00e4hrleistet. Der Skimmer WIDE XXL sorgt f\u00fcr eine um 5 cm h\u00f6here Wasserlinie als ein durchschnittlicher Skimmer. Alle Skimmermodelle sind aus ABS-Kunststoff gefertigt und mit einer Klappe mit Befestigungsmechanismus ausgestattet, die den R\u00fcckfluss von Schmutz verhindert. Die Verpackung enth\u00e4lt einen Flansch, Dichtungen, Edelstahlschrauben und eine Frontplatte. Der Flansch hat ein Kupfergewinde. Technische Daten: &#8211; Anschluss: 6\/4&#8243; IG \/ D50 mm &#8211; \u00dcberlaufanschluss: D40 mm Skimmer Die Aufgabe des Skimmers ist es, neben dem Absaugen des Wassers auch schwimmende Verunreinigungen (z. B. Bl\u00e4tter, Insekten und andere) aus dem Pool zu entfernen. Diese Verunreinigungen sammeln sich im Filterkorb des Skimmers, der w\u00f6chentlich \u00fcberpr\u00fcft werden sollte. F\u00fcr eine optimale Funktion stellen Sie den Skimmer so ein, dass die Poolwasserlinie die Mitte seiner \u00d6ffnung erreicht. In den Skimmerkorb k\u00f6nnen sich langsam aufl\u00f6sende Chemikalien wie Chlor- oder Flockungstabletten gelegt werden, um die Verwendung eines schwimmenden Chemikaliendosierers zu vermeiden. Die meisten Skimmer sind so konzipiert, dass sie auch das Absaugen des Pools erm\u00f6glichen.<\/p>\n<p>ABS-Kunststoff<br \/>\nABS (Acrylnitril-Butadien-Styrol) ist ein Thermoplast mit guter Schlagfestigkeit, hoher H\u00e4rte und Festigkeit, guter thermischer und chemischer Best\u00e4ndigkeit sowie guter Ger\u00e4usch- und Vibrationsd\u00e4mpfung. Seine Besonderheit liegt in der Kombination verschiedener Materialien. Acrylnitril erh\u00f6ht die thermische und chemische Best\u00e4ndigkeit, Butadien erh\u00f6ht die Haltbarkeit und Festigkeit, und Styrol verbessert die Verarbeitbarkeit, reduziert Kosten und sorgt f\u00fcr eine gl\u00e4nzende Oberfl\u00e4che.<\/p>\n","protected":false},"excerpt":{"rendered":"<p>Skimmer WIDE XXL Ein sandfarbener Skimmer mit breiter \u00d6ffnung, der eine hohe Wasserlinie f\u00fcr Folienbecken gew\u00e4hrleistet. Der Skimmer WIDE XXL sorgt f\u00fcr eine um 5 cm h\u00f6here Wasserlinie als ein durchschnittlicher Skimmer. Alle Skimmermodelle sind aus ABS-Kunststoff gefertigt und mit einer Klappe mit Befestigungsmechanismus ausgestattet, die den R\u00fcckfluss von Schmutz verhindert. Die Verpackung enth\u00e4lt einen &hellip;<\/p>\n<p class=\"read-more\"> <a class=\" thunk-readmore button \" href=\"https:\/\/pool-house.shop\/de\/product\/skimmer-wide-xxl-fuer-folienbecken-sandfarben\/\"> <span class=\"screen-reader-text\">Skimmer WIDE XXL f\u00fcr Folienbecken, grau<\/span>Weiterlesen<\/a><\/p>\n","protected":false},"featured_media":6243,"template":"","meta":[],"product_brand":[],"product_cat":[239],"product_tag":[],"class_list":{"0":"post-6241","1":"product","2":"type-product","3":"status-publish","4":"has-post-thumbnail","6":"product_cat-skimmer","7":"thunk-woo-product-list","8":"open-woo-hover-none","9":"open-single-product-tab-horizontal","10":"open-shadow-","11":"open-shadow-hover-","13":"first","14":"instock","15":"taxable","16":"shipping-taxable","17":"purchasable","18":"product-type-simple"},"yoast_head":"<!-- This site is optimized with the Yoast SEO plugin v26.9 - https:\/\/yoast.com\/product\/yoast-seo-wordpress\/ -->\n<title>Skimmer WIDE XXL f\u00fcr Folienbecken, grau - Pool-House<\/title>\n<meta name=\"robots\" content=\"index, follow, max-snippet:-1, max-image-preview:large, max-video-preview:-1\" \/>\n<link rel=\"canonical\" href=\"https:\/\/pool-house.shop\/de\/product\/skimmer-wide-xxl-fuer-folienbecken-sandfarben\/\" \/>\n<meta property=\"og:locale\" content=\"de_DE\" \/>\n<meta property=\"og:type\" content=\"article\" \/>\n<meta property=\"og:title\" content=\"Skimmer WIDE XXL f\u00fcr Folienbecken, grau - Pool-House\" \/>\n<meta property=\"og:description\" content=\"Skimmer WIDE XXL Ein sandfarbener Skimmer mit breiter \u00d6ffnung, der eine hohe Wasserlinie f\u00fcr Folienbecken gew\u00e4hrleistet. Der Skimmer WIDE XXL sorgt f\u00fcr eine um 5 cm h\u00f6here Wasserlinie als ein durchschnittlicher Skimmer. Alle Skimmermodelle sind aus ABS-Kunststoff gefertigt und mit einer Klappe mit Befestigungsmechanismus ausgestattet, die den R\u00fcckfluss von Schmutz verhindert. Die Verpackung enth\u00e4lt einen &hellip; Skimmer WIDE XXL f\u00fcr Folienbecken, grauWeiterlesen\" \/>\n<meta property=\"og:url\" content=\"https:\/\/pool-house.shop\/de\/product\/skimmer-wide-xxl-fuer-folienbecken-sandfarben\/\" \/>\n<meta property=\"og:site_name\" content=\"Pool-House\" \/>\n<meta property=\"article:publisher\" content=\"https:\/\/www.facebook.com\/termodomsk\/\" \/>\n<meta property=\"article:modified_time\" content=\"2026-03-08T16:15:28+00:00\" \/>\n<meta property=\"og:image\" content=\"https:\/\/pool-house.shop\/wp-content\/uploads\/termekkepek\/01\/011212.png\" \/>\n\t<meta property=\"og:image:width\" content=\"1600\" \/>\n\t<meta property=\"og:image:height\" content=\"1600\" \/>\n\t<meta property=\"og:image:type\" content=\"image\/png\" \/>\n<meta name=\"twitter:card\" content=\"summary_large_image\" \/>\n<meta name=\"twitter:label1\" content=\"Gesch\u00e4tzte Lesezeit\" \/>\n\t<meta name=\"twitter:data1\" content=\"2\u00a0Minuten\" \/>\n<script type=\"application\/ld+json\" class=\"yoast-schema-graph\">{\"@context\":\"https:\/\/schema.org\",\"@graph\":[{\"@type\":\"WebPage\",\"@id\":\"https:\/\/pool-house.shop\/de\/product\/skimmer-wide-xxl-fuer-folienbecken-sandfarben\/\",\"url\":\"https:\/\/pool-house.shop\/de\/product\/skimmer-wide-xxl-fuer-folienbecken-sandfarben\/\",\"name\":\"Skimmer WIDE XXL f\u00fcr Folienbecken, grau - Pool-House\",\"isPartOf\":{\"@id\":\"https:\/\/pool-house.shop\/de\/#website\"},\"primaryImageOfPage\":{\"@id\":\"https:\/\/pool-house.shop\/de\/product\/skimmer-wide-xxl-fuer-folienbecken-sandfarben\/#primaryimage\"},\"image\":{\"@id\":\"https:\/\/pool-house.shop\/de\/product\/skimmer-wide-xxl-fuer-folienbecken-sandfarben\/#primaryimage\"},\"thumbnailUrl\":\"https:\/\/pool-house.shop\/wp-content\/uploads\/termekkepek\/01\/011212.png\",\"datePublished\":\"2025-03-03T14:16:31+00:00\",\"dateModified\":\"2026-03-08T16:15:28+00:00\",\"breadcrumb\":{\"@id\":\"https:\/\/pool-house.shop\/de\/product\/skimmer-wide-xxl-fuer-folienbecken-sandfarben\/#breadcrumb\"},\"inLanguage\":\"de\",\"potentialAction\":[{\"@type\":\"ReadAction\",\"target\":[\"https:\/\/pool-house.shop\/de\/product\/skimmer-wide-xxl-fuer-folienbecken-sandfarben\/\"]}]},{\"@type\":\"ImageObject\",\"inLanguage\":\"de\",\"@id\":\"https:\/\/pool-house.shop\/de\/product\/skimmer-wide-xxl-fuer-folienbecken-sandfarben\/#primaryimage\",\"url\":\"https:\/\/pool-house.shop\/wp-content\/uploads\/termekkepek\/01\/011212.png\",\"contentUrl\":\"https:\/\/pool-house.shop\/wp-content\/uploads\/termekkepek\/01\/011212.png\",\"width\":1600,\"height\":1600},{\"@type\":\"BreadcrumbList\",\"@id\":\"https:\/\/pool-house.shop\/de\/product\/skimmer-wide-xxl-fuer-folienbecken-sandfarben\/#breadcrumb\",\"itemListElement\":[{\"@type\":\"ListItem\",\"position\":1,\"name\":\"Domovsk\u00e1 str\u00e1nka\",\"item\":\"https:\/\/pool-house.shop\/de\/\"},{\"@type\":\"ListItem\",\"position\":2,\"name\":\"Shop\",\"item\":\"https:\/\/pool-house.shop\/de\/shop\/\"},{\"@type\":\"ListItem\",\"position\":3,\"name\":\"Skimmer WIDE XXL f\u00fcr Folienbecken, grau\"}]},{\"@type\":\"WebSite\",\"@id\":\"https:\/\/pool-house.shop\/de\/#website\",\"url\":\"https:\/\/pool-house.shop\/de\/\",\"name\":\"Pool-House\",\"description\":\"\",\"publisher\":{\"@id\":\"https:\/\/pool-house.shop\/de\/#organization\"},\"potentialAction\":[{\"@type\":\"SearchAction\",\"target\":{\"@type\":\"EntryPoint\",\"urlTemplate\":\"https:\/\/pool-house.shop\/de\/?s={search_term_string}\"},\"query-input\":{\"@type\":\"PropertyValueSpecification\",\"valueRequired\":true,\"valueName\":\"search_term_string\"}}],\"inLanguage\":\"de\"},{\"@type\":\"Organization\",\"@id\":\"https:\/\/pool-house.shop\/de\/#organization\",\"name\":\"Pool-House\",\"url\":\"https:\/\/pool-house.shop\/de\/\",\"logo\":{\"@type\":\"ImageObject\",\"inLanguage\":\"de\",\"@id\":\"https:\/\/pool-house.shop\/de\/#\/schema\/logo\/image\/\",\"url\":\"https:\/\/pool-house.shop\/wp-content\/uploads\/2025\/10\/logo-2-stvorec-mobil-modre.png\",\"contentUrl\":\"https:\/\/pool-house.shop\/wp-content\/uploads\/2025\/10\/logo-2-stvorec-mobil-modre.png\",\"width\":273,\"height\":189,\"caption\":\"Pool-House\"},\"image\":{\"@id\":\"https:\/\/pool-house.shop\/de\/#\/schema\/logo\/image\/\"},\"sameAs\":[\"https:\/\/www.facebook.com\/termodomsk\/\"]}]}<\/script>\n<!-- \/ Yoast SEO plugin. -->","yoast_head_json":{"title":"Skimmer WIDE XXL f\u00fcr Folienbecken, grau - Pool-House","robots":{"index":"index","follow":"follow","max-snippet":"max-snippet:-1","max-image-preview":"max-image-preview:large","max-video-preview":"max-video-preview:-1"},"canonical":"https:\/\/pool-house.shop\/de\/product\/skimmer-wide-xxl-fuer-folienbecken-sandfarben\/","og_locale":"de_DE","og_type":"article","og_title":"Skimmer WIDE XXL f\u00fcr Folienbecken, grau - Pool-House","og_description":"Skimmer WIDE XXL Ein sandfarbener Skimmer mit breiter \u00d6ffnung, der eine hohe Wasserlinie f\u00fcr Folienbecken gew\u00e4hrleistet. Der Skimmer WIDE XXL sorgt f\u00fcr eine um 5 cm h\u00f6here Wasserlinie als ein durchschnittlicher Skimmer. Alle Skimmermodelle sind aus ABS-Kunststoff gefertigt und mit einer Klappe mit Befestigungsmechanismus ausgestattet, die den R\u00fcckfluss von Schmutz verhindert. Die Verpackung enth\u00e4lt einen &hellip; Skimmer WIDE XXL f\u00fcr Folienbecken, grauWeiterlesen","og_url":"https:\/\/pool-house.shop\/de\/product\/skimmer-wide-xxl-fuer-folienbecken-sandfarben\/","og_site_name":"Pool-House","article_publisher":"https:\/\/www.facebook.com\/termodomsk\/","article_modified_time":"2026-03-08T16:15:28+00:00","og_image":[{"width":1600,"height":1600,"url":"https:\/\/pool-house.shop\/wp-content\/uploads\/termekkepek\/01\/011212.png","type":"image\/png"}],"twitter_card":"summary_large_image","twitter_misc":{"Gesch\u00e4tzte Lesezeit":"2\u00a0Minuten"},"schema":{"@context":"https:\/\/schema.org","@graph":[{"@type":"WebPage","@id":"https:\/\/pool-house.shop\/de\/product\/skimmer-wide-xxl-fuer-folienbecken-sandfarben\/","url":"https:\/\/pool-house.shop\/de\/product\/skimmer-wide-xxl-fuer-folienbecken-sandfarben\/","name":"Skimmer WIDE XXL f\u00fcr Folienbecken, grau - Pool-House","isPartOf":{"@id":"https:\/\/pool-house.shop\/de\/#website"},"primaryImageOfPage":{"@id":"https:\/\/pool-house.shop\/de\/product\/skimmer-wide-xxl-fuer-folienbecken-sandfarben\/#primaryimage"},"image":{"@id":"https:\/\/pool-house.shop\/de\/product\/skimmer-wide-xxl-fuer-folienbecken-sandfarben\/#primaryimage"},"thumbnailUrl":"https:\/\/pool-house.shop\/wp-content\/uploads\/termekkepek\/01\/011212.png","datePublished":"2025-03-03T14:16:31+00:00","dateModified":"2026-03-08T16:15:28+00:00","breadcrumb":{"@id":"https:\/\/pool-house.shop\/de\/product\/skimmer-wide-xxl-fuer-folienbecken-sandfarben\/#breadcrumb"},"inLanguage":"de","potentialAction":[{"@type":"ReadAction","target":["https:\/\/pool-house.shop\/de\/product\/skimmer-wide-xxl-fuer-folienbecken-sandfarben\/"]}]},{"@type":"ImageObject","inLanguage":"de","@id":"https:\/\/pool-house.shop\/de\/product\/skimmer-wide-xxl-fuer-folienbecken-sandfarben\/#primaryimage","url":"https:\/\/pool-house.shop\/wp-content\/uploads\/termekkepek\/01\/011212.png","contentUrl":"https:\/\/pool-house.shop\/wp-content\/uploads\/termekkepek\/01\/011212.png","width":1600,"height":1600},{"@type":"BreadcrumbList","@id":"https:\/\/pool-house.shop\/de\/product\/skimmer-wide-xxl-fuer-folienbecken-sandfarben\/#breadcrumb","itemListElement":[{"@type":"ListItem","position":1,"name":"Domovsk\u00e1 str\u00e1nka","item":"https:\/\/pool-house.shop\/de\/"},{"@type":"ListItem","position":2,"name":"Shop","item":"https:\/\/pool-house.shop\/de\/shop\/"},{"@type":"ListItem","position":3,"name":"Skimmer WIDE XXL f\u00fcr Folienbecken, grau"}]},{"@type":"WebSite","@id":"https:\/\/pool-house.shop\/de\/#website","url":"https:\/\/pool-house.shop\/de\/","name":"Pool-House","description":"","publisher":{"@id":"https:\/\/pool-house.shop\/de\/#organization"},"potentialAction":[{"@type":"SearchAction","target":{"@type":"EntryPoint","urlTemplate":"https:\/\/pool-house.shop\/de\/?s={search_term_string}"},"query-input":{"@type":"PropertyValueSpecification","valueRequired":true,"valueName":"search_term_string"}}],"inLanguage":"de"},{"@type":"Organization","@id":"https:\/\/pool-house.shop\/de\/#organization","name":"Pool-House","url":"https:\/\/pool-house.shop\/de\/","logo":{"@type":"ImageObject","inLanguage":"de","@id":"https:\/\/pool-house.shop\/de\/#\/schema\/logo\/image\/","url":"https:\/\/pool-house.shop\/wp-content\/uploads\/2025\/10\/logo-2-stvorec-mobil-modre.png","contentUrl":"https:\/\/pool-house.shop\/wp-content\/uploads\/2025\/10\/logo-2-stvorec-mobil-modre.png","width":273,"height":189,"caption":"Pool-House"},"image":{"@id":"https:\/\/pool-house.shop\/de\/#\/schema\/logo\/image\/"},"sameAs":["https:\/\/www.facebook.com\/termodomsk\/"]}]}},"_links":{"self":[{"href":"https:\/\/pool-house.shop\/de\/wp-json\/wp\/v2\/product\/6241","targetHints":{"allow":["GET"]}}],"collection":[{"href":"https:\/\/pool-house.shop\/de\/wp-json\/wp\/v2\/product"}],"about":[{"href":"https:\/\/pool-house.shop\/de\/wp-json\/wp\/v2\/types\/product"}],"wp:featuredmedia":[{"embeddable":true,"href":"https:\/\/pool-house.shop\/de\/wp-json\/wp\/v2\/media\/6243"}],"wp:attachment":[{"href":"https:\/\/pool-house.shop\/de\/wp-json\/wp\/v2\/media?parent=6241"}],"wp:term":[{"taxonomy":"product_brand","embeddable":true,"href":"https:\/\/pool-house.shop\/de\/wp-json\/wp\/v2\/product_brand?post=6241"},{"taxonomy":"product_cat","embeddable":true,"href":"https:\/\/pool-house.shop\/de\/wp-json\/wp\/v2\/product_cat?post=6241"},{"taxonomy":"product_tag","embeddable":true,"href":"https:\/\/pool-house.shop\/de\/wp-json\/wp\/v2\/product_tag?post=6241"}],"curies":[{"name":"wp","href":"https:\/\/api.w.org\/{rel}","templated":true}]}}