{"id":6258,"date":"2025-03-03T15:16:30","date_gmt":"2025-03-03T14:16:30","guid":{"rendered":"https:\/\/pool-house.shop\/product\/skimmerverlaengerung-std\/"},"modified":"2025-03-03T15:16:30","modified_gmt":"2025-03-03T14:16:30","slug":"skimmerverlaengerung-std","status":"publish","type":"product","link":"https:\/\/pool-house.shop\/de\/product\/skimmerverlaengerung-std\/","title":{"rendered":"Skimmerverl\u00e4ngerung STD"},"content":{"rendered":"<p>Skimmerverl\u00e4ngerung<\/p>\n<p> Ersatzteil f\u00fcr Skimmer. Diese vertikale Skimmerverl\u00e4ngerung besteht aus ABS-Kunststoff und erm\u00f6glicht eine einfache Anpassung an den umgebenden Beckenrand.<br \/>\n Sie dient dazu, den Abstand zwischen dem Skimmerdeckel und seinem Hals zu vergr\u00f6\u00dfern, um die gew\u00fcnschte H\u00f6he zu erreichen.<\/p>\n<p> Skimmer<br \/>\n Die Aufgabe des Skimmers ist es, neben dem Absaugen von Wasser auch schwimmende Verunreinigungen (z. B. Bl\u00e4tter, Insekten und andere) aus dem Pool zu entfernen. Diese Verunreinigungen sammeln sich im Filterkorb des Skimmers, der w\u00f6chentlich \u00fcberpr\u00fcft werden sollte. F\u00fcr eine optimale Funktion stellen Sie den Skimmer so ein, dass der Poolwasserspiegel die Mitte seiner \u00d6ffnung erreicht. In den Skimmerkorb k\u00f6nnen sich langsam aufl\u00f6sende Chemikalien wie Chlor- oder Flockungstabletten gelegt werden, um die Verwendung eines schwimmenden Chemikaliendosierers zu vermeiden. Die meisten Skimmer sind so konzipiert, dass sie auch das Absaugen des Pools erm\u00f6glichen.<\/p>\n<p> ABS-Kunststoff<br \/>\n ABS (Acrylnitril-Butadien-Styrol) ist ein Thermoplast mit guter Schlagfestigkeit, hoher H\u00e4rte und Festigkeit, guter thermischer und chemischer Best\u00e4ndigkeit sowie guter Ger\u00e4usch- und Vibrationsd\u00e4mpfung. Seine Besonderheit liegt in der Kombination verschiedener Materialien. Acrylnitril erh\u00f6ht die thermische und chemische Best\u00e4ndigkeit, Butadien erh\u00f6ht die Haltbarkeit und Festigkeit, und Styrol verbessert die Verarbeitbarkeit, reduziert Kosten und sorgt f\u00fcr eine gl\u00e4nzende Oberfl\u00e4che.       <\/p>\n","protected":false},"excerpt":{"rendered":"<p>Skimmerverl\u00e4ngerung Ersatzteil f\u00fcr Skimmer. Diese vertikale Skimmerverl\u00e4ngerung besteht aus ABS-Kunststoff und erm\u00f6glicht eine einfache Anpassung an den umgebenden Beckenrand. Sie dient dazu, den Abstand zwischen dem Skimmerdeckel und seinem Hals zu vergr\u00f6\u00dfern, um die gew\u00fcnschte H\u00f6he zu erreichen. Skimmer Die Aufgabe des Skimmers ist es, neben dem Absaugen von Wasser auch schwimmende Verunreinigungen (z. B. &hellip;<\/p>\n<p class=\"read-more\"> <a class=\" thunk-readmore button \" href=\"https:\/\/pool-house.shop\/de\/product\/skimmerverlaengerung-std\/\"> <span class=\"screen-reader-text\">Skimmerverl\u00e4ngerung STD<\/span>Weiterlesen<\/a><\/p>\n","protected":false},"featured_media":6259,"template":"","meta":[],"product_brand":[],"product_cat":[239],"product_tag":[],"class_list":{"0":"post-6258","1":"product","2":"type-product","3":"status-publish","4":"has-post-thumbnail","6":"product_cat-skimmer","7":"thunk-woo-product-list","8":"open-woo-hover-none","9":"open-single-product-tab-horizontal","10":"open-shadow-","11":"open-shadow-hover-","13":"first","14":"onbackorder","15":"taxable","16":"shipping-taxable","17":"purchasable","18":"product-type-simple"},"yoast_head":"<!-- This site is optimized with the Yoast SEO plugin v26.9 - https:\/\/yoast.com\/product\/yoast-seo-wordpress\/ -->\n<title>Skimmerverl\u00e4ngerung STD - Pool-House<\/title>\n<meta name=\"robots\" content=\"index, follow, max-snippet:-1, max-image-preview:large, max-video-preview:-1\" \/>\n<link rel=\"canonical\" href=\"https:\/\/pool-house.shop\/de\/product\/skimmerverlaengerung-std\/\" \/>\n<meta property=\"og:locale\" content=\"de_DE\" \/>\n<meta property=\"og:type\" content=\"article\" \/>\n<meta property=\"og:title\" content=\"Skimmerverl\u00e4ngerung STD - Pool-House\" \/>\n<meta property=\"og:description\" content=\"Skimmerverl\u00e4ngerung Ersatzteil f\u00fcr Skimmer. Diese vertikale Skimmerverl\u00e4ngerung besteht aus ABS-Kunststoff und erm\u00f6glicht eine einfache Anpassung an den umgebenden Beckenrand. Sie dient dazu, den Abstand zwischen dem Skimmerdeckel und seinem Hals zu vergr\u00f6\u00dfern, um die gew\u00fcnschte H\u00f6he zu erreichen. Skimmer Die Aufgabe des Skimmers ist es, neben dem Absaugen von Wasser auch schwimmende Verunreinigungen (z. B. &hellip; Skimmerverl\u00e4ngerung STDWeiterlesen\" \/>\n<meta property=\"og:url\" content=\"https:\/\/pool-house.shop\/de\/product\/skimmerverlaengerung-std\/\" \/>\n<meta property=\"og:site_name\" content=\"Pool-House\" \/>\n<meta property=\"article:publisher\" content=\"https:\/\/www.facebook.com\/termodomsk\/\" \/>\n<meta property=\"og:image\" content=\"https:\/\/pool-house.shop\/wp-content\/uploads\/termekkepek\/01\/011201.png\" \/>\n\t<meta property=\"og:image:width\" content=\"1600\" \/>\n\t<meta property=\"og:image:height\" content=\"1600\" \/>\n\t<meta property=\"og:image:type\" content=\"image\/png\" \/>\n<meta name=\"twitter:card\" content=\"summary_large_image\" \/>\n<meta name=\"twitter:label1\" content=\"Gesch\u00e4tzte Lesezeit\" \/>\n\t<meta name=\"twitter:data1\" content=\"1\u00a0Minute\" \/>\n<script type=\"application\/ld+json\" class=\"yoast-schema-graph\">{\"@context\":\"https:\/\/schema.org\",\"@graph\":[{\"@type\":\"WebPage\",\"@id\":\"https:\/\/pool-house.shop\/de\/product\/skimmerverlaengerung-std\/\",\"url\":\"https:\/\/pool-house.shop\/de\/product\/skimmerverlaengerung-std\/\",\"name\":\"Skimmerverl\u00e4ngerung STD - Pool-House\",\"isPartOf\":{\"@id\":\"https:\/\/pool-house.shop\/de\/#website\"},\"primaryImageOfPage\":{\"@id\":\"https:\/\/pool-house.shop\/de\/product\/skimmerverlaengerung-std\/#primaryimage\"},\"image\":{\"@id\":\"https:\/\/pool-house.shop\/de\/product\/skimmerverlaengerung-std\/#primaryimage\"},\"thumbnailUrl\":\"https:\/\/pool-house.shop\/wp-content\/uploads\/termekkepek\/01\/011201.png\",\"datePublished\":\"2025-03-03T14:16:30+00:00\",\"breadcrumb\":{\"@id\":\"https:\/\/pool-house.shop\/de\/product\/skimmerverlaengerung-std\/#breadcrumb\"},\"inLanguage\":\"de\",\"potentialAction\":[{\"@type\":\"ReadAction\",\"target\":[\"https:\/\/pool-house.shop\/de\/product\/skimmerverlaengerung-std\/\"]}]},{\"@type\":\"ImageObject\",\"inLanguage\":\"de\",\"@id\":\"https:\/\/pool-house.shop\/de\/product\/skimmerverlaengerung-std\/#primaryimage\",\"url\":\"https:\/\/pool-house.shop\/wp-content\/uploads\/termekkepek\/01\/011201.png\",\"contentUrl\":\"https:\/\/pool-house.shop\/wp-content\/uploads\/termekkepek\/01\/011201.png\",\"width\":1600,\"height\":1600},{\"@type\":\"BreadcrumbList\",\"@id\":\"https:\/\/pool-house.shop\/de\/product\/skimmerverlaengerung-std\/#breadcrumb\",\"itemListElement\":[{\"@type\":\"ListItem\",\"position\":1,\"name\":\"Domovsk\u00e1 str\u00e1nka\",\"item\":\"https:\/\/pool-house.shop\/de\/\"},{\"@type\":\"ListItem\",\"position\":2,\"name\":\"Shop\",\"item\":\"https:\/\/pool-house.shop\/de\/shop\/\"},{\"@type\":\"ListItem\",\"position\":3,\"name\":\"Skimmerverl\u00e4ngerung STD\"}]},{\"@type\":\"WebSite\",\"@id\":\"https:\/\/pool-house.shop\/de\/#website\",\"url\":\"https:\/\/pool-house.shop\/de\/\",\"name\":\"Pool-House\",\"description\":\"\",\"publisher\":{\"@id\":\"https:\/\/pool-house.shop\/de\/#organization\"},\"potentialAction\":[{\"@type\":\"SearchAction\",\"target\":{\"@type\":\"EntryPoint\",\"urlTemplate\":\"https:\/\/pool-house.shop\/de\/?s={search_term_string}\"},\"query-input\":{\"@type\":\"PropertyValueSpecification\",\"valueRequired\":true,\"valueName\":\"search_term_string\"}}],\"inLanguage\":\"de\"},{\"@type\":\"Organization\",\"@id\":\"https:\/\/pool-house.shop\/de\/#organization\",\"name\":\"Pool-House\",\"url\":\"https:\/\/pool-house.shop\/de\/\",\"logo\":{\"@type\":\"ImageObject\",\"inLanguage\":\"de\",\"@id\":\"https:\/\/pool-house.shop\/de\/#\/schema\/logo\/image\/\",\"url\":\"https:\/\/pool-house.shop\/wp-content\/uploads\/2025\/10\/logo-2-stvorec-mobil-modre.png\",\"contentUrl\":\"https:\/\/pool-house.shop\/wp-content\/uploads\/2025\/10\/logo-2-stvorec-mobil-modre.png\",\"width\":273,\"height\":189,\"caption\":\"Pool-House\"},\"image\":{\"@id\":\"https:\/\/pool-house.shop\/de\/#\/schema\/logo\/image\/\"},\"sameAs\":[\"https:\/\/www.facebook.com\/termodomsk\/\"]}]}<\/script>\n<!-- \/ Yoast SEO plugin. -->","yoast_head_json":{"title":"Skimmerverl\u00e4ngerung STD - Pool-House","robots":{"index":"index","follow":"follow","max-snippet":"max-snippet:-1","max-image-preview":"max-image-preview:large","max-video-preview":"max-video-preview:-1"},"canonical":"https:\/\/pool-house.shop\/de\/product\/skimmerverlaengerung-std\/","og_locale":"de_DE","og_type":"article","og_title":"Skimmerverl\u00e4ngerung STD - Pool-House","og_description":"Skimmerverl\u00e4ngerung Ersatzteil f\u00fcr Skimmer. Diese vertikale Skimmerverl\u00e4ngerung besteht aus ABS-Kunststoff und erm\u00f6glicht eine einfache Anpassung an den umgebenden Beckenrand. Sie dient dazu, den Abstand zwischen dem Skimmerdeckel und seinem Hals zu vergr\u00f6\u00dfern, um die gew\u00fcnschte H\u00f6he zu erreichen. Skimmer Die Aufgabe des Skimmers ist es, neben dem Absaugen von Wasser auch schwimmende Verunreinigungen (z. B. &hellip; Skimmerverl\u00e4ngerung STDWeiterlesen","og_url":"https:\/\/pool-house.shop\/de\/product\/skimmerverlaengerung-std\/","og_site_name":"Pool-House","article_publisher":"https:\/\/www.facebook.com\/termodomsk\/","og_image":[{"width":1600,"height":1600,"url":"https:\/\/pool-house.shop\/wp-content\/uploads\/termekkepek\/01\/011201.png","type":"image\/png"}],"twitter_card":"summary_large_image","twitter_misc":{"Gesch\u00e4tzte Lesezeit":"1\u00a0Minute"},"schema":{"@context":"https:\/\/schema.org","@graph":[{"@type":"WebPage","@id":"https:\/\/pool-house.shop\/de\/product\/skimmerverlaengerung-std\/","url":"https:\/\/pool-house.shop\/de\/product\/skimmerverlaengerung-std\/","name":"Skimmerverl\u00e4ngerung STD - Pool-House","isPartOf":{"@id":"https:\/\/pool-house.shop\/de\/#website"},"primaryImageOfPage":{"@id":"https:\/\/pool-house.shop\/de\/product\/skimmerverlaengerung-std\/#primaryimage"},"image":{"@id":"https:\/\/pool-house.shop\/de\/product\/skimmerverlaengerung-std\/#primaryimage"},"thumbnailUrl":"https:\/\/pool-house.shop\/wp-content\/uploads\/termekkepek\/01\/011201.png","datePublished":"2025-03-03T14:16:30+00:00","breadcrumb":{"@id":"https:\/\/pool-house.shop\/de\/product\/skimmerverlaengerung-std\/#breadcrumb"},"inLanguage":"de","potentialAction":[{"@type":"ReadAction","target":["https:\/\/pool-house.shop\/de\/product\/skimmerverlaengerung-std\/"]}]},{"@type":"ImageObject","inLanguage":"de","@id":"https:\/\/pool-house.shop\/de\/product\/skimmerverlaengerung-std\/#primaryimage","url":"https:\/\/pool-house.shop\/wp-content\/uploads\/termekkepek\/01\/011201.png","contentUrl":"https:\/\/pool-house.shop\/wp-content\/uploads\/termekkepek\/01\/011201.png","width":1600,"height":1600},{"@type":"BreadcrumbList","@id":"https:\/\/pool-house.shop\/de\/product\/skimmerverlaengerung-std\/#breadcrumb","itemListElement":[{"@type":"ListItem","position":1,"name":"Domovsk\u00e1 str\u00e1nka","item":"https:\/\/pool-house.shop\/de\/"},{"@type":"ListItem","position":2,"name":"Shop","item":"https:\/\/pool-house.shop\/de\/shop\/"},{"@type":"ListItem","position":3,"name":"Skimmerverl\u00e4ngerung STD"}]},{"@type":"WebSite","@id":"https:\/\/pool-house.shop\/de\/#website","url":"https:\/\/pool-house.shop\/de\/","name":"Pool-House","description":"","publisher":{"@id":"https:\/\/pool-house.shop\/de\/#organization"},"potentialAction":[{"@type":"SearchAction","target":{"@type":"EntryPoint","urlTemplate":"https:\/\/pool-house.shop\/de\/?s={search_term_string}"},"query-input":{"@type":"PropertyValueSpecification","valueRequired":true,"valueName":"search_term_string"}}],"inLanguage":"de"},{"@type":"Organization","@id":"https:\/\/pool-house.shop\/de\/#organization","name":"Pool-House","url":"https:\/\/pool-house.shop\/de\/","logo":{"@type":"ImageObject","inLanguage":"de","@id":"https:\/\/pool-house.shop\/de\/#\/schema\/logo\/image\/","url":"https:\/\/pool-house.shop\/wp-content\/uploads\/2025\/10\/logo-2-stvorec-mobil-modre.png","contentUrl":"https:\/\/pool-house.shop\/wp-content\/uploads\/2025\/10\/logo-2-stvorec-mobil-modre.png","width":273,"height":189,"caption":"Pool-House"},"image":{"@id":"https:\/\/pool-house.shop\/de\/#\/schema\/logo\/image\/"},"sameAs":["https:\/\/www.facebook.com\/termodomsk\/"]}]}},"_links":{"self":[{"href":"https:\/\/pool-house.shop\/de\/wp-json\/wp\/v2\/product\/6258","targetHints":{"allow":["GET"]}}],"collection":[{"href":"https:\/\/pool-house.shop\/de\/wp-json\/wp\/v2\/product"}],"about":[{"href":"https:\/\/pool-house.shop\/de\/wp-json\/wp\/v2\/types\/product"}],"wp:featuredmedia":[{"embeddable":true,"href":"https:\/\/pool-house.shop\/de\/wp-json\/wp\/v2\/media\/6259"}],"wp:attachment":[{"href":"https:\/\/pool-house.shop\/de\/wp-json\/wp\/v2\/media?parent=6258"}],"wp:term":[{"taxonomy":"product_brand","embeddable":true,"href":"https:\/\/pool-house.shop\/de\/wp-json\/wp\/v2\/product_brand?post=6258"},{"taxonomy":"product_cat","embeddable":true,"href":"https:\/\/pool-house.shop\/de\/wp-json\/wp\/v2\/product_cat?post=6258"},{"taxonomy":"product_tag","embeddable":true,"href":"https:\/\/pool-house.shop\/de\/wp-json\/wp\/v2\/product_tag?post=6258"}],"curies":[{"name":"wp","href":"https:\/\/api.w.org\/{rel}","templated":true}]}}