{"id":6273,"date":"2025-03-03T15:16:30","date_gmt":"2025-03-03T14:16:30","guid":{"rendered":"https:\/\/pool-house.shop\/product\/skimmer-wide-fuer-betonbecken\/"},"modified":"2026-03-08T17:23:16","modified_gmt":"2026-03-08T16:23:16","slug":"skimmer-wide-fuer-betonbecken","status":"publish","type":"product","link":"https:\/\/pool-house.shop\/de\/product\/skimmer-wide-fuer-betonbecken\/","title":{"rendered":"Skimmer WIDE f\u00fcr Betonbecken"},"content":{"rendered":"<p>Skimmer WIDE 6\/4&#8243; VNZ \/ D50 f\u00fcr Betonbecken<\/p>\n<p>Weithals-Skimmer f\u00fcr Betonbecken. Dieser Skimmer f\u00fcr Betonbecken ist mit einer Skimmerklappe und einem Befestigungsmechanismus ausgestattet, um den R\u00fcckfluss von Schmutz zu verhindern.<br \/>\nBreiter Hals f\u00fcr maximale Saugleistung. Bei einer Wasseroberfl\u00e4che von bis zu 25 m\u00b2 wird die Installation eines Skimmers empfohlen.<\/p>\n<p>Technische Daten:<br \/>\n&#8211; Anschluss: D50 mm \/ 6\/4&#8243;,<br \/>\n&#8211; \u00dcberlaufanschluss: D40 mm,<br \/>\n&#8211; Saugplatte,<br \/>\n&#8211; Empfohlene Leistung: 5 \u2013 7 m\u00b3\/Std.<\/p>\n<p>Skimmer<br \/>\nDie Aufgabe des Skimmers ist es, neben dem Absaugen des Wassers auch schwimmende Verunreinigungen (z. B. Bl\u00e4tter, Insekten und anderes) aus dem Pool zu entfernen. Diese Verunreinigungen sammeln sich im Filterkorb des Skimmers, der w\u00f6chentlich \u00fcberpr\u00fcft werden sollte. F\u00fcr eine optimale Funktion stellen Sie den Skimmer so ein, dass der Poolwasserspiegel die Mitte seiner \u00d6ffnung erreicht. In den Skimmerkorb k\u00f6nnen sich langsam aufl\u00f6sende Chemikalien wie Chlor- oder Flockungstabletten gelegt werden, um die Verwendung eines schwimmenden Chemikaliendosierers zu vermeiden. Die meisten Skimmer sind so konzipiert, dass sie auch das Absaugen des Pools erm\u00f6glichen.<\/p>\n<p>ABS-Kunststoff<br \/>\nABS (Acrylnitril-Butadien-Styrol) ist ein Thermoplast mit guter Schlagfestigkeit, hoher H\u00e4rte und Festigkeit, guter W\u00e4rme- und Chemikalienbest\u00e4ndigkeit sowie guter Ger\u00e4usch- und Vibrationsd\u00e4mpfung. Seine Besonderheit liegt in der Kombination verschiedener Materialien. Acrylnitril erh\u00f6ht die W\u00e4rme- und Chemikalienbest\u00e4ndigkeit, Butadien erh\u00f6ht die Haltbarkeit und Festigkeit, und Styrol verbessert die Verarbeitbarkeit, reduziert Kosten und sorgt f\u00fcr eine gl\u00e4nzende Oberfl\u00e4che.<\/p>\n","protected":false},"excerpt":{"rendered":"<p>Skimmer WIDE 6\/4&#8243; VNZ \/ D50 f\u00fcr Betonbecken Weithals-Skimmer f\u00fcr Betonbecken. Dieser Skimmer f\u00fcr Betonbecken ist mit einer Skimmerklappe und einem Befestigungsmechanismus ausgestattet, um den R\u00fcckfluss von Schmutz zu verhindern. Breiter Hals f\u00fcr maximale Saugleistung. Bei einer Wasseroberfl\u00e4che von bis zu 25 m\u00b2 wird die Installation eines Skimmers empfohlen. Technische Daten: &#8211; Anschluss: D50 mm &hellip;<\/p>\n<p class=\"read-more\"> <a class=\" thunk-readmore button \" href=\"https:\/\/pool-house.shop\/de\/product\/skimmer-wide-fuer-betonbecken\/\"> <span class=\"screen-reader-text\">Skimmer WIDE f\u00fcr Betonbecken<\/span>Weiterlesen<\/a><\/p>\n","protected":false},"featured_media":6275,"template":"","meta":[],"product_brand":[],"product_cat":[239],"product_tag":[],"class_list":{"0":"post-6273","1":"product","2":"type-product","3":"status-publish","4":"has-post-thumbnail","6":"product_cat-skimmer","7":"thunk-woo-product-list","8":"open-woo-hover-none","9":"open-single-product-tab-horizontal","10":"open-shadow-","11":"open-shadow-hover-","13":"first","14":"instock","15":"taxable","16":"shipping-taxable","17":"purchasable","18":"product-type-simple"},"yoast_head":"<!-- This site is optimized with the Yoast SEO plugin v26.9 - https:\/\/yoast.com\/product\/yoast-seo-wordpress\/ -->\n<title>Skimmer WIDE f\u00fcr Betonbecken - Pool-House<\/title>\n<meta name=\"robots\" content=\"index, follow, max-snippet:-1, max-image-preview:large, max-video-preview:-1\" \/>\n<link rel=\"canonical\" href=\"https:\/\/pool-house.shop\/de\/product\/skimmer-wide-fuer-betonbecken\/\" \/>\n<meta property=\"og:locale\" content=\"de_DE\" \/>\n<meta property=\"og:type\" content=\"article\" \/>\n<meta property=\"og:title\" content=\"Skimmer WIDE f\u00fcr Betonbecken - Pool-House\" \/>\n<meta property=\"og:description\" content=\"Skimmer WIDE 6\/4&#8243; VNZ \/ D50 f\u00fcr Betonbecken Weithals-Skimmer f\u00fcr Betonbecken. Dieser Skimmer f\u00fcr Betonbecken ist mit einer Skimmerklappe und einem Befestigungsmechanismus ausgestattet, um den R\u00fcckfluss von Schmutz zu verhindern. Breiter Hals f\u00fcr maximale Saugleistung. Bei einer Wasseroberfl\u00e4che von bis zu 25 m\u00b2 wird die Installation eines Skimmers empfohlen. Technische Daten: &#8211; Anschluss: D50 mm &hellip; Skimmer WIDE f\u00fcr BetonbeckenWeiterlesen\" \/>\n<meta property=\"og:url\" content=\"https:\/\/pool-house.shop\/de\/product\/skimmer-wide-fuer-betonbecken\/\" \/>\n<meta property=\"og:site_name\" content=\"Pool-House\" \/>\n<meta property=\"article:publisher\" content=\"https:\/\/www.facebook.com\/termodomsk\/\" \/>\n<meta property=\"article:modified_time\" content=\"2026-03-08T16:23:16+00:00\" \/>\n<meta property=\"og:image\" content=\"https:\/\/pool-house.shop\/wp-content\/uploads\/termekkepek\/01\/011003.png\" \/>\n\t<meta property=\"og:image:width\" content=\"1600\" \/>\n\t<meta property=\"og:image:height\" content=\"1600\" \/>\n\t<meta property=\"og:image:type\" content=\"image\/png\" \/>\n<meta name=\"twitter:card\" content=\"summary_large_image\" \/>\n<meta name=\"twitter:label1\" content=\"Gesch\u00e4tzte Lesezeit\" \/>\n\t<meta name=\"twitter:data1\" content=\"2\u00a0Minuten\" \/>\n<script type=\"application\/ld+json\" class=\"yoast-schema-graph\">{\"@context\":\"https:\/\/schema.org\",\"@graph\":[{\"@type\":\"WebPage\",\"@id\":\"https:\/\/pool-house.shop\/de\/product\/skimmer-wide-fuer-betonbecken\/\",\"url\":\"https:\/\/pool-house.shop\/de\/product\/skimmer-wide-fuer-betonbecken\/\",\"name\":\"Skimmer WIDE f\u00fcr Betonbecken - Pool-House\",\"isPartOf\":{\"@id\":\"https:\/\/pool-house.shop\/de\/#website\"},\"primaryImageOfPage\":{\"@id\":\"https:\/\/pool-house.shop\/de\/product\/skimmer-wide-fuer-betonbecken\/#primaryimage\"},\"image\":{\"@id\":\"https:\/\/pool-house.shop\/de\/product\/skimmer-wide-fuer-betonbecken\/#primaryimage\"},\"thumbnailUrl\":\"https:\/\/pool-house.shop\/wp-content\/uploads\/termekkepek\/01\/011003.png\",\"datePublished\":\"2025-03-03T14:16:30+00:00\",\"dateModified\":\"2026-03-08T16:23:16+00:00\",\"breadcrumb\":{\"@id\":\"https:\/\/pool-house.shop\/de\/product\/skimmer-wide-fuer-betonbecken\/#breadcrumb\"},\"inLanguage\":\"de\",\"potentialAction\":[{\"@type\":\"ReadAction\",\"target\":[\"https:\/\/pool-house.shop\/de\/product\/skimmer-wide-fuer-betonbecken\/\"]}]},{\"@type\":\"ImageObject\",\"inLanguage\":\"de\",\"@id\":\"https:\/\/pool-house.shop\/de\/product\/skimmer-wide-fuer-betonbecken\/#primaryimage\",\"url\":\"https:\/\/pool-house.shop\/wp-content\/uploads\/termekkepek\/01\/011003.png\",\"contentUrl\":\"https:\/\/pool-house.shop\/wp-content\/uploads\/termekkepek\/01\/011003.png\",\"width\":1600,\"height\":1600},{\"@type\":\"BreadcrumbList\",\"@id\":\"https:\/\/pool-house.shop\/de\/product\/skimmer-wide-fuer-betonbecken\/#breadcrumb\",\"itemListElement\":[{\"@type\":\"ListItem\",\"position\":1,\"name\":\"Domovsk\u00e1 str\u00e1nka\",\"item\":\"https:\/\/pool-house.shop\/de\/\"},{\"@type\":\"ListItem\",\"position\":2,\"name\":\"Shop\",\"item\":\"https:\/\/pool-house.shop\/de\/shop\/\"},{\"@type\":\"ListItem\",\"position\":3,\"name\":\"Skimmer WIDE f\u00fcr Betonbecken\"}]},{\"@type\":\"WebSite\",\"@id\":\"https:\/\/pool-house.shop\/de\/#website\",\"url\":\"https:\/\/pool-house.shop\/de\/\",\"name\":\"Pool-House\",\"description\":\"\",\"publisher\":{\"@id\":\"https:\/\/pool-house.shop\/de\/#organization\"},\"potentialAction\":[{\"@type\":\"SearchAction\",\"target\":{\"@type\":\"EntryPoint\",\"urlTemplate\":\"https:\/\/pool-house.shop\/de\/?s={search_term_string}\"},\"query-input\":{\"@type\":\"PropertyValueSpecification\",\"valueRequired\":true,\"valueName\":\"search_term_string\"}}],\"inLanguage\":\"de\"},{\"@type\":\"Organization\",\"@id\":\"https:\/\/pool-house.shop\/de\/#organization\",\"name\":\"Pool-House\",\"url\":\"https:\/\/pool-house.shop\/de\/\",\"logo\":{\"@type\":\"ImageObject\",\"inLanguage\":\"de\",\"@id\":\"https:\/\/pool-house.shop\/de\/#\/schema\/logo\/image\/\",\"url\":\"https:\/\/pool-house.shop\/wp-content\/uploads\/2025\/10\/logo-2-stvorec-mobil-modre.png\",\"contentUrl\":\"https:\/\/pool-house.shop\/wp-content\/uploads\/2025\/10\/logo-2-stvorec-mobil-modre.png\",\"width\":273,\"height\":189,\"caption\":\"Pool-House\"},\"image\":{\"@id\":\"https:\/\/pool-house.shop\/de\/#\/schema\/logo\/image\/\"},\"sameAs\":[\"https:\/\/www.facebook.com\/termodomsk\/\"]}]}<\/script>\n<!-- \/ Yoast SEO plugin. -->","yoast_head_json":{"title":"Skimmer WIDE f\u00fcr Betonbecken - Pool-House","robots":{"index":"index","follow":"follow","max-snippet":"max-snippet:-1","max-image-preview":"max-image-preview:large","max-video-preview":"max-video-preview:-1"},"canonical":"https:\/\/pool-house.shop\/de\/product\/skimmer-wide-fuer-betonbecken\/","og_locale":"de_DE","og_type":"article","og_title":"Skimmer WIDE f\u00fcr Betonbecken - Pool-House","og_description":"Skimmer WIDE 6\/4&#8243; VNZ \/ D50 f\u00fcr Betonbecken Weithals-Skimmer f\u00fcr Betonbecken. Dieser Skimmer f\u00fcr Betonbecken ist mit einer Skimmerklappe und einem Befestigungsmechanismus ausgestattet, um den R\u00fcckfluss von Schmutz zu verhindern. Breiter Hals f\u00fcr maximale Saugleistung. Bei einer Wasseroberfl\u00e4che von bis zu 25 m\u00b2 wird die Installation eines Skimmers empfohlen. Technische Daten: &#8211; Anschluss: D50 mm &hellip; Skimmer WIDE f\u00fcr BetonbeckenWeiterlesen","og_url":"https:\/\/pool-house.shop\/de\/product\/skimmer-wide-fuer-betonbecken\/","og_site_name":"Pool-House","article_publisher":"https:\/\/www.facebook.com\/termodomsk\/","article_modified_time":"2026-03-08T16:23:16+00:00","og_image":[{"width":1600,"height":1600,"url":"https:\/\/pool-house.shop\/wp-content\/uploads\/termekkepek\/01\/011003.png","type":"image\/png"}],"twitter_card":"summary_large_image","twitter_misc":{"Gesch\u00e4tzte Lesezeit":"2\u00a0Minuten"},"schema":{"@context":"https:\/\/schema.org","@graph":[{"@type":"WebPage","@id":"https:\/\/pool-house.shop\/de\/product\/skimmer-wide-fuer-betonbecken\/","url":"https:\/\/pool-house.shop\/de\/product\/skimmer-wide-fuer-betonbecken\/","name":"Skimmer WIDE f\u00fcr Betonbecken - Pool-House","isPartOf":{"@id":"https:\/\/pool-house.shop\/de\/#website"},"primaryImageOfPage":{"@id":"https:\/\/pool-house.shop\/de\/product\/skimmer-wide-fuer-betonbecken\/#primaryimage"},"image":{"@id":"https:\/\/pool-house.shop\/de\/product\/skimmer-wide-fuer-betonbecken\/#primaryimage"},"thumbnailUrl":"https:\/\/pool-house.shop\/wp-content\/uploads\/termekkepek\/01\/011003.png","datePublished":"2025-03-03T14:16:30+00:00","dateModified":"2026-03-08T16:23:16+00:00","breadcrumb":{"@id":"https:\/\/pool-house.shop\/de\/product\/skimmer-wide-fuer-betonbecken\/#breadcrumb"},"inLanguage":"de","potentialAction":[{"@type":"ReadAction","target":["https:\/\/pool-house.shop\/de\/product\/skimmer-wide-fuer-betonbecken\/"]}]},{"@type":"ImageObject","inLanguage":"de","@id":"https:\/\/pool-house.shop\/de\/product\/skimmer-wide-fuer-betonbecken\/#primaryimage","url":"https:\/\/pool-house.shop\/wp-content\/uploads\/termekkepek\/01\/011003.png","contentUrl":"https:\/\/pool-house.shop\/wp-content\/uploads\/termekkepek\/01\/011003.png","width":1600,"height":1600},{"@type":"BreadcrumbList","@id":"https:\/\/pool-house.shop\/de\/product\/skimmer-wide-fuer-betonbecken\/#breadcrumb","itemListElement":[{"@type":"ListItem","position":1,"name":"Domovsk\u00e1 str\u00e1nka","item":"https:\/\/pool-house.shop\/de\/"},{"@type":"ListItem","position":2,"name":"Shop","item":"https:\/\/pool-house.shop\/de\/shop\/"},{"@type":"ListItem","position":3,"name":"Skimmer WIDE f\u00fcr Betonbecken"}]},{"@type":"WebSite","@id":"https:\/\/pool-house.shop\/de\/#website","url":"https:\/\/pool-house.shop\/de\/","name":"Pool-House","description":"","publisher":{"@id":"https:\/\/pool-house.shop\/de\/#organization"},"potentialAction":[{"@type":"SearchAction","target":{"@type":"EntryPoint","urlTemplate":"https:\/\/pool-house.shop\/de\/?s={search_term_string}"},"query-input":{"@type":"PropertyValueSpecification","valueRequired":true,"valueName":"search_term_string"}}],"inLanguage":"de"},{"@type":"Organization","@id":"https:\/\/pool-house.shop\/de\/#organization","name":"Pool-House","url":"https:\/\/pool-house.shop\/de\/","logo":{"@type":"ImageObject","inLanguage":"de","@id":"https:\/\/pool-house.shop\/de\/#\/schema\/logo\/image\/","url":"https:\/\/pool-house.shop\/wp-content\/uploads\/2025\/10\/logo-2-stvorec-mobil-modre.png","contentUrl":"https:\/\/pool-house.shop\/wp-content\/uploads\/2025\/10\/logo-2-stvorec-mobil-modre.png","width":273,"height":189,"caption":"Pool-House"},"image":{"@id":"https:\/\/pool-house.shop\/de\/#\/schema\/logo\/image\/"},"sameAs":["https:\/\/www.facebook.com\/termodomsk\/"]}]}},"_links":{"self":[{"href":"https:\/\/pool-house.shop\/de\/wp-json\/wp\/v2\/product\/6273","targetHints":{"allow":["GET"]}}],"collection":[{"href":"https:\/\/pool-house.shop\/de\/wp-json\/wp\/v2\/product"}],"about":[{"href":"https:\/\/pool-house.shop\/de\/wp-json\/wp\/v2\/types\/product"}],"wp:featuredmedia":[{"embeddable":true,"href":"https:\/\/pool-house.shop\/de\/wp-json\/wp\/v2\/media\/6275"}],"wp:attachment":[{"href":"https:\/\/pool-house.shop\/de\/wp-json\/wp\/v2\/media?parent=6273"}],"wp:term":[{"taxonomy":"product_brand","embeddable":true,"href":"https:\/\/pool-house.shop\/de\/wp-json\/wp\/v2\/product_brand?post=6273"},{"taxonomy":"product_cat","embeddable":true,"href":"https:\/\/pool-house.shop\/de\/wp-json\/wp\/v2\/product_cat?post=6273"},{"taxonomy":"product_tag","embeddable":true,"href":"https:\/\/pool-house.shop\/de\/wp-json\/wp\/v2\/product_tag?post=6273"}],"curies":[{"name":"wp","href":"https:\/\/api.w.org\/{rel}","templated":true}]}}