{"id":6332,"date":"2025-03-03T15:16:48","date_gmt":"2025-03-03T14:16:48","guid":{"rendered":"https:\/\/pool-house.shop\/product\/gerades-ueberlaufgitter-classic-double-195mm\/"},"modified":"2025-03-03T15:16:48","modified_gmt":"2025-03-03T14:16:48","slug":"gerades-ueberlaufgitter-classic-double-195mm","status":"publish","type":"product","link":"https:\/\/pool-house.shop\/de\/product\/gerades-ueberlaufgitter-classic-double-195mm\/","title":{"rendered":"Gerades \u00dcberlaufgitter Classic Double 195mm"},"content":{"rendered":"<p>\u00dcberlaufgitter \u2013 gerades Element<\/p>\n<p> \u00dcberlaufgitter aus PP (Polypropylen) \u2013 ein gerades und flexibles Element mit I-f\u00f6rmigem Profil in Wei\u00df.<\/p>\n<p> Abmessungen:<br \/>\n &#8211; H\u00f6he: 25 mm<br \/>\n &#8211; Breite: 195 mm<\/p>\n<p> \u00dcberlaufgitter<br \/>\n Ein \u00dcberlaufrinnensystem ist unerl\u00e4sslich f\u00fcr ein Becken mit Spannungswasserspiegel. Der Zweck des \u00dcberlaufgitters besteht darin, die Best\u00e4ndigkeit des Rinnensystems, das zur Ableitung des verschmutzten Poolwassers verwendet wird, gegen\u00fcber Witterungseinfl\u00fcssen sowie dessen \u00e4sthetische und sichere Abdeckung zu gew\u00e4hrleisten.<\/p>\n<p> ABS-Kunststoff<br \/>\n ABS (Acrylnitril-Butadien-Styrol) ist ein Thermoplast mit guter Schlagfestigkeit, hoher H\u00e4rte und Festigkeit, guter thermischer und chemischer Best\u00e4ndigkeit sowie guter Ger\u00e4usch- und Vibrationsd\u00e4mpfung. Seine Einzigartigkeit liegt in der Kombination verschiedener Materialien. Acrylnitril erh\u00f6ht die thermische und chemische Best\u00e4ndigkeit, Butadien erh\u00f6ht die Haltbarkeit und Festigkeit, und Styrol verbessert die Verarbeitbarkeit, senkt die Kosten und sorgt f\u00fcr eine gl\u00e4nzende Oberfl\u00e4che.   <\/p>\n","protected":false},"excerpt":{"rendered":"<p>\u00dcberlaufgitter \u2013 gerades Element \u00dcberlaufgitter aus PP (Polypropylen) \u2013 ein gerades und flexibles Element mit I-f\u00f6rmigem Profil in Wei\u00df. Abmessungen: &#8211; H\u00f6he: 25 mm &#8211; Breite: 195 mm \u00dcberlaufgitter Ein \u00dcberlaufrinnensystem ist unerl\u00e4sslich f\u00fcr ein Becken mit Spannungswasserspiegel. Der Zweck des \u00dcberlaufgitters besteht darin, die Best\u00e4ndigkeit des Rinnensystems, das zur Ableitung des verschmutzten Poolwassers verwendet &hellip;<\/p>\n<p class=\"read-more\"> <a class=\" thunk-readmore button \" href=\"https:\/\/pool-house.shop\/de\/product\/gerades-ueberlaufgitter-classic-double-195mm\/\"> <span class=\"screen-reader-text\">Gerades \u00dcberlaufgitter Classic Double 195mm<\/span>Weiterlesen<\/a><\/p>\n","protected":false},"featured_media":1063,"template":"","meta":[],"product_brand":[],"product_cat":[243],"product_tag":[],"class_list":{"0":"post-6332","1":"product","2":"type-product","3":"status-publish","4":"has-post-thumbnail","6":"product_cat-uberlaufgitter","7":"thunk-woo-product-list","8":"open-woo-hover-none","9":"open-single-product-tab-horizontal","10":"open-shadow-","11":"open-shadow-hover-","13":"first","14":"instock","15":"taxable","16":"shipping-taxable","17":"purchasable","18":"product-type-simple"},"yoast_head":"<!-- This site is optimized with the Yoast SEO plugin v26.9 - https:\/\/yoast.com\/product\/yoast-seo-wordpress\/ -->\n<title>Gerades \u00dcberlaufgitter Classic Double 195mm - Pool-House<\/title>\n<meta name=\"robots\" content=\"index, follow, max-snippet:-1, max-image-preview:large, max-video-preview:-1\" \/>\n<link rel=\"canonical\" href=\"https:\/\/pool-house.shop\/de\/product\/gerades-ueberlaufgitter-classic-double-195mm\/\" \/>\n<meta property=\"og:locale\" content=\"de_DE\" \/>\n<meta property=\"og:type\" content=\"article\" \/>\n<meta property=\"og:title\" content=\"Gerades \u00dcberlaufgitter Classic Double 195mm - Pool-House\" \/>\n<meta property=\"og:description\" content=\"\u00dcberlaufgitter \u2013 gerades Element \u00dcberlaufgitter aus PP (Polypropylen) \u2013 ein gerades und flexibles Element mit I-f\u00f6rmigem Profil in Wei\u00df. Abmessungen: &#8211; H\u00f6he: 25 mm &#8211; Breite: 195 mm \u00dcberlaufgitter Ein \u00dcberlaufrinnensystem ist unerl\u00e4sslich f\u00fcr ein Becken mit Spannungswasserspiegel. Der Zweck des \u00dcberlaufgitters besteht darin, die Best\u00e4ndigkeit des Rinnensystems, das zur Ableitung des verschmutzten Poolwassers verwendet &hellip; Gerades \u00dcberlaufgitter Classic Double 195mmWeiterlesen\" \/>\n<meta property=\"og:url\" content=\"https:\/\/pool-house.shop\/de\/product\/gerades-ueberlaufgitter-classic-double-195mm\/\" \/>\n<meta property=\"og:site_name\" content=\"Pool-House\" \/>\n<meta property=\"article:publisher\" content=\"https:\/\/www.facebook.com\/termodomsk\/\" \/>\n<meta property=\"og:image\" content=\"https:\/\/pool-house.shop\/wp-content\/uploads\/termekkepek\/01\/014120.png\" \/>\n\t<meta property=\"og:image:width\" content=\"1600\" \/>\n\t<meta property=\"og:image:height\" content=\"1600\" \/>\n\t<meta property=\"og:image:type\" content=\"image\/png\" \/>\n<meta name=\"twitter:card\" content=\"summary_large_image\" \/>\n<meta name=\"twitter:label1\" content=\"Gesch\u00e4tzte Lesezeit\" \/>\n\t<meta name=\"twitter:data1\" content=\"1\u00a0Minute\" \/>\n<script type=\"application\/ld+json\" class=\"yoast-schema-graph\">{\"@context\":\"https:\/\/schema.org\",\"@graph\":[{\"@type\":\"WebPage\",\"@id\":\"https:\/\/pool-house.shop\/de\/product\/gerades-ueberlaufgitter-classic-double-195mm\/\",\"url\":\"https:\/\/pool-house.shop\/de\/product\/gerades-ueberlaufgitter-classic-double-195mm\/\",\"name\":\"Gerades \u00dcberlaufgitter Classic Double 195mm - Pool-House\",\"isPartOf\":{\"@id\":\"https:\/\/pool-house.shop\/de\/#website\"},\"primaryImageOfPage\":{\"@id\":\"https:\/\/pool-house.shop\/de\/product\/gerades-ueberlaufgitter-classic-double-195mm\/#primaryimage\"},\"image\":{\"@id\":\"https:\/\/pool-house.shop\/de\/product\/gerades-ueberlaufgitter-classic-double-195mm\/#primaryimage\"},\"thumbnailUrl\":\"https:\/\/pool-house.shop\/wp-content\/uploads\/termekkepek\/01\/014120.png\",\"datePublished\":\"2025-03-03T14:16:48+00:00\",\"breadcrumb\":{\"@id\":\"https:\/\/pool-house.shop\/de\/product\/gerades-ueberlaufgitter-classic-double-195mm\/#breadcrumb\"},\"inLanguage\":\"de\",\"potentialAction\":[{\"@type\":\"ReadAction\",\"target\":[\"https:\/\/pool-house.shop\/de\/product\/gerades-ueberlaufgitter-classic-double-195mm\/\"]}]},{\"@type\":\"ImageObject\",\"inLanguage\":\"de\",\"@id\":\"https:\/\/pool-house.shop\/de\/product\/gerades-ueberlaufgitter-classic-double-195mm\/#primaryimage\",\"url\":\"https:\/\/pool-house.shop\/wp-content\/uploads\/termekkepek\/01\/014120.png\",\"contentUrl\":\"https:\/\/pool-house.shop\/wp-content\/uploads\/termekkepek\/01\/014120.png\",\"width\":1600,\"height\":1600},{\"@type\":\"BreadcrumbList\",\"@id\":\"https:\/\/pool-house.shop\/de\/product\/gerades-ueberlaufgitter-classic-double-195mm\/#breadcrumb\",\"itemListElement\":[{\"@type\":\"ListItem\",\"position\":1,\"name\":\"Domovsk\u00e1 str\u00e1nka\",\"item\":\"https:\/\/pool-house.shop\/de\/\"},{\"@type\":\"ListItem\",\"position\":2,\"name\":\"Shop\",\"item\":\"https:\/\/pool-house.shop\/de\/shop\/\"},{\"@type\":\"ListItem\",\"position\":3,\"name\":\"Gerades \u00dcberlaufgitter Classic Double 195mm\"}]},{\"@type\":\"WebSite\",\"@id\":\"https:\/\/pool-house.shop\/de\/#website\",\"url\":\"https:\/\/pool-house.shop\/de\/\",\"name\":\"Pool-House\",\"description\":\"\",\"publisher\":{\"@id\":\"https:\/\/pool-house.shop\/de\/#organization\"},\"potentialAction\":[{\"@type\":\"SearchAction\",\"target\":{\"@type\":\"EntryPoint\",\"urlTemplate\":\"https:\/\/pool-house.shop\/de\/?s={search_term_string}\"},\"query-input\":{\"@type\":\"PropertyValueSpecification\",\"valueRequired\":true,\"valueName\":\"search_term_string\"}}],\"inLanguage\":\"de\"},{\"@type\":\"Organization\",\"@id\":\"https:\/\/pool-house.shop\/de\/#organization\",\"name\":\"Pool-House\",\"url\":\"https:\/\/pool-house.shop\/de\/\",\"logo\":{\"@type\":\"ImageObject\",\"inLanguage\":\"de\",\"@id\":\"https:\/\/pool-house.shop\/de\/#\/schema\/logo\/image\/\",\"url\":\"https:\/\/pool-house.shop\/wp-content\/uploads\/2025\/10\/logo-2-stvorec-mobil-modre.png\",\"contentUrl\":\"https:\/\/pool-house.shop\/wp-content\/uploads\/2025\/10\/logo-2-stvorec-mobil-modre.png\",\"width\":273,\"height\":189,\"caption\":\"Pool-House\"},\"image\":{\"@id\":\"https:\/\/pool-house.shop\/de\/#\/schema\/logo\/image\/\"},\"sameAs\":[\"https:\/\/www.facebook.com\/termodomsk\/\"]}]}<\/script>\n<!-- \/ Yoast SEO plugin. -->","yoast_head_json":{"title":"Gerades \u00dcberlaufgitter Classic Double 195mm - Pool-House","robots":{"index":"index","follow":"follow","max-snippet":"max-snippet:-1","max-image-preview":"max-image-preview:large","max-video-preview":"max-video-preview:-1"},"canonical":"https:\/\/pool-house.shop\/de\/product\/gerades-ueberlaufgitter-classic-double-195mm\/","og_locale":"de_DE","og_type":"article","og_title":"Gerades \u00dcberlaufgitter Classic Double 195mm - Pool-House","og_description":"\u00dcberlaufgitter \u2013 gerades Element \u00dcberlaufgitter aus PP (Polypropylen) \u2013 ein gerades und flexibles Element mit I-f\u00f6rmigem Profil in Wei\u00df. Abmessungen: &#8211; H\u00f6he: 25 mm &#8211; Breite: 195 mm \u00dcberlaufgitter Ein \u00dcberlaufrinnensystem ist unerl\u00e4sslich f\u00fcr ein Becken mit Spannungswasserspiegel. Der Zweck des \u00dcberlaufgitters besteht darin, die Best\u00e4ndigkeit des Rinnensystems, das zur Ableitung des verschmutzten Poolwassers verwendet &hellip; Gerades \u00dcberlaufgitter Classic Double 195mmWeiterlesen","og_url":"https:\/\/pool-house.shop\/de\/product\/gerades-ueberlaufgitter-classic-double-195mm\/","og_site_name":"Pool-House","article_publisher":"https:\/\/www.facebook.com\/termodomsk\/","og_image":[{"width":1600,"height":1600,"url":"https:\/\/pool-house.shop\/wp-content\/uploads\/termekkepek\/01\/014120.png","type":"image\/png"}],"twitter_card":"summary_large_image","twitter_misc":{"Gesch\u00e4tzte Lesezeit":"1\u00a0Minute"},"schema":{"@context":"https:\/\/schema.org","@graph":[{"@type":"WebPage","@id":"https:\/\/pool-house.shop\/de\/product\/gerades-ueberlaufgitter-classic-double-195mm\/","url":"https:\/\/pool-house.shop\/de\/product\/gerades-ueberlaufgitter-classic-double-195mm\/","name":"Gerades \u00dcberlaufgitter Classic Double 195mm - Pool-House","isPartOf":{"@id":"https:\/\/pool-house.shop\/de\/#website"},"primaryImageOfPage":{"@id":"https:\/\/pool-house.shop\/de\/product\/gerades-ueberlaufgitter-classic-double-195mm\/#primaryimage"},"image":{"@id":"https:\/\/pool-house.shop\/de\/product\/gerades-ueberlaufgitter-classic-double-195mm\/#primaryimage"},"thumbnailUrl":"https:\/\/pool-house.shop\/wp-content\/uploads\/termekkepek\/01\/014120.png","datePublished":"2025-03-03T14:16:48+00:00","breadcrumb":{"@id":"https:\/\/pool-house.shop\/de\/product\/gerades-ueberlaufgitter-classic-double-195mm\/#breadcrumb"},"inLanguage":"de","potentialAction":[{"@type":"ReadAction","target":["https:\/\/pool-house.shop\/de\/product\/gerades-ueberlaufgitter-classic-double-195mm\/"]}]},{"@type":"ImageObject","inLanguage":"de","@id":"https:\/\/pool-house.shop\/de\/product\/gerades-ueberlaufgitter-classic-double-195mm\/#primaryimage","url":"https:\/\/pool-house.shop\/wp-content\/uploads\/termekkepek\/01\/014120.png","contentUrl":"https:\/\/pool-house.shop\/wp-content\/uploads\/termekkepek\/01\/014120.png","width":1600,"height":1600},{"@type":"BreadcrumbList","@id":"https:\/\/pool-house.shop\/de\/product\/gerades-ueberlaufgitter-classic-double-195mm\/#breadcrumb","itemListElement":[{"@type":"ListItem","position":1,"name":"Domovsk\u00e1 str\u00e1nka","item":"https:\/\/pool-house.shop\/de\/"},{"@type":"ListItem","position":2,"name":"Shop","item":"https:\/\/pool-house.shop\/de\/shop\/"},{"@type":"ListItem","position":3,"name":"Gerades \u00dcberlaufgitter Classic Double 195mm"}]},{"@type":"WebSite","@id":"https:\/\/pool-house.shop\/de\/#website","url":"https:\/\/pool-house.shop\/de\/","name":"Pool-House","description":"","publisher":{"@id":"https:\/\/pool-house.shop\/de\/#organization"},"potentialAction":[{"@type":"SearchAction","target":{"@type":"EntryPoint","urlTemplate":"https:\/\/pool-house.shop\/de\/?s={search_term_string}"},"query-input":{"@type":"PropertyValueSpecification","valueRequired":true,"valueName":"search_term_string"}}],"inLanguage":"de"},{"@type":"Organization","@id":"https:\/\/pool-house.shop\/de\/#organization","name":"Pool-House","url":"https:\/\/pool-house.shop\/de\/","logo":{"@type":"ImageObject","inLanguage":"de","@id":"https:\/\/pool-house.shop\/de\/#\/schema\/logo\/image\/","url":"https:\/\/pool-house.shop\/wp-content\/uploads\/2025\/10\/logo-2-stvorec-mobil-modre.png","contentUrl":"https:\/\/pool-house.shop\/wp-content\/uploads\/2025\/10\/logo-2-stvorec-mobil-modre.png","width":273,"height":189,"caption":"Pool-House"},"image":{"@id":"https:\/\/pool-house.shop\/de\/#\/schema\/logo\/image\/"},"sameAs":["https:\/\/www.facebook.com\/termodomsk\/"]}]}},"_links":{"self":[{"href":"https:\/\/pool-house.shop\/de\/wp-json\/wp\/v2\/product\/6332","targetHints":{"allow":["GET"]}}],"collection":[{"href":"https:\/\/pool-house.shop\/de\/wp-json\/wp\/v2\/product"}],"about":[{"href":"https:\/\/pool-house.shop\/de\/wp-json\/wp\/v2\/types\/product"}],"wp:featuredmedia":[{"embeddable":true,"href":"https:\/\/pool-house.shop\/de\/wp-json\/wp\/v2\/media\/1063"}],"wp:attachment":[{"href":"https:\/\/pool-house.shop\/de\/wp-json\/wp\/v2\/media?parent=6332"}],"wp:term":[{"taxonomy":"product_brand","embeddable":true,"href":"https:\/\/pool-house.shop\/de\/wp-json\/wp\/v2\/product_brand?post=6332"},{"taxonomy":"product_cat","embeddable":true,"href":"https:\/\/pool-house.shop\/de\/wp-json\/wp\/v2\/product_cat?post=6332"},{"taxonomy":"product_tag","embeddable":true,"href":"https:\/\/pool-house.shop\/de\/wp-json\/wp\/v2\/product_tag?post=6332"}],"curies":[{"name":"wp","href":"https:\/\/api.w.org\/{rel}","templated":true}]}}