{"id":6368,"date":"2025-03-03T15:16:45","date_gmt":"2025-03-03T14:16:45","guid":{"rendered":"https:\/\/pool-house.shop\/product\/ueberlaufgitter-flexibel-square-200-mm-anthrazit\/"},"modified":"2025-03-03T15:16:45","modified_gmt":"2025-03-03T14:16:45","slug":"ueberlaufgitter-flexibel-square-200-mm-anthrazit","status":"publish","type":"product","link":"https:\/\/pool-house.shop\/de\/product\/ueberlaufgitter-flexibel-square-200-mm-anthrazit\/","title":{"rendered":"\u00dcberlaufgitter flexibel Square 200 mm, Anthrazit"},"content":{"rendered":"<p>\u00dcberlaufgitter \u2013 gerades Element<\/p>\n<p> \u00dcberlaufgitter aus PP (Polypropylen) \u2013 ein gerades und flexibles Element mit I-f\u00f6rmigem Profil in Anthrazit. <\/p>\n<p> Abmessungen:<br \/>\n &#8211; H\u00f6he: 25 mm<br \/>\n &#8211; Breite: 200 mm<\/p>\n<p> \u00dcberlaufgitter<br \/>\n Ein \u00dcberlaufrinnensystem ist f\u00fcr einen Pool mit gespanntem Wasserspiegel unerl\u00e4sslich. Der Zweck des \u00dcberlaufgitters ist es, die Best\u00e4ndigkeit des Rinnensystems, das zur Ableitung des verschmutzten Poolwassers verwendet wird, gegen\u00fcber Witterungseinfl\u00fcssen zu gew\u00e4hrleisten sowie dessen \u00e4sthetische und sichere Abdeckung zu sichern.<\/p>\n<p> ABS-Kunststoff<br \/>\n ABS (Acrylnitril-Butadien-Styrol) ist ein Thermoplast mit guter Schlagfestigkeit, hoher H\u00e4rte und Festigkeit, guter W\u00e4rme- und Chemikalienbest\u00e4ndigkeit sowie guter Ger\u00e4usch- und Vibrationsd\u00e4mpfung. Seine Einzigartigkeit liegt in der Kombination verschiedener Materialien. Acrylnitril erh\u00f6ht die W\u00e4rme- und Chemikalienbest\u00e4ndigkeit, Butadien erh\u00f6ht die Haltbarkeit und Festigkeit, und Styrol verbessert die Verarbeitbarkeit, reduziert Kosten und sorgt f\u00fcr eine gl\u00e4nzende Oberfl\u00e4che.   <\/p>\n","protected":false},"excerpt":{"rendered":"<p>\u00dcberlaufgitter \u2013 gerades Element \u00dcberlaufgitter aus PP (Polypropylen) \u2013 ein gerades und flexibles Element mit I-f\u00f6rmigem Profil in Anthrazit. Abmessungen: &#8211; H\u00f6he: 25 mm &#8211; Breite: 200 mm \u00dcberlaufgitter Ein \u00dcberlaufrinnensystem ist f\u00fcr einen Pool mit gespanntem Wasserspiegel unerl\u00e4sslich. Der Zweck des \u00dcberlaufgitters ist es, die Best\u00e4ndigkeit des Rinnensystems, das zur Ableitung des verschmutzten Poolwassers &hellip;<\/p>\n<p class=\"read-more\"> <a class=\" thunk-readmore button \" href=\"https:\/\/pool-house.shop\/de\/product\/ueberlaufgitter-flexibel-square-200-mm-anthrazit\/\"> <span class=\"screen-reader-text\">\u00dcberlaufgitter flexibel Square 200 mm, Anthrazit<\/span>Weiterlesen<\/a><\/p>\n","protected":false},"featured_media":1035,"template":"","meta":[],"product_brand":[],"product_cat":[243],"product_tag":[],"class_list":{"0":"post-6368","1":"product","2":"type-product","3":"status-publish","4":"has-post-thumbnail","6":"product_cat-uberlaufgitter","7":"thunk-woo-product-list","8":"open-woo-hover-none","9":"open-single-product-tab-horizontal","10":"open-shadow-","11":"open-shadow-hover-","13":"first","14":"instock","15":"taxable","16":"shipping-taxable","17":"purchasable","18":"product-type-simple"},"yoast_head":"<!-- This site is optimized with the Yoast SEO plugin v26.9 - https:\/\/yoast.com\/product\/yoast-seo-wordpress\/ -->\n<title>\u00dcberlaufgitter flexibel Square 200 mm, Anthrazit - Pool-House<\/title>\n<meta name=\"robots\" content=\"index, follow, max-snippet:-1, max-image-preview:large, max-video-preview:-1\" \/>\n<link rel=\"canonical\" href=\"https:\/\/pool-house.shop\/de\/product\/ueberlaufgitter-flexibel-square-200-mm-anthrazit\/\" \/>\n<meta property=\"og:locale\" content=\"de_DE\" \/>\n<meta property=\"og:type\" content=\"article\" \/>\n<meta property=\"og:title\" content=\"\u00dcberlaufgitter flexibel Square 200 mm, Anthrazit - Pool-House\" \/>\n<meta property=\"og:description\" content=\"\u00dcberlaufgitter \u2013 gerades Element \u00dcberlaufgitter aus PP (Polypropylen) \u2013 ein gerades und flexibles Element mit I-f\u00f6rmigem Profil in Anthrazit. Abmessungen: &#8211; H\u00f6he: 25 mm &#8211; Breite: 200 mm \u00dcberlaufgitter Ein \u00dcberlaufrinnensystem ist f\u00fcr einen Pool mit gespanntem Wasserspiegel unerl\u00e4sslich. Der Zweck des \u00dcberlaufgitters ist es, die Best\u00e4ndigkeit des Rinnensystems, das zur Ableitung des verschmutzten Poolwassers &hellip; \u00dcberlaufgitter flexibel Square 200 mm, AnthrazitWeiterlesen\" \/>\n<meta property=\"og:url\" content=\"https:\/\/pool-house.shop\/de\/product\/ueberlaufgitter-flexibel-square-200-mm-anthrazit\/\" \/>\n<meta property=\"og:site_name\" content=\"Pool-House\" \/>\n<meta property=\"article:publisher\" content=\"https:\/\/www.facebook.com\/termodomsk\/\" \/>\n<meta property=\"og:image\" content=\"https:\/\/pool-house.shop\/wp-content\/uploads\/termekkepek\/01\/013021.png\" \/>\n\t<meta property=\"og:image:width\" content=\"1000\" \/>\n\t<meta property=\"og:image:height\" content=\"518\" \/>\n\t<meta property=\"og:image:type\" content=\"image\/png\" \/>\n<meta name=\"twitter:card\" content=\"summary_large_image\" \/>\n<meta name=\"twitter:label1\" content=\"Gesch\u00e4tzte Lesezeit\" \/>\n\t<meta name=\"twitter:data1\" content=\"1\u00a0Minute\" \/>\n<script type=\"application\/ld+json\" class=\"yoast-schema-graph\">{\"@context\":\"https:\/\/schema.org\",\"@graph\":[{\"@type\":\"WebPage\",\"@id\":\"https:\/\/pool-house.shop\/de\/product\/ueberlaufgitter-flexibel-square-200-mm-anthrazit\/\",\"url\":\"https:\/\/pool-house.shop\/de\/product\/ueberlaufgitter-flexibel-square-200-mm-anthrazit\/\",\"name\":\"\u00dcberlaufgitter flexibel Square 200 mm, Anthrazit - Pool-House\",\"isPartOf\":{\"@id\":\"https:\/\/pool-house.shop\/de\/#website\"},\"primaryImageOfPage\":{\"@id\":\"https:\/\/pool-house.shop\/de\/product\/ueberlaufgitter-flexibel-square-200-mm-anthrazit\/#primaryimage\"},\"image\":{\"@id\":\"https:\/\/pool-house.shop\/de\/product\/ueberlaufgitter-flexibel-square-200-mm-anthrazit\/#primaryimage\"},\"thumbnailUrl\":\"https:\/\/pool-house.shop\/wp-content\/uploads\/termekkepek\/01\/013021.png\",\"datePublished\":\"2025-03-03T14:16:45+00:00\",\"breadcrumb\":{\"@id\":\"https:\/\/pool-house.shop\/de\/product\/ueberlaufgitter-flexibel-square-200-mm-anthrazit\/#breadcrumb\"},\"inLanguage\":\"de\",\"potentialAction\":[{\"@type\":\"ReadAction\",\"target\":[\"https:\/\/pool-house.shop\/de\/product\/ueberlaufgitter-flexibel-square-200-mm-anthrazit\/\"]}]},{\"@type\":\"ImageObject\",\"inLanguage\":\"de\",\"@id\":\"https:\/\/pool-house.shop\/de\/product\/ueberlaufgitter-flexibel-square-200-mm-anthrazit\/#primaryimage\",\"url\":\"https:\/\/pool-house.shop\/wp-content\/uploads\/termekkepek\/01\/013021.png\",\"contentUrl\":\"https:\/\/pool-house.shop\/wp-content\/uploads\/termekkepek\/01\/013021.png\",\"width\":1000,\"height\":518},{\"@type\":\"BreadcrumbList\",\"@id\":\"https:\/\/pool-house.shop\/de\/product\/ueberlaufgitter-flexibel-square-200-mm-anthrazit\/#breadcrumb\",\"itemListElement\":[{\"@type\":\"ListItem\",\"position\":1,\"name\":\"Domovsk\u00e1 str\u00e1nka\",\"item\":\"https:\/\/pool-house.shop\/de\/\"},{\"@type\":\"ListItem\",\"position\":2,\"name\":\"Shop\",\"item\":\"https:\/\/pool-house.shop\/de\/shop\/\"},{\"@type\":\"ListItem\",\"position\":3,\"name\":\"\u00dcberlaufgitter flexibel Square 200 mm, Anthrazit\"}]},{\"@type\":\"WebSite\",\"@id\":\"https:\/\/pool-house.shop\/de\/#website\",\"url\":\"https:\/\/pool-house.shop\/de\/\",\"name\":\"Pool-House\",\"description\":\"\",\"publisher\":{\"@id\":\"https:\/\/pool-house.shop\/de\/#organization\"},\"potentialAction\":[{\"@type\":\"SearchAction\",\"target\":{\"@type\":\"EntryPoint\",\"urlTemplate\":\"https:\/\/pool-house.shop\/de\/?s={search_term_string}\"},\"query-input\":{\"@type\":\"PropertyValueSpecification\",\"valueRequired\":true,\"valueName\":\"search_term_string\"}}],\"inLanguage\":\"de\"},{\"@type\":\"Organization\",\"@id\":\"https:\/\/pool-house.shop\/de\/#organization\",\"name\":\"Pool-House\",\"url\":\"https:\/\/pool-house.shop\/de\/\",\"logo\":{\"@type\":\"ImageObject\",\"inLanguage\":\"de\",\"@id\":\"https:\/\/pool-house.shop\/de\/#\/schema\/logo\/image\/\",\"url\":\"https:\/\/pool-house.shop\/wp-content\/uploads\/2025\/10\/logo-2-stvorec-mobil-modre.png\",\"contentUrl\":\"https:\/\/pool-house.shop\/wp-content\/uploads\/2025\/10\/logo-2-stvorec-mobil-modre.png\",\"width\":273,\"height\":189,\"caption\":\"Pool-House\"},\"image\":{\"@id\":\"https:\/\/pool-house.shop\/de\/#\/schema\/logo\/image\/\"},\"sameAs\":[\"https:\/\/www.facebook.com\/termodomsk\/\"]}]}<\/script>\n<!-- \/ Yoast SEO plugin. -->","yoast_head_json":{"title":"\u00dcberlaufgitter flexibel Square 200 mm, Anthrazit - Pool-House","robots":{"index":"index","follow":"follow","max-snippet":"max-snippet:-1","max-image-preview":"max-image-preview:large","max-video-preview":"max-video-preview:-1"},"canonical":"https:\/\/pool-house.shop\/de\/product\/ueberlaufgitter-flexibel-square-200-mm-anthrazit\/","og_locale":"de_DE","og_type":"article","og_title":"\u00dcberlaufgitter flexibel Square 200 mm, Anthrazit - Pool-House","og_description":"\u00dcberlaufgitter \u2013 gerades Element \u00dcberlaufgitter aus PP (Polypropylen) \u2013 ein gerades und flexibles Element mit I-f\u00f6rmigem Profil in Anthrazit. Abmessungen: &#8211; H\u00f6he: 25 mm &#8211; Breite: 200 mm \u00dcberlaufgitter Ein \u00dcberlaufrinnensystem ist f\u00fcr einen Pool mit gespanntem Wasserspiegel unerl\u00e4sslich. Der Zweck des \u00dcberlaufgitters ist es, die Best\u00e4ndigkeit des Rinnensystems, das zur Ableitung des verschmutzten Poolwassers &hellip; \u00dcberlaufgitter flexibel Square 200 mm, AnthrazitWeiterlesen","og_url":"https:\/\/pool-house.shop\/de\/product\/ueberlaufgitter-flexibel-square-200-mm-anthrazit\/","og_site_name":"Pool-House","article_publisher":"https:\/\/www.facebook.com\/termodomsk\/","og_image":[{"width":1000,"height":518,"url":"https:\/\/pool-house.shop\/wp-content\/uploads\/termekkepek\/01\/013021.png","type":"image\/png"}],"twitter_card":"summary_large_image","twitter_misc":{"Gesch\u00e4tzte Lesezeit":"1\u00a0Minute"},"schema":{"@context":"https:\/\/schema.org","@graph":[{"@type":"WebPage","@id":"https:\/\/pool-house.shop\/de\/product\/ueberlaufgitter-flexibel-square-200-mm-anthrazit\/","url":"https:\/\/pool-house.shop\/de\/product\/ueberlaufgitter-flexibel-square-200-mm-anthrazit\/","name":"\u00dcberlaufgitter flexibel Square 200 mm, Anthrazit - Pool-House","isPartOf":{"@id":"https:\/\/pool-house.shop\/de\/#website"},"primaryImageOfPage":{"@id":"https:\/\/pool-house.shop\/de\/product\/ueberlaufgitter-flexibel-square-200-mm-anthrazit\/#primaryimage"},"image":{"@id":"https:\/\/pool-house.shop\/de\/product\/ueberlaufgitter-flexibel-square-200-mm-anthrazit\/#primaryimage"},"thumbnailUrl":"https:\/\/pool-house.shop\/wp-content\/uploads\/termekkepek\/01\/013021.png","datePublished":"2025-03-03T14:16:45+00:00","breadcrumb":{"@id":"https:\/\/pool-house.shop\/de\/product\/ueberlaufgitter-flexibel-square-200-mm-anthrazit\/#breadcrumb"},"inLanguage":"de","potentialAction":[{"@type":"ReadAction","target":["https:\/\/pool-house.shop\/de\/product\/ueberlaufgitter-flexibel-square-200-mm-anthrazit\/"]}]},{"@type":"ImageObject","inLanguage":"de","@id":"https:\/\/pool-house.shop\/de\/product\/ueberlaufgitter-flexibel-square-200-mm-anthrazit\/#primaryimage","url":"https:\/\/pool-house.shop\/wp-content\/uploads\/termekkepek\/01\/013021.png","contentUrl":"https:\/\/pool-house.shop\/wp-content\/uploads\/termekkepek\/01\/013021.png","width":1000,"height":518},{"@type":"BreadcrumbList","@id":"https:\/\/pool-house.shop\/de\/product\/ueberlaufgitter-flexibel-square-200-mm-anthrazit\/#breadcrumb","itemListElement":[{"@type":"ListItem","position":1,"name":"Domovsk\u00e1 str\u00e1nka","item":"https:\/\/pool-house.shop\/de\/"},{"@type":"ListItem","position":2,"name":"Shop","item":"https:\/\/pool-house.shop\/de\/shop\/"},{"@type":"ListItem","position":3,"name":"\u00dcberlaufgitter flexibel Square 200 mm, Anthrazit"}]},{"@type":"WebSite","@id":"https:\/\/pool-house.shop\/de\/#website","url":"https:\/\/pool-house.shop\/de\/","name":"Pool-House","description":"","publisher":{"@id":"https:\/\/pool-house.shop\/de\/#organization"},"potentialAction":[{"@type":"SearchAction","target":{"@type":"EntryPoint","urlTemplate":"https:\/\/pool-house.shop\/de\/?s={search_term_string}"},"query-input":{"@type":"PropertyValueSpecification","valueRequired":true,"valueName":"search_term_string"}}],"inLanguage":"de"},{"@type":"Organization","@id":"https:\/\/pool-house.shop\/de\/#organization","name":"Pool-House","url":"https:\/\/pool-house.shop\/de\/","logo":{"@type":"ImageObject","inLanguage":"de","@id":"https:\/\/pool-house.shop\/de\/#\/schema\/logo\/image\/","url":"https:\/\/pool-house.shop\/wp-content\/uploads\/2025\/10\/logo-2-stvorec-mobil-modre.png","contentUrl":"https:\/\/pool-house.shop\/wp-content\/uploads\/2025\/10\/logo-2-stvorec-mobil-modre.png","width":273,"height":189,"caption":"Pool-House"},"image":{"@id":"https:\/\/pool-house.shop\/de\/#\/schema\/logo\/image\/"},"sameAs":["https:\/\/www.facebook.com\/termodomsk\/"]}]}},"_links":{"self":[{"href":"https:\/\/pool-house.shop\/de\/wp-json\/wp\/v2\/product\/6368","targetHints":{"allow":["GET"]}}],"collection":[{"href":"https:\/\/pool-house.shop\/de\/wp-json\/wp\/v2\/product"}],"about":[{"href":"https:\/\/pool-house.shop\/de\/wp-json\/wp\/v2\/types\/product"}],"wp:featuredmedia":[{"embeddable":true,"href":"https:\/\/pool-house.shop\/de\/wp-json\/wp\/v2\/media\/1035"}],"wp:attachment":[{"href":"https:\/\/pool-house.shop\/de\/wp-json\/wp\/v2\/media?parent=6368"}],"wp:term":[{"taxonomy":"product_brand","embeddable":true,"href":"https:\/\/pool-house.shop\/de\/wp-json\/wp\/v2\/product_brand?post=6368"},{"taxonomy":"product_cat","embeddable":true,"href":"https:\/\/pool-house.shop\/de\/wp-json\/wp\/v2\/product_cat?post=6368"},{"taxonomy":"product_tag","embeddable":true,"href":"https:\/\/pool-house.shop\/de\/wp-json\/wp\/v2\/product_tag?post=6368"}],"curies":[{"name":"wp","href":"https:\/\/api.w.org\/{rel}","templated":true}]}}