{"id":6377,"date":"2025-03-03T15:16:45","date_gmt":"2025-03-03T14:16:45","guid":{"rendered":"https:\/\/pool-house.shop\/product\/skimmer-aus-edelstahl-slim-450-fuer-folienbecken\/"},"modified":"2025-03-03T15:16:45","modified_gmt":"2025-03-03T14:16:45","slug":"skimmer-aus-edelstahl-slim-450-fuer-folienbecken","status":"publish","type":"product","link":"https:\/\/pool-house.shop\/de\/product\/skimmer-aus-edelstahl-slim-450-fuer-folienbecken\/","title":{"rendered":"Skimmer aus Edelstahl \u2013 Slim 450 f\u00fcr Folienbecken"},"content":{"rendered":"<p>Skimmer Slim<\/p>\n<p> Der Skimmer Slim ist eine hervorragende Alternative zum \u00fcblicherweise verwendeten Skimmer-Typ f\u00fcr Folienbecken und die beste Wahl zur Reinigung der Wasseroberfl\u00e4che und zur Entfernung von Verunreinigungen aus dem Wasser.<br \/>\n Dank des von der Vorderseite des Skimmers entfernten Filters kann der Skimmer in Ihrem Pool installiert werden, ohne dass weitere Anpassungen am Beckenrand erforderlich sind.<br \/>\n Der Skimmer Slim ist aus Edelstahl AISI 316 gefertigt und mit einem 2-Zoll-Anschluss ausgestattet. Er wird im Set mit einer Dichtung und einem polierten Abdeckrahmen geliefert. Der Filter, der ebenfalls aus Edelstahl AISI 316 gefertigt ist und einen Durchfluss von 8 m\u00b3\/Std. hat, kann durch die vordere \u00d6ffnung ausgetauscht\/entnommen werden.<br \/>\n Er wird in Folien- und Stahlbecken sowie in Becken mit Keramikfliesen installiert. <\/p>\n<p> Skimmer<br \/>\n Die Aufgabe des Skimmers ist es, neben dem Absaugen von Wasser auch schwimmende Verunreinigungen (z. B. Bl\u00e4tter, Insekten und andere) aus dem Pool zu entfernen. Diese Verunreinigungen sammeln sich im Filterkorb des Skimmers, der w\u00f6chentlich \u00fcberpr\u00fcft werden sollte. F\u00fcr eine optimale Funktion stellen Sie den Skimmer so ein, dass der Poolwasserspiegel die Mitte seiner \u00d6ffnung erreicht. In den Skimmerkorb k\u00f6nnen sich langsam aufl\u00f6sende Chemikalien wie Chlor- oder Flockungstabletten legen, um die Verwendung eines schwimmenden Chemikaliendosierers zu vermeiden. Die meisten Skimmer sind so konzipiert, dass sie auch das Absaugen des Pools erm\u00f6glichen.<\/p>\n<p> Edelstahl<br \/>\n Edelstahl (auch als Inox-Stahl bekannt) ist eine Stahllegierung mit h\u00f6herem Chromgehalt, die widerstandsf\u00e4higer gegen Korrosion und Verf\u00e4rbung ist, trotz seines Namens jedoch anf\u00e4llig f\u00fcr Rost ist, insbesondere unter Bedingungen mit geringem Sauerstoffgehalt, hohem Salzgehalt oder in unbel\u00fcfteten R\u00e4umen. Chromoxid bildet eine passive Schicht, die das Rosten verhindert oder verlangsamt und dessen Eindringen in die inneren Stahlschichten verhindert.     <\/p>\n","protected":false},"excerpt":{"rendered":"<p>Skimmer Slim Der Skimmer Slim ist eine hervorragende Alternative zum \u00fcblicherweise verwendeten Skimmer-Typ f\u00fcr Folienbecken und die beste Wahl zur Reinigung der Wasseroberfl\u00e4che und zur Entfernung von Verunreinigungen aus dem Wasser. Dank des von der Vorderseite des Skimmers entfernten Filters kann der Skimmer in Ihrem Pool installiert werden, ohne dass weitere Anpassungen am Beckenrand erforderlich &hellip;<\/p>\n<p class=\"read-more\"> <a class=\" thunk-readmore button \" href=\"https:\/\/pool-house.shop\/de\/product\/skimmer-aus-edelstahl-slim-450-fuer-folienbecken\/\"> <span class=\"screen-reader-text\">Skimmer aus Edelstahl \u2013 Slim 450 f\u00fcr Folienbecken<\/span>Weiterlesen<\/a><\/p>\n","protected":false},"featured_media":6379,"template":"","meta":[],"product_brand":[],"product_cat":[239],"product_tag":[],"class_list":{"0":"post-6377","1":"product","2":"type-product","3":"status-publish","4":"has-post-thumbnail","6":"product_cat-skimmer","7":"thunk-woo-product-list","8":"open-woo-hover-none","9":"open-single-product-tab-horizontal","10":"open-shadow-","11":"open-shadow-hover-","13":"first","14":"onbackorder","15":"taxable","16":"shipping-taxable","17":"purchasable","18":"product-type-simple"},"yoast_head":"<!-- This site is optimized with the Yoast SEO plugin v26.9 - https:\/\/yoast.com\/product\/yoast-seo-wordpress\/ -->\n<title>Skimmer aus Edelstahl \u2013 Slim 450 f\u00fcr Folienbecken - Pool-House<\/title>\n<meta name=\"robots\" content=\"index, follow, max-snippet:-1, max-image-preview:large, max-video-preview:-1\" \/>\n<link rel=\"canonical\" href=\"https:\/\/pool-house.shop\/de\/product\/skimmer-aus-edelstahl-slim-450-fuer-folienbecken\/\" \/>\n<meta property=\"og:locale\" content=\"de_DE\" \/>\n<meta property=\"og:type\" content=\"article\" \/>\n<meta property=\"og:title\" content=\"Skimmer aus Edelstahl \u2013 Slim 450 f\u00fcr Folienbecken - Pool-House\" \/>\n<meta property=\"og:description\" content=\"Skimmer Slim Der Skimmer Slim ist eine hervorragende Alternative zum \u00fcblicherweise verwendeten Skimmer-Typ f\u00fcr Folienbecken und die beste Wahl zur Reinigung der Wasseroberfl\u00e4che und zur Entfernung von Verunreinigungen aus dem Wasser. Dank des von der Vorderseite des Skimmers entfernten Filters kann der Skimmer in Ihrem Pool installiert werden, ohne dass weitere Anpassungen am Beckenrand erforderlich &hellip; Skimmer aus Edelstahl \u2013 Slim 450 f\u00fcr FolienbeckenWeiterlesen\" \/>\n<meta property=\"og:url\" content=\"https:\/\/pool-house.shop\/de\/product\/skimmer-aus-edelstahl-slim-450-fuer-folienbecken\/\" \/>\n<meta property=\"og:site_name\" content=\"Pool-House\" \/>\n<meta property=\"article:publisher\" content=\"https:\/\/www.facebook.com\/termodomsk\/\" \/>\n<meta property=\"og:image\" content=\"https:\/\/pool-house.shop\/wp-content\/uploads\/termekkepek\/01\/012235.png\" \/>\n\t<meta property=\"og:image:width\" content=\"1600\" \/>\n\t<meta property=\"og:image:height\" content=\"1600\" \/>\n\t<meta property=\"og:image:type\" content=\"image\/png\" \/>\n<meta name=\"twitter:card\" content=\"summary_large_image\" \/>\n<meta name=\"twitter:label1\" content=\"Gesch\u00e4tzte Lesezeit\" \/>\n\t<meta name=\"twitter:data1\" content=\"1\u00a0Minute\" \/>\n<script type=\"application\/ld+json\" class=\"yoast-schema-graph\">{\"@context\":\"https:\/\/schema.org\",\"@graph\":[{\"@type\":\"WebPage\",\"@id\":\"https:\/\/pool-house.shop\/de\/product\/skimmer-aus-edelstahl-slim-450-fuer-folienbecken\/\",\"url\":\"https:\/\/pool-house.shop\/de\/product\/skimmer-aus-edelstahl-slim-450-fuer-folienbecken\/\",\"name\":\"Skimmer aus Edelstahl \u2013 Slim 450 f\u00fcr Folienbecken - Pool-House\",\"isPartOf\":{\"@id\":\"https:\/\/pool-house.shop\/de\/#website\"},\"primaryImageOfPage\":{\"@id\":\"https:\/\/pool-house.shop\/de\/product\/skimmer-aus-edelstahl-slim-450-fuer-folienbecken\/#primaryimage\"},\"image\":{\"@id\":\"https:\/\/pool-house.shop\/de\/product\/skimmer-aus-edelstahl-slim-450-fuer-folienbecken\/#primaryimage\"},\"thumbnailUrl\":\"https:\/\/pool-house.shop\/wp-content\/uploads\/termekkepek\/01\/012235.png\",\"datePublished\":\"2025-03-03T14:16:45+00:00\",\"breadcrumb\":{\"@id\":\"https:\/\/pool-house.shop\/de\/product\/skimmer-aus-edelstahl-slim-450-fuer-folienbecken\/#breadcrumb\"},\"inLanguage\":\"de\",\"potentialAction\":[{\"@type\":\"ReadAction\",\"target\":[\"https:\/\/pool-house.shop\/de\/product\/skimmer-aus-edelstahl-slim-450-fuer-folienbecken\/\"]}]},{\"@type\":\"ImageObject\",\"inLanguage\":\"de\",\"@id\":\"https:\/\/pool-house.shop\/de\/product\/skimmer-aus-edelstahl-slim-450-fuer-folienbecken\/#primaryimage\",\"url\":\"https:\/\/pool-house.shop\/wp-content\/uploads\/termekkepek\/01\/012235.png\",\"contentUrl\":\"https:\/\/pool-house.shop\/wp-content\/uploads\/termekkepek\/01\/012235.png\",\"width\":1600,\"height\":1600},{\"@type\":\"BreadcrumbList\",\"@id\":\"https:\/\/pool-house.shop\/de\/product\/skimmer-aus-edelstahl-slim-450-fuer-folienbecken\/#breadcrumb\",\"itemListElement\":[{\"@type\":\"ListItem\",\"position\":1,\"name\":\"Domovsk\u00e1 str\u00e1nka\",\"item\":\"https:\/\/pool-house.shop\/de\/\"},{\"@type\":\"ListItem\",\"position\":2,\"name\":\"Shop\",\"item\":\"https:\/\/pool-house.shop\/de\/shop\/\"},{\"@type\":\"ListItem\",\"position\":3,\"name\":\"Skimmer aus Edelstahl \u2013 Slim 450 f\u00fcr Folienbecken\"}]},{\"@type\":\"WebSite\",\"@id\":\"https:\/\/pool-house.shop\/de\/#website\",\"url\":\"https:\/\/pool-house.shop\/de\/\",\"name\":\"Pool-House\",\"description\":\"\",\"publisher\":{\"@id\":\"https:\/\/pool-house.shop\/de\/#organization\"},\"potentialAction\":[{\"@type\":\"SearchAction\",\"target\":{\"@type\":\"EntryPoint\",\"urlTemplate\":\"https:\/\/pool-house.shop\/de\/?s={search_term_string}\"},\"query-input\":{\"@type\":\"PropertyValueSpecification\",\"valueRequired\":true,\"valueName\":\"search_term_string\"}}],\"inLanguage\":\"de\"},{\"@type\":\"Organization\",\"@id\":\"https:\/\/pool-house.shop\/de\/#organization\",\"name\":\"Pool-House\",\"url\":\"https:\/\/pool-house.shop\/de\/\",\"logo\":{\"@type\":\"ImageObject\",\"inLanguage\":\"de\",\"@id\":\"https:\/\/pool-house.shop\/de\/#\/schema\/logo\/image\/\",\"url\":\"https:\/\/pool-house.shop\/wp-content\/uploads\/2025\/10\/logo-2-stvorec-mobil-modre.png\",\"contentUrl\":\"https:\/\/pool-house.shop\/wp-content\/uploads\/2025\/10\/logo-2-stvorec-mobil-modre.png\",\"width\":273,\"height\":189,\"caption\":\"Pool-House\"},\"image\":{\"@id\":\"https:\/\/pool-house.shop\/de\/#\/schema\/logo\/image\/\"},\"sameAs\":[\"https:\/\/www.facebook.com\/termodomsk\/\"]}]}<\/script>\n<!-- \/ Yoast SEO plugin. -->","yoast_head_json":{"title":"Skimmer aus Edelstahl \u2013 Slim 450 f\u00fcr Folienbecken - Pool-House","robots":{"index":"index","follow":"follow","max-snippet":"max-snippet:-1","max-image-preview":"max-image-preview:large","max-video-preview":"max-video-preview:-1"},"canonical":"https:\/\/pool-house.shop\/de\/product\/skimmer-aus-edelstahl-slim-450-fuer-folienbecken\/","og_locale":"de_DE","og_type":"article","og_title":"Skimmer aus Edelstahl \u2013 Slim 450 f\u00fcr Folienbecken - Pool-House","og_description":"Skimmer Slim Der Skimmer Slim ist eine hervorragende Alternative zum \u00fcblicherweise verwendeten Skimmer-Typ f\u00fcr Folienbecken und die beste Wahl zur Reinigung der Wasseroberfl\u00e4che und zur Entfernung von Verunreinigungen aus dem Wasser. Dank des von der Vorderseite des Skimmers entfernten Filters kann der Skimmer in Ihrem Pool installiert werden, ohne dass weitere Anpassungen am Beckenrand erforderlich &hellip; Skimmer aus Edelstahl \u2013 Slim 450 f\u00fcr FolienbeckenWeiterlesen","og_url":"https:\/\/pool-house.shop\/de\/product\/skimmer-aus-edelstahl-slim-450-fuer-folienbecken\/","og_site_name":"Pool-House","article_publisher":"https:\/\/www.facebook.com\/termodomsk\/","og_image":[{"width":1600,"height":1600,"url":"https:\/\/pool-house.shop\/wp-content\/uploads\/termekkepek\/01\/012235.png","type":"image\/png"}],"twitter_card":"summary_large_image","twitter_misc":{"Gesch\u00e4tzte Lesezeit":"1\u00a0Minute"},"schema":{"@context":"https:\/\/schema.org","@graph":[{"@type":"WebPage","@id":"https:\/\/pool-house.shop\/de\/product\/skimmer-aus-edelstahl-slim-450-fuer-folienbecken\/","url":"https:\/\/pool-house.shop\/de\/product\/skimmer-aus-edelstahl-slim-450-fuer-folienbecken\/","name":"Skimmer aus Edelstahl \u2013 Slim 450 f\u00fcr Folienbecken - Pool-House","isPartOf":{"@id":"https:\/\/pool-house.shop\/de\/#website"},"primaryImageOfPage":{"@id":"https:\/\/pool-house.shop\/de\/product\/skimmer-aus-edelstahl-slim-450-fuer-folienbecken\/#primaryimage"},"image":{"@id":"https:\/\/pool-house.shop\/de\/product\/skimmer-aus-edelstahl-slim-450-fuer-folienbecken\/#primaryimage"},"thumbnailUrl":"https:\/\/pool-house.shop\/wp-content\/uploads\/termekkepek\/01\/012235.png","datePublished":"2025-03-03T14:16:45+00:00","breadcrumb":{"@id":"https:\/\/pool-house.shop\/de\/product\/skimmer-aus-edelstahl-slim-450-fuer-folienbecken\/#breadcrumb"},"inLanguage":"de","potentialAction":[{"@type":"ReadAction","target":["https:\/\/pool-house.shop\/de\/product\/skimmer-aus-edelstahl-slim-450-fuer-folienbecken\/"]}]},{"@type":"ImageObject","inLanguage":"de","@id":"https:\/\/pool-house.shop\/de\/product\/skimmer-aus-edelstahl-slim-450-fuer-folienbecken\/#primaryimage","url":"https:\/\/pool-house.shop\/wp-content\/uploads\/termekkepek\/01\/012235.png","contentUrl":"https:\/\/pool-house.shop\/wp-content\/uploads\/termekkepek\/01\/012235.png","width":1600,"height":1600},{"@type":"BreadcrumbList","@id":"https:\/\/pool-house.shop\/de\/product\/skimmer-aus-edelstahl-slim-450-fuer-folienbecken\/#breadcrumb","itemListElement":[{"@type":"ListItem","position":1,"name":"Domovsk\u00e1 str\u00e1nka","item":"https:\/\/pool-house.shop\/de\/"},{"@type":"ListItem","position":2,"name":"Shop","item":"https:\/\/pool-house.shop\/de\/shop\/"},{"@type":"ListItem","position":3,"name":"Skimmer aus Edelstahl \u2013 Slim 450 f\u00fcr Folienbecken"}]},{"@type":"WebSite","@id":"https:\/\/pool-house.shop\/de\/#website","url":"https:\/\/pool-house.shop\/de\/","name":"Pool-House","description":"","publisher":{"@id":"https:\/\/pool-house.shop\/de\/#organization"},"potentialAction":[{"@type":"SearchAction","target":{"@type":"EntryPoint","urlTemplate":"https:\/\/pool-house.shop\/de\/?s={search_term_string}"},"query-input":{"@type":"PropertyValueSpecification","valueRequired":true,"valueName":"search_term_string"}}],"inLanguage":"de"},{"@type":"Organization","@id":"https:\/\/pool-house.shop\/de\/#organization","name":"Pool-House","url":"https:\/\/pool-house.shop\/de\/","logo":{"@type":"ImageObject","inLanguage":"de","@id":"https:\/\/pool-house.shop\/de\/#\/schema\/logo\/image\/","url":"https:\/\/pool-house.shop\/wp-content\/uploads\/2025\/10\/logo-2-stvorec-mobil-modre.png","contentUrl":"https:\/\/pool-house.shop\/wp-content\/uploads\/2025\/10\/logo-2-stvorec-mobil-modre.png","width":273,"height":189,"caption":"Pool-House"},"image":{"@id":"https:\/\/pool-house.shop\/de\/#\/schema\/logo\/image\/"},"sameAs":["https:\/\/www.facebook.com\/termodomsk\/"]}]}},"_links":{"self":[{"href":"https:\/\/pool-house.shop\/de\/wp-json\/wp\/v2\/product\/6377","targetHints":{"allow":["GET"]}}],"collection":[{"href":"https:\/\/pool-house.shop\/de\/wp-json\/wp\/v2\/product"}],"about":[{"href":"https:\/\/pool-house.shop\/de\/wp-json\/wp\/v2\/types\/product"}],"wp:featuredmedia":[{"embeddable":true,"href":"https:\/\/pool-house.shop\/de\/wp-json\/wp\/v2\/media\/6379"}],"wp:attachment":[{"href":"https:\/\/pool-house.shop\/de\/wp-json\/wp\/v2\/media?parent=6377"}],"wp:term":[{"taxonomy":"product_brand","embeddable":true,"href":"https:\/\/pool-house.shop\/de\/wp-json\/wp\/v2\/product_brand?post=6377"},{"taxonomy":"product_cat","embeddable":true,"href":"https:\/\/pool-house.shop\/de\/wp-json\/wp\/v2\/product_cat?post=6377"},{"taxonomy":"product_tag","embeddable":true,"href":"https:\/\/pool-house.shop\/de\/wp-json\/wp\/v2\/product_tag?post=6377"}],"curies":[{"name":"wp","href":"https:\/\/api.w.org\/{rel}","templated":true}]}}