{"id":6389,"date":"2025-03-03T15:16:44","date_gmt":"2025-03-03T14:16:44","guid":{"rendered":"https:\/\/pool-house.shop\/product\/mts-bodenablauf-mit-edelstahldeckel-fuer-betonbecken\/"},"modified":"2025-03-03T15:16:44","modified_gmt":"2025-03-03T14:16:44","slug":"mts-bodenablauf-mit-edelstahldeckel-fuer-betonbecken","status":"publish","type":"product","link":"https:\/\/pool-house.shop\/de\/product\/mts-bodenablauf-mit-edelstahldeckel-fuer-betonbecken\/","title":{"rendered":"MTS Bodenablauf mit Edelstahldeckel f\u00fcr Betonbecken"},"content":{"rendered":"<p>MTS Bodenablauf mit Edelstahlrost f\u00fcr Betonbecken<\/p>\n<p> Hochwertiger runder Bodenablauf mit Stahlschutzrost f\u00fcr Betonbecken. Dieses Element wird am Beckenboden installiert und dient zum Ablassen des Poolwassers.<x id=\"gid_2\"><\/x> <x id=\"gid_3\"><\/x> Eigenschaften:<x id=\"gid_4\"><\/x> &#8211; Saugseitiger Anschluss: Au\u00dfengewinde 2&#8243;, Innengewinde 2 1\/2&#8243;,<x id=\"gid_5\"><\/x> &#8211; Klebeanschluss: D63,<x id=\"gid_6\"><\/x> &#8211; Abmessungen: 170 x 170 mm,<x id=\"gid_7\"><\/x> &#8211; Farbe: Wei\u00df,<x id=\"gid_8\"><\/x> &#8211; Form: quadratisch,<x id=\"gid_9\"><\/x> &#8211; Beckentyp: Betonbecken,<x id=\"gid_10\"><\/x> &#8211; Material: Edelstahl V4A, ABS-Kunststoff.<x id=\"gid_11\"><\/x> <x id=\"gid_12\"><\/x> Edelstahl <x id=\"gid_13\"><\/x> Edelstahl (auch als Inox-Stahl bekannt) ist eine Stahllegierung mit h\u00f6herem Chromgehalt, die korrosions- und verf\u00e4rbungsbest\u00e4ndiger ist. Trotz seines Namens ist er jedoch anf\u00e4llig f\u00fcr Rost, insbesondere unter Bedingungen mit geringem Sauerstoffgehalt, hohem Salzgehalt oder in unbel\u00fcfteten R\u00e4umen. Chromoxid bildet eine passive Schicht, die Rost verhindert oder verlangsamt und dessen Eindringen in die inneren Stahlschichten verhindert.  <\/p>\n","protected":false},"excerpt":{"rendered":"<p>MTS Bodenablauf mit Edelstahlrost f\u00fcr Betonbecken Hochwertiger runder Bodenablauf mit Stahlschutzrost f\u00fcr Betonbecken. Dieses Element wird am Beckenboden installiert und dient zum Ablassen des Poolwassers. Eigenschaften: &#8211; Saugseitiger Anschluss: Au\u00dfengewinde 2&#8243;, Innengewinde 2 1\/2&#8243;, &#8211; Klebeanschluss: D63, &#8211; Abmessungen: 170 x 170 mm, &#8211; Farbe: Wei\u00df, &#8211; Form: quadratisch, &#8211; Beckentyp: Betonbecken, &#8211; Material: Edelstahl &hellip;<\/p>\n<p class=\"read-more\"> <a class=\" thunk-readmore button \" href=\"https:\/\/pool-house.shop\/de\/product\/mts-bodenablauf-mit-edelstahldeckel-fuer-betonbecken\/\"> <span class=\"screen-reader-text\">MTS Bodenablauf mit Edelstahldeckel f\u00fcr Betonbecken<\/span>Weiterlesen<\/a><\/p>\n","protected":false},"featured_media":1010,"template":"","meta":[],"product_brand":[],"product_cat":[238],"product_tag":[],"class_list":{"0":"post-6389","1":"product","2":"type-product","3":"status-publish","4":"has-post-thumbnail","6":"product_cat-bodenablaufe","7":"thunk-woo-product-list","8":"open-woo-hover-none","9":"open-single-product-tab-horizontal","10":"open-shadow-","11":"open-shadow-hover-","13":"first","14":"instock","15":"taxable","16":"shipping-taxable","17":"purchasable","18":"product-type-simple"},"yoast_head":"<!-- This site is optimized with the Yoast SEO plugin v26.9 - https:\/\/yoast.com\/product\/yoast-seo-wordpress\/ -->\n<title>MTS Bodenablauf mit Edelstahldeckel f\u00fcr Betonbecken - Pool-House<\/title>\n<meta name=\"robots\" content=\"index, follow, max-snippet:-1, max-image-preview:large, max-video-preview:-1\" \/>\n<link rel=\"canonical\" href=\"https:\/\/pool-house.shop\/de\/product\/mts-bodenablauf-mit-edelstahldeckel-fuer-betonbecken\/\" \/>\n<meta property=\"og:locale\" content=\"de_DE\" \/>\n<meta property=\"og:type\" content=\"article\" \/>\n<meta property=\"og:title\" content=\"MTS Bodenablauf mit Edelstahldeckel f\u00fcr Betonbecken - Pool-House\" \/>\n<meta property=\"og:description\" content=\"MTS Bodenablauf mit Edelstahlrost f\u00fcr Betonbecken Hochwertiger runder Bodenablauf mit Stahlschutzrost f\u00fcr Betonbecken. Dieses Element wird am Beckenboden installiert und dient zum Ablassen des Poolwassers. Eigenschaften: &#8211; Saugseitiger Anschluss: Au\u00dfengewinde 2&#8243;, Innengewinde 2 1\/2&#8243;, &#8211; Klebeanschluss: D63, &#8211; Abmessungen: 170 x 170 mm, &#8211; Farbe: Wei\u00df, &#8211; Form: quadratisch, &#8211; Beckentyp: Betonbecken, &#8211; Material: Edelstahl &hellip; MTS Bodenablauf mit Edelstahldeckel f\u00fcr BetonbeckenWeiterlesen\" \/>\n<meta property=\"og:url\" content=\"https:\/\/pool-house.shop\/de\/product\/mts-bodenablauf-mit-edelstahldeckel-fuer-betonbecken\/\" \/>\n<meta property=\"og:site_name\" content=\"Pool-House\" \/>\n<meta property=\"article:publisher\" content=\"https:\/\/www.facebook.com\/termodomsk\/\" \/>\n<meta property=\"og:image\" content=\"https:\/\/pool-house.shop\/wp-content\/uploads\/termekkepek\/01\/012214.png\" \/>\n\t<meta property=\"og:image:width\" content=\"210\" \/>\n\t<meta property=\"og:image:height\" content=\"201\" \/>\n\t<meta property=\"og:image:type\" content=\"image\/png\" \/>\n<meta name=\"twitter:card\" content=\"summary_large_image\" \/>\n<meta name=\"twitter:label1\" content=\"Gesch\u00e4tzte Lesezeit\" \/>\n\t<meta name=\"twitter:data1\" content=\"1\u00a0Minute\" \/>\n<script type=\"application\/ld+json\" class=\"yoast-schema-graph\">{\"@context\":\"https:\/\/schema.org\",\"@graph\":[{\"@type\":\"WebPage\",\"@id\":\"https:\/\/pool-house.shop\/de\/product\/mts-bodenablauf-mit-edelstahldeckel-fuer-betonbecken\/\",\"url\":\"https:\/\/pool-house.shop\/de\/product\/mts-bodenablauf-mit-edelstahldeckel-fuer-betonbecken\/\",\"name\":\"MTS Bodenablauf mit Edelstahldeckel f\u00fcr Betonbecken - Pool-House\",\"isPartOf\":{\"@id\":\"https:\/\/pool-house.shop\/de\/#website\"},\"primaryImageOfPage\":{\"@id\":\"https:\/\/pool-house.shop\/de\/product\/mts-bodenablauf-mit-edelstahldeckel-fuer-betonbecken\/#primaryimage\"},\"image\":{\"@id\":\"https:\/\/pool-house.shop\/de\/product\/mts-bodenablauf-mit-edelstahldeckel-fuer-betonbecken\/#primaryimage\"},\"thumbnailUrl\":\"https:\/\/pool-house.shop\/wp-content\/uploads\/termekkepek\/01\/012214.png\",\"datePublished\":\"2025-03-03T14:16:44+00:00\",\"breadcrumb\":{\"@id\":\"https:\/\/pool-house.shop\/de\/product\/mts-bodenablauf-mit-edelstahldeckel-fuer-betonbecken\/#breadcrumb\"},\"inLanguage\":\"de\",\"potentialAction\":[{\"@type\":\"ReadAction\",\"target\":[\"https:\/\/pool-house.shop\/de\/product\/mts-bodenablauf-mit-edelstahldeckel-fuer-betonbecken\/\"]}]},{\"@type\":\"ImageObject\",\"inLanguage\":\"de\",\"@id\":\"https:\/\/pool-house.shop\/de\/product\/mts-bodenablauf-mit-edelstahldeckel-fuer-betonbecken\/#primaryimage\",\"url\":\"https:\/\/pool-house.shop\/wp-content\/uploads\/termekkepek\/01\/012214.png\",\"contentUrl\":\"https:\/\/pool-house.shop\/wp-content\/uploads\/termekkepek\/01\/012214.png\",\"width\":210,\"height\":201},{\"@type\":\"BreadcrumbList\",\"@id\":\"https:\/\/pool-house.shop\/de\/product\/mts-bodenablauf-mit-edelstahldeckel-fuer-betonbecken\/#breadcrumb\",\"itemListElement\":[{\"@type\":\"ListItem\",\"position\":1,\"name\":\"Domovsk\u00e1 str\u00e1nka\",\"item\":\"https:\/\/pool-house.shop\/de\/\"},{\"@type\":\"ListItem\",\"position\":2,\"name\":\"Shop\",\"item\":\"https:\/\/pool-house.shop\/de\/shop\/\"},{\"@type\":\"ListItem\",\"position\":3,\"name\":\"MTS Bodenablauf mit Edelstahldeckel f\u00fcr Betonbecken\"}]},{\"@type\":\"WebSite\",\"@id\":\"https:\/\/pool-house.shop\/de\/#website\",\"url\":\"https:\/\/pool-house.shop\/de\/\",\"name\":\"Pool-House\",\"description\":\"\",\"publisher\":{\"@id\":\"https:\/\/pool-house.shop\/de\/#organization\"},\"potentialAction\":[{\"@type\":\"SearchAction\",\"target\":{\"@type\":\"EntryPoint\",\"urlTemplate\":\"https:\/\/pool-house.shop\/de\/?s={search_term_string}\"},\"query-input\":{\"@type\":\"PropertyValueSpecification\",\"valueRequired\":true,\"valueName\":\"search_term_string\"}}],\"inLanguage\":\"de\"},{\"@type\":\"Organization\",\"@id\":\"https:\/\/pool-house.shop\/de\/#organization\",\"name\":\"Pool-House\",\"url\":\"https:\/\/pool-house.shop\/de\/\",\"logo\":{\"@type\":\"ImageObject\",\"inLanguage\":\"de\",\"@id\":\"https:\/\/pool-house.shop\/de\/#\/schema\/logo\/image\/\",\"url\":\"https:\/\/pool-house.shop\/wp-content\/uploads\/2025\/10\/logo-2-stvorec-mobil-modre.png\",\"contentUrl\":\"https:\/\/pool-house.shop\/wp-content\/uploads\/2025\/10\/logo-2-stvorec-mobil-modre.png\",\"width\":273,\"height\":189,\"caption\":\"Pool-House\"},\"image\":{\"@id\":\"https:\/\/pool-house.shop\/de\/#\/schema\/logo\/image\/\"},\"sameAs\":[\"https:\/\/www.facebook.com\/termodomsk\/\"]}]}<\/script>\n<!-- \/ Yoast SEO plugin. -->","yoast_head_json":{"title":"MTS Bodenablauf mit Edelstahldeckel f\u00fcr Betonbecken - Pool-House","robots":{"index":"index","follow":"follow","max-snippet":"max-snippet:-1","max-image-preview":"max-image-preview:large","max-video-preview":"max-video-preview:-1"},"canonical":"https:\/\/pool-house.shop\/de\/product\/mts-bodenablauf-mit-edelstahldeckel-fuer-betonbecken\/","og_locale":"de_DE","og_type":"article","og_title":"MTS Bodenablauf mit Edelstahldeckel f\u00fcr Betonbecken - Pool-House","og_description":"MTS Bodenablauf mit Edelstahlrost f\u00fcr Betonbecken Hochwertiger runder Bodenablauf mit Stahlschutzrost f\u00fcr Betonbecken. Dieses Element wird am Beckenboden installiert und dient zum Ablassen des Poolwassers. Eigenschaften: &#8211; Saugseitiger Anschluss: Au\u00dfengewinde 2&#8243;, Innengewinde 2 1\/2&#8243;, &#8211; Klebeanschluss: D63, &#8211; Abmessungen: 170 x 170 mm, &#8211; Farbe: Wei\u00df, &#8211; Form: quadratisch, &#8211; Beckentyp: Betonbecken, &#8211; Material: Edelstahl &hellip; MTS Bodenablauf mit Edelstahldeckel f\u00fcr BetonbeckenWeiterlesen","og_url":"https:\/\/pool-house.shop\/de\/product\/mts-bodenablauf-mit-edelstahldeckel-fuer-betonbecken\/","og_site_name":"Pool-House","article_publisher":"https:\/\/www.facebook.com\/termodomsk\/","og_image":[{"width":210,"height":201,"url":"https:\/\/pool-house.shop\/wp-content\/uploads\/termekkepek\/01\/012214.png","type":"image\/png"}],"twitter_card":"summary_large_image","twitter_misc":{"Gesch\u00e4tzte Lesezeit":"1\u00a0Minute"},"schema":{"@context":"https:\/\/schema.org","@graph":[{"@type":"WebPage","@id":"https:\/\/pool-house.shop\/de\/product\/mts-bodenablauf-mit-edelstahldeckel-fuer-betonbecken\/","url":"https:\/\/pool-house.shop\/de\/product\/mts-bodenablauf-mit-edelstahldeckel-fuer-betonbecken\/","name":"MTS Bodenablauf mit Edelstahldeckel f\u00fcr Betonbecken - Pool-House","isPartOf":{"@id":"https:\/\/pool-house.shop\/de\/#website"},"primaryImageOfPage":{"@id":"https:\/\/pool-house.shop\/de\/product\/mts-bodenablauf-mit-edelstahldeckel-fuer-betonbecken\/#primaryimage"},"image":{"@id":"https:\/\/pool-house.shop\/de\/product\/mts-bodenablauf-mit-edelstahldeckel-fuer-betonbecken\/#primaryimage"},"thumbnailUrl":"https:\/\/pool-house.shop\/wp-content\/uploads\/termekkepek\/01\/012214.png","datePublished":"2025-03-03T14:16:44+00:00","breadcrumb":{"@id":"https:\/\/pool-house.shop\/de\/product\/mts-bodenablauf-mit-edelstahldeckel-fuer-betonbecken\/#breadcrumb"},"inLanguage":"de","potentialAction":[{"@type":"ReadAction","target":["https:\/\/pool-house.shop\/de\/product\/mts-bodenablauf-mit-edelstahldeckel-fuer-betonbecken\/"]}]},{"@type":"ImageObject","inLanguage":"de","@id":"https:\/\/pool-house.shop\/de\/product\/mts-bodenablauf-mit-edelstahldeckel-fuer-betonbecken\/#primaryimage","url":"https:\/\/pool-house.shop\/wp-content\/uploads\/termekkepek\/01\/012214.png","contentUrl":"https:\/\/pool-house.shop\/wp-content\/uploads\/termekkepek\/01\/012214.png","width":210,"height":201},{"@type":"BreadcrumbList","@id":"https:\/\/pool-house.shop\/de\/product\/mts-bodenablauf-mit-edelstahldeckel-fuer-betonbecken\/#breadcrumb","itemListElement":[{"@type":"ListItem","position":1,"name":"Domovsk\u00e1 str\u00e1nka","item":"https:\/\/pool-house.shop\/de\/"},{"@type":"ListItem","position":2,"name":"Shop","item":"https:\/\/pool-house.shop\/de\/shop\/"},{"@type":"ListItem","position":3,"name":"MTS Bodenablauf mit Edelstahldeckel f\u00fcr Betonbecken"}]},{"@type":"WebSite","@id":"https:\/\/pool-house.shop\/de\/#website","url":"https:\/\/pool-house.shop\/de\/","name":"Pool-House","description":"","publisher":{"@id":"https:\/\/pool-house.shop\/de\/#organization"},"potentialAction":[{"@type":"SearchAction","target":{"@type":"EntryPoint","urlTemplate":"https:\/\/pool-house.shop\/de\/?s={search_term_string}"},"query-input":{"@type":"PropertyValueSpecification","valueRequired":true,"valueName":"search_term_string"}}],"inLanguage":"de"},{"@type":"Organization","@id":"https:\/\/pool-house.shop\/de\/#organization","name":"Pool-House","url":"https:\/\/pool-house.shop\/de\/","logo":{"@type":"ImageObject","inLanguage":"de","@id":"https:\/\/pool-house.shop\/de\/#\/schema\/logo\/image\/","url":"https:\/\/pool-house.shop\/wp-content\/uploads\/2025\/10\/logo-2-stvorec-mobil-modre.png","contentUrl":"https:\/\/pool-house.shop\/wp-content\/uploads\/2025\/10\/logo-2-stvorec-mobil-modre.png","width":273,"height":189,"caption":"Pool-House"},"image":{"@id":"https:\/\/pool-house.shop\/de\/#\/schema\/logo\/image\/"},"sameAs":["https:\/\/www.facebook.com\/termodomsk\/"]}]}},"_links":{"self":[{"href":"https:\/\/pool-house.shop\/de\/wp-json\/wp\/v2\/product\/6389","targetHints":{"allow":["GET"]}}],"collection":[{"href":"https:\/\/pool-house.shop\/de\/wp-json\/wp\/v2\/product"}],"about":[{"href":"https:\/\/pool-house.shop\/de\/wp-json\/wp\/v2\/types\/product"}],"wp:featuredmedia":[{"embeddable":true,"href":"https:\/\/pool-house.shop\/de\/wp-json\/wp\/v2\/media\/1010"}],"wp:attachment":[{"href":"https:\/\/pool-house.shop\/de\/wp-json\/wp\/v2\/media?parent=6389"}],"wp:term":[{"taxonomy":"product_brand","embeddable":true,"href":"https:\/\/pool-house.shop\/de\/wp-json\/wp\/v2\/product_brand?post=6389"},{"taxonomy":"product_cat","embeddable":true,"href":"https:\/\/pool-house.shop\/de\/wp-json\/wp\/v2\/product_cat?post=6389"},{"taxonomy":"product_tag","embeddable":true,"href":"https:\/\/pool-house.shop\/de\/wp-json\/wp\/v2\/product_tag?post=6389"}],"curies":[{"name":"wp","href":"https:\/\/api.w.org\/{rel}","templated":true}]}}