{"id":6421,"date":"2025-03-03T15:16:42","date_gmt":"2025-03-03T14:16:42","guid":{"rendered":"https:\/\/pool-house.shop\/product\/wanddurchfuehrung-mit-schutzkappe-2-zoll-innengewinde-d50\/"},"modified":"2025-03-03T15:16:42","modified_gmt":"2025-03-03T14:16:42","slug":"wanddurchfuehrung-mit-schutzkappe-2-zoll-innengewinde-d50","status":"publish","type":"product","link":"https:\/\/pool-house.shop\/de\/product\/wanddurchfuehrung-mit-schutzkappe-2-zoll-innengewinde-d50\/","title":{"rendered":"Wanddurchf\u00fchrung mit Schutzkappe 2 Zoll Innengewinde \/ D50"},"content":{"rendered":"<p>Wanddurchf\u00fchrung<\/p>\n<p>Wanddurchf\u00fchrung aus hochwertigem Material mit Schutzstopfen f\u00fcr D\u00fcsen zur optimalen Wasserzirkulation.<br \/>\nAnschluss: 2&#8243; IG \/ D50.<\/p>\n<p>ABS-Kunststoff<br \/>\nABS (Acrylnitril-Butadien-Styrol) ist ein Thermoplast mit guter Schlagfestigkeit, hoher H\u00e4rte und Festigkeit, guter thermischer und chemischer Best\u00e4ndigkeit sowie guter Ger\u00e4usch- und Vibrationsd\u00e4mpfung. Seine Besonderheit liegt in der Kombination verschiedener Materialien. Acrylnitril erh\u00f6ht die thermische und chemische Best\u00e4ndigkeit, Butadien erh\u00f6ht die Haltbarkeit und Festigkeit, und Styrol verbessert die Verarbeitbarkeit, senkt die Kosten und sorgt f\u00fcr eine gl\u00e4nzende Oberfl\u00e4che.  <\/p>\n","protected":false},"excerpt":{"rendered":"<p>Wanddurchf\u00fchrung Wanddurchf\u00fchrung aus hochwertigem Material mit Schutzstopfen f\u00fcr D\u00fcsen zur optimalen Wasserzirkulation. Anschluss: 2&#8243; IG \/ D50. ABS-Kunststoff ABS (Acrylnitril-Butadien-Styrol) ist ein Thermoplast mit guter Schlagfestigkeit, hoher H\u00e4rte und Festigkeit, guter thermischer und chemischer Best\u00e4ndigkeit sowie guter Ger\u00e4usch- und Vibrationsd\u00e4mpfung. Seine Besonderheit liegt in der Kombination verschiedener Materialien. Acrylnitril erh\u00f6ht die thermische und chemische Best\u00e4ndigkeit, &hellip;<\/p>\n<p class=\"read-more\"> <a class=\" thunk-readmore button \" href=\"https:\/\/pool-house.shop\/de\/product\/wanddurchfuehrung-mit-schutzkappe-2-zoll-innengewinde-d50\/\"> <span class=\"screen-reader-text\">Wanddurchf\u00fchrung mit Schutzkappe 2 Zoll Innengewinde \/ D50<\/span>Weiterlesen<\/a><\/p>\n","protected":false},"featured_media":6423,"template":"","meta":[],"product_brand":[],"product_cat":[244],"product_tag":[],"class_list":{"0":"post-6421","1":"product","2":"type-product","3":"status-publish","4":"has-post-thumbnail","6":"product_cat-dusen","7":"thunk-woo-product-list","8":"open-woo-hover-none","9":"open-single-product-tab-horizontal","10":"open-shadow-","11":"open-shadow-hover-","13":"first","14":"onbackorder","15":"taxable","16":"shipping-taxable","17":"purchasable","18":"product-type-simple"},"yoast_head":"<!-- This site is optimized with the Yoast SEO plugin v26.9 - https:\/\/yoast.com\/product\/yoast-seo-wordpress\/ -->\n<title>Wanddurchf\u00fchrung mit Schutzkappe 2 Zoll Innengewinde \/ D50 - Pool-House<\/title>\n<meta name=\"robots\" content=\"index, follow, max-snippet:-1, max-image-preview:large, max-video-preview:-1\" \/>\n<link rel=\"canonical\" href=\"https:\/\/pool-house.shop\/de\/product\/wanddurchfuehrung-mit-schutzkappe-2-zoll-innengewinde-d50\/\" \/>\n<meta property=\"og:locale\" content=\"de_DE\" \/>\n<meta property=\"og:type\" content=\"article\" \/>\n<meta property=\"og:title\" content=\"Wanddurchf\u00fchrung mit Schutzkappe 2 Zoll Innengewinde \/ D50 - Pool-House\" \/>\n<meta property=\"og:description\" content=\"Wanddurchf\u00fchrung Wanddurchf\u00fchrung aus hochwertigem Material mit Schutzstopfen f\u00fcr D\u00fcsen zur optimalen Wasserzirkulation. Anschluss: 2&#8243; IG \/ D50. ABS-Kunststoff ABS (Acrylnitril-Butadien-Styrol) ist ein Thermoplast mit guter Schlagfestigkeit, hoher H\u00e4rte und Festigkeit, guter thermischer und chemischer Best\u00e4ndigkeit sowie guter Ger\u00e4usch- und Vibrationsd\u00e4mpfung. Seine Besonderheit liegt in der Kombination verschiedener Materialien. Acrylnitril erh\u00f6ht die thermische und chemische Best\u00e4ndigkeit, &hellip; Wanddurchf\u00fchrung mit Schutzkappe 2 Zoll Innengewinde \/ D50Weiterlesen\" \/>\n<meta property=\"og:url\" content=\"https:\/\/pool-house.shop\/de\/product\/wanddurchfuehrung-mit-schutzkappe-2-zoll-innengewinde-d50\/\" \/>\n<meta property=\"og:site_name\" content=\"Pool-House\" \/>\n<meta property=\"article:publisher\" content=\"https:\/\/www.facebook.com\/termodomsk\/\" \/>\n<meta property=\"og:image\" content=\"https:\/\/pool-house.shop\/wp-content\/uploads\/termekkepek\/01\/011902.png\" \/>\n\t<meta property=\"og:image:width\" content=\"1600\" \/>\n\t<meta property=\"og:image:height\" content=\"1600\" \/>\n\t<meta property=\"og:image:type\" content=\"image\/png\" \/>\n<meta name=\"twitter:card\" content=\"summary_large_image\" \/>\n<script type=\"application\/ld+json\" class=\"yoast-schema-graph\">{\"@context\":\"https:\/\/schema.org\",\"@graph\":[{\"@type\":\"WebPage\",\"@id\":\"https:\/\/pool-house.shop\/de\/product\/wanddurchfuehrung-mit-schutzkappe-2-zoll-innengewinde-d50\/\",\"url\":\"https:\/\/pool-house.shop\/de\/product\/wanddurchfuehrung-mit-schutzkappe-2-zoll-innengewinde-d50\/\",\"name\":\"Wanddurchf\u00fchrung mit Schutzkappe 2 Zoll Innengewinde \/ D50 - Pool-House\",\"isPartOf\":{\"@id\":\"https:\/\/pool-house.shop\/de\/#website\"},\"primaryImageOfPage\":{\"@id\":\"https:\/\/pool-house.shop\/de\/product\/wanddurchfuehrung-mit-schutzkappe-2-zoll-innengewinde-d50\/#primaryimage\"},\"image\":{\"@id\":\"https:\/\/pool-house.shop\/de\/product\/wanddurchfuehrung-mit-schutzkappe-2-zoll-innengewinde-d50\/#primaryimage\"},\"thumbnailUrl\":\"https:\/\/pool-house.shop\/wp-content\/uploads\/termekkepek\/01\/011902.png\",\"datePublished\":\"2025-03-03T14:16:42+00:00\",\"breadcrumb\":{\"@id\":\"https:\/\/pool-house.shop\/de\/product\/wanddurchfuehrung-mit-schutzkappe-2-zoll-innengewinde-d50\/#breadcrumb\"},\"inLanguage\":\"de\",\"potentialAction\":[{\"@type\":\"ReadAction\",\"target\":[\"https:\/\/pool-house.shop\/de\/product\/wanddurchfuehrung-mit-schutzkappe-2-zoll-innengewinde-d50\/\"]}]},{\"@type\":\"ImageObject\",\"inLanguage\":\"de\",\"@id\":\"https:\/\/pool-house.shop\/de\/product\/wanddurchfuehrung-mit-schutzkappe-2-zoll-innengewinde-d50\/#primaryimage\",\"url\":\"https:\/\/pool-house.shop\/wp-content\/uploads\/termekkepek\/01\/011902.png\",\"contentUrl\":\"https:\/\/pool-house.shop\/wp-content\/uploads\/termekkepek\/01\/011902.png\",\"width\":1600,\"height\":1600},{\"@type\":\"BreadcrumbList\",\"@id\":\"https:\/\/pool-house.shop\/de\/product\/wanddurchfuehrung-mit-schutzkappe-2-zoll-innengewinde-d50\/#breadcrumb\",\"itemListElement\":[{\"@type\":\"ListItem\",\"position\":1,\"name\":\"Domovsk\u00e1 str\u00e1nka\",\"item\":\"https:\/\/pool-house.shop\/de\/\"},{\"@type\":\"ListItem\",\"position\":2,\"name\":\"Shop\",\"item\":\"https:\/\/pool-house.shop\/de\/shop\/\"},{\"@type\":\"ListItem\",\"position\":3,\"name\":\"Wanddurchf\u00fchrung mit Schutzkappe 2 Zoll Innengewinde \/ D50\"}]},{\"@type\":\"WebSite\",\"@id\":\"https:\/\/pool-house.shop\/de\/#website\",\"url\":\"https:\/\/pool-house.shop\/de\/\",\"name\":\"Pool-House\",\"description\":\"\",\"publisher\":{\"@id\":\"https:\/\/pool-house.shop\/de\/#organization\"},\"potentialAction\":[{\"@type\":\"SearchAction\",\"target\":{\"@type\":\"EntryPoint\",\"urlTemplate\":\"https:\/\/pool-house.shop\/de\/?s={search_term_string}\"},\"query-input\":{\"@type\":\"PropertyValueSpecification\",\"valueRequired\":true,\"valueName\":\"search_term_string\"}}],\"inLanguage\":\"de\"},{\"@type\":\"Organization\",\"@id\":\"https:\/\/pool-house.shop\/de\/#organization\",\"name\":\"Pool-House\",\"url\":\"https:\/\/pool-house.shop\/de\/\",\"logo\":{\"@type\":\"ImageObject\",\"inLanguage\":\"de\",\"@id\":\"https:\/\/pool-house.shop\/de\/#\/schema\/logo\/image\/\",\"url\":\"https:\/\/pool-house.shop\/wp-content\/uploads\/2025\/10\/logo-2-stvorec-mobil-modre.png\",\"contentUrl\":\"https:\/\/pool-house.shop\/wp-content\/uploads\/2025\/10\/logo-2-stvorec-mobil-modre.png\",\"width\":273,\"height\":189,\"caption\":\"Pool-House\"},\"image\":{\"@id\":\"https:\/\/pool-house.shop\/de\/#\/schema\/logo\/image\/\"},\"sameAs\":[\"https:\/\/www.facebook.com\/termodomsk\/\"]}]}<\/script>\n<!-- \/ Yoast SEO plugin. -->","yoast_head_json":{"title":"Wanddurchf\u00fchrung mit Schutzkappe 2 Zoll Innengewinde \/ D50 - Pool-House","robots":{"index":"index","follow":"follow","max-snippet":"max-snippet:-1","max-image-preview":"max-image-preview:large","max-video-preview":"max-video-preview:-1"},"canonical":"https:\/\/pool-house.shop\/de\/product\/wanddurchfuehrung-mit-schutzkappe-2-zoll-innengewinde-d50\/","og_locale":"de_DE","og_type":"article","og_title":"Wanddurchf\u00fchrung mit Schutzkappe 2 Zoll Innengewinde \/ D50 - Pool-House","og_description":"Wanddurchf\u00fchrung Wanddurchf\u00fchrung aus hochwertigem Material mit Schutzstopfen f\u00fcr D\u00fcsen zur optimalen Wasserzirkulation. Anschluss: 2&#8243; IG \/ D50. ABS-Kunststoff ABS (Acrylnitril-Butadien-Styrol) ist ein Thermoplast mit guter Schlagfestigkeit, hoher H\u00e4rte und Festigkeit, guter thermischer und chemischer Best\u00e4ndigkeit sowie guter Ger\u00e4usch- und Vibrationsd\u00e4mpfung. Seine Besonderheit liegt in der Kombination verschiedener Materialien. Acrylnitril erh\u00f6ht die thermische und chemische Best\u00e4ndigkeit, &hellip; Wanddurchf\u00fchrung mit Schutzkappe 2 Zoll Innengewinde \/ D50Weiterlesen","og_url":"https:\/\/pool-house.shop\/de\/product\/wanddurchfuehrung-mit-schutzkappe-2-zoll-innengewinde-d50\/","og_site_name":"Pool-House","article_publisher":"https:\/\/www.facebook.com\/termodomsk\/","og_image":[{"width":1600,"height":1600,"url":"https:\/\/pool-house.shop\/wp-content\/uploads\/termekkepek\/01\/011902.png","type":"image\/png"}],"twitter_card":"summary_large_image","schema":{"@context":"https:\/\/schema.org","@graph":[{"@type":"WebPage","@id":"https:\/\/pool-house.shop\/de\/product\/wanddurchfuehrung-mit-schutzkappe-2-zoll-innengewinde-d50\/","url":"https:\/\/pool-house.shop\/de\/product\/wanddurchfuehrung-mit-schutzkappe-2-zoll-innengewinde-d50\/","name":"Wanddurchf\u00fchrung mit Schutzkappe 2 Zoll Innengewinde \/ D50 - Pool-House","isPartOf":{"@id":"https:\/\/pool-house.shop\/de\/#website"},"primaryImageOfPage":{"@id":"https:\/\/pool-house.shop\/de\/product\/wanddurchfuehrung-mit-schutzkappe-2-zoll-innengewinde-d50\/#primaryimage"},"image":{"@id":"https:\/\/pool-house.shop\/de\/product\/wanddurchfuehrung-mit-schutzkappe-2-zoll-innengewinde-d50\/#primaryimage"},"thumbnailUrl":"https:\/\/pool-house.shop\/wp-content\/uploads\/termekkepek\/01\/011902.png","datePublished":"2025-03-03T14:16:42+00:00","breadcrumb":{"@id":"https:\/\/pool-house.shop\/de\/product\/wanddurchfuehrung-mit-schutzkappe-2-zoll-innengewinde-d50\/#breadcrumb"},"inLanguage":"de","potentialAction":[{"@type":"ReadAction","target":["https:\/\/pool-house.shop\/de\/product\/wanddurchfuehrung-mit-schutzkappe-2-zoll-innengewinde-d50\/"]}]},{"@type":"ImageObject","inLanguage":"de","@id":"https:\/\/pool-house.shop\/de\/product\/wanddurchfuehrung-mit-schutzkappe-2-zoll-innengewinde-d50\/#primaryimage","url":"https:\/\/pool-house.shop\/wp-content\/uploads\/termekkepek\/01\/011902.png","contentUrl":"https:\/\/pool-house.shop\/wp-content\/uploads\/termekkepek\/01\/011902.png","width":1600,"height":1600},{"@type":"BreadcrumbList","@id":"https:\/\/pool-house.shop\/de\/product\/wanddurchfuehrung-mit-schutzkappe-2-zoll-innengewinde-d50\/#breadcrumb","itemListElement":[{"@type":"ListItem","position":1,"name":"Domovsk\u00e1 str\u00e1nka","item":"https:\/\/pool-house.shop\/de\/"},{"@type":"ListItem","position":2,"name":"Shop","item":"https:\/\/pool-house.shop\/de\/shop\/"},{"@type":"ListItem","position":3,"name":"Wanddurchf\u00fchrung mit Schutzkappe 2 Zoll Innengewinde \/ D50"}]},{"@type":"WebSite","@id":"https:\/\/pool-house.shop\/de\/#website","url":"https:\/\/pool-house.shop\/de\/","name":"Pool-House","description":"","publisher":{"@id":"https:\/\/pool-house.shop\/de\/#organization"},"potentialAction":[{"@type":"SearchAction","target":{"@type":"EntryPoint","urlTemplate":"https:\/\/pool-house.shop\/de\/?s={search_term_string}"},"query-input":{"@type":"PropertyValueSpecification","valueRequired":true,"valueName":"search_term_string"}}],"inLanguage":"de"},{"@type":"Organization","@id":"https:\/\/pool-house.shop\/de\/#organization","name":"Pool-House","url":"https:\/\/pool-house.shop\/de\/","logo":{"@type":"ImageObject","inLanguage":"de","@id":"https:\/\/pool-house.shop\/de\/#\/schema\/logo\/image\/","url":"https:\/\/pool-house.shop\/wp-content\/uploads\/2025\/10\/logo-2-stvorec-mobil-modre.png","contentUrl":"https:\/\/pool-house.shop\/wp-content\/uploads\/2025\/10\/logo-2-stvorec-mobil-modre.png","width":273,"height":189,"caption":"Pool-House"},"image":{"@id":"https:\/\/pool-house.shop\/de\/#\/schema\/logo\/image\/"},"sameAs":["https:\/\/www.facebook.com\/termodomsk\/"]}]}},"_links":{"self":[{"href":"https:\/\/pool-house.shop\/de\/wp-json\/wp\/v2\/product\/6421","targetHints":{"allow":["GET"]}}],"collection":[{"href":"https:\/\/pool-house.shop\/de\/wp-json\/wp\/v2\/product"}],"about":[{"href":"https:\/\/pool-house.shop\/de\/wp-json\/wp\/v2\/types\/product"}],"wp:featuredmedia":[{"embeddable":true,"href":"https:\/\/pool-house.shop\/de\/wp-json\/wp\/v2\/media\/6423"}],"wp:attachment":[{"href":"https:\/\/pool-house.shop\/de\/wp-json\/wp\/v2\/media?parent=6421"}],"wp:term":[{"taxonomy":"product_brand","embeddable":true,"href":"https:\/\/pool-house.shop\/de\/wp-json\/wp\/v2\/product_brand?post=6421"},{"taxonomy":"product_cat","embeddable":true,"href":"https:\/\/pool-house.shop\/de\/wp-json\/wp\/v2\/product_cat?post=6421"},{"taxonomy":"product_tag","embeddable":true,"href":"https:\/\/pool-house.shop\/de\/wp-json\/wp\/v2\/product_tag?post=6421"}],"curies":[{"name":"wp","href":"https:\/\/api.w.org\/{rel}","templated":true}]}}