{"id":6429,"date":"2025-03-03T15:16:42","date_gmt":"2025-03-03T14:16:42","guid":{"rendered":"https:\/\/pool-house.shop\/product\/saugduese-o-162-mm-max-45-m%c2%b3-std-fuer-betonbecken\/"},"modified":"2025-03-03T15:16:42","modified_gmt":"2025-03-03T14:16:42","slug":"saugduese-o-162-mm-max-45-m%c2%b3-std-fuer-betonbecken","status":"publish","type":"product","link":"https:\/\/pool-house.shop\/de\/product\/saugduese-o-162-mm-max-45-m%c2%b3-std-fuer-betonbecken\/","title":{"rendered":"Saugd\u00fcse \u00d8 162 mm, max. 45 m\u00b3\/Std. f\u00fcr Betonbecken"},"content":{"rendered":"<p>Saugd\u00fcse f\u00fcr Betonbecken<\/p>\n<p> Hochleistungs-Saugd\u00fcse f\u00fcr Betonbecken, hergestellt aus hochwertigem Material. Sie ist Zubeh\u00f6r f\u00fcr Massagesysteme, Anschluss: D63 \u2013 2 1\/2 Zoll.<\/p>\n<p> ABS-Kunststoff<br \/>\n ABS (Acrylnitril-Butadien-Styrol) ist ein Thermoplast mit guter Schlagfestigkeit, hoher H\u00e4rte und Festigkeit, guter thermischer und chemischer Best\u00e4ndigkeit sowie guter Ger\u00e4usch- und Vibrationsd\u00e4mpfung. Seine Besonderheit liegt in der Kombination verschiedener Materialien. Acrylnitril erh\u00f6ht die thermische und chemische Best\u00e4ndigkeit, Butadien erh\u00f6ht die Haltbarkeit und Festigkeit, und Styrol verbessert die Verarbeitbarkeit, reduziert Kosten und sorgt f\u00fcr eine gl\u00e4nzende Oberfl\u00e4che.   <\/p>\n","protected":false},"excerpt":{"rendered":"<p>Saugd\u00fcse f\u00fcr Betonbecken Hochleistungs-Saugd\u00fcse f\u00fcr Betonbecken, hergestellt aus hochwertigem Material. Sie ist Zubeh\u00f6r f\u00fcr Massagesysteme, Anschluss: D63 \u2013 2 1\/2 Zoll. ABS-Kunststoff ABS (Acrylnitril-Butadien-Styrol) ist ein Thermoplast mit guter Schlagfestigkeit, hoher H\u00e4rte und Festigkeit, guter thermischer und chemischer Best\u00e4ndigkeit sowie guter Ger\u00e4usch- und Vibrationsd\u00e4mpfung. Seine Besonderheit liegt in der Kombination verschiedener Materialien. Acrylnitril erh\u00f6ht die &hellip;<\/p>\n<p class=\"read-more\"> <a class=\" thunk-readmore button \" href=\"https:\/\/pool-house.shop\/de\/product\/saugduese-o-162-mm-max-45-m%c2%b3-std-fuer-betonbecken\/\"> <span class=\"screen-reader-text\">Saugd\u00fcse \u00d8 162 mm, max. 45 m\u00b3\/Std. f\u00fcr Betonbecken<\/span>Weiterlesen<\/a><\/p>\n","protected":false},"featured_media":6431,"template":"","meta":[],"product_brand":[],"product_cat":[244],"product_tag":[],"class_list":{"0":"post-6429","1":"product","2":"type-product","3":"status-publish","4":"has-post-thumbnail","6":"product_cat-dusen","7":"thunk-woo-product-list","8":"open-woo-hover-none","9":"open-single-product-tab-horizontal","10":"open-shadow-","11":"open-shadow-hover-","13":"first","14":"onbackorder","15":"taxable","16":"shipping-taxable","17":"purchasable","18":"product-type-simple"},"yoast_head":"<!-- This site is optimized with the Yoast SEO plugin v26.9 - https:\/\/yoast.com\/product\/yoast-seo-wordpress\/ -->\n<title>Saugd\u00fcse \u00d8 162 mm, max. 45 m\u00b3\/Std. f\u00fcr Betonbecken - Pool-House<\/title>\n<meta name=\"robots\" content=\"index, follow, max-snippet:-1, max-image-preview:large, max-video-preview:-1\" \/>\n<link rel=\"canonical\" href=\"https:\/\/pool-house.shop\/de\/product\/saugduese-o-162-mm-max-45-m%c2%b3-std-fuer-betonbecken\/\" \/>\n<meta property=\"og:locale\" content=\"de_DE\" \/>\n<meta property=\"og:type\" content=\"article\" \/>\n<meta property=\"og:title\" content=\"Saugd\u00fcse \u00d8 162 mm, max. 45 m\u00b3\/Std. f\u00fcr Betonbecken - Pool-House\" \/>\n<meta property=\"og:description\" content=\"Saugd\u00fcse f\u00fcr Betonbecken Hochleistungs-Saugd\u00fcse f\u00fcr Betonbecken, hergestellt aus hochwertigem Material. Sie ist Zubeh\u00f6r f\u00fcr Massagesysteme, Anschluss: D63 \u2013 2 1\/2 Zoll. ABS-Kunststoff ABS (Acrylnitril-Butadien-Styrol) ist ein Thermoplast mit guter Schlagfestigkeit, hoher H\u00e4rte und Festigkeit, guter thermischer und chemischer Best\u00e4ndigkeit sowie guter Ger\u00e4usch- und Vibrationsd\u00e4mpfung. Seine Besonderheit liegt in der Kombination verschiedener Materialien. Acrylnitril erh\u00f6ht die &hellip; Saugd\u00fcse \u00d8 162 mm, max. 45 m\u00b3\/Std. f\u00fcr BetonbeckenWeiterlesen\" \/>\n<meta property=\"og:url\" content=\"https:\/\/pool-house.shop\/de\/product\/saugduese-o-162-mm-max-45-m%c2%b3-std-fuer-betonbecken\/\" \/>\n<meta property=\"og:site_name\" content=\"Pool-House\" \/>\n<meta property=\"article:publisher\" content=\"https:\/\/www.facebook.com\/termodomsk\/\" \/>\n<meta property=\"og:image\" content=\"https:\/\/pool-house.shop\/wp-content\/uploads\/termekkepek\/01\/011870.png\" \/>\n\t<meta property=\"og:image:width\" content=\"1000\" \/>\n\t<meta property=\"og:image:height\" content=\"1000\" \/>\n\t<meta property=\"og:image:type\" content=\"image\/png\" \/>\n<meta name=\"twitter:card\" content=\"summary_large_image\" \/>\n<script type=\"application\/ld+json\" class=\"yoast-schema-graph\">{\"@context\":\"https:\/\/schema.org\",\"@graph\":[{\"@type\":\"WebPage\",\"@id\":\"https:\/\/pool-house.shop\/de\/product\/saugduese-o-162-mm-max-45-m%c2%b3-std-fuer-betonbecken\/\",\"url\":\"https:\/\/pool-house.shop\/de\/product\/saugduese-o-162-mm-max-45-m%c2%b3-std-fuer-betonbecken\/\",\"name\":\"Saugd\u00fcse \u00d8 162 mm, max. 45 m\u00b3\/Std. f\u00fcr Betonbecken - Pool-House\",\"isPartOf\":{\"@id\":\"https:\/\/pool-house.shop\/de\/#website\"},\"primaryImageOfPage\":{\"@id\":\"https:\/\/pool-house.shop\/de\/product\/saugduese-o-162-mm-max-45-m%c2%b3-std-fuer-betonbecken\/#primaryimage\"},\"image\":{\"@id\":\"https:\/\/pool-house.shop\/de\/product\/saugduese-o-162-mm-max-45-m%c2%b3-std-fuer-betonbecken\/#primaryimage\"},\"thumbnailUrl\":\"https:\/\/pool-house.shop\/wp-content\/uploads\/termekkepek\/01\/011870.png\",\"datePublished\":\"2025-03-03T14:16:42+00:00\",\"breadcrumb\":{\"@id\":\"https:\/\/pool-house.shop\/de\/product\/saugduese-o-162-mm-max-45-m%c2%b3-std-fuer-betonbecken\/#breadcrumb\"},\"inLanguage\":\"de\",\"potentialAction\":[{\"@type\":\"ReadAction\",\"target\":[\"https:\/\/pool-house.shop\/de\/product\/saugduese-o-162-mm-max-45-m%c2%b3-std-fuer-betonbecken\/\"]}]},{\"@type\":\"ImageObject\",\"inLanguage\":\"de\",\"@id\":\"https:\/\/pool-house.shop\/de\/product\/saugduese-o-162-mm-max-45-m%c2%b3-std-fuer-betonbecken\/#primaryimage\",\"url\":\"https:\/\/pool-house.shop\/wp-content\/uploads\/termekkepek\/01\/011870.png\",\"contentUrl\":\"https:\/\/pool-house.shop\/wp-content\/uploads\/termekkepek\/01\/011870.png\",\"width\":1000,\"height\":1000},{\"@type\":\"BreadcrumbList\",\"@id\":\"https:\/\/pool-house.shop\/de\/product\/saugduese-o-162-mm-max-45-m%c2%b3-std-fuer-betonbecken\/#breadcrumb\",\"itemListElement\":[{\"@type\":\"ListItem\",\"position\":1,\"name\":\"Domovsk\u00e1 str\u00e1nka\",\"item\":\"https:\/\/pool-house.shop\/de\/\"},{\"@type\":\"ListItem\",\"position\":2,\"name\":\"Shop\",\"item\":\"https:\/\/pool-house.shop\/de\/shop\/\"},{\"@type\":\"ListItem\",\"position\":3,\"name\":\"Saugd\u00fcse \u00d8 162 mm, max. 45 m\u00b3\/Std. f\u00fcr Betonbecken\"}]},{\"@type\":\"WebSite\",\"@id\":\"https:\/\/pool-house.shop\/de\/#website\",\"url\":\"https:\/\/pool-house.shop\/de\/\",\"name\":\"Pool-House\",\"description\":\"\",\"publisher\":{\"@id\":\"https:\/\/pool-house.shop\/de\/#organization\"},\"potentialAction\":[{\"@type\":\"SearchAction\",\"target\":{\"@type\":\"EntryPoint\",\"urlTemplate\":\"https:\/\/pool-house.shop\/de\/?s={search_term_string}\"},\"query-input\":{\"@type\":\"PropertyValueSpecification\",\"valueRequired\":true,\"valueName\":\"search_term_string\"}}],\"inLanguage\":\"de\"},{\"@type\":\"Organization\",\"@id\":\"https:\/\/pool-house.shop\/de\/#organization\",\"name\":\"Pool-House\",\"url\":\"https:\/\/pool-house.shop\/de\/\",\"logo\":{\"@type\":\"ImageObject\",\"inLanguage\":\"de\",\"@id\":\"https:\/\/pool-house.shop\/de\/#\/schema\/logo\/image\/\",\"url\":\"https:\/\/pool-house.shop\/wp-content\/uploads\/2025\/10\/logo-2-stvorec-mobil-modre.png\",\"contentUrl\":\"https:\/\/pool-house.shop\/wp-content\/uploads\/2025\/10\/logo-2-stvorec-mobil-modre.png\",\"width\":273,\"height\":189,\"caption\":\"Pool-House\"},\"image\":{\"@id\":\"https:\/\/pool-house.shop\/de\/#\/schema\/logo\/image\/\"},\"sameAs\":[\"https:\/\/www.facebook.com\/termodomsk\/\"]}]}<\/script>\n<!-- \/ Yoast SEO plugin. -->","yoast_head_json":{"title":"Saugd\u00fcse \u00d8 162 mm, max. 45 m\u00b3\/Std. f\u00fcr Betonbecken - Pool-House","robots":{"index":"index","follow":"follow","max-snippet":"max-snippet:-1","max-image-preview":"max-image-preview:large","max-video-preview":"max-video-preview:-1"},"canonical":"https:\/\/pool-house.shop\/de\/product\/saugduese-o-162-mm-max-45-m%c2%b3-std-fuer-betonbecken\/","og_locale":"de_DE","og_type":"article","og_title":"Saugd\u00fcse \u00d8 162 mm, max. 45 m\u00b3\/Std. f\u00fcr Betonbecken - Pool-House","og_description":"Saugd\u00fcse f\u00fcr Betonbecken Hochleistungs-Saugd\u00fcse f\u00fcr Betonbecken, hergestellt aus hochwertigem Material. Sie ist Zubeh\u00f6r f\u00fcr Massagesysteme, Anschluss: D63 \u2013 2 1\/2 Zoll. ABS-Kunststoff ABS (Acrylnitril-Butadien-Styrol) ist ein Thermoplast mit guter Schlagfestigkeit, hoher H\u00e4rte und Festigkeit, guter thermischer und chemischer Best\u00e4ndigkeit sowie guter Ger\u00e4usch- und Vibrationsd\u00e4mpfung. Seine Besonderheit liegt in der Kombination verschiedener Materialien. Acrylnitril erh\u00f6ht die &hellip; Saugd\u00fcse \u00d8 162 mm, max. 45 m\u00b3\/Std. f\u00fcr BetonbeckenWeiterlesen","og_url":"https:\/\/pool-house.shop\/de\/product\/saugduese-o-162-mm-max-45-m%c2%b3-std-fuer-betonbecken\/","og_site_name":"Pool-House","article_publisher":"https:\/\/www.facebook.com\/termodomsk\/","og_image":[{"width":1000,"height":1000,"url":"https:\/\/pool-house.shop\/wp-content\/uploads\/termekkepek\/01\/011870.png","type":"image\/png"}],"twitter_card":"summary_large_image","schema":{"@context":"https:\/\/schema.org","@graph":[{"@type":"WebPage","@id":"https:\/\/pool-house.shop\/de\/product\/saugduese-o-162-mm-max-45-m%c2%b3-std-fuer-betonbecken\/","url":"https:\/\/pool-house.shop\/de\/product\/saugduese-o-162-mm-max-45-m%c2%b3-std-fuer-betonbecken\/","name":"Saugd\u00fcse \u00d8 162 mm, max. 45 m\u00b3\/Std. f\u00fcr Betonbecken - Pool-House","isPartOf":{"@id":"https:\/\/pool-house.shop\/de\/#website"},"primaryImageOfPage":{"@id":"https:\/\/pool-house.shop\/de\/product\/saugduese-o-162-mm-max-45-m%c2%b3-std-fuer-betonbecken\/#primaryimage"},"image":{"@id":"https:\/\/pool-house.shop\/de\/product\/saugduese-o-162-mm-max-45-m%c2%b3-std-fuer-betonbecken\/#primaryimage"},"thumbnailUrl":"https:\/\/pool-house.shop\/wp-content\/uploads\/termekkepek\/01\/011870.png","datePublished":"2025-03-03T14:16:42+00:00","breadcrumb":{"@id":"https:\/\/pool-house.shop\/de\/product\/saugduese-o-162-mm-max-45-m%c2%b3-std-fuer-betonbecken\/#breadcrumb"},"inLanguage":"de","potentialAction":[{"@type":"ReadAction","target":["https:\/\/pool-house.shop\/de\/product\/saugduese-o-162-mm-max-45-m%c2%b3-std-fuer-betonbecken\/"]}]},{"@type":"ImageObject","inLanguage":"de","@id":"https:\/\/pool-house.shop\/de\/product\/saugduese-o-162-mm-max-45-m%c2%b3-std-fuer-betonbecken\/#primaryimage","url":"https:\/\/pool-house.shop\/wp-content\/uploads\/termekkepek\/01\/011870.png","contentUrl":"https:\/\/pool-house.shop\/wp-content\/uploads\/termekkepek\/01\/011870.png","width":1000,"height":1000},{"@type":"BreadcrumbList","@id":"https:\/\/pool-house.shop\/de\/product\/saugduese-o-162-mm-max-45-m%c2%b3-std-fuer-betonbecken\/#breadcrumb","itemListElement":[{"@type":"ListItem","position":1,"name":"Domovsk\u00e1 str\u00e1nka","item":"https:\/\/pool-house.shop\/de\/"},{"@type":"ListItem","position":2,"name":"Shop","item":"https:\/\/pool-house.shop\/de\/shop\/"},{"@type":"ListItem","position":3,"name":"Saugd\u00fcse \u00d8 162 mm, max. 45 m\u00b3\/Std. f\u00fcr Betonbecken"}]},{"@type":"WebSite","@id":"https:\/\/pool-house.shop\/de\/#website","url":"https:\/\/pool-house.shop\/de\/","name":"Pool-House","description":"","publisher":{"@id":"https:\/\/pool-house.shop\/de\/#organization"},"potentialAction":[{"@type":"SearchAction","target":{"@type":"EntryPoint","urlTemplate":"https:\/\/pool-house.shop\/de\/?s={search_term_string}"},"query-input":{"@type":"PropertyValueSpecification","valueRequired":true,"valueName":"search_term_string"}}],"inLanguage":"de"},{"@type":"Organization","@id":"https:\/\/pool-house.shop\/de\/#organization","name":"Pool-House","url":"https:\/\/pool-house.shop\/de\/","logo":{"@type":"ImageObject","inLanguage":"de","@id":"https:\/\/pool-house.shop\/de\/#\/schema\/logo\/image\/","url":"https:\/\/pool-house.shop\/wp-content\/uploads\/2025\/10\/logo-2-stvorec-mobil-modre.png","contentUrl":"https:\/\/pool-house.shop\/wp-content\/uploads\/2025\/10\/logo-2-stvorec-mobil-modre.png","width":273,"height":189,"caption":"Pool-House"},"image":{"@id":"https:\/\/pool-house.shop\/de\/#\/schema\/logo\/image\/"},"sameAs":["https:\/\/www.facebook.com\/termodomsk\/"]}]}},"_links":{"self":[{"href":"https:\/\/pool-house.shop\/de\/wp-json\/wp\/v2\/product\/6429","targetHints":{"allow":["GET"]}}],"collection":[{"href":"https:\/\/pool-house.shop\/de\/wp-json\/wp\/v2\/product"}],"about":[{"href":"https:\/\/pool-house.shop\/de\/wp-json\/wp\/v2\/types\/product"}],"wp:featuredmedia":[{"embeddable":true,"href":"https:\/\/pool-house.shop\/de\/wp-json\/wp\/v2\/media\/6431"}],"wp:attachment":[{"href":"https:\/\/pool-house.shop\/de\/wp-json\/wp\/v2\/media?parent=6429"}],"wp:term":[{"taxonomy":"product_brand","embeddable":true,"href":"https:\/\/pool-house.shop\/de\/wp-json\/wp\/v2\/product_brand?post=6429"},{"taxonomy":"product_cat","embeddable":true,"href":"https:\/\/pool-house.shop\/de\/wp-json\/wp\/v2\/product_cat?post=6429"},{"taxonomy":"product_tag","embeddable":true,"href":"https:\/\/pool-house.shop\/de\/wp-json\/wp\/v2\/product_tag?post=6429"}],"curies":[{"name":"wp","href":"https:\/\/api.w.org\/{rel}","templated":true}]}}