{"id":6457,"date":"2025-03-03T15:16:39","date_gmt":"2025-03-03T14:16:39","guid":{"rendered":"https:\/\/pool-house.shop\/product\/duese-mit-wanddurchfuehrung-porocell-fuer-folienbecken\/"},"modified":"2025-03-03T15:16:39","modified_gmt":"2025-03-03T14:16:39","slug":"duese-mit-wanddurchfuehrung-porocell-fuer-folienbecken","status":"publish","type":"product","link":"https:\/\/pool-house.shop\/de\/product\/duese-mit-wanddurchfuehrung-porocell-fuer-folienbecken\/","title":{"rendered":"D\u00fcse mit Wanddurchf\u00fchrung Porocell f\u00fcr Folienbecken"},"content":{"rendered":"<p>D\u00fcse mit Wanddurchf\u00fchrung f\u00fcr Folienbecken<\/p>\n<p> Eine D\u00fcse aus hochwertigem ABS-Kunststoff f\u00fcr eine optimale Wasserzirkulation mit Wanddurchf\u00fchrung f\u00fcr Porocell-Mauerwerkselemente. Diese D\u00fcse mit Au\u00dfengewinde wird an der Seitenwand von Folienbecken installiert.<\/p>\n<p> D\u00fcsen<br \/>\n Die Aufrechterhaltung der Wasserqualit\u00e4t im Pool h\u00e4ngt ma\u00dfgeblich vom Zirkulationssystem ab. Die Wandd\u00fcse ist Teil dieses Systems und ein unverzichtbares Element f\u00fcr die korrekte Wasserzirkulation. Die Aufgabe der D\u00fcse ist es, gefiltertes, gegebenenfalls erw\u00e4rmtes und chemisch behandeltes Wasser in den Pool zur\u00fcckzuf\u00fchren. Um eine ordnungsgem\u00e4\u00dfe Wasserzirkulation zu gew\u00e4hrleisten, wird empfohlen, Wandd\u00fcsen in Skimmerbecken gegen\u00fcber dem Skimmer zu installieren, um eine m\u00f6glichst optimale Wasserzirkulation zu erreichen. <\/p>\n<p> ABS-Kunststoff<br \/>\n ABS (Acrylnitril-Butadien-Styrol) ist ein Thermoplast mit guter Schlagfestigkeit, hoher H\u00e4rte und Festigkeit, guter W\u00e4rme- und Chemikalienbest\u00e4ndigkeit sowie guter Ger\u00e4usch- und Vibrationsd\u00e4mpfung. Seine Einzigartigkeit liegt in der Kombination verschiedener Materialien. Acrylnitril erh\u00f6ht die W\u00e4rme- und Chemikalienbest\u00e4ndigkeit, Butadien erh\u00f6ht die Haltbarkeit und Festigkeit, und Styrol verbessert die Verarbeitbarkeit, senkt die Kosten und sorgt f\u00fcr eine gl\u00e4nzende Oberfl\u00e4che.      <\/p>\n","protected":false},"excerpt":{"rendered":"<p>D\u00fcse mit Wanddurchf\u00fchrung f\u00fcr Folienbecken Eine D\u00fcse aus hochwertigem ABS-Kunststoff f\u00fcr eine optimale Wasserzirkulation mit Wanddurchf\u00fchrung f\u00fcr Porocell-Mauerwerkselemente. Diese D\u00fcse mit Au\u00dfengewinde wird an der Seitenwand von Folienbecken installiert. D\u00fcsen Die Aufrechterhaltung der Wasserqualit\u00e4t im Pool h\u00e4ngt ma\u00dfgeblich vom Zirkulationssystem ab. Die Wandd\u00fcse ist Teil dieses Systems und ein unverzichtbares Element f\u00fcr die korrekte Wasserzirkulation. &hellip;<\/p>\n<p class=\"read-more\"> <a class=\" thunk-readmore button \" href=\"https:\/\/pool-house.shop\/de\/product\/duese-mit-wanddurchfuehrung-porocell-fuer-folienbecken\/\"> <span class=\"screen-reader-text\">D\u00fcse mit Wanddurchf\u00fchrung Porocell f\u00fcr Folienbecken<\/span>Weiterlesen<\/a><\/p>\n","protected":false},"featured_media":6459,"template":"","meta":[],"product_brand":[],"product_cat":[244],"product_tag":[],"class_list":{"0":"post-6457","1":"product","2":"type-product","3":"status-publish","4":"has-post-thumbnail","6":"product_cat-dusen","7":"thunk-woo-product-list","8":"open-woo-hover-none","9":"open-single-product-tab-horizontal","10":"open-shadow-","11":"open-shadow-hover-","13":"first","14":"onbackorder","15":"taxable","16":"shipping-taxable","17":"purchasable","18":"product-type-simple"},"yoast_head":"<!-- This site is optimized with the Yoast SEO plugin v26.9 - https:\/\/yoast.com\/product\/yoast-seo-wordpress\/ -->\n<title>D\u00fcse mit Wanddurchf\u00fchrung Porocell f\u00fcr Folienbecken - Pool-House<\/title>\n<meta name=\"robots\" content=\"index, follow, max-snippet:-1, max-image-preview:large, max-video-preview:-1\" \/>\n<link rel=\"canonical\" href=\"https:\/\/pool-house.shop\/de\/product\/duese-mit-wanddurchfuehrung-porocell-fuer-folienbecken\/\" \/>\n<meta property=\"og:locale\" content=\"de_DE\" \/>\n<meta property=\"og:type\" content=\"article\" \/>\n<meta property=\"og:title\" content=\"D\u00fcse mit Wanddurchf\u00fchrung Porocell f\u00fcr Folienbecken - Pool-House\" \/>\n<meta property=\"og:description\" content=\"D\u00fcse mit Wanddurchf\u00fchrung f\u00fcr Folienbecken Eine D\u00fcse aus hochwertigem ABS-Kunststoff f\u00fcr eine optimale Wasserzirkulation mit Wanddurchf\u00fchrung f\u00fcr Porocell-Mauerwerkselemente. Diese D\u00fcse mit Au\u00dfengewinde wird an der Seitenwand von Folienbecken installiert. D\u00fcsen Die Aufrechterhaltung der Wasserqualit\u00e4t im Pool h\u00e4ngt ma\u00dfgeblich vom Zirkulationssystem ab. Die Wandd\u00fcse ist Teil dieses Systems und ein unverzichtbares Element f\u00fcr die korrekte Wasserzirkulation. &hellip; D\u00fcse mit Wanddurchf\u00fchrung Porocell f\u00fcr FolienbeckenWeiterlesen\" \/>\n<meta property=\"og:url\" content=\"https:\/\/pool-house.shop\/de\/product\/duese-mit-wanddurchfuehrung-porocell-fuer-folienbecken\/\" \/>\n<meta property=\"og:site_name\" content=\"Pool-House\" \/>\n<meta property=\"article:publisher\" content=\"https:\/\/www.facebook.com\/termodomsk\/\" \/>\n<meta property=\"og:image\" content=\"https:\/\/pool-house.shop\/wp-content\/uploads\/termekkepek\/01\/011604.png\" \/>\n\t<meta property=\"og:image:width\" content=\"1600\" \/>\n\t<meta property=\"og:image:height\" content=\"1600\" \/>\n\t<meta property=\"og:image:type\" content=\"image\/png\" \/>\n<meta name=\"twitter:card\" content=\"summary_large_image\" \/>\n<meta name=\"twitter:label1\" content=\"Gesch\u00e4tzte Lesezeit\" \/>\n\t<meta name=\"twitter:data1\" content=\"1\u00a0Minute\" \/>\n<script type=\"application\/ld+json\" class=\"yoast-schema-graph\">{\"@context\":\"https:\/\/schema.org\",\"@graph\":[{\"@type\":\"WebPage\",\"@id\":\"https:\/\/pool-house.shop\/de\/product\/duese-mit-wanddurchfuehrung-porocell-fuer-folienbecken\/\",\"url\":\"https:\/\/pool-house.shop\/de\/product\/duese-mit-wanddurchfuehrung-porocell-fuer-folienbecken\/\",\"name\":\"D\u00fcse mit Wanddurchf\u00fchrung Porocell f\u00fcr Folienbecken - Pool-House\",\"isPartOf\":{\"@id\":\"https:\/\/pool-house.shop\/de\/#website\"},\"primaryImageOfPage\":{\"@id\":\"https:\/\/pool-house.shop\/de\/product\/duese-mit-wanddurchfuehrung-porocell-fuer-folienbecken\/#primaryimage\"},\"image\":{\"@id\":\"https:\/\/pool-house.shop\/de\/product\/duese-mit-wanddurchfuehrung-porocell-fuer-folienbecken\/#primaryimage\"},\"thumbnailUrl\":\"https:\/\/pool-house.shop\/wp-content\/uploads\/termekkepek\/01\/011604.png\",\"datePublished\":\"2025-03-03T14:16:39+00:00\",\"breadcrumb\":{\"@id\":\"https:\/\/pool-house.shop\/de\/product\/duese-mit-wanddurchfuehrung-porocell-fuer-folienbecken\/#breadcrumb\"},\"inLanguage\":\"de\",\"potentialAction\":[{\"@type\":\"ReadAction\",\"target\":[\"https:\/\/pool-house.shop\/de\/product\/duese-mit-wanddurchfuehrung-porocell-fuer-folienbecken\/\"]}]},{\"@type\":\"ImageObject\",\"inLanguage\":\"de\",\"@id\":\"https:\/\/pool-house.shop\/de\/product\/duese-mit-wanddurchfuehrung-porocell-fuer-folienbecken\/#primaryimage\",\"url\":\"https:\/\/pool-house.shop\/wp-content\/uploads\/termekkepek\/01\/011604.png\",\"contentUrl\":\"https:\/\/pool-house.shop\/wp-content\/uploads\/termekkepek\/01\/011604.png\",\"width\":1600,\"height\":1600},{\"@type\":\"BreadcrumbList\",\"@id\":\"https:\/\/pool-house.shop\/de\/product\/duese-mit-wanddurchfuehrung-porocell-fuer-folienbecken\/#breadcrumb\",\"itemListElement\":[{\"@type\":\"ListItem\",\"position\":1,\"name\":\"Domovsk\u00e1 str\u00e1nka\",\"item\":\"https:\/\/pool-house.shop\/de\/\"},{\"@type\":\"ListItem\",\"position\":2,\"name\":\"Shop\",\"item\":\"https:\/\/pool-house.shop\/de\/shop\/\"},{\"@type\":\"ListItem\",\"position\":3,\"name\":\"D\u00fcse mit Wanddurchf\u00fchrung Porocell f\u00fcr Folienbecken\"}]},{\"@type\":\"WebSite\",\"@id\":\"https:\/\/pool-house.shop\/de\/#website\",\"url\":\"https:\/\/pool-house.shop\/de\/\",\"name\":\"Pool-House\",\"description\":\"\",\"publisher\":{\"@id\":\"https:\/\/pool-house.shop\/de\/#organization\"},\"potentialAction\":[{\"@type\":\"SearchAction\",\"target\":{\"@type\":\"EntryPoint\",\"urlTemplate\":\"https:\/\/pool-house.shop\/de\/?s={search_term_string}\"},\"query-input\":{\"@type\":\"PropertyValueSpecification\",\"valueRequired\":true,\"valueName\":\"search_term_string\"}}],\"inLanguage\":\"de\"},{\"@type\":\"Organization\",\"@id\":\"https:\/\/pool-house.shop\/de\/#organization\",\"name\":\"Pool-House\",\"url\":\"https:\/\/pool-house.shop\/de\/\",\"logo\":{\"@type\":\"ImageObject\",\"inLanguage\":\"de\",\"@id\":\"https:\/\/pool-house.shop\/de\/#\/schema\/logo\/image\/\",\"url\":\"https:\/\/pool-house.shop\/wp-content\/uploads\/2025\/10\/logo-2-stvorec-mobil-modre.png\",\"contentUrl\":\"https:\/\/pool-house.shop\/wp-content\/uploads\/2025\/10\/logo-2-stvorec-mobil-modre.png\",\"width\":273,\"height\":189,\"caption\":\"Pool-House\"},\"image\":{\"@id\":\"https:\/\/pool-house.shop\/de\/#\/schema\/logo\/image\/\"},\"sameAs\":[\"https:\/\/www.facebook.com\/termodomsk\/\"]}]}<\/script>\n<!-- \/ Yoast SEO plugin. -->","yoast_head_json":{"title":"D\u00fcse mit Wanddurchf\u00fchrung Porocell f\u00fcr Folienbecken - Pool-House","robots":{"index":"index","follow":"follow","max-snippet":"max-snippet:-1","max-image-preview":"max-image-preview:large","max-video-preview":"max-video-preview:-1"},"canonical":"https:\/\/pool-house.shop\/de\/product\/duese-mit-wanddurchfuehrung-porocell-fuer-folienbecken\/","og_locale":"de_DE","og_type":"article","og_title":"D\u00fcse mit Wanddurchf\u00fchrung Porocell f\u00fcr Folienbecken - Pool-House","og_description":"D\u00fcse mit Wanddurchf\u00fchrung f\u00fcr Folienbecken Eine D\u00fcse aus hochwertigem ABS-Kunststoff f\u00fcr eine optimale Wasserzirkulation mit Wanddurchf\u00fchrung f\u00fcr Porocell-Mauerwerkselemente. Diese D\u00fcse mit Au\u00dfengewinde wird an der Seitenwand von Folienbecken installiert. D\u00fcsen Die Aufrechterhaltung der Wasserqualit\u00e4t im Pool h\u00e4ngt ma\u00dfgeblich vom Zirkulationssystem ab. Die Wandd\u00fcse ist Teil dieses Systems und ein unverzichtbares Element f\u00fcr die korrekte Wasserzirkulation. &hellip; D\u00fcse mit Wanddurchf\u00fchrung Porocell f\u00fcr FolienbeckenWeiterlesen","og_url":"https:\/\/pool-house.shop\/de\/product\/duese-mit-wanddurchfuehrung-porocell-fuer-folienbecken\/","og_site_name":"Pool-House","article_publisher":"https:\/\/www.facebook.com\/termodomsk\/","og_image":[{"width":1600,"height":1600,"url":"https:\/\/pool-house.shop\/wp-content\/uploads\/termekkepek\/01\/011604.png","type":"image\/png"}],"twitter_card":"summary_large_image","twitter_misc":{"Gesch\u00e4tzte Lesezeit":"1\u00a0Minute"},"schema":{"@context":"https:\/\/schema.org","@graph":[{"@type":"WebPage","@id":"https:\/\/pool-house.shop\/de\/product\/duese-mit-wanddurchfuehrung-porocell-fuer-folienbecken\/","url":"https:\/\/pool-house.shop\/de\/product\/duese-mit-wanddurchfuehrung-porocell-fuer-folienbecken\/","name":"D\u00fcse mit Wanddurchf\u00fchrung Porocell f\u00fcr Folienbecken - Pool-House","isPartOf":{"@id":"https:\/\/pool-house.shop\/de\/#website"},"primaryImageOfPage":{"@id":"https:\/\/pool-house.shop\/de\/product\/duese-mit-wanddurchfuehrung-porocell-fuer-folienbecken\/#primaryimage"},"image":{"@id":"https:\/\/pool-house.shop\/de\/product\/duese-mit-wanddurchfuehrung-porocell-fuer-folienbecken\/#primaryimage"},"thumbnailUrl":"https:\/\/pool-house.shop\/wp-content\/uploads\/termekkepek\/01\/011604.png","datePublished":"2025-03-03T14:16:39+00:00","breadcrumb":{"@id":"https:\/\/pool-house.shop\/de\/product\/duese-mit-wanddurchfuehrung-porocell-fuer-folienbecken\/#breadcrumb"},"inLanguage":"de","potentialAction":[{"@type":"ReadAction","target":["https:\/\/pool-house.shop\/de\/product\/duese-mit-wanddurchfuehrung-porocell-fuer-folienbecken\/"]}]},{"@type":"ImageObject","inLanguage":"de","@id":"https:\/\/pool-house.shop\/de\/product\/duese-mit-wanddurchfuehrung-porocell-fuer-folienbecken\/#primaryimage","url":"https:\/\/pool-house.shop\/wp-content\/uploads\/termekkepek\/01\/011604.png","contentUrl":"https:\/\/pool-house.shop\/wp-content\/uploads\/termekkepek\/01\/011604.png","width":1600,"height":1600},{"@type":"BreadcrumbList","@id":"https:\/\/pool-house.shop\/de\/product\/duese-mit-wanddurchfuehrung-porocell-fuer-folienbecken\/#breadcrumb","itemListElement":[{"@type":"ListItem","position":1,"name":"Domovsk\u00e1 str\u00e1nka","item":"https:\/\/pool-house.shop\/de\/"},{"@type":"ListItem","position":2,"name":"Shop","item":"https:\/\/pool-house.shop\/de\/shop\/"},{"@type":"ListItem","position":3,"name":"D\u00fcse mit Wanddurchf\u00fchrung Porocell f\u00fcr Folienbecken"}]},{"@type":"WebSite","@id":"https:\/\/pool-house.shop\/de\/#website","url":"https:\/\/pool-house.shop\/de\/","name":"Pool-House","description":"","publisher":{"@id":"https:\/\/pool-house.shop\/de\/#organization"},"potentialAction":[{"@type":"SearchAction","target":{"@type":"EntryPoint","urlTemplate":"https:\/\/pool-house.shop\/de\/?s={search_term_string}"},"query-input":{"@type":"PropertyValueSpecification","valueRequired":true,"valueName":"search_term_string"}}],"inLanguage":"de"},{"@type":"Organization","@id":"https:\/\/pool-house.shop\/de\/#organization","name":"Pool-House","url":"https:\/\/pool-house.shop\/de\/","logo":{"@type":"ImageObject","inLanguage":"de","@id":"https:\/\/pool-house.shop\/de\/#\/schema\/logo\/image\/","url":"https:\/\/pool-house.shop\/wp-content\/uploads\/2025\/10\/logo-2-stvorec-mobil-modre.png","contentUrl":"https:\/\/pool-house.shop\/wp-content\/uploads\/2025\/10\/logo-2-stvorec-mobil-modre.png","width":273,"height":189,"caption":"Pool-House"},"image":{"@id":"https:\/\/pool-house.shop\/de\/#\/schema\/logo\/image\/"},"sameAs":["https:\/\/www.facebook.com\/termodomsk\/"]}]}},"_links":{"self":[{"href":"https:\/\/pool-house.shop\/de\/wp-json\/wp\/v2\/product\/6457","targetHints":{"allow":["GET"]}}],"collection":[{"href":"https:\/\/pool-house.shop\/de\/wp-json\/wp\/v2\/product"}],"about":[{"href":"https:\/\/pool-house.shop\/de\/wp-json\/wp\/v2\/types\/product"}],"wp:featuredmedia":[{"embeddable":true,"href":"https:\/\/pool-house.shop\/de\/wp-json\/wp\/v2\/media\/6459"}],"wp:attachment":[{"href":"https:\/\/pool-house.shop\/de\/wp-json\/wp\/v2\/media?parent=6457"}],"wp:term":[{"taxonomy":"product_brand","embeddable":true,"href":"https:\/\/pool-house.shop\/de\/wp-json\/wp\/v2\/product_brand?post=6457"},{"taxonomy":"product_cat","embeddable":true,"href":"https:\/\/pool-house.shop\/de\/wp-json\/wp\/v2\/product_cat?post=6457"},{"taxonomy":"product_tag","embeddable":true,"href":"https:\/\/pool-house.shop\/de\/wp-json\/wp\/v2\/product_tag?post=6457"}],"curies":[{"name":"wp","href":"https:\/\/api.w.org\/{rel}","templated":true}]}}