{"id":6489,"date":"2025-03-03T15:16:37","date_gmt":"2025-03-03T14:16:37","guid":{"rendered":"https:\/\/pool-house.shop\/product\/premium-einlaufduese-2-mit-aussengewinde-mit-mutter-fuer-folienbecken\/"},"modified":"2026-03-08T13:36:35","modified_gmt":"2026-03-08T12:36:35","slug":"premium-einlaufduese-2-mit-aussengewinde-mit-mutter-fuer-folienbecken","status":"publish","type":"product","link":"https:\/\/pool-house.shop\/de\/product\/premium-einlaufduese-2-mit-aussengewinde-mit-mutter-fuer-folienbecken\/","title":{"rendered":"Premium Einlaufd\u00fcse 2\u201d mit Au\u00dfengewinde, mit Mutter, f\u00fcr Folienbecken"},"content":{"rendered":"<p data-start=\"0\" data-end=\"243\">Die <strong data-start=\"4\" data-end=\"19\">Einlaufd\u00fcse<\/strong> ist aus <strong data-start=\"28\" data-end=\"59\">hochwertigem ABS-Kunststoff<\/strong> gefertigt und sorgt f\u00fcr eine optimale Wasserzirkulation im Pool. Es handelt sich um eine D\u00fcse mit <strong data-start=\"158\" data-end=\"183\">Au\u00dfengewindeanschluss<\/strong>, die in die <strong data-start=\"196\" data-end=\"225\">Seitenwand von Betonpools<\/strong> installiert wird.<\/p>\n<p data-start=\"245\" data-end=\"281\"><strong data-start=\"245\" data-end=\"259\">Anschluss:<\/strong><br data-start=\"259\" data-end=\"262\" \/>2\u2033 <strong data-start=\"265\" data-end=\"281\">Au\u00dfengewinde<\/strong><\/p>\n<h3 data-section-id=\"ym3a3e\" data-start=\"283\" data-end=\"299\">Einlaufd\u00fcsen<\/h3>\n<p data-start=\"300\" data-end=\"511\">Die <strong data-start=\"304\" data-end=\"330\">Wasserqualit\u00e4t im Pool<\/strong> h\u00e4ngt in hohem Ma\u00dfe vom <strong data-start=\"355\" data-end=\"377\">Zirkulationssystem<\/strong> ab. Die <strong data-start=\"386\" data-end=\"405\">Wandeinlaufd\u00fcse<\/strong> ist ein Bestandteil dieses Systems und ein unverzichtbares Element f\u00fcr eine korrekte Wasserzirkulation.<\/p>\n<p data-start=\"513\" data-end=\"656\">Die Aufgabe der D\u00fcse besteht darin, <strong data-start=\"549\" data-end=\"624\">gefiltertes, gegebenenfalls erw\u00e4rmtes und chemisch aufbereitetes Wasser<\/strong> zur\u00fcck in den Pool zu f\u00fchren.<\/p>\n<p data-start=\"658\" data-end=\"785\">F\u00fcr eine optimale Wasserzirkulation wird empfohlen, die <strong data-start=\"714\" data-end=\"768\">Einlaufd\u00fcsen in Skimmerpools gegen\u00fcber dem Skimmer<\/strong> zu installieren.<\/p>\n<h3 data-section-id=\"17mpg2s\" data-start=\"787\" data-end=\"805\">ABS-Kunststoff<\/h3>\n<p data-start=\"806\" data-end=\"1029\"><strong data-start=\"806\" data-end=\"843\">ABS (Acrylnitril-Butadien-Styrol)<\/strong> ist ein Thermoplast mit <strong data-start=\"868\" data-end=\"923\">hoher Schlagfestigkeit, gro\u00dfer H\u00e4rte und Stabilit\u00e4t<\/strong>, guter <strong data-start=\"931\" data-end=\"970\">W\u00e4rme- und Chemikalienbest\u00e4ndigkeit<\/strong> sowie <strong data-start=\"977\" data-end=\"1026\">guter D\u00e4mpfung von Ger\u00e4uschen und Vibrationen<\/strong>.<\/p>\n<p data-start=\"1031\" data-end=\"1105\">Seine Eigenschaften ergeben sich aus der Kombination mehrerer Materialien:<\/p>\n<ul data-start=\"1106\" data-end=\"1336\" data-is-last-node=\"\" data-is-only-node=\"\">\n<li data-section-id=\"l1aefm\" data-start=\"1106\" data-end=\"1172\">\n<p data-start=\"1108\" data-end=\"1172\"><strong data-start=\"1108\" data-end=\"1123\">Acrylnitril<\/strong> erh\u00f6ht die W\u00e4rme- und Chemikalienbest\u00e4ndigkeit<\/p>\n<\/li>\n<li data-section-id=\"11kswdw\" data-start=\"1173\" data-end=\"1231\">\n<p data-start=\"1175\" data-end=\"1231\"><strong data-start=\"1175\" data-end=\"1187\">Butadien<\/strong> verbessert die Haltbarkeit und Festigkeit<\/p>\n<\/li>\n<li data-section-id=\"ded8gj\" data-start=\"1232\" data-end=\"1336\" data-is-last-node=\"\">\n<p data-start=\"1234\" data-end=\"1336\" data-is-last-node=\"\"><strong data-start=\"1234\" data-end=\"1244\">Styrol<\/strong> erleichtert die Verarbeitung, senkt die Kosten und sorgt f\u00fcr eine <strong data-start=\"1311\" data-end=\"1335\">gl\u00e4nzende Oberfl\u00e4che<\/strong>.<\/p>\n<\/li>\n<\/ul>\n","protected":false},"excerpt":{"rendered":"<p data-start=\"0\" data-end=\"117\">Der <strong data-start=\"4\" data-end=\"36\">Anschluss an die Rohrleitung<\/strong> ist durch <strong data-start=\"47\" data-end=\"74\">Innenverklebung \u00d8 50 mm<\/strong> oder \u00fcber ein <strong data-start=\"89\" data-end=\"108\">Au\u00dfengewinde 2\u2033<\/strong> m\u00f6glich.<\/p>\n<p data-start=\"119\" data-end=\"257\">Der <strong data-start=\"123\" data-end=\"138\">D\u00fcsenk\u00f6rper<\/strong> besteht aus <strong data-start=\"151\" data-end=\"198\">hochwertigem ABS-Kunststoff in wei\u00dfer Farbe<\/strong>, der gegen Poolchemikalien und UV-Strahlung best\u00e4ndig ist.<\/p>\n<p data-start=\"259\" data-end=\"359\">Die <strong data-start=\"263\" data-end=\"300\">D\u00fcse ist f\u00fcr Folienpools geeignet<\/strong> und sorgt f\u00fcr eine gleichm\u00e4\u00dfige Wasserzirkulation im Pool.<\/p>\n<p data-start=\"361\" data-end=\"404\" data-is-last-node=\"\" data-is-only-node=\"\"><strong data-start=\"361\" data-end=\"396\">Maximal empfohlener Durchfluss:<\/strong> 7 m\u00b3\/h.<\/p>\n","protected":false},"featured_media":6491,"template":"","meta":[],"product_brand":[],"product_cat":[356,244],"product_tag":[],"class_list":{"0":"post-6489","1":"product","2":"type-product","3":"status-publish","4":"has-post-thumbnail","6":"product_cat-poolbau","7":"product_cat-dusen","8":"thunk-woo-product-list","9":"open-woo-hover-none","10":"open-single-product-tab-horizontal","11":"open-shadow-","12":"open-shadow-hover-","14":"first","15":"instock","16":"taxable","17":"shipping-taxable","18":"purchasable","19":"product-type-simple"},"yoast_head":"<!-- This site is optimized with the Yoast SEO plugin v26.9 - https:\/\/yoast.com\/product\/yoast-seo-wordpress\/ -->\n<title>Premium Einlaufd\u00fcse 2\u201d mit Au\u00dfengewinde, mit Mutter, f\u00fcr Folienbecken - Pool-House<\/title>\n<meta name=\"robots\" content=\"index, follow, max-snippet:-1, max-image-preview:large, max-video-preview:-1\" \/>\n<link rel=\"canonical\" href=\"https:\/\/pool-house.shop\/de\/product\/premium-einlaufduese-2-mit-aussengewinde-mit-mutter-fuer-folienbecken\/\" \/>\n<meta property=\"og:locale\" content=\"de_DE\" \/>\n<meta property=\"og:type\" content=\"article\" \/>\n<meta property=\"og:title\" content=\"Premium Einlaufd\u00fcse 2\u201d mit Au\u00dfengewinde, mit Mutter, f\u00fcr Folienbecken - Pool-House\" \/>\n<meta property=\"og:description\" content=\"Der Anschluss an die Rohrleitung ist durch Innenverklebung \u00d8 50 mm oder \u00fcber ein Au\u00dfengewinde 2\u2033 m\u00f6glich. Der D\u00fcsenk\u00f6rper besteht aus hochwertigem ABS-Kunststoff in wei\u00dfer Farbe, der gegen Poolchemikalien und UV-Strahlung best\u00e4ndig ist. Die D\u00fcse ist f\u00fcr Folienpools geeignet und sorgt f\u00fcr eine gleichm\u00e4\u00dfige Wasserzirkulation im Pool. Maximal empfohlener Durchfluss: 7 m\u00b3\/h.\" \/>\n<meta property=\"og:url\" content=\"https:\/\/pool-house.shop\/de\/product\/premium-einlaufduese-2-mit-aussengewinde-mit-mutter-fuer-folienbecken\/\" \/>\n<meta property=\"og:site_name\" content=\"Pool-House\" \/>\n<meta property=\"article:publisher\" content=\"https:\/\/www.facebook.com\/termodomsk\/\" \/>\n<meta property=\"article:modified_time\" content=\"2026-03-08T12:36:35+00:00\" \/>\n<meta property=\"og:image\" content=\"https:\/\/pool-house.shop\/wp-content\/uploads\/termekkepek\/01\/011510.png\" \/>\n\t<meta property=\"og:image:width\" content=\"1600\" \/>\n\t<meta property=\"og:image:height\" content=\"1600\" \/>\n\t<meta property=\"og:image:type\" content=\"image\/png\" \/>\n<meta name=\"twitter:card\" content=\"summary_large_image\" \/>\n<meta name=\"twitter:label1\" content=\"Gesch\u00e4tzte Lesezeit\" \/>\n\t<meta name=\"twitter:data1\" content=\"2\u00a0Minuten\" \/>\n<script type=\"application\/ld+json\" class=\"yoast-schema-graph\">{\"@context\":\"https:\/\/schema.org\",\"@graph\":[{\"@type\":\"WebPage\",\"@id\":\"https:\/\/pool-house.shop\/de\/product\/premium-einlaufduese-2-mit-aussengewinde-mit-mutter-fuer-folienbecken\/\",\"url\":\"https:\/\/pool-house.shop\/de\/product\/premium-einlaufduese-2-mit-aussengewinde-mit-mutter-fuer-folienbecken\/\",\"name\":\"Premium Einlaufd\u00fcse 2\u201d mit Au\u00dfengewinde, mit Mutter, f\u00fcr Folienbecken - Pool-House\",\"isPartOf\":{\"@id\":\"https:\/\/pool-house.shop\/de\/#website\"},\"primaryImageOfPage\":{\"@id\":\"https:\/\/pool-house.shop\/de\/product\/premium-einlaufduese-2-mit-aussengewinde-mit-mutter-fuer-folienbecken\/#primaryimage\"},\"image\":{\"@id\":\"https:\/\/pool-house.shop\/de\/product\/premium-einlaufduese-2-mit-aussengewinde-mit-mutter-fuer-folienbecken\/#primaryimage\"},\"thumbnailUrl\":\"https:\/\/pool-house.shop\/wp-content\/uploads\/termekkepek\/01\/011510.png\",\"datePublished\":\"2025-03-03T14:16:37+00:00\",\"dateModified\":\"2026-03-08T12:36:35+00:00\",\"breadcrumb\":{\"@id\":\"https:\/\/pool-house.shop\/de\/product\/premium-einlaufduese-2-mit-aussengewinde-mit-mutter-fuer-folienbecken\/#breadcrumb\"},\"inLanguage\":\"de\",\"potentialAction\":[{\"@type\":\"ReadAction\",\"target\":[\"https:\/\/pool-house.shop\/de\/product\/premium-einlaufduese-2-mit-aussengewinde-mit-mutter-fuer-folienbecken\/\"]}]},{\"@type\":\"ImageObject\",\"inLanguage\":\"de\",\"@id\":\"https:\/\/pool-house.shop\/de\/product\/premium-einlaufduese-2-mit-aussengewinde-mit-mutter-fuer-folienbecken\/#primaryimage\",\"url\":\"https:\/\/pool-house.shop\/wp-content\/uploads\/termekkepek\/01\/011510.png\",\"contentUrl\":\"https:\/\/pool-house.shop\/wp-content\/uploads\/termekkepek\/01\/011510.png\",\"width\":1600,\"height\":1600},{\"@type\":\"BreadcrumbList\",\"@id\":\"https:\/\/pool-house.shop\/de\/product\/premium-einlaufduese-2-mit-aussengewinde-mit-mutter-fuer-folienbecken\/#breadcrumb\",\"itemListElement\":[{\"@type\":\"ListItem\",\"position\":1,\"name\":\"Domovsk\u00e1 str\u00e1nka\",\"item\":\"https:\/\/pool-house.shop\/de\/\"},{\"@type\":\"ListItem\",\"position\":2,\"name\":\"Shop\",\"item\":\"https:\/\/pool-house.shop\/de\/shop\/\"},{\"@type\":\"ListItem\",\"position\":3,\"name\":\"Premium Einlaufd\u00fcse 2\u201d mit Au\u00dfengewinde, mit Mutter, f\u00fcr Folienbecken\"}]},{\"@type\":\"WebSite\",\"@id\":\"https:\/\/pool-house.shop\/de\/#website\",\"url\":\"https:\/\/pool-house.shop\/de\/\",\"name\":\"Pool-House\",\"description\":\"\",\"publisher\":{\"@id\":\"https:\/\/pool-house.shop\/de\/#organization\"},\"potentialAction\":[{\"@type\":\"SearchAction\",\"target\":{\"@type\":\"EntryPoint\",\"urlTemplate\":\"https:\/\/pool-house.shop\/de\/?s={search_term_string}\"},\"query-input\":{\"@type\":\"PropertyValueSpecification\",\"valueRequired\":true,\"valueName\":\"search_term_string\"}}],\"inLanguage\":\"de\"},{\"@type\":\"Organization\",\"@id\":\"https:\/\/pool-house.shop\/de\/#organization\",\"name\":\"Pool-House\",\"url\":\"https:\/\/pool-house.shop\/de\/\",\"logo\":{\"@type\":\"ImageObject\",\"inLanguage\":\"de\",\"@id\":\"https:\/\/pool-house.shop\/de\/#\/schema\/logo\/image\/\",\"url\":\"https:\/\/pool-house.shop\/wp-content\/uploads\/2025\/10\/logo-2-stvorec-mobil-modre.png\",\"contentUrl\":\"https:\/\/pool-house.shop\/wp-content\/uploads\/2025\/10\/logo-2-stvorec-mobil-modre.png\",\"width\":273,\"height\":189,\"caption\":\"Pool-House\"},\"image\":{\"@id\":\"https:\/\/pool-house.shop\/de\/#\/schema\/logo\/image\/\"},\"sameAs\":[\"https:\/\/www.facebook.com\/termodomsk\/\"]}]}<\/script>\n<!-- \/ Yoast SEO plugin. -->","yoast_head_json":{"title":"Premium Einlaufd\u00fcse 2\u201d mit Au\u00dfengewinde, mit Mutter, f\u00fcr Folienbecken - Pool-House","robots":{"index":"index","follow":"follow","max-snippet":"max-snippet:-1","max-image-preview":"max-image-preview:large","max-video-preview":"max-video-preview:-1"},"canonical":"https:\/\/pool-house.shop\/de\/product\/premium-einlaufduese-2-mit-aussengewinde-mit-mutter-fuer-folienbecken\/","og_locale":"de_DE","og_type":"article","og_title":"Premium Einlaufd\u00fcse 2\u201d mit Au\u00dfengewinde, mit Mutter, f\u00fcr Folienbecken - Pool-House","og_description":"Der Anschluss an die Rohrleitung ist durch Innenverklebung \u00d8 50 mm oder \u00fcber ein Au\u00dfengewinde 2\u2033 m\u00f6glich. Der D\u00fcsenk\u00f6rper besteht aus hochwertigem ABS-Kunststoff in wei\u00dfer Farbe, der gegen Poolchemikalien und UV-Strahlung best\u00e4ndig ist. Die D\u00fcse ist f\u00fcr Folienpools geeignet und sorgt f\u00fcr eine gleichm\u00e4\u00dfige Wasserzirkulation im Pool. Maximal empfohlener Durchfluss: 7 m\u00b3\/h.","og_url":"https:\/\/pool-house.shop\/de\/product\/premium-einlaufduese-2-mit-aussengewinde-mit-mutter-fuer-folienbecken\/","og_site_name":"Pool-House","article_publisher":"https:\/\/www.facebook.com\/termodomsk\/","article_modified_time":"2026-03-08T12:36:35+00:00","og_image":[{"width":1600,"height":1600,"url":"https:\/\/pool-house.shop\/wp-content\/uploads\/termekkepek\/01\/011510.png","type":"image\/png"}],"twitter_card":"summary_large_image","twitter_misc":{"Gesch\u00e4tzte Lesezeit":"2\u00a0Minuten"},"schema":{"@context":"https:\/\/schema.org","@graph":[{"@type":"WebPage","@id":"https:\/\/pool-house.shop\/de\/product\/premium-einlaufduese-2-mit-aussengewinde-mit-mutter-fuer-folienbecken\/","url":"https:\/\/pool-house.shop\/de\/product\/premium-einlaufduese-2-mit-aussengewinde-mit-mutter-fuer-folienbecken\/","name":"Premium Einlaufd\u00fcse 2\u201d mit Au\u00dfengewinde, mit Mutter, f\u00fcr Folienbecken - Pool-House","isPartOf":{"@id":"https:\/\/pool-house.shop\/de\/#website"},"primaryImageOfPage":{"@id":"https:\/\/pool-house.shop\/de\/product\/premium-einlaufduese-2-mit-aussengewinde-mit-mutter-fuer-folienbecken\/#primaryimage"},"image":{"@id":"https:\/\/pool-house.shop\/de\/product\/premium-einlaufduese-2-mit-aussengewinde-mit-mutter-fuer-folienbecken\/#primaryimage"},"thumbnailUrl":"https:\/\/pool-house.shop\/wp-content\/uploads\/termekkepek\/01\/011510.png","datePublished":"2025-03-03T14:16:37+00:00","dateModified":"2026-03-08T12:36:35+00:00","breadcrumb":{"@id":"https:\/\/pool-house.shop\/de\/product\/premium-einlaufduese-2-mit-aussengewinde-mit-mutter-fuer-folienbecken\/#breadcrumb"},"inLanguage":"de","potentialAction":[{"@type":"ReadAction","target":["https:\/\/pool-house.shop\/de\/product\/premium-einlaufduese-2-mit-aussengewinde-mit-mutter-fuer-folienbecken\/"]}]},{"@type":"ImageObject","inLanguage":"de","@id":"https:\/\/pool-house.shop\/de\/product\/premium-einlaufduese-2-mit-aussengewinde-mit-mutter-fuer-folienbecken\/#primaryimage","url":"https:\/\/pool-house.shop\/wp-content\/uploads\/termekkepek\/01\/011510.png","contentUrl":"https:\/\/pool-house.shop\/wp-content\/uploads\/termekkepek\/01\/011510.png","width":1600,"height":1600},{"@type":"BreadcrumbList","@id":"https:\/\/pool-house.shop\/de\/product\/premium-einlaufduese-2-mit-aussengewinde-mit-mutter-fuer-folienbecken\/#breadcrumb","itemListElement":[{"@type":"ListItem","position":1,"name":"Domovsk\u00e1 str\u00e1nka","item":"https:\/\/pool-house.shop\/de\/"},{"@type":"ListItem","position":2,"name":"Shop","item":"https:\/\/pool-house.shop\/de\/shop\/"},{"@type":"ListItem","position":3,"name":"Premium Einlaufd\u00fcse 2\u201d mit Au\u00dfengewinde, mit Mutter, f\u00fcr Folienbecken"}]},{"@type":"WebSite","@id":"https:\/\/pool-house.shop\/de\/#website","url":"https:\/\/pool-house.shop\/de\/","name":"Pool-House","description":"","publisher":{"@id":"https:\/\/pool-house.shop\/de\/#organization"},"potentialAction":[{"@type":"SearchAction","target":{"@type":"EntryPoint","urlTemplate":"https:\/\/pool-house.shop\/de\/?s={search_term_string}"},"query-input":{"@type":"PropertyValueSpecification","valueRequired":true,"valueName":"search_term_string"}}],"inLanguage":"de"},{"@type":"Organization","@id":"https:\/\/pool-house.shop\/de\/#organization","name":"Pool-House","url":"https:\/\/pool-house.shop\/de\/","logo":{"@type":"ImageObject","inLanguage":"de","@id":"https:\/\/pool-house.shop\/de\/#\/schema\/logo\/image\/","url":"https:\/\/pool-house.shop\/wp-content\/uploads\/2025\/10\/logo-2-stvorec-mobil-modre.png","contentUrl":"https:\/\/pool-house.shop\/wp-content\/uploads\/2025\/10\/logo-2-stvorec-mobil-modre.png","width":273,"height":189,"caption":"Pool-House"},"image":{"@id":"https:\/\/pool-house.shop\/de\/#\/schema\/logo\/image\/"},"sameAs":["https:\/\/www.facebook.com\/termodomsk\/"]}]}},"_links":{"self":[{"href":"https:\/\/pool-house.shop\/de\/wp-json\/wp\/v2\/product\/6489","targetHints":{"allow":["GET"]}}],"collection":[{"href":"https:\/\/pool-house.shop\/de\/wp-json\/wp\/v2\/product"}],"about":[{"href":"https:\/\/pool-house.shop\/de\/wp-json\/wp\/v2\/types\/product"}],"wp:featuredmedia":[{"embeddable":true,"href":"https:\/\/pool-house.shop\/de\/wp-json\/wp\/v2\/media\/6491"}],"wp:attachment":[{"href":"https:\/\/pool-house.shop\/de\/wp-json\/wp\/v2\/media?parent=6489"}],"wp:term":[{"taxonomy":"product_brand","embeddable":true,"href":"https:\/\/pool-house.shop\/de\/wp-json\/wp\/v2\/product_brand?post=6489"},{"taxonomy":"product_cat","embeddable":true,"href":"https:\/\/pool-house.shop\/de\/wp-json\/wp\/v2\/product_cat?post=6489"},{"taxonomy":"product_tag","embeddable":true,"href":"https:\/\/pool-house.shop\/de\/wp-json\/wp\/v2\/product_tag?post=6489"}],"curies":[{"name":"wp","href":"https:\/\/api.w.org\/{rel}","templated":true}]}}