{"id":6505,"date":"2025-03-03T15:16:37","date_gmt":"2025-03-03T14:16:37","guid":{"rendered":"https:\/\/pool-house.shop\/product\/d63-duese-fuer-betonbecken\/"},"modified":"2025-03-03T15:16:37","modified_gmt":"2025-03-03T14:16:37","slug":"d63-duese-fuer-betonbecken","status":"publish","type":"product","link":"https:\/\/pool-house.shop\/de\/product\/d63-duese-fuer-betonbecken\/","title":{"rendered":"D63 D\u00fcse f\u00fcr Betonbecken"},"content":{"rendered":"<p>D\u00fcse f\u00fcr Betonbecken<\/p>\n<p> Hochwertige Poold\u00fcse aus ABS-Kunststoff f\u00fcr optimale Wasserzirkulation. Die D\u00fcse mit Au\u00dfengewindeanschluss wird an den Seitenw\u00e4nden von Betonbecken installiert. <\/p>\n<p> Anschluss: D63<\/p>\n<p> D\u00fcsen<br \/>\n Die Aufrechterhaltung der Poolwasserqualit\u00e4t h\u00e4ngt ma\u00dfgeblich vom Zirkulationssystem ab. Die Wandd\u00fcse ist Teil dieses Systems und ein wesentliches Element f\u00fcr die korrekte Wasserzirkulation. Die Aufgabe der D\u00fcse ist es, gefiltertes, gegebenenfalls erw\u00e4rmtes und chemisch behandeltes Wasser in das Becken zur\u00fcckzuf\u00fchren. Um eine korrekte Wasserzirkulation zu gew\u00e4hrleisten, wird empfohlen, Wandd\u00fcsen in einem Skimmerbecken gegen\u00fcber dem Skimmer zu installieren, um eine m\u00f6glichst optimale Wasserzirkulation zu erreichen. <\/p>\n<p> ABS-Kunststoff<br \/>\n ABS (Acrylnitril-Butadien-Styrol) ist ein Thermoplast mit guter Schlagfestigkeit, hoher H\u00e4rte und Festigkeit, guter thermischer und chemischer Best\u00e4ndigkeit sowie guter Ger\u00e4usch- und Vibrationsd\u00e4mpfung. Seine Einzigartigkeit liegt in der Kombination verschiedener Materialien. Acrylnitril erh\u00f6ht die thermische und chemische Best\u00e4ndigkeit, Butadien erh\u00f6ht die Haltbarkeit und Festigkeit, und Styrol verbessert die Verarbeitbarkeit, reduziert Kosten und sorgt f\u00fcr eine gl\u00e4nzende Oberfl\u00e4che.      <\/p>\n","protected":false},"excerpt":{"rendered":"<p>D\u00fcse f\u00fcr Betonbecken Hochwertige Poold\u00fcse aus ABS-Kunststoff f\u00fcr optimale Wasserzirkulation. Die D\u00fcse mit Au\u00dfengewindeanschluss wird an den Seitenw\u00e4nden von Betonbecken installiert. Anschluss: D63 D\u00fcsen Die Aufrechterhaltung der Poolwasserqualit\u00e4t h\u00e4ngt ma\u00dfgeblich vom Zirkulationssystem ab. Die Wandd\u00fcse ist Teil dieses Systems und ein wesentliches Element f\u00fcr die korrekte Wasserzirkulation. Die Aufgabe der D\u00fcse ist es, gefiltertes, gegebenenfalls &hellip;<\/p>\n<p class=\"read-more\"> <a class=\" thunk-readmore button \" href=\"https:\/\/pool-house.shop\/de\/product\/d63-duese-fuer-betonbecken\/\"> <span class=\"screen-reader-text\">D63 D\u00fcse f\u00fcr Betonbecken<\/span>Weiterlesen<\/a><\/p>\n","protected":false},"featured_media":6507,"template":"","meta":[],"product_brand":[],"product_cat":[244],"product_tag":[],"class_list":{"0":"post-6505","1":"product","2":"type-product","3":"status-publish","4":"has-post-thumbnail","6":"product_cat-dusen","7":"thunk-woo-product-list","8":"open-woo-hover-none","9":"open-single-product-tab-horizontal","10":"open-shadow-","11":"open-shadow-hover-","13":"first","14":"onbackorder","15":"taxable","16":"shipping-taxable","17":"purchasable","18":"product-type-simple"},"yoast_head":"<!-- This site is optimized with the Yoast SEO plugin v26.9 - https:\/\/yoast.com\/product\/yoast-seo-wordpress\/ -->\n<title>D63 D\u00fcse f\u00fcr Betonbecken - Pool-House<\/title>\n<meta name=\"robots\" content=\"index, follow, max-snippet:-1, max-image-preview:large, max-video-preview:-1\" \/>\n<link rel=\"canonical\" href=\"https:\/\/pool-house.shop\/de\/product\/d63-duese-fuer-betonbecken\/\" \/>\n<meta property=\"og:locale\" content=\"de_DE\" \/>\n<meta property=\"og:type\" content=\"article\" \/>\n<meta property=\"og:title\" content=\"D63 D\u00fcse f\u00fcr Betonbecken - Pool-House\" \/>\n<meta property=\"og:description\" content=\"D\u00fcse f\u00fcr Betonbecken Hochwertige Poold\u00fcse aus ABS-Kunststoff f\u00fcr optimale Wasserzirkulation. Die D\u00fcse mit Au\u00dfengewindeanschluss wird an den Seitenw\u00e4nden von Betonbecken installiert. Anschluss: D63 D\u00fcsen Die Aufrechterhaltung der Poolwasserqualit\u00e4t h\u00e4ngt ma\u00dfgeblich vom Zirkulationssystem ab. Die Wandd\u00fcse ist Teil dieses Systems und ein wesentliches Element f\u00fcr die korrekte Wasserzirkulation. Die Aufgabe der D\u00fcse ist es, gefiltertes, gegebenenfalls &hellip; D63 D\u00fcse f\u00fcr BetonbeckenWeiterlesen\" \/>\n<meta property=\"og:url\" content=\"https:\/\/pool-house.shop\/de\/product\/d63-duese-fuer-betonbecken\/\" \/>\n<meta property=\"og:site_name\" content=\"Pool-House\" \/>\n<meta property=\"article:publisher\" content=\"https:\/\/www.facebook.com\/termodomsk\/\" \/>\n<meta property=\"og:image\" content=\"https:\/\/pool-house.shop\/wp-content\/uploads\/termekkepek\/01\/011502.png\" \/>\n\t<meta property=\"og:image:width\" content=\"1000\" \/>\n\t<meta property=\"og:image:height\" content=\"1000\" \/>\n\t<meta property=\"og:image:type\" content=\"image\/png\" \/>\n<meta name=\"twitter:card\" content=\"summary_large_image\" \/>\n<meta name=\"twitter:label1\" content=\"Gesch\u00e4tzte Lesezeit\" \/>\n\t<meta name=\"twitter:data1\" content=\"1\u00a0Minute\" \/>\n<script type=\"application\/ld+json\" class=\"yoast-schema-graph\">{\"@context\":\"https:\/\/schema.org\",\"@graph\":[{\"@type\":\"WebPage\",\"@id\":\"https:\/\/pool-house.shop\/de\/product\/d63-duese-fuer-betonbecken\/\",\"url\":\"https:\/\/pool-house.shop\/de\/product\/d63-duese-fuer-betonbecken\/\",\"name\":\"D63 D\u00fcse f\u00fcr Betonbecken - Pool-House\",\"isPartOf\":{\"@id\":\"https:\/\/pool-house.shop\/de\/#website\"},\"primaryImageOfPage\":{\"@id\":\"https:\/\/pool-house.shop\/de\/product\/d63-duese-fuer-betonbecken\/#primaryimage\"},\"image\":{\"@id\":\"https:\/\/pool-house.shop\/de\/product\/d63-duese-fuer-betonbecken\/#primaryimage\"},\"thumbnailUrl\":\"https:\/\/pool-house.shop\/wp-content\/uploads\/termekkepek\/01\/011502.png\",\"datePublished\":\"2025-03-03T14:16:37+00:00\",\"breadcrumb\":{\"@id\":\"https:\/\/pool-house.shop\/de\/product\/d63-duese-fuer-betonbecken\/#breadcrumb\"},\"inLanguage\":\"de\",\"potentialAction\":[{\"@type\":\"ReadAction\",\"target\":[\"https:\/\/pool-house.shop\/de\/product\/d63-duese-fuer-betonbecken\/\"]}]},{\"@type\":\"ImageObject\",\"inLanguage\":\"de\",\"@id\":\"https:\/\/pool-house.shop\/de\/product\/d63-duese-fuer-betonbecken\/#primaryimage\",\"url\":\"https:\/\/pool-house.shop\/wp-content\/uploads\/termekkepek\/01\/011502.png\",\"contentUrl\":\"https:\/\/pool-house.shop\/wp-content\/uploads\/termekkepek\/01\/011502.png\",\"width\":1000,\"height\":1000},{\"@type\":\"BreadcrumbList\",\"@id\":\"https:\/\/pool-house.shop\/de\/product\/d63-duese-fuer-betonbecken\/#breadcrumb\",\"itemListElement\":[{\"@type\":\"ListItem\",\"position\":1,\"name\":\"Domovsk\u00e1 str\u00e1nka\",\"item\":\"https:\/\/pool-house.shop\/de\/\"},{\"@type\":\"ListItem\",\"position\":2,\"name\":\"Shop\",\"item\":\"https:\/\/pool-house.shop\/de\/shop\/\"},{\"@type\":\"ListItem\",\"position\":3,\"name\":\"D63 D\u00fcse f\u00fcr Betonbecken\"}]},{\"@type\":\"WebSite\",\"@id\":\"https:\/\/pool-house.shop\/de\/#website\",\"url\":\"https:\/\/pool-house.shop\/de\/\",\"name\":\"Pool-House\",\"description\":\"\",\"publisher\":{\"@id\":\"https:\/\/pool-house.shop\/de\/#organization\"},\"potentialAction\":[{\"@type\":\"SearchAction\",\"target\":{\"@type\":\"EntryPoint\",\"urlTemplate\":\"https:\/\/pool-house.shop\/de\/?s={search_term_string}\"},\"query-input\":{\"@type\":\"PropertyValueSpecification\",\"valueRequired\":true,\"valueName\":\"search_term_string\"}}],\"inLanguage\":\"de\"},{\"@type\":\"Organization\",\"@id\":\"https:\/\/pool-house.shop\/de\/#organization\",\"name\":\"Pool-House\",\"url\":\"https:\/\/pool-house.shop\/de\/\",\"logo\":{\"@type\":\"ImageObject\",\"inLanguage\":\"de\",\"@id\":\"https:\/\/pool-house.shop\/de\/#\/schema\/logo\/image\/\",\"url\":\"https:\/\/pool-house.shop\/wp-content\/uploads\/2025\/10\/logo-2-stvorec-mobil-modre.png\",\"contentUrl\":\"https:\/\/pool-house.shop\/wp-content\/uploads\/2025\/10\/logo-2-stvorec-mobil-modre.png\",\"width\":273,\"height\":189,\"caption\":\"Pool-House\"},\"image\":{\"@id\":\"https:\/\/pool-house.shop\/de\/#\/schema\/logo\/image\/\"},\"sameAs\":[\"https:\/\/www.facebook.com\/termodomsk\/\"]}]}<\/script>\n<!-- \/ Yoast SEO plugin. -->","yoast_head_json":{"title":"D63 D\u00fcse f\u00fcr Betonbecken - Pool-House","robots":{"index":"index","follow":"follow","max-snippet":"max-snippet:-1","max-image-preview":"max-image-preview:large","max-video-preview":"max-video-preview:-1"},"canonical":"https:\/\/pool-house.shop\/de\/product\/d63-duese-fuer-betonbecken\/","og_locale":"de_DE","og_type":"article","og_title":"D63 D\u00fcse f\u00fcr Betonbecken - Pool-House","og_description":"D\u00fcse f\u00fcr Betonbecken Hochwertige Poold\u00fcse aus ABS-Kunststoff f\u00fcr optimale Wasserzirkulation. Die D\u00fcse mit Au\u00dfengewindeanschluss wird an den Seitenw\u00e4nden von Betonbecken installiert. Anschluss: D63 D\u00fcsen Die Aufrechterhaltung der Poolwasserqualit\u00e4t h\u00e4ngt ma\u00dfgeblich vom Zirkulationssystem ab. Die Wandd\u00fcse ist Teil dieses Systems und ein wesentliches Element f\u00fcr die korrekte Wasserzirkulation. Die Aufgabe der D\u00fcse ist es, gefiltertes, gegebenenfalls &hellip; D63 D\u00fcse f\u00fcr BetonbeckenWeiterlesen","og_url":"https:\/\/pool-house.shop\/de\/product\/d63-duese-fuer-betonbecken\/","og_site_name":"Pool-House","article_publisher":"https:\/\/www.facebook.com\/termodomsk\/","og_image":[{"width":1000,"height":1000,"url":"https:\/\/pool-house.shop\/wp-content\/uploads\/termekkepek\/01\/011502.png","type":"image\/png"}],"twitter_card":"summary_large_image","twitter_misc":{"Gesch\u00e4tzte Lesezeit":"1\u00a0Minute"},"schema":{"@context":"https:\/\/schema.org","@graph":[{"@type":"WebPage","@id":"https:\/\/pool-house.shop\/de\/product\/d63-duese-fuer-betonbecken\/","url":"https:\/\/pool-house.shop\/de\/product\/d63-duese-fuer-betonbecken\/","name":"D63 D\u00fcse f\u00fcr Betonbecken - Pool-House","isPartOf":{"@id":"https:\/\/pool-house.shop\/de\/#website"},"primaryImageOfPage":{"@id":"https:\/\/pool-house.shop\/de\/product\/d63-duese-fuer-betonbecken\/#primaryimage"},"image":{"@id":"https:\/\/pool-house.shop\/de\/product\/d63-duese-fuer-betonbecken\/#primaryimage"},"thumbnailUrl":"https:\/\/pool-house.shop\/wp-content\/uploads\/termekkepek\/01\/011502.png","datePublished":"2025-03-03T14:16:37+00:00","breadcrumb":{"@id":"https:\/\/pool-house.shop\/de\/product\/d63-duese-fuer-betonbecken\/#breadcrumb"},"inLanguage":"de","potentialAction":[{"@type":"ReadAction","target":["https:\/\/pool-house.shop\/de\/product\/d63-duese-fuer-betonbecken\/"]}]},{"@type":"ImageObject","inLanguage":"de","@id":"https:\/\/pool-house.shop\/de\/product\/d63-duese-fuer-betonbecken\/#primaryimage","url":"https:\/\/pool-house.shop\/wp-content\/uploads\/termekkepek\/01\/011502.png","contentUrl":"https:\/\/pool-house.shop\/wp-content\/uploads\/termekkepek\/01\/011502.png","width":1000,"height":1000},{"@type":"BreadcrumbList","@id":"https:\/\/pool-house.shop\/de\/product\/d63-duese-fuer-betonbecken\/#breadcrumb","itemListElement":[{"@type":"ListItem","position":1,"name":"Domovsk\u00e1 str\u00e1nka","item":"https:\/\/pool-house.shop\/de\/"},{"@type":"ListItem","position":2,"name":"Shop","item":"https:\/\/pool-house.shop\/de\/shop\/"},{"@type":"ListItem","position":3,"name":"D63 D\u00fcse f\u00fcr Betonbecken"}]},{"@type":"WebSite","@id":"https:\/\/pool-house.shop\/de\/#website","url":"https:\/\/pool-house.shop\/de\/","name":"Pool-House","description":"","publisher":{"@id":"https:\/\/pool-house.shop\/de\/#organization"},"potentialAction":[{"@type":"SearchAction","target":{"@type":"EntryPoint","urlTemplate":"https:\/\/pool-house.shop\/de\/?s={search_term_string}"},"query-input":{"@type":"PropertyValueSpecification","valueRequired":true,"valueName":"search_term_string"}}],"inLanguage":"de"},{"@type":"Organization","@id":"https:\/\/pool-house.shop\/de\/#organization","name":"Pool-House","url":"https:\/\/pool-house.shop\/de\/","logo":{"@type":"ImageObject","inLanguage":"de","@id":"https:\/\/pool-house.shop\/de\/#\/schema\/logo\/image\/","url":"https:\/\/pool-house.shop\/wp-content\/uploads\/2025\/10\/logo-2-stvorec-mobil-modre.png","contentUrl":"https:\/\/pool-house.shop\/wp-content\/uploads\/2025\/10\/logo-2-stvorec-mobil-modre.png","width":273,"height":189,"caption":"Pool-House"},"image":{"@id":"https:\/\/pool-house.shop\/de\/#\/schema\/logo\/image\/"},"sameAs":["https:\/\/www.facebook.com\/termodomsk\/"]}]}},"_links":{"self":[{"href":"https:\/\/pool-house.shop\/de\/wp-json\/wp\/v2\/product\/6505","targetHints":{"allow":["GET"]}}],"collection":[{"href":"https:\/\/pool-house.shop\/de\/wp-json\/wp\/v2\/product"}],"about":[{"href":"https:\/\/pool-house.shop\/de\/wp-json\/wp\/v2\/types\/product"}],"wp:featuredmedia":[{"embeddable":true,"href":"https:\/\/pool-house.shop\/de\/wp-json\/wp\/v2\/media\/6507"}],"wp:attachment":[{"href":"https:\/\/pool-house.shop\/de\/wp-json\/wp\/v2\/media?parent=6505"}],"wp:term":[{"taxonomy":"product_brand","embeddable":true,"href":"https:\/\/pool-house.shop\/de\/wp-json\/wp\/v2\/product_brand?post=6505"},{"taxonomy":"product_cat","embeddable":true,"href":"https:\/\/pool-house.shop\/de\/wp-json\/wp\/v2\/product_cat?post=6505"},{"taxonomy":"product_tag","embeddable":true,"href":"https:\/\/pool-house.shop\/de\/wp-json\/wp\/v2\/product_tag?post=6505"}],"curies":[{"name":"wp","href":"https:\/\/api.w.org\/{rel}","templated":true}]}}