{"id":6572,"date":"2025-03-03T15:16:52","date_gmt":"2025-03-03T14:16:52","guid":{"rendered":"https:\/\/pool-house.shop\/product\/ueberlauf-eckelement-45o-300mm\/"},"modified":"2025-03-03T15:16:52","modified_gmt":"2025-03-03T14:16:52","slug":"ueberlauf-eckelement-45o-300mm","status":"publish","type":"product","link":"https:\/\/pool-house.shop\/de\/product\/ueberlauf-eckelement-45o-300mm\/","title":{"rendered":"\u00dcberlauf-Eckelement 45\u00ba 300mm"},"content":{"rendered":"<p>\u00dcberlauf-Eckelement 45\u00ba <\/p>\n<p> Ein 45\u00ba Eckelement f\u00fcr den \u00dcberlaufrost aus PP (Polypropylen) in Wei\u00df.<br \/>\n Das Eckelement ist f\u00fcr den geraden \u00dcberlaufrost Classic 300 mm (Art.-Nr.: 014130, 014131, 014132, 014133) vorgesehen.<x id=\"gid_3\"><\/x> <x id=\"gid_4\"><\/x> Abmessungen:<x id=\"gid_5\"><\/x> &#8211; H\u00f6he: 25 mm <x id=\"gid_6\"><\/x> &#8211; Breite: 300 mm<x id=\"gid_7\"><\/x> <x id=\"gid_8\"><\/x> \u00dcberlaufrost <x id=\"gid_9\"><\/x> Ein \u00dcberlaufrinnensystem ist f\u00fcr einen Pool mit gespannter Wasseroberfl\u00e4che unerl\u00e4sslich. Der Zweck des \u00dcberlaufrostes ist es, die Best\u00e4ndigkeit des Rinnensystems, das zur Ableitung des verschmutzten Poolwassers verwendet wird, gegen\u00fcber Witterungseinfl\u00fcssen zu gew\u00e4hrleisten, sowie dessen \u00e4sthetische und sichere Abdeckung.<\/p>\n<p> ABS-Kunststoff<br \/>\n ABS (Acrylnitril-Butadien-Styrol) ist ein Thermoplast mit guter Schlagfestigkeit, hoher H\u00e4rte und Festigkeit, guter thermischer und chemischer Best\u00e4ndigkeit sowie guter Ger\u00e4usch- und Vibrationsd\u00e4mpfung. Seine Besonderheit liegt in der Kombination verschiedener Materialien. Acrylnitril erh\u00f6ht die thermische und chemische Best\u00e4ndigkeit, Butadien erh\u00f6ht die Haltbarkeit und Festigkeit, und Styrol verbessert die Verarbeitbarkeit, senkt die Kosten und sorgt f\u00fcr eine gl\u00e4nzende Oberfl\u00e4che.    <\/p>\n","protected":false},"excerpt":{"rendered":"<p>\u00dcberlauf-Eckelement 45\u00ba Ein 45\u00ba Eckelement f\u00fcr den \u00dcberlaufrost aus PP (Polypropylen) in Wei\u00df. Das Eckelement ist f\u00fcr den geraden \u00dcberlaufrost Classic 300 mm (Art.-Nr.: 014130, 014131, 014132, 014133) vorgesehen. Abmessungen: &#8211; H\u00f6he: 25 mm &#8211; Breite: 300 mm \u00dcberlaufrost Ein \u00dcberlaufrinnensystem ist f\u00fcr einen Pool mit gespannter Wasseroberfl\u00e4che unerl\u00e4sslich. Der Zweck des \u00dcberlaufrostes ist es, &hellip;<\/p>\n<p class=\"read-more\"> <a class=\" thunk-readmore button \" href=\"https:\/\/pool-house.shop\/de\/product\/ueberlauf-eckelement-45o-300mm\/\"> <span class=\"screen-reader-text\">\u00dcberlauf-Eckelement 45\u00ba 300mm<\/span>Weiterlesen<\/a><\/p>\n","protected":false},"featured_media":1088,"template":"","meta":[],"product_brand":[],"product_cat":[243],"product_tag":[],"class_list":{"0":"post-6572","1":"product","2":"type-product","3":"status-publish","4":"has-post-thumbnail","6":"product_cat-uberlaufgitter","7":"thunk-woo-product-list","8":"open-woo-hover-none","9":"open-single-product-tab-horizontal","10":"open-shadow-","11":"open-shadow-hover-","13":"first","14":"instock","15":"taxable","16":"shipping-taxable","17":"purchasable","18":"product-type-simple"},"yoast_head":"<!-- This site is optimized with the Yoast SEO plugin v26.9 - https:\/\/yoast.com\/product\/yoast-seo-wordpress\/ -->\n<title>\u00dcberlauf-Eckelement 45\u00ba 300mm - Pool-House<\/title>\n<meta name=\"robots\" content=\"index, follow, max-snippet:-1, max-image-preview:large, max-video-preview:-1\" \/>\n<link rel=\"canonical\" href=\"https:\/\/pool-house.shop\/de\/product\/ueberlauf-eckelement-45o-300mm\/\" \/>\n<meta property=\"og:locale\" content=\"de_DE\" \/>\n<meta property=\"og:type\" content=\"article\" \/>\n<meta property=\"og:title\" content=\"\u00dcberlauf-Eckelement 45\u00ba 300mm - Pool-House\" \/>\n<meta property=\"og:description\" content=\"\u00dcberlauf-Eckelement 45\u00ba Ein 45\u00ba Eckelement f\u00fcr den \u00dcberlaufrost aus PP (Polypropylen) in Wei\u00df. Das Eckelement ist f\u00fcr den geraden \u00dcberlaufrost Classic 300 mm (Art.-Nr.: 014130, 014131, 014132, 014133) vorgesehen. Abmessungen: &#8211; H\u00f6he: 25 mm &#8211; Breite: 300 mm \u00dcberlaufrost Ein \u00dcberlaufrinnensystem ist f\u00fcr einen Pool mit gespannter Wasseroberfl\u00e4che unerl\u00e4sslich. Der Zweck des \u00dcberlaufrostes ist es, &hellip; \u00dcberlauf-Eckelement 45\u00ba 300mmWeiterlesen\" \/>\n<meta property=\"og:url\" content=\"https:\/\/pool-house.shop\/de\/product\/ueberlauf-eckelement-45o-300mm\/\" \/>\n<meta property=\"og:site_name\" content=\"Pool-House\" \/>\n<meta property=\"article:publisher\" content=\"https:\/\/www.facebook.com\/termodomsk\/\" \/>\n<meta property=\"og:image\" content=\"https:\/\/pool-house.shop\/wp-content\/uploads\/termekkepek\/01\/014830.png\" \/>\n\t<meta property=\"og:image:width\" content=\"1000\" \/>\n\t<meta property=\"og:image:height\" content=\"1000\" \/>\n\t<meta property=\"og:image:type\" content=\"image\/png\" \/>\n<meta name=\"twitter:card\" content=\"summary_large_image\" \/>\n<meta name=\"twitter:label1\" content=\"Gesch\u00e4tzte Lesezeit\" \/>\n\t<meta name=\"twitter:data1\" content=\"1\u00a0Minute\" \/>\n<script type=\"application\/ld+json\" class=\"yoast-schema-graph\">{\"@context\":\"https:\/\/schema.org\",\"@graph\":[{\"@type\":\"WebPage\",\"@id\":\"https:\/\/pool-house.shop\/de\/product\/ueberlauf-eckelement-45o-300mm\/\",\"url\":\"https:\/\/pool-house.shop\/de\/product\/ueberlauf-eckelement-45o-300mm\/\",\"name\":\"\u00dcberlauf-Eckelement 45\u00ba 300mm - Pool-House\",\"isPartOf\":{\"@id\":\"https:\/\/pool-house.shop\/de\/#website\"},\"primaryImageOfPage\":{\"@id\":\"https:\/\/pool-house.shop\/de\/product\/ueberlauf-eckelement-45o-300mm\/#primaryimage\"},\"image\":{\"@id\":\"https:\/\/pool-house.shop\/de\/product\/ueberlauf-eckelement-45o-300mm\/#primaryimage\"},\"thumbnailUrl\":\"https:\/\/pool-house.shop\/wp-content\/uploads\/termekkepek\/01\/014830.png\",\"datePublished\":\"2025-03-03T14:16:52+00:00\",\"breadcrumb\":{\"@id\":\"https:\/\/pool-house.shop\/de\/product\/ueberlauf-eckelement-45o-300mm\/#breadcrumb\"},\"inLanguage\":\"de\",\"potentialAction\":[{\"@type\":\"ReadAction\",\"target\":[\"https:\/\/pool-house.shop\/de\/product\/ueberlauf-eckelement-45o-300mm\/\"]}]},{\"@type\":\"ImageObject\",\"inLanguage\":\"de\",\"@id\":\"https:\/\/pool-house.shop\/de\/product\/ueberlauf-eckelement-45o-300mm\/#primaryimage\",\"url\":\"https:\/\/pool-house.shop\/wp-content\/uploads\/termekkepek\/01\/014830.png\",\"contentUrl\":\"https:\/\/pool-house.shop\/wp-content\/uploads\/termekkepek\/01\/014830.png\",\"width\":1000,\"height\":1000},{\"@type\":\"BreadcrumbList\",\"@id\":\"https:\/\/pool-house.shop\/de\/product\/ueberlauf-eckelement-45o-300mm\/#breadcrumb\",\"itemListElement\":[{\"@type\":\"ListItem\",\"position\":1,\"name\":\"Domovsk\u00e1 str\u00e1nka\",\"item\":\"https:\/\/pool-house.shop\/de\/\"},{\"@type\":\"ListItem\",\"position\":2,\"name\":\"Shop\",\"item\":\"https:\/\/pool-house.shop\/de\/shop\/\"},{\"@type\":\"ListItem\",\"position\":3,\"name\":\"\u00dcberlauf-Eckelement 45\u00ba 300mm\"}]},{\"@type\":\"WebSite\",\"@id\":\"https:\/\/pool-house.shop\/de\/#website\",\"url\":\"https:\/\/pool-house.shop\/de\/\",\"name\":\"Pool-House\",\"description\":\"\",\"publisher\":{\"@id\":\"https:\/\/pool-house.shop\/de\/#organization\"},\"potentialAction\":[{\"@type\":\"SearchAction\",\"target\":{\"@type\":\"EntryPoint\",\"urlTemplate\":\"https:\/\/pool-house.shop\/de\/?s={search_term_string}\"},\"query-input\":{\"@type\":\"PropertyValueSpecification\",\"valueRequired\":true,\"valueName\":\"search_term_string\"}}],\"inLanguage\":\"de\"},{\"@type\":\"Organization\",\"@id\":\"https:\/\/pool-house.shop\/de\/#organization\",\"name\":\"Pool-House\",\"url\":\"https:\/\/pool-house.shop\/de\/\",\"logo\":{\"@type\":\"ImageObject\",\"inLanguage\":\"de\",\"@id\":\"https:\/\/pool-house.shop\/de\/#\/schema\/logo\/image\/\",\"url\":\"https:\/\/pool-house.shop\/wp-content\/uploads\/2025\/10\/logo-2-stvorec-mobil-modre.png\",\"contentUrl\":\"https:\/\/pool-house.shop\/wp-content\/uploads\/2025\/10\/logo-2-stvorec-mobil-modre.png\",\"width\":273,\"height\":189,\"caption\":\"Pool-House\"},\"image\":{\"@id\":\"https:\/\/pool-house.shop\/de\/#\/schema\/logo\/image\/\"},\"sameAs\":[\"https:\/\/www.facebook.com\/termodomsk\/\"]}]}<\/script>\n<!-- \/ Yoast SEO plugin. -->","yoast_head_json":{"title":"\u00dcberlauf-Eckelement 45\u00ba 300mm - Pool-House","robots":{"index":"index","follow":"follow","max-snippet":"max-snippet:-1","max-image-preview":"max-image-preview:large","max-video-preview":"max-video-preview:-1"},"canonical":"https:\/\/pool-house.shop\/de\/product\/ueberlauf-eckelement-45o-300mm\/","og_locale":"de_DE","og_type":"article","og_title":"\u00dcberlauf-Eckelement 45\u00ba 300mm - Pool-House","og_description":"\u00dcberlauf-Eckelement 45\u00ba Ein 45\u00ba Eckelement f\u00fcr den \u00dcberlaufrost aus PP (Polypropylen) in Wei\u00df. Das Eckelement ist f\u00fcr den geraden \u00dcberlaufrost Classic 300 mm (Art.-Nr.: 014130, 014131, 014132, 014133) vorgesehen. Abmessungen: &#8211; H\u00f6he: 25 mm &#8211; Breite: 300 mm \u00dcberlaufrost Ein \u00dcberlaufrinnensystem ist f\u00fcr einen Pool mit gespannter Wasseroberfl\u00e4che unerl\u00e4sslich. Der Zweck des \u00dcberlaufrostes ist es, &hellip; \u00dcberlauf-Eckelement 45\u00ba 300mmWeiterlesen","og_url":"https:\/\/pool-house.shop\/de\/product\/ueberlauf-eckelement-45o-300mm\/","og_site_name":"Pool-House","article_publisher":"https:\/\/www.facebook.com\/termodomsk\/","og_image":[{"width":1000,"height":1000,"url":"https:\/\/pool-house.shop\/wp-content\/uploads\/termekkepek\/01\/014830.png","type":"image\/png"}],"twitter_card":"summary_large_image","twitter_misc":{"Gesch\u00e4tzte Lesezeit":"1\u00a0Minute"},"schema":{"@context":"https:\/\/schema.org","@graph":[{"@type":"WebPage","@id":"https:\/\/pool-house.shop\/de\/product\/ueberlauf-eckelement-45o-300mm\/","url":"https:\/\/pool-house.shop\/de\/product\/ueberlauf-eckelement-45o-300mm\/","name":"\u00dcberlauf-Eckelement 45\u00ba 300mm - Pool-House","isPartOf":{"@id":"https:\/\/pool-house.shop\/de\/#website"},"primaryImageOfPage":{"@id":"https:\/\/pool-house.shop\/de\/product\/ueberlauf-eckelement-45o-300mm\/#primaryimage"},"image":{"@id":"https:\/\/pool-house.shop\/de\/product\/ueberlauf-eckelement-45o-300mm\/#primaryimage"},"thumbnailUrl":"https:\/\/pool-house.shop\/wp-content\/uploads\/termekkepek\/01\/014830.png","datePublished":"2025-03-03T14:16:52+00:00","breadcrumb":{"@id":"https:\/\/pool-house.shop\/de\/product\/ueberlauf-eckelement-45o-300mm\/#breadcrumb"},"inLanguage":"de","potentialAction":[{"@type":"ReadAction","target":["https:\/\/pool-house.shop\/de\/product\/ueberlauf-eckelement-45o-300mm\/"]}]},{"@type":"ImageObject","inLanguage":"de","@id":"https:\/\/pool-house.shop\/de\/product\/ueberlauf-eckelement-45o-300mm\/#primaryimage","url":"https:\/\/pool-house.shop\/wp-content\/uploads\/termekkepek\/01\/014830.png","contentUrl":"https:\/\/pool-house.shop\/wp-content\/uploads\/termekkepek\/01\/014830.png","width":1000,"height":1000},{"@type":"BreadcrumbList","@id":"https:\/\/pool-house.shop\/de\/product\/ueberlauf-eckelement-45o-300mm\/#breadcrumb","itemListElement":[{"@type":"ListItem","position":1,"name":"Domovsk\u00e1 str\u00e1nka","item":"https:\/\/pool-house.shop\/de\/"},{"@type":"ListItem","position":2,"name":"Shop","item":"https:\/\/pool-house.shop\/de\/shop\/"},{"@type":"ListItem","position":3,"name":"\u00dcberlauf-Eckelement 45\u00ba 300mm"}]},{"@type":"WebSite","@id":"https:\/\/pool-house.shop\/de\/#website","url":"https:\/\/pool-house.shop\/de\/","name":"Pool-House","description":"","publisher":{"@id":"https:\/\/pool-house.shop\/de\/#organization"},"potentialAction":[{"@type":"SearchAction","target":{"@type":"EntryPoint","urlTemplate":"https:\/\/pool-house.shop\/de\/?s={search_term_string}"},"query-input":{"@type":"PropertyValueSpecification","valueRequired":true,"valueName":"search_term_string"}}],"inLanguage":"de"},{"@type":"Organization","@id":"https:\/\/pool-house.shop\/de\/#organization","name":"Pool-House","url":"https:\/\/pool-house.shop\/de\/","logo":{"@type":"ImageObject","inLanguage":"de","@id":"https:\/\/pool-house.shop\/de\/#\/schema\/logo\/image\/","url":"https:\/\/pool-house.shop\/wp-content\/uploads\/2025\/10\/logo-2-stvorec-mobil-modre.png","contentUrl":"https:\/\/pool-house.shop\/wp-content\/uploads\/2025\/10\/logo-2-stvorec-mobil-modre.png","width":273,"height":189,"caption":"Pool-House"},"image":{"@id":"https:\/\/pool-house.shop\/de\/#\/schema\/logo\/image\/"},"sameAs":["https:\/\/www.facebook.com\/termodomsk\/"]}]}},"_links":{"self":[{"href":"https:\/\/pool-house.shop\/de\/wp-json\/wp\/v2\/product\/6572","targetHints":{"allow":["GET"]}}],"collection":[{"href":"https:\/\/pool-house.shop\/de\/wp-json\/wp\/v2\/product"}],"about":[{"href":"https:\/\/pool-house.shop\/de\/wp-json\/wp\/v2\/types\/product"}],"wp:featuredmedia":[{"embeddable":true,"href":"https:\/\/pool-house.shop\/de\/wp-json\/wp\/v2\/media\/1088"}],"wp:attachment":[{"href":"https:\/\/pool-house.shop\/de\/wp-json\/wp\/v2\/media?parent=6572"}],"wp:term":[{"taxonomy":"product_brand","embeddable":true,"href":"https:\/\/pool-house.shop\/de\/wp-json\/wp\/v2\/product_brand?post=6572"},{"taxonomy":"product_cat","embeddable":true,"href":"https:\/\/pool-house.shop\/de\/wp-json\/wp\/v2\/product_cat?post=6572"},{"taxonomy":"product_tag","embeddable":true,"href":"https:\/\/pool-house.shop\/de\/wp-json\/wp\/v2\/product_tag?post=6572"}],"curies":[{"name":"wp","href":"https:\/\/api.w.org\/{rel}","templated":true}]}}