{"id":6593,"date":"2025-03-03T15:16:57","date_gmt":"2025-03-03T14:16:57","guid":{"rendered":"https:\/\/pool-house.shop\/product\/reflektor-slim-2018-weiss-35-w-fuer-betonbecken\/"},"modified":"2025-03-03T15:16:57","modified_gmt":"2025-03-03T14:16:57","slug":"reflektor-slim-2018-weiss-35-w-fuer-betonbecken","status":"publish","type":"product","link":"https:\/\/pool-house.shop\/de\/product\/reflektor-slim-2018-weiss-35-w-fuer-betonbecken\/","title":{"rendered":"Reflektor \u201eSLIM 2018\u201c Wei\u00df \u2013 35 W f\u00fcr Betonbecken"},"content":{"rendered":"<p>Reflektor \u201eSLIM 2018\u201c<\/p>\n<p> Der Unterwasserscheinwerfer Slim 2018 LED mit farbigen Dioden kann auch au\u00dferhalb der Beckenwand installiert werden. Die LED ist eine spezielle Lampe mit einem Polycarbonatgeh\u00e4use, das mit transparentem Kunstharz gef\u00fcllt ist, was eine extreme Wasserbest\u00e4ndigkeit und lange Lebensdauer gew\u00e4hrleistet.<br \/>\n Die LED-Leuchte verf\u00fcgt \u00fcber alle notwendigen Armaturen f\u00fcr den Einsatz anstelle einer PAR56-Gl\u00fchbirne.<br \/>\n Alle Slim 2018 Scheinwerfer werden mit einem 2 x 2,5 m Kabel geliefert. Der Abstrahlwinkel betr\u00e4gt 120\u00b0.<\/p>\n<p> Garantie:<br \/>\n &#8211; 5 Jahre Garantie auf Wasserdichtigkeit. <\/p>\n","protected":false},"excerpt":{"rendered":"<p>Reflektor \u201eSLIM 2018\u201c Der Unterwasserscheinwerfer Slim 2018 LED mit farbigen Dioden kann auch au\u00dferhalb der Beckenwand installiert werden. Die LED ist eine spezielle Lampe mit einem Polycarbonatgeh\u00e4use, das mit transparentem Kunstharz gef\u00fcllt ist, was eine extreme Wasserbest\u00e4ndigkeit und lange Lebensdauer gew\u00e4hrleistet. Die LED-Leuchte verf\u00fcgt \u00fcber alle notwendigen Armaturen f\u00fcr den Einsatz anstelle einer PAR56-Gl\u00fchbirne. Alle &hellip;<\/p>\n<p class=\"read-more\"> <a class=\" thunk-readmore button \" href=\"https:\/\/pool-house.shop\/de\/product\/reflektor-slim-2018-weiss-35-w-fuer-betonbecken\/\"> <span class=\"screen-reader-text\">Reflektor \u201eSLIM 2018\u201c Wei\u00df \u2013 35 W f\u00fcr Betonbecken<\/span>Weiterlesen<\/a><\/p>\n","protected":false},"featured_media":1173,"template":"","meta":[],"product_brand":[],"product_cat":[237],"product_tag":[],"class_list":{"0":"post-6593","1":"product","2":"type-product","3":"status-publish","4":"has-post-thumbnail","6":"product_cat-beleuchtung","7":"thunk-woo-product-list","8":"open-woo-hover-none","9":"open-single-product-tab-horizontal","10":"open-shadow-","11":"open-shadow-hover-","13":"first","14":"instock","15":"taxable","16":"shipping-taxable","17":"purchasable","18":"product-type-simple"},"yoast_head":"<!-- This site is optimized with the Yoast SEO plugin v26.9 - https:\/\/yoast.com\/product\/yoast-seo-wordpress\/ -->\n<title>Reflektor \u201eSLIM 2018\u201c Wei\u00df \u2013 35 W f\u00fcr Betonbecken - Pool-House<\/title>\n<meta name=\"robots\" content=\"index, follow, max-snippet:-1, max-image-preview:large, max-video-preview:-1\" \/>\n<link rel=\"canonical\" href=\"https:\/\/pool-house.shop\/de\/product\/reflektor-slim-2018-weiss-35-w-fuer-betonbecken\/\" \/>\n<meta property=\"og:locale\" content=\"de_DE\" \/>\n<meta property=\"og:type\" content=\"article\" \/>\n<meta property=\"og:title\" content=\"Reflektor \u201eSLIM 2018\u201c Wei\u00df \u2013 35 W f\u00fcr Betonbecken - Pool-House\" \/>\n<meta property=\"og:description\" content=\"Reflektor \u201eSLIM 2018\u201c Der Unterwasserscheinwerfer Slim 2018 LED mit farbigen Dioden kann auch au\u00dferhalb der Beckenwand installiert werden. Die LED ist eine spezielle Lampe mit einem Polycarbonatgeh\u00e4use, das mit transparentem Kunstharz gef\u00fcllt ist, was eine extreme Wasserbest\u00e4ndigkeit und lange Lebensdauer gew\u00e4hrleistet. Die LED-Leuchte verf\u00fcgt \u00fcber alle notwendigen Armaturen f\u00fcr den Einsatz anstelle einer PAR56-Gl\u00fchbirne. Alle &hellip; Reflektor \u201eSLIM 2018\u201c Wei\u00df \u2013 35 W f\u00fcr BetonbeckenWeiterlesen\" \/>\n<meta property=\"og:url\" content=\"https:\/\/pool-house.shop\/de\/product\/reflektor-slim-2018-weiss-35-w-fuer-betonbecken\/\" \/>\n<meta property=\"og:site_name\" content=\"Pool-House\" \/>\n<meta property=\"article:publisher\" content=\"https:\/\/www.facebook.com\/termodomsk\/\" \/>\n<meta property=\"og:image\" content=\"https:\/\/pool-house.shop\/wp-content\/uploads\/termekkepek\/02\/020001.png\" \/>\n\t<meta property=\"og:image:width\" content=\"1600\" \/>\n\t<meta property=\"og:image:height\" content=\"1600\" \/>\n\t<meta property=\"og:image:type\" content=\"image\/png\" \/>\n<meta name=\"twitter:card\" content=\"summary_large_image\" \/>\n<script type=\"application\/ld+json\" class=\"yoast-schema-graph\">{\"@context\":\"https:\/\/schema.org\",\"@graph\":[{\"@type\":\"WebPage\",\"@id\":\"https:\/\/pool-house.shop\/de\/product\/reflektor-slim-2018-weiss-35-w-fuer-betonbecken\/\",\"url\":\"https:\/\/pool-house.shop\/de\/product\/reflektor-slim-2018-weiss-35-w-fuer-betonbecken\/\",\"name\":\"Reflektor \u201eSLIM 2018\u201c Wei\u00df \u2013 35 W f\u00fcr Betonbecken - Pool-House\",\"isPartOf\":{\"@id\":\"https:\/\/pool-house.shop\/de\/#website\"},\"primaryImageOfPage\":{\"@id\":\"https:\/\/pool-house.shop\/de\/product\/reflektor-slim-2018-weiss-35-w-fuer-betonbecken\/#primaryimage\"},\"image\":{\"@id\":\"https:\/\/pool-house.shop\/de\/product\/reflektor-slim-2018-weiss-35-w-fuer-betonbecken\/#primaryimage\"},\"thumbnailUrl\":\"https:\/\/pool-house.shop\/wp-content\/uploads\/termekkepek\/02\/020001.png\",\"datePublished\":\"2025-03-03T14:16:57+00:00\",\"breadcrumb\":{\"@id\":\"https:\/\/pool-house.shop\/de\/product\/reflektor-slim-2018-weiss-35-w-fuer-betonbecken\/#breadcrumb\"},\"inLanguage\":\"de\",\"potentialAction\":[{\"@type\":\"ReadAction\",\"target\":[\"https:\/\/pool-house.shop\/de\/product\/reflektor-slim-2018-weiss-35-w-fuer-betonbecken\/\"]}]},{\"@type\":\"ImageObject\",\"inLanguage\":\"de\",\"@id\":\"https:\/\/pool-house.shop\/de\/product\/reflektor-slim-2018-weiss-35-w-fuer-betonbecken\/#primaryimage\",\"url\":\"https:\/\/pool-house.shop\/wp-content\/uploads\/termekkepek\/02\/020001.png\",\"contentUrl\":\"https:\/\/pool-house.shop\/wp-content\/uploads\/termekkepek\/02\/020001.png\",\"width\":1600,\"height\":1600},{\"@type\":\"BreadcrumbList\",\"@id\":\"https:\/\/pool-house.shop\/de\/product\/reflektor-slim-2018-weiss-35-w-fuer-betonbecken\/#breadcrumb\",\"itemListElement\":[{\"@type\":\"ListItem\",\"position\":1,\"name\":\"Domovsk\u00e1 str\u00e1nka\",\"item\":\"https:\/\/pool-house.shop\/de\/\"},{\"@type\":\"ListItem\",\"position\":2,\"name\":\"Shop\",\"item\":\"https:\/\/pool-house.shop\/de\/shop\/\"},{\"@type\":\"ListItem\",\"position\":3,\"name\":\"Reflektor \u201eSLIM 2018\u201c Wei\u00df \u2013 35 W f\u00fcr Betonbecken\"}]},{\"@type\":\"WebSite\",\"@id\":\"https:\/\/pool-house.shop\/de\/#website\",\"url\":\"https:\/\/pool-house.shop\/de\/\",\"name\":\"Pool-House\",\"description\":\"\",\"publisher\":{\"@id\":\"https:\/\/pool-house.shop\/de\/#organization\"},\"potentialAction\":[{\"@type\":\"SearchAction\",\"target\":{\"@type\":\"EntryPoint\",\"urlTemplate\":\"https:\/\/pool-house.shop\/de\/?s={search_term_string}\"},\"query-input\":{\"@type\":\"PropertyValueSpecification\",\"valueRequired\":true,\"valueName\":\"search_term_string\"}}],\"inLanguage\":\"de\"},{\"@type\":\"Organization\",\"@id\":\"https:\/\/pool-house.shop\/de\/#organization\",\"name\":\"Pool-House\",\"url\":\"https:\/\/pool-house.shop\/de\/\",\"logo\":{\"@type\":\"ImageObject\",\"inLanguage\":\"de\",\"@id\":\"https:\/\/pool-house.shop\/de\/#\/schema\/logo\/image\/\",\"url\":\"https:\/\/pool-house.shop\/wp-content\/uploads\/2025\/10\/logo-2-stvorec-mobil-modre.png\",\"contentUrl\":\"https:\/\/pool-house.shop\/wp-content\/uploads\/2025\/10\/logo-2-stvorec-mobil-modre.png\",\"width\":273,\"height\":189,\"caption\":\"Pool-House\"},\"image\":{\"@id\":\"https:\/\/pool-house.shop\/de\/#\/schema\/logo\/image\/\"},\"sameAs\":[\"https:\/\/www.facebook.com\/termodomsk\/\"]}]}<\/script>\n<!-- \/ Yoast SEO plugin. -->","yoast_head_json":{"title":"Reflektor \u201eSLIM 2018\u201c Wei\u00df \u2013 35 W f\u00fcr Betonbecken - Pool-House","robots":{"index":"index","follow":"follow","max-snippet":"max-snippet:-1","max-image-preview":"max-image-preview:large","max-video-preview":"max-video-preview:-1"},"canonical":"https:\/\/pool-house.shop\/de\/product\/reflektor-slim-2018-weiss-35-w-fuer-betonbecken\/","og_locale":"de_DE","og_type":"article","og_title":"Reflektor \u201eSLIM 2018\u201c Wei\u00df \u2013 35 W f\u00fcr Betonbecken - Pool-House","og_description":"Reflektor \u201eSLIM 2018\u201c Der Unterwasserscheinwerfer Slim 2018 LED mit farbigen Dioden kann auch au\u00dferhalb der Beckenwand installiert werden. Die LED ist eine spezielle Lampe mit einem Polycarbonatgeh\u00e4use, das mit transparentem Kunstharz gef\u00fcllt ist, was eine extreme Wasserbest\u00e4ndigkeit und lange Lebensdauer gew\u00e4hrleistet. Die LED-Leuchte verf\u00fcgt \u00fcber alle notwendigen Armaturen f\u00fcr den Einsatz anstelle einer PAR56-Gl\u00fchbirne. Alle &hellip; Reflektor \u201eSLIM 2018\u201c Wei\u00df \u2013 35 W f\u00fcr BetonbeckenWeiterlesen","og_url":"https:\/\/pool-house.shop\/de\/product\/reflektor-slim-2018-weiss-35-w-fuer-betonbecken\/","og_site_name":"Pool-House","article_publisher":"https:\/\/www.facebook.com\/termodomsk\/","og_image":[{"width":1600,"height":1600,"url":"https:\/\/pool-house.shop\/wp-content\/uploads\/termekkepek\/02\/020001.png","type":"image\/png"}],"twitter_card":"summary_large_image","schema":{"@context":"https:\/\/schema.org","@graph":[{"@type":"WebPage","@id":"https:\/\/pool-house.shop\/de\/product\/reflektor-slim-2018-weiss-35-w-fuer-betonbecken\/","url":"https:\/\/pool-house.shop\/de\/product\/reflektor-slim-2018-weiss-35-w-fuer-betonbecken\/","name":"Reflektor \u201eSLIM 2018\u201c Wei\u00df \u2013 35 W f\u00fcr Betonbecken - Pool-House","isPartOf":{"@id":"https:\/\/pool-house.shop\/de\/#website"},"primaryImageOfPage":{"@id":"https:\/\/pool-house.shop\/de\/product\/reflektor-slim-2018-weiss-35-w-fuer-betonbecken\/#primaryimage"},"image":{"@id":"https:\/\/pool-house.shop\/de\/product\/reflektor-slim-2018-weiss-35-w-fuer-betonbecken\/#primaryimage"},"thumbnailUrl":"https:\/\/pool-house.shop\/wp-content\/uploads\/termekkepek\/02\/020001.png","datePublished":"2025-03-03T14:16:57+00:00","breadcrumb":{"@id":"https:\/\/pool-house.shop\/de\/product\/reflektor-slim-2018-weiss-35-w-fuer-betonbecken\/#breadcrumb"},"inLanguage":"de","potentialAction":[{"@type":"ReadAction","target":["https:\/\/pool-house.shop\/de\/product\/reflektor-slim-2018-weiss-35-w-fuer-betonbecken\/"]}]},{"@type":"ImageObject","inLanguage":"de","@id":"https:\/\/pool-house.shop\/de\/product\/reflektor-slim-2018-weiss-35-w-fuer-betonbecken\/#primaryimage","url":"https:\/\/pool-house.shop\/wp-content\/uploads\/termekkepek\/02\/020001.png","contentUrl":"https:\/\/pool-house.shop\/wp-content\/uploads\/termekkepek\/02\/020001.png","width":1600,"height":1600},{"@type":"BreadcrumbList","@id":"https:\/\/pool-house.shop\/de\/product\/reflektor-slim-2018-weiss-35-w-fuer-betonbecken\/#breadcrumb","itemListElement":[{"@type":"ListItem","position":1,"name":"Domovsk\u00e1 str\u00e1nka","item":"https:\/\/pool-house.shop\/de\/"},{"@type":"ListItem","position":2,"name":"Shop","item":"https:\/\/pool-house.shop\/de\/shop\/"},{"@type":"ListItem","position":3,"name":"Reflektor \u201eSLIM 2018\u201c Wei\u00df \u2013 35 W f\u00fcr Betonbecken"}]},{"@type":"WebSite","@id":"https:\/\/pool-house.shop\/de\/#website","url":"https:\/\/pool-house.shop\/de\/","name":"Pool-House","description":"","publisher":{"@id":"https:\/\/pool-house.shop\/de\/#organization"},"potentialAction":[{"@type":"SearchAction","target":{"@type":"EntryPoint","urlTemplate":"https:\/\/pool-house.shop\/de\/?s={search_term_string}"},"query-input":{"@type":"PropertyValueSpecification","valueRequired":true,"valueName":"search_term_string"}}],"inLanguage":"de"},{"@type":"Organization","@id":"https:\/\/pool-house.shop\/de\/#organization","name":"Pool-House","url":"https:\/\/pool-house.shop\/de\/","logo":{"@type":"ImageObject","inLanguage":"de","@id":"https:\/\/pool-house.shop\/de\/#\/schema\/logo\/image\/","url":"https:\/\/pool-house.shop\/wp-content\/uploads\/2025\/10\/logo-2-stvorec-mobil-modre.png","contentUrl":"https:\/\/pool-house.shop\/wp-content\/uploads\/2025\/10\/logo-2-stvorec-mobil-modre.png","width":273,"height":189,"caption":"Pool-House"},"image":{"@id":"https:\/\/pool-house.shop\/de\/#\/schema\/logo\/image\/"},"sameAs":["https:\/\/www.facebook.com\/termodomsk\/"]}]}},"_links":{"self":[{"href":"https:\/\/pool-house.shop\/de\/wp-json\/wp\/v2\/product\/6593","targetHints":{"allow":["GET"]}}],"collection":[{"href":"https:\/\/pool-house.shop\/de\/wp-json\/wp\/v2\/product"}],"about":[{"href":"https:\/\/pool-house.shop\/de\/wp-json\/wp\/v2\/types\/product"}],"wp:featuredmedia":[{"embeddable":true,"href":"https:\/\/pool-house.shop\/de\/wp-json\/wp\/v2\/media\/1173"}],"wp:attachment":[{"href":"https:\/\/pool-house.shop\/de\/wp-json\/wp\/v2\/media?parent=6593"}],"wp:term":[{"taxonomy":"product_brand","embeddable":true,"href":"https:\/\/pool-house.shop\/de\/wp-json\/wp\/v2\/product_brand?post=6593"},{"taxonomy":"product_cat","embeddable":true,"href":"https:\/\/pool-house.shop\/de\/wp-json\/wp\/v2\/product_cat?post=6593"},{"taxonomy":"product_tag","embeddable":true,"href":"https:\/\/pool-house.shop\/de\/wp-json\/wp\/v2\/product_tag?post=6593"}],"curies":[{"name":"wp","href":"https:\/\/api.w.org\/{rel}","templated":true}]}}