{"id":6604,"date":"2025-03-03T15:16:57","date_gmt":"2025-03-03T14:16:57","guid":{"rendered":"https:\/\/pool-house.shop\/product\/bodenduese-aus-edelstahl-2-fuer-folienbecken\/"},"modified":"2025-03-03T15:16:57","modified_gmt":"2025-03-03T14:16:57","slug":"bodenduese-aus-edelstahl-2-fuer-folienbecken","status":"publish","type":"product","link":"https:\/\/pool-house.shop\/de\/product\/bodenduese-aus-edelstahl-2-fuer-folienbecken\/","title":{"rendered":"Bodend\u00fcse aus Edelstahl 2&#8243; f\u00fcr Folienbecken"},"content":{"rendered":"<p>Bodend\u00fcse<\/p>\n<p> Hochleistungs-Bodend\u00fcse aus hochwertigem Edelstahl f\u00fcr eine optimale Wasserzirkulation bei Betonbecken.<\/p>\n<p> Bodend\u00fcse<br \/>\n Die Aufrechterhaltung der Wasserqualit\u00e4t im Pool h\u00e4ngt ma\u00dfgeblich vom Zirkulationssystem ab. Die Bodend\u00fcse ist Teil dieses Systems und ein unverzichtbares Element f\u00fcr die korrekte Wasserzirkulation. Die Aufgabe der D\u00fcsen ist es, gefiltertes, gegebenenfalls erw\u00e4rmtes und chemisch aufbereitetes Wasser in den Pool zur\u00fcckzuf\u00fchren. Bodend\u00fcsen werden empfohlen f\u00fcr den Einbau in Pools mit hohem Wasserstand.<x id=\"gid_5\"><\/x> <x id=\"gid_6\"><\/x> Edelstahl <x id=\"gid_7\"><\/x> Edelstahl (auch bekannt als Inox-Stahl) ist eine Stahllegierung mit h\u00f6herem Chromgehalt, die widerstandsf\u00e4higer gegen Korrosion und Verf\u00e4rbung ist, trotz ihres Namens jedoch anf\u00e4llig f\u00fcr Rost ist, insbesondere unter Bedingungen mit geringem Sauerstoffgehalt, hohem Salzgehalt oder in unbel\u00fcfteten R\u00e4umen. Chromoxid bildet eine passive Schicht, die das Rosten verhindert oder verlangsamt und dessen Eindringen in die inneren Stahlschichten verhindert.    <\/p>\n","protected":false},"excerpt":{"rendered":"<p>Bodend\u00fcse Hochleistungs-Bodend\u00fcse aus hochwertigem Edelstahl f\u00fcr eine optimale Wasserzirkulation bei Betonbecken. Bodend\u00fcse Die Aufrechterhaltung der Wasserqualit\u00e4t im Pool h\u00e4ngt ma\u00dfgeblich vom Zirkulationssystem ab. Die Bodend\u00fcse ist Teil dieses Systems und ein unverzichtbares Element f\u00fcr die korrekte Wasserzirkulation. Die Aufgabe der D\u00fcsen ist es, gefiltertes, gegebenenfalls erw\u00e4rmtes und chemisch aufbereitetes Wasser in den Pool zur\u00fcckzuf\u00fchren. Bodend\u00fcsen &hellip;<\/p>\n<p class=\"read-more\"> <a class=\" thunk-readmore button \" href=\"https:\/\/pool-house.shop\/de\/product\/bodenduese-aus-edelstahl-2-fuer-folienbecken\/\"> <span class=\"screen-reader-text\">Bodend\u00fcse aus Edelstahl 2&#8243; f\u00fcr Folienbecken<\/span>Weiterlesen<\/a><\/p>\n","protected":false},"featured_media":1147,"template":"","meta":[],"product_brand":[],"product_cat":[238],"product_tag":[],"class_list":{"0":"post-6604","1":"product","2":"type-product","3":"status-publish","4":"has-post-thumbnail","6":"product_cat-bodenablaufe","7":"thunk-woo-product-list","8":"open-woo-hover-none","9":"open-single-product-tab-horizontal","10":"open-shadow-","11":"open-shadow-hover-","13":"first","14":"instock","15":"taxable","16":"shipping-taxable","17":"purchasable","18":"product-type-simple"},"yoast_head":"<!-- This site is optimized with the Yoast SEO plugin v26.9 - https:\/\/yoast.com\/product\/yoast-seo-wordpress\/ -->\n<title>Bodend\u00fcse aus Edelstahl 2&quot; f\u00fcr Folienbecken - Pool-House<\/title>\n<meta name=\"robots\" content=\"index, follow, max-snippet:-1, max-image-preview:large, max-video-preview:-1\" \/>\n<link rel=\"canonical\" href=\"https:\/\/pool-house.shop\/de\/product\/bodenduese-aus-edelstahl-2-fuer-folienbecken\/\" \/>\n<meta property=\"og:locale\" content=\"de_DE\" \/>\n<meta property=\"og:type\" content=\"article\" \/>\n<meta property=\"og:title\" content=\"Bodend\u00fcse aus Edelstahl 2&quot; f\u00fcr Folienbecken - Pool-House\" \/>\n<meta property=\"og:description\" content=\"Bodend\u00fcse Hochleistungs-Bodend\u00fcse aus hochwertigem Edelstahl f\u00fcr eine optimale Wasserzirkulation bei Betonbecken. Bodend\u00fcse Die Aufrechterhaltung der Wasserqualit\u00e4t im Pool h\u00e4ngt ma\u00dfgeblich vom Zirkulationssystem ab. Die Bodend\u00fcse ist Teil dieses Systems und ein unverzichtbares Element f\u00fcr die korrekte Wasserzirkulation. Die Aufgabe der D\u00fcsen ist es, gefiltertes, gegebenenfalls erw\u00e4rmtes und chemisch aufbereitetes Wasser in den Pool zur\u00fcckzuf\u00fchren. Bodend\u00fcsen &hellip; Bodend\u00fcse aus Edelstahl 2&#8243; f\u00fcr FolienbeckenWeiterlesen\" \/>\n<meta property=\"og:url\" content=\"https:\/\/pool-house.shop\/de\/product\/bodenduese-aus-edelstahl-2-fuer-folienbecken\/\" \/>\n<meta property=\"og:site_name\" content=\"Pool-House\" \/>\n<meta property=\"article:publisher\" content=\"https:\/\/www.facebook.com\/termodomsk\/\" \/>\n<meta property=\"og:image\" content=\"https:\/\/pool-house.shop\/wp-content\/uploads\/termekkepek\/01\/018017.png\" \/>\n\t<meta property=\"og:image:width\" content=\"1600\" \/>\n\t<meta property=\"og:image:height\" content=\"1600\" \/>\n\t<meta property=\"og:image:type\" content=\"image\/png\" \/>\n<meta name=\"twitter:card\" content=\"summary_large_image\" \/>\n<meta name=\"twitter:label1\" content=\"Gesch\u00e4tzte Lesezeit\" \/>\n\t<meta name=\"twitter:data1\" content=\"1\u00a0Minute\" \/>\n<script type=\"application\/ld+json\" class=\"yoast-schema-graph\">{\"@context\":\"https:\/\/schema.org\",\"@graph\":[{\"@type\":\"WebPage\",\"@id\":\"https:\/\/pool-house.shop\/de\/product\/bodenduese-aus-edelstahl-2-fuer-folienbecken\/\",\"url\":\"https:\/\/pool-house.shop\/de\/product\/bodenduese-aus-edelstahl-2-fuer-folienbecken\/\",\"name\":\"Bodend\u00fcse aus Edelstahl 2\\\" f\u00fcr Folienbecken - Pool-House\",\"isPartOf\":{\"@id\":\"https:\/\/pool-house.shop\/de\/#website\"},\"primaryImageOfPage\":{\"@id\":\"https:\/\/pool-house.shop\/de\/product\/bodenduese-aus-edelstahl-2-fuer-folienbecken\/#primaryimage\"},\"image\":{\"@id\":\"https:\/\/pool-house.shop\/de\/product\/bodenduese-aus-edelstahl-2-fuer-folienbecken\/#primaryimage\"},\"thumbnailUrl\":\"https:\/\/pool-house.shop\/wp-content\/uploads\/termekkepek\/01\/018017.png\",\"datePublished\":\"2025-03-03T14:16:57+00:00\",\"breadcrumb\":{\"@id\":\"https:\/\/pool-house.shop\/de\/product\/bodenduese-aus-edelstahl-2-fuer-folienbecken\/#breadcrumb\"},\"inLanguage\":\"de\",\"potentialAction\":[{\"@type\":\"ReadAction\",\"target\":[\"https:\/\/pool-house.shop\/de\/product\/bodenduese-aus-edelstahl-2-fuer-folienbecken\/\"]}]},{\"@type\":\"ImageObject\",\"inLanguage\":\"de\",\"@id\":\"https:\/\/pool-house.shop\/de\/product\/bodenduese-aus-edelstahl-2-fuer-folienbecken\/#primaryimage\",\"url\":\"https:\/\/pool-house.shop\/wp-content\/uploads\/termekkepek\/01\/018017.png\",\"contentUrl\":\"https:\/\/pool-house.shop\/wp-content\/uploads\/termekkepek\/01\/018017.png\",\"width\":1600,\"height\":1600},{\"@type\":\"BreadcrumbList\",\"@id\":\"https:\/\/pool-house.shop\/de\/product\/bodenduese-aus-edelstahl-2-fuer-folienbecken\/#breadcrumb\",\"itemListElement\":[{\"@type\":\"ListItem\",\"position\":1,\"name\":\"Domovsk\u00e1 str\u00e1nka\",\"item\":\"https:\/\/pool-house.shop\/de\/\"},{\"@type\":\"ListItem\",\"position\":2,\"name\":\"Shop\",\"item\":\"https:\/\/pool-house.shop\/de\/shop\/\"},{\"@type\":\"ListItem\",\"position\":3,\"name\":\"Bodend\u00fcse aus Edelstahl 2&#8243; f\u00fcr Folienbecken\"}]},{\"@type\":\"WebSite\",\"@id\":\"https:\/\/pool-house.shop\/de\/#website\",\"url\":\"https:\/\/pool-house.shop\/de\/\",\"name\":\"Pool-House\",\"description\":\"\",\"publisher\":{\"@id\":\"https:\/\/pool-house.shop\/de\/#organization\"},\"potentialAction\":[{\"@type\":\"SearchAction\",\"target\":{\"@type\":\"EntryPoint\",\"urlTemplate\":\"https:\/\/pool-house.shop\/de\/?s={search_term_string}\"},\"query-input\":{\"@type\":\"PropertyValueSpecification\",\"valueRequired\":true,\"valueName\":\"search_term_string\"}}],\"inLanguage\":\"de\"},{\"@type\":\"Organization\",\"@id\":\"https:\/\/pool-house.shop\/de\/#organization\",\"name\":\"Pool-House\",\"url\":\"https:\/\/pool-house.shop\/de\/\",\"logo\":{\"@type\":\"ImageObject\",\"inLanguage\":\"de\",\"@id\":\"https:\/\/pool-house.shop\/de\/#\/schema\/logo\/image\/\",\"url\":\"https:\/\/pool-house.shop\/wp-content\/uploads\/2025\/10\/logo-2-stvorec-mobil-modre.png\",\"contentUrl\":\"https:\/\/pool-house.shop\/wp-content\/uploads\/2025\/10\/logo-2-stvorec-mobil-modre.png\",\"width\":273,\"height\":189,\"caption\":\"Pool-House\"},\"image\":{\"@id\":\"https:\/\/pool-house.shop\/de\/#\/schema\/logo\/image\/\"},\"sameAs\":[\"https:\/\/www.facebook.com\/termodomsk\/\"]}]}<\/script>\n<!-- \/ Yoast SEO plugin. -->","yoast_head_json":{"title":"Bodend\u00fcse aus Edelstahl 2\" f\u00fcr Folienbecken - Pool-House","robots":{"index":"index","follow":"follow","max-snippet":"max-snippet:-1","max-image-preview":"max-image-preview:large","max-video-preview":"max-video-preview:-1"},"canonical":"https:\/\/pool-house.shop\/de\/product\/bodenduese-aus-edelstahl-2-fuer-folienbecken\/","og_locale":"de_DE","og_type":"article","og_title":"Bodend\u00fcse aus Edelstahl 2\" f\u00fcr Folienbecken - Pool-House","og_description":"Bodend\u00fcse Hochleistungs-Bodend\u00fcse aus hochwertigem Edelstahl f\u00fcr eine optimale Wasserzirkulation bei Betonbecken. Bodend\u00fcse Die Aufrechterhaltung der Wasserqualit\u00e4t im Pool h\u00e4ngt ma\u00dfgeblich vom Zirkulationssystem ab. Die Bodend\u00fcse ist Teil dieses Systems und ein unverzichtbares Element f\u00fcr die korrekte Wasserzirkulation. Die Aufgabe der D\u00fcsen ist es, gefiltertes, gegebenenfalls erw\u00e4rmtes und chemisch aufbereitetes Wasser in den Pool zur\u00fcckzuf\u00fchren. Bodend\u00fcsen &hellip; Bodend\u00fcse aus Edelstahl 2&#8243; f\u00fcr FolienbeckenWeiterlesen","og_url":"https:\/\/pool-house.shop\/de\/product\/bodenduese-aus-edelstahl-2-fuer-folienbecken\/","og_site_name":"Pool-House","article_publisher":"https:\/\/www.facebook.com\/termodomsk\/","og_image":[{"width":1600,"height":1600,"url":"https:\/\/pool-house.shop\/wp-content\/uploads\/termekkepek\/01\/018017.png","type":"image\/png"}],"twitter_card":"summary_large_image","twitter_misc":{"Gesch\u00e4tzte Lesezeit":"1\u00a0Minute"},"schema":{"@context":"https:\/\/schema.org","@graph":[{"@type":"WebPage","@id":"https:\/\/pool-house.shop\/de\/product\/bodenduese-aus-edelstahl-2-fuer-folienbecken\/","url":"https:\/\/pool-house.shop\/de\/product\/bodenduese-aus-edelstahl-2-fuer-folienbecken\/","name":"Bodend\u00fcse aus Edelstahl 2\" f\u00fcr Folienbecken - Pool-House","isPartOf":{"@id":"https:\/\/pool-house.shop\/de\/#website"},"primaryImageOfPage":{"@id":"https:\/\/pool-house.shop\/de\/product\/bodenduese-aus-edelstahl-2-fuer-folienbecken\/#primaryimage"},"image":{"@id":"https:\/\/pool-house.shop\/de\/product\/bodenduese-aus-edelstahl-2-fuer-folienbecken\/#primaryimage"},"thumbnailUrl":"https:\/\/pool-house.shop\/wp-content\/uploads\/termekkepek\/01\/018017.png","datePublished":"2025-03-03T14:16:57+00:00","breadcrumb":{"@id":"https:\/\/pool-house.shop\/de\/product\/bodenduese-aus-edelstahl-2-fuer-folienbecken\/#breadcrumb"},"inLanguage":"de","potentialAction":[{"@type":"ReadAction","target":["https:\/\/pool-house.shop\/de\/product\/bodenduese-aus-edelstahl-2-fuer-folienbecken\/"]}]},{"@type":"ImageObject","inLanguage":"de","@id":"https:\/\/pool-house.shop\/de\/product\/bodenduese-aus-edelstahl-2-fuer-folienbecken\/#primaryimage","url":"https:\/\/pool-house.shop\/wp-content\/uploads\/termekkepek\/01\/018017.png","contentUrl":"https:\/\/pool-house.shop\/wp-content\/uploads\/termekkepek\/01\/018017.png","width":1600,"height":1600},{"@type":"BreadcrumbList","@id":"https:\/\/pool-house.shop\/de\/product\/bodenduese-aus-edelstahl-2-fuer-folienbecken\/#breadcrumb","itemListElement":[{"@type":"ListItem","position":1,"name":"Domovsk\u00e1 str\u00e1nka","item":"https:\/\/pool-house.shop\/de\/"},{"@type":"ListItem","position":2,"name":"Shop","item":"https:\/\/pool-house.shop\/de\/shop\/"},{"@type":"ListItem","position":3,"name":"Bodend\u00fcse aus Edelstahl 2&#8243; f\u00fcr Folienbecken"}]},{"@type":"WebSite","@id":"https:\/\/pool-house.shop\/de\/#website","url":"https:\/\/pool-house.shop\/de\/","name":"Pool-House","description":"","publisher":{"@id":"https:\/\/pool-house.shop\/de\/#organization"},"potentialAction":[{"@type":"SearchAction","target":{"@type":"EntryPoint","urlTemplate":"https:\/\/pool-house.shop\/de\/?s={search_term_string}"},"query-input":{"@type":"PropertyValueSpecification","valueRequired":true,"valueName":"search_term_string"}}],"inLanguage":"de"},{"@type":"Organization","@id":"https:\/\/pool-house.shop\/de\/#organization","name":"Pool-House","url":"https:\/\/pool-house.shop\/de\/","logo":{"@type":"ImageObject","inLanguage":"de","@id":"https:\/\/pool-house.shop\/de\/#\/schema\/logo\/image\/","url":"https:\/\/pool-house.shop\/wp-content\/uploads\/2025\/10\/logo-2-stvorec-mobil-modre.png","contentUrl":"https:\/\/pool-house.shop\/wp-content\/uploads\/2025\/10\/logo-2-stvorec-mobil-modre.png","width":273,"height":189,"caption":"Pool-House"},"image":{"@id":"https:\/\/pool-house.shop\/de\/#\/schema\/logo\/image\/"},"sameAs":["https:\/\/www.facebook.com\/termodomsk\/"]}]}},"_links":{"self":[{"href":"https:\/\/pool-house.shop\/de\/wp-json\/wp\/v2\/product\/6604","targetHints":{"allow":["GET"]}}],"collection":[{"href":"https:\/\/pool-house.shop\/de\/wp-json\/wp\/v2\/product"}],"about":[{"href":"https:\/\/pool-house.shop\/de\/wp-json\/wp\/v2\/types\/product"}],"wp:featuredmedia":[{"embeddable":true,"href":"https:\/\/pool-house.shop\/de\/wp-json\/wp\/v2\/media\/1147"}],"wp:attachment":[{"href":"https:\/\/pool-house.shop\/de\/wp-json\/wp\/v2\/media?parent=6604"}],"wp:term":[{"taxonomy":"product_brand","embeddable":true,"href":"https:\/\/pool-house.shop\/de\/wp-json\/wp\/v2\/product_brand?post=6604"},{"taxonomy":"product_cat","embeddable":true,"href":"https:\/\/pool-house.shop\/de\/wp-json\/wp\/v2\/product_cat?post=6604"},{"taxonomy":"product_tag","embeddable":true,"href":"https:\/\/pool-house.shop\/de\/wp-json\/wp\/v2\/product_tag?post=6604"}],"curies":[{"name":"wp","href":"https:\/\/api.w.org\/{rel}","templated":true}]}}