{"id":6630,"date":"2025-03-03T15:17:00","date_gmt":"2025-03-03T14:17:00","guid":{"rendered":"https:\/\/pool-house.shop\/product\/reflektor-std2002-rgb-31w-fuer-betonbecken-sandfarben\/"},"modified":"2025-03-03T15:17:00","modified_gmt":"2025-03-03T14:17:00","slug":"reflektor-std2002-rgb-31w-fuer-betonbecken-sandfarben","status":"publish","type":"product","link":"https:\/\/pool-house.shop\/de\/product\/reflektor-std2002-rgb-31w-fuer-betonbecken-sandfarben\/","title":{"rendered":"Reflektor STD2002 RGB 31W f\u00fcr Betonbecken, sandfarben"},"content":{"rendered":"<p>Reflektor STD2002<\/p>\n<p>Unterwasserbeleuchtung f\u00fcr Pools STD 2002 mit wei\u00dfer oder RGB LED 12 V PAR 56 Gl\u00fchbirne und 2 x 4 mm Kabel mit einer L\u00e4nge von 2,5 m. Die Frontplatte ist mit einem Befestigungsmechanismus aus Edelstahl ausgestattet.<x id=\"gid_2\"><\/x>Optionale Frontplatte aus Edelstahl.<x id=\"gid_3\"><\/x> <x id=\"gid_4\"><\/x>Edelstahl<x id=\"gid_5\"><\/x>Edelstahl (auch als Inox-Stahl bekannt) ist eine Stahllegierung mit h\u00f6herem Chromgehalt, die widerstandsf\u00e4higer gegen Korrosion und Verf\u00e4rbung ist, trotz ihres Namens jedoch anf\u00e4llig f\u00fcr Rost ist, insbesondere unter Bedingungen mit niedrigem Sauerstoffgehalt, hohem Salzgehalt oder in unbel\u00fcfteten R\u00e4umen. Chromoxid bildet eine passive Schicht, die das Rosten verhindert oder verlangsamt und dessen Eindringen in die inneren Stahlschichten verhindert.  <\/p>\n","protected":false},"excerpt":{"rendered":"<p>Reflektor STD2002 Unterwasserbeleuchtung f\u00fcr Pools STD 2002 mit wei\u00dfer oder RGB LED 12 V PAR 56 Gl\u00fchbirne und 2 x 4 mm Kabel mit einer L\u00e4nge von 2,5 m. Die Frontplatte ist mit einem Befestigungsmechanismus aus Edelstahl ausgestattet.Optionale Frontplatte aus Edelstahl. EdelstahlEdelstahl (auch als Inox-Stahl bekannt) ist eine Stahllegierung mit h\u00f6herem Chromgehalt, die widerstandsf\u00e4higer gegen &hellip;<\/p>\n<p class=\"read-more\"> <a class=\" thunk-readmore button \" href=\"https:\/\/pool-house.shop\/de\/product\/reflektor-std2002-rgb-31w-fuer-betonbecken-sandfarben\/\"> <span class=\"screen-reader-text\">Reflektor STD2002 RGB 31W f\u00fcr Betonbecken, sandfarben<\/span>Weiterlesen<\/a><\/p>\n","protected":false},"featured_media":1196,"template":"","meta":[],"product_brand":[],"product_cat":[237],"product_tag":[],"class_list":{"0":"post-6630","1":"product","2":"type-product","3":"status-publish","4":"has-post-thumbnail","6":"product_cat-beleuchtung","7":"thunk-woo-product-list","8":"open-woo-hover-none","9":"open-single-product-tab-horizontal","10":"open-shadow-","11":"open-shadow-hover-","13":"first","14":"instock","15":"taxable","16":"shipping-taxable","17":"purchasable","18":"product-type-simple"},"yoast_head":"<!-- This site is optimized with the Yoast SEO plugin v26.9 - https:\/\/yoast.com\/product\/yoast-seo-wordpress\/ -->\n<title>Reflektor STD2002 RGB 31W f\u00fcr Betonbecken, sandfarben - Pool-House<\/title>\n<meta name=\"robots\" content=\"index, follow, max-snippet:-1, max-image-preview:large, max-video-preview:-1\" \/>\n<link rel=\"canonical\" href=\"https:\/\/pool-house.shop\/de\/product\/reflektor-std2002-rgb-31w-fuer-betonbecken-sandfarben\/\" \/>\n<meta property=\"og:locale\" content=\"de_DE\" \/>\n<meta property=\"og:type\" content=\"article\" \/>\n<meta property=\"og:title\" content=\"Reflektor STD2002 RGB 31W f\u00fcr Betonbecken, sandfarben - Pool-House\" \/>\n<meta property=\"og:description\" content=\"Reflektor STD2002 Unterwasserbeleuchtung f\u00fcr Pools STD 2002 mit wei\u00dfer oder RGB LED 12 V PAR 56 Gl\u00fchbirne und 2 x 4 mm Kabel mit einer L\u00e4nge von 2,5 m. Die Frontplatte ist mit einem Befestigungsmechanismus aus Edelstahl ausgestattet.Optionale Frontplatte aus Edelstahl. EdelstahlEdelstahl (auch als Inox-Stahl bekannt) ist eine Stahllegierung mit h\u00f6herem Chromgehalt, die widerstandsf\u00e4higer gegen &hellip; Reflektor STD2002 RGB 31W f\u00fcr Betonbecken, sandfarbenWeiterlesen\" \/>\n<meta property=\"og:url\" content=\"https:\/\/pool-house.shop\/de\/product\/reflektor-std2002-rgb-31w-fuer-betonbecken-sandfarben\/\" \/>\n<meta property=\"og:site_name\" content=\"Pool-House\" \/>\n<meta property=\"article:publisher\" content=\"https:\/\/www.facebook.com\/termodomsk\/\" \/>\n<meta property=\"og:image\" content=\"https:\/\/pool-house.shop\/wp-content\/uploads\/termekkepek\/02\/020128.png\" \/>\n\t<meta property=\"og:image:width\" content=\"1200\" \/>\n\t<meta property=\"og:image:height\" content=\"1200\" \/>\n\t<meta property=\"og:image:type\" content=\"image\/png\" \/>\n<meta name=\"twitter:card\" content=\"summary_large_image\" \/>\n<meta name=\"twitter:label1\" content=\"Gesch\u00e4tzte Lesezeit\" \/>\n\t<meta name=\"twitter:data1\" content=\"1\u00a0Minute\" \/>\n<script type=\"application\/ld+json\" class=\"yoast-schema-graph\">{\"@context\":\"https:\/\/schema.org\",\"@graph\":[{\"@type\":\"WebPage\",\"@id\":\"https:\/\/pool-house.shop\/de\/product\/reflektor-std2002-rgb-31w-fuer-betonbecken-sandfarben\/\",\"url\":\"https:\/\/pool-house.shop\/de\/product\/reflektor-std2002-rgb-31w-fuer-betonbecken-sandfarben\/\",\"name\":\"Reflektor STD2002 RGB 31W f\u00fcr Betonbecken, sandfarben - Pool-House\",\"isPartOf\":{\"@id\":\"https:\/\/pool-house.shop\/de\/#website\"},\"primaryImageOfPage\":{\"@id\":\"https:\/\/pool-house.shop\/de\/product\/reflektor-std2002-rgb-31w-fuer-betonbecken-sandfarben\/#primaryimage\"},\"image\":{\"@id\":\"https:\/\/pool-house.shop\/de\/product\/reflektor-std2002-rgb-31w-fuer-betonbecken-sandfarben\/#primaryimage\"},\"thumbnailUrl\":\"https:\/\/pool-house.shop\/wp-content\/uploads\/termekkepek\/02\/020128.png\",\"datePublished\":\"2025-03-03T14:17:00+00:00\",\"breadcrumb\":{\"@id\":\"https:\/\/pool-house.shop\/de\/product\/reflektor-std2002-rgb-31w-fuer-betonbecken-sandfarben\/#breadcrumb\"},\"inLanguage\":\"de\",\"potentialAction\":[{\"@type\":\"ReadAction\",\"target\":[\"https:\/\/pool-house.shop\/de\/product\/reflektor-std2002-rgb-31w-fuer-betonbecken-sandfarben\/\"]}]},{\"@type\":\"ImageObject\",\"inLanguage\":\"de\",\"@id\":\"https:\/\/pool-house.shop\/de\/product\/reflektor-std2002-rgb-31w-fuer-betonbecken-sandfarben\/#primaryimage\",\"url\":\"https:\/\/pool-house.shop\/wp-content\/uploads\/termekkepek\/02\/020128.png\",\"contentUrl\":\"https:\/\/pool-house.shop\/wp-content\/uploads\/termekkepek\/02\/020128.png\",\"width\":1200,\"height\":1200},{\"@type\":\"BreadcrumbList\",\"@id\":\"https:\/\/pool-house.shop\/de\/product\/reflektor-std2002-rgb-31w-fuer-betonbecken-sandfarben\/#breadcrumb\",\"itemListElement\":[{\"@type\":\"ListItem\",\"position\":1,\"name\":\"Domovsk\u00e1 str\u00e1nka\",\"item\":\"https:\/\/pool-house.shop\/de\/\"},{\"@type\":\"ListItem\",\"position\":2,\"name\":\"Shop\",\"item\":\"https:\/\/pool-house.shop\/de\/shop\/\"},{\"@type\":\"ListItem\",\"position\":3,\"name\":\"Reflektor STD2002 RGB 31W f\u00fcr Betonbecken, sandfarben\"}]},{\"@type\":\"WebSite\",\"@id\":\"https:\/\/pool-house.shop\/de\/#website\",\"url\":\"https:\/\/pool-house.shop\/de\/\",\"name\":\"Pool-House\",\"description\":\"\",\"publisher\":{\"@id\":\"https:\/\/pool-house.shop\/de\/#organization\"},\"potentialAction\":[{\"@type\":\"SearchAction\",\"target\":{\"@type\":\"EntryPoint\",\"urlTemplate\":\"https:\/\/pool-house.shop\/de\/?s={search_term_string}\"},\"query-input\":{\"@type\":\"PropertyValueSpecification\",\"valueRequired\":true,\"valueName\":\"search_term_string\"}}],\"inLanguage\":\"de\"},{\"@type\":\"Organization\",\"@id\":\"https:\/\/pool-house.shop\/de\/#organization\",\"name\":\"Pool-House\",\"url\":\"https:\/\/pool-house.shop\/de\/\",\"logo\":{\"@type\":\"ImageObject\",\"inLanguage\":\"de\",\"@id\":\"https:\/\/pool-house.shop\/de\/#\/schema\/logo\/image\/\",\"url\":\"https:\/\/pool-house.shop\/wp-content\/uploads\/2025\/10\/logo-2-stvorec-mobil-modre.png\",\"contentUrl\":\"https:\/\/pool-house.shop\/wp-content\/uploads\/2025\/10\/logo-2-stvorec-mobil-modre.png\",\"width\":273,\"height\":189,\"caption\":\"Pool-House\"},\"image\":{\"@id\":\"https:\/\/pool-house.shop\/de\/#\/schema\/logo\/image\/\"},\"sameAs\":[\"https:\/\/www.facebook.com\/termodomsk\/\"]}]}<\/script>\n<!-- \/ Yoast SEO plugin. -->","yoast_head_json":{"title":"Reflektor STD2002 RGB 31W f\u00fcr Betonbecken, sandfarben - Pool-House","robots":{"index":"index","follow":"follow","max-snippet":"max-snippet:-1","max-image-preview":"max-image-preview:large","max-video-preview":"max-video-preview:-1"},"canonical":"https:\/\/pool-house.shop\/de\/product\/reflektor-std2002-rgb-31w-fuer-betonbecken-sandfarben\/","og_locale":"de_DE","og_type":"article","og_title":"Reflektor STD2002 RGB 31W f\u00fcr Betonbecken, sandfarben - Pool-House","og_description":"Reflektor STD2002 Unterwasserbeleuchtung f\u00fcr Pools STD 2002 mit wei\u00dfer oder RGB LED 12 V PAR 56 Gl\u00fchbirne und 2 x 4 mm Kabel mit einer L\u00e4nge von 2,5 m. Die Frontplatte ist mit einem Befestigungsmechanismus aus Edelstahl ausgestattet.Optionale Frontplatte aus Edelstahl. EdelstahlEdelstahl (auch als Inox-Stahl bekannt) ist eine Stahllegierung mit h\u00f6herem Chromgehalt, die widerstandsf\u00e4higer gegen &hellip; Reflektor STD2002 RGB 31W f\u00fcr Betonbecken, sandfarbenWeiterlesen","og_url":"https:\/\/pool-house.shop\/de\/product\/reflektor-std2002-rgb-31w-fuer-betonbecken-sandfarben\/","og_site_name":"Pool-House","article_publisher":"https:\/\/www.facebook.com\/termodomsk\/","og_image":[{"width":1200,"height":1200,"url":"https:\/\/pool-house.shop\/wp-content\/uploads\/termekkepek\/02\/020128.png","type":"image\/png"}],"twitter_card":"summary_large_image","twitter_misc":{"Gesch\u00e4tzte Lesezeit":"1\u00a0Minute"},"schema":{"@context":"https:\/\/schema.org","@graph":[{"@type":"WebPage","@id":"https:\/\/pool-house.shop\/de\/product\/reflektor-std2002-rgb-31w-fuer-betonbecken-sandfarben\/","url":"https:\/\/pool-house.shop\/de\/product\/reflektor-std2002-rgb-31w-fuer-betonbecken-sandfarben\/","name":"Reflektor STD2002 RGB 31W f\u00fcr Betonbecken, sandfarben - Pool-House","isPartOf":{"@id":"https:\/\/pool-house.shop\/de\/#website"},"primaryImageOfPage":{"@id":"https:\/\/pool-house.shop\/de\/product\/reflektor-std2002-rgb-31w-fuer-betonbecken-sandfarben\/#primaryimage"},"image":{"@id":"https:\/\/pool-house.shop\/de\/product\/reflektor-std2002-rgb-31w-fuer-betonbecken-sandfarben\/#primaryimage"},"thumbnailUrl":"https:\/\/pool-house.shop\/wp-content\/uploads\/termekkepek\/02\/020128.png","datePublished":"2025-03-03T14:17:00+00:00","breadcrumb":{"@id":"https:\/\/pool-house.shop\/de\/product\/reflektor-std2002-rgb-31w-fuer-betonbecken-sandfarben\/#breadcrumb"},"inLanguage":"de","potentialAction":[{"@type":"ReadAction","target":["https:\/\/pool-house.shop\/de\/product\/reflektor-std2002-rgb-31w-fuer-betonbecken-sandfarben\/"]}]},{"@type":"ImageObject","inLanguage":"de","@id":"https:\/\/pool-house.shop\/de\/product\/reflektor-std2002-rgb-31w-fuer-betonbecken-sandfarben\/#primaryimage","url":"https:\/\/pool-house.shop\/wp-content\/uploads\/termekkepek\/02\/020128.png","contentUrl":"https:\/\/pool-house.shop\/wp-content\/uploads\/termekkepek\/02\/020128.png","width":1200,"height":1200},{"@type":"BreadcrumbList","@id":"https:\/\/pool-house.shop\/de\/product\/reflektor-std2002-rgb-31w-fuer-betonbecken-sandfarben\/#breadcrumb","itemListElement":[{"@type":"ListItem","position":1,"name":"Domovsk\u00e1 str\u00e1nka","item":"https:\/\/pool-house.shop\/de\/"},{"@type":"ListItem","position":2,"name":"Shop","item":"https:\/\/pool-house.shop\/de\/shop\/"},{"@type":"ListItem","position":3,"name":"Reflektor STD2002 RGB 31W f\u00fcr Betonbecken, sandfarben"}]},{"@type":"WebSite","@id":"https:\/\/pool-house.shop\/de\/#website","url":"https:\/\/pool-house.shop\/de\/","name":"Pool-House","description":"","publisher":{"@id":"https:\/\/pool-house.shop\/de\/#organization"},"potentialAction":[{"@type":"SearchAction","target":{"@type":"EntryPoint","urlTemplate":"https:\/\/pool-house.shop\/de\/?s={search_term_string}"},"query-input":{"@type":"PropertyValueSpecification","valueRequired":true,"valueName":"search_term_string"}}],"inLanguage":"de"},{"@type":"Organization","@id":"https:\/\/pool-house.shop\/de\/#organization","name":"Pool-House","url":"https:\/\/pool-house.shop\/de\/","logo":{"@type":"ImageObject","inLanguage":"de","@id":"https:\/\/pool-house.shop\/de\/#\/schema\/logo\/image\/","url":"https:\/\/pool-house.shop\/wp-content\/uploads\/2025\/10\/logo-2-stvorec-mobil-modre.png","contentUrl":"https:\/\/pool-house.shop\/wp-content\/uploads\/2025\/10\/logo-2-stvorec-mobil-modre.png","width":273,"height":189,"caption":"Pool-House"},"image":{"@id":"https:\/\/pool-house.shop\/de\/#\/schema\/logo\/image\/"},"sameAs":["https:\/\/www.facebook.com\/termodomsk\/"]}]}},"_links":{"self":[{"href":"https:\/\/pool-house.shop\/de\/wp-json\/wp\/v2\/product\/6630","targetHints":{"allow":["GET"]}}],"collection":[{"href":"https:\/\/pool-house.shop\/de\/wp-json\/wp\/v2\/product"}],"about":[{"href":"https:\/\/pool-house.shop\/de\/wp-json\/wp\/v2\/types\/product"}],"wp:featuredmedia":[{"embeddable":true,"href":"https:\/\/pool-house.shop\/de\/wp-json\/wp\/v2\/media\/1196"}],"wp:attachment":[{"href":"https:\/\/pool-house.shop\/de\/wp-json\/wp\/v2\/media?parent=6630"}],"wp:term":[{"taxonomy":"product_brand","embeddable":true,"href":"https:\/\/pool-house.shop\/de\/wp-json\/wp\/v2\/product_brand?post=6630"},{"taxonomy":"product_cat","embeddable":true,"href":"https:\/\/pool-house.shop\/de\/wp-json\/wp\/v2\/product_cat?post=6630"},{"taxonomy":"product_tag","embeddable":true,"href":"https:\/\/pool-house.shop\/de\/wp-json\/wp\/v2\/product_tag?post=6630"}],"curies":[{"name":"wp","href":"https:\/\/api.w.org\/{rel}","templated":true}]}}