{"id":6660,"date":"2025-03-03T15:17:00","date_gmt":"2025-03-03T14:17:00","guid":{"rendered":"https:\/\/pool-house.shop\/product\/frontplatte-aus-edelstahl-fuer-std2002-scheinwerfer\/"},"modified":"2025-03-03T15:17:00","modified_gmt":"2025-03-03T14:17:00","slug":"frontplatte-aus-edelstahl-fuer-std2002-scheinwerfer","status":"publish","type":"product","link":"https:\/\/pool-house.shop\/de\/product\/frontplatte-aus-edelstahl-fuer-std2002-scheinwerfer\/","title":{"rendered":"Frontplatte aus Edelstahl f\u00fcr STD2002 Scheinwerfer"},"content":{"rendered":"<p>Frontplatte aus Edelstahl f\u00fcr Scheinwerfer<\/p>\n<p> Frontplatte aus Edelstahl f\u00fcr Unterwasserscheinwerfer STD 2002.<\/p>\n<p> Unterwasserbeleuchtung f\u00fcr Pools STD 2002 mit einer herk\u00f6mmlichen wei\u00dfen Halogen- oder RGB-LED-12-V-Lampe vom Typ PAR 56 und einem 2 x 4 mm Kabel mit einer L\u00e4nge von 2,5 m. Die Frontplatte ist mit einem Befestigungsmechanismus aus Edelstahl ausgestattet.<x id=\"gid_4\"><\/x> Optionale Frontplatte aus Edelstahl.<x id=\"gid_5\"><\/x> <x id=\"gid_6\"><\/x> Edelstahl <x id=\"gid_7\"><\/x> Edelstahl (auch als Inox-Stahl bekannt) ist eine Stahllegierung mit h\u00f6herem Chromgehalt, die korrosions- und anlaufbest\u00e4ndiger ist, trotz ihres Namens jedoch anf\u00e4llig f\u00fcr Rost ist, insbesondere unter Bedingungen mit geringem Sauerstoffgehalt, hohem Salzgehalt oder in unbel\u00fcfteten R\u00e4umen. Chromoxid bildet eine passive Schicht, die Rost verhindert oder verlangsamt und dessen Eindringen in die inneren Stahlschichten verhindert.  <\/p>\n","protected":false},"excerpt":{"rendered":"<p>Frontplatte aus Edelstahl f\u00fcr Scheinwerfer Frontplatte aus Edelstahl f\u00fcr Unterwasserscheinwerfer STD 2002. Unterwasserbeleuchtung f\u00fcr Pools STD 2002 mit einer herk\u00f6mmlichen wei\u00dfen Halogen- oder RGB-LED-12-V-Lampe vom Typ PAR 56 und einem 2 x 4 mm Kabel mit einer L\u00e4nge von 2,5 m. Die Frontplatte ist mit einem Befestigungsmechanismus aus Edelstahl ausgestattet. Optionale Frontplatte aus Edelstahl. Edelstahl &hellip;<\/p>\n<p class=\"read-more\"> <a class=\" thunk-readmore button \" href=\"https:\/\/pool-house.shop\/de\/product\/frontplatte-aus-edelstahl-fuer-std2002-scheinwerfer\/\"> <span class=\"screen-reader-text\">Frontplatte aus Edelstahl f\u00fcr STD2002 Scheinwerfer<\/span>Weiterlesen<\/a><\/p>\n","protected":false},"featured_media":1205,"template":"","meta":[],"product_brand":[],"product_cat":[237],"product_tag":[],"class_list":{"0":"post-6660","1":"product","2":"type-product","3":"status-publish","4":"has-post-thumbnail","6":"product_cat-beleuchtung","7":"thunk-woo-product-list","8":"open-woo-hover-none","9":"open-single-product-tab-horizontal","10":"open-shadow-","11":"open-shadow-hover-","13":"first","14":"instock","15":"taxable","16":"shipping-taxable","17":"purchasable","18":"product-type-simple"},"yoast_head":"<!-- This site is optimized with the Yoast SEO plugin v26.9 - https:\/\/yoast.com\/product\/yoast-seo-wordpress\/ -->\n<title>Frontplatte aus Edelstahl f\u00fcr STD2002 Scheinwerfer - Pool-House<\/title>\n<meta name=\"robots\" content=\"index, follow, max-snippet:-1, max-image-preview:large, max-video-preview:-1\" \/>\n<link rel=\"canonical\" href=\"https:\/\/pool-house.shop\/de\/product\/frontplatte-aus-edelstahl-fuer-std2002-scheinwerfer\/\" \/>\n<meta property=\"og:locale\" content=\"de_DE\" \/>\n<meta property=\"og:type\" content=\"article\" \/>\n<meta property=\"og:title\" content=\"Frontplatte aus Edelstahl f\u00fcr STD2002 Scheinwerfer - Pool-House\" \/>\n<meta property=\"og:description\" content=\"Frontplatte aus Edelstahl f\u00fcr Scheinwerfer Frontplatte aus Edelstahl f\u00fcr Unterwasserscheinwerfer STD 2002. Unterwasserbeleuchtung f\u00fcr Pools STD 2002 mit einer herk\u00f6mmlichen wei\u00dfen Halogen- oder RGB-LED-12-V-Lampe vom Typ PAR 56 und einem 2 x 4 mm Kabel mit einer L\u00e4nge von 2,5 m. Die Frontplatte ist mit einem Befestigungsmechanismus aus Edelstahl ausgestattet. Optionale Frontplatte aus Edelstahl. Edelstahl &hellip; Frontplatte aus Edelstahl f\u00fcr STD2002 ScheinwerferWeiterlesen\" \/>\n<meta property=\"og:url\" content=\"https:\/\/pool-house.shop\/de\/product\/frontplatte-aus-edelstahl-fuer-std2002-scheinwerfer\/\" \/>\n<meta property=\"og:site_name\" content=\"Pool-House\" \/>\n<meta property=\"article:publisher\" content=\"https:\/\/www.facebook.com\/termodomsk\/\" \/>\n<meta property=\"og:image\" content=\"https:\/\/pool-house.shop\/wp-content\/uploads\/termekkepek\/02\/020201.png\" \/>\n\t<meta property=\"og:image:width\" content=\"1600\" \/>\n\t<meta property=\"og:image:height\" content=\"1600\" \/>\n\t<meta property=\"og:image:type\" content=\"image\/png\" \/>\n<meta name=\"twitter:card\" content=\"summary_large_image\" \/>\n<meta name=\"twitter:label1\" content=\"Gesch\u00e4tzte Lesezeit\" \/>\n\t<meta name=\"twitter:data1\" content=\"1\u00a0Minute\" \/>\n<script type=\"application\/ld+json\" class=\"yoast-schema-graph\">{\"@context\":\"https:\/\/schema.org\",\"@graph\":[{\"@type\":\"WebPage\",\"@id\":\"https:\/\/pool-house.shop\/de\/product\/frontplatte-aus-edelstahl-fuer-std2002-scheinwerfer\/\",\"url\":\"https:\/\/pool-house.shop\/de\/product\/frontplatte-aus-edelstahl-fuer-std2002-scheinwerfer\/\",\"name\":\"Frontplatte aus Edelstahl f\u00fcr STD2002 Scheinwerfer - Pool-House\",\"isPartOf\":{\"@id\":\"https:\/\/pool-house.shop\/de\/#website\"},\"primaryImageOfPage\":{\"@id\":\"https:\/\/pool-house.shop\/de\/product\/frontplatte-aus-edelstahl-fuer-std2002-scheinwerfer\/#primaryimage\"},\"image\":{\"@id\":\"https:\/\/pool-house.shop\/de\/product\/frontplatte-aus-edelstahl-fuer-std2002-scheinwerfer\/#primaryimage\"},\"thumbnailUrl\":\"https:\/\/pool-house.shop\/wp-content\/uploads\/termekkepek\/02\/020201.png\",\"datePublished\":\"2025-03-03T14:17:00+00:00\",\"breadcrumb\":{\"@id\":\"https:\/\/pool-house.shop\/de\/product\/frontplatte-aus-edelstahl-fuer-std2002-scheinwerfer\/#breadcrumb\"},\"inLanguage\":\"de\",\"potentialAction\":[{\"@type\":\"ReadAction\",\"target\":[\"https:\/\/pool-house.shop\/de\/product\/frontplatte-aus-edelstahl-fuer-std2002-scheinwerfer\/\"]}]},{\"@type\":\"ImageObject\",\"inLanguage\":\"de\",\"@id\":\"https:\/\/pool-house.shop\/de\/product\/frontplatte-aus-edelstahl-fuer-std2002-scheinwerfer\/#primaryimage\",\"url\":\"https:\/\/pool-house.shop\/wp-content\/uploads\/termekkepek\/02\/020201.png\",\"contentUrl\":\"https:\/\/pool-house.shop\/wp-content\/uploads\/termekkepek\/02\/020201.png\",\"width\":1600,\"height\":1600},{\"@type\":\"BreadcrumbList\",\"@id\":\"https:\/\/pool-house.shop\/de\/product\/frontplatte-aus-edelstahl-fuer-std2002-scheinwerfer\/#breadcrumb\",\"itemListElement\":[{\"@type\":\"ListItem\",\"position\":1,\"name\":\"Domovsk\u00e1 str\u00e1nka\",\"item\":\"https:\/\/pool-house.shop\/de\/\"},{\"@type\":\"ListItem\",\"position\":2,\"name\":\"Shop\",\"item\":\"https:\/\/pool-house.shop\/de\/shop\/\"},{\"@type\":\"ListItem\",\"position\":3,\"name\":\"Frontplatte aus Edelstahl f\u00fcr STD2002 Scheinwerfer\"}]},{\"@type\":\"WebSite\",\"@id\":\"https:\/\/pool-house.shop\/de\/#website\",\"url\":\"https:\/\/pool-house.shop\/de\/\",\"name\":\"Pool-House\",\"description\":\"\",\"publisher\":{\"@id\":\"https:\/\/pool-house.shop\/de\/#organization\"},\"potentialAction\":[{\"@type\":\"SearchAction\",\"target\":{\"@type\":\"EntryPoint\",\"urlTemplate\":\"https:\/\/pool-house.shop\/de\/?s={search_term_string}\"},\"query-input\":{\"@type\":\"PropertyValueSpecification\",\"valueRequired\":true,\"valueName\":\"search_term_string\"}}],\"inLanguage\":\"de\"},{\"@type\":\"Organization\",\"@id\":\"https:\/\/pool-house.shop\/de\/#organization\",\"name\":\"Pool-House\",\"url\":\"https:\/\/pool-house.shop\/de\/\",\"logo\":{\"@type\":\"ImageObject\",\"inLanguage\":\"de\",\"@id\":\"https:\/\/pool-house.shop\/de\/#\/schema\/logo\/image\/\",\"url\":\"https:\/\/pool-house.shop\/wp-content\/uploads\/2025\/10\/logo-2-stvorec-mobil-modre.png\",\"contentUrl\":\"https:\/\/pool-house.shop\/wp-content\/uploads\/2025\/10\/logo-2-stvorec-mobil-modre.png\",\"width\":273,\"height\":189,\"caption\":\"Pool-House\"},\"image\":{\"@id\":\"https:\/\/pool-house.shop\/de\/#\/schema\/logo\/image\/\"},\"sameAs\":[\"https:\/\/www.facebook.com\/termodomsk\/\"]}]}<\/script>\n<!-- \/ Yoast SEO plugin. -->","yoast_head_json":{"title":"Frontplatte aus Edelstahl f\u00fcr STD2002 Scheinwerfer - Pool-House","robots":{"index":"index","follow":"follow","max-snippet":"max-snippet:-1","max-image-preview":"max-image-preview:large","max-video-preview":"max-video-preview:-1"},"canonical":"https:\/\/pool-house.shop\/de\/product\/frontplatte-aus-edelstahl-fuer-std2002-scheinwerfer\/","og_locale":"de_DE","og_type":"article","og_title":"Frontplatte aus Edelstahl f\u00fcr STD2002 Scheinwerfer - Pool-House","og_description":"Frontplatte aus Edelstahl f\u00fcr Scheinwerfer Frontplatte aus Edelstahl f\u00fcr Unterwasserscheinwerfer STD 2002. Unterwasserbeleuchtung f\u00fcr Pools STD 2002 mit einer herk\u00f6mmlichen wei\u00dfen Halogen- oder RGB-LED-12-V-Lampe vom Typ PAR 56 und einem 2 x 4 mm Kabel mit einer L\u00e4nge von 2,5 m. Die Frontplatte ist mit einem Befestigungsmechanismus aus Edelstahl ausgestattet. Optionale Frontplatte aus Edelstahl. Edelstahl &hellip; Frontplatte aus Edelstahl f\u00fcr STD2002 ScheinwerferWeiterlesen","og_url":"https:\/\/pool-house.shop\/de\/product\/frontplatte-aus-edelstahl-fuer-std2002-scheinwerfer\/","og_site_name":"Pool-House","article_publisher":"https:\/\/www.facebook.com\/termodomsk\/","og_image":[{"width":1600,"height":1600,"url":"https:\/\/pool-house.shop\/wp-content\/uploads\/termekkepek\/02\/020201.png","type":"image\/png"}],"twitter_card":"summary_large_image","twitter_misc":{"Gesch\u00e4tzte Lesezeit":"1\u00a0Minute"},"schema":{"@context":"https:\/\/schema.org","@graph":[{"@type":"WebPage","@id":"https:\/\/pool-house.shop\/de\/product\/frontplatte-aus-edelstahl-fuer-std2002-scheinwerfer\/","url":"https:\/\/pool-house.shop\/de\/product\/frontplatte-aus-edelstahl-fuer-std2002-scheinwerfer\/","name":"Frontplatte aus Edelstahl f\u00fcr STD2002 Scheinwerfer - Pool-House","isPartOf":{"@id":"https:\/\/pool-house.shop\/de\/#website"},"primaryImageOfPage":{"@id":"https:\/\/pool-house.shop\/de\/product\/frontplatte-aus-edelstahl-fuer-std2002-scheinwerfer\/#primaryimage"},"image":{"@id":"https:\/\/pool-house.shop\/de\/product\/frontplatte-aus-edelstahl-fuer-std2002-scheinwerfer\/#primaryimage"},"thumbnailUrl":"https:\/\/pool-house.shop\/wp-content\/uploads\/termekkepek\/02\/020201.png","datePublished":"2025-03-03T14:17:00+00:00","breadcrumb":{"@id":"https:\/\/pool-house.shop\/de\/product\/frontplatte-aus-edelstahl-fuer-std2002-scheinwerfer\/#breadcrumb"},"inLanguage":"de","potentialAction":[{"@type":"ReadAction","target":["https:\/\/pool-house.shop\/de\/product\/frontplatte-aus-edelstahl-fuer-std2002-scheinwerfer\/"]}]},{"@type":"ImageObject","inLanguage":"de","@id":"https:\/\/pool-house.shop\/de\/product\/frontplatte-aus-edelstahl-fuer-std2002-scheinwerfer\/#primaryimage","url":"https:\/\/pool-house.shop\/wp-content\/uploads\/termekkepek\/02\/020201.png","contentUrl":"https:\/\/pool-house.shop\/wp-content\/uploads\/termekkepek\/02\/020201.png","width":1600,"height":1600},{"@type":"BreadcrumbList","@id":"https:\/\/pool-house.shop\/de\/product\/frontplatte-aus-edelstahl-fuer-std2002-scheinwerfer\/#breadcrumb","itemListElement":[{"@type":"ListItem","position":1,"name":"Domovsk\u00e1 str\u00e1nka","item":"https:\/\/pool-house.shop\/de\/"},{"@type":"ListItem","position":2,"name":"Shop","item":"https:\/\/pool-house.shop\/de\/shop\/"},{"@type":"ListItem","position":3,"name":"Frontplatte aus Edelstahl f\u00fcr STD2002 Scheinwerfer"}]},{"@type":"WebSite","@id":"https:\/\/pool-house.shop\/de\/#website","url":"https:\/\/pool-house.shop\/de\/","name":"Pool-House","description":"","publisher":{"@id":"https:\/\/pool-house.shop\/de\/#organization"},"potentialAction":[{"@type":"SearchAction","target":{"@type":"EntryPoint","urlTemplate":"https:\/\/pool-house.shop\/de\/?s={search_term_string}"},"query-input":{"@type":"PropertyValueSpecification","valueRequired":true,"valueName":"search_term_string"}}],"inLanguage":"de"},{"@type":"Organization","@id":"https:\/\/pool-house.shop\/de\/#organization","name":"Pool-House","url":"https:\/\/pool-house.shop\/de\/","logo":{"@type":"ImageObject","inLanguage":"de","@id":"https:\/\/pool-house.shop\/de\/#\/schema\/logo\/image\/","url":"https:\/\/pool-house.shop\/wp-content\/uploads\/2025\/10\/logo-2-stvorec-mobil-modre.png","contentUrl":"https:\/\/pool-house.shop\/wp-content\/uploads\/2025\/10\/logo-2-stvorec-mobil-modre.png","width":273,"height":189,"caption":"Pool-House"},"image":{"@id":"https:\/\/pool-house.shop\/de\/#\/schema\/logo\/image\/"},"sameAs":["https:\/\/www.facebook.com\/termodomsk\/"]}]}},"_links":{"self":[{"href":"https:\/\/pool-house.shop\/de\/wp-json\/wp\/v2\/product\/6660","targetHints":{"allow":["GET"]}}],"collection":[{"href":"https:\/\/pool-house.shop\/de\/wp-json\/wp\/v2\/product"}],"about":[{"href":"https:\/\/pool-house.shop\/de\/wp-json\/wp\/v2\/types\/product"}],"wp:featuredmedia":[{"embeddable":true,"href":"https:\/\/pool-house.shop\/de\/wp-json\/wp\/v2\/media\/1205"}],"wp:attachment":[{"href":"https:\/\/pool-house.shop\/de\/wp-json\/wp\/v2\/media?parent=6660"}],"wp:term":[{"taxonomy":"product_brand","embeddable":true,"href":"https:\/\/pool-house.shop\/de\/wp-json\/wp\/v2\/product_brand?post=6660"},{"taxonomy":"product_cat","embeddable":true,"href":"https:\/\/pool-house.shop\/de\/wp-json\/wp\/v2\/product_cat?post=6660"},{"taxonomy":"product_tag","embeddable":true,"href":"https:\/\/pool-house.shop\/de\/wp-json\/wp\/v2\/product_tag?post=6660"}],"curies":[{"name":"wp","href":"https:\/\/api.w.org\/{rel}","templated":true}]}}