{"id":6694,"date":"2025-03-03T15:17:04","date_gmt":"2025-03-03T14:17:04","guid":{"rendered":"https:\/\/pool-house.shop\/product\/steuerung-fuer-3-funktions-taste\/"},"modified":"2025-03-03T15:17:04","modified_gmt":"2025-03-03T14:17:04","slug":"steuerung-fuer-3-funktions-taste","status":"publish","type":"product","link":"https:\/\/pool-house.shop\/de\/product\/steuerung-fuer-3-funktions-taste\/","title":{"rendered":"Steuerung f\u00fcr 3-Funktions-Taste"},"content":{"rendered":"<p>Kabelgebundene Fernbedienung f\u00fcr Poolanlagen<\/p>\n<p> Die Steuerung ist f\u00fcr die kabelgebundene Fernbedienung von Beleuchtung, Pumpen, Heizung, Unterhaltungselementen und \u00e4hnlichen Ger\u00e4ten konzipiert. Sie verf\u00fcgt \u00fcber drei Ausg\u00e4nge.<br \/>\n Die maximale Leistung f\u00fcr die einzelnen Ausg\u00e4nge betr\u00e4gt 1,15 kW \/ 5 A. Die Standardkabell\u00e4nge betr\u00e4gt 3,0 m. Optional l\u00e4ngeres Kabel. <\/p>\n","protected":false},"excerpt":{"rendered":"<p>Kabelgebundene Fernbedienung f\u00fcr Poolanlagen Die Steuerung ist f\u00fcr die kabelgebundene Fernbedienung von Beleuchtung, Pumpen, Heizung, Unterhaltungselementen und \u00e4hnlichen Ger\u00e4ten konzipiert. Sie verf\u00fcgt \u00fcber drei Ausg\u00e4nge. Die maximale Leistung f\u00fcr die einzelnen Ausg\u00e4nge betr\u00e4gt 1,15 kW \/ 5 A. Die Standardkabell\u00e4nge betr\u00e4gt 3,0 m. Optional l\u00e4ngeres Kabel.<\/p>\n","protected":false},"featured_media":1246,"template":"","meta":[],"product_brand":[],"product_cat":[237],"product_tag":[],"class_list":{"0":"post-6694","1":"product","2":"type-product","3":"status-publish","4":"has-post-thumbnail","6":"product_cat-beleuchtung","7":"thunk-woo-product-list","8":"open-woo-hover-none","9":"open-single-product-tab-horizontal","10":"open-shadow-","11":"open-shadow-hover-","13":"first","14":"instock","15":"taxable","16":"shipping-taxable","17":"purchasable","18":"product-type-simple"},"yoast_head":"<!-- This site is optimized with the Yoast SEO plugin v26.9 - https:\/\/yoast.com\/product\/yoast-seo-wordpress\/ -->\n<title>Steuerung f\u00fcr 3-Funktions-Taste - Pool-House<\/title>\n<meta name=\"robots\" content=\"index, follow, max-snippet:-1, max-image-preview:large, max-video-preview:-1\" \/>\n<link rel=\"canonical\" href=\"https:\/\/pool-house.shop\/de\/product\/steuerung-fuer-3-funktions-taste\/\" \/>\n<meta property=\"og:locale\" content=\"de_DE\" \/>\n<meta property=\"og:type\" content=\"article\" \/>\n<meta property=\"og:title\" content=\"Steuerung f\u00fcr 3-Funktions-Taste - Pool-House\" \/>\n<meta property=\"og:description\" content=\"Kabelgebundene Fernbedienung f\u00fcr Poolanlagen Die Steuerung ist f\u00fcr die kabelgebundene Fernbedienung von Beleuchtung, Pumpen, Heizung, Unterhaltungselementen und \u00e4hnlichen Ger\u00e4ten konzipiert. Sie verf\u00fcgt \u00fcber drei Ausg\u00e4nge. Die maximale Leistung f\u00fcr die einzelnen Ausg\u00e4nge betr\u00e4gt 1,15 kW \/ 5 A. Die Standardkabell\u00e4nge betr\u00e4gt 3,0 m. Optional l\u00e4ngeres Kabel.\" \/>\n<meta property=\"og:url\" content=\"https:\/\/pool-house.shop\/de\/product\/steuerung-fuer-3-funktions-taste\/\" \/>\n<meta property=\"og:site_name\" content=\"Pool-House\" \/>\n<meta property=\"article:publisher\" content=\"https:\/\/www.facebook.com\/termodomsk\/\" \/>\n<meta property=\"og:image\" content=\"https:\/\/pool-house.shop\/wp-content\/uploads\/termekkepek\/02\/021012.png\" \/>\n\t<meta property=\"og:image:width\" content=\"1000\" \/>\n\t<meta property=\"og:image:height\" content=\"1000\" \/>\n\t<meta property=\"og:image:type\" content=\"image\/png\" \/>\n<meta name=\"twitter:card\" content=\"summary_large_image\" \/>\n<script type=\"application\/ld+json\" class=\"yoast-schema-graph\">{\"@context\":\"https:\/\/schema.org\",\"@graph\":[{\"@type\":\"WebPage\",\"@id\":\"https:\/\/pool-house.shop\/de\/product\/steuerung-fuer-3-funktions-taste\/\",\"url\":\"https:\/\/pool-house.shop\/de\/product\/steuerung-fuer-3-funktions-taste\/\",\"name\":\"Steuerung f\u00fcr 3-Funktions-Taste - Pool-House\",\"isPartOf\":{\"@id\":\"https:\/\/pool-house.shop\/de\/#website\"},\"primaryImageOfPage\":{\"@id\":\"https:\/\/pool-house.shop\/de\/product\/steuerung-fuer-3-funktions-taste\/#primaryimage\"},\"image\":{\"@id\":\"https:\/\/pool-house.shop\/de\/product\/steuerung-fuer-3-funktions-taste\/#primaryimage\"},\"thumbnailUrl\":\"https:\/\/pool-house.shop\/wp-content\/uploads\/termekkepek\/02\/021012.png\",\"datePublished\":\"2025-03-03T14:17:04+00:00\",\"breadcrumb\":{\"@id\":\"https:\/\/pool-house.shop\/de\/product\/steuerung-fuer-3-funktions-taste\/#breadcrumb\"},\"inLanguage\":\"de\",\"potentialAction\":[{\"@type\":\"ReadAction\",\"target\":[\"https:\/\/pool-house.shop\/de\/product\/steuerung-fuer-3-funktions-taste\/\"]}]},{\"@type\":\"ImageObject\",\"inLanguage\":\"de\",\"@id\":\"https:\/\/pool-house.shop\/de\/product\/steuerung-fuer-3-funktions-taste\/#primaryimage\",\"url\":\"https:\/\/pool-house.shop\/wp-content\/uploads\/termekkepek\/02\/021012.png\",\"contentUrl\":\"https:\/\/pool-house.shop\/wp-content\/uploads\/termekkepek\/02\/021012.png\",\"width\":1000,\"height\":1000},{\"@type\":\"BreadcrumbList\",\"@id\":\"https:\/\/pool-house.shop\/de\/product\/steuerung-fuer-3-funktions-taste\/#breadcrumb\",\"itemListElement\":[{\"@type\":\"ListItem\",\"position\":1,\"name\":\"Domovsk\u00e1 str\u00e1nka\",\"item\":\"https:\/\/pool-house.shop\/de\/\"},{\"@type\":\"ListItem\",\"position\":2,\"name\":\"Shop\",\"item\":\"https:\/\/pool-house.shop\/de\/shop\/\"},{\"@type\":\"ListItem\",\"position\":3,\"name\":\"Steuerung f\u00fcr 3-Funktions-Taste\"}]},{\"@type\":\"WebSite\",\"@id\":\"https:\/\/pool-house.shop\/de\/#website\",\"url\":\"https:\/\/pool-house.shop\/de\/\",\"name\":\"Pool-House\",\"description\":\"\",\"publisher\":{\"@id\":\"https:\/\/pool-house.shop\/de\/#organization\"},\"potentialAction\":[{\"@type\":\"SearchAction\",\"target\":{\"@type\":\"EntryPoint\",\"urlTemplate\":\"https:\/\/pool-house.shop\/de\/?s={search_term_string}\"},\"query-input\":{\"@type\":\"PropertyValueSpecification\",\"valueRequired\":true,\"valueName\":\"search_term_string\"}}],\"inLanguage\":\"de\"},{\"@type\":\"Organization\",\"@id\":\"https:\/\/pool-house.shop\/de\/#organization\",\"name\":\"Pool-House\",\"url\":\"https:\/\/pool-house.shop\/de\/\",\"logo\":{\"@type\":\"ImageObject\",\"inLanguage\":\"de\",\"@id\":\"https:\/\/pool-house.shop\/de\/#\/schema\/logo\/image\/\",\"url\":\"https:\/\/pool-house.shop\/wp-content\/uploads\/2025\/10\/logo-2-stvorec-mobil-modre.png\",\"contentUrl\":\"https:\/\/pool-house.shop\/wp-content\/uploads\/2025\/10\/logo-2-stvorec-mobil-modre.png\",\"width\":273,\"height\":189,\"caption\":\"Pool-House\"},\"image\":{\"@id\":\"https:\/\/pool-house.shop\/de\/#\/schema\/logo\/image\/\"},\"sameAs\":[\"https:\/\/www.facebook.com\/termodomsk\/\"]}]}<\/script>\n<!-- \/ Yoast SEO plugin. -->","yoast_head_json":{"title":"Steuerung f\u00fcr 3-Funktions-Taste - Pool-House","robots":{"index":"index","follow":"follow","max-snippet":"max-snippet:-1","max-image-preview":"max-image-preview:large","max-video-preview":"max-video-preview:-1"},"canonical":"https:\/\/pool-house.shop\/de\/product\/steuerung-fuer-3-funktions-taste\/","og_locale":"de_DE","og_type":"article","og_title":"Steuerung f\u00fcr 3-Funktions-Taste - Pool-House","og_description":"Kabelgebundene Fernbedienung f\u00fcr Poolanlagen Die Steuerung ist f\u00fcr die kabelgebundene Fernbedienung von Beleuchtung, Pumpen, Heizung, Unterhaltungselementen und \u00e4hnlichen Ger\u00e4ten konzipiert. Sie verf\u00fcgt \u00fcber drei Ausg\u00e4nge. Die maximale Leistung f\u00fcr die einzelnen Ausg\u00e4nge betr\u00e4gt 1,15 kW \/ 5 A. Die Standardkabell\u00e4nge betr\u00e4gt 3,0 m. Optional l\u00e4ngeres Kabel.","og_url":"https:\/\/pool-house.shop\/de\/product\/steuerung-fuer-3-funktions-taste\/","og_site_name":"Pool-House","article_publisher":"https:\/\/www.facebook.com\/termodomsk\/","og_image":[{"width":1000,"height":1000,"url":"https:\/\/pool-house.shop\/wp-content\/uploads\/termekkepek\/02\/021012.png","type":"image\/png"}],"twitter_card":"summary_large_image","schema":{"@context":"https:\/\/schema.org","@graph":[{"@type":"WebPage","@id":"https:\/\/pool-house.shop\/de\/product\/steuerung-fuer-3-funktions-taste\/","url":"https:\/\/pool-house.shop\/de\/product\/steuerung-fuer-3-funktions-taste\/","name":"Steuerung f\u00fcr 3-Funktions-Taste - Pool-House","isPartOf":{"@id":"https:\/\/pool-house.shop\/de\/#website"},"primaryImageOfPage":{"@id":"https:\/\/pool-house.shop\/de\/product\/steuerung-fuer-3-funktions-taste\/#primaryimage"},"image":{"@id":"https:\/\/pool-house.shop\/de\/product\/steuerung-fuer-3-funktions-taste\/#primaryimage"},"thumbnailUrl":"https:\/\/pool-house.shop\/wp-content\/uploads\/termekkepek\/02\/021012.png","datePublished":"2025-03-03T14:17:04+00:00","breadcrumb":{"@id":"https:\/\/pool-house.shop\/de\/product\/steuerung-fuer-3-funktions-taste\/#breadcrumb"},"inLanguage":"de","potentialAction":[{"@type":"ReadAction","target":["https:\/\/pool-house.shop\/de\/product\/steuerung-fuer-3-funktions-taste\/"]}]},{"@type":"ImageObject","inLanguage":"de","@id":"https:\/\/pool-house.shop\/de\/product\/steuerung-fuer-3-funktions-taste\/#primaryimage","url":"https:\/\/pool-house.shop\/wp-content\/uploads\/termekkepek\/02\/021012.png","contentUrl":"https:\/\/pool-house.shop\/wp-content\/uploads\/termekkepek\/02\/021012.png","width":1000,"height":1000},{"@type":"BreadcrumbList","@id":"https:\/\/pool-house.shop\/de\/product\/steuerung-fuer-3-funktions-taste\/#breadcrumb","itemListElement":[{"@type":"ListItem","position":1,"name":"Domovsk\u00e1 str\u00e1nka","item":"https:\/\/pool-house.shop\/de\/"},{"@type":"ListItem","position":2,"name":"Shop","item":"https:\/\/pool-house.shop\/de\/shop\/"},{"@type":"ListItem","position":3,"name":"Steuerung f\u00fcr 3-Funktions-Taste"}]},{"@type":"WebSite","@id":"https:\/\/pool-house.shop\/de\/#website","url":"https:\/\/pool-house.shop\/de\/","name":"Pool-House","description":"","publisher":{"@id":"https:\/\/pool-house.shop\/de\/#organization"},"potentialAction":[{"@type":"SearchAction","target":{"@type":"EntryPoint","urlTemplate":"https:\/\/pool-house.shop\/de\/?s={search_term_string}"},"query-input":{"@type":"PropertyValueSpecification","valueRequired":true,"valueName":"search_term_string"}}],"inLanguage":"de"},{"@type":"Organization","@id":"https:\/\/pool-house.shop\/de\/#organization","name":"Pool-House","url":"https:\/\/pool-house.shop\/de\/","logo":{"@type":"ImageObject","inLanguage":"de","@id":"https:\/\/pool-house.shop\/de\/#\/schema\/logo\/image\/","url":"https:\/\/pool-house.shop\/wp-content\/uploads\/2025\/10\/logo-2-stvorec-mobil-modre.png","contentUrl":"https:\/\/pool-house.shop\/wp-content\/uploads\/2025\/10\/logo-2-stvorec-mobil-modre.png","width":273,"height":189,"caption":"Pool-House"},"image":{"@id":"https:\/\/pool-house.shop\/de\/#\/schema\/logo\/image\/"},"sameAs":["https:\/\/www.facebook.com\/termodomsk\/"]}]}},"_links":{"self":[{"href":"https:\/\/pool-house.shop\/de\/wp-json\/wp\/v2\/product\/6694","targetHints":{"allow":["GET"]}}],"collection":[{"href":"https:\/\/pool-house.shop\/de\/wp-json\/wp\/v2\/product"}],"about":[{"href":"https:\/\/pool-house.shop\/de\/wp-json\/wp\/v2\/types\/product"}],"wp:featuredmedia":[{"embeddable":true,"href":"https:\/\/pool-house.shop\/de\/wp-json\/wp\/v2\/media\/1246"}],"wp:attachment":[{"href":"https:\/\/pool-house.shop\/de\/wp-json\/wp\/v2\/media?parent=6694"}],"wp:term":[{"taxonomy":"product_brand","embeddable":true,"href":"https:\/\/pool-house.shop\/de\/wp-json\/wp\/v2\/product_brand?post=6694"},{"taxonomy":"product_cat","embeddable":true,"href":"https:\/\/pool-house.shop\/de\/wp-json\/wp\/v2\/product_cat?post=6694"},{"taxonomy":"product_tag","embeddable":true,"href":"https:\/\/pool-house.shop\/de\/wp-json\/wp\/v2\/product_tag?post=6694"}],"curies":[{"name":"wp","href":"https:\/\/api.w.org\/{rel}","templated":true}]}}