{"id":6707,"date":"2025-03-03T15:17:04","date_gmt":"2025-03-03T14:17:04","guid":{"rendered":"https:\/\/pool-house.shop\/product\/reflektor-mini2001-uni-50-w-12-v\/"},"modified":"2025-03-03T15:17:04","modified_gmt":"2025-03-03T14:17:04","slug":"reflektor-mini2001-uni-50-w-12-v","status":"publish","type":"product","link":"https:\/\/pool-house.shop\/de\/product\/reflektor-mini2001-uni-50-w-12-v\/","title":{"rendered":"Reflektor MINI2001 UNI 50 W\/12 V"},"content":{"rendered":"<p>Reflektor MINI2001<\/p>\n<p> Unterwasserbeleuchtung \u201eMini 2001\u201c f\u00fcr Betonbecken. Es zeichnet sich durch einen hitzebest\u00e4ndigen K\u00f6rper aus ABS-Kunststoff, einen wei\u00dfen Kunststoffkopf und einen unteren Ausgang aus. Die hochwertige Konstruktion gew\u00e4hrleistet hervorragende Helligkeit und eine lange Lebensdauer.<br \/>\n Es verf\u00fcgt \u00fcber ein 2 m langes Kabel und eine 50 W Halogenlampe.<\/p>\n<p> ABS-Kunststoff<br \/>\n ABS (Acrylnitril-Butadien-Styrol) ist ein Thermoplast mit guter Schlagfestigkeit, hoher H\u00e4rte und Festigkeit, guter thermischer und chemischer Best\u00e4ndigkeit sowie guter Ger\u00e4usch- und Vibrationsd\u00e4mpfung. Seine Besonderheit liegt in der Kombination verschiedener Materialien. Acrylnitril erh\u00f6ht die thermische und chemische Best\u00e4ndigkeit, Butadien erh\u00f6ht die Haltbarkeit und Festigkeit, und Styrol verbessert die Verarbeitbarkeit, reduziert die Kosten und sorgt f\u00fcr eine gl\u00e4nzende Oberfl\u00e4che.    <\/p>\n","protected":false},"excerpt":{"rendered":"<p>Reflektor MINI2001 Unterwasserbeleuchtung \u201eMini 2001\u201c f\u00fcr Betonbecken. Es zeichnet sich durch einen hitzebest\u00e4ndigen K\u00f6rper aus ABS-Kunststoff, einen wei\u00dfen Kunststoffkopf und einen unteren Ausgang aus. Die hochwertige Konstruktion gew\u00e4hrleistet hervorragende Helligkeit und eine lange Lebensdauer. Es verf\u00fcgt \u00fcber ein 2 m langes Kabel und eine 50 W Halogenlampe. ABS-Kunststoff ABS (Acrylnitril-Butadien-Styrol) ist ein Thermoplast mit guter &hellip;<\/p>\n<p class=\"read-more\"> <a class=\" thunk-readmore button \" href=\"https:\/\/pool-house.shop\/de\/product\/reflektor-mini2001-uni-50-w-12-v\/\"> <span class=\"screen-reader-text\">Reflektor MINI2001 UNI 50 W\/12 V<\/span>Weiterlesen<\/a><\/p>\n","protected":false},"featured_media":1251,"template":"","meta":[],"product_brand":[],"product_cat":[237],"product_tag":[],"class_list":{"0":"post-6707","1":"product","2":"type-product","3":"status-publish","4":"has-post-thumbnail","6":"product_cat-beleuchtung","7":"thunk-woo-product-list","8":"open-woo-hover-none","9":"open-single-product-tab-horizontal","10":"open-shadow-","11":"open-shadow-hover-","13":"first","14":"instock","15":"taxable","16":"shipping-taxable","17":"purchasable","18":"product-type-simple"},"yoast_head":"<!-- This site is optimized with the Yoast SEO plugin v26.9 - https:\/\/yoast.com\/product\/yoast-seo-wordpress\/ -->\n<title>Reflektor MINI2001 UNI 50 W\/12 V - Pool-House<\/title>\n<meta name=\"robots\" content=\"index, follow, max-snippet:-1, max-image-preview:large, max-video-preview:-1\" \/>\n<link rel=\"canonical\" href=\"https:\/\/pool-house.shop\/de\/product\/reflektor-mini2001-uni-50-w-12-v\/\" \/>\n<meta property=\"og:locale\" content=\"de_DE\" \/>\n<meta property=\"og:type\" content=\"article\" \/>\n<meta property=\"og:title\" content=\"Reflektor MINI2001 UNI 50 W\/12 V - Pool-House\" \/>\n<meta property=\"og:description\" content=\"Reflektor MINI2001 Unterwasserbeleuchtung \u201eMini 2001\u201c f\u00fcr Betonbecken. Es zeichnet sich durch einen hitzebest\u00e4ndigen K\u00f6rper aus ABS-Kunststoff, einen wei\u00dfen Kunststoffkopf und einen unteren Ausgang aus. Die hochwertige Konstruktion gew\u00e4hrleistet hervorragende Helligkeit und eine lange Lebensdauer. Es verf\u00fcgt \u00fcber ein 2 m langes Kabel und eine 50 W Halogenlampe. ABS-Kunststoff ABS (Acrylnitril-Butadien-Styrol) ist ein Thermoplast mit guter &hellip; Reflektor MINI2001 UNI 50 W\/12 VWeiterlesen\" \/>\n<meta property=\"og:url\" content=\"https:\/\/pool-house.shop\/de\/product\/reflektor-mini2001-uni-50-w-12-v\/\" \/>\n<meta property=\"og:site_name\" content=\"Pool-House\" \/>\n<meta property=\"article:publisher\" content=\"https:\/\/www.facebook.com\/termodomsk\/\" \/>\n<meta property=\"og:image\" content=\"https:\/\/pool-house.shop\/wp-content\/uploads\/termekkepek\/02\/021100.png\" \/>\n\t<meta property=\"og:image:width\" content=\"1600\" \/>\n\t<meta property=\"og:image:height\" content=\"1600\" \/>\n\t<meta property=\"og:image:type\" content=\"image\/png\" \/>\n<meta name=\"twitter:card\" content=\"summary_large_image\" \/>\n<meta name=\"twitter:label1\" content=\"Gesch\u00e4tzte Lesezeit\" \/>\n\t<meta name=\"twitter:data1\" content=\"1\u00a0Minute\" \/>\n<script type=\"application\/ld+json\" class=\"yoast-schema-graph\">{\"@context\":\"https:\/\/schema.org\",\"@graph\":[{\"@type\":\"WebPage\",\"@id\":\"https:\/\/pool-house.shop\/de\/product\/reflektor-mini2001-uni-50-w-12-v\/\",\"url\":\"https:\/\/pool-house.shop\/de\/product\/reflektor-mini2001-uni-50-w-12-v\/\",\"name\":\"Reflektor MINI2001 UNI 50 W\/12 V - Pool-House\",\"isPartOf\":{\"@id\":\"https:\/\/pool-house.shop\/de\/#website\"},\"primaryImageOfPage\":{\"@id\":\"https:\/\/pool-house.shop\/de\/product\/reflektor-mini2001-uni-50-w-12-v\/#primaryimage\"},\"image\":{\"@id\":\"https:\/\/pool-house.shop\/de\/product\/reflektor-mini2001-uni-50-w-12-v\/#primaryimage\"},\"thumbnailUrl\":\"https:\/\/pool-house.shop\/wp-content\/uploads\/termekkepek\/02\/021100.png\",\"datePublished\":\"2025-03-03T14:17:04+00:00\",\"breadcrumb\":{\"@id\":\"https:\/\/pool-house.shop\/de\/product\/reflektor-mini2001-uni-50-w-12-v\/#breadcrumb\"},\"inLanguage\":\"de\",\"potentialAction\":[{\"@type\":\"ReadAction\",\"target\":[\"https:\/\/pool-house.shop\/de\/product\/reflektor-mini2001-uni-50-w-12-v\/\"]}]},{\"@type\":\"ImageObject\",\"inLanguage\":\"de\",\"@id\":\"https:\/\/pool-house.shop\/de\/product\/reflektor-mini2001-uni-50-w-12-v\/#primaryimage\",\"url\":\"https:\/\/pool-house.shop\/wp-content\/uploads\/termekkepek\/02\/021100.png\",\"contentUrl\":\"https:\/\/pool-house.shop\/wp-content\/uploads\/termekkepek\/02\/021100.png\",\"width\":1600,\"height\":1600},{\"@type\":\"BreadcrumbList\",\"@id\":\"https:\/\/pool-house.shop\/de\/product\/reflektor-mini2001-uni-50-w-12-v\/#breadcrumb\",\"itemListElement\":[{\"@type\":\"ListItem\",\"position\":1,\"name\":\"Domovsk\u00e1 str\u00e1nka\",\"item\":\"https:\/\/pool-house.shop\/de\/\"},{\"@type\":\"ListItem\",\"position\":2,\"name\":\"Shop\",\"item\":\"https:\/\/pool-house.shop\/de\/shop\/\"},{\"@type\":\"ListItem\",\"position\":3,\"name\":\"Reflektor MINI2001 UNI 50 W\/12 V\"}]},{\"@type\":\"WebSite\",\"@id\":\"https:\/\/pool-house.shop\/de\/#website\",\"url\":\"https:\/\/pool-house.shop\/de\/\",\"name\":\"Pool-House\",\"description\":\"\",\"publisher\":{\"@id\":\"https:\/\/pool-house.shop\/de\/#organization\"},\"potentialAction\":[{\"@type\":\"SearchAction\",\"target\":{\"@type\":\"EntryPoint\",\"urlTemplate\":\"https:\/\/pool-house.shop\/de\/?s={search_term_string}\"},\"query-input\":{\"@type\":\"PropertyValueSpecification\",\"valueRequired\":true,\"valueName\":\"search_term_string\"}}],\"inLanguage\":\"de\"},{\"@type\":\"Organization\",\"@id\":\"https:\/\/pool-house.shop\/de\/#organization\",\"name\":\"Pool-House\",\"url\":\"https:\/\/pool-house.shop\/de\/\",\"logo\":{\"@type\":\"ImageObject\",\"inLanguage\":\"de\",\"@id\":\"https:\/\/pool-house.shop\/de\/#\/schema\/logo\/image\/\",\"url\":\"https:\/\/pool-house.shop\/wp-content\/uploads\/2025\/10\/logo-2-stvorec-mobil-modre.png\",\"contentUrl\":\"https:\/\/pool-house.shop\/wp-content\/uploads\/2025\/10\/logo-2-stvorec-mobil-modre.png\",\"width\":273,\"height\":189,\"caption\":\"Pool-House\"},\"image\":{\"@id\":\"https:\/\/pool-house.shop\/de\/#\/schema\/logo\/image\/\"},\"sameAs\":[\"https:\/\/www.facebook.com\/termodomsk\/\"]}]}<\/script>\n<!-- \/ Yoast SEO plugin. -->","yoast_head_json":{"title":"Reflektor MINI2001 UNI 50 W\/12 V - Pool-House","robots":{"index":"index","follow":"follow","max-snippet":"max-snippet:-1","max-image-preview":"max-image-preview:large","max-video-preview":"max-video-preview:-1"},"canonical":"https:\/\/pool-house.shop\/de\/product\/reflektor-mini2001-uni-50-w-12-v\/","og_locale":"de_DE","og_type":"article","og_title":"Reflektor MINI2001 UNI 50 W\/12 V - Pool-House","og_description":"Reflektor MINI2001 Unterwasserbeleuchtung \u201eMini 2001\u201c f\u00fcr Betonbecken. Es zeichnet sich durch einen hitzebest\u00e4ndigen K\u00f6rper aus ABS-Kunststoff, einen wei\u00dfen Kunststoffkopf und einen unteren Ausgang aus. Die hochwertige Konstruktion gew\u00e4hrleistet hervorragende Helligkeit und eine lange Lebensdauer. Es verf\u00fcgt \u00fcber ein 2 m langes Kabel und eine 50 W Halogenlampe. ABS-Kunststoff ABS (Acrylnitril-Butadien-Styrol) ist ein Thermoplast mit guter &hellip; Reflektor MINI2001 UNI 50 W\/12 VWeiterlesen","og_url":"https:\/\/pool-house.shop\/de\/product\/reflektor-mini2001-uni-50-w-12-v\/","og_site_name":"Pool-House","article_publisher":"https:\/\/www.facebook.com\/termodomsk\/","og_image":[{"width":1600,"height":1600,"url":"https:\/\/pool-house.shop\/wp-content\/uploads\/termekkepek\/02\/021100.png","type":"image\/png"}],"twitter_card":"summary_large_image","twitter_misc":{"Gesch\u00e4tzte Lesezeit":"1\u00a0Minute"},"schema":{"@context":"https:\/\/schema.org","@graph":[{"@type":"WebPage","@id":"https:\/\/pool-house.shop\/de\/product\/reflektor-mini2001-uni-50-w-12-v\/","url":"https:\/\/pool-house.shop\/de\/product\/reflektor-mini2001-uni-50-w-12-v\/","name":"Reflektor MINI2001 UNI 50 W\/12 V - Pool-House","isPartOf":{"@id":"https:\/\/pool-house.shop\/de\/#website"},"primaryImageOfPage":{"@id":"https:\/\/pool-house.shop\/de\/product\/reflektor-mini2001-uni-50-w-12-v\/#primaryimage"},"image":{"@id":"https:\/\/pool-house.shop\/de\/product\/reflektor-mini2001-uni-50-w-12-v\/#primaryimage"},"thumbnailUrl":"https:\/\/pool-house.shop\/wp-content\/uploads\/termekkepek\/02\/021100.png","datePublished":"2025-03-03T14:17:04+00:00","breadcrumb":{"@id":"https:\/\/pool-house.shop\/de\/product\/reflektor-mini2001-uni-50-w-12-v\/#breadcrumb"},"inLanguage":"de","potentialAction":[{"@type":"ReadAction","target":["https:\/\/pool-house.shop\/de\/product\/reflektor-mini2001-uni-50-w-12-v\/"]}]},{"@type":"ImageObject","inLanguage":"de","@id":"https:\/\/pool-house.shop\/de\/product\/reflektor-mini2001-uni-50-w-12-v\/#primaryimage","url":"https:\/\/pool-house.shop\/wp-content\/uploads\/termekkepek\/02\/021100.png","contentUrl":"https:\/\/pool-house.shop\/wp-content\/uploads\/termekkepek\/02\/021100.png","width":1600,"height":1600},{"@type":"BreadcrumbList","@id":"https:\/\/pool-house.shop\/de\/product\/reflektor-mini2001-uni-50-w-12-v\/#breadcrumb","itemListElement":[{"@type":"ListItem","position":1,"name":"Domovsk\u00e1 str\u00e1nka","item":"https:\/\/pool-house.shop\/de\/"},{"@type":"ListItem","position":2,"name":"Shop","item":"https:\/\/pool-house.shop\/de\/shop\/"},{"@type":"ListItem","position":3,"name":"Reflektor MINI2001 UNI 50 W\/12 V"}]},{"@type":"WebSite","@id":"https:\/\/pool-house.shop\/de\/#website","url":"https:\/\/pool-house.shop\/de\/","name":"Pool-House","description":"","publisher":{"@id":"https:\/\/pool-house.shop\/de\/#organization"},"potentialAction":[{"@type":"SearchAction","target":{"@type":"EntryPoint","urlTemplate":"https:\/\/pool-house.shop\/de\/?s={search_term_string}"},"query-input":{"@type":"PropertyValueSpecification","valueRequired":true,"valueName":"search_term_string"}}],"inLanguage":"de"},{"@type":"Organization","@id":"https:\/\/pool-house.shop\/de\/#organization","name":"Pool-House","url":"https:\/\/pool-house.shop\/de\/","logo":{"@type":"ImageObject","inLanguage":"de","@id":"https:\/\/pool-house.shop\/de\/#\/schema\/logo\/image\/","url":"https:\/\/pool-house.shop\/wp-content\/uploads\/2025\/10\/logo-2-stvorec-mobil-modre.png","contentUrl":"https:\/\/pool-house.shop\/wp-content\/uploads\/2025\/10\/logo-2-stvorec-mobil-modre.png","width":273,"height":189,"caption":"Pool-House"},"image":{"@id":"https:\/\/pool-house.shop\/de\/#\/schema\/logo\/image\/"},"sameAs":["https:\/\/www.facebook.com\/termodomsk\/"]}]}},"_links":{"self":[{"href":"https:\/\/pool-house.shop\/de\/wp-json\/wp\/v2\/product\/6707","targetHints":{"allow":["GET"]}}],"collection":[{"href":"https:\/\/pool-house.shop\/de\/wp-json\/wp\/v2\/product"}],"about":[{"href":"https:\/\/pool-house.shop\/de\/wp-json\/wp\/v2\/types\/product"}],"wp:featuredmedia":[{"embeddable":true,"href":"https:\/\/pool-house.shop\/de\/wp-json\/wp\/v2\/media\/1251"}],"wp:attachment":[{"href":"https:\/\/pool-house.shop\/de\/wp-json\/wp\/v2\/media?parent=6707"}],"wp:term":[{"taxonomy":"product_brand","embeddable":true,"href":"https:\/\/pool-house.shop\/de\/wp-json\/wp\/v2\/product_brand?post=6707"},{"taxonomy":"product_cat","embeddable":true,"href":"https:\/\/pool-house.shop\/de\/wp-json\/wp\/v2\/product_cat?post=6707"},{"taxonomy":"product_tag","embeddable":true,"href":"https:\/\/pool-house.shop\/de\/wp-json\/wp\/v2\/product_tag?post=6707"}],"curies":[{"name":"wp","href":"https:\/\/api.w.org\/{rel}","templated":true}]}}