{"id":6748,"date":"2025-03-03T15:17:07","date_gmt":"2025-03-03T14:17:07","guid":{"rendered":"https:\/\/pool-house.shop\/product\/reflektor-mini-clicker-foliert-anthrazit-rgb-4w\/"},"modified":"2025-03-03T15:17:07","modified_gmt":"2025-03-03T14:17:07","slug":"reflektor-mini-clicker-foliert-anthrazit-rgb-4w","status":"publish","type":"product","link":"https:\/\/pool-house.shop\/de\/product\/reflektor-mini-clicker-foliert-anthrazit-rgb-4w\/","title":{"rendered":"Reflektor MINI-Clicker foliert Anthrazit RGB 4W"},"content":{"rendered":"<p>Reflektor MINI-Clicker <\/p>\n<p> Der mittelgro\u00dfe MINI-Clicker Reflektor ist ideal f\u00fcr die Beleuchtung von Pools. Er zeichnet sich durch eine blitzschnelle Installation und ein kompaktes Design aus.<br \/>\n Das Hauptziel bei der Entwicklung des Reflektors war es, eine m\u00f6glichst einfache Installation bei gleichzeitig flexibler Nutzung zu gew\u00e4hrleisten. <\/p>\n<p> Weitere Merkmale:<br \/>\n &#8211; leichtes Polycarbonatgeh\u00e4use,<br \/>\n &#8211; SMD-LED,<br \/>\n &#8211; Frontplatte aus ABS-Kunststoff,<br \/>\n &#8211; 1,2 m Kabel. <\/p>\n","protected":false},"excerpt":{"rendered":"<p>Reflektor MINI-Clicker Der mittelgro\u00dfe MINI-Clicker Reflektor ist ideal f\u00fcr die Beleuchtung von Pools. Er zeichnet sich durch eine blitzschnelle Installation und ein kompaktes Design aus. Das Hauptziel bei der Entwicklung des Reflektors war es, eine m\u00f6glichst einfache Installation bei gleichzeitig flexibler Nutzung zu gew\u00e4hrleisten. Weitere Merkmale: &#8211; leichtes Polycarbonatgeh\u00e4use, &#8211; SMD-LED, &#8211; Frontplatte aus ABS-Kunststoff, &hellip;<\/p>\n<p class=\"read-more\"> <a class=\" thunk-readmore button \" href=\"https:\/\/pool-house.shop\/de\/product\/reflektor-mini-clicker-foliert-anthrazit-rgb-4w\/\"> <span class=\"screen-reader-text\">Reflektor MINI-Clicker foliert Anthrazit RGB 4W<\/span>Weiterlesen<\/a><\/p>\n","protected":false},"featured_media":1273,"template":"","meta":[],"product_brand":[],"product_cat":[237],"product_tag":[],"class_list":{"0":"post-6748","1":"product","2":"type-product","3":"status-publish","4":"has-post-thumbnail","6":"product_cat-beleuchtung","7":"thunk-woo-product-list","8":"open-woo-hover-none","9":"open-single-product-tab-horizontal","10":"open-shadow-","11":"open-shadow-hover-","13":"first","14":"instock","15":"taxable","16":"shipping-taxable","17":"purchasable","18":"product-type-simple"},"yoast_head":"<!-- This site is optimized with the Yoast SEO plugin v26.9 - https:\/\/yoast.com\/product\/yoast-seo-wordpress\/ -->\n<title>Reflektor MINI-Clicker foliert Anthrazit RGB 4W - Pool-House<\/title>\n<meta name=\"robots\" content=\"index, follow, max-snippet:-1, max-image-preview:large, max-video-preview:-1\" \/>\n<link rel=\"canonical\" href=\"https:\/\/pool-house.shop\/de\/product\/reflektor-mini-clicker-foliert-anthrazit-rgb-4w\/\" \/>\n<meta property=\"og:locale\" content=\"de_DE\" \/>\n<meta property=\"og:type\" content=\"article\" \/>\n<meta property=\"og:title\" content=\"Reflektor MINI-Clicker foliert Anthrazit RGB 4W - Pool-House\" \/>\n<meta property=\"og:description\" content=\"Reflektor MINI-Clicker Der mittelgro\u00dfe MINI-Clicker Reflektor ist ideal f\u00fcr die Beleuchtung von Pools. Er zeichnet sich durch eine blitzschnelle Installation und ein kompaktes Design aus. Das Hauptziel bei der Entwicklung des Reflektors war es, eine m\u00f6glichst einfache Installation bei gleichzeitig flexibler Nutzung zu gew\u00e4hrleisten. Weitere Merkmale: &#8211; leichtes Polycarbonatgeh\u00e4use, &#8211; SMD-LED, &#8211; Frontplatte aus ABS-Kunststoff, &hellip; Reflektor MINI-Clicker foliert Anthrazit RGB 4WWeiterlesen\" \/>\n<meta property=\"og:url\" content=\"https:\/\/pool-house.shop\/de\/product\/reflektor-mini-clicker-foliert-anthrazit-rgb-4w\/\" \/>\n<meta property=\"og:site_name\" content=\"Pool-House\" \/>\n<meta property=\"article:publisher\" content=\"https:\/\/www.facebook.com\/termodomsk\/\" \/>\n<meta property=\"og:image\" content=\"https:\/\/pool-house.shop\/wp-content\/uploads\/termekkepek\/02\/021312.png\" \/>\n\t<meta property=\"og:image:width\" content=\"1200\" \/>\n\t<meta property=\"og:image:height\" content=\"1200\" \/>\n\t<meta property=\"og:image:type\" content=\"image\/png\" \/>\n<meta name=\"twitter:card\" content=\"summary_large_image\" \/>\n<script type=\"application\/ld+json\" class=\"yoast-schema-graph\">{\"@context\":\"https:\/\/schema.org\",\"@graph\":[{\"@type\":\"WebPage\",\"@id\":\"https:\/\/pool-house.shop\/de\/product\/reflektor-mini-clicker-foliert-anthrazit-rgb-4w\/\",\"url\":\"https:\/\/pool-house.shop\/de\/product\/reflektor-mini-clicker-foliert-anthrazit-rgb-4w\/\",\"name\":\"Reflektor MINI-Clicker foliert Anthrazit RGB 4W - Pool-House\",\"isPartOf\":{\"@id\":\"https:\/\/pool-house.shop\/de\/#website\"},\"primaryImageOfPage\":{\"@id\":\"https:\/\/pool-house.shop\/de\/product\/reflektor-mini-clicker-foliert-anthrazit-rgb-4w\/#primaryimage\"},\"image\":{\"@id\":\"https:\/\/pool-house.shop\/de\/product\/reflektor-mini-clicker-foliert-anthrazit-rgb-4w\/#primaryimage\"},\"thumbnailUrl\":\"https:\/\/pool-house.shop\/wp-content\/uploads\/termekkepek\/02\/021312.png\",\"datePublished\":\"2025-03-03T14:17:07+00:00\",\"breadcrumb\":{\"@id\":\"https:\/\/pool-house.shop\/de\/product\/reflektor-mini-clicker-foliert-anthrazit-rgb-4w\/#breadcrumb\"},\"inLanguage\":\"de\",\"potentialAction\":[{\"@type\":\"ReadAction\",\"target\":[\"https:\/\/pool-house.shop\/de\/product\/reflektor-mini-clicker-foliert-anthrazit-rgb-4w\/\"]}]},{\"@type\":\"ImageObject\",\"inLanguage\":\"de\",\"@id\":\"https:\/\/pool-house.shop\/de\/product\/reflektor-mini-clicker-foliert-anthrazit-rgb-4w\/#primaryimage\",\"url\":\"https:\/\/pool-house.shop\/wp-content\/uploads\/termekkepek\/02\/021312.png\",\"contentUrl\":\"https:\/\/pool-house.shop\/wp-content\/uploads\/termekkepek\/02\/021312.png\",\"width\":1200,\"height\":1200},{\"@type\":\"BreadcrumbList\",\"@id\":\"https:\/\/pool-house.shop\/de\/product\/reflektor-mini-clicker-foliert-anthrazit-rgb-4w\/#breadcrumb\",\"itemListElement\":[{\"@type\":\"ListItem\",\"position\":1,\"name\":\"Domovsk\u00e1 str\u00e1nka\",\"item\":\"https:\/\/pool-house.shop\/de\/\"},{\"@type\":\"ListItem\",\"position\":2,\"name\":\"Shop\",\"item\":\"https:\/\/pool-house.shop\/de\/shop\/\"},{\"@type\":\"ListItem\",\"position\":3,\"name\":\"Reflektor MINI-Clicker foliert Anthrazit RGB 4W\"}]},{\"@type\":\"WebSite\",\"@id\":\"https:\/\/pool-house.shop\/de\/#website\",\"url\":\"https:\/\/pool-house.shop\/de\/\",\"name\":\"Pool-House\",\"description\":\"\",\"publisher\":{\"@id\":\"https:\/\/pool-house.shop\/de\/#organization\"},\"potentialAction\":[{\"@type\":\"SearchAction\",\"target\":{\"@type\":\"EntryPoint\",\"urlTemplate\":\"https:\/\/pool-house.shop\/de\/?s={search_term_string}\"},\"query-input\":{\"@type\":\"PropertyValueSpecification\",\"valueRequired\":true,\"valueName\":\"search_term_string\"}}],\"inLanguage\":\"de\"},{\"@type\":\"Organization\",\"@id\":\"https:\/\/pool-house.shop\/de\/#organization\",\"name\":\"Pool-House\",\"url\":\"https:\/\/pool-house.shop\/de\/\",\"logo\":{\"@type\":\"ImageObject\",\"inLanguage\":\"de\",\"@id\":\"https:\/\/pool-house.shop\/de\/#\/schema\/logo\/image\/\",\"url\":\"https:\/\/pool-house.shop\/wp-content\/uploads\/2025\/10\/logo-2-stvorec-mobil-modre.png\",\"contentUrl\":\"https:\/\/pool-house.shop\/wp-content\/uploads\/2025\/10\/logo-2-stvorec-mobil-modre.png\",\"width\":273,\"height\":189,\"caption\":\"Pool-House\"},\"image\":{\"@id\":\"https:\/\/pool-house.shop\/de\/#\/schema\/logo\/image\/\"},\"sameAs\":[\"https:\/\/www.facebook.com\/termodomsk\/\"]}]}<\/script>\n<!-- \/ Yoast SEO plugin. -->","yoast_head_json":{"title":"Reflektor MINI-Clicker foliert Anthrazit RGB 4W - Pool-House","robots":{"index":"index","follow":"follow","max-snippet":"max-snippet:-1","max-image-preview":"max-image-preview:large","max-video-preview":"max-video-preview:-1"},"canonical":"https:\/\/pool-house.shop\/de\/product\/reflektor-mini-clicker-foliert-anthrazit-rgb-4w\/","og_locale":"de_DE","og_type":"article","og_title":"Reflektor MINI-Clicker foliert Anthrazit RGB 4W - Pool-House","og_description":"Reflektor MINI-Clicker Der mittelgro\u00dfe MINI-Clicker Reflektor ist ideal f\u00fcr die Beleuchtung von Pools. Er zeichnet sich durch eine blitzschnelle Installation und ein kompaktes Design aus. Das Hauptziel bei der Entwicklung des Reflektors war es, eine m\u00f6glichst einfache Installation bei gleichzeitig flexibler Nutzung zu gew\u00e4hrleisten. Weitere Merkmale: &#8211; leichtes Polycarbonatgeh\u00e4use, &#8211; SMD-LED, &#8211; Frontplatte aus ABS-Kunststoff, &hellip; Reflektor MINI-Clicker foliert Anthrazit RGB 4WWeiterlesen","og_url":"https:\/\/pool-house.shop\/de\/product\/reflektor-mini-clicker-foliert-anthrazit-rgb-4w\/","og_site_name":"Pool-House","article_publisher":"https:\/\/www.facebook.com\/termodomsk\/","og_image":[{"width":1200,"height":1200,"url":"https:\/\/pool-house.shop\/wp-content\/uploads\/termekkepek\/02\/021312.png","type":"image\/png"}],"twitter_card":"summary_large_image","schema":{"@context":"https:\/\/schema.org","@graph":[{"@type":"WebPage","@id":"https:\/\/pool-house.shop\/de\/product\/reflektor-mini-clicker-foliert-anthrazit-rgb-4w\/","url":"https:\/\/pool-house.shop\/de\/product\/reflektor-mini-clicker-foliert-anthrazit-rgb-4w\/","name":"Reflektor MINI-Clicker foliert Anthrazit RGB 4W - Pool-House","isPartOf":{"@id":"https:\/\/pool-house.shop\/de\/#website"},"primaryImageOfPage":{"@id":"https:\/\/pool-house.shop\/de\/product\/reflektor-mini-clicker-foliert-anthrazit-rgb-4w\/#primaryimage"},"image":{"@id":"https:\/\/pool-house.shop\/de\/product\/reflektor-mini-clicker-foliert-anthrazit-rgb-4w\/#primaryimage"},"thumbnailUrl":"https:\/\/pool-house.shop\/wp-content\/uploads\/termekkepek\/02\/021312.png","datePublished":"2025-03-03T14:17:07+00:00","breadcrumb":{"@id":"https:\/\/pool-house.shop\/de\/product\/reflektor-mini-clicker-foliert-anthrazit-rgb-4w\/#breadcrumb"},"inLanguage":"de","potentialAction":[{"@type":"ReadAction","target":["https:\/\/pool-house.shop\/de\/product\/reflektor-mini-clicker-foliert-anthrazit-rgb-4w\/"]}]},{"@type":"ImageObject","inLanguage":"de","@id":"https:\/\/pool-house.shop\/de\/product\/reflektor-mini-clicker-foliert-anthrazit-rgb-4w\/#primaryimage","url":"https:\/\/pool-house.shop\/wp-content\/uploads\/termekkepek\/02\/021312.png","contentUrl":"https:\/\/pool-house.shop\/wp-content\/uploads\/termekkepek\/02\/021312.png","width":1200,"height":1200},{"@type":"BreadcrumbList","@id":"https:\/\/pool-house.shop\/de\/product\/reflektor-mini-clicker-foliert-anthrazit-rgb-4w\/#breadcrumb","itemListElement":[{"@type":"ListItem","position":1,"name":"Domovsk\u00e1 str\u00e1nka","item":"https:\/\/pool-house.shop\/de\/"},{"@type":"ListItem","position":2,"name":"Shop","item":"https:\/\/pool-house.shop\/de\/shop\/"},{"@type":"ListItem","position":3,"name":"Reflektor MINI-Clicker foliert Anthrazit RGB 4W"}]},{"@type":"WebSite","@id":"https:\/\/pool-house.shop\/de\/#website","url":"https:\/\/pool-house.shop\/de\/","name":"Pool-House","description":"","publisher":{"@id":"https:\/\/pool-house.shop\/de\/#organization"},"potentialAction":[{"@type":"SearchAction","target":{"@type":"EntryPoint","urlTemplate":"https:\/\/pool-house.shop\/de\/?s={search_term_string}"},"query-input":{"@type":"PropertyValueSpecification","valueRequired":true,"valueName":"search_term_string"}}],"inLanguage":"de"},{"@type":"Organization","@id":"https:\/\/pool-house.shop\/de\/#organization","name":"Pool-House","url":"https:\/\/pool-house.shop\/de\/","logo":{"@type":"ImageObject","inLanguage":"de","@id":"https:\/\/pool-house.shop\/de\/#\/schema\/logo\/image\/","url":"https:\/\/pool-house.shop\/wp-content\/uploads\/2025\/10\/logo-2-stvorec-mobil-modre.png","contentUrl":"https:\/\/pool-house.shop\/wp-content\/uploads\/2025\/10\/logo-2-stvorec-mobil-modre.png","width":273,"height":189,"caption":"Pool-House"},"image":{"@id":"https:\/\/pool-house.shop\/de\/#\/schema\/logo\/image\/"},"sameAs":["https:\/\/www.facebook.com\/termodomsk\/"]}]}},"_links":{"self":[{"href":"https:\/\/pool-house.shop\/de\/wp-json\/wp\/v2\/product\/6748","targetHints":{"allow":["GET"]}}],"collection":[{"href":"https:\/\/pool-house.shop\/de\/wp-json\/wp\/v2\/product"}],"about":[{"href":"https:\/\/pool-house.shop\/de\/wp-json\/wp\/v2\/types\/product"}],"wp:featuredmedia":[{"embeddable":true,"href":"https:\/\/pool-house.shop\/de\/wp-json\/wp\/v2\/media\/1273"}],"wp:attachment":[{"href":"https:\/\/pool-house.shop\/de\/wp-json\/wp\/v2\/media?parent=6748"}],"wp:term":[{"taxonomy":"product_brand","embeddable":true,"href":"https:\/\/pool-house.shop\/de\/wp-json\/wp\/v2\/product_brand?post=6748"},{"taxonomy":"product_cat","embeddable":true,"href":"https:\/\/pool-house.shop\/de\/wp-json\/wp\/v2\/product_cat?post=6748"},{"taxonomy":"product_tag","embeddable":true,"href":"https:\/\/pool-house.shop\/de\/wp-json\/wp\/v2\/product_tag?post=6748"}],"curies":[{"name":"wp","href":"https:\/\/api.w.org\/{rel}","templated":true}]}}