{"id":6823,"date":"2025-03-03T15:18:07","date_gmt":"2025-03-03T14:18:07","guid":{"rendered":"https:\/\/pool-house.shop\/product\/schauglas-fuer-filterbehaelter-o90-mm\/"},"modified":"2026-02-05T12:59:52","modified_gmt":"2026-02-05T11:59:52","slug":"schauglas-fuer-filterbehaelter-o90-mm","status":"publish","type":"product","link":"https:\/\/pool-house.shop\/de\/product\/schauglas-fuer-filterbehaelter-o90-mm\/","title":{"rendered":"Schauglas f\u00fcr Filterbeh\u00e4lter \u00d890 mm"},"content":{"rendered":"<p>Schauglas f\u00fcr Sandfilteranlage<\/p>\n<p> Dieses Schauglas f\u00fcr Sandfilteranlagen ist ein hochwertiges und langlebiges Ersatzteil f\u00fcr den Filterbeh\u00e4lter.<br \/>\n Durchmesser: \u00d890 mm.<\/p>\n<p> Filterbeh\u00e4lter<br \/>\n Die Sauberkeit des Poolwassers kann durch dessen kontinuierliche Zirkulation und Filtration aufrechterhalten werden. In stehendem Wasser, das der Sonne ausgesetzt ist, k\u00f6nnen sich Algen und andere Verunreinigungen leicht vermehren, die nicht nur das Aussehen des Wassers beeintr\u00e4chtigen, sondern auch ein Gesundheitsrisiko f\u00fcr Badeg\u00e4ste darstellen k\u00f6nnen.<br \/>\n Der Filterbeh\u00e4lter kann mithilfe der Zirkulationsanlage selbst feinste Verunreinigungen aus dem Wasser filtern, die im Filtermedium zur\u00fcckgehalten werden.<\/p>\n","protected":false},"excerpt":{"rendered":"<p>Schauglas f\u00fcr Sandfilteranlage Dieses Schauglas f\u00fcr Sandfilteranlagen ist ein hochwertiges und langlebiges Ersatzteil f\u00fcr den Filterbeh\u00e4lter. Durchmesser: \u00d890 mm. Filterbeh\u00e4lter Die Sauberkeit des Poolwassers kann durch dessen kontinuierliche Zirkulation und Filtration aufrechterhalten werden. In stehendem Wasser, das der Sonne ausgesetzt ist, k\u00f6nnen sich Algen und andere Verunreinigungen leicht vermehren, die nicht nur das Aussehen des &hellip;<\/p>\n<p class=\"read-more\"> <a class=\" thunk-readmore button \" href=\"https:\/\/pool-house.shop\/de\/product\/schauglas-fuer-filterbehaelter-o90-mm\/\"> <span class=\"screen-reader-text\">Schauglas f\u00fcr Filterbeh\u00e4lter \u00d890 mm<\/span>Weiterlesen<\/a><\/p>\n","protected":false},"featured_media":6824,"template":"","meta":[],"product_brand":[],"product_cat":[353,354],"product_tag":[],"class_list":{"0":"post-6823","1":"product","2":"type-product","3":"status-publish","4":"has-post-thumbnail","6":"product_cat-filteranlagen","7":"product_cat-zubehor_filteranlagen","8":"thunk-woo-product-list","9":"open-woo-hover-none","10":"open-single-product-tab-horizontal","11":"open-shadow-","12":"open-shadow-hover-","14":"first","15":"instock","16":"taxable","17":"shipping-taxable","18":"purchasable","19":"product-type-simple"},"yoast_head":"<!-- This site is optimized with the Yoast SEO plugin v26.9 - https:\/\/yoast.com\/product\/yoast-seo-wordpress\/ -->\n<title>Schauglas f\u00fcr Filterbeh\u00e4lter \u00d890 mm - Pool-House<\/title>\n<meta name=\"robots\" content=\"index, follow, max-snippet:-1, max-image-preview:large, max-video-preview:-1\" \/>\n<link rel=\"canonical\" href=\"https:\/\/pool-house.shop\/de\/product\/schauglas-fuer-filterbehaelter-o90-mm\/\" \/>\n<meta property=\"og:locale\" content=\"de_DE\" \/>\n<meta property=\"og:type\" content=\"article\" \/>\n<meta property=\"og:title\" content=\"Schauglas f\u00fcr Filterbeh\u00e4lter \u00d890 mm - Pool-House\" \/>\n<meta property=\"og:description\" content=\"Schauglas f\u00fcr Sandfilteranlage Dieses Schauglas f\u00fcr Sandfilteranlagen ist ein hochwertiges und langlebiges Ersatzteil f\u00fcr den Filterbeh\u00e4lter. Durchmesser: \u00d890 mm. Filterbeh\u00e4lter Die Sauberkeit des Poolwassers kann durch dessen kontinuierliche Zirkulation und Filtration aufrechterhalten werden. In stehendem Wasser, das der Sonne ausgesetzt ist, k\u00f6nnen sich Algen und andere Verunreinigungen leicht vermehren, die nicht nur das Aussehen des &hellip; Schauglas f\u00fcr Filterbeh\u00e4lter \u00d890 mmWeiterlesen\" \/>\n<meta property=\"og:url\" content=\"https:\/\/pool-house.shop\/de\/product\/schauglas-fuer-filterbehaelter-o90-mm\/\" \/>\n<meta property=\"og:site_name\" content=\"Pool-House\" \/>\n<meta property=\"article:publisher\" content=\"https:\/\/www.facebook.com\/termodomsk\/\" \/>\n<meta property=\"article:modified_time\" content=\"2026-02-05T11:59:52+00:00\" \/>\n<meta property=\"og:image\" content=\"https:\/\/pool-house.shop\/wp-content\/uploads\/2025\/03\/031002.png\" \/>\n\t<meta property=\"og:image:width\" content=\"1000\" \/>\n\t<meta property=\"og:image:height\" content=\"797\" \/>\n\t<meta property=\"og:image:type\" content=\"image\/png\" \/>\n<meta name=\"twitter:card\" content=\"summary_large_image\" \/>\n<script type=\"application\/ld+json\" class=\"yoast-schema-graph\">{\"@context\":\"https:\/\/schema.org\",\"@graph\":[{\"@type\":\"WebPage\",\"@id\":\"https:\/\/pool-house.shop\/de\/product\/schauglas-fuer-filterbehaelter-o90-mm\/\",\"url\":\"https:\/\/pool-house.shop\/de\/product\/schauglas-fuer-filterbehaelter-o90-mm\/\",\"name\":\"Schauglas f\u00fcr Filterbeh\u00e4lter \u00d890 mm - Pool-House\",\"isPartOf\":{\"@id\":\"https:\/\/pool-house.shop\/de\/#website\"},\"primaryImageOfPage\":{\"@id\":\"https:\/\/pool-house.shop\/de\/product\/schauglas-fuer-filterbehaelter-o90-mm\/#primaryimage\"},\"image\":{\"@id\":\"https:\/\/pool-house.shop\/de\/product\/schauglas-fuer-filterbehaelter-o90-mm\/#primaryimage\"},\"thumbnailUrl\":\"https:\/\/pool-house.shop\/wp-content\/uploads\/2025\/03\/031002.png\",\"datePublished\":\"2025-03-03T14:18:07+00:00\",\"dateModified\":\"2026-02-05T11:59:52+00:00\",\"breadcrumb\":{\"@id\":\"https:\/\/pool-house.shop\/de\/product\/schauglas-fuer-filterbehaelter-o90-mm\/#breadcrumb\"},\"inLanguage\":\"de\",\"potentialAction\":[{\"@type\":\"ReadAction\",\"target\":[\"https:\/\/pool-house.shop\/de\/product\/schauglas-fuer-filterbehaelter-o90-mm\/\"]}]},{\"@type\":\"ImageObject\",\"inLanguage\":\"de\",\"@id\":\"https:\/\/pool-house.shop\/de\/product\/schauglas-fuer-filterbehaelter-o90-mm\/#primaryimage\",\"url\":\"https:\/\/pool-house.shop\/wp-content\/uploads\/2025\/03\/031002.png\",\"contentUrl\":\"https:\/\/pool-house.shop\/wp-content\/uploads\/2025\/03\/031002.png\",\"width\":1000,\"height\":797},{\"@type\":\"BreadcrumbList\",\"@id\":\"https:\/\/pool-house.shop\/de\/product\/schauglas-fuer-filterbehaelter-o90-mm\/#breadcrumb\",\"itemListElement\":[{\"@type\":\"ListItem\",\"position\":1,\"name\":\"Domovsk\u00e1 str\u00e1nka\",\"item\":\"https:\/\/pool-house.shop\/de\/\"},{\"@type\":\"ListItem\",\"position\":2,\"name\":\"Shop\",\"item\":\"https:\/\/pool-house.shop\/de\/shop\/\"},{\"@type\":\"ListItem\",\"position\":3,\"name\":\"Schauglas f\u00fcr Filterbeh\u00e4lter \u00d890 mm\"}]},{\"@type\":\"WebSite\",\"@id\":\"https:\/\/pool-house.shop\/de\/#website\",\"url\":\"https:\/\/pool-house.shop\/de\/\",\"name\":\"Pool-House\",\"description\":\"\",\"publisher\":{\"@id\":\"https:\/\/pool-house.shop\/de\/#organization\"},\"potentialAction\":[{\"@type\":\"SearchAction\",\"target\":{\"@type\":\"EntryPoint\",\"urlTemplate\":\"https:\/\/pool-house.shop\/de\/?s={search_term_string}\"},\"query-input\":{\"@type\":\"PropertyValueSpecification\",\"valueRequired\":true,\"valueName\":\"search_term_string\"}}],\"inLanguage\":\"de\"},{\"@type\":\"Organization\",\"@id\":\"https:\/\/pool-house.shop\/de\/#organization\",\"name\":\"Pool-House\",\"url\":\"https:\/\/pool-house.shop\/de\/\",\"logo\":{\"@type\":\"ImageObject\",\"inLanguage\":\"de\",\"@id\":\"https:\/\/pool-house.shop\/de\/#\/schema\/logo\/image\/\",\"url\":\"https:\/\/pool-house.shop\/wp-content\/uploads\/2025\/10\/logo-2-stvorec-mobil-modre.png\",\"contentUrl\":\"https:\/\/pool-house.shop\/wp-content\/uploads\/2025\/10\/logo-2-stvorec-mobil-modre.png\",\"width\":273,\"height\":189,\"caption\":\"Pool-House\"},\"image\":{\"@id\":\"https:\/\/pool-house.shop\/de\/#\/schema\/logo\/image\/\"},\"sameAs\":[\"https:\/\/www.facebook.com\/termodomsk\/\"]}]}<\/script>\n<!-- \/ Yoast SEO plugin. -->","yoast_head_json":{"title":"Schauglas f\u00fcr Filterbeh\u00e4lter \u00d890 mm - Pool-House","robots":{"index":"index","follow":"follow","max-snippet":"max-snippet:-1","max-image-preview":"max-image-preview:large","max-video-preview":"max-video-preview:-1"},"canonical":"https:\/\/pool-house.shop\/de\/product\/schauglas-fuer-filterbehaelter-o90-mm\/","og_locale":"de_DE","og_type":"article","og_title":"Schauglas f\u00fcr Filterbeh\u00e4lter \u00d890 mm - Pool-House","og_description":"Schauglas f\u00fcr Sandfilteranlage Dieses Schauglas f\u00fcr Sandfilteranlagen ist ein hochwertiges und langlebiges Ersatzteil f\u00fcr den Filterbeh\u00e4lter. Durchmesser: \u00d890 mm. Filterbeh\u00e4lter Die Sauberkeit des Poolwassers kann durch dessen kontinuierliche Zirkulation und Filtration aufrechterhalten werden. In stehendem Wasser, das der Sonne ausgesetzt ist, k\u00f6nnen sich Algen und andere Verunreinigungen leicht vermehren, die nicht nur das Aussehen des &hellip; Schauglas f\u00fcr Filterbeh\u00e4lter \u00d890 mmWeiterlesen","og_url":"https:\/\/pool-house.shop\/de\/product\/schauglas-fuer-filterbehaelter-o90-mm\/","og_site_name":"Pool-House","article_publisher":"https:\/\/www.facebook.com\/termodomsk\/","article_modified_time":"2026-02-05T11:59:52+00:00","og_image":[{"width":1000,"height":797,"url":"https:\/\/pool-house.shop\/wp-content\/uploads\/2025\/03\/031002.png","type":"image\/png"}],"twitter_card":"summary_large_image","schema":{"@context":"https:\/\/schema.org","@graph":[{"@type":"WebPage","@id":"https:\/\/pool-house.shop\/de\/product\/schauglas-fuer-filterbehaelter-o90-mm\/","url":"https:\/\/pool-house.shop\/de\/product\/schauglas-fuer-filterbehaelter-o90-mm\/","name":"Schauglas f\u00fcr Filterbeh\u00e4lter \u00d890 mm - Pool-House","isPartOf":{"@id":"https:\/\/pool-house.shop\/de\/#website"},"primaryImageOfPage":{"@id":"https:\/\/pool-house.shop\/de\/product\/schauglas-fuer-filterbehaelter-o90-mm\/#primaryimage"},"image":{"@id":"https:\/\/pool-house.shop\/de\/product\/schauglas-fuer-filterbehaelter-o90-mm\/#primaryimage"},"thumbnailUrl":"https:\/\/pool-house.shop\/wp-content\/uploads\/2025\/03\/031002.png","datePublished":"2025-03-03T14:18:07+00:00","dateModified":"2026-02-05T11:59:52+00:00","breadcrumb":{"@id":"https:\/\/pool-house.shop\/de\/product\/schauglas-fuer-filterbehaelter-o90-mm\/#breadcrumb"},"inLanguage":"de","potentialAction":[{"@type":"ReadAction","target":["https:\/\/pool-house.shop\/de\/product\/schauglas-fuer-filterbehaelter-o90-mm\/"]}]},{"@type":"ImageObject","inLanguage":"de","@id":"https:\/\/pool-house.shop\/de\/product\/schauglas-fuer-filterbehaelter-o90-mm\/#primaryimage","url":"https:\/\/pool-house.shop\/wp-content\/uploads\/2025\/03\/031002.png","contentUrl":"https:\/\/pool-house.shop\/wp-content\/uploads\/2025\/03\/031002.png","width":1000,"height":797},{"@type":"BreadcrumbList","@id":"https:\/\/pool-house.shop\/de\/product\/schauglas-fuer-filterbehaelter-o90-mm\/#breadcrumb","itemListElement":[{"@type":"ListItem","position":1,"name":"Domovsk\u00e1 str\u00e1nka","item":"https:\/\/pool-house.shop\/de\/"},{"@type":"ListItem","position":2,"name":"Shop","item":"https:\/\/pool-house.shop\/de\/shop\/"},{"@type":"ListItem","position":3,"name":"Schauglas f\u00fcr Filterbeh\u00e4lter \u00d890 mm"}]},{"@type":"WebSite","@id":"https:\/\/pool-house.shop\/de\/#website","url":"https:\/\/pool-house.shop\/de\/","name":"Pool-House","description":"","publisher":{"@id":"https:\/\/pool-house.shop\/de\/#organization"},"potentialAction":[{"@type":"SearchAction","target":{"@type":"EntryPoint","urlTemplate":"https:\/\/pool-house.shop\/de\/?s={search_term_string}"},"query-input":{"@type":"PropertyValueSpecification","valueRequired":true,"valueName":"search_term_string"}}],"inLanguage":"de"},{"@type":"Organization","@id":"https:\/\/pool-house.shop\/de\/#organization","name":"Pool-House","url":"https:\/\/pool-house.shop\/de\/","logo":{"@type":"ImageObject","inLanguage":"de","@id":"https:\/\/pool-house.shop\/de\/#\/schema\/logo\/image\/","url":"https:\/\/pool-house.shop\/wp-content\/uploads\/2025\/10\/logo-2-stvorec-mobil-modre.png","contentUrl":"https:\/\/pool-house.shop\/wp-content\/uploads\/2025\/10\/logo-2-stvorec-mobil-modre.png","width":273,"height":189,"caption":"Pool-House"},"image":{"@id":"https:\/\/pool-house.shop\/de\/#\/schema\/logo\/image\/"},"sameAs":["https:\/\/www.facebook.com\/termodomsk\/"]}]}},"_links":{"self":[{"href":"https:\/\/pool-house.shop\/de\/wp-json\/wp\/v2\/product\/6823","targetHints":{"allow":["GET"]}}],"collection":[{"href":"https:\/\/pool-house.shop\/de\/wp-json\/wp\/v2\/product"}],"about":[{"href":"https:\/\/pool-house.shop\/de\/wp-json\/wp\/v2\/types\/product"}],"wp:featuredmedia":[{"embeddable":true,"href":"https:\/\/pool-house.shop\/de\/wp-json\/wp\/v2\/media\/6824"}],"wp:attachment":[{"href":"https:\/\/pool-house.shop\/de\/wp-json\/wp\/v2\/media?parent=6823"}],"wp:term":[{"taxonomy":"product_brand","embeddable":true,"href":"https:\/\/pool-house.shop\/de\/wp-json\/wp\/v2\/product_brand?post=6823"},{"taxonomy":"product_cat","embeddable":true,"href":"https:\/\/pool-house.shop\/de\/wp-json\/wp\/v2\/product_cat?post=6823"},{"taxonomy":"product_tag","embeddable":true,"href":"https:\/\/pool-house.shop\/de\/wp-json\/wp\/v2\/product_tag?post=6823"}],"curies":[{"name":"wp","href":"https:\/\/api.w.org\/{rel}","templated":true}]}}