{"id":6831,"date":"2025-03-03T15:18:10","date_gmt":"2025-03-03T14:18:10","guid":{"rendered":"https:\/\/pool-house.shop\/product\/automatisches-entlueftungsventil-2-fuer-filterbehaelter\/"},"modified":"2026-02-05T12:59:52","modified_gmt":"2026-02-05T11:59:52","slug":"automatisches-entlueftungsventil-2-fuer-filterbehaelter","status":"publish","type":"product","link":"https:\/\/pool-house.shop\/de\/product\/automatisches-entlueftungsventil-2-fuer-filterbehaelter\/","title":{"rendered":"Automatisches Entl\u00fcftungsventil 2&#8243; f\u00fcr Filterbeh\u00e4lter"},"content":{"rendered":"<p>Automatisches Entl\u00fcftungsventil f\u00fcr Sandfilteranlagen<\/p>\n<p> Dieses automatische Entl\u00fcftungsventil f\u00fcr Sandfilteranlagen ist ein hochwertiges und langlebiges Ersatzteil f\u00fcr Filterbeh\u00e4lter.<br \/>\n Anschluss: 2&#8220;.<\/p>\n<p> Filterbeh\u00e4lter<br \/>\n Die Sauberkeit des Poolwassers kann durch dessen kontinuierliche Zirkulation und Filtration aufrechterhalten werden. In stehendem Wasser, das der Sonne ausgesetzt ist, k\u00f6nnen sich leicht Algen und andere Verunreinigungen vermehren, die nicht nur das Aussehen des Wassers beeintr\u00e4chtigen, sondern auch ein Gesundheitsrisiko f\u00fcr Badeg\u00e4ste darstellen k\u00f6nnen.<br \/>\n Der Filterbeh\u00e4lter kann mithilfe der Zirkulationsanlage selbst feinste Verunreinigungen aus dem Wasser filtern, die im Filtermedium zur\u00fcckgehalten werden.<\/p>\n","protected":false},"excerpt":{"rendered":"<p>Automatisches Entl\u00fcftungsventil f\u00fcr Sandfilteranlagen Dieses automatische Entl\u00fcftungsventil f\u00fcr Sandfilteranlagen ist ein hochwertiges und langlebiges Ersatzteil f\u00fcr Filterbeh\u00e4lter. Anschluss: 2&#8220;. Filterbeh\u00e4lter Die Sauberkeit des Poolwassers kann durch dessen kontinuierliche Zirkulation und Filtration aufrechterhalten werden. In stehendem Wasser, das der Sonne ausgesetzt ist, k\u00f6nnen sich leicht Algen und andere Verunreinigungen vermehren, die nicht nur das Aussehen des &hellip;<\/p>\n<p class=\"read-more\"> <a class=\" thunk-readmore button \" href=\"https:\/\/pool-house.shop\/de\/product\/automatisches-entlueftungsventil-2-fuer-filterbehaelter\/\"> <span class=\"screen-reader-text\">Automatisches Entl\u00fcftungsventil 2&#8243; f\u00fcr Filterbeh\u00e4lter<\/span>Weiterlesen<\/a><\/p>\n","protected":false},"featured_media":6833,"template":"","meta":[],"product_brand":[],"product_cat":[353,354],"product_tag":[],"class_list":{"0":"post-6831","1":"product","2":"type-product","3":"status-publish","4":"has-post-thumbnail","6":"product_cat-filteranlagen","7":"product_cat-zubehor_filteranlagen","8":"thunk-woo-product-list","9":"open-woo-hover-none","10":"open-single-product-tab-horizontal","11":"open-shadow-","12":"open-shadow-hover-","14":"first","15":"instock","16":"taxable","17":"shipping-taxable","18":"purchasable","19":"product-type-simple"},"yoast_head":"<!-- This site is optimized with the Yoast SEO plugin v26.9 - https:\/\/yoast.com\/product\/yoast-seo-wordpress\/ -->\n<title>Automatisches Entl\u00fcftungsventil 2&quot; f\u00fcr Filterbeh\u00e4lter - Pool-House<\/title>\n<meta name=\"robots\" content=\"index, follow, max-snippet:-1, max-image-preview:large, max-video-preview:-1\" \/>\n<link rel=\"canonical\" href=\"https:\/\/pool-house.shop\/de\/product\/automatisches-entlueftungsventil-2-fuer-filterbehaelter\/\" \/>\n<meta property=\"og:locale\" content=\"de_DE\" \/>\n<meta property=\"og:type\" content=\"article\" \/>\n<meta property=\"og:title\" content=\"Automatisches Entl\u00fcftungsventil 2&quot; f\u00fcr Filterbeh\u00e4lter - Pool-House\" \/>\n<meta property=\"og:description\" content=\"Automatisches Entl\u00fcftungsventil f\u00fcr Sandfilteranlagen Dieses automatische Entl\u00fcftungsventil f\u00fcr Sandfilteranlagen ist ein hochwertiges und langlebiges Ersatzteil f\u00fcr Filterbeh\u00e4lter. Anschluss: 2&#8220;. Filterbeh\u00e4lter Die Sauberkeit des Poolwassers kann durch dessen kontinuierliche Zirkulation und Filtration aufrechterhalten werden. In stehendem Wasser, das der Sonne ausgesetzt ist, k\u00f6nnen sich leicht Algen und andere Verunreinigungen vermehren, die nicht nur das Aussehen des &hellip; Automatisches Entl\u00fcftungsventil 2&#8243; f\u00fcr Filterbeh\u00e4lterWeiterlesen\" \/>\n<meta property=\"og:url\" content=\"https:\/\/pool-house.shop\/de\/product\/automatisches-entlueftungsventil-2-fuer-filterbehaelter\/\" \/>\n<meta property=\"og:site_name\" content=\"Pool-House\" \/>\n<meta property=\"article:publisher\" content=\"https:\/\/www.facebook.com\/termodomsk\/\" \/>\n<meta property=\"article:modified_time\" content=\"2026-02-05T11:59:52+00:00\" \/>\n<meta property=\"og:image\" content=\"https:\/\/pool-house.shop\/wp-content\/uploads\/2025\/03\/031006.png\" \/>\n\t<meta property=\"og:image:width\" content=\"1000\" \/>\n\t<meta property=\"og:image:height\" content=\"797\" \/>\n\t<meta property=\"og:image:type\" content=\"image\/png\" \/>\n<meta name=\"twitter:card\" content=\"summary_large_image\" \/>\n<script type=\"application\/ld+json\" class=\"yoast-schema-graph\">{\"@context\":\"https:\/\/schema.org\",\"@graph\":[{\"@type\":\"WebPage\",\"@id\":\"https:\/\/pool-house.shop\/de\/product\/automatisches-entlueftungsventil-2-fuer-filterbehaelter\/\",\"url\":\"https:\/\/pool-house.shop\/de\/product\/automatisches-entlueftungsventil-2-fuer-filterbehaelter\/\",\"name\":\"Automatisches Entl\u00fcftungsventil 2\\\" f\u00fcr Filterbeh\u00e4lter - Pool-House\",\"isPartOf\":{\"@id\":\"https:\/\/pool-house.shop\/de\/#website\"},\"primaryImageOfPage\":{\"@id\":\"https:\/\/pool-house.shop\/de\/product\/automatisches-entlueftungsventil-2-fuer-filterbehaelter\/#primaryimage\"},\"image\":{\"@id\":\"https:\/\/pool-house.shop\/de\/product\/automatisches-entlueftungsventil-2-fuer-filterbehaelter\/#primaryimage\"},\"thumbnailUrl\":\"https:\/\/pool-house.shop\/wp-content\/uploads\/2025\/03\/031006.png\",\"datePublished\":\"2025-03-03T14:18:10+00:00\",\"dateModified\":\"2026-02-05T11:59:52+00:00\",\"breadcrumb\":{\"@id\":\"https:\/\/pool-house.shop\/de\/product\/automatisches-entlueftungsventil-2-fuer-filterbehaelter\/#breadcrumb\"},\"inLanguage\":\"de\",\"potentialAction\":[{\"@type\":\"ReadAction\",\"target\":[\"https:\/\/pool-house.shop\/de\/product\/automatisches-entlueftungsventil-2-fuer-filterbehaelter\/\"]}]},{\"@type\":\"ImageObject\",\"inLanguage\":\"de\",\"@id\":\"https:\/\/pool-house.shop\/de\/product\/automatisches-entlueftungsventil-2-fuer-filterbehaelter\/#primaryimage\",\"url\":\"https:\/\/pool-house.shop\/wp-content\/uploads\/2025\/03\/031006.png\",\"contentUrl\":\"https:\/\/pool-house.shop\/wp-content\/uploads\/2025\/03\/031006.png\",\"width\":1000,\"height\":797},{\"@type\":\"BreadcrumbList\",\"@id\":\"https:\/\/pool-house.shop\/de\/product\/automatisches-entlueftungsventil-2-fuer-filterbehaelter\/#breadcrumb\",\"itemListElement\":[{\"@type\":\"ListItem\",\"position\":1,\"name\":\"Domovsk\u00e1 str\u00e1nka\",\"item\":\"https:\/\/pool-house.shop\/de\/\"},{\"@type\":\"ListItem\",\"position\":2,\"name\":\"Shop\",\"item\":\"https:\/\/pool-house.shop\/de\/shop\/\"},{\"@type\":\"ListItem\",\"position\":3,\"name\":\"Automatisches Entl\u00fcftungsventil 2&#8243; f\u00fcr Filterbeh\u00e4lter\"}]},{\"@type\":\"WebSite\",\"@id\":\"https:\/\/pool-house.shop\/de\/#website\",\"url\":\"https:\/\/pool-house.shop\/de\/\",\"name\":\"Pool-House\",\"description\":\"\",\"publisher\":{\"@id\":\"https:\/\/pool-house.shop\/de\/#organization\"},\"potentialAction\":[{\"@type\":\"SearchAction\",\"target\":{\"@type\":\"EntryPoint\",\"urlTemplate\":\"https:\/\/pool-house.shop\/de\/?s={search_term_string}\"},\"query-input\":{\"@type\":\"PropertyValueSpecification\",\"valueRequired\":true,\"valueName\":\"search_term_string\"}}],\"inLanguage\":\"de\"},{\"@type\":\"Organization\",\"@id\":\"https:\/\/pool-house.shop\/de\/#organization\",\"name\":\"Pool-House\",\"url\":\"https:\/\/pool-house.shop\/de\/\",\"logo\":{\"@type\":\"ImageObject\",\"inLanguage\":\"de\",\"@id\":\"https:\/\/pool-house.shop\/de\/#\/schema\/logo\/image\/\",\"url\":\"https:\/\/pool-house.shop\/wp-content\/uploads\/2025\/10\/logo-2-stvorec-mobil-modre.png\",\"contentUrl\":\"https:\/\/pool-house.shop\/wp-content\/uploads\/2025\/10\/logo-2-stvorec-mobil-modre.png\",\"width\":273,\"height\":189,\"caption\":\"Pool-House\"},\"image\":{\"@id\":\"https:\/\/pool-house.shop\/de\/#\/schema\/logo\/image\/\"},\"sameAs\":[\"https:\/\/www.facebook.com\/termodomsk\/\"]}]}<\/script>\n<!-- \/ Yoast SEO plugin. -->","yoast_head_json":{"title":"Automatisches Entl\u00fcftungsventil 2\" f\u00fcr Filterbeh\u00e4lter - Pool-House","robots":{"index":"index","follow":"follow","max-snippet":"max-snippet:-1","max-image-preview":"max-image-preview:large","max-video-preview":"max-video-preview:-1"},"canonical":"https:\/\/pool-house.shop\/de\/product\/automatisches-entlueftungsventil-2-fuer-filterbehaelter\/","og_locale":"de_DE","og_type":"article","og_title":"Automatisches Entl\u00fcftungsventil 2\" f\u00fcr Filterbeh\u00e4lter - Pool-House","og_description":"Automatisches Entl\u00fcftungsventil f\u00fcr Sandfilteranlagen Dieses automatische Entl\u00fcftungsventil f\u00fcr Sandfilteranlagen ist ein hochwertiges und langlebiges Ersatzteil f\u00fcr Filterbeh\u00e4lter. Anschluss: 2&#8220;. Filterbeh\u00e4lter Die Sauberkeit des Poolwassers kann durch dessen kontinuierliche Zirkulation und Filtration aufrechterhalten werden. In stehendem Wasser, das der Sonne ausgesetzt ist, k\u00f6nnen sich leicht Algen und andere Verunreinigungen vermehren, die nicht nur das Aussehen des &hellip; Automatisches Entl\u00fcftungsventil 2&#8243; f\u00fcr Filterbeh\u00e4lterWeiterlesen","og_url":"https:\/\/pool-house.shop\/de\/product\/automatisches-entlueftungsventil-2-fuer-filterbehaelter\/","og_site_name":"Pool-House","article_publisher":"https:\/\/www.facebook.com\/termodomsk\/","article_modified_time":"2026-02-05T11:59:52+00:00","og_image":[{"width":1000,"height":797,"url":"https:\/\/pool-house.shop\/wp-content\/uploads\/2025\/03\/031006.png","type":"image\/png"}],"twitter_card":"summary_large_image","schema":{"@context":"https:\/\/schema.org","@graph":[{"@type":"WebPage","@id":"https:\/\/pool-house.shop\/de\/product\/automatisches-entlueftungsventil-2-fuer-filterbehaelter\/","url":"https:\/\/pool-house.shop\/de\/product\/automatisches-entlueftungsventil-2-fuer-filterbehaelter\/","name":"Automatisches Entl\u00fcftungsventil 2\" f\u00fcr Filterbeh\u00e4lter - Pool-House","isPartOf":{"@id":"https:\/\/pool-house.shop\/de\/#website"},"primaryImageOfPage":{"@id":"https:\/\/pool-house.shop\/de\/product\/automatisches-entlueftungsventil-2-fuer-filterbehaelter\/#primaryimage"},"image":{"@id":"https:\/\/pool-house.shop\/de\/product\/automatisches-entlueftungsventil-2-fuer-filterbehaelter\/#primaryimage"},"thumbnailUrl":"https:\/\/pool-house.shop\/wp-content\/uploads\/2025\/03\/031006.png","datePublished":"2025-03-03T14:18:10+00:00","dateModified":"2026-02-05T11:59:52+00:00","breadcrumb":{"@id":"https:\/\/pool-house.shop\/de\/product\/automatisches-entlueftungsventil-2-fuer-filterbehaelter\/#breadcrumb"},"inLanguage":"de","potentialAction":[{"@type":"ReadAction","target":["https:\/\/pool-house.shop\/de\/product\/automatisches-entlueftungsventil-2-fuer-filterbehaelter\/"]}]},{"@type":"ImageObject","inLanguage":"de","@id":"https:\/\/pool-house.shop\/de\/product\/automatisches-entlueftungsventil-2-fuer-filterbehaelter\/#primaryimage","url":"https:\/\/pool-house.shop\/wp-content\/uploads\/2025\/03\/031006.png","contentUrl":"https:\/\/pool-house.shop\/wp-content\/uploads\/2025\/03\/031006.png","width":1000,"height":797},{"@type":"BreadcrumbList","@id":"https:\/\/pool-house.shop\/de\/product\/automatisches-entlueftungsventil-2-fuer-filterbehaelter\/#breadcrumb","itemListElement":[{"@type":"ListItem","position":1,"name":"Domovsk\u00e1 str\u00e1nka","item":"https:\/\/pool-house.shop\/de\/"},{"@type":"ListItem","position":2,"name":"Shop","item":"https:\/\/pool-house.shop\/de\/shop\/"},{"@type":"ListItem","position":3,"name":"Automatisches Entl\u00fcftungsventil 2&#8243; f\u00fcr Filterbeh\u00e4lter"}]},{"@type":"WebSite","@id":"https:\/\/pool-house.shop\/de\/#website","url":"https:\/\/pool-house.shop\/de\/","name":"Pool-House","description":"","publisher":{"@id":"https:\/\/pool-house.shop\/de\/#organization"},"potentialAction":[{"@type":"SearchAction","target":{"@type":"EntryPoint","urlTemplate":"https:\/\/pool-house.shop\/de\/?s={search_term_string}"},"query-input":{"@type":"PropertyValueSpecification","valueRequired":true,"valueName":"search_term_string"}}],"inLanguage":"de"},{"@type":"Organization","@id":"https:\/\/pool-house.shop\/de\/#organization","name":"Pool-House","url":"https:\/\/pool-house.shop\/de\/","logo":{"@type":"ImageObject","inLanguage":"de","@id":"https:\/\/pool-house.shop\/de\/#\/schema\/logo\/image\/","url":"https:\/\/pool-house.shop\/wp-content\/uploads\/2025\/10\/logo-2-stvorec-mobil-modre.png","contentUrl":"https:\/\/pool-house.shop\/wp-content\/uploads\/2025\/10\/logo-2-stvorec-mobil-modre.png","width":273,"height":189,"caption":"Pool-House"},"image":{"@id":"https:\/\/pool-house.shop\/de\/#\/schema\/logo\/image\/"},"sameAs":["https:\/\/www.facebook.com\/termodomsk\/"]}]}},"_links":{"self":[{"href":"https:\/\/pool-house.shop\/de\/wp-json\/wp\/v2\/product\/6831","targetHints":{"allow":["GET"]}}],"collection":[{"href":"https:\/\/pool-house.shop\/de\/wp-json\/wp\/v2\/product"}],"about":[{"href":"https:\/\/pool-house.shop\/de\/wp-json\/wp\/v2\/types\/product"}],"wp:featuredmedia":[{"embeddable":true,"href":"https:\/\/pool-house.shop\/de\/wp-json\/wp\/v2\/media\/6833"}],"wp:attachment":[{"href":"https:\/\/pool-house.shop\/de\/wp-json\/wp\/v2\/media?parent=6831"}],"wp:term":[{"taxonomy":"product_brand","embeddable":true,"href":"https:\/\/pool-house.shop\/de\/wp-json\/wp\/v2\/product_brand?post=6831"},{"taxonomy":"product_cat","embeddable":true,"href":"https:\/\/pool-house.shop\/de\/wp-json\/wp\/v2\/product_cat?post=6831"},{"taxonomy":"product_tag","embeddable":true,"href":"https:\/\/pool-house.shop\/de\/wp-json\/wp\/v2\/product_tag?post=6831"}],"curies":[{"name":"wp","href":"https:\/\/api.w.org\/{rel}","templated":true}]}}