{"id":6838,"date":"2025-03-03T15:18:03","date_gmt":"2025-03-03T14:18:03","guid":{"rendered":"https:\/\/pool-house.shop\/product\/basic-o450mm-top-1-1-2\/"},"modified":"2025-03-03T15:18:03","modified_gmt":"2025-03-03T14:18:03","slug":"basic-o450mm-top-1-1-2","status":"publish","type":"product","link":"https:\/\/pool-house.shop\/de\/product\/basic-o450mm-top-1-1-2\/","title":{"rendered":"Basic \u00d8450mm Top 1 1\/2&#8243;"},"content":{"rendered":"<p>Filterbeh\u00e4lter Basic<\/p>\n<p> Hochwertiger Beh\u00e4lter aus korrosionsbest\u00e4ndigem HDPE-Kunststoff. Gro\u00dfe Ablass\u00f6ffnung f\u00fcr einfache Wartung und \u00dcberwinterung.<br \/>\n Der Beh\u00e4lter ist mit einem TOP 4-Wege- oder 6-Wege-Steuerventil ausgestattet, das mit einer<br \/>\n Schelle befestigt wird. Dank des um 360 Grad drehbaren Steuerventils l\u00e4sst sich der Basic Filterbeh\u00e4lter einfach an privaten Pools installieren.<x id=\"gid_4\"><\/x> <x id=\"gid_5\"><\/x> Filterbeh\u00e4lter<x id=\"gid_6\"><\/x> Die Sauberkeit des Poolwassers kann durch dessen kontinuierliche Zirkulation und Filtration aufrechterhalten werden. In stehendem Wasser, das der Sonne ausgesetzt ist, k\u00f6nnen sich Algen und andere Verunreinigungen leicht vermehren, die nicht nur das Aussehen des Wassers beeintr\u00e4chtigen, sondern auch ein Gesundheitsrisiko f\u00fcr Badende darstellen k\u00f6nnen.<br \/>\n Der Filterbeh\u00e4lter kann mithilfe einer Zirkulationsanlage selbst feinste Verunreinigungen aus dem Wasser filtern, die im Filtermedium zur\u00fcckgehalten werden.<\/p>\n","protected":false},"excerpt":{"rendered":"<p>Filterbeh\u00e4lter Basic Hochwertiger Beh\u00e4lter aus korrosionsbest\u00e4ndigem HDPE-Kunststoff. Gro\u00dfe Ablass\u00f6ffnung f\u00fcr einfache Wartung und \u00dcberwinterung. Der Beh\u00e4lter ist mit einem TOP 4-Wege- oder 6-Wege-Steuerventil ausgestattet, das mit einer Schelle befestigt wird. Dank des um 360 Grad drehbaren Steuerventils l\u00e4sst sich der Basic Filterbeh\u00e4lter einfach an privaten Pools installieren. Filterbeh\u00e4lter Die Sauberkeit des Poolwassers kann durch dessen &hellip;<\/p>\n<p class=\"read-more\"> <a class=\" thunk-readmore button \" href=\"https:\/\/pool-house.shop\/de\/product\/basic-o450mm-top-1-1-2\/\"> <span class=\"screen-reader-text\">Basic \u00d8450mm Top 1 1\/2&#8243;<\/span>Weiterlesen<\/a><\/p>\n","protected":false},"featured_media":6840,"template":"","meta":[],"product_brand":[],"product_cat":[353,249],"product_tag":[],"class_list":{"0":"post-6838","1":"product","2":"type-product","3":"status-publish","4":"has-post-thumbnail","6":"product_cat-filteranlagen","7":"product_cat-filterkessel","8":"thunk-woo-product-list","9":"open-woo-hover-none","10":"open-single-product-tab-horizontal","11":"open-shadow-","12":"open-shadow-hover-","14":"first","15":"instock","16":"taxable","17":"shipping-taxable","18":"purchasable","19":"product-type-simple"},"yoast_head":"<!-- This site is optimized with the Yoast SEO plugin v26.9 - https:\/\/yoast.com\/product\/yoast-seo-wordpress\/ -->\n<title>Basic \u00d8450mm Top 1 1\/2&quot; - Pool-House<\/title>\n<meta name=\"robots\" content=\"index, follow, max-snippet:-1, max-image-preview:large, max-video-preview:-1\" \/>\n<link rel=\"canonical\" href=\"https:\/\/pool-house.shop\/de\/product\/basic-o450mm-top-1-1-2\/\" \/>\n<meta property=\"og:locale\" content=\"de_DE\" \/>\n<meta property=\"og:type\" content=\"article\" \/>\n<meta property=\"og:title\" content=\"Basic \u00d8450mm Top 1 1\/2&quot; - Pool-House\" \/>\n<meta property=\"og:description\" content=\"Filterbeh\u00e4lter Basic Hochwertiger Beh\u00e4lter aus korrosionsbest\u00e4ndigem HDPE-Kunststoff. Gro\u00dfe Ablass\u00f6ffnung f\u00fcr einfache Wartung und \u00dcberwinterung. Der Beh\u00e4lter ist mit einem TOP 4-Wege- oder 6-Wege-Steuerventil ausgestattet, das mit einer Schelle befestigt wird. Dank des um 360 Grad drehbaren Steuerventils l\u00e4sst sich der Basic Filterbeh\u00e4lter einfach an privaten Pools installieren. Filterbeh\u00e4lter Die Sauberkeit des Poolwassers kann durch dessen &hellip; Basic \u00d8450mm Top 1 1\/2&#8243;Weiterlesen\" \/>\n<meta property=\"og:url\" content=\"https:\/\/pool-house.shop\/de\/product\/basic-o450mm-top-1-1-2\/\" \/>\n<meta property=\"og:site_name\" content=\"Pool-House\" \/>\n<meta property=\"article:publisher\" content=\"https:\/\/www.facebook.com\/termodomsk\/\" \/>\n<meta property=\"og:image\" content=\"https:\/\/pool-house.shop\/wp-content\/uploads\/2025\/03\/030045.png\" \/>\n\t<meta property=\"og:image:width\" content=\"1000\" \/>\n\t<meta property=\"og:image:height\" content=\"1000\" \/>\n\t<meta property=\"og:image:type\" content=\"image\/png\" \/>\n<meta name=\"twitter:card\" content=\"summary_large_image\" \/>\n<meta name=\"twitter:label1\" content=\"Gesch\u00e4tzte Lesezeit\" \/>\n\t<meta name=\"twitter:data1\" content=\"1\u00a0Minute\" \/>\n<script type=\"application\/ld+json\" class=\"yoast-schema-graph\">{\"@context\":\"https:\/\/schema.org\",\"@graph\":[{\"@type\":\"WebPage\",\"@id\":\"https:\/\/pool-house.shop\/de\/product\/basic-o450mm-top-1-1-2\/\",\"url\":\"https:\/\/pool-house.shop\/de\/product\/basic-o450mm-top-1-1-2\/\",\"name\":\"Basic \u00d8450mm Top 1 1\/2\\\" - Pool-House\",\"isPartOf\":{\"@id\":\"https:\/\/pool-house.shop\/de\/#website\"},\"primaryImageOfPage\":{\"@id\":\"https:\/\/pool-house.shop\/de\/product\/basic-o450mm-top-1-1-2\/#primaryimage\"},\"image\":{\"@id\":\"https:\/\/pool-house.shop\/de\/product\/basic-o450mm-top-1-1-2\/#primaryimage\"},\"thumbnailUrl\":\"https:\/\/pool-house.shop\/wp-content\/uploads\/2025\/03\/030045.png\",\"datePublished\":\"2025-03-03T14:18:03+00:00\",\"breadcrumb\":{\"@id\":\"https:\/\/pool-house.shop\/de\/product\/basic-o450mm-top-1-1-2\/#breadcrumb\"},\"inLanguage\":\"de\",\"potentialAction\":[{\"@type\":\"ReadAction\",\"target\":[\"https:\/\/pool-house.shop\/de\/product\/basic-o450mm-top-1-1-2\/\"]}]},{\"@type\":\"ImageObject\",\"inLanguage\":\"de\",\"@id\":\"https:\/\/pool-house.shop\/de\/product\/basic-o450mm-top-1-1-2\/#primaryimage\",\"url\":\"https:\/\/pool-house.shop\/wp-content\/uploads\/2025\/03\/030045.png\",\"contentUrl\":\"https:\/\/pool-house.shop\/wp-content\/uploads\/2025\/03\/030045.png\",\"width\":1000,\"height\":1000},{\"@type\":\"BreadcrumbList\",\"@id\":\"https:\/\/pool-house.shop\/de\/product\/basic-o450mm-top-1-1-2\/#breadcrumb\",\"itemListElement\":[{\"@type\":\"ListItem\",\"position\":1,\"name\":\"Domovsk\u00e1 str\u00e1nka\",\"item\":\"https:\/\/pool-house.shop\/de\/\"},{\"@type\":\"ListItem\",\"position\":2,\"name\":\"Shop\",\"item\":\"https:\/\/pool-house.shop\/de\/shop\/\"},{\"@type\":\"ListItem\",\"position\":3,\"name\":\"Basic \u00d8450mm Top 1 1\/2&#8243;\"}]},{\"@type\":\"WebSite\",\"@id\":\"https:\/\/pool-house.shop\/de\/#website\",\"url\":\"https:\/\/pool-house.shop\/de\/\",\"name\":\"Pool-House\",\"description\":\"\",\"publisher\":{\"@id\":\"https:\/\/pool-house.shop\/de\/#organization\"},\"potentialAction\":[{\"@type\":\"SearchAction\",\"target\":{\"@type\":\"EntryPoint\",\"urlTemplate\":\"https:\/\/pool-house.shop\/de\/?s={search_term_string}\"},\"query-input\":{\"@type\":\"PropertyValueSpecification\",\"valueRequired\":true,\"valueName\":\"search_term_string\"}}],\"inLanguage\":\"de\"},{\"@type\":\"Organization\",\"@id\":\"https:\/\/pool-house.shop\/de\/#organization\",\"name\":\"Pool-House\",\"url\":\"https:\/\/pool-house.shop\/de\/\",\"logo\":{\"@type\":\"ImageObject\",\"inLanguage\":\"de\",\"@id\":\"https:\/\/pool-house.shop\/de\/#\/schema\/logo\/image\/\",\"url\":\"https:\/\/pool-house.shop\/wp-content\/uploads\/2025\/10\/logo-2-stvorec-mobil-modre.png\",\"contentUrl\":\"https:\/\/pool-house.shop\/wp-content\/uploads\/2025\/10\/logo-2-stvorec-mobil-modre.png\",\"width\":273,\"height\":189,\"caption\":\"Pool-House\"},\"image\":{\"@id\":\"https:\/\/pool-house.shop\/de\/#\/schema\/logo\/image\/\"},\"sameAs\":[\"https:\/\/www.facebook.com\/termodomsk\/\"]}]}<\/script>\n<!-- \/ Yoast SEO plugin. -->","yoast_head_json":{"title":"Basic \u00d8450mm Top 1 1\/2\" - Pool-House","robots":{"index":"index","follow":"follow","max-snippet":"max-snippet:-1","max-image-preview":"max-image-preview:large","max-video-preview":"max-video-preview:-1"},"canonical":"https:\/\/pool-house.shop\/de\/product\/basic-o450mm-top-1-1-2\/","og_locale":"de_DE","og_type":"article","og_title":"Basic \u00d8450mm Top 1 1\/2\" - Pool-House","og_description":"Filterbeh\u00e4lter Basic Hochwertiger Beh\u00e4lter aus korrosionsbest\u00e4ndigem HDPE-Kunststoff. Gro\u00dfe Ablass\u00f6ffnung f\u00fcr einfache Wartung und \u00dcberwinterung. Der Beh\u00e4lter ist mit einem TOP 4-Wege- oder 6-Wege-Steuerventil ausgestattet, das mit einer Schelle befestigt wird. Dank des um 360 Grad drehbaren Steuerventils l\u00e4sst sich der Basic Filterbeh\u00e4lter einfach an privaten Pools installieren. Filterbeh\u00e4lter Die Sauberkeit des Poolwassers kann durch dessen &hellip; Basic \u00d8450mm Top 1 1\/2&#8243;Weiterlesen","og_url":"https:\/\/pool-house.shop\/de\/product\/basic-o450mm-top-1-1-2\/","og_site_name":"Pool-House","article_publisher":"https:\/\/www.facebook.com\/termodomsk\/","og_image":[{"width":1000,"height":1000,"url":"https:\/\/pool-house.shop\/wp-content\/uploads\/2025\/03\/030045.png","type":"image\/png"}],"twitter_card":"summary_large_image","twitter_misc":{"Gesch\u00e4tzte Lesezeit":"1\u00a0Minute"},"schema":{"@context":"https:\/\/schema.org","@graph":[{"@type":"WebPage","@id":"https:\/\/pool-house.shop\/de\/product\/basic-o450mm-top-1-1-2\/","url":"https:\/\/pool-house.shop\/de\/product\/basic-o450mm-top-1-1-2\/","name":"Basic \u00d8450mm Top 1 1\/2\" - Pool-House","isPartOf":{"@id":"https:\/\/pool-house.shop\/de\/#website"},"primaryImageOfPage":{"@id":"https:\/\/pool-house.shop\/de\/product\/basic-o450mm-top-1-1-2\/#primaryimage"},"image":{"@id":"https:\/\/pool-house.shop\/de\/product\/basic-o450mm-top-1-1-2\/#primaryimage"},"thumbnailUrl":"https:\/\/pool-house.shop\/wp-content\/uploads\/2025\/03\/030045.png","datePublished":"2025-03-03T14:18:03+00:00","breadcrumb":{"@id":"https:\/\/pool-house.shop\/de\/product\/basic-o450mm-top-1-1-2\/#breadcrumb"},"inLanguage":"de","potentialAction":[{"@type":"ReadAction","target":["https:\/\/pool-house.shop\/de\/product\/basic-o450mm-top-1-1-2\/"]}]},{"@type":"ImageObject","inLanguage":"de","@id":"https:\/\/pool-house.shop\/de\/product\/basic-o450mm-top-1-1-2\/#primaryimage","url":"https:\/\/pool-house.shop\/wp-content\/uploads\/2025\/03\/030045.png","contentUrl":"https:\/\/pool-house.shop\/wp-content\/uploads\/2025\/03\/030045.png","width":1000,"height":1000},{"@type":"BreadcrumbList","@id":"https:\/\/pool-house.shop\/de\/product\/basic-o450mm-top-1-1-2\/#breadcrumb","itemListElement":[{"@type":"ListItem","position":1,"name":"Domovsk\u00e1 str\u00e1nka","item":"https:\/\/pool-house.shop\/de\/"},{"@type":"ListItem","position":2,"name":"Shop","item":"https:\/\/pool-house.shop\/de\/shop\/"},{"@type":"ListItem","position":3,"name":"Basic \u00d8450mm Top 1 1\/2&#8243;"}]},{"@type":"WebSite","@id":"https:\/\/pool-house.shop\/de\/#website","url":"https:\/\/pool-house.shop\/de\/","name":"Pool-House","description":"","publisher":{"@id":"https:\/\/pool-house.shop\/de\/#organization"},"potentialAction":[{"@type":"SearchAction","target":{"@type":"EntryPoint","urlTemplate":"https:\/\/pool-house.shop\/de\/?s={search_term_string}"},"query-input":{"@type":"PropertyValueSpecification","valueRequired":true,"valueName":"search_term_string"}}],"inLanguage":"de"},{"@type":"Organization","@id":"https:\/\/pool-house.shop\/de\/#organization","name":"Pool-House","url":"https:\/\/pool-house.shop\/de\/","logo":{"@type":"ImageObject","inLanguage":"de","@id":"https:\/\/pool-house.shop\/de\/#\/schema\/logo\/image\/","url":"https:\/\/pool-house.shop\/wp-content\/uploads\/2025\/10\/logo-2-stvorec-mobil-modre.png","contentUrl":"https:\/\/pool-house.shop\/wp-content\/uploads\/2025\/10\/logo-2-stvorec-mobil-modre.png","width":273,"height":189,"caption":"Pool-House"},"image":{"@id":"https:\/\/pool-house.shop\/de\/#\/schema\/logo\/image\/"},"sameAs":["https:\/\/www.facebook.com\/termodomsk\/"]}]}},"_links":{"self":[{"href":"https:\/\/pool-house.shop\/de\/wp-json\/wp\/v2\/product\/6838","targetHints":{"allow":["GET"]}}],"collection":[{"href":"https:\/\/pool-house.shop\/de\/wp-json\/wp\/v2\/product"}],"about":[{"href":"https:\/\/pool-house.shop\/de\/wp-json\/wp\/v2\/types\/product"}],"wp:featuredmedia":[{"embeddable":true,"href":"https:\/\/pool-house.shop\/de\/wp-json\/wp\/v2\/media\/6840"}],"wp:attachment":[{"href":"https:\/\/pool-house.shop\/de\/wp-json\/wp\/v2\/media?parent=6838"}],"wp:term":[{"taxonomy":"product_brand","embeddable":true,"href":"https:\/\/pool-house.shop\/de\/wp-json\/wp\/v2\/product_brand?post=6838"},{"taxonomy":"product_cat","embeddable":true,"href":"https:\/\/pool-house.shop\/de\/wp-json\/wp\/v2\/product_cat?post=6838"},{"taxonomy":"product_tag","embeddable":true,"href":"https:\/\/pool-house.shop\/de\/wp-json\/wp\/v2\/product_tag?post=6838"}],"curies":[{"name":"wp","href":"https:\/\/api.w.org\/{rel}","templated":true}]}}