{"id":6846,"date":"2025-03-03T15:17:58","date_gmt":"2025-03-03T14:17:58","guid":{"rendered":"https:\/\/pool-house.shop\/product\/sechswege-steuerventil-side-1-1-2-basic\/"},"modified":"2025-03-03T15:17:58","modified_gmt":"2025-03-03T14:17:58","slug":"sechswege-steuerventil-side-1-1-2-basic","status":"publish","type":"product","link":"https:\/\/pool-house.shop\/de\/product\/sechswege-steuerventil-side-1-1-2-basic\/","title":{"rendered":"Sechswege-Steuerventil SIDE 1 1\/2&#8243; Basic"},"content":{"rendered":"<p>Steuerventil \u2013 f\u00fcr Basic-Filterung<\/p>\n<p> Dieses 6-Wege-Steuerventil f\u00fcr den Basic-Filterbeh\u00e4lter (SIDE) ist ein hochwertiges und langlebiges Ersatzteil f\u00fcr den Filterbeh\u00e4lter.<br \/>\n Anschluss: 1 1\/2&#8243;.<\/p>\n<p> Steuerventil<br \/>\n Es handelt sich um ein Ersatzteil f\u00fcr den Filterbeh\u00e4lter. Seine Aufgabe ist es, die Richtung des Wasserflusses zu regulieren, wodurch die Filterfunktion bestimmt wird.<\/p>\n<p> Die Ventilpositionen k\u00f6nnen wie folgt sein:<br \/>\n &#8211; Filtration,<br \/>\n &#8211; R\u00fccksp\u00fclung,<br \/>\n &#8211; Sp\u00fclung,<br \/>\n &#8211; Entleerung,<br \/>\n &#8211; Zirkulation,<br \/>\n &#8211; Geschlossen.<\/p>\n<p> Es ist wichtig, die Position des Steuerventils nur bei ausgeschalteter Pumpe zu \u00e4ndern.<\/p>\n","protected":false},"excerpt":{"rendered":"<p>Steuerventil \u2013 f\u00fcr Basic-Filterung Dieses 6-Wege-Steuerventil f\u00fcr den Basic-Filterbeh\u00e4lter (SIDE) ist ein hochwertiges und langlebiges Ersatzteil f\u00fcr den Filterbeh\u00e4lter. Anschluss: 1 1\/2&#8243;. Steuerventil Es handelt sich um ein Ersatzteil f\u00fcr den Filterbeh\u00e4lter. Seine Aufgabe ist es, die Richtung des Wasserflusses zu regulieren, wodurch die Filterfunktion bestimmt wird. Die Ventilpositionen k\u00f6nnen wie folgt sein: &#8211; Filtration, &hellip;<\/p>\n<p class=\"read-more\"> <a class=\" thunk-readmore button \" href=\"https:\/\/pool-house.shop\/de\/product\/sechswege-steuerventil-side-1-1-2-basic\/\"> <span class=\"screen-reader-text\">Sechswege-Steuerventil SIDE 1 1\/2&#8243; Basic<\/span>Weiterlesen<\/a><\/p>\n","protected":false},"featured_media":6849,"template":"","meta":[],"product_brand":[],"product_cat":[353,250],"product_tag":[],"class_list":{"0":"post-6846","1":"product","2":"type-product","3":"status-publish","4":"has-post-thumbnail","6":"product_cat-filteranlagen","7":"product_cat-mehrwegeventile","8":"thunk-woo-product-list","9":"open-woo-hover-none","10":"open-single-product-tab-horizontal","11":"open-shadow-","12":"open-shadow-hover-","14":"first","15":"instock","16":"taxable","17":"shipping-taxable","18":"purchasable","19":"product-type-simple"},"yoast_head":"<!-- This site is optimized with the Yoast SEO plugin v26.9 - https:\/\/yoast.com\/product\/yoast-seo-wordpress\/ -->\n<title>Sechswege-Steuerventil SIDE 1 1\/2&quot; Basic - Pool-House<\/title>\n<meta name=\"robots\" content=\"index, follow, max-snippet:-1, max-image-preview:large, max-video-preview:-1\" \/>\n<link rel=\"canonical\" href=\"https:\/\/pool-house.shop\/de\/product\/sechswege-steuerventil-side-1-1-2-basic\/\" \/>\n<meta property=\"og:locale\" content=\"de_DE\" \/>\n<meta property=\"og:type\" content=\"article\" \/>\n<meta property=\"og:title\" content=\"Sechswege-Steuerventil SIDE 1 1\/2&quot; Basic - Pool-House\" \/>\n<meta property=\"og:description\" content=\"Steuerventil \u2013 f\u00fcr Basic-Filterung Dieses 6-Wege-Steuerventil f\u00fcr den Basic-Filterbeh\u00e4lter (SIDE) ist ein hochwertiges und langlebiges Ersatzteil f\u00fcr den Filterbeh\u00e4lter. Anschluss: 1 1\/2&#8243;. Steuerventil Es handelt sich um ein Ersatzteil f\u00fcr den Filterbeh\u00e4lter. Seine Aufgabe ist es, die Richtung des Wasserflusses zu regulieren, wodurch die Filterfunktion bestimmt wird. Die Ventilpositionen k\u00f6nnen wie folgt sein: &#8211; Filtration, &hellip; Sechswege-Steuerventil SIDE 1 1\/2&#8243; BasicWeiterlesen\" \/>\n<meta property=\"og:url\" content=\"https:\/\/pool-house.shop\/de\/product\/sechswege-steuerventil-side-1-1-2-basic\/\" \/>\n<meta property=\"og:site_name\" content=\"Pool-House\" \/>\n<meta property=\"article:publisher\" content=\"https:\/\/www.facebook.com\/termodomsk\/\" \/>\n<meta property=\"og:image\" content=\"https:\/\/pool-house.shop\/wp-content\/uploads\/2025\/03\/030028.png\" \/>\n\t<meta property=\"og:image:width\" content=\"650\" \/>\n\t<meta property=\"og:image:height\" content=\"1000\" \/>\n\t<meta property=\"og:image:type\" content=\"image\/png\" \/>\n<meta name=\"twitter:card\" content=\"summary_large_image\" \/>\n<script type=\"application\/ld+json\" class=\"yoast-schema-graph\">{\"@context\":\"https:\/\/schema.org\",\"@graph\":[{\"@type\":\"WebPage\",\"@id\":\"https:\/\/pool-house.shop\/de\/product\/sechswege-steuerventil-side-1-1-2-basic\/\",\"url\":\"https:\/\/pool-house.shop\/de\/product\/sechswege-steuerventil-side-1-1-2-basic\/\",\"name\":\"Sechswege-Steuerventil SIDE 1 1\/2\\\" Basic - Pool-House\",\"isPartOf\":{\"@id\":\"https:\/\/pool-house.shop\/de\/#website\"},\"primaryImageOfPage\":{\"@id\":\"https:\/\/pool-house.shop\/de\/product\/sechswege-steuerventil-side-1-1-2-basic\/#primaryimage\"},\"image\":{\"@id\":\"https:\/\/pool-house.shop\/de\/product\/sechswege-steuerventil-side-1-1-2-basic\/#primaryimage\"},\"thumbnailUrl\":\"https:\/\/pool-house.shop\/wp-content\/uploads\/2025\/03\/030028.png\",\"datePublished\":\"2025-03-03T14:17:58+00:00\",\"breadcrumb\":{\"@id\":\"https:\/\/pool-house.shop\/de\/product\/sechswege-steuerventil-side-1-1-2-basic\/#breadcrumb\"},\"inLanguage\":\"de\",\"potentialAction\":[{\"@type\":\"ReadAction\",\"target\":[\"https:\/\/pool-house.shop\/de\/product\/sechswege-steuerventil-side-1-1-2-basic\/\"]}]},{\"@type\":\"ImageObject\",\"inLanguage\":\"de\",\"@id\":\"https:\/\/pool-house.shop\/de\/product\/sechswege-steuerventil-side-1-1-2-basic\/#primaryimage\",\"url\":\"https:\/\/pool-house.shop\/wp-content\/uploads\/2025\/03\/030028.png\",\"contentUrl\":\"https:\/\/pool-house.shop\/wp-content\/uploads\/2025\/03\/030028.png\",\"width\":650,\"height\":1000},{\"@type\":\"BreadcrumbList\",\"@id\":\"https:\/\/pool-house.shop\/de\/product\/sechswege-steuerventil-side-1-1-2-basic\/#breadcrumb\",\"itemListElement\":[{\"@type\":\"ListItem\",\"position\":1,\"name\":\"Domovsk\u00e1 str\u00e1nka\",\"item\":\"https:\/\/pool-house.shop\/de\/\"},{\"@type\":\"ListItem\",\"position\":2,\"name\":\"Shop\",\"item\":\"https:\/\/pool-house.shop\/de\/shop\/\"},{\"@type\":\"ListItem\",\"position\":3,\"name\":\"Sechswege-Steuerventil SIDE 1 1\/2&#8243; Basic\"}]},{\"@type\":\"WebSite\",\"@id\":\"https:\/\/pool-house.shop\/de\/#website\",\"url\":\"https:\/\/pool-house.shop\/de\/\",\"name\":\"Pool-House\",\"description\":\"\",\"publisher\":{\"@id\":\"https:\/\/pool-house.shop\/de\/#organization\"},\"potentialAction\":[{\"@type\":\"SearchAction\",\"target\":{\"@type\":\"EntryPoint\",\"urlTemplate\":\"https:\/\/pool-house.shop\/de\/?s={search_term_string}\"},\"query-input\":{\"@type\":\"PropertyValueSpecification\",\"valueRequired\":true,\"valueName\":\"search_term_string\"}}],\"inLanguage\":\"de\"},{\"@type\":\"Organization\",\"@id\":\"https:\/\/pool-house.shop\/de\/#organization\",\"name\":\"Pool-House\",\"url\":\"https:\/\/pool-house.shop\/de\/\",\"logo\":{\"@type\":\"ImageObject\",\"inLanguage\":\"de\",\"@id\":\"https:\/\/pool-house.shop\/de\/#\/schema\/logo\/image\/\",\"url\":\"https:\/\/pool-house.shop\/wp-content\/uploads\/2025\/10\/logo-2-stvorec-mobil-modre.png\",\"contentUrl\":\"https:\/\/pool-house.shop\/wp-content\/uploads\/2025\/10\/logo-2-stvorec-mobil-modre.png\",\"width\":273,\"height\":189,\"caption\":\"Pool-House\"},\"image\":{\"@id\":\"https:\/\/pool-house.shop\/de\/#\/schema\/logo\/image\/\"},\"sameAs\":[\"https:\/\/www.facebook.com\/termodomsk\/\"]}]}<\/script>\n<!-- \/ Yoast SEO plugin. -->","yoast_head_json":{"title":"Sechswege-Steuerventil SIDE 1 1\/2\" Basic - Pool-House","robots":{"index":"index","follow":"follow","max-snippet":"max-snippet:-1","max-image-preview":"max-image-preview:large","max-video-preview":"max-video-preview:-1"},"canonical":"https:\/\/pool-house.shop\/de\/product\/sechswege-steuerventil-side-1-1-2-basic\/","og_locale":"de_DE","og_type":"article","og_title":"Sechswege-Steuerventil SIDE 1 1\/2\" Basic - Pool-House","og_description":"Steuerventil \u2013 f\u00fcr Basic-Filterung Dieses 6-Wege-Steuerventil f\u00fcr den Basic-Filterbeh\u00e4lter (SIDE) ist ein hochwertiges und langlebiges Ersatzteil f\u00fcr den Filterbeh\u00e4lter. Anschluss: 1 1\/2&#8243;. Steuerventil Es handelt sich um ein Ersatzteil f\u00fcr den Filterbeh\u00e4lter. Seine Aufgabe ist es, die Richtung des Wasserflusses zu regulieren, wodurch die Filterfunktion bestimmt wird. Die Ventilpositionen k\u00f6nnen wie folgt sein: &#8211; Filtration, &hellip; Sechswege-Steuerventil SIDE 1 1\/2&#8243; BasicWeiterlesen","og_url":"https:\/\/pool-house.shop\/de\/product\/sechswege-steuerventil-side-1-1-2-basic\/","og_site_name":"Pool-House","article_publisher":"https:\/\/www.facebook.com\/termodomsk\/","og_image":[{"width":650,"height":1000,"url":"https:\/\/pool-house.shop\/wp-content\/uploads\/2025\/03\/030028.png","type":"image\/png"}],"twitter_card":"summary_large_image","schema":{"@context":"https:\/\/schema.org","@graph":[{"@type":"WebPage","@id":"https:\/\/pool-house.shop\/de\/product\/sechswege-steuerventil-side-1-1-2-basic\/","url":"https:\/\/pool-house.shop\/de\/product\/sechswege-steuerventil-side-1-1-2-basic\/","name":"Sechswege-Steuerventil SIDE 1 1\/2\" Basic - Pool-House","isPartOf":{"@id":"https:\/\/pool-house.shop\/de\/#website"},"primaryImageOfPage":{"@id":"https:\/\/pool-house.shop\/de\/product\/sechswege-steuerventil-side-1-1-2-basic\/#primaryimage"},"image":{"@id":"https:\/\/pool-house.shop\/de\/product\/sechswege-steuerventil-side-1-1-2-basic\/#primaryimage"},"thumbnailUrl":"https:\/\/pool-house.shop\/wp-content\/uploads\/2025\/03\/030028.png","datePublished":"2025-03-03T14:17:58+00:00","breadcrumb":{"@id":"https:\/\/pool-house.shop\/de\/product\/sechswege-steuerventil-side-1-1-2-basic\/#breadcrumb"},"inLanguage":"de","potentialAction":[{"@type":"ReadAction","target":["https:\/\/pool-house.shop\/de\/product\/sechswege-steuerventil-side-1-1-2-basic\/"]}]},{"@type":"ImageObject","inLanguage":"de","@id":"https:\/\/pool-house.shop\/de\/product\/sechswege-steuerventil-side-1-1-2-basic\/#primaryimage","url":"https:\/\/pool-house.shop\/wp-content\/uploads\/2025\/03\/030028.png","contentUrl":"https:\/\/pool-house.shop\/wp-content\/uploads\/2025\/03\/030028.png","width":650,"height":1000},{"@type":"BreadcrumbList","@id":"https:\/\/pool-house.shop\/de\/product\/sechswege-steuerventil-side-1-1-2-basic\/#breadcrumb","itemListElement":[{"@type":"ListItem","position":1,"name":"Domovsk\u00e1 str\u00e1nka","item":"https:\/\/pool-house.shop\/de\/"},{"@type":"ListItem","position":2,"name":"Shop","item":"https:\/\/pool-house.shop\/de\/shop\/"},{"@type":"ListItem","position":3,"name":"Sechswege-Steuerventil SIDE 1 1\/2&#8243; Basic"}]},{"@type":"WebSite","@id":"https:\/\/pool-house.shop\/de\/#website","url":"https:\/\/pool-house.shop\/de\/","name":"Pool-House","description":"","publisher":{"@id":"https:\/\/pool-house.shop\/de\/#organization"},"potentialAction":[{"@type":"SearchAction","target":{"@type":"EntryPoint","urlTemplate":"https:\/\/pool-house.shop\/de\/?s={search_term_string}"},"query-input":{"@type":"PropertyValueSpecification","valueRequired":true,"valueName":"search_term_string"}}],"inLanguage":"de"},{"@type":"Organization","@id":"https:\/\/pool-house.shop\/de\/#organization","name":"Pool-House","url":"https:\/\/pool-house.shop\/de\/","logo":{"@type":"ImageObject","inLanguage":"de","@id":"https:\/\/pool-house.shop\/de\/#\/schema\/logo\/image\/","url":"https:\/\/pool-house.shop\/wp-content\/uploads\/2025\/10\/logo-2-stvorec-mobil-modre.png","contentUrl":"https:\/\/pool-house.shop\/wp-content\/uploads\/2025\/10\/logo-2-stvorec-mobil-modre.png","width":273,"height":189,"caption":"Pool-House"},"image":{"@id":"https:\/\/pool-house.shop\/de\/#\/schema\/logo\/image\/"},"sameAs":["https:\/\/www.facebook.com\/termodomsk\/"]}]}},"_links":{"self":[{"href":"https:\/\/pool-house.shop\/de\/wp-json\/wp\/v2\/product\/6846","targetHints":{"allow":["GET"]}}],"collection":[{"href":"https:\/\/pool-house.shop\/de\/wp-json\/wp\/v2\/product"}],"about":[{"href":"https:\/\/pool-house.shop\/de\/wp-json\/wp\/v2\/types\/product"}],"wp:featuredmedia":[{"embeddable":true,"href":"https:\/\/pool-house.shop\/de\/wp-json\/wp\/v2\/media\/6849"}],"wp:attachment":[{"href":"https:\/\/pool-house.shop\/de\/wp-json\/wp\/v2\/media?parent=6846"}],"wp:term":[{"taxonomy":"product_brand","embeddable":true,"href":"https:\/\/pool-house.shop\/de\/wp-json\/wp\/v2\/product_brand?post=6846"},{"taxonomy":"product_cat","embeddable":true,"href":"https:\/\/pool-house.shop\/de\/wp-json\/wp\/v2\/product_cat?post=6846"},{"taxonomy":"product_tag","embeddable":true,"href":"https:\/\/pool-house.shop\/de\/wp-json\/wp\/v2\/product_tag?post=6846"}],"curies":[{"name":"wp","href":"https:\/\/api.w.org\/{rel}","templated":true}]}}