{"id":6851,"date":"2025-03-03T15:17:57","date_gmt":"2025-03-03T14:17:57","guid":{"rendered":"https:\/\/pool-house.shop\/product\/6-wege-top-ventil-1-1-2-fuer-basic-filter\/"},"modified":"2025-03-03T15:17:57","modified_gmt":"2025-03-03T14:17:57","slug":"6-wege-top-ventil-1-1-2-fuer-basic-filter","status":"publish","type":"product","link":"https:\/\/pool-house.shop\/de\/product\/6-wege-top-ventil-1-1-2-fuer-basic-filter\/","title":{"rendered":"6-Wege-Top-Ventil 1 1\/2&#8243; f\u00fcr Basic Filter"},"content":{"rendered":"<p>Steuerventil \u2013 f\u00fcr Basic-Filtration<\/p>\n<p> Dieses 6-Wege-Steuerventil f\u00fcr den Basic-Filterbeh\u00e4lter (TOP) ist ein hochwertiges und langlebiges Ersatzteil f\u00fcr den Filterbeh\u00e4lter.<br \/>\n Anschluss: 1 1\/2&#8243;.<\/p>\n<p> Steuerventil<br \/>\n Es handelt sich um ein Ersatzteil f\u00fcr den Filterbeh\u00e4lter. Seine Aufgabe ist es, die Flie\u00dfrichtung des Wassers zu regulieren, wodurch die Filterfunktion bestimmt wird.<\/p>\n<p> Die Ventilpositionen k\u00f6nnen wie folgt sein:<br \/>\n &#8211; Filtration,<br \/>\n &#8211; R\u00fccksp\u00fclung,<br \/>\n &#8211; Nachsp\u00fclung,<br \/>\n &#8211; Entleeren,<br \/>\n &#8211; Zirkulation,<br \/>\n &#8211; Geschlossen.<\/p>\n<p> Es ist wichtig, die Position des Steuerventils nur bei ausgeschalteter Pumpe zu \u00e4ndern.<\/p>\n","protected":false},"excerpt":{"rendered":"<p>Steuerventil \u2013 f\u00fcr Basic-Filtration Dieses 6-Wege-Steuerventil f\u00fcr den Basic-Filterbeh\u00e4lter (TOP) ist ein hochwertiges und langlebiges Ersatzteil f\u00fcr den Filterbeh\u00e4lter. Anschluss: 1 1\/2&#8243;. Steuerventil Es handelt sich um ein Ersatzteil f\u00fcr den Filterbeh\u00e4lter. Seine Aufgabe ist es, die Flie\u00dfrichtung des Wassers zu regulieren, wodurch die Filterfunktion bestimmt wird. Die Ventilpositionen k\u00f6nnen wie folgt sein: &#8211; Filtration, &hellip;<\/p>\n<p class=\"read-more\"> <a class=\" thunk-readmore button \" href=\"https:\/\/pool-house.shop\/de\/product\/6-wege-top-ventil-1-1-2-fuer-basic-filter\/\"> <span class=\"screen-reader-text\">6-Wege-Top-Ventil 1 1\/2&#8243; f\u00fcr Basic Filter<\/span>Weiterlesen<\/a><\/p>\n","protected":false},"featured_media":6853,"template":"","meta":[],"product_brand":[],"product_cat":[353,250],"product_tag":[],"class_list":{"0":"post-6851","1":"product","2":"type-product","3":"status-publish","4":"has-post-thumbnail","6":"product_cat-filteranlagen","7":"product_cat-mehrwegeventile","8":"thunk-woo-product-list","9":"open-woo-hover-none","10":"open-single-product-tab-horizontal","11":"open-shadow-","12":"open-shadow-hover-","14":"first","15":"instock","16":"taxable","17":"shipping-taxable","18":"purchasable","19":"product-type-simple"},"yoast_head":"<!-- This site is optimized with the Yoast SEO plugin v26.9 - https:\/\/yoast.com\/product\/yoast-seo-wordpress\/ -->\n<title>6-Wege-Top-Ventil 1 1\/2&quot; f\u00fcr Basic Filter - Pool-House<\/title>\n<meta name=\"robots\" content=\"index, follow, max-snippet:-1, max-image-preview:large, max-video-preview:-1\" \/>\n<link rel=\"canonical\" href=\"https:\/\/pool-house.shop\/de\/product\/6-wege-top-ventil-1-1-2-fuer-basic-filter\/\" \/>\n<meta property=\"og:locale\" content=\"de_DE\" \/>\n<meta property=\"og:type\" content=\"article\" \/>\n<meta property=\"og:title\" content=\"6-Wege-Top-Ventil 1 1\/2&quot; f\u00fcr Basic Filter - Pool-House\" \/>\n<meta property=\"og:description\" content=\"Steuerventil \u2013 f\u00fcr Basic-Filtration Dieses 6-Wege-Steuerventil f\u00fcr den Basic-Filterbeh\u00e4lter (TOP) ist ein hochwertiges und langlebiges Ersatzteil f\u00fcr den Filterbeh\u00e4lter. Anschluss: 1 1\/2&#8243;. Steuerventil Es handelt sich um ein Ersatzteil f\u00fcr den Filterbeh\u00e4lter. Seine Aufgabe ist es, die Flie\u00dfrichtung des Wassers zu regulieren, wodurch die Filterfunktion bestimmt wird. Die Ventilpositionen k\u00f6nnen wie folgt sein: &#8211; Filtration, &hellip; 6-Wege-Top-Ventil 1 1\/2&#8243; f\u00fcr Basic FilterWeiterlesen\" \/>\n<meta property=\"og:url\" content=\"https:\/\/pool-house.shop\/de\/product\/6-wege-top-ventil-1-1-2-fuer-basic-filter\/\" \/>\n<meta property=\"og:site_name\" content=\"Pool-House\" \/>\n<meta property=\"article:publisher\" content=\"https:\/\/www.facebook.com\/termodomsk\/\" \/>\n<meta property=\"og:image\" content=\"https:\/\/pool-house.shop\/wp-content\/uploads\/2025\/03\/030026.png\" \/>\n\t<meta property=\"og:image:width\" content=\"1600\" \/>\n\t<meta property=\"og:image:height\" content=\"1600\" \/>\n\t<meta property=\"og:image:type\" content=\"image\/png\" \/>\n<meta name=\"twitter:card\" content=\"summary_large_image\" \/>\n<script type=\"application\/ld+json\" class=\"yoast-schema-graph\">{\"@context\":\"https:\/\/schema.org\",\"@graph\":[{\"@type\":\"WebPage\",\"@id\":\"https:\/\/pool-house.shop\/de\/product\/6-wege-top-ventil-1-1-2-fuer-basic-filter\/\",\"url\":\"https:\/\/pool-house.shop\/de\/product\/6-wege-top-ventil-1-1-2-fuer-basic-filter\/\",\"name\":\"6-Wege-Top-Ventil 1 1\/2\\\" f\u00fcr Basic Filter - Pool-House\",\"isPartOf\":{\"@id\":\"https:\/\/pool-house.shop\/de\/#website\"},\"primaryImageOfPage\":{\"@id\":\"https:\/\/pool-house.shop\/de\/product\/6-wege-top-ventil-1-1-2-fuer-basic-filter\/#primaryimage\"},\"image\":{\"@id\":\"https:\/\/pool-house.shop\/de\/product\/6-wege-top-ventil-1-1-2-fuer-basic-filter\/#primaryimage\"},\"thumbnailUrl\":\"https:\/\/pool-house.shop\/wp-content\/uploads\/2025\/03\/030026.png\",\"datePublished\":\"2025-03-03T14:17:57+00:00\",\"breadcrumb\":{\"@id\":\"https:\/\/pool-house.shop\/de\/product\/6-wege-top-ventil-1-1-2-fuer-basic-filter\/#breadcrumb\"},\"inLanguage\":\"de\",\"potentialAction\":[{\"@type\":\"ReadAction\",\"target\":[\"https:\/\/pool-house.shop\/de\/product\/6-wege-top-ventil-1-1-2-fuer-basic-filter\/\"]}]},{\"@type\":\"ImageObject\",\"inLanguage\":\"de\",\"@id\":\"https:\/\/pool-house.shop\/de\/product\/6-wege-top-ventil-1-1-2-fuer-basic-filter\/#primaryimage\",\"url\":\"https:\/\/pool-house.shop\/wp-content\/uploads\/2025\/03\/030026.png\",\"contentUrl\":\"https:\/\/pool-house.shop\/wp-content\/uploads\/2025\/03\/030026.png\",\"width\":1600,\"height\":1600},{\"@type\":\"BreadcrumbList\",\"@id\":\"https:\/\/pool-house.shop\/de\/product\/6-wege-top-ventil-1-1-2-fuer-basic-filter\/#breadcrumb\",\"itemListElement\":[{\"@type\":\"ListItem\",\"position\":1,\"name\":\"Domovsk\u00e1 str\u00e1nka\",\"item\":\"https:\/\/pool-house.shop\/de\/\"},{\"@type\":\"ListItem\",\"position\":2,\"name\":\"Shop\",\"item\":\"https:\/\/pool-house.shop\/de\/shop\/\"},{\"@type\":\"ListItem\",\"position\":3,\"name\":\"6-Wege-Top-Ventil 1 1\/2&#8243; f\u00fcr Basic Filter\"}]},{\"@type\":\"WebSite\",\"@id\":\"https:\/\/pool-house.shop\/de\/#website\",\"url\":\"https:\/\/pool-house.shop\/de\/\",\"name\":\"Pool-House\",\"description\":\"\",\"publisher\":{\"@id\":\"https:\/\/pool-house.shop\/de\/#organization\"},\"potentialAction\":[{\"@type\":\"SearchAction\",\"target\":{\"@type\":\"EntryPoint\",\"urlTemplate\":\"https:\/\/pool-house.shop\/de\/?s={search_term_string}\"},\"query-input\":{\"@type\":\"PropertyValueSpecification\",\"valueRequired\":true,\"valueName\":\"search_term_string\"}}],\"inLanguage\":\"de\"},{\"@type\":\"Organization\",\"@id\":\"https:\/\/pool-house.shop\/de\/#organization\",\"name\":\"Pool-House\",\"url\":\"https:\/\/pool-house.shop\/de\/\",\"logo\":{\"@type\":\"ImageObject\",\"inLanguage\":\"de\",\"@id\":\"https:\/\/pool-house.shop\/de\/#\/schema\/logo\/image\/\",\"url\":\"https:\/\/pool-house.shop\/wp-content\/uploads\/2025\/10\/logo-2-stvorec-mobil-modre.png\",\"contentUrl\":\"https:\/\/pool-house.shop\/wp-content\/uploads\/2025\/10\/logo-2-stvorec-mobil-modre.png\",\"width\":273,\"height\":189,\"caption\":\"Pool-House\"},\"image\":{\"@id\":\"https:\/\/pool-house.shop\/de\/#\/schema\/logo\/image\/\"},\"sameAs\":[\"https:\/\/www.facebook.com\/termodomsk\/\"]}]}<\/script>\n<!-- \/ Yoast SEO plugin. -->","yoast_head_json":{"title":"6-Wege-Top-Ventil 1 1\/2\" f\u00fcr Basic Filter - Pool-House","robots":{"index":"index","follow":"follow","max-snippet":"max-snippet:-1","max-image-preview":"max-image-preview:large","max-video-preview":"max-video-preview:-1"},"canonical":"https:\/\/pool-house.shop\/de\/product\/6-wege-top-ventil-1-1-2-fuer-basic-filter\/","og_locale":"de_DE","og_type":"article","og_title":"6-Wege-Top-Ventil 1 1\/2\" f\u00fcr Basic Filter - Pool-House","og_description":"Steuerventil \u2013 f\u00fcr Basic-Filtration Dieses 6-Wege-Steuerventil f\u00fcr den Basic-Filterbeh\u00e4lter (TOP) ist ein hochwertiges und langlebiges Ersatzteil f\u00fcr den Filterbeh\u00e4lter. Anschluss: 1 1\/2&#8243;. Steuerventil Es handelt sich um ein Ersatzteil f\u00fcr den Filterbeh\u00e4lter. Seine Aufgabe ist es, die Flie\u00dfrichtung des Wassers zu regulieren, wodurch die Filterfunktion bestimmt wird. Die Ventilpositionen k\u00f6nnen wie folgt sein: &#8211; Filtration, &hellip; 6-Wege-Top-Ventil 1 1\/2&#8243; f\u00fcr Basic FilterWeiterlesen","og_url":"https:\/\/pool-house.shop\/de\/product\/6-wege-top-ventil-1-1-2-fuer-basic-filter\/","og_site_name":"Pool-House","article_publisher":"https:\/\/www.facebook.com\/termodomsk\/","og_image":[{"width":1600,"height":1600,"url":"https:\/\/pool-house.shop\/wp-content\/uploads\/2025\/03\/030026.png","type":"image\/png"}],"twitter_card":"summary_large_image","schema":{"@context":"https:\/\/schema.org","@graph":[{"@type":"WebPage","@id":"https:\/\/pool-house.shop\/de\/product\/6-wege-top-ventil-1-1-2-fuer-basic-filter\/","url":"https:\/\/pool-house.shop\/de\/product\/6-wege-top-ventil-1-1-2-fuer-basic-filter\/","name":"6-Wege-Top-Ventil 1 1\/2\" f\u00fcr Basic Filter - Pool-House","isPartOf":{"@id":"https:\/\/pool-house.shop\/de\/#website"},"primaryImageOfPage":{"@id":"https:\/\/pool-house.shop\/de\/product\/6-wege-top-ventil-1-1-2-fuer-basic-filter\/#primaryimage"},"image":{"@id":"https:\/\/pool-house.shop\/de\/product\/6-wege-top-ventil-1-1-2-fuer-basic-filter\/#primaryimage"},"thumbnailUrl":"https:\/\/pool-house.shop\/wp-content\/uploads\/2025\/03\/030026.png","datePublished":"2025-03-03T14:17:57+00:00","breadcrumb":{"@id":"https:\/\/pool-house.shop\/de\/product\/6-wege-top-ventil-1-1-2-fuer-basic-filter\/#breadcrumb"},"inLanguage":"de","potentialAction":[{"@type":"ReadAction","target":["https:\/\/pool-house.shop\/de\/product\/6-wege-top-ventil-1-1-2-fuer-basic-filter\/"]}]},{"@type":"ImageObject","inLanguage":"de","@id":"https:\/\/pool-house.shop\/de\/product\/6-wege-top-ventil-1-1-2-fuer-basic-filter\/#primaryimage","url":"https:\/\/pool-house.shop\/wp-content\/uploads\/2025\/03\/030026.png","contentUrl":"https:\/\/pool-house.shop\/wp-content\/uploads\/2025\/03\/030026.png","width":1600,"height":1600},{"@type":"BreadcrumbList","@id":"https:\/\/pool-house.shop\/de\/product\/6-wege-top-ventil-1-1-2-fuer-basic-filter\/#breadcrumb","itemListElement":[{"@type":"ListItem","position":1,"name":"Domovsk\u00e1 str\u00e1nka","item":"https:\/\/pool-house.shop\/de\/"},{"@type":"ListItem","position":2,"name":"Shop","item":"https:\/\/pool-house.shop\/de\/shop\/"},{"@type":"ListItem","position":3,"name":"6-Wege-Top-Ventil 1 1\/2&#8243; f\u00fcr Basic Filter"}]},{"@type":"WebSite","@id":"https:\/\/pool-house.shop\/de\/#website","url":"https:\/\/pool-house.shop\/de\/","name":"Pool-House","description":"","publisher":{"@id":"https:\/\/pool-house.shop\/de\/#organization"},"potentialAction":[{"@type":"SearchAction","target":{"@type":"EntryPoint","urlTemplate":"https:\/\/pool-house.shop\/de\/?s={search_term_string}"},"query-input":{"@type":"PropertyValueSpecification","valueRequired":true,"valueName":"search_term_string"}}],"inLanguage":"de"},{"@type":"Organization","@id":"https:\/\/pool-house.shop\/de\/#organization","name":"Pool-House","url":"https:\/\/pool-house.shop\/de\/","logo":{"@type":"ImageObject","inLanguage":"de","@id":"https:\/\/pool-house.shop\/de\/#\/schema\/logo\/image\/","url":"https:\/\/pool-house.shop\/wp-content\/uploads\/2025\/10\/logo-2-stvorec-mobil-modre.png","contentUrl":"https:\/\/pool-house.shop\/wp-content\/uploads\/2025\/10\/logo-2-stvorec-mobil-modre.png","width":273,"height":189,"caption":"Pool-House"},"image":{"@id":"https:\/\/pool-house.shop\/de\/#\/schema\/logo\/image\/"},"sameAs":["https:\/\/www.facebook.com\/termodomsk\/"]}]}},"_links":{"self":[{"href":"https:\/\/pool-house.shop\/de\/wp-json\/wp\/v2\/product\/6851","targetHints":{"allow":["GET"]}}],"collection":[{"href":"https:\/\/pool-house.shop\/de\/wp-json\/wp\/v2\/product"}],"about":[{"href":"https:\/\/pool-house.shop\/de\/wp-json\/wp\/v2\/types\/product"}],"wp:featuredmedia":[{"embeddable":true,"href":"https:\/\/pool-house.shop\/de\/wp-json\/wp\/v2\/media\/6853"}],"wp:attachment":[{"href":"https:\/\/pool-house.shop\/de\/wp-json\/wp\/v2\/media?parent=6851"}],"wp:term":[{"taxonomy":"product_brand","embeddable":true,"href":"https:\/\/pool-house.shop\/de\/wp-json\/wp\/v2\/product_brand?post=6851"},{"taxonomy":"product_cat","embeddable":true,"href":"https:\/\/pool-house.shop\/de\/wp-json\/wp\/v2\/product_cat?post=6851"},{"taxonomy":"product_tag","embeddable":true,"href":"https:\/\/pool-house.shop\/de\/wp-json\/wp\/v2\/product_tag?post=6851"}],"curies":[{"name":"wp","href":"https:\/\/api.w.org\/{rel}","templated":true}]}}