{"id":6892,"date":"2025-03-03T15:17:11","date_gmt":"2025-03-03T14:17:11","guid":{"rendered":"https:\/\/pool-house.shop\/product\/rgb-led-lampe-31-w\/"},"modified":"2025-03-03T15:17:11","modified_gmt":"2025-03-03T14:17:11","slug":"rgb-led-lampe-31-w","status":"publish","type":"product","link":"https:\/\/pool-house.shop\/de\/product\/rgb-led-lampe-31-w\/","title":{"rendered":"RGB-LED-Lampe 31 W"},"content":{"rendered":"<p>SMD-LED-Lampe<\/p>\n<p> Die SMD-LED-Lichtquelle ist eine Ersatzlampe f\u00fcr die Unterwasserbeleuchtung. Sie verf\u00fcgt \u00fcber eine Polycarbonatlinse und ein Geh\u00e4use. <\/p>\n<p> Eigenschaften:<br \/>\n &#8211; RGB + WEISS LED-Lampe vom Typ PAR56<br \/>\n &#8211; Verf\u00fcgbare Leistung: 30 W,<br \/>\n &#8211; Farben: drei Grundfarben, Steuerung nach Bedarf<br \/>\n &#8211; Abstrahlwinkel: 120\u00b0. <\/p>\n<p> Polycarbonat<br \/>\n Polycarbonat (PC) ist ein organischer Thermoplast mit guten optischen Eigenschaften, der hitze- und sto\u00dfbest\u00e4ndig ist und normalerweise so klar wie Wasser ist. Es isoliert hervorragend Schall, ist bei niedrigen Temperaturen biegsam und flexibel. Da es eine geringe H\u00e4rte aufweist, l\u00e4sst es sich leicht zerkratzen. Es ist in verschiedenen Farben erh\u00e4ltlich und wird in Voll- oder Hohlkammerversion hergestellt.   <\/p>\n","protected":false},"excerpt":{"rendered":"<p>SMD-LED-Lampe Die SMD-LED-Lichtquelle ist eine Ersatzlampe f\u00fcr die Unterwasserbeleuchtung. Sie verf\u00fcgt \u00fcber eine Polycarbonatlinse und ein Geh\u00e4use. Eigenschaften: &#8211; RGB + WEISS LED-Lampe vom Typ PAR56 &#8211; Verf\u00fcgbare Leistung: 30 W, &#8211; Farben: drei Grundfarben, Steuerung nach Bedarf &#8211; Abstrahlwinkel: 120\u00b0. Polycarbonat Polycarbonat (PC) ist ein organischer Thermoplast mit guten optischen Eigenschaften, der hitze- und &hellip;<\/p>\n<p class=\"read-more\"> <a class=\" thunk-readmore button \" href=\"https:\/\/pool-house.shop\/de\/product\/rgb-led-lampe-31-w\/\"> <span class=\"screen-reader-text\">RGB-LED-Lampe 31 W<\/span>Weiterlesen<\/a><\/p>\n","protected":false},"featured_media":1307,"template":"","meta":[],"product_brand":[],"product_cat":[237],"product_tag":[],"class_list":{"0":"post-6892","1":"product","2":"type-product","3":"status-publish","4":"has-post-thumbnail","6":"product_cat-beleuchtung","7":"thunk-woo-product-list","8":"open-woo-hover-none","9":"open-single-product-tab-horizontal","10":"open-shadow-","11":"open-shadow-hover-","13":"first","14":"instock","15":"taxable","16":"shipping-taxable","17":"purchasable","18":"product-type-simple"},"yoast_head":"<!-- This site is optimized with the Yoast SEO plugin v26.9 - https:\/\/yoast.com\/product\/yoast-seo-wordpress\/ -->\n<title>RGB-LED-Lampe 31 W - Pool-House<\/title>\n<meta name=\"robots\" content=\"index, follow, max-snippet:-1, max-image-preview:large, max-video-preview:-1\" \/>\n<link rel=\"canonical\" href=\"https:\/\/pool-house.shop\/de\/product\/rgb-led-lampe-31-w\/\" \/>\n<meta property=\"og:locale\" content=\"de_DE\" \/>\n<meta property=\"og:type\" content=\"article\" \/>\n<meta property=\"og:title\" content=\"RGB-LED-Lampe 31 W - Pool-House\" \/>\n<meta property=\"og:description\" content=\"SMD-LED-Lampe Die SMD-LED-Lichtquelle ist eine Ersatzlampe f\u00fcr die Unterwasserbeleuchtung. Sie verf\u00fcgt \u00fcber eine Polycarbonatlinse und ein Geh\u00e4use. Eigenschaften: &#8211; RGB + WEISS LED-Lampe vom Typ PAR56 &#8211; Verf\u00fcgbare Leistung: 30 W, &#8211; Farben: drei Grundfarben, Steuerung nach Bedarf &#8211; Abstrahlwinkel: 120\u00b0. Polycarbonat Polycarbonat (PC) ist ein organischer Thermoplast mit guten optischen Eigenschaften, der hitze- und &hellip; RGB-LED-Lampe 31 WWeiterlesen\" \/>\n<meta property=\"og:url\" content=\"https:\/\/pool-house.shop\/de\/product\/rgb-led-lampe-31-w\/\" \/>\n<meta property=\"og:site_name\" content=\"Pool-House\" \/>\n<meta property=\"article:publisher\" content=\"https:\/\/www.facebook.com\/termodomsk\/\" \/>\n<meta property=\"og:image\" content=\"https:\/\/pool-house.shop\/wp-content\/uploads\/termekkepek\/02\/021701.png\" \/>\n\t<meta property=\"og:image:width\" content=\"1000\" \/>\n\t<meta property=\"og:image:height\" content=\"1000\" \/>\n\t<meta property=\"og:image:type\" content=\"image\/png\" \/>\n<meta name=\"twitter:card\" content=\"summary_large_image\" \/>\n<meta name=\"twitter:label1\" content=\"Gesch\u00e4tzte Lesezeit\" \/>\n\t<meta name=\"twitter:data1\" content=\"1\u00a0Minute\" \/>\n<script type=\"application\/ld+json\" class=\"yoast-schema-graph\">{\"@context\":\"https:\/\/schema.org\",\"@graph\":[{\"@type\":\"WebPage\",\"@id\":\"https:\/\/pool-house.shop\/de\/product\/rgb-led-lampe-31-w\/\",\"url\":\"https:\/\/pool-house.shop\/de\/product\/rgb-led-lampe-31-w\/\",\"name\":\"RGB-LED-Lampe 31 W - Pool-House\",\"isPartOf\":{\"@id\":\"https:\/\/pool-house.shop\/de\/#website\"},\"primaryImageOfPage\":{\"@id\":\"https:\/\/pool-house.shop\/de\/product\/rgb-led-lampe-31-w\/#primaryimage\"},\"image\":{\"@id\":\"https:\/\/pool-house.shop\/de\/product\/rgb-led-lampe-31-w\/#primaryimage\"},\"thumbnailUrl\":\"https:\/\/pool-house.shop\/wp-content\/uploads\/termekkepek\/02\/021701.png\",\"datePublished\":\"2025-03-03T14:17:11+00:00\",\"breadcrumb\":{\"@id\":\"https:\/\/pool-house.shop\/de\/product\/rgb-led-lampe-31-w\/#breadcrumb\"},\"inLanguage\":\"de\",\"potentialAction\":[{\"@type\":\"ReadAction\",\"target\":[\"https:\/\/pool-house.shop\/de\/product\/rgb-led-lampe-31-w\/\"]}]},{\"@type\":\"ImageObject\",\"inLanguage\":\"de\",\"@id\":\"https:\/\/pool-house.shop\/de\/product\/rgb-led-lampe-31-w\/#primaryimage\",\"url\":\"https:\/\/pool-house.shop\/wp-content\/uploads\/termekkepek\/02\/021701.png\",\"contentUrl\":\"https:\/\/pool-house.shop\/wp-content\/uploads\/termekkepek\/02\/021701.png\",\"width\":1000,\"height\":1000},{\"@type\":\"BreadcrumbList\",\"@id\":\"https:\/\/pool-house.shop\/de\/product\/rgb-led-lampe-31-w\/#breadcrumb\",\"itemListElement\":[{\"@type\":\"ListItem\",\"position\":1,\"name\":\"Domovsk\u00e1 str\u00e1nka\",\"item\":\"https:\/\/pool-house.shop\/de\/\"},{\"@type\":\"ListItem\",\"position\":2,\"name\":\"Shop\",\"item\":\"https:\/\/pool-house.shop\/de\/shop\/\"},{\"@type\":\"ListItem\",\"position\":3,\"name\":\"RGB-LED-Lampe 31 W\"}]},{\"@type\":\"WebSite\",\"@id\":\"https:\/\/pool-house.shop\/de\/#website\",\"url\":\"https:\/\/pool-house.shop\/de\/\",\"name\":\"Pool-House\",\"description\":\"\",\"publisher\":{\"@id\":\"https:\/\/pool-house.shop\/de\/#organization\"},\"potentialAction\":[{\"@type\":\"SearchAction\",\"target\":{\"@type\":\"EntryPoint\",\"urlTemplate\":\"https:\/\/pool-house.shop\/de\/?s={search_term_string}\"},\"query-input\":{\"@type\":\"PropertyValueSpecification\",\"valueRequired\":true,\"valueName\":\"search_term_string\"}}],\"inLanguage\":\"de\"},{\"@type\":\"Organization\",\"@id\":\"https:\/\/pool-house.shop\/de\/#organization\",\"name\":\"Pool-House\",\"url\":\"https:\/\/pool-house.shop\/de\/\",\"logo\":{\"@type\":\"ImageObject\",\"inLanguage\":\"de\",\"@id\":\"https:\/\/pool-house.shop\/de\/#\/schema\/logo\/image\/\",\"url\":\"https:\/\/pool-house.shop\/wp-content\/uploads\/2025\/10\/logo-2-stvorec-mobil-modre.png\",\"contentUrl\":\"https:\/\/pool-house.shop\/wp-content\/uploads\/2025\/10\/logo-2-stvorec-mobil-modre.png\",\"width\":273,\"height\":189,\"caption\":\"Pool-House\"},\"image\":{\"@id\":\"https:\/\/pool-house.shop\/de\/#\/schema\/logo\/image\/\"},\"sameAs\":[\"https:\/\/www.facebook.com\/termodomsk\/\"]}]}<\/script>\n<!-- \/ Yoast SEO plugin. -->","yoast_head_json":{"title":"RGB-LED-Lampe 31 W - Pool-House","robots":{"index":"index","follow":"follow","max-snippet":"max-snippet:-1","max-image-preview":"max-image-preview:large","max-video-preview":"max-video-preview:-1"},"canonical":"https:\/\/pool-house.shop\/de\/product\/rgb-led-lampe-31-w\/","og_locale":"de_DE","og_type":"article","og_title":"RGB-LED-Lampe 31 W - Pool-House","og_description":"SMD-LED-Lampe Die SMD-LED-Lichtquelle ist eine Ersatzlampe f\u00fcr die Unterwasserbeleuchtung. Sie verf\u00fcgt \u00fcber eine Polycarbonatlinse und ein Geh\u00e4use. Eigenschaften: &#8211; RGB + WEISS LED-Lampe vom Typ PAR56 &#8211; Verf\u00fcgbare Leistung: 30 W, &#8211; Farben: drei Grundfarben, Steuerung nach Bedarf &#8211; Abstrahlwinkel: 120\u00b0. Polycarbonat Polycarbonat (PC) ist ein organischer Thermoplast mit guten optischen Eigenschaften, der hitze- und &hellip; RGB-LED-Lampe 31 WWeiterlesen","og_url":"https:\/\/pool-house.shop\/de\/product\/rgb-led-lampe-31-w\/","og_site_name":"Pool-House","article_publisher":"https:\/\/www.facebook.com\/termodomsk\/","og_image":[{"width":1000,"height":1000,"url":"https:\/\/pool-house.shop\/wp-content\/uploads\/termekkepek\/02\/021701.png","type":"image\/png"}],"twitter_card":"summary_large_image","twitter_misc":{"Gesch\u00e4tzte Lesezeit":"1\u00a0Minute"},"schema":{"@context":"https:\/\/schema.org","@graph":[{"@type":"WebPage","@id":"https:\/\/pool-house.shop\/de\/product\/rgb-led-lampe-31-w\/","url":"https:\/\/pool-house.shop\/de\/product\/rgb-led-lampe-31-w\/","name":"RGB-LED-Lampe 31 W - Pool-House","isPartOf":{"@id":"https:\/\/pool-house.shop\/de\/#website"},"primaryImageOfPage":{"@id":"https:\/\/pool-house.shop\/de\/product\/rgb-led-lampe-31-w\/#primaryimage"},"image":{"@id":"https:\/\/pool-house.shop\/de\/product\/rgb-led-lampe-31-w\/#primaryimage"},"thumbnailUrl":"https:\/\/pool-house.shop\/wp-content\/uploads\/termekkepek\/02\/021701.png","datePublished":"2025-03-03T14:17:11+00:00","breadcrumb":{"@id":"https:\/\/pool-house.shop\/de\/product\/rgb-led-lampe-31-w\/#breadcrumb"},"inLanguage":"de","potentialAction":[{"@type":"ReadAction","target":["https:\/\/pool-house.shop\/de\/product\/rgb-led-lampe-31-w\/"]}]},{"@type":"ImageObject","inLanguage":"de","@id":"https:\/\/pool-house.shop\/de\/product\/rgb-led-lampe-31-w\/#primaryimage","url":"https:\/\/pool-house.shop\/wp-content\/uploads\/termekkepek\/02\/021701.png","contentUrl":"https:\/\/pool-house.shop\/wp-content\/uploads\/termekkepek\/02\/021701.png","width":1000,"height":1000},{"@type":"BreadcrumbList","@id":"https:\/\/pool-house.shop\/de\/product\/rgb-led-lampe-31-w\/#breadcrumb","itemListElement":[{"@type":"ListItem","position":1,"name":"Domovsk\u00e1 str\u00e1nka","item":"https:\/\/pool-house.shop\/de\/"},{"@type":"ListItem","position":2,"name":"Shop","item":"https:\/\/pool-house.shop\/de\/shop\/"},{"@type":"ListItem","position":3,"name":"RGB-LED-Lampe 31 W"}]},{"@type":"WebSite","@id":"https:\/\/pool-house.shop\/de\/#website","url":"https:\/\/pool-house.shop\/de\/","name":"Pool-House","description":"","publisher":{"@id":"https:\/\/pool-house.shop\/de\/#organization"},"potentialAction":[{"@type":"SearchAction","target":{"@type":"EntryPoint","urlTemplate":"https:\/\/pool-house.shop\/de\/?s={search_term_string}"},"query-input":{"@type":"PropertyValueSpecification","valueRequired":true,"valueName":"search_term_string"}}],"inLanguage":"de"},{"@type":"Organization","@id":"https:\/\/pool-house.shop\/de\/#organization","name":"Pool-House","url":"https:\/\/pool-house.shop\/de\/","logo":{"@type":"ImageObject","inLanguage":"de","@id":"https:\/\/pool-house.shop\/de\/#\/schema\/logo\/image\/","url":"https:\/\/pool-house.shop\/wp-content\/uploads\/2025\/10\/logo-2-stvorec-mobil-modre.png","contentUrl":"https:\/\/pool-house.shop\/wp-content\/uploads\/2025\/10\/logo-2-stvorec-mobil-modre.png","width":273,"height":189,"caption":"Pool-House"},"image":{"@id":"https:\/\/pool-house.shop\/de\/#\/schema\/logo\/image\/"},"sameAs":["https:\/\/www.facebook.com\/termodomsk\/"]}]}},"_links":{"self":[{"href":"https:\/\/pool-house.shop\/de\/wp-json\/wp\/v2\/product\/6892","targetHints":{"allow":["GET"]}}],"collection":[{"href":"https:\/\/pool-house.shop\/de\/wp-json\/wp\/v2\/product"}],"about":[{"href":"https:\/\/pool-house.shop\/de\/wp-json\/wp\/v2\/types\/product"}],"wp:featuredmedia":[{"embeddable":true,"href":"https:\/\/pool-house.shop\/de\/wp-json\/wp\/v2\/media\/1307"}],"wp:attachment":[{"href":"https:\/\/pool-house.shop\/de\/wp-json\/wp\/v2\/media?parent=6892"}],"wp:term":[{"taxonomy":"product_brand","embeddable":true,"href":"https:\/\/pool-house.shop\/de\/wp-json\/wp\/v2\/product_brand?post=6892"},{"taxonomy":"product_cat","embeddable":true,"href":"https:\/\/pool-house.shop\/de\/wp-json\/wp\/v2\/product_cat?post=6892"},{"taxonomy":"product_tag","embeddable":true,"href":"https:\/\/pool-house.shop\/de\/wp-json\/wp\/v2\/product_tag?post=6892"}],"curies":[{"name":"wp","href":"https:\/\/api.w.org\/{rel}","templated":true}]}}