{"id":6924,"date":"2025-03-03T15:20:26","date_gmt":"2025-03-03T14:20:26","guid":{"rendered":"https:\/\/pool-house.shop\/product\/badu-omnitronic-r51-3a-2\/"},"modified":"2025-03-03T15:20:26","modified_gmt":"2025-03-03T14:20:26","slug":"badu-omnitronic-r51-3a-2","status":"publish","type":"product","link":"https:\/\/pool-house.shop\/de\/product\/badu-omnitronic-r51-3a-2\/","title":{"rendered":"Badu OmniTronic R51\/3A 2&#8243;"},"content":{"rendered":"<p>Automatisches Badu OmniTronic Ventil<\/p>\n<p> Das Badu OmniTronic Ventil ist ein universelles automatisches Steuerventil, das eine zuverl\u00e4ssige und effiziente Alternative zu manuellen Ventilen darstellt.<br \/>\n Es zeichnet sich durch eine einfache und benutzerfreundliche Bedienung aus. Ein digitaler Timer startet den R\u00fccksp\u00fclvorgang in Intervallen oder gem\u00e4\u00df der Programmeinstellung.<br \/>\n Es verf\u00fcgt \u00fcber eine einstellbare Filterzeit, einen integrierten Akkumulator und einen Wasserstandsregler und kann zudem an Dosiersysteme angeschlossen werden.<\/p>\n<p> Die automatische R\u00fccksp\u00fclung kann auf verschiedene Arten gestartet werden:<br \/>\n &#8211; zeitgesteuert (Intervall oder genaue Zeit),<br \/>\n &#8211; durch ein externes Signal (optional),<br \/>\n &#8211; durch manuelles Einschalten. <\/p>\n","protected":false},"excerpt":{"rendered":"<p>Automatisches Badu OmniTronic Ventil Das Badu OmniTronic Ventil ist ein universelles automatisches Steuerventil, das eine zuverl\u00e4ssige und effiziente Alternative zu manuellen Ventilen darstellt. Es zeichnet sich durch eine einfache und benutzerfreundliche Bedienung aus. Ein digitaler Timer startet den R\u00fccksp\u00fclvorgang in Intervallen oder gem\u00e4\u00df der Programmeinstellung. Es verf\u00fcgt \u00fcber eine einstellbare Filterzeit, einen integrierten Akkumulator und &hellip;<\/p>\n<p class=\"read-more\"> <a class=\" thunk-readmore button \" href=\"https:\/\/pool-house.shop\/de\/product\/badu-omnitronic-r51-3a-2\/\"> <span class=\"screen-reader-text\">Badu OmniTronic R51\/3A 2&#8243;<\/span>Weiterlesen<\/a><\/p>\n","protected":false},"featured_media":6925,"template":"","meta":[],"product_brand":[],"product_cat":[353,249],"product_tag":[],"class_list":{"0":"post-6924","1":"product","2":"type-product","3":"status-publish","4":"has-post-thumbnail","6":"product_cat-filteranlagen","7":"product_cat-filterkessel","8":"thunk-woo-product-list","9":"open-woo-hover-none","10":"open-single-product-tab-horizontal","11":"open-shadow-","12":"open-shadow-hover-","14":"first","15":"instock","16":"taxable","17":"shipping-taxable","18":"purchasable","19":"product-type-simple"},"yoast_head":"<!-- This site is optimized with the Yoast SEO plugin v26.9 - https:\/\/yoast.com\/product\/yoast-seo-wordpress\/ -->\n<title>Badu OmniTronic R51\/3A 2&quot; - Pool-House<\/title>\n<meta name=\"robots\" content=\"index, follow, max-snippet:-1, max-image-preview:large, max-video-preview:-1\" \/>\n<link rel=\"canonical\" href=\"https:\/\/pool-house.shop\/de\/product\/badu-omnitronic-r51-3a-2\/\" \/>\n<meta property=\"og:locale\" content=\"de_DE\" \/>\n<meta property=\"og:type\" content=\"article\" \/>\n<meta property=\"og:title\" content=\"Badu OmniTronic R51\/3A 2&quot; - Pool-House\" \/>\n<meta property=\"og:description\" content=\"Automatisches Badu OmniTronic Ventil Das Badu OmniTronic Ventil ist ein universelles automatisches Steuerventil, das eine zuverl\u00e4ssige und effiziente Alternative zu manuellen Ventilen darstellt. Es zeichnet sich durch eine einfache und benutzerfreundliche Bedienung aus. Ein digitaler Timer startet den R\u00fccksp\u00fclvorgang in Intervallen oder gem\u00e4\u00df der Programmeinstellung. Es verf\u00fcgt \u00fcber eine einstellbare Filterzeit, einen integrierten Akkumulator und &hellip; Badu OmniTronic R51\/3A 2&#8243;Weiterlesen\" \/>\n<meta property=\"og:url\" content=\"https:\/\/pool-house.shop\/de\/product\/badu-omnitronic-r51-3a-2\/\" \/>\n<meta property=\"og:site_name\" content=\"Pool-House\" \/>\n<meta property=\"article:publisher\" content=\"https:\/\/www.facebook.com\/termodomsk\/\" \/>\n<meta property=\"og:image\" content=\"https:\/\/pool-house.shop\/wp-content\/uploads\/2025\/03\/032372.png\" \/>\n\t<meta property=\"og:image:width\" content=\"900\" \/>\n\t<meta property=\"og:image:height\" content=\"900\" \/>\n\t<meta property=\"og:image:type\" content=\"image\/png\" \/>\n<meta name=\"twitter:card\" content=\"summary_large_image\" \/>\n<script type=\"application\/ld+json\" class=\"yoast-schema-graph\">{\"@context\":\"https:\/\/schema.org\",\"@graph\":[{\"@type\":\"WebPage\",\"@id\":\"https:\/\/pool-house.shop\/de\/product\/badu-omnitronic-r51-3a-2\/\",\"url\":\"https:\/\/pool-house.shop\/de\/product\/badu-omnitronic-r51-3a-2\/\",\"name\":\"Badu OmniTronic R51\/3A 2\\\" - Pool-House\",\"isPartOf\":{\"@id\":\"https:\/\/pool-house.shop\/de\/#website\"},\"primaryImageOfPage\":{\"@id\":\"https:\/\/pool-house.shop\/de\/product\/badu-omnitronic-r51-3a-2\/#primaryimage\"},\"image\":{\"@id\":\"https:\/\/pool-house.shop\/de\/product\/badu-omnitronic-r51-3a-2\/#primaryimage\"},\"thumbnailUrl\":\"https:\/\/pool-house.shop\/wp-content\/uploads\/2025\/03\/032372.png\",\"datePublished\":\"2025-03-03T14:20:26+00:00\",\"breadcrumb\":{\"@id\":\"https:\/\/pool-house.shop\/de\/product\/badu-omnitronic-r51-3a-2\/#breadcrumb\"},\"inLanguage\":\"de\",\"potentialAction\":[{\"@type\":\"ReadAction\",\"target\":[\"https:\/\/pool-house.shop\/de\/product\/badu-omnitronic-r51-3a-2\/\"]}]},{\"@type\":\"ImageObject\",\"inLanguage\":\"de\",\"@id\":\"https:\/\/pool-house.shop\/de\/product\/badu-omnitronic-r51-3a-2\/#primaryimage\",\"url\":\"https:\/\/pool-house.shop\/wp-content\/uploads\/2025\/03\/032372.png\",\"contentUrl\":\"https:\/\/pool-house.shop\/wp-content\/uploads\/2025\/03\/032372.png\",\"width\":900,\"height\":900},{\"@type\":\"BreadcrumbList\",\"@id\":\"https:\/\/pool-house.shop\/de\/product\/badu-omnitronic-r51-3a-2\/#breadcrumb\",\"itemListElement\":[{\"@type\":\"ListItem\",\"position\":1,\"name\":\"Domovsk\u00e1 str\u00e1nka\",\"item\":\"https:\/\/pool-house.shop\/de\/\"},{\"@type\":\"ListItem\",\"position\":2,\"name\":\"Shop\",\"item\":\"https:\/\/pool-house.shop\/de\/shop\/\"},{\"@type\":\"ListItem\",\"position\":3,\"name\":\"Badu OmniTronic R51\/3A 2&#8243;\"}]},{\"@type\":\"WebSite\",\"@id\":\"https:\/\/pool-house.shop\/de\/#website\",\"url\":\"https:\/\/pool-house.shop\/de\/\",\"name\":\"Pool-House\",\"description\":\"\",\"publisher\":{\"@id\":\"https:\/\/pool-house.shop\/de\/#organization\"},\"potentialAction\":[{\"@type\":\"SearchAction\",\"target\":{\"@type\":\"EntryPoint\",\"urlTemplate\":\"https:\/\/pool-house.shop\/de\/?s={search_term_string}\"},\"query-input\":{\"@type\":\"PropertyValueSpecification\",\"valueRequired\":true,\"valueName\":\"search_term_string\"}}],\"inLanguage\":\"de\"},{\"@type\":\"Organization\",\"@id\":\"https:\/\/pool-house.shop\/de\/#organization\",\"name\":\"Pool-House\",\"url\":\"https:\/\/pool-house.shop\/de\/\",\"logo\":{\"@type\":\"ImageObject\",\"inLanguage\":\"de\",\"@id\":\"https:\/\/pool-house.shop\/de\/#\/schema\/logo\/image\/\",\"url\":\"https:\/\/pool-house.shop\/wp-content\/uploads\/2025\/10\/logo-2-stvorec-mobil-modre.png\",\"contentUrl\":\"https:\/\/pool-house.shop\/wp-content\/uploads\/2025\/10\/logo-2-stvorec-mobil-modre.png\",\"width\":273,\"height\":189,\"caption\":\"Pool-House\"},\"image\":{\"@id\":\"https:\/\/pool-house.shop\/de\/#\/schema\/logo\/image\/\"},\"sameAs\":[\"https:\/\/www.facebook.com\/termodomsk\/\"]}]}<\/script>\n<!-- \/ Yoast SEO plugin. -->","yoast_head_json":{"title":"Badu OmniTronic R51\/3A 2\" - Pool-House","robots":{"index":"index","follow":"follow","max-snippet":"max-snippet:-1","max-image-preview":"max-image-preview:large","max-video-preview":"max-video-preview:-1"},"canonical":"https:\/\/pool-house.shop\/de\/product\/badu-omnitronic-r51-3a-2\/","og_locale":"de_DE","og_type":"article","og_title":"Badu OmniTronic R51\/3A 2\" - Pool-House","og_description":"Automatisches Badu OmniTronic Ventil Das Badu OmniTronic Ventil ist ein universelles automatisches Steuerventil, das eine zuverl\u00e4ssige und effiziente Alternative zu manuellen Ventilen darstellt. Es zeichnet sich durch eine einfache und benutzerfreundliche Bedienung aus. Ein digitaler Timer startet den R\u00fccksp\u00fclvorgang in Intervallen oder gem\u00e4\u00df der Programmeinstellung. Es verf\u00fcgt \u00fcber eine einstellbare Filterzeit, einen integrierten Akkumulator und &hellip; Badu OmniTronic R51\/3A 2&#8243;Weiterlesen","og_url":"https:\/\/pool-house.shop\/de\/product\/badu-omnitronic-r51-3a-2\/","og_site_name":"Pool-House","article_publisher":"https:\/\/www.facebook.com\/termodomsk\/","og_image":[{"width":900,"height":900,"url":"https:\/\/pool-house.shop\/wp-content\/uploads\/2025\/03\/032372.png","type":"image\/png"}],"twitter_card":"summary_large_image","schema":{"@context":"https:\/\/schema.org","@graph":[{"@type":"WebPage","@id":"https:\/\/pool-house.shop\/de\/product\/badu-omnitronic-r51-3a-2\/","url":"https:\/\/pool-house.shop\/de\/product\/badu-omnitronic-r51-3a-2\/","name":"Badu OmniTronic R51\/3A 2\" - Pool-House","isPartOf":{"@id":"https:\/\/pool-house.shop\/de\/#website"},"primaryImageOfPage":{"@id":"https:\/\/pool-house.shop\/de\/product\/badu-omnitronic-r51-3a-2\/#primaryimage"},"image":{"@id":"https:\/\/pool-house.shop\/de\/product\/badu-omnitronic-r51-3a-2\/#primaryimage"},"thumbnailUrl":"https:\/\/pool-house.shop\/wp-content\/uploads\/2025\/03\/032372.png","datePublished":"2025-03-03T14:20:26+00:00","breadcrumb":{"@id":"https:\/\/pool-house.shop\/de\/product\/badu-omnitronic-r51-3a-2\/#breadcrumb"},"inLanguage":"de","potentialAction":[{"@type":"ReadAction","target":["https:\/\/pool-house.shop\/de\/product\/badu-omnitronic-r51-3a-2\/"]}]},{"@type":"ImageObject","inLanguage":"de","@id":"https:\/\/pool-house.shop\/de\/product\/badu-omnitronic-r51-3a-2\/#primaryimage","url":"https:\/\/pool-house.shop\/wp-content\/uploads\/2025\/03\/032372.png","contentUrl":"https:\/\/pool-house.shop\/wp-content\/uploads\/2025\/03\/032372.png","width":900,"height":900},{"@type":"BreadcrumbList","@id":"https:\/\/pool-house.shop\/de\/product\/badu-omnitronic-r51-3a-2\/#breadcrumb","itemListElement":[{"@type":"ListItem","position":1,"name":"Domovsk\u00e1 str\u00e1nka","item":"https:\/\/pool-house.shop\/de\/"},{"@type":"ListItem","position":2,"name":"Shop","item":"https:\/\/pool-house.shop\/de\/shop\/"},{"@type":"ListItem","position":3,"name":"Badu OmniTronic R51\/3A 2&#8243;"}]},{"@type":"WebSite","@id":"https:\/\/pool-house.shop\/de\/#website","url":"https:\/\/pool-house.shop\/de\/","name":"Pool-House","description":"","publisher":{"@id":"https:\/\/pool-house.shop\/de\/#organization"},"potentialAction":[{"@type":"SearchAction","target":{"@type":"EntryPoint","urlTemplate":"https:\/\/pool-house.shop\/de\/?s={search_term_string}"},"query-input":{"@type":"PropertyValueSpecification","valueRequired":true,"valueName":"search_term_string"}}],"inLanguage":"de"},{"@type":"Organization","@id":"https:\/\/pool-house.shop\/de\/#organization","name":"Pool-House","url":"https:\/\/pool-house.shop\/de\/","logo":{"@type":"ImageObject","inLanguage":"de","@id":"https:\/\/pool-house.shop\/de\/#\/schema\/logo\/image\/","url":"https:\/\/pool-house.shop\/wp-content\/uploads\/2025\/10\/logo-2-stvorec-mobil-modre.png","contentUrl":"https:\/\/pool-house.shop\/wp-content\/uploads\/2025\/10\/logo-2-stvorec-mobil-modre.png","width":273,"height":189,"caption":"Pool-House"},"image":{"@id":"https:\/\/pool-house.shop\/de\/#\/schema\/logo\/image\/"},"sameAs":["https:\/\/www.facebook.com\/termodomsk\/"]}]}},"_links":{"self":[{"href":"https:\/\/pool-house.shop\/de\/wp-json\/wp\/v2\/product\/6924","targetHints":{"allow":["GET"]}}],"collection":[{"href":"https:\/\/pool-house.shop\/de\/wp-json\/wp\/v2\/product"}],"about":[{"href":"https:\/\/pool-house.shop\/de\/wp-json\/wp\/v2\/types\/product"}],"wp:featuredmedia":[{"embeddable":true,"href":"https:\/\/pool-house.shop\/de\/wp-json\/wp\/v2\/media\/6925"}],"wp:attachment":[{"href":"https:\/\/pool-house.shop\/de\/wp-json\/wp\/v2\/media?parent=6924"}],"wp:term":[{"taxonomy":"product_brand","embeddable":true,"href":"https:\/\/pool-house.shop\/de\/wp-json\/wp\/v2\/product_brand?post=6924"},{"taxonomy":"product_cat","embeddable":true,"href":"https:\/\/pool-house.shop\/de\/wp-json\/wp\/v2\/product_cat?post=6924"},{"taxonomy":"product_tag","embeddable":true,"href":"https:\/\/pool-house.shop\/de\/wp-json\/wp\/v2\/product_tag?post=6924"}],"curies":[{"name":"wp","href":"https:\/\/api.w.org\/{rel}","templated":true}]}}